{"id":268059,"date":"2026-04-02T00:58:15","date_gmt":"2026-04-02T06:58:15","guid":{"rendered":"https:\/\/compuviper.mx\/tienda\/producto\/samsung-ls49dg930snxzx-monitor-led-49-pulgadas-odyssey-g9-g93s-gamer-widescreen-dqhd-5120-x-1440-oled-curvo-dp-hdmi-micro-hdmi-usb-c-max-240-hz-plata\/"},"modified":"2026-04-02T00:58:15","modified_gmt":"2026-04-02T06:58:15","slug":"samsung-ls49dg930snxzx-monitor-led-49-pulgadas-odyssey-g9-g93s-gamer-widescreen-dqhd-5120-x-1440-oled-curvo-dp-hdmi-micro-hdmi-usb-c-max-240-hz-plata","status":"publish","type":"product","link":"https:\/\/compuviper.mx\/tienda\/producto\/samsung-ls49dg930snxzx-monitor-led-49-pulgadas-odyssey-g9-g93s-gamer-widescreen-dqhd-5120-x-1440-oled-curvo-dp-hdmi-micro-hdmi-usb-c-max-240-hz-plata\/","title":{"rendered":"Samsung Ls49dg930snxzx Monitor Led  49 Pulgadas \/ Odyssey G9 G93s Gamer \/ Widescreen \/ Dqhd (5120 X 1440) \/ Oled\/ Curvo \/ Dp\/hdmi\/ Micro Hdmi\/usb-c\/ Max 240 Hz \/ Plata"},"content":{"rendered":"<table class=\"descripcion\">\n<tr>\n<td>Descripci\u00f3n general<\/td>\n<\/tr>\n<tr>\n<td>\u0095 curvatura de la pantalla: 1800r<\/td>\n<\/tr>\n<tr>\n<td>\u0095 relaci\u00f3n de aspecto: 32:9<\/td>\n<\/tr>\n<tr>\n<td>\u0095 brillo (t\u00edpico): 250 cd\/ and #13217;<\/td>\n<\/tr>\n<tr>\n<td>\u0095 relaci\u00f3n de contraste est\u00e1tico: 1,000,000:1<\/td>\n<\/tr>\n<tr>\n<td>\u0095 resoluci\u00f3n: dqhd (5,120 x 1,440)<\/td>\n<\/tr>\n<tr>\n<td>\u0095 tiempo de respuesta: 0.03ms(gtg)<\/td>\n<\/tr>\n<tr>\n<td>\u0095 \u00e1ngulo de visualizaci\u00f3n (h \/ v): 178\/178<\/td>\n<\/tr>\n<tr>\n<td>\u0095 frecuencia de actualizaci\u00f3n: max 240hz<\/td>\n<\/tr>\n<tr>\n<td>Pantalla<\/td>\n<\/tr>\n<tr>\n<td>\u0095 tama\u00f1o de la pantalla (clase): 49<\/td>\n<\/tr>\n<tr>\n<td>\u0095 plana \/ curva: curvo<\/td>\n<\/tr>\n<tr>\n<td>\u0095 tama\u00f1o de \u00e1rea activa (h x v) [mm]: 1,196.7&#215;339.2<\/td>\n<\/tr>\n<tr>\n<td>\u0095 curvatura de la pantalla: 1800r<\/td>\n<\/tr>\n<tr>\n<td>\u0095 relaci\u00f3n de aspecto: 32:9<\/td>\n<\/tr>\n<tr>\n<td>\u0095 tipo de panel: oled<\/td>\n<\/tr>\n<tr>\n<td>\u0095 burn-in cover in warranty: la garant\u00eda cubre problemas de pantalla por uso cotidiano. (pero no est\u00e1n cubiertos por uso comercial, abuso o mal uso)<\/td>\n<\/tr>\n<tr>\n<td>\u0095 brillo (t\u00edpico): 250 cd\/ and #13217;<\/td>\n<\/tr>\n<tr>\n<td>\u0095 brillo (m\u00ednimo): 200 cd\/ and #13217;<\/td>\n<\/tr>\n<tr>\n<td>\u0095 relaci\u00f3n de contraste est\u00e1tico: 1,000,000:1<\/td>\n<\/tr>\n<tr>\n<td>\u0095 hdr (high dynamic range): hdr10<\/td>\n<\/tr>\n<tr>\n<td>\u0095 hdr10+: hdr10+ gaming<\/td>\n<\/tr>\n<tr>\n<td>\u0095 resoluci\u00f3n: dqhd (5,120 x 1,440)<\/td>\n<\/tr>\n<tr>\n<td>\u0095 tiempo de respuesta: 0.03ms(gtg)<\/td>\n<\/tr>\n<tr>\n<td>\u0095 \u00e1ngulo de visualizaci\u00f3n (h \/ v): 178\/178<\/td>\n<\/tr>\n<tr>\n<td>\u0095 soporte de colores: max 1b<\/td>\n<\/tr>\n<tr>\n<td>\u0095 gama de colores (dci coverage): 99% (cie1976)<\/td>\n<\/tr>\n<tr>\n<td>\u0095 frecuencia de actualizaci\u00f3n: max 240hz<\/td>\n<\/tr>\n<tr>\n<td>Caracter\u00edsticas generales<\/td>\n<\/tr>\n<tr>\n<td>\u0095 energy saving solution: s\u00ed<\/td>\n<\/tr>\n<tr>\n<td>\u0095 modo eye saber: s\u00ed<\/td>\n<\/tr>\n<tr>\n<td>\u0095 flicker free: s\u00ed<\/td>\n<\/tr>\n<tr>\n<td>\u0095 picture-in-picture: s\u00ed<\/td>\n<\/tr>\n<tr>\n<td>\u0095 picture-by-picture: s\u00ed<\/td>\n<\/tr>\n<tr>\n<td>\u0095 quantum dot color: s\u00ed<\/td>\n<\/tr>\n<tr>\n<td>\u0095 tama\u00f1o de imagen: s\u00ed<\/td>\n<\/tr>\n<tr>\n<td>\u0095 certificaci\u00f3n windows: windows11<\/td>\n<\/tr>\n<tr>\n<td>\u0095 freesync: freesync premium pro<\/td>\n<\/tr>\n<tr>\n<td>\u0095 g-sync: g-sync compatible<\/td>\n<\/tr>\n<tr>\n<td>\u0095 off timer plus: s\u00ed<\/td>\n<\/tr>\n<tr>\n<td>\u0095 black equalizer: s\u00ed<\/td>\n<\/tr>\n<tr>\n<td>\u0095 virtual aim point: s\u00ed<\/td>\n<\/tr>\n<tr>\n<td>\u0095 core sync: s\u00ed<\/td>\n<\/tr>\n<tr>\n<td>\u0095 super arena gaming ux: s\u00ed<\/td>\n<\/tr>\n<tr>\n<td>\u0095 auto source switch: interruptor de fuente autom\u00e1tica+<\/td>\n<\/tr>\n<tr>\n<td>\u0095<\/td>\n<\/tr>\n<tr>\n<td>Smart service<\/td>\n<\/tr>\n<tr>\n<td>\u0095 smart type: no<\/td>\n<\/tr>\n<tr>\n<td>Interfaz<\/td>\n<\/tr>\n<tr>\n<td>\u0095 displayport: 1 ea<\/td>\n<\/tr>\n<tr>\n<td>\u0095 versi\u00f3n de displayport: 1.4<\/td>\n<\/tr>\n<tr>\n<td>\u0095 hdcp version (dp): 2.2<\/td>\n<\/tr>\n<tr>\n<td>\u0095 hdmi: 1 ea<\/td>\n<\/tr>\n<tr>\n<td>\u0095 versi\u00f3n de hdmi: 2.1<\/td>\n<\/tr>\n<tr>\n<td>\u0095 hdcp version (hdmi): 2.2<\/td>\n<\/tr>\n<tr>\n<td>\u0095 micro hdmi: 1<\/td>\n<\/tr>\n<tr>\n<td>\u0095 micro hdmi version: 2.1<\/td>\n<\/tr>\n<tr>\n<td>\u0095 hdcp version (micro hdmi): 2.2<\/td>\n<\/tr>\n<tr>\n<td>\u0095 aud\u00edfonos: s\u00ed<\/td>\n<\/tr>\n<tr>\n<td>\u0095 hub usb: no<\/td>\n<\/tr>\n<tr>\n<td>\u0095 usb-c: no<\/td>\n<\/tr>\n<tr>\n<td>\u0095 usb-c upstream port (only data): 1<\/td>\n<\/tr>\n<tr>\n<td>\u0095 usb type-c downstream port: 2<\/td>\n<\/tr>\n<tr>\n<td>\u0095 usb type-c downstream version: 3.2 gen1<\/td>\n<\/tr>\n<tr>\n<td>Audio<\/td>\n<\/tr>\n<tr>\n<td>\u0095 altavoces: no<\/td>\n<\/tr>\n<tr>\n<td>Condiciones de operaci\u00f3n<\/td>\n<\/tr>\n<tr>\n<td>\u0095 temperatura: 10~40  and #8451;<\/td>\n<\/tr>\n<tr>\n<td>\u0095 humedad: 10~80 (sin condensaci\u00f3n)<\/td>\n<\/tr>\n<tr>\n<td>Calibraci\u00f3n<\/td>\n<\/tr>\n<tr>\n<td>\u0095 ajustes de f\u00e1brica: s\u00ed<\/td>\n<\/tr>\n<tr>\n<td>\u0095 reporte de calibraci\u00f3n de f\u00e1brica: s\u00ed<\/td>\n<\/tr>\n<tr>\n<td>Dise\u00f1o<\/td>\n<\/tr>\n<tr>\n<td>\u0095 color frontal: plata<\/td>\n<\/tr>\n<tr>\n<td>\u0095 rear color: plata<\/td>\n<\/tr>\n<tr>\n<td>\u0095 stand color: plata<\/td>\n<\/tr>\n<tr>\n<td>\u0095 tipo de base: has<\/td>\n<\/tr>\n<tr>\n<td>\u0095 base de altura ajustable: 120.0 \u00b1 5.0<\/td>\n<\/tr>\n<tr>\n<td>\u0095 inclinaci\u00f3n: -2\u00b0(\u00b12\u00b0) ~ 15\u00b0(\u00b12\u00b0)<\/td>\n<\/tr>\n<tr>\n<td>\u0095 montura de pared: 100 x 100<\/td>\n<\/tr>\n<tr>\n<td>Alimentaci\u00f3n<\/td>\n<\/tr>\n<tr>\n<td>\u0095 alimentaci\u00f3n: ac 100~240v<\/td>\n<\/tr>\n<tr>\n<td>\u0095 consumo de energ\u00eda (m\u00e1ximo): 220 w<\/td>\n<\/tr>\n<tr>\n<td>\u0095 tipo:adaptador externo<\/td>\n<\/tr>\n<tr>\n<td>Dimensiones<\/td>\n<\/tr>\n<tr>\n<td>\u0095 dimensiones del equipo con base (a x al x p):<\/td>\n<\/tr>\n<tr>\n<td>1194.7 x 529.3 x 284.1 mm<\/td>\n<\/tr>\n<tr>\n<td>\u0095 dimensiones del equipo sin base (a x al x p):<\/td>\n<\/tr>\n<tr>\n<td>1194.7 x 365 x 180.8 mm<\/td>\n<\/tr>\n<tr>\n<td>\u0095 dimensiones del paquete (a x al x p):<\/td>\n<\/tr>\n<tr>\n<td>1352 x 240 x 474 mm<\/td>\n<\/tr>\n<tr>\n<td>Peso (g)<\/td>\n<\/tr>\n<tr>\n<td>\u0095 peso del equipo con base: 12.9 kg<\/td>\n<\/tr>\n<tr>\n<td>\u0095 peso del equipo sin base: 9.2 kg<\/td>\n<\/tr>\n<tr>\n<td>\u0095 peso del paquete: 18.5 kg<\/td>\n<\/tr>\n<tr>\n<td>Accesorios<\/td>\n<\/tr>\n<tr>\n<td>\u0095 longitud del cable de alimentaci\u00f3n: 1.5 m<\/td>\n<\/tr>\n<tr>\n<td>\u0095 cable dp: s\u00ed<\/td>\n<\/tr>\n<tr>\n<td>\u0095 usb type-c to type-a gender cable: s\u00ed<\/td>\n<\/tr>\n<tr>\n<td>Certificaci\u00f3n y conformidad<\/td>\n<\/tr>\n<tr>\n<td>\u0095 ul glare free: s\u00ed<\/td>\n<\/tr>\n<tr>\n<td>\u0095 pantone validated: s\u00ed<\/td>\n<\/tr>\n<\/table>\n","protected":false},"excerpt":{"rendered":"<p>Supera a los oponentes con una velocidad suprema. Frecuencia de actualizaci\u00f3n de 240 hz y tiempo de respuesta de 0.03 ms (gtg. Esquiva, contrarresta y participa m\u00e1s r\u00e1pido que el resto. La tecnolog\u00eda oled ofrece un tiempo de reacci\u00f3n casi instant\u00e1neo con un tiempo de respuesta de 0.03 ms (gtg). Las conexiones hdmi 2.1 y displayport te mantienen por delante de la competencia con la frecuencia de actualizaci\u00f3n de 240 hz. Los milisegundos importan cuando te enfrentas a los mejores.2<\/p>\n","protected":false},"featured_media":0,"comment_status":"open","ping_status":"open","template":"","meta":[],"product_cat":[1741,1740],"product_tag":[1743],"acf":[],"yoast_head":"<!-- This site is optimized with the Yoast SEO plugin v21.7 - https:\/\/yoast.com\/wordpress\/plugins\/seo\/ -->\n<title>[ Samsung ] &#129351; Ls49dg930snxzx Monitor Led 49 Pulgadas \/ Odyssey G9 G93s Gamer \/ Widescreen \/ Dqhd (5120 X 1440) \/ Oled\/ Curvo \/ Dp\/hdmi\/ Micro Hdmi\/usb-c\/ Max 240 Hz \/ Plata<\/title>\n<meta name=\"description\" content=\"Compra Ls49dg930snxzx Monitor Led 49 Pulgadas \/ Odyssey G9 G93s Gamer \/ Widescreen \/ Dqhd (5120 X 1440) \/ Oled\/ Curvo \/ Dp\/hdmi\/ Micro Hdmi\/usb-c\/ Max 240 Hz \/ Plata + Env\u00edo a domicilio + Pago seguro + Garant\u00eda\" \/>\n<meta name=\"robots\" content=\"index, follow, max-snippet:-1, max-image-preview:large, max-video-preview:-1\" \/>\n<link rel=\"canonical\" href=\"https:\/\/compuviper.mx\/tienda\/producto\/samsung-ls49dg930snxzx-monitor-led-49-pulgadas-odyssey-g9-g93s-gamer-widescreen-dqhd-5120-x-1440-oled-curvo-dp-hdmi-micro-hdmi-usb-c-max-240-hz-plata\/\" \/>\n<meta property=\"og:locale\" content=\"es_MX\" \/>\n<meta property=\"og:type\" content=\"article\" \/>\n<meta property=\"og:title\" content=\"[ Samsung ] &#129351; Ls49dg930snxzx Monitor Led 49 Pulgadas \/ Odyssey G9 G93s Gamer \/ Widescreen \/ Dqhd (5120 X 1440) \/ Oled\/ Curvo \/ Dp\/hdmi\/ Micro Hdmi\/usb-c\/ Max 240 Hz \/ Plata\" \/>\n<meta property=\"og:description\" content=\"Compra Ls49dg930snxzx Monitor Led 49 Pulgadas \/ Odyssey G9 G93s Gamer \/ Widescreen \/ Dqhd (5120 X 1440) \/ Oled\/ Curvo \/ Dp\/hdmi\/ Micro Hdmi\/usb-c\/ Max 240 Hz \/ Plata + Env\u00edo a domicilio + Pago seguro + Garant\u00eda\" \/>\n<meta property=\"og:url\" content=\"https:\/\/compuviper.mx\/tienda\/producto\/samsung-ls49dg930snxzx-monitor-led-49-pulgadas-odyssey-g9-g93s-gamer-widescreen-dqhd-5120-x-1440-oled-curvo-dp-hdmi-micro-hdmi-usb-c-max-240-hz-plata\/\" \/>\n<meta property=\"og:site_name\" content=\"Compuviper\" \/>\n<meta property=\"article:publisher\" content=\"https:\/\/www.facebook.com\/compuviper\" \/>\n<meta name=\"twitter:card\" content=\"summary_large_image\" \/>\n<meta name=\"twitter:label1\" content=\"Precio\" \/>\n\t<meta name=\"twitter:data1\" content=\"&#36;18,220 con IVA\" \/>\n\t<meta name=\"twitter:label2\" content=\"Availability\" \/>\n\t<meta name=\"twitter:data2\" content=\"Out of stock\" \/>\n<script type=\"application\/ld+json\" class=\"yoast-schema-graph\">{\"@context\":\"https:\/\/schema.org\",\"@graph\":[{\"@type\":\"WebPage\",\"@id\":\"https:\/\/compuviper.mx\/tienda\/producto\/samsung-ls49dg930snxzx-monitor-led-49-pulgadas-odyssey-g9-g93s-gamer-widescreen-dqhd-5120-x-1440-oled-curvo-dp-hdmi-micro-hdmi-usb-c-max-240-hz-plata\/\",\"url\":\"https:\/\/compuviper.mx\/tienda\/producto\/samsung-ls49dg930snxzx-monitor-led-49-pulgadas-odyssey-g9-g93s-gamer-widescreen-dqhd-5120-x-1440-oled-curvo-dp-hdmi-micro-hdmi-usb-c-max-240-hz-plata\/\",\"name\":\"[ Samsung ] &#129351; Ls49dg930snxzx Monitor Led 49 Pulgadas \/ Odyssey G9 G93s Gamer \/ Widescreen \/ Dqhd (5120 X 1440) \/ Oled\/ Curvo \/ Dp\/hdmi\/ Micro Hdmi\/usb-c\/ Max 240 Hz \/ Plata\",\"isPartOf\":{\"@id\":\"https:\/\/compuviper.mx\/tienda\/#website\"},\"datePublished\":\"2026-04-02T06:58:15+00:00\",\"dateModified\":\"2026-04-02T06:58:15+00:00\",\"description\":\"Compra Ls49dg930snxzx Monitor Led 49 Pulgadas \/ Odyssey G9 G93s Gamer \/ Widescreen \/ Dqhd (5120 X 1440) \/ Oled\/ Curvo \/ Dp\/hdmi\/ Micro Hdmi\/usb-c\/ Max 240 Hz \/ Plata + Env\u00edo a domicilio + Pago seguro + Garant\u00eda\",\"breadcrumb\":{\"@id\":\"https:\/\/compuviper.mx\/tienda\/producto\/samsung-ls49dg930snxzx-monitor-led-49-pulgadas-odyssey-g9-g93s-gamer-widescreen-dqhd-5120-x-1440-oled-curvo-dp-hdmi-micro-hdmi-usb-c-max-240-hz-plata\/#breadcrumb\"},\"inLanguage\":\"es-MX\",\"potentialAction\":[{\"@type\":\"ReadAction\",\"target\":[\"https:\/\/compuviper.mx\/tienda\/producto\/samsung-ls49dg930snxzx-monitor-led-49-pulgadas-odyssey-g9-g93s-gamer-widescreen-dqhd-5120-x-1440-oled-curvo-dp-hdmi-micro-hdmi-usb-c-max-240-hz-plata\/\"]}]},{\"@type\":\"BreadcrumbList\",\"@id\":\"https:\/\/compuviper.mx\/tienda\/producto\/samsung-ls49dg930snxzx-monitor-led-49-pulgadas-odyssey-g9-g93s-gamer-widescreen-dqhd-5120-x-1440-oled-curvo-dp-hdmi-micro-hdmi-usb-c-max-240-hz-plata\/#breadcrumb\",\"itemListElement\":[{\"@type\":\"ListItem\",\"position\":1,\"name\":\"Inicio\",\"item\":\"https:\/\/compuviper.mx\/tienda\/\"},{\"@type\":\"ListItem\",\"position\":2,\"name\":\"Productos\",\"item\":\"https:\/\/compuviper.mx\/tienda\/productos\/\"},{\"@type\":\"ListItem\",\"position\":3,\"name\":\"Monitores\",\"item\":\"https:\/\/compuviper.mx\/tienda\/categoria-producto\/monitores\/\"},{\"@type\":\"ListItem\",\"position\":4,\"name\":\"Led\",\"item\":\"https:\/\/compuviper.mx\/tienda\/categoria-producto\/monitores\/led\/\"},{\"@type\":\"ListItem\",\"position\":5,\"name\":\"Samsung Ls49dg930snxzx Monitor Led 49 Pulgadas \/ Odyssey G9 G93s Gamer \/ Widescreen \/ Dqhd (5120 X 1440) \/ Oled\/ Curvo \/ Dp\/hdmi\/ Micro Hdmi\/usb-c\/ Max 240 Hz \/ Plata\"}]},{\"@type\":\"WebSite\",\"@id\":\"https:\/\/compuviper.mx\/tienda\/#website\",\"url\":\"https:\/\/compuviper.mx\/tienda\/\",\"name\":\"Compuviper\",\"description\":\"Proveedor de Computadoras, Laptops, Servidores, Monitores, Puntos de Venta, Teclados,   Impresoras, T\u00f3ner, C\u00e1maras de Seguridad y m\u00e1s en tu tienda en l\u00ednea\",\"publisher\":{\"@id\":\"https:\/\/compuviper.mx\/tienda\/#organization\"},\"potentialAction\":[{\"@type\":\"SearchAction\",\"target\":{\"@type\":\"EntryPoint\",\"urlTemplate\":\"https:\/\/compuviper.mx\/tienda\/?s={search_term_string}\"},\"query-input\":\"required name=search_term_string\"}],\"inLanguage\":\"es-MX\"},{\"@type\":\"Organization\",\"@id\":\"https:\/\/compuviper.mx\/tienda\/#organization\",\"name\":\"Compuviper\",\"url\":\"https:\/\/compuviper.mx\/tienda\/\",\"logo\":{\"@type\":\"ImageObject\",\"inLanguage\":\"es-MX\",\"@id\":\"https:\/\/compuviper.mx\/tienda\/#\/schema\/logo\/image\/\",\"url\":\"https:\/\/compuviper.mx\/tienda\/wp-content\/uploads\/2021\/08\/Logo-Compuviper-10.png\",\"contentUrl\":\"https:\/\/compuviper.mx\/tienda\/wp-content\/uploads\/2021\/08\/Logo-Compuviper-10.png\",\"width\":1000,\"height\":500,\"caption\":\"Compuviper\"},\"image\":{\"@id\":\"https:\/\/compuviper.mx\/tienda\/#\/schema\/logo\/image\/\"},\"sameAs\":[\"https:\/\/www.facebook.com\/compuviper\",\"https:\/\/www.youtube.com\/channel\/UCf73dERp9Y3cfOq7q8BhLjA?view_as=subscriber\"]}]}<\/script>\n<meta property=\"product:brand\" content=\"SAMSUNG\" \/>\n<meta property=\"product:price:amount\" content=\"18220\" \/>\n<meta property=\"product:price:currency\" content=\"MXN\" \/>\n<meta property=\"og:availability\" content=\"out of stock\" \/>\n<meta property=\"product:availability\" content=\"out of stock\" \/>\n<meta property=\"product:retailer_item_id\" content=\"LS49DG930SNXZX\" \/>\n<meta property=\"product:condition\" content=\"new\" \/>\n<!-- \/ Yoast SEO plugin. -->","yoast_head_json":{"title":"[ Samsung ] &#129351; Ls49dg930snxzx Monitor Led 49 Pulgadas \/ Odyssey G9 G93s Gamer \/ Widescreen \/ Dqhd (5120 X 1440) \/ Oled\/ Curvo \/ Dp\/hdmi\/ Micro Hdmi\/usb-c\/ Max 240 Hz \/ Plata","description":"Compra Ls49dg930snxzx Monitor Led 49 Pulgadas \/ Odyssey G9 G93s Gamer \/ Widescreen \/ Dqhd (5120 X 1440) \/ Oled\/ Curvo \/ Dp\/hdmi\/ Micro Hdmi\/usb-c\/ Max 240 Hz \/ Plata + Env\u00edo a domicilio + Pago seguro + Garant\u00eda","robots":{"index":"index","follow":"follow","max-snippet":"max-snippet:-1","max-image-preview":"max-image-preview:large","max-video-preview":"max-video-preview:-1"},"canonical":"https:\/\/compuviper.mx\/tienda\/producto\/samsung-ls49dg930snxzx-monitor-led-49-pulgadas-odyssey-g9-g93s-gamer-widescreen-dqhd-5120-x-1440-oled-curvo-dp-hdmi-micro-hdmi-usb-c-max-240-hz-plata\/","og_locale":"es_MX","og_type":"article","og_title":"[ Samsung ] &#129351; Ls49dg930snxzx Monitor Led 49 Pulgadas \/ Odyssey G9 G93s Gamer \/ Widescreen \/ Dqhd (5120 X 1440) \/ Oled\/ Curvo \/ Dp\/hdmi\/ Micro Hdmi\/usb-c\/ Max 240 Hz \/ Plata","og_description":"Compra Ls49dg930snxzx Monitor Led 49 Pulgadas \/ Odyssey G9 G93s Gamer \/ Widescreen \/ Dqhd (5120 X 1440) \/ Oled\/ Curvo \/ Dp\/hdmi\/ Micro Hdmi\/usb-c\/ Max 240 Hz \/ Plata + Env\u00edo a domicilio + Pago seguro + Garant\u00eda","og_url":"https:\/\/compuviper.mx\/tienda\/producto\/samsung-ls49dg930snxzx-monitor-led-49-pulgadas-odyssey-g9-g93s-gamer-widescreen-dqhd-5120-x-1440-oled-curvo-dp-hdmi-micro-hdmi-usb-c-max-240-hz-plata\/","og_site_name":"Compuviper","article_publisher":"https:\/\/www.facebook.com\/compuviper","twitter_card":"summary_large_image","twitter_misc":{"Precio":"&#36;18,220 con IVA","Availability":"Out of stock"},"schema":{"@context":"https:\/\/schema.org","@graph":[{"@type":"WebPage","@id":"https:\/\/compuviper.mx\/tienda\/producto\/samsung-ls49dg930snxzx-monitor-led-49-pulgadas-odyssey-g9-g93s-gamer-widescreen-dqhd-5120-x-1440-oled-curvo-dp-hdmi-micro-hdmi-usb-c-max-240-hz-plata\/","url":"https:\/\/compuviper.mx\/tienda\/producto\/samsung-ls49dg930snxzx-monitor-led-49-pulgadas-odyssey-g9-g93s-gamer-widescreen-dqhd-5120-x-1440-oled-curvo-dp-hdmi-micro-hdmi-usb-c-max-240-hz-plata\/","name":"[ Samsung ] &#129351; Ls49dg930snxzx Monitor Led 49 Pulgadas \/ Odyssey G9 G93s Gamer \/ Widescreen \/ Dqhd (5120 X 1440) \/ Oled\/ Curvo \/ Dp\/hdmi\/ Micro Hdmi\/usb-c\/ Max 240 Hz \/ Plata","isPartOf":{"@id":"https:\/\/compuviper.mx\/tienda\/#website"},"datePublished":"2026-04-02T06:58:15+00:00","dateModified":"2026-04-02T06:58:15+00:00","description":"Compra Ls49dg930snxzx Monitor Led 49 Pulgadas \/ Odyssey G9 G93s Gamer \/ Widescreen \/ Dqhd (5120 X 1440) \/ Oled\/ Curvo \/ Dp\/hdmi\/ Micro Hdmi\/usb-c\/ Max 240 Hz \/ Plata + Env\u00edo a domicilio + Pago seguro + Garant\u00eda","breadcrumb":{"@id":"https:\/\/compuviper.mx\/tienda\/producto\/samsung-ls49dg930snxzx-monitor-led-49-pulgadas-odyssey-g9-g93s-gamer-widescreen-dqhd-5120-x-1440-oled-curvo-dp-hdmi-micro-hdmi-usb-c-max-240-hz-plata\/#breadcrumb"},"inLanguage":"es-MX","potentialAction":[{"@type":"ReadAction","target":["https:\/\/compuviper.mx\/tienda\/producto\/samsung-ls49dg930snxzx-monitor-led-49-pulgadas-odyssey-g9-g93s-gamer-widescreen-dqhd-5120-x-1440-oled-curvo-dp-hdmi-micro-hdmi-usb-c-max-240-hz-plata\/"]}]},{"@type":"BreadcrumbList","@id":"https:\/\/compuviper.mx\/tienda\/producto\/samsung-ls49dg930snxzx-monitor-led-49-pulgadas-odyssey-g9-g93s-gamer-widescreen-dqhd-5120-x-1440-oled-curvo-dp-hdmi-micro-hdmi-usb-c-max-240-hz-plata\/#breadcrumb","itemListElement":[{"@type":"ListItem","position":1,"name":"Inicio","item":"https:\/\/compuviper.mx\/tienda\/"},{"@type":"ListItem","position":2,"name":"Productos","item":"https:\/\/compuviper.mx\/tienda\/productos\/"},{"@type":"ListItem","position":3,"name":"Monitores","item":"https:\/\/compuviper.mx\/tienda\/categoria-producto\/monitores\/"},{"@type":"ListItem","position":4,"name":"Led","item":"https:\/\/compuviper.mx\/tienda\/categoria-producto\/monitores\/led\/"},{"@type":"ListItem","position":5,"name":"Samsung Ls49dg930snxzx Monitor Led 49 Pulgadas \/ Odyssey G9 G93s Gamer \/ Widescreen \/ Dqhd (5120 X 1440) \/ Oled\/ Curvo \/ Dp\/hdmi\/ Micro Hdmi\/usb-c\/ Max 240 Hz \/ Plata"}]},{"@type":"WebSite","@id":"https:\/\/compuviper.mx\/tienda\/#website","url":"https:\/\/compuviper.mx\/tienda\/","name":"Compuviper","description":"Proveedor de Computadoras, Laptops, Servidores, Monitores, Puntos de Venta, Teclados,   Impresoras, T\u00f3ner, C\u00e1maras de Seguridad y m\u00e1s en tu tienda en l\u00ednea","publisher":{"@id":"https:\/\/compuviper.mx\/tienda\/#organization"},"potentialAction":[{"@type":"SearchAction","target":{"@type":"EntryPoint","urlTemplate":"https:\/\/compuviper.mx\/tienda\/?s={search_term_string}"},"query-input":"required name=search_term_string"}],"inLanguage":"es-MX"},{"@type":"Organization","@id":"https:\/\/compuviper.mx\/tienda\/#organization","name":"Compuviper","url":"https:\/\/compuviper.mx\/tienda\/","logo":{"@type":"ImageObject","inLanguage":"es-MX","@id":"https:\/\/compuviper.mx\/tienda\/#\/schema\/logo\/image\/","url":"https:\/\/compuviper.mx\/tienda\/wp-content\/uploads\/2021\/08\/Logo-Compuviper-10.png","contentUrl":"https:\/\/compuviper.mx\/tienda\/wp-content\/uploads\/2021\/08\/Logo-Compuviper-10.png","width":1000,"height":500,"caption":"Compuviper"},"image":{"@id":"https:\/\/compuviper.mx\/tienda\/#\/schema\/logo\/image\/"},"sameAs":["https:\/\/www.facebook.com\/compuviper","https:\/\/www.youtube.com\/channel\/UCf73dERp9Y3cfOq7q8BhLjA?view_as=subscriber"]}]},"product_brand":"SAMSUNG","product_price_amount":"18220","product_price_currency":"MXN","og_availability":"out of stock","product_availability":"out of stock","product_retailer_item_id":"LS49DG930SNXZX","product_condition":"new"},"_links":{"self":[{"href":"https:\/\/compuviper.mx\/tienda\/wp-json\/wp\/v2\/product\/268059"}],"collection":[{"href":"https:\/\/compuviper.mx\/tienda\/wp-json\/wp\/v2\/product"}],"about":[{"href":"https:\/\/compuviper.mx\/tienda\/wp-json\/wp\/v2\/types\/product"}],"replies":[{"embeddable":true,"href":"https:\/\/compuviper.mx\/tienda\/wp-json\/wp\/v2\/comments?post=268059"}],"wp:attachment":[{"href":"https:\/\/compuviper.mx\/tienda\/wp-json\/wp\/v2\/media?parent=268059"}],"wp:term":[{"taxonomy":"product_cat","embeddable":true,"href":"https:\/\/compuviper.mx\/tienda\/wp-json\/wp\/v2\/product_cat?post=268059"},{"taxonomy":"product_tag","embeddable":true,"href":"https:\/\/compuviper.mx\/tienda\/wp-json\/wp\/v2\/product_tag?post=268059"}],"curies":[{"name":"wp","href":"https:\/\/api.w.org\/{rel}","templated":true}]}}