{"id":268057,"date":"2026-04-02T00:58:11","date_gmt":"2026-04-02T06:58:11","guid":{"rendered":"https:\/\/compuviper.mx\/tienda\/producto\/lg-50ul5q-monitor-de-sealizacion-digital-de-50-p-uso-24-7-brillo-500-nits-8ms-60hz-hdmi-3-hdcp-2-1-1-4-rs232-rj45-usb-a-2-0-salida-de-audio-salida-rs232-webos-6-1\/"},"modified":"2026-04-02T00:58:12","modified_gmt":"2026-04-02T06:58:12","slug":"lg-50ul5q-monitor-de-sealizacion-digital-de-50-p-uso-24-7-brillo-500-nits-8ms-60hz-hdmi-3-hdcp-2-1-1-4-rs232-rj45-usb-a-2-0-salida-de-audio-salida-rs232-webos-6-1","status":"publish","type":"product","link":"https:\/\/compuviper.mx\/tienda\/producto\/lg-50ul5q-monitor-de-sealizacion-digital-de-50-p-uso-24-7-brillo-500-nits-8ms-60hz-hdmi-3-hdcp-2-1-1-4-rs232-rj45-usb-a-2-0-salida-de-audio-salida-rs232-webos-6-1\/","title":{"rendered":"Lg 50ul5q Monitor De Se?alizacion Digital  De 50 P Uso 24\/7 Brillo 500 Nits, 8ms 60hz Hdmi 3 Hdcp 2.1\/1.4 Rs232 Rj45 Usb A 2.0 Salida De Audio Salida Rs232, Webos 6.1"},"content":{"rendered":"<table class=\"descripcion\">\n<tr>\n<td>Panel<\/td>\n<\/tr>\n<tr>\n<td>Tama\u00f1o de pantalla (pulgadas)<\/td>\n<\/tr>\n<tr>\n<td>50<\/td>\n<\/tr>\n<tr>\n<td>Tecnolog\u00eda de paneles<\/td>\n<\/tr>\n<tr>\n<td>Va<\/td>\n<\/tr>\n<tr>\n<td>Relaci\u00f3n de aspecto<\/td>\n<\/tr>\n<tr>\n<td>16:9<\/td>\n<\/tr>\n<tr>\n<td>Resoluci\u00f3n nativa<\/td>\n<\/tr>\n<tr>\n<td>3840 x 2160 (uhd)<\/td>\n<\/tr>\n<tr>\n<td>Frecuencia de actualizaci\u00f3n<\/td>\n<\/tr>\n<tr>\n<td>60hz<\/td>\n<\/tr>\n<tr>\n<td>Brillo<\/td>\n<\/tr>\n<tr>\n<td>500 nit (t\u00edp.)<\/td>\n<\/tr>\n<tr>\n<td>Relaci\u00f3n de contraste<\/td>\n<\/tr>\n<tr>\n<td>4,500:1<\/td>\n<\/tr>\n<tr>\n<td>Gama de colores<\/td>\n<\/tr>\n<tr>\n<td>Dci 80%<\/td>\n<\/tr>\n<tr>\n<td>Tiempo de respuesta<\/td>\n<\/tr>\n<tr>\n<td>8 ms (g a g)<\/td>\n<\/tr>\n<tr>\n<td>Vida \u00fatil<\/td>\n<\/tr>\n<tr>\n<td>30,000 hrs (min)<\/td>\n<\/tr>\n<tr>\n<td>Conectividad<\/td>\n<\/tr>\n<tr>\n<td>Entrada hdmi<\/td>\n<\/tr>\n<tr>\n<td>O(3), hdcp 2.2\/1.4<\/td>\n<\/tr>\n<tr>\n<td>Entrada rs232c<\/td>\n<\/tr>\n<tr>\n<td>O(1), conector jack de 4 pines<\/td>\n<\/tr>\n<tr>\n<td>Entrada usb<\/td>\n<\/tr>\n<tr>\n<td>Usb 2.0 tipo a (2)<\/td>\n<\/tr>\n<tr>\n<td>Salida rs232c<\/td>\n<\/tr>\n<tr>\n<td>O<\/td>\n<\/tr>\n<tr>\n<td>Especificaciones mec\u00e1nicas<\/td>\n<\/tr>\n<tr>\n<td>Peso (cabezal + soporte)<\/td>\n<\/tr>\n<tr>\n<td>Dimensiones de la caja (ancho x alto x profundidad)<\/td>\n<\/tr>\n<tr>\n<td>1255 x 118 x 760<\/td>\n<\/tr>\n<tr>\n<td>Caracter\u00edstica \u0096 hardware<\/td>\n<\/tr>\n<tr>\n<td>Memoria interna (emmc)<\/td>\n<\/tr>\n<tr>\n<td>8 gb<\/td>\n<\/tr>\n<tr>\n<td>Sensor de temperatura<\/td>\n<\/tr>\n<tr>\n<td>O<\/td>\n<\/tr>\n<tr>\n<td>Sensor de brillo autom\u00e1tico<\/td>\n<\/tr>\n<tr>\n<td>O<\/td>\n<\/tr>\n<tr>\n<td>Sensor de aceleraci\u00f3n (giroscopio)<\/td>\n<\/tr>\n<tr>\n<td>O<\/td>\n<\/tr>\n<tr>\n<td>Caracter\u00edstica \u0096 software<\/td>\n<\/tr>\n<tr>\n<td>Programaci\u00f3n de contenidos locales<\/td>\n<\/tr>\n<tr>\n<td>O<\/td>\n<\/tr>\n<tr>\n<td>Usb plug  and  play<\/td>\n<\/tr>\n<tr>\n<td>O<\/td>\n<\/tr>\n<tr>\n<td>Imagen del logotipo de arranque<\/td>\n<\/tr>\n<tr>\n<td>O<\/td>\n<\/tr>\n<tr>\n<td>Sincronizaci\u00f3n de red local<\/td>\n<\/tr>\n<tr>\n<td>O<\/td>\n<\/tr>\n<tr>\n<td>Compartir pantalla<\/td>\n<\/tr>\n<tr>\n<td>O<\/td>\n<\/tr>\n<tr>\n<td>Etiqueta de video<\/td>\n<\/tr>\n<tr>\n<td>O (4, m\u00e1ximo una entrada hdmi)<\/td>\n<\/tr>\n<tr>\n<td>Rotaci\u00f3n de pantalla<\/td>\n<\/tr>\n<tr>\n<td>O<\/td>\n<\/tr>\n<tr>\n<td>Rotaci\u00f3n de entrada externa<\/td>\n<\/tr>\n<tr>\n<td>O<\/td>\n<\/tr>\n<tr>\n<td>Configuraci\u00f3n del modo mosaico<\/td>\n<\/tr>\n<tr>\n<td>O<\/td>\n<\/tr>\n<tr>\n<td>Snmp<\/td>\n<\/tr>\n<tr>\n<td>O<\/td>\n<\/tr>\n<tr>\n<td>Administrador de control<\/td>\n<\/tr>\n<tr>\n<td>O<\/td>\n<\/tr>\n<tr>\n<td>Modo pm<\/td>\n<\/tr>\n<tr>\n<td>O<\/td>\n<\/tr>\n<tr>\n<td>Hdmi-cec<\/td>\n<\/tr>\n<tr>\n<td>O<\/td>\n<\/tr>\n<tr>\n<td>Webrtc<\/td>\n<\/tr>\n<tr>\n<td>O<\/td>\n<\/tr>\n<tr>\n<td>Energ\u00eda<\/td>\n<\/tr>\n<tr>\n<td>Fuente de alimentaci\u00f3n<\/td>\n<\/tr>\n<tr>\n<td>Ac 100\u0096240v~, 50\/60hz<\/td>\n<\/tr>\n<tr>\n<td>Tipo de alimentaci\u00f3n<\/td>\n<\/tr>\n<tr>\n<td>Potencia integrada<\/td>\n<\/tr>\n<tr>\n<td>Consumo de energ\u00eda<\/td>\n<\/tr>\n<tr>\n<td>T\u00edp.<\/td>\n<\/tr>\n<tr>\n<td>115 w<\/td>\n<\/tr>\n<tr>\n<td>M\u00e1x.<\/td>\n<\/tr>\n<tr>\n<td>179 w<\/td>\n<\/tr>\n<tr>\n<td>Btu (unidad t\u00e9rmica brit\u00e1nica)<\/td>\n<\/tr>\n<tr>\n<td>392.4 btu\/hr (typ.), 610.8 btu\/hr (max.)<\/td>\n<\/tr>\n<tr>\n<td>Dpm<\/td>\n<\/tr>\n<tr>\n<td>0.5 w<\/td>\n<\/tr>\n<tr>\n<td>Certificaci\u00f3n<\/td>\n<\/tr>\n<tr>\n<td>Seguridad<\/td>\n<\/tr>\n<tr>\n<td>Cb<\/td>\n<\/tr>\n<tr>\n<td>Emc<\/td>\n<\/tr>\n<tr>\n<td>Clase \u00abb\u00bb de la fcc \/ ce<\/td>\n<\/tr>\n<tr>\n<td>Compatibilidad de software<\/td>\n<\/tr>\n<tr>\n<td>Supersign cms<\/td>\n<\/tr>\n<tr>\n<td>O<\/td>\n<\/tr>\n<tr>\n<td>Supersign control+<\/td>\n<\/tr>\n<tr>\n<td>O<\/td>\n<\/tr>\n<tr>\n<td>Supersign wb<\/td>\n<\/tr>\n<tr>\n<td>O<\/td>\n<\/tr>\n<tr>\n<td>Connected care<\/td>\n<\/tr>\n<tr>\n<td>O<\/td>\n<\/tr>\n<tr>\n<td>Idioma<\/td>\n<\/tr>\n<tr>\n<td>Osd<\/td>\n<\/tr>\n<tr>\n<td>Ingl\u00e9s, franc\u00e9s, alem\u00e1n, espa\u00f1ol, italiano, coreano, chino (simplificado), chino (original), portugu\u00e9s (brasil), sueco, fin\u00e9s, noruego, dan\u00e9s, ruso, japon\u00e9s, portugu\u00e9s (europa), neerland\u00e9s, checo, griego, turco, \u00e1rabe, polaco.<\/td>\n<\/tr>\n<tr>\n<td>Accesorio<\/td>\n<\/tr>\n<tr>\n<td>B\u00e1sico<\/td>\n<\/tr>\n<tr>\n<td>Mando a distancia (incluye 2 pilas), cable de alimentaci\u00f3n, libro de normas, gu\u00eda de configuraci\u00f3n f\u00e1cil, tarjeta de garant\u00eda, adaptador de tel\u00e9fono a d-sub9.<\/td>\n<\/tr>\n<\/table>\n","protected":false},"excerpt":{"rendered":"<p>Lg webos uhd signage para operaci\u00f3n 24\/7. Excelente calidad de imagen con resoluci\u00f3n ultra hd. La serie ul5q-e, con resoluci\u00f3n uhd, mejora el realismo de los colores y los detalles del contenido. Su amplio \u00e1ngulo de visi\u00f3n ofrece im\u00e1genes n\u00edtidas, mientras que su brillo de 500 nits muestra el contenido con gran viveza. Alto rendimiento con lg webos 6.1. Lg webos 6.1 est\u00e1 disponible en la serie ul5q-e para una ejecuci\u00f3n fluida de m\u00faltiples tareas. La plataforma de se\u00f1alizaci\u00f3n inteligente lg webos mejora la comodidad del usuario con una interfaz gr\u00e1fica de usuario intuitiva*. *gui: interfaz gr\u00e1fica de usuario. Even bezel design. La serie ul5q-e cuenta con biseles uniformes, lo que mejora el atractivo est\u00e9tico de diversos espacios. Estos biseles uniformes no solo facilitan la instalaci\u00f3n, sino que tambi\u00e9n transforman las pantallas est\u00e1ndar en elegantes puntos focales. Experiencia de visualizaci\u00f3n adaptativa. Disfruta de la flexibilidad que ofrece la funci\u00f3n de inclinaci\u00f3n hacia arriba y hacia abajo de la serie ul5q-e. Tanto si se monta en alto como en bajo, la pantalla se puede ajustar a la altura de los ojos, lo que permite captar la atenci\u00f3n del espectador independientemente de la altura de instalaci\u00f3n. Esta versatilidad no solo mejora la eficiencia espacial, sino que tambi\u00e9n proporciona comodidad visual, ya que ofrece informaci\u00f3n clara desde diversos \u00e1ngulos de visi\u00f3n. **esta pantalla se inclina hacia arriba\/abajo hasta 15 grados; no exceda este rango para evitar da\u00f1os. Dise\u00f1ado para funcionar las 24 horas del d\u00eda, los 7 d\u00edas de la semana. Dise\u00f1ada para entornos que nunca descansan, la serie ul5q-e cuenta con una tecnolog\u00eda de panel que permite un funcionamiento ininterrumpido. La serie ul5q-e incluye el mismo periodo de garant\u00eda est\u00e1ndar que otros modelos de se\u00f1alizaci\u00f3n y ofrece una garant\u00eda ampliada opcional, que proporciona una cobertura de hasta 5 a\u00f1os en total. Si se adquiere la garant\u00eda ampliada, la cobertura finaliza cuando se alcanzan las 30,000 horas de uso o cuando expira el periodo de 5 a\u00f1os, lo que ocurra primero. Sensor de brillo incluido. El sensor de brillo montado en la parte frontal de la serie ul5q-e ajusta autom\u00e1ticamente el brillo para adaptarse a diversas condiciones de iluminaci\u00f3n, optimizando la calidad de visualizaci\u00f3n y la eficiencia energ\u00e9tica sin intervenci\u00f3n manual. Esta funci\u00f3n adaptativa ofrece un rendimiento de visualizaci\u00f3n constante, al tiempo que permite optimizar el consumo de energ\u00eda, proporcionando una experiencia visual que responde din\u00e1micamente a los cambios del entorno. Arquitectura de seguridad avanzada. La serie ul5q-e incorpora la tecnolog\u00eda enhanced kernel protection (ekp) de lg, que protege los datos cr\u00edticos contra el acceso no autorizado y las posibles amenazas de seguridad. Este compromiso con la seguridad de la informaci\u00f3n est\u00e1 validado por la certificaci\u00f3n iso\/iec 15408 common criteria eal2, lo que proporciona a las empresas la confianza de que su contenido y operaciones confidenciales permanecen protegidos en el desafiante panorama de seguridad actual. Monitoreo y control remotos. Esta soluci\u00f3n de monitoreo basada en la web es f\u00e1cil de usar y permite al usuario estar tranquilo. Le permite tener acceso completo en cualquier momento y desde cualquier lugar desde su tel\u00e9fono celular y pc en un entorno con acceso a la red, con acceso tanto a datos actuales como pasados. Permite al usuario monitorear la unidad, realizar ajustes y controlarla de forma remota en tiempo real. Registrado en epeat. La herramienta de evaluaci\u00f3n ambiental de productos electr\u00f3nicos (epeat) es un m\u00e9todo que permite a varios tipos de clientes evaluar el impacto de un producto en el medio ambiente. La serie ul5q-e es una pantalla con certificaci\u00f3n epeat bronce*, lo que significa que cumple todos los criterios exigidos en la categor\u00eda de computadoras y pantallas. Lg connectedcare. El mantenimiento es f\u00e1cil y r\u00e1pido con el servicio opcional lg connectedcare*, una soluci\u00f3n de servicio en la nube proporcionada por lg. Gestiona de forma remota el estado de las pantallas en los lugares de trabajo de los clientes para el diagn\u00f3stico de fallos y los servicios de control remoto, lo que favorece el funcionamiento estable de los negocios de los clientes. Para obtener m\u00e1s informaci\u00f3n, ponte en contacto con el representante de ventas de lg de su regi\u00f3n.<\/p>\n","protected":false},"featured_media":0,"comment_status":"open","ping_status":"open","template":"","meta":[],"product_cat":[1740,1848],"product_tag":[1687],"acf":[],"yoast_head":"<!-- This site is optimized with the Yoast SEO plugin v21.7 - https:\/\/yoast.com\/wordpress\/plugins\/seo\/ -->\n<title>[ Lg ] &#129351; 50ul5q Monitor De Se\u00f1alizacion Digital De 50 P Uso 24\/7 Brillo 500 Nits, 8ms 60hz Hdmi 3 Hdcp 2.1\/1.4 Rs232 Rj45 Usb A 2.0 Salida De Audio Salida Rs232, Webos 6.1<\/title>\n<meta name=\"description\" content=\"Compra 50ul5q Monitor De Se\u00f1alizacion Digital De 50 P Uso 24\/7 Brillo 500 Nits, 8ms 60hz Hdmi 3 Hdcp 2.1\/1.4 Rs232 Rj45 Usb A 2.0 Salida De Audio Salida Rs232, Webos 6.1 + Env\u00edo a domicilio + Pago seguro + Garant\u00eda\" \/>\n<meta name=\"robots\" content=\"index, follow, max-snippet:-1, max-image-preview:large, max-video-preview:-1\" \/>\n<link rel=\"canonical\" href=\"https:\/\/compuviper.mx\/tienda\/producto\/lg-50ul5q-monitor-de-sealizacion-digital-de-50-p-uso-24-7-brillo-500-nits-8ms-60hz-hdmi-3-hdcp-2-1-1-4-rs232-rj45-usb-a-2-0-salida-de-audio-salida-rs232-webos-6-1\/\" \/>\n<meta property=\"og:locale\" content=\"es_MX\" \/>\n<meta property=\"og:type\" content=\"article\" \/>\n<meta property=\"og:title\" content=\"[ Lg ] &#129351; 50ul5q Monitor De Se\u00f1alizacion Digital De 50 P Uso 24\/7 Brillo 500 Nits, 8ms 60hz Hdmi 3 Hdcp 2.1\/1.4 Rs232 Rj45 Usb A 2.0 Salida De Audio Salida Rs232, Webos 6.1\" \/>\n<meta property=\"og:description\" content=\"Compra 50ul5q Monitor De Se\u00f1alizacion Digital De 50 P Uso 24\/7 Brillo 500 Nits, 8ms 60hz Hdmi 3 Hdcp 2.1\/1.4 Rs232 Rj45 Usb A 2.0 Salida De Audio Salida Rs232, Webos 6.1 + Env\u00edo a domicilio + Pago seguro + Garant\u00eda\" \/>\n<meta property=\"og:url\" content=\"https:\/\/compuviper.mx\/tienda\/producto\/lg-50ul5q-monitor-de-sealizacion-digital-de-50-p-uso-24-7-brillo-500-nits-8ms-60hz-hdmi-3-hdcp-2-1-1-4-rs232-rj45-usb-a-2-0-salida-de-audio-salida-rs232-webos-6-1\/\" \/>\n<meta property=\"og:site_name\" content=\"Compuviper\" \/>\n<meta property=\"article:publisher\" content=\"https:\/\/www.facebook.com\/compuviper\" \/>\n<meta property=\"article:modified_time\" content=\"2026-04-02T06:58:12+00:00\" \/>\n<meta name=\"twitter:card\" content=\"summary_large_image\" \/>\n<meta name=\"twitter:label1\" content=\"Precio\" \/>\n\t<meta name=\"twitter:data1\" content=\"&#36;10,497 con IVA\" \/>\n\t<meta name=\"twitter:label2\" content=\"Availability\" \/>\n\t<meta name=\"twitter:data2\" content=\"Out of stock\" \/>\n<script type=\"application\/ld+json\" class=\"yoast-schema-graph\">{\"@context\":\"https:\/\/schema.org\",\"@graph\":[{\"@type\":\"WebPage\",\"@id\":\"https:\/\/compuviper.mx\/tienda\/producto\/lg-50ul5q-monitor-de-sealizacion-digital-de-50-p-uso-24-7-brillo-500-nits-8ms-60hz-hdmi-3-hdcp-2-1-1-4-rs232-rj45-usb-a-2-0-salida-de-audio-salida-rs232-webos-6-1\/\",\"url\":\"https:\/\/compuviper.mx\/tienda\/producto\/lg-50ul5q-monitor-de-sealizacion-digital-de-50-p-uso-24-7-brillo-500-nits-8ms-60hz-hdmi-3-hdcp-2-1-1-4-rs232-rj45-usb-a-2-0-salida-de-audio-salida-rs232-webos-6-1\/\",\"name\":\"[ Lg ] &#129351; 50ul5q Monitor De Se\u00f1alizacion Digital De 50 P Uso 24\/7 Brillo 500 Nits, 8ms 60hz Hdmi 3 Hdcp 2.1\/1.4 Rs232 Rj45 Usb A 2.0 Salida De Audio Salida Rs232, Webos 6.1\",\"isPartOf\":{\"@id\":\"https:\/\/compuviper.mx\/tienda\/#website\"},\"datePublished\":\"2026-04-02T06:58:11+00:00\",\"dateModified\":\"2026-04-02T06:58:12+00:00\",\"description\":\"Compra 50ul5q Monitor De Se\u00f1alizacion Digital De 50 P Uso 24\/7 Brillo 500 Nits, 8ms 60hz Hdmi 3 Hdcp 2.1\/1.4 Rs232 Rj45 Usb A 2.0 Salida De Audio Salida Rs232, Webos 6.1 + Env\u00edo a domicilio + Pago seguro + Garant\u00eda\",\"breadcrumb\":{\"@id\":\"https:\/\/compuviper.mx\/tienda\/producto\/lg-50ul5q-monitor-de-sealizacion-digital-de-50-p-uso-24-7-brillo-500-nits-8ms-60hz-hdmi-3-hdcp-2-1-1-4-rs232-rj45-usb-a-2-0-salida-de-audio-salida-rs232-webos-6-1\/#breadcrumb\"},\"inLanguage\":\"es-MX\",\"potentialAction\":[{\"@type\":\"ReadAction\",\"target\":[\"https:\/\/compuviper.mx\/tienda\/producto\/lg-50ul5q-monitor-de-sealizacion-digital-de-50-p-uso-24-7-brillo-500-nits-8ms-60hz-hdmi-3-hdcp-2-1-1-4-rs232-rj45-usb-a-2-0-salida-de-audio-salida-rs232-webos-6-1\/\"]}]},{\"@type\":\"BreadcrumbList\",\"@id\":\"https:\/\/compuviper.mx\/tienda\/producto\/lg-50ul5q-monitor-de-sealizacion-digital-de-50-p-uso-24-7-brillo-500-nits-8ms-60hz-hdmi-3-hdcp-2-1-1-4-rs232-rj45-usb-a-2-0-salida-de-audio-salida-rs232-webos-6-1\/#breadcrumb\",\"itemListElement\":[{\"@type\":\"ListItem\",\"position\":1,\"name\":\"Inicio\",\"item\":\"https:\/\/compuviper.mx\/tienda\/\"},{\"@type\":\"ListItem\",\"position\":2,\"name\":\"Productos\",\"item\":\"https:\/\/compuviper.mx\/tienda\/productos\/\"},{\"@type\":\"ListItem\",\"position\":3,\"name\":\"Monitores\",\"item\":\"https:\/\/compuviper.mx\/tienda\/categoria-producto\/monitores\/\"},{\"@type\":\"ListItem\",\"position\":4,\"name\":\"Sin Categor\u00eda\",\"item\":\"https:\/\/compuviper.mx\/tienda\/categoria-producto\/monitores\/sin-categoria-monitores\/\"},{\"@type\":\"ListItem\",\"position\":5,\"name\":\"Lg 50ul5q Monitor De Se?alizacion Digital De 50 P Uso 24\/7 Brillo 500 Nits, 8ms 60hz Hdmi 3 Hdcp 2.1\/1.4 Rs232 Rj45 Usb A 2.0 Salida De Audio Salida Rs232, Webos 6.1\"}]},{\"@type\":\"WebSite\",\"@id\":\"https:\/\/compuviper.mx\/tienda\/#website\",\"url\":\"https:\/\/compuviper.mx\/tienda\/\",\"name\":\"Compuviper\",\"description\":\"Proveedor de Computadoras, Laptops, Servidores, Monitores, Puntos de Venta, Teclados,   Impresoras, T\u00f3ner, C\u00e1maras de Seguridad y m\u00e1s en tu tienda en l\u00ednea\",\"publisher\":{\"@id\":\"https:\/\/compuviper.mx\/tienda\/#organization\"},\"potentialAction\":[{\"@type\":\"SearchAction\",\"target\":{\"@type\":\"EntryPoint\",\"urlTemplate\":\"https:\/\/compuviper.mx\/tienda\/?s={search_term_string}\"},\"query-input\":\"required name=search_term_string\"}],\"inLanguage\":\"es-MX\"},{\"@type\":\"Organization\",\"@id\":\"https:\/\/compuviper.mx\/tienda\/#organization\",\"name\":\"Compuviper\",\"url\":\"https:\/\/compuviper.mx\/tienda\/\",\"logo\":{\"@type\":\"ImageObject\",\"inLanguage\":\"es-MX\",\"@id\":\"https:\/\/compuviper.mx\/tienda\/#\/schema\/logo\/image\/\",\"url\":\"https:\/\/compuviper.mx\/tienda\/wp-content\/uploads\/2021\/08\/Logo-Compuviper-10.png\",\"contentUrl\":\"https:\/\/compuviper.mx\/tienda\/wp-content\/uploads\/2021\/08\/Logo-Compuviper-10.png\",\"width\":1000,\"height\":500,\"caption\":\"Compuviper\"},\"image\":{\"@id\":\"https:\/\/compuviper.mx\/tienda\/#\/schema\/logo\/image\/\"},\"sameAs\":[\"https:\/\/www.facebook.com\/compuviper\",\"https:\/\/www.youtube.com\/channel\/UCf73dERp9Y3cfOq7q8BhLjA?view_as=subscriber\"]}]}<\/script>\n<meta property=\"product:brand\" content=\"LG\" \/>\n<meta property=\"product:price:amount\" content=\"10497\" \/>\n<meta property=\"product:price:currency\" content=\"MXN\" \/>\n<meta property=\"og:availability\" content=\"out of stock\" \/>\n<meta property=\"product:availability\" content=\"out of stock\" \/>\n<meta property=\"product:retailer_item_id\" content=\"50UL5Q\" \/>\n<meta property=\"product:condition\" content=\"new\" \/>\n<!-- \/ Yoast SEO plugin. -->","yoast_head_json":{"title":"[ Lg ] &#129351; 50ul5q Monitor De Se\u00f1alizacion Digital De 50 P Uso 24\/7 Brillo 500 Nits, 8ms 60hz Hdmi 3 Hdcp 2.1\/1.4 Rs232 Rj45 Usb A 2.0 Salida De Audio Salida Rs232, Webos 6.1","description":"Compra 50ul5q Monitor De Se\u00f1alizacion Digital De 50 P Uso 24\/7 Brillo 500 Nits, 8ms 60hz Hdmi 3 Hdcp 2.1\/1.4 Rs232 Rj45 Usb A 2.0 Salida De Audio Salida Rs232, Webos 6.1 + Env\u00edo a domicilio + Pago seguro + Garant\u00eda","robots":{"index":"index","follow":"follow","max-snippet":"max-snippet:-1","max-image-preview":"max-image-preview:large","max-video-preview":"max-video-preview:-1"},"canonical":"https:\/\/compuviper.mx\/tienda\/producto\/lg-50ul5q-monitor-de-sealizacion-digital-de-50-p-uso-24-7-brillo-500-nits-8ms-60hz-hdmi-3-hdcp-2-1-1-4-rs232-rj45-usb-a-2-0-salida-de-audio-salida-rs232-webos-6-1\/","og_locale":"es_MX","og_type":"article","og_title":"[ Lg ] &#129351; 50ul5q Monitor De Se\u00f1alizacion Digital De 50 P Uso 24\/7 Brillo 500 Nits, 8ms 60hz Hdmi 3 Hdcp 2.1\/1.4 Rs232 Rj45 Usb A 2.0 Salida De Audio Salida Rs232, Webos 6.1","og_description":"Compra 50ul5q Monitor De Se\u00f1alizacion Digital De 50 P Uso 24\/7 Brillo 500 Nits, 8ms 60hz Hdmi 3 Hdcp 2.1\/1.4 Rs232 Rj45 Usb A 2.0 Salida De Audio Salida Rs232, Webos 6.1 + Env\u00edo a domicilio + Pago seguro + Garant\u00eda","og_url":"https:\/\/compuviper.mx\/tienda\/producto\/lg-50ul5q-monitor-de-sealizacion-digital-de-50-p-uso-24-7-brillo-500-nits-8ms-60hz-hdmi-3-hdcp-2-1-1-4-rs232-rj45-usb-a-2-0-salida-de-audio-salida-rs232-webos-6-1\/","og_site_name":"Compuviper","article_publisher":"https:\/\/www.facebook.com\/compuviper","article_modified_time":"2026-04-02T06:58:12+00:00","twitter_card":"summary_large_image","twitter_misc":{"Precio":"&#36;10,497 con IVA","Availability":"Out of stock"},"schema":{"@context":"https:\/\/schema.org","@graph":[{"@type":"WebPage","@id":"https:\/\/compuviper.mx\/tienda\/producto\/lg-50ul5q-monitor-de-sealizacion-digital-de-50-p-uso-24-7-brillo-500-nits-8ms-60hz-hdmi-3-hdcp-2-1-1-4-rs232-rj45-usb-a-2-0-salida-de-audio-salida-rs232-webos-6-1\/","url":"https:\/\/compuviper.mx\/tienda\/producto\/lg-50ul5q-monitor-de-sealizacion-digital-de-50-p-uso-24-7-brillo-500-nits-8ms-60hz-hdmi-3-hdcp-2-1-1-4-rs232-rj45-usb-a-2-0-salida-de-audio-salida-rs232-webos-6-1\/","name":"[ Lg ] &#129351; 50ul5q Monitor De Se\u00f1alizacion Digital De 50 P Uso 24\/7 Brillo 500 Nits, 8ms 60hz Hdmi 3 Hdcp 2.1\/1.4 Rs232 Rj45 Usb A 2.0 Salida De Audio Salida Rs232, Webos 6.1","isPartOf":{"@id":"https:\/\/compuviper.mx\/tienda\/#website"},"datePublished":"2026-04-02T06:58:11+00:00","dateModified":"2026-04-02T06:58:12+00:00","description":"Compra 50ul5q Monitor De Se\u00f1alizacion Digital De 50 P Uso 24\/7 Brillo 500 Nits, 8ms 60hz Hdmi 3 Hdcp 2.1\/1.4 Rs232 Rj45 Usb A 2.0 Salida De Audio Salida Rs232, Webos 6.1 + Env\u00edo a domicilio + Pago seguro + Garant\u00eda","breadcrumb":{"@id":"https:\/\/compuviper.mx\/tienda\/producto\/lg-50ul5q-monitor-de-sealizacion-digital-de-50-p-uso-24-7-brillo-500-nits-8ms-60hz-hdmi-3-hdcp-2-1-1-4-rs232-rj45-usb-a-2-0-salida-de-audio-salida-rs232-webos-6-1\/#breadcrumb"},"inLanguage":"es-MX","potentialAction":[{"@type":"ReadAction","target":["https:\/\/compuviper.mx\/tienda\/producto\/lg-50ul5q-monitor-de-sealizacion-digital-de-50-p-uso-24-7-brillo-500-nits-8ms-60hz-hdmi-3-hdcp-2-1-1-4-rs232-rj45-usb-a-2-0-salida-de-audio-salida-rs232-webos-6-1\/"]}]},{"@type":"BreadcrumbList","@id":"https:\/\/compuviper.mx\/tienda\/producto\/lg-50ul5q-monitor-de-sealizacion-digital-de-50-p-uso-24-7-brillo-500-nits-8ms-60hz-hdmi-3-hdcp-2-1-1-4-rs232-rj45-usb-a-2-0-salida-de-audio-salida-rs232-webos-6-1\/#breadcrumb","itemListElement":[{"@type":"ListItem","position":1,"name":"Inicio","item":"https:\/\/compuviper.mx\/tienda\/"},{"@type":"ListItem","position":2,"name":"Productos","item":"https:\/\/compuviper.mx\/tienda\/productos\/"},{"@type":"ListItem","position":3,"name":"Monitores","item":"https:\/\/compuviper.mx\/tienda\/categoria-producto\/monitores\/"},{"@type":"ListItem","position":4,"name":"Sin Categor\u00eda","item":"https:\/\/compuviper.mx\/tienda\/categoria-producto\/monitores\/sin-categoria-monitores\/"},{"@type":"ListItem","position":5,"name":"Lg 50ul5q Monitor De Se?alizacion Digital De 50 P Uso 24\/7 Brillo 500 Nits, 8ms 60hz Hdmi 3 Hdcp 2.1\/1.4 Rs232 Rj45 Usb A 2.0 Salida De Audio Salida Rs232, Webos 6.1"}]},{"@type":"WebSite","@id":"https:\/\/compuviper.mx\/tienda\/#website","url":"https:\/\/compuviper.mx\/tienda\/","name":"Compuviper","description":"Proveedor de Computadoras, Laptops, Servidores, Monitores, Puntos de Venta, Teclados,   Impresoras, T\u00f3ner, C\u00e1maras de Seguridad y m\u00e1s en tu tienda en l\u00ednea","publisher":{"@id":"https:\/\/compuviper.mx\/tienda\/#organization"},"potentialAction":[{"@type":"SearchAction","target":{"@type":"EntryPoint","urlTemplate":"https:\/\/compuviper.mx\/tienda\/?s={search_term_string}"},"query-input":"required name=search_term_string"}],"inLanguage":"es-MX"},{"@type":"Organization","@id":"https:\/\/compuviper.mx\/tienda\/#organization","name":"Compuviper","url":"https:\/\/compuviper.mx\/tienda\/","logo":{"@type":"ImageObject","inLanguage":"es-MX","@id":"https:\/\/compuviper.mx\/tienda\/#\/schema\/logo\/image\/","url":"https:\/\/compuviper.mx\/tienda\/wp-content\/uploads\/2021\/08\/Logo-Compuviper-10.png","contentUrl":"https:\/\/compuviper.mx\/tienda\/wp-content\/uploads\/2021\/08\/Logo-Compuviper-10.png","width":1000,"height":500,"caption":"Compuviper"},"image":{"@id":"https:\/\/compuviper.mx\/tienda\/#\/schema\/logo\/image\/"},"sameAs":["https:\/\/www.facebook.com\/compuviper","https:\/\/www.youtube.com\/channel\/UCf73dERp9Y3cfOq7q8BhLjA?view_as=subscriber"]}]},"product_brand":"LG","product_price_amount":"10497","product_price_currency":"MXN","og_availability":"out of stock","product_availability":"out of stock","product_retailer_item_id":"50UL5Q","product_condition":"new"},"_links":{"self":[{"href":"https:\/\/compuviper.mx\/tienda\/wp-json\/wp\/v2\/product\/268057"}],"collection":[{"href":"https:\/\/compuviper.mx\/tienda\/wp-json\/wp\/v2\/product"}],"about":[{"href":"https:\/\/compuviper.mx\/tienda\/wp-json\/wp\/v2\/types\/product"}],"replies":[{"embeddable":true,"href":"https:\/\/compuviper.mx\/tienda\/wp-json\/wp\/v2\/comments?post=268057"}],"wp:attachment":[{"href":"https:\/\/compuviper.mx\/tienda\/wp-json\/wp\/v2\/media?parent=268057"}],"wp:term":[{"taxonomy":"product_cat","embeddable":true,"href":"https:\/\/compuviper.mx\/tienda\/wp-json\/wp\/v2\/product_cat?post=268057"},{"taxonomy":"product_tag","embeddable":true,"href":"https:\/\/compuviper.mx\/tienda\/wp-json\/wp\/v2\/product_tag?post=268057"}],"curies":[{"name":"wp","href":"https:\/\/api.w.org\/{rel}","templated":true}]}}