{"id":268055,"date":"2026-04-02T00:58:08","date_gmt":"2026-04-02T06:58:08","guid":{"rendered":"https:\/\/compuviper.mx\/tienda\/producto\/samsung-lh32emdiagbxza-monitor-sealizacion-digital-32-emdx-e-paper-2560-x-1440-horizontal-wifi-bluetooth-compatible-vxt-24-7\/"},"modified":"2026-04-02T00:58:09","modified_gmt":"2026-04-02T06:58:09","slug":"samsung-lh32emdiagbxza-monitor-sealizacion-digital-32-emdx-e-paper-2560-x-1440-horizontal-wifi-bluetooth-compatible-vxt-24-7","status":"publish","type":"product","link":"https:\/\/compuviper.mx\/tienda\/producto\/samsung-lh32emdiagbxza-monitor-sealizacion-digital-32-emdx-e-paper-2560-x-1440-horizontal-wifi-bluetooth-compatible-vxt-24-7\/","title":{"rendered":"Samsung Lh32emdiagbxza Monitor Se?alizacion Digital  32 Emdx E-paper 2,560 X 1,440, Horizontal, Wifi, Bluetooth, Compatible Vxt, 24\/7"},"content":{"rendered":"<table class=\"descripcion\">\n<tr>\n<td>Pantalla<\/td>\n<\/tr>\n<tr>\n<td>    tama\u00f1o en diagonal<\/td>\n<\/tr>\n<tr>\n<td>    31.5<\/td>\n<\/tr>\n<tr>\n<td>    tipo de panel<\/td>\n<\/tr>\n<tr>\n<td>    color e-paper<\/td>\n<\/tr>\n<tr>\n<td>    resoluci\u00f3n<\/td>\n<\/tr>\n<tr>\n<td>    2,560 x 1,440<\/td>\n<\/tr>\n<tr>\n<td>    operation time support<\/td>\n<\/tr>\n<tr>\n<td>    24\/7<\/td>\n<\/tr>\n<tr>\n<td>Conectividad<\/td>\n<\/tr>\n<tr>\n<td>    usb<\/td>\n<\/tr>\n<tr>\n<td>    2<\/td>\n<\/tr>\n<tr>\n<td>    wi-fi<\/td>\n<\/tr>\n<tr>\n<td>    si<\/td>\n<\/tr>\n<tr>\n<td>    bluetooth<\/td>\n<\/tr>\n<tr>\n<td>    si<\/td>\n<\/tr>\n<tr>\n<td>Dimensiones<\/td>\n<\/tr>\n<tr>\n<td>    dimensiones del equipo (a x al x p)<\/td>\n<\/tr>\n<tr>\n<td>    725.1 x 420.5 x 17.9 mm<\/td>\n<\/tr>\n<tr>\n<td>    dimensiones del paquete (a x al x p)<\/td>\n<\/tr>\n<tr>\n<td>    890 x 57 x 482 mm<\/td>\n<\/tr>\n<tr>\n<td>Peso (g)<\/td>\n<\/tr>\n<tr>\n<td>    peso del equipo<\/td>\n<\/tr>\n<tr>\n<td>    2.4 kg<\/td>\n<\/tr>\n<tr>\n<td>    peso del paquete<\/td>\n<\/tr>\n<tr>\n<td>    4.4 kg<\/td>\n<\/tr>\n<tr>\n<td>Condiciones de operaci\u00f3n<\/td>\n<\/tr>\n<tr>\n<td>    temperatura<\/td>\n<\/tr>\n<tr>\n<td>    0 &#8211; 40  and #8451;<\/td>\n<\/tr>\n<tr>\n<td>Especificaciones mec\u00e1nicas<\/td>\n<\/tr>\n<tr>\n<td>    montura vesa<\/td>\n<\/tr>\n<tr>\n<td>    200 x 200 mm<\/td>\n<\/tr>\n<tr>\n<td>    anchura del bisel<\/td>\n<\/tr>\n<tr>\n<td>    13.9 (even)<\/td>\n<\/tr>\n<tr>\n<td>    bezel color<\/td>\n<\/tr>\n<tr>\n<td>    gray white<\/td>\n<\/tr>\n<tr>\n<td>    material del marco<\/td>\n<\/tr>\n<tr>\n<td>    non-glossy<\/td>\n<\/tr>\n<tr>\n<td>Soc<\/td>\n<\/tr>\n<tr>\n<td>    flash memory size<\/td>\n<\/tr>\n<tr>\n<td>    8gb<\/td>\n<\/tr>\n<tr>\n<td>Certificaci\u00f3n y conformidad<\/td>\n<\/tr>\n<tr>\n<td>    emc<\/td>\n<\/tr>\n<tr>\n<td>    class a<\/td>\n<\/tr>\n<tr>\n<td>    seguridad<\/td>\n<\/tr>\n<tr>\n<td>    60950-1, 62368-1<\/td>\n<\/tr>\n<\/table>\n","protected":false},"excerpt":{"rendered":"<p>Pantalla tama\u00f1o en diagonal 31.5 tipo de panel color e-paper resoluci\u00f3n 2,560 x 1,440 operation time support 24\/7 Conectividad usb 2 wi-fi si bluetooth si Dimensiones dimensiones del equipo (a x al x p) 725.1 x 420.5 x 17.9 mm dimensiones del paquete (a x al x p) 890 x 57 x 482 mm Peso [&hellip;]<\/p>\n","protected":false},"featured_media":0,"comment_status":"open","ping_status":"open","template":"","meta":[],"product_cat":[1741,1740],"product_tag":[1743],"acf":[],"yoast_head":"<!-- This site is optimized with the Yoast SEO plugin v21.7 - https:\/\/yoast.com\/wordpress\/plugins\/seo\/ -->\n<title>[ Samsung ] &#129351; Lh32emdiagbxza Monitor Se\u00f1alizacion Digital 32 Emdx E-paper 2,560 X 1,440, Horizontal, Wifi, Bluetooth, Compatible Vxt, 24\/7<\/title>\n<meta name=\"description\" content=\"Compra Lh32emdiagbxza Monitor Se\u00f1alizacion Digital 32 Emdx E-paper 2,560 X 1,440, Horizontal, Wifi, Bluetooth, Compatible Vxt, 24\/7 + Env\u00edo a domicilio + Pago seguro + Garant\u00eda\" \/>\n<meta name=\"robots\" content=\"index, follow, max-snippet:-1, max-image-preview:large, max-video-preview:-1\" \/>\n<link rel=\"canonical\" href=\"https:\/\/compuviper.mx\/tienda\/producto\/samsung-lh32emdiagbxza-monitor-sealizacion-digital-32-emdx-e-paper-2560-x-1440-horizontal-wifi-bluetooth-compatible-vxt-24-7\/\" \/>\n<meta property=\"og:locale\" content=\"es_MX\" \/>\n<meta property=\"og:type\" content=\"article\" \/>\n<meta property=\"og:title\" content=\"[ Samsung ] &#129351; Lh32emdiagbxza Monitor Se\u00f1alizacion Digital 32 Emdx E-paper 2,560 X 1,440, Horizontal, Wifi, Bluetooth, Compatible Vxt, 24\/7\" \/>\n<meta property=\"og:description\" content=\"Compra Lh32emdiagbxza Monitor Se\u00f1alizacion Digital 32 Emdx E-paper 2,560 X 1,440, Horizontal, Wifi, Bluetooth, Compatible Vxt, 24\/7 + Env\u00edo a domicilio + Pago seguro + Garant\u00eda\" \/>\n<meta property=\"og:url\" content=\"https:\/\/compuviper.mx\/tienda\/producto\/samsung-lh32emdiagbxza-monitor-sealizacion-digital-32-emdx-e-paper-2560-x-1440-horizontal-wifi-bluetooth-compatible-vxt-24-7\/\" \/>\n<meta property=\"og:site_name\" content=\"Compuviper\" \/>\n<meta property=\"article:publisher\" content=\"https:\/\/www.facebook.com\/compuviper\" \/>\n<meta property=\"article:modified_time\" content=\"2026-04-02T06:58:09+00:00\" \/>\n<meta name=\"twitter:card\" content=\"summary_large_image\" \/>\n<meta name=\"twitter:label1\" content=\"Precio\" \/>\n\t<meta name=\"twitter:data1\" content=\"&#36;24,242 con IVA\" \/>\n\t<meta name=\"twitter:label2\" content=\"Availability\" \/>\n\t<meta name=\"twitter:data2\" content=\"In stock\" \/>\n<script type=\"application\/ld+json\" class=\"yoast-schema-graph\">{\"@context\":\"https:\/\/schema.org\",\"@graph\":[{\"@type\":\"WebPage\",\"@id\":\"https:\/\/compuviper.mx\/tienda\/producto\/samsung-lh32emdiagbxza-monitor-sealizacion-digital-32-emdx-e-paper-2560-x-1440-horizontal-wifi-bluetooth-compatible-vxt-24-7\/\",\"url\":\"https:\/\/compuviper.mx\/tienda\/producto\/samsung-lh32emdiagbxza-monitor-sealizacion-digital-32-emdx-e-paper-2560-x-1440-horizontal-wifi-bluetooth-compatible-vxt-24-7\/\",\"name\":\"[ Samsung ] &#129351; Lh32emdiagbxza Monitor Se\u00f1alizacion Digital 32 Emdx E-paper 2,560 X 1,440, Horizontal, Wifi, Bluetooth, Compatible Vxt, 24\/7\",\"isPartOf\":{\"@id\":\"https:\/\/compuviper.mx\/tienda\/#website\"},\"datePublished\":\"2026-04-02T06:58:08+00:00\",\"dateModified\":\"2026-04-02T06:58:09+00:00\",\"description\":\"Compra Lh32emdiagbxza Monitor Se\u00f1alizacion Digital 32 Emdx E-paper 2,560 X 1,440, Horizontal, Wifi, Bluetooth, Compatible Vxt, 24\/7 + Env\u00edo a domicilio + Pago seguro + Garant\u00eda\",\"breadcrumb\":{\"@id\":\"https:\/\/compuviper.mx\/tienda\/producto\/samsung-lh32emdiagbxza-monitor-sealizacion-digital-32-emdx-e-paper-2560-x-1440-horizontal-wifi-bluetooth-compatible-vxt-24-7\/#breadcrumb\"},\"inLanguage\":\"es-MX\",\"potentialAction\":[{\"@type\":\"ReadAction\",\"target\":[\"https:\/\/compuviper.mx\/tienda\/producto\/samsung-lh32emdiagbxza-monitor-sealizacion-digital-32-emdx-e-paper-2560-x-1440-horizontal-wifi-bluetooth-compatible-vxt-24-7\/\"]}]},{\"@type\":\"BreadcrumbList\",\"@id\":\"https:\/\/compuviper.mx\/tienda\/producto\/samsung-lh32emdiagbxza-monitor-sealizacion-digital-32-emdx-e-paper-2560-x-1440-horizontal-wifi-bluetooth-compatible-vxt-24-7\/#breadcrumb\",\"itemListElement\":[{\"@type\":\"ListItem\",\"position\":1,\"name\":\"Inicio\",\"item\":\"https:\/\/compuviper.mx\/tienda\/\"},{\"@type\":\"ListItem\",\"position\":2,\"name\":\"Productos\",\"item\":\"https:\/\/compuviper.mx\/tienda\/productos\/\"},{\"@type\":\"ListItem\",\"position\":3,\"name\":\"Monitores\",\"item\":\"https:\/\/compuviper.mx\/tienda\/categoria-producto\/monitores\/\"},{\"@type\":\"ListItem\",\"position\":4,\"name\":\"Led\",\"item\":\"https:\/\/compuviper.mx\/tienda\/categoria-producto\/monitores\/led\/\"},{\"@type\":\"ListItem\",\"position\":5,\"name\":\"Samsung Lh32emdiagbxza Monitor Se?alizacion Digital 32 Emdx E-paper 2,560 X 1,440, Horizontal, Wifi, Bluetooth, Compatible Vxt, 24\/7\"}]},{\"@type\":\"WebSite\",\"@id\":\"https:\/\/compuviper.mx\/tienda\/#website\",\"url\":\"https:\/\/compuviper.mx\/tienda\/\",\"name\":\"Compuviper\",\"description\":\"Proveedor de Computadoras, Laptops, Servidores, Monitores, Puntos de Venta, Teclados,   Impresoras, T\u00f3ner, C\u00e1maras de Seguridad y m\u00e1s en tu tienda en l\u00ednea\",\"publisher\":{\"@id\":\"https:\/\/compuviper.mx\/tienda\/#organization\"},\"potentialAction\":[{\"@type\":\"SearchAction\",\"target\":{\"@type\":\"EntryPoint\",\"urlTemplate\":\"https:\/\/compuviper.mx\/tienda\/?s={search_term_string}\"},\"query-input\":\"required name=search_term_string\"}],\"inLanguage\":\"es-MX\"},{\"@type\":\"Organization\",\"@id\":\"https:\/\/compuviper.mx\/tienda\/#organization\",\"name\":\"Compuviper\",\"url\":\"https:\/\/compuviper.mx\/tienda\/\",\"logo\":{\"@type\":\"ImageObject\",\"inLanguage\":\"es-MX\",\"@id\":\"https:\/\/compuviper.mx\/tienda\/#\/schema\/logo\/image\/\",\"url\":\"https:\/\/compuviper.mx\/tienda\/wp-content\/uploads\/2021\/08\/Logo-Compuviper-10.png\",\"contentUrl\":\"https:\/\/compuviper.mx\/tienda\/wp-content\/uploads\/2021\/08\/Logo-Compuviper-10.png\",\"width\":1000,\"height\":500,\"caption\":\"Compuviper\"},\"image\":{\"@id\":\"https:\/\/compuviper.mx\/tienda\/#\/schema\/logo\/image\/\"},\"sameAs\":[\"https:\/\/www.facebook.com\/compuviper\",\"https:\/\/www.youtube.com\/channel\/UCf73dERp9Y3cfOq7q8BhLjA?view_as=subscriber\"]}]}<\/script>\n<meta property=\"product:brand\" content=\"SAMSUNG\" \/>\n<meta property=\"product:price:amount\" content=\"24242\" \/>\n<meta property=\"product:price:currency\" content=\"MXN\" \/>\n<meta property=\"og:availability\" content=\"instock\" \/>\n<meta property=\"product:availability\" content=\"instock\" \/>\n<meta property=\"product:retailer_item_id\" content=\"LH32EMDIAGBXZA\" \/>\n<meta property=\"product:condition\" content=\"new\" \/>\n<!-- \/ Yoast SEO plugin. -->","yoast_head_json":{"title":"[ Samsung ] &#129351; Lh32emdiagbxza Monitor Se\u00f1alizacion Digital 32 Emdx E-paper 2,560 X 1,440, Horizontal, Wifi, Bluetooth, Compatible Vxt, 24\/7","description":"Compra Lh32emdiagbxza Monitor Se\u00f1alizacion Digital 32 Emdx E-paper 2,560 X 1,440, Horizontal, Wifi, Bluetooth, Compatible Vxt, 24\/7 + Env\u00edo a domicilio + Pago seguro + Garant\u00eda","robots":{"index":"index","follow":"follow","max-snippet":"max-snippet:-1","max-image-preview":"max-image-preview:large","max-video-preview":"max-video-preview:-1"},"canonical":"https:\/\/compuviper.mx\/tienda\/producto\/samsung-lh32emdiagbxza-monitor-sealizacion-digital-32-emdx-e-paper-2560-x-1440-horizontal-wifi-bluetooth-compatible-vxt-24-7\/","og_locale":"es_MX","og_type":"article","og_title":"[ Samsung ] &#129351; Lh32emdiagbxza Monitor Se\u00f1alizacion Digital 32 Emdx E-paper 2,560 X 1,440, Horizontal, Wifi, Bluetooth, Compatible Vxt, 24\/7","og_description":"Compra Lh32emdiagbxza Monitor Se\u00f1alizacion Digital 32 Emdx E-paper 2,560 X 1,440, Horizontal, Wifi, Bluetooth, Compatible Vxt, 24\/7 + Env\u00edo a domicilio + Pago seguro + Garant\u00eda","og_url":"https:\/\/compuviper.mx\/tienda\/producto\/samsung-lh32emdiagbxza-monitor-sealizacion-digital-32-emdx-e-paper-2560-x-1440-horizontal-wifi-bluetooth-compatible-vxt-24-7\/","og_site_name":"Compuviper","article_publisher":"https:\/\/www.facebook.com\/compuviper","article_modified_time":"2026-04-02T06:58:09+00:00","twitter_card":"summary_large_image","twitter_misc":{"Precio":"&#36;24,242 con IVA","Availability":"In stock"},"schema":{"@context":"https:\/\/schema.org","@graph":[{"@type":"WebPage","@id":"https:\/\/compuviper.mx\/tienda\/producto\/samsung-lh32emdiagbxza-monitor-sealizacion-digital-32-emdx-e-paper-2560-x-1440-horizontal-wifi-bluetooth-compatible-vxt-24-7\/","url":"https:\/\/compuviper.mx\/tienda\/producto\/samsung-lh32emdiagbxza-monitor-sealizacion-digital-32-emdx-e-paper-2560-x-1440-horizontal-wifi-bluetooth-compatible-vxt-24-7\/","name":"[ Samsung ] &#129351; Lh32emdiagbxza Monitor Se\u00f1alizacion Digital 32 Emdx E-paper 2,560 X 1,440, Horizontal, Wifi, Bluetooth, Compatible Vxt, 24\/7","isPartOf":{"@id":"https:\/\/compuviper.mx\/tienda\/#website"},"datePublished":"2026-04-02T06:58:08+00:00","dateModified":"2026-04-02T06:58:09+00:00","description":"Compra Lh32emdiagbxza Monitor Se\u00f1alizacion Digital 32 Emdx E-paper 2,560 X 1,440, Horizontal, Wifi, Bluetooth, Compatible Vxt, 24\/7 + Env\u00edo a domicilio + Pago seguro + Garant\u00eda","breadcrumb":{"@id":"https:\/\/compuviper.mx\/tienda\/producto\/samsung-lh32emdiagbxza-monitor-sealizacion-digital-32-emdx-e-paper-2560-x-1440-horizontal-wifi-bluetooth-compatible-vxt-24-7\/#breadcrumb"},"inLanguage":"es-MX","potentialAction":[{"@type":"ReadAction","target":["https:\/\/compuviper.mx\/tienda\/producto\/samsung-lh32emdiagbxza-monitor-sealizacion-digital-32-emdx-e-paper-2560-x-1440-horizontal-wifi-bluetooth-compatible-vxt-24-7\/"]}]},{"@type":"BreadcrumbList","@id":"https:\/\/compuviper.mx\/tienda\/producto\/samsung-lh32emdiagbxza-monitor-sealizacion-digital-32-emdx-e-paper-2560-x-1440-horizontal-wifi-bluetooth-compatible-vxt-24-7\/#breadcrumb","itemListElement":[{"@type":"ListItem","position":1,"name":"Inicio","item":"https:\/\/compuviper.mx\/tienda\/"},{"@type":"ListItem","position":2,"name":"Productos","item":"https:\/\/compuviper.mx\/tienda\/productos\/"},{"@type":"ListItem","position":3,"name":"Monitores","item":"https:\/\/compuviper.mx\/tienda\/categoria-producto\/monitores\/"},{"@type":"ListItem","position":4,"name":"Led","item":"https:\/\/compuviper.mx\/tienda\/categoria-producto\/monitores\/led\/"},{"@type":"ListItem","position":5,"name":"Samsung Lh32emdiagbxza Monitor Se?alizacion Digital 32 Emdx E-paper 2,560 X 1,440, Horizontal, Wifi, Bluetooth, Compatible Vxt, 24\/7"}]},{"@type":"WebSite","@id":"https:\/\/compuviper.mx\/tienda\/#website","url":"https:\/\/compuviper.mx\/tienda\/","name":"Compuviper","description":"Proveedor de Computadoras, Laptops, Servidores, Monitores, Puntos de Venta, Teclados,   Impresoras, T\u00f3ner, C\u00e1maras de Seguridad y m\u00e1s en tu tienda en l\u00ednea","publisher":{"@id":"https:\/\/compuviper.mx\/tienda\/#organization"},"potentialAction":[{"@type":"SearchAction","target":{"@type":"EntryPoint","urlTemplate":"https:\/\/compuviper.mx\/tienda\/?s={search_term_string}"},"query-input":"required name=search_term_string"}],"inLanguage":"es-MX"},{"@type":"Organization","@id":"https:\/\/compuviper.mx\/tienda\/#organization","name":"Compuviper","url":"https:\/\/compuviper.mx\/tienda\/","logo":{"@type":"ImageObject","inLanguage":"es-MX","@id":"https:\/\/compuviper.mx\/tienda\/#\/schema\/logo\/image\/","url":"https:\/\/compuviper.mx\/tienda\/wp-content\/uploads\/2021\/08\/Logo-Compuviper-10.png","contentUrl":"https:\/\/compuviper.mx\/tienda\/wp-content\/uploads\/2021\/08\/Logo-Compuviper-10.png","width":1000,"height":500,"caption":"Compuviper"},"image":{"@id":"https:\/\/compuviper.mx\/tienda\/#\/schema\/logo\/image\/"},"sameAs":["https:\/\/www.facebook.com\/compuviper","https:\/\/www.youtube.com\/channel\/UCf73dERp9Y3cfOq7q8BhLjA?view_as=subscriber"]}]},"product_brand":"SAMSUNG","product_price_amount":"24242","product_price_currency":"MXN","og_availability":"instock","product_availability":"instock","product_retailer_item_id":"LH32EMDIAGBXZA","product_condition":"new"},"_links":{"self":[{"href":"https:\/\/compuviper.mx\/tienda\/wp-json\/wp\/v2\/product\/268055"}],"collection":[{"href":"https:\/\/compuviper.mx\/tienda\/wp-json\/wp\/v2\/product"}],"about":[{"href":"https:\/\/compuviper.mx\/tienda\/wp-json\/wp\/v2\/types\/product"}],"replies":[{"embeddable":true,"href":"https:\/\/compuviper.mx\/tienda\/wp-json\/wp\/v2\/comments?post=268055"}],"wp:attachment":[{"href":"https:\/\/compuviper.mx\/tienda\/wp-json\/wp\/v2\/media?parent=268055"}],"wp:term":[{"taxonomy":"product_cat","embeddable":true,"href":"https:\/\/compuviper.mx\/tienda\/wp-json\/wp\/v2\/product_cat?post=268055"},{"taxonomy":"product_tag","embeddable":true,"href":"https:\/\/compuviper.mx\/tienda\/wp-json\/wp\/v2\/product_tag?post=268055"}],"curies":[{"name":"wp","href":"https:\/\/api.w.org\/{rel}","templated":true}]}}