{"id":268047,"date":"2026-05-01T00:44:09","date_gmt":"2026-05-01T06:44:09","guid":{"rendered":"https:\/\/compuviper.mx\/tienda\/producto\/asus-oem-prime-h810m-e-mb-asus-h810-intel-s-1851-serie-2-2x-ddr5-6400-hdmi-2x-dp-2x-m-2-2x-usb-3-2-micro-atx-gama-basica\/"},"modified":"2026-05-02T00:00:15","modified_gmt":"2026-05-02T06:00:15","slug":"asus-oem-prime-h810m-e-mb-asus-h810-intel-s-1851-serie-2-2x-ddr5-6400-hdmi-2x-dp-2x-m-2-2x-usb-3-2-micro-atx-gama-basica","status":"publish","type":"product","link":"https:\/\/compuviper.mx\/tienda\/producto\/asus-oem-prime-h810m-e-mb-asus-h810-intel-s-1851-serie-2-2x-ddr5-6400-hdmi-2x-dp-2x-m-2-2x-usb-3-2-micro-atx-gama-basica\/","title":{"rendered":"Asus Oem Prime H810m-e Mb Asus H810 Intel S-1851 Serie 2 \/2x Ddr5 6400 \/hdmi \/2x Dp \/2x M.2 \/2x Usb 3.2 \/micro Atx \/gama Basica"},"content":{"rendered":"<table class=\"descripcion\">\n<tr>\n<td>Prime h810m-e<\/td>\n<\/tr>\n<tr>\n<td>Cpu support  intel core ultra processors (series 2) , lga1851<\/td>\n<\/tr>\n<tr>\n<td>Chipset  intel h810 chipset<\/td>\n<\/tr>\n<tr>\n<td>Memory  2 x dimm slots, max. 128gb ddr5, supports up to 6400mt\/s, non-ecc, dual channel memory<\/td>\n<\/tr>\n<tr>\n<td>Graphics<\/td>\n<\/tr>\n<tr>\n<td>-2 x displayport<\/td>\n<\/tr>\n<tr>\n<td>-1 x hdmi port<\/td>\n<\/tr>\n<tr>\n<td>Expansion slots<\/td>\n<\/tr>\n<tr>\n<td>-1 x pcie 4.0 x16 slot<\/td>\n<\/tr>\n<tr>\n<td>-1 x pcie 4.0 x1 slot<\/td>\n<\/tr>\n<tr>\n<td>Storage total supports  2 x m.2 slots and 4 x sata 6gb\/s ports<\/td>\n<\/tr>\n<tr>\n<td>Ethernet  1 x realtek 1gb ethernet port<\/td>\n<\/tr>\n<tr>\n<td>Usb  rear usb (total 6 ports)<\/td>\n<\/tr>\n<tr>\n<td>-2 x usb 5gbps ports (2 x type-a)<\/td>\n<\/tr>\n<tr>\n<td>-4 x usb 2.0 ports (4 x type-a)<\/td>\n<\/tr>\n<tr>\n<td>Audio  realtek 7.1 surround sound high definition audio codec*<\/td>\n<\/tr>\n<tr>\n<td>Back panel i\/o ports<\/td>\n<\/tr>\n<tr>\n<td>-2 x usb 5gbps ports (2 x type-a)<\/td>\n<\/tr>\n<tr>\n<td>-4 x usb 2.0 ports (4 x type-a)<\/td>\n<\/tr>\n<tr>\n<td>-2 x displayport<\/td>\n<\/tr>\n<tr>\n<td>-1 x hdmi\u0099 port<\/td>\n<\/tr>\n<tr>\n<td>-1 x realtek 1gb ethernet port<\/td>\n<\/tr>\n<tr>\n<td>-3 x audio jacks<\/td>\n<\/tr>\n<tr>\n<td>Bios  256 (128+128) mb flash rom, uefi ami bios<\/td>\n<\/tr>\n<tr>\n<td>Manageability  wol by pme, pxe<\/td>\n<\/tr>\n<tr>\n<td>Operating system  windows 11 (22h2  and  later), windows 10 64-bit (21h2  and  later)<\/td>\n<\/tr>\n<tr>\n<td>Form factor  micro-atx form factor<\/td>\n<\/tr>\n<tr>\n<td>9.6 inch x 8.75 inch (24.4 cm x 22.2 cm)<\/td>\n<\/tr>\n<\/table>\n","protected":false},"excerpt":{"rendered":"<p>Prime h810m-e. Las tarjetas madre de la serie asus prime estan disenadas por expertos para liberar todo el potencial de los ultimos procesadores intel core ultra (serie 2). Con un diseno de energia robusto, soluciones de enfriamiento integrales y opciones de ajuste inteligente, la tarjeta madre prime h810m-e ofrece a los usuarios y constructores de pc diy una gama de optimizaciones de rendimiento a traves de funciones intuitivas de software y firmware. Esta disenada para estar lista para pc con ia avanzada, ofreciendo la potencia y la conectividad necesarias para aplicaciones de ia exigentes.<\/p>\n","protected":false},"featured_media":0,"comment_status":"open","ping_status":"open","template":"","meta":[],"product_cat":[2323,1727],"product_tag":[2096],"acf":[],"yoast_head":"<!-- This site is optimized with the Yoast SEO plugin v21.7 - https:\/\/yoast.com\/wordpress\/plugins\/seo\/ -->\n<title>[ Asus Oem ] &#129351; Prime H810m-e Mb Asus H810 Intel S-1851 Serie 2 \/2x Ddr5 6400 \/hdmi \/2x Dp \/2x M.2 \/2x Usb 3.2 \/micro Atx \/gama Basica<\/title>\n<meta name=\"description\" content=\"Compra Prime H810m-e Mb Asus H810 Intel S-1851 Serie 2 \/2x Ddr5 6400 \/hdmi \/2x Dp \/2x M.2 \/2x Usb 3.2 \/micro Atx \/gama Basica + Env\u00edo a domicilio + Pago seguro + Garant\u00eda\" \/>\n<meta name=\"robots\" content=\"index, follow, max-snippet:-1, max-image-preview:large, max-video-preview:-1\" \/>\n<link rel=\"canonical\" href=\"https:\/\/compuviper.mx\/tienda\/producto\/asus-oem-prime-h810m-e-mb-asus-h810-intel-s-1851-serie-2-2x-ddr5-6400-hdmi-2x-dp-2x-m-2-2x-usb-3-2-micro-atx-gama-basica\/\" \/>\n<meta property=\"og:locale\" content=\"es_MX\" \/>\n<meta property=\"og:type\" content=\"article\" \/>\n<meta property=\"og:title\" content=\"[ Asus Oem ] &#129351; Prime H810m-e Mb Asus H810 Intel S-1851 Serie 2 \/2x Ddr5 6400 \/hdmi \/2x Dp \/2x M.2 \/2x Usb 3.2 \/micro Atx \/gama Basica\" \/>\n<meta property=\"og:description\" content=\"Compra Prime H810m-e Mb Asus H810 Intel S-1851 Serie 2 \/2x Ddr5 6400 \/hdmi \/2x Dp \/2x M.2 \/2x Usb 3.2 \/micro Atx \/gama Basica + Env\u00edo a domicilio + Pago seguro + Garant\u00eda\" \/>\n<meta property=\"og:url\" content=\"https:\/\/compuviper.mx\/tienda\/producto\/asus-oem-prime-h810m-e-mb-asus-h810-intel-s-1851-serie-2-2x-ddr5-6400-hdmi-2x-dp-2x-m-2-2x-usb-3-2-micro-atx-gama-basica\/\" \/>\n<meta property=\"og:site_name\" content=\"Compuviper\" \/>\n<meta property=\"article:publisher\" content=\"https:\/\/www.facebook.com\/compuviper\" \/>\n<meta property=\"article:modified_time\" content=\"2026-05-02T06:00:15+00:00\" \/>\n<meta name=\"twitter:card\" content=\"summary_large_image\" \/>\n<meta name=\"twitter:label1\" content=\"Precio\" \/>\n\t<meta name=\"twitter:data1\" content=\"&#36;1,602 con IVA\" \/>\n\t<meta name=\"twitter:label2\" content=\"Availability\" \/>\n\t<meta name=\"twitter:data2\" content=\"In stock\" \/>\n<script type=\"application\/ld+json\" class=\"yoast-schema-graph\">{\"@context\":\"https:\/\/schema.org\",\"@graph\":[{\"@type\":\"WebPage\",\"@id\":\"https:\/\/compuviper.mx\/tienda\/producto\/asus-oem-prime-h810m-e-mb-asus-h810-intel-s-1851-serie-2-2x-ddr5-6400-hdmi-2x-dp-2x-m-2-2x-usb-3-2-micro-atx-gama-basica\/\",\"url\":\"https:\/\/compuviper.mx\/tienda\/producto\/asus-oem-prime-h810m-e-mb-asus-h810-intel-s-1851-serie-2-2x-ddr5-6400-hdmi-2x-dp-2x-m-2-2x-usb-3-2-micro-atx-gama-basica\/\",\"name\":\"[ Asus Oem ] &#129351; Prime H810m-e Mb Asus H810 Intel S-1851 Serie 2 \/2x Ddr5 6400 \/hdmi \/2x Dp \/2x M.2 \/2x Usb 3.2 \/micro Atx \/gama Basica\",\"isPartOf\":{\"@id\":\"https:\/\/compuviper.mx\/tienda\/#website\"},\"datePublished\":\"2026-05-01T06:44:09+00:00\",\"dateModified\":\"2026-05-02T06:00:15+00:00\",\"description\":\"Compra Prime H810m-e Mb Asus H810 Intel S-1851 Serie 2 \/2x Ddr5 6400 \/hdmi \/2x Dp \/2x M.2 \/2x Usb 3.2 \/micro Atx \/gama Basica + Env\u00edo a domicilio + Pago seguro + Garant\u00eda\",\"breadcrumb\":{\"@id\":\"https:\/\/compuviper.mx\/tienda\/producto\/asus-oem-prime-h810m-e-mb-asus-h810-intel-s-1851-serie-2-2x-ddr5-6400-hdmi-2x-dp-2x-m-2-2x-usb-3-2-micro-atx-gama-basica\/#breadcrumb\"},\"inLanguage\":\"es-MX\",\"potentialAction\":[{\"@type\":\"ReadAction\",\"target\":[\"https:\/\/compuviper.mx\/tienda\/producto\/asus-oem-prime-h810m-e-mb-asus-h810-intel-s-1851-serie-2-2x-ddr5-6400-hdmi-2x-dp-2x-m-2-2x-usb-3-2-micro-atx-gama-basica\/\"]}]},{\"@type\":\"BreadcrumbList\",\"@id\":\"https:\/\/compuviper.mx\/tienda\/producto\/asus-oem-prime-h810m-e-mb-asus-h810-intel-s-1851-serie-2-2x-ddr5-6400-hdmi-2x-dp-2x-m-2-2x-usb-3-2-micro-atx-gama-basica\/#breadcrumb\",\"itemListElement\":[{\"@type\":\"ListItem\",\"position\":1,\"name\":\"Inicio\",\"item\":\"https:\/\/compuviper.mx\/tienda\/\"},{\"@type\":\"ListItem\",\"position\":2,\"name\":\"Productos\",\"item\":\"https:\/\/compuviper.mx\/tienda\/productos\/\"},{\"@type\":\"ListItem\",\"position\":3,\"name\":\"Tarjeta Madre\",\"item\":\"https:\/\/compuviper.mx\/tienda\/categoria-producto\/tarjeta-madre\/\"},{\"@type\":\"ListItem\",\"position\":4,\"name\":\"Socket 1851\",\"item\":\"https:\/\/compuviper.mx\/tienda\/categoria-producto\/tarjeta-madre\/socket-1851\/\"},{\"@type\":\"ListItem\",\"position\":5,\"name\":\"Asus Oem Prime H810m-e Mb Asus H810 Intel S-1851 Serie 2 \/2x Ddr5 6400 \/hdmi \/2x Dp \/2x M.2 \/2x Usb 3.2 \/micro Atx \/gama Basica\"}]},{\"@type\":\"WebSite\",\"@id\":\"https:\/\/compuviper.mx\/tienda\/#website\",\"url\":\"https:\/\/compuviper.mx\/tienda\/\",\"name\":\"Compuviper\",\"description\":\"Proveedor de Computadoras, Laptops, Servidores, Monitores, Puntos de Venta, Teclados,   Impresoras, T\u00f3ner, C\u00e1maras de Seguridad y m\u00e1s en tu tienda en l\u00ednea\",\"publisher\":{\"@id\":\"https:\/\/compuviper.mx\/tienda\/#organization\"},\"potentialAction\":[{\"@type\":\"SearchAction\",\"target\":{\"@type\":\"EntryPoint\",\"urlTemplate\":\"https:\/\/compuviper.mx\/tienda\/?s={search_term_string}\"},\"query-input\":\"required name=search_term_string\"}],\"inLanguage\":\"es-MX\"},{\"@type\":\"Organization\",\"@id\":\"https:\/\/compuviper.mx\/tienda\/#organization\",\"name\":\"Compuviper\",\"url\":\"https:\/\/compuviper.mx\/tienda\/\",\"logo\":{\"@type\":\"ImageObject\",\"inLanguage\":\"es-MX\",\"@id\":\"https:\/\/compuviper.mx\/tienda\/#\/schema\/logo\/image\/\",\"url\":\"https:\/\/compuviper.mx\/tienda\/wp-content\/uploads\/2021\/08\/Logo-Compuviper-10.png\",\"contentUrl\":\"https:\/\/compuviper.mx\/tienda\/wp-content\/uploads\/2021\/08\/Logo-Compuviper-10.png\",\"width\":1000,\"height\":500,\"caption\":\"Compuviper\"},\"image\":{\"@id\":\"https:\/\/compuviper.mx\/tienda\/#\/schema\/logo\/image\/\"},\"sameAs\":[\"https:\/\/www.facebook.com\/compuviper\",\"https:\/\/www.youtube.com\/channel\/UCf73dERp9Y3cfOq7q8BhLjA?view_as=subscriber\"]}]}<\/script>\n<meta property=\"product:brand\" content=\"Asus Oem\" \/>\n<meta property=\"product:price:amount\" content=\"1602\" \/>\n<meta property=\"product:price:currency\" content=\"MXN\" \/>\n<meta property=\"og:availability\" content=\"instock\" \/>\n<meta property=\"product:availability\" content=\"instock\" \/>\n<meta property=\"product:retailer_item_id\" content=\"PRIME H810M-E\" \/>\n<meta property=\"product:condition\" content=\"new\" \/>\n<!-- \/ Yoast SEO plugin. -->","yoast_head_json":{"title":"[ Asus Oem ] &#129351; Prime H810m-e Mb Asus H810 Intel S-1851 Serie 2 \/2x Ddr5 6400 \/hdmi \/2x Dp \/2x M.2 \/2x Usb 3.2 \/micro Atx \/gama Basica","description":"Compra Prime H810m-e Mb Asus H810 Intel S-1851 Serie 2 \/2x Ddr5 6400 \/hdmi \/2x Dp \/2x M.2 \/2x Usb 3.2 \/micro Atx \/gama Basica + Env\u00edo a domicilio + Pago seguro + Garant\u00eda","robots":{"index":"index","follow":"follow","max-snippet":"max-snippet:-1","max-image-preview":"max-image-preview:large","max-video-preview":"max-video-preview:-1"},"canonical":"https:\/\/compuviper.mx\/tienda\/producto\/asus-oem-prime-h810m-e-mb-asus-h810-intel-s-1851-serie-2-2x-ddr5-6400-hdmi-2x-dp-2x-m-2-2x-usb-3-2-micro-atx-gama-basica\/","og_locale":"es_MX","og_type":"article","og_title":"[ Asus Oem ] &#129351; Prime H810m-e Mb Asus H810 Intel S-1851 Serie 2 \/2x Ddr5 6400 \/hdmi \/2x Dp \/2x M.2 \/2x Usb 3.2 \/micro Atx \/gama Basica","og_description":"Compra Prime H810m-e Mb Asus H810 Intel S-1851 Serie 2 \/2x Ddr5 6400 \/hdmi \/2x Dp \/2x M.2 \/2x Usb 3.2 \/micro Atx \/gama Basica + Env\u00edo a domicilio + Pago seguro + Garant\u00eda","og_url":"https:\/\/compuviper.mx\/tienda\/producto\/asus-oem-prime-h810m-e-mb-asus-h810-intel-s-1851-serie-2-2x-ddr5-6400-hdmi-2x-dp-2x-m-2-2x-usb-3-2-micro-atx-gama-basica\/","og_site_name":"Compuviper","article_publisher":"https:\/\/www.facebook.com\/compuviper","article_modified_time":"2026-05-02T06:00:15+00:00","twitter_card":"summary_large_image","twitter_misc":{"Precio":"&#36;1,602 con IVA","Availability":"In stock"},"schema":{"@context":"https:\/\/schema.org","@graph":[{"@type":"WebPage","@id":"https:\/\/compuviper.mx\/tienda\/producto\/asus-oem-prime-h810m-e-mb-asus-h810-intel-s-1851-serie-2-2x-ddr5-6400-hdmi-2x-dp-2x-m-2-2x-usb-3-2-micro-atx-gama-basica\/","url":"https:\/\/compuviper.mx\/tienda\/producto\/asus-oem-prime-h810m-e-mb-asus-h810-intel-s-1851-serie-2-2x-ddr5-6400-hdmi-2x-dp-2x-m-2-2x-usb-3-2-micro-atx-gama-basica\/","name":"[ Asus Oem ] &#129351; Prime H810m-e Mb Asus H810 Intel S-1851 Serie 2 \/2x Ddr5 6400 \/hdmi \/2x Dp \/2x M.2 \/2x Usb 3.2 \/micro Atx \/gama Basica","isPartOf":{"@id":"https:\/\/compuviper.mx\/tienda\/#website"},"datePublished":"2026-05-01T06:44:09+00:00","dateModified":"2026-05-02T06:00:15+00:00","description":"Compra Prime H810m-e Mb Asus H810 Intel S-1851 Serie 2 \/2x Ddr5 6400 \/hdmi \/2x Dp \/2x M.2 \/2x Usb 3.2 \/micro Atx \/gama Basica + Env\u00edo a domicilio + Pago seguro + Garant\u00eda","breadcrumb":{"@id":"https:\/\/compuviper.mx\/tienda\/producto\/asus-oem-prime-h810m-e-mb-asus-h810-intel-s-1851-serie-2-2x-ddr5-6400-hdmi-2x-dp-2x-m-2-2x-usb-3-2-micro-atx-gama-basica\/#breadcrumb"},"inLanguage":"es-MX","potentialAction":[{"@type":"ReadAction","target":["https:\/\/compuviper.mx\/tienda\/producto\/asus-oem-prime-h810m-e-mb-asus-h810-intel-s-1851-serie-2-2x-ddr5-6400-hdmi-2x-dp-2x-m-2-2x-usb-3-2-micro-atx-gama-basica\/"]}]},{"@type":"BreadcrumbList","@id":"https:\/\/compuviper.mx\/tienda\/producto\/asus-oem-prime-h810m-e-mb-asus-h810-intel-s-1851-serie-2-2x-ddr5-6400-hdmi-2x-dp-2x-m-2-2x-usb-3-2-micro-atx-gama-basica\/#breadcrumb","itemListElement":[{"@type":"ListItem","position":1,"name":"Inicio","item":"https:\/\/compuviper.mx\/tienda\/"},{"@type":"ListItem","position":2,"name":"Productos","item":"https:\/\/compuviper.mx\/tienda\/productos\/"},{"@type":"ListItem","position":3,"name":"Tarjeta Madre","item":"https:\/\/compuviper.mx\/tienda\/categoria-producto\/tarjeta-madre\/"},{"@type":"ListItem","position":4,"name":"Socket 1851","item":"https:\/\/compuviper.mx\/tienda\/categoria-producto\/tarjeta-madre\/socket-1851\/"},{"@type":"ListItem","position":5,"name":"Asus Oem Prime H810m-e Mb Asus H810 Intel S-1851 Serie 2 \/2x Ddr5 6400 \/hdmi \/2x Dp \/2x M.2 \/2x Usb 3.2 \/micro Atx \/gama Basica"}]},{"@type":"WebSite","@id":"https:\/\/compuviper.mx\/tienda\/#website","url":"https:\/\/compuviper.mx\/tienda\/","name":"Compuviper","description":"Proveedor de Computadoras, Laptops, Servidores, Monitores, Puntos de Venta, Teclados,   Impresoras, T\u00f3ner, C\u00e1maras de Seguridad y m\u00e1s en tu tienda en l\u00ednea","publisher":{"@id":"https:\/\/compuviper.mx\/tienda\/#organization"},"potentialAction":[{"@type":"SearchAction","target":{"@type":"EntryPoint","urlTemplate":"https:\/\/compuviper.mx\/tienda\/?s={search_term_string}"},"query-input":"required name=search_term_string"}],"inLanguage":"es-MX"},{"@type":"Organization","@id":"https:\/\/compuviper.mx\/tienda\/#organization","name":"Compuviper","url":"https:\/\/compuviper.mx\/tienda\/","logo":{"@type":"ImageObject","inLanguage":"es-MX","@id":"https:\/\/compuviper.mx\/tienda\/#\/schema\/logo\/image\/","url":"https:\/\/compuviper.mx\/tienda\/wp-content\/uploads\/2021\/08\/Logo-Compuviper-10.png","contentUrl":"https:\/\/compuviper.mx\/tienda\/wp-content\/uploads\/2021\/08\/Logo-Compuviper-10.png","width":1000,"height":500,"caption":"Compuviper"},"image":{"@id":"https:\/\/compuviper.mx\/tienda\/#\/schema\/logo\/image\/"},"sameAs":["https:\/\/www.facebook.com\/compuviper","https:\/\/www.youtube.com\/channel\/UCf73dERp9Y3cfOq7q8BhLjA?view_as=subscriber"]}]},"product_brand":"Asus Oem","product_price_amount":"1602","product_price_currency":"MXN","og_availability":"instock","product_availability":"instock","product_retailer_item_id":"PRIME H810M-E","product_condition":"new"},"_links":{"self":[{"href":"https:\/\/compuviper.mx\/tienda\/wp-json\/wp\/v2\/product\/268047"}],"collection":[{"href":"https:\/\/compuviper.mx\/tienda\/wp-json\/wp\/v2\/product"}],"about":[{"href":"https:\/\/compuviper.mx\/tienda\/wp-json\/wp\/v2\/types\/product"}],"replies":[{"embeddable":true,"href":"https:\/\/compuviper.mx\/tienda\/wp-json\/wp\/v2\/comments?post=268047"}],"wp:attachment":[{"href":"https:\/\/compuviper.mx\/tienda\/wp-json\/wp\/v2\/media?parent=268047"}],"wp:term":[{"taxonomy":"product_cat","embeddable":true,"href":"https:\/\/compuviper.mx\/tienda\/wp-json\/wp\/v2\/product_cat?post=268047"},{"taxonomy":"product_tag","embeddable":true,"href":"https:\/\/compuviper.mx\/tienda\/wp-json\/wp\/v2\/product_tag?post=268047"}],"curies":[{"name":"wp","href":"https:\/\/api.w.org\/{rel}","templated":true}]}}