{"id":268044,"date":"2026-04-25T00:40:51","date_gmt":"2026-04-25T06:40:51","guid":{"rendered":"https:\/\/compuviper.mx\/tienda\/producto\/gigabyte-b850m-d3hp-tarjeta-madre-socket-amd-am5-ddr5-hdmi-dp-micro-atx-gama-media\/"},"modified":"2026-04-26T00:00:21","modified_gmt":"2026-04-26T06:00:21","slug":"gigabyte-b850m-d3hp-tarjeta-madre-socket-amd-am5-ddr5-hdmi-dp-micro-atx-gama-media","status":"publish","type":"product","link":"https:\/\/compuviper.mx\/tienda\/producto\/gigabyte-b850m-d3hp-tarjeta-madre-socket-amd-am5-ddr5-hdmi-dp-micro-atx-gama-media\/","title":{"rendered":"Gigabyte B850m D3hp Tarjeta Madre   \/ Socket Amd Am5 \/ Ddr5 \/ Hdmi \/ Dp \/ Micro Atx \/ Gama Media"},"content":{"rendered":"<table class=\"descripcion\">\n<tr>\n<td>Procesador<\/td>\n<\/tr>\n<tr>\n<td>Amd socket am5, soporte para:<\/td>\n<\/tr>\n<tr>\n<td>Procesadores amd ryzen serie 9000\/<\/td>\n<\/tr>\n<tr>\n<td>Procesadores amd ryzen serie 8000\/<\/td>\n<\/tr>\n<tr>\n<td>Procesadores amd ryzen serie 7000<\/td>\n<\/tr>\n<tr>\n<td>(visite el sitio web de gigabyte para obtener la lista m\u00e1s reciente de cpu compatibles).<\/td>\n<\/tr>\n<tr>\n<td>Conjunto de chips<\/td>\n<\/tr>\n<tr>\n<td>Amd b850<\/td>\n<\/tr>\n<tr>\n<td>Memoria<\/td>\n<\/tr>\n<tr>\n<td>Soporte para m\u00f3dulos de memoria ddr5 8200(oc) \/ 8000(oc) \/ 7800(oc) \/ 7600(oc) \/ 7200(oc) \/ 7000(oc) \/ 6800(oc) \/ 6666(oc) \/ 6600(oc) \/ 6400(oc) \/ 6200(oc) \/ 6000(oc) \/ 5600(oc) \/ 5200 \/ 4800 \/ 4400 mt\/s<\/td>\n<\/tr>\n<tr>\n<td>4 z\u00f3calos dimm ddr5 que admiten hasta 256 gb (capacidad de dimm individual de 64 gb) de memoria del sistema<\/td>\n<\/tr>\n<tr>\n<td>Arquitectura de memoria de doble canal<\/td>\n<\/tr>\n<tr>\n<td>Soporte para m\u00f3dulos de memoria dimm sin b\u00fafer 1rx8\/2rx8\/1rx16 no ecc<\/td>\n<\/tr>\n<tr>\n<td>Soporte para m\u00f3dulos de memoria amd extended profiles for overclocking (amd expo\u0099) y extreme memory profile (xmp)<\/td>\n<\/tr>\n<tr>\n<td>(la configuraci\u00f3n de la cpu y la memoria puede afectar la (para obtener m\u00e1s informaci\u00f3n sobre tipos de memoria, velocidad de datos y n\u00famero de m\u00f3dulos dram, consulte la lista de compatibilidad de memoria en el sitio web de gigabyte).<\/td>\n<\/tr>\n<tr>\n<td>Gr\u00e1ficos integrados<\/td>\n<\/tr>\n<tr>\n<td>Procesador gr\u00e1fico integrado con compatibilidad con gr\u00e1ficos amd radeon\u0099:<\/td>\n<\/tr>\n<tr>\n<td>&#8211; 1 puerto hdmi, compatible con una resoluci\u00f3n m\u00e1xima de 4096 x 2160 a 60 hz<\/td>\n<\/tr>\n<tr>\n<td>* compatibilidad con la versi\u00f3n hdmi 2.1, hdcp 2.3 y hdr.<\/td>\n<\/tr>\n<tr>\n<td>** compatibilidad con puertos compatibles con hdmi 2.1 tmds nativos.<\/td>\n<\/tr>\n<tr>\n<td>&#8211; 2 x displayport, que admiten una resoluci\u00f3n m\u00e1xima de 3840 x 2160 a 144 hz<\/td>\n<\/tr>\n<tr>\n<td>* soporte para la versi\u00f3n displayport 1.4.<\/td>\n<\/tr>\n<tr>\n<td>(las especificaciones gr\u00e1ficas pueden variar seg\u00fan la compatibilidad de la cpu).<\/td>\n<\/tr>\n<tr>\n<td>Admite hasta tres pantallas al mismo tiempo.<\/td>\n<\/tr>\n<tr>\n<td>Audio<\/td>\n<\/tr>\n<tr>\n<td>Codec de audio realtek\u00ae<\/td>\n<\/tr>\n<tr>\n<td>Audio de alta definici\u00f3n<\/td>\n<\/tr>\n<tr>\n<td>De 2\/4\/5.1\/7.1 canales<\/td>\n<\/tr>\n<tr>\n<td>* puede cambiar la funcionalidad de un conector de audio mediante el software de audio. para configurar el audio de 7.1 canales, acceda a la configuraci\u00f3n de audio del software de audio.<\/td>\n<\/tr>\n<tr>\n<td>Y<\/td>\n<\/tr>\n<tr>\n<td>Chip lan realtek\u00ae gbe (1 gbps\/100 mbps\/10 mbps)<\/td>\n<\/tr>\n<tr>\n<td>Puertos de expansi\u00f3n<\/td>\n<\/tr>\n<tr>\n<td>1 ranura pci express x16 (pciex16), integrada en la cpu:<\/td>\n<\/tr>\n<tr>\n<td>Los procesadores amd ryzen\u0099 serie 9000\/7000 admiten el modo pcie 5.0 x16<\/td>\n<\/tr>\n<tr>\n<td>Los procesadores amd ryzen\u0099 serie 8000-phoenix 1 admiten el modo pcie 4.0 x8<\/td>\n<\/tr>\n<tr>\n<td>Los procesadores amd ryzen\u0099 serie 8000-phoenix 2 admiten el modo pcie 4.0 x4<\/td>\n<\/tr>\n<tr>\n<td>* la ranura pciex16 solo admite una tarjeta gr\u00e1fica o un ssd nvme. si solo se va a instalar una tarjeta gr\u00e1fica, aseg\u00farese de instalarla en la ranura pciex16.<\/td>\n<\/tr>\n<tr>\n<td>Chipset:<\/td>\n<\/tr>\n<tr>\n<td>&#8211; 1 ranura pci express x16, compatible con pcie 3.0 y funcionando a x4 (pciex4)<\/td>\n<\/tr>\n<tr>\n<td>Interfaz de almacenamiento<\/td>\n<\/tr>\n<tr>\n<td>1 conector m.2 (m2a_cpu), integrado en la cpu, compatible con socket 3, clave m, tipo ssd 2580\/2280:<\/td>\n<\/tr>\n<tr>\n<td>Los procesadores amd ryzen\u0099 serie 9000\/7000 admiten ssd pcie 5.0 x4\/x2<\/td>\n<\/tr>\n<tr>\n<td>Los procesadores amd ryzen\u0099 serie 8000-phoenix 1 admiten ssd pcie 4.0 x4\/x2<\/td>\n<\/tr>\n<tr>\n<td>Los procesadores amd ryzen\u0099 serie 8000-phoenix 2 admiten ssd pcie 4.0 x4\/x2<\/td>\n<\/tr>\n<tr>\n<td>1 conector m.2 (m2b_cpu), integrado en la cpu, compatible con socket 3, clave m, tipo ssd 22110\/2280:<\/td>\n<\/tr>\n<tr>\n<td>Los procesadores amd ryzen\u0099 serie 9000\/7000 admiten ssd pcie 4.0 x4\/x2 los<\/td>\n<\/tr>\n<tr>\n<td>Procesadores amd ryzen\u0099 serie 8000-phoenix 1 admiten ssd pcie ssd 4.0 x4\/x2<\/td>\n<\/tr>\n<tr>\n<td>Los procesadores amd ryzen\u0099 serie 8000-phoenix 2 admiten ssd pcie 4.0 x2<\/td>\n<\/tr>\n<tr>\n<td>4 conectores sata de 6 gb\/s<\/td>\n<\/tr>\n<tr>\n<td>Compatibilidad con raid 0, raid 1, raid 5 y raid 10 para dispositivos de almacenamiento ssd nvme<\/td>\n<\/tr>\n<tr>\n<td>* raid 5 solo est\u00e1 disponible en los procesadores amd ryzen serie 9000.<\/td>\n<\/tr>\n<tr>\n<td>Compatibilidad con raid 0, raid 1 y raid 10 para dispositivos de almacenamiento sata<\/td>\n<\/tr>\n<tr>\n<td>Usb<\/td>\n<\/tr>\n<tr>\n<td>Cpu:<\/td>\n<\/tr>\n<tr>\n<td>&#8211; 1 puerto usb type-c\u00ae en el panel posterior, compatible con usb 3.2 gen 1<\/td>\n<\/tr>\n<tr>\n<td>&#8211; 1 puerto usb 3.2 gen 1 en el panel posterior<\/td>\n<\/tr>\n<tr>\n<td>&#8211; 1 puerto usb 2.0\/1.1 en el panel posterior<\/td>\n<\/tr>\n<tr>\n<td>Chipset:<\/td>\n<\/tr>\n<tr>\n<td>&#8211; 1 puerto usb type-c\u00ae compatible con usb 3.2 gen 1, disponible a trav\u00e9s del conector usb interno<\/td>\n<\/tr>\n<tr>\n<td>&#8211; 4 puertos usb 3.2 gen 1 (2 puertos en el panel posterior, 2 puertos disponibles a trav\u00e9s del conector usb interno)<\/td>\n<\/tr>\n<tr>\n<td>&#8211; 5 puertos usb 2.0\/1.1 (1 puerto en el panel posterior, 4 puertos disponibles a trav\u00e9s de los conectores usb internos)<\/td>\n<\/tr>\n<tr>\n<td>Conectores internos de e\/s<\/td>\n<\/tr>\n<tr>\n<td>1 conector de alimentaci\u00f3n principal atx de 24 pines<\/td>\n<\/tr>\n<tr>\n<td>1 conector de alimentaci\u00f3n atx de 12 v y 8 pines<\/td>\n<\/tr>\n<tr>\n<td>1 cabezal de ventilador de cpu<\/td>\n<\/tr>\n<tr>\n<td>1 cabezal de bomba de refrigeraci\u00f3n l\u00edquida\/ventilador de cpu<\/td>\n<\/tr>\n<tr>\n<td>1 cabezal de ventilador del sistema<\/td>\n<\/tr>\n<tr>\n<td>1 cabezal de bomba de refrigeraci\u00f3n l\u00edquida\/ventilador del sistema<\/td>\n<\/tr>\n<tr>\n<td>2 cabezales de tira led rgb gen2 direccionables<\/td>\n<\/tr>\n<tr>\n<td>1 cabezal de tira led rgb<\/td>\n<\/tr>\n<tr>\n<td>2 conectores m.2 socket 3<\/td>\n<\/tr>\n<tr>\n<td>4 conectores sata de 6 gb\/s<\/td>\n<\/tr>\n<tr>\n<td>1 cabezal de panel frontal<\/td>\n<\/tr>\n<tr>\n<td>1 cabezal de audio del panel frontal<\/td>\n<\/tr>\n<tr>\n<td>1 cabezal usb type-c\u00ae, compatible con usb 3.2 gen 1<\/td>\n<\/tr>\n<tr>\n<td>1 cabezal usb 3.2 gen 1<\/td>\n<\/tr>\n<tr>\n<td>2 cabezales usb 2.0\/1.1<\/td>\n<\/tr>\n<tr>\n<td>1 cabezal de m\u00f3dulo de plataforma segura (solo para el m\u00f3dulo gc-tpm2.0 spi\/gc-tpm2.0 spi 2.0\/gc-tpm2.0 spi v2)<\/td>\n<\/tr>\n<tr>\n<td>1 puente de reinicio 1 puente<\/td>\n<\/tr>\n<tr>\n<td>De borrado de cmos<\/td>\n<\/tr>\n<tr>\n<td>Conectores del panel trasero<\/td>\n<\/tr>\n<tr>\n<td>1 puerto hdmi (nota)<\/td>\n<\/tr>\n<tr>\n<td>2 displayports (nota)<\/td>\n<\/tr>\n<tr>\n<td>1 puerto ps\/2 para teclado\/mouse<\/td>\n<\/tr>\n<tr>\n<td>1 bot\u00f3n q-flash plus<\/td>\n<\/tr>\n<tr>\n<td>1 puerto usb type-c\u00ae, compatible con usb 3.2 gen 1<\/td>\n<\/tr>\n<tr>\n<td>3 puertos usb 3.2 gen 1<\/td>\n<\/tr>\n<tr>\n<td>2 puertos usb 2.0\/1.1<\/td>\n<\/tr>\n<tr>\n<td>1 puerto rj-45<\/td>\n<\/tr>\n<tr>\n<td>3 conectores de audio<\/td>\n<\/tr>\n<tr>\n<td>(nota) el soporte real puede variar seg\u00fan la cpu.<\/td>\n<\/tr>\n<tr>\n<td>Controlador de e\/s<\/td>\n<\/tr>\n<tr>\n<td>Chip controlador de e\/s ite\u00ae<\/td>\n<\/tr>\n<tr>\n<td>Monitorizaci\u00f3n h\/w<\/td>\n<\/tr>\n<tr>\n<td>Detecci\u00f3n de voltaje<\/td>\n<\/tr>\n<tr>\n<td>Detecci\u00f3n de temperatura<\/td>\n<\/tr>\n<tr>\n<td>Detecci\u00f3n de velocidad del ventilador<\/td>\n<\/tr>\n<tr>\n<td>Detecci\u00f3n del caudal de refrigeraci\u00f3n por agua<\/td>\n<\/tr>\n<tr>\n<td>Advertencia de falla del ventilador<\/td>\n<\/tr>\n<tr>\n<td>Control de velocidad del ventilador<\/td>\n<\/tr>\n<tr>\n<td>* la compatibilidad de la funci\u00f3n de control de velocidad del ventilador (bomba) depender\u00e1 del ventilador (bomba) que instale.<\/td>\n<\/tr>\n<tr>\n<td>Bios<\/td>\n<\/tr>\n<tr>\n<td>1 x 256 mbit flash<\/td>\n<\/tr>\n<tr>\n<td>Uso de ami uefi bios<\/td>\n<\/tr>\n<tr>\n<td>Pnp 1.0a, dmi 2.7, wfm 2.0, sm bios 2.7, acpi 5.0 con licencia<\/td>\n<\/tr>\n<tr>\n<td>Caracter\u00edsticas \u00fanicas<\/td>\n<\/tr>\n<tr>\n<td>Soporte para gigabyte control center (gcc)<\/td>\n<\/tr>\n<tr>\n<td>* las aplicaciones disponibles en gcc pueden variar seg\u00fan el modelo de placa base. las funciones compatibles con cada aplicaci\u00f3n tambi\u00e9n pueden variar seg\u00fan las especificaciones de la placa base.<\/td>\n<\/tr>\n<tr>\n<td>Soporte para q-flash<\/td>\n<\/tr>\n<tr>\n<td>Soporte para q-flash plus<\/td>\n<\/tr>\n<tr>\n<td>Soporte para smart backup<\/td>\n<\/tr>\n<tr>\n<td>Software incluido<\/td>\n<\/tr>\n<tr>\n<td>Software de gesti\u00f3n del ancho de banda lan norton\u00ae internet security (versi\u00f3n oem)<\/td>\n<\/tr>\n<tr>\n<td>Sistema operativo<\/td>\n<\/tr>\n<tr>\n<td>Compatibilidad con windows 11 de 64 bits<\/td>\n<\/tr>\n<tr>\n<td>Compatibilidad con windows 10 de 64 bits<\/td>\n<\/tr>\n<tr>\n<td>Dise\u00f1o<\/td>\n<\/tr>\n<tr>\n<td>Factor de forma micro atx; 24,4 cm x 24,4 cm<\/td>\n<\/tr>\n<\/table>\n","protected":false},"excerpt":{"rendered":"<p>Caracter\u00edsticas principales. El modo turbo x3d libera un rendimiento de juego de nueva generaci\u00f3n. Amd socket am5 : compatible con procesadores amd ryzen\u0099 de las series 9000\/8000\/7000. Soluci\u00f3n vrm digital de 5+2+2 fases. Ddr5 de doble canal : 4 dimm compatibles con el m\u00f3dulo de memoria amd expo?. Ez-latch : ranura pcie x16 con dise\u00f1o de liberaci\u00f3n r\u00e1pida. Interfaz de usuario amigable : m\u00faltiples temas, control de ventilador aio y escaneo autom\u00e1tico q-flash en bios y sw. Almacenamiento ultrarr\u00e1pido : 2 ranuras m.2, incluida 1 pcie 5.0 x4. Redes r\u00e1pidas : lan gbe. Conectividad extendida : 2*dp, hdmi<\/p>\n","protected":false},"featured_media":0,"comment_status":"open","ping_status":"open","template":"","meta":[],"product_cat":[2240,1727],"product_tag":[1732],"acf":[],"yoast_head":"<!-- This site is optimized with the Yoast SEO plugin v21.7 - https:\/\/yoast.com\/wordpress\/plugins\/seo\/ -->\n<title>[ Gigabyte ] &#129351; B850m D3hp Tarjeta Madre \/ Socket Amd Am5 \/ Ddr5 \/ Hdmi \/ Dp \/ Micro Atx \/ Gama Media<\/title>\n<meta name=\"description\" content=\"Compra B850m D3hp Tarjeta Madre \/ Socket Amd Am5 \/ Ddr5 \/ Hdmi \/ Dp \/ Micro Atx \/ Gama Media + Env\u00edo a domicilio + Pago seguro + Garant\u00eda\" \/>\n<meta name=\"robots\" content=\"index, follow, max-snippet:-1, max-image-preview:large, max-video-preview:-1\" \/>\n<link rel=\"canonical\" href=\"https:\/\/compuviper.mx\/tienda\/producto\/gigabyte-b850m-d3hp-tarjeta-madre-socket-amd-am5-ddr5-hdmi-dp-micro-atx-gama-media\/\" \/>\n<meta property=\"og:locale\" content=\"es_MX\" \/>\n<meta property=\"og:type\" content=\"article\" \/>\n<meta property=\"og:title\" content=\"[ Gigabyte ] &#129351; B850m D3hp Tarjeta Madre \/ Socket Amd Am5 \/ Ddr5 \/ Hdmi \/ Dp \/ Micro Atx \/ Gama Media\" \/>\n<meta property=\"og:description\" content=\"Compra B850m D3hp Tarjeta Madre \/ Socket Amd Am5 \/ Ddr5 \/ Hdmi \/ Dp \/ Micro Atx \/ Gama Media + Env\u00edo a domicilio + Pago seguro + Garant\u00eda\" \/>\n<meta property=\"og:url\" content=\"https:\/\/compuviper.mx\/tienda\/producto\/gigabyte-b850m-d3hp-tarjeta-madre-socket-amd-am5-ddr5-hdmi-dp-micro-atx-gama-media\/\" \/>\n<meta property=\"og:site_name\" content=\"Compuviper\" \/>\n<meta property=\"article:publisher\" content=\"https:\/\/www.facebook.com\/compuviper\" \/>\n<meta property=\"article:modified_time\" content=\"2026-04-26T06:00:21+00:00\" \/>\n<meta name=\"twitter:card\" content=\"summary_large_image\" \/>\n<meta name=\"twitter:label1\" content=\"Precio\" \/>\n\t<meta name=\"twitter:data1\" content=\"&#36;2,176 con IVA\" \/>\n\t<meta name=\"twitter:label2\" content=\"Availability\" \/>\n\t<meta name=\"twitter:data2\" content=\"In stock\" \/>\n<script type=\"application\/ld+json\" class=\"yoast-schema-graph\">{\"@context\":\"https:\/\/schema.org\",\"@graph\":[{\"@type\":\"WebPage\",\"@id\":\"https:\/\/compuviper.mx\/tienda\/producto\/gigabyte-b850m-d3hp-tarjeta-madre-socket-amd-am5-ddr5-hdmi-dp-micro-atx-gama-media\/\",\"url\":\"https:\/\/compuviper.mx\/tienda\/producto\/gigabyte-b850m-d3hp-tarjeta-madre-socket-amd-am5-ddr5-hdmi-dp-micro-atx-gama-media\/\",\"name\":\"[ Gigabyte ] &#129351; B850m D3hp Tarjeta Madre \/ Socket Amd Am5 \/ Ddr5 \/ Hdmi \/ Dp \/ Micro Atx \/ Gama Media\",\"isPartOf\":{\"@id\":\"https:\/\/compuviper.mx\/tienda\/#website\"},\"datePublished\":\"2026-04-25T06:40:51+00:00\",\"dateModified\":\"2026-04-26T06:00:21+00:00\",\"description\":\"Compra B850m D3hp Tarjeta Madre \/ Socket Amd Am5 \/ Ddr5 \/ Hdmi \/ Dp \/ Micro Atx \/ Gama Media + Env\u00edo a domicilio + Pago seguro + Garant\u00eda\",\"breadcrumb\":{\"@id\":\"https:\/\/compuviper.mx\/tienda\/producto\/gigabyte-b850m-d3hp-tarjeta-madre-socket-amd-am5-ddr5-hdmi-dp-micro-atx-gama-media\/#breadcrumb\"},\"inLanguage\":\"es-MX\",\"potentialAction\":[{\"@type\":\"ReadAction\",\"target\":[\"https:\/\/compuviper.mx\/tienda\/producto\/gigabyte-b850m-d3hp-tarjeta-madre-socket-amd-am5-ddr5-hdmi-dp-micro-atx-gama-media\/\"]}]},{\"@type\":\"BreadcrumbList\",\"@id\":\"https:\/\/compuviper.mx\/tienda\/producto\/gigabyte-b850m-d3hp-tarjeta-madre-socket-amd-am5-ddr5-hdmi-dp-micro-atx-gama-media\/#breadcrumb\",\"itemListElement\":[{\"@type\":\"ListItem\",\"position\":1,\"name\":\"Inicio\",\"item\":\"https:\/\/compuviper.mx\/tienda\/\"},{\"@type\":\"ListItem\",\"position\":2,\"name\":\"Productos\",\"item\":\"https:\/\/compuviper.mx\/tienda\/productos\/\"},{\"@type\":\"ListItem\",\"position\":3,\"name\":\"Tarjeta Madre\",\"item\":\"https:\/\/compuviper.mx\/tienda\/categoria-producto\/tarjeta-madre\/\"},{\"@type\":\"ListItem\",\"position\":4,\"name\":\"Socket Am5\",\"item\":\"https:\/\/compuviper.mx\/tienda\/categoria-producto\/tarjeta-madre\/socket-am5\/\"},{\"@type\":\"ListItem\",\"position\":5,\"name\":\"Gigabyte B850m D3hp Tarjeta Madre \/ Socket Amd Am5 \/ Ddr5 \/ Hdmi \/ Dp \/ Micro Atx \/ Gama Media\"}]},{\"@type\":\"WebSite\",\"@id\":\"https:\/\/compuviper.mx\/tienda\/#website\",\"url\":\"https:\/\/compuviper.mx\/tienda\/\",\"name\":\"Compuviper\",\"description\":\"Proveedor de Computadoras, Laptops, Servidores, Monitores, Puntos de Venta, Teclados,   Impresoras, T\u00f3ner, C\u00e1maras de Seguridad y m\u00e1s en tu tienda en l\u00ednea\",\"publisher\":{\"@id\":\"https:\/\/compuviper.mx\/tienda\/#organization\"},\"potentialAction\":[{\"@type\":\"SearchAction\",\"target\":{\"@type\":\"EntryPoint\",\"urlTemplate\":\"https:\/\/compuviper.mx\/tienda\/?s={search_term_string}\"},\"query-input\":\"required name=search_term_string\"}],\"inLanguage\":\"es-MX\"},{\"@type\":\"Organization\",\"@id\":\"https:\/\/compuviper.mx\/tienda\/#organization\",\"name\":\"Compuviper\",\"url\":\"https:\/\/compuviper.mx\/tienda\/\",\"logo\":{\"@type\":\"ImageObject\",\"inLanguage\":\"es-MX\",\"@id\":\"https:\/\/compuviper.mx\/tienda\/#\/schema\/logo\/image\/\",\"url\":\"https:\/\/compuviper.mx\/tienda\/wp-content\/uploads\/2021\/08\/Logo-Compuviper-10.png\",\"contentUrl\":\"https:\/\/compuviper.mx\/tienda\/wp-content\/uploads\/2021\/08\/Logo-Compuviper-10.png\",\"width\":1000,\"height\":500,\"caption\":\"Compuviper\"},\"image\":{\"@id\":\"https:\/\/compuviper.mx\/tienda\/#\/schema\/logo\/image\/\"},\"sameAs\":[\"https:\/\/www.facebook.com\/compuviper\",\"https:\/\/www.youtube.com\/channel\/UCf73dERp9Y3cfOq7q8BhLjA?view_as=subscriber\"]}]}<\/script>\n<meta property=\"product:brand\" content=\"GIGABYTE\" \/>\n<meta property=\"product:price:amount\" content=\"2176\" \/>\n<meta property=\"product:price:currency\" content=\"MXN\" \/>\n<meta property=\"og:availability\" content=\"instock\" \/>\n<meta property=\"product:availability\" content=\"instock\" \/>\n<meta property=\"product:retailer_item_id\" content=\"B850M D3HP\" \/>\n<meta property=\"product:condition\" content=\"new\" \/>\n<!-- \/ Yoast SEO plugin. -->","yoast_head_json":{"title":"[ Gigabyte ] &#129351; B850m D3hp Tarjeta Madre \/ Socket Amd Am5 \/ Ddr5 \/ Hdmi \/ Dp \/ Micro Atx \/ Gama Media","description":"Compra B850m D3hp Tarjeta Madre \/ Socket Amd Am5 \/ Ddr5 \/ Hdmi \/ Dp \/ Micro Atx \/ Gama Media + Env\u00edo a domicilio + Pago seguro + Garant\u00eda","robots":{"index":"index","follow":"follow","max-snippet":"max-snippet:-1","max-image-preview":"max-image-preview:large","max-video-preview":"max-video-preview:-1"},"canonical":"https:\/\/compuviper.mx\/tienda\/producto\/gigabyte-b850m-d3hp-tarjeta-madre-socket-amd-am5-ddr5-hdmi-dp-micro-atx-gama-media\/","og_locale":"es_MX","og_type":"article","og_title":"[ Gigabyte ] &#129351; B850m D3hp Tarjeta Madre \/ Socket Amd Am5 \/ Ddr5 \/ Hdmi \/ Dp \/ Micro Atx \/ Gama Media","og_description":"Compra B850m D3hp Tarjeta Madre \/ Socket Amd Am5 \/ Ddr5 \/ Hdmi \/ Dp \/ Micro Atx \/ Gama Media + Env\u00edo a domicilio + Pago seguro + Garant\u00eda","og_url":"https:\/\/compuviper.mx\/tienda\/producto\/gigabyte-b850m-d3hp-tarjeta-madre-socket-amd-am5-ddr5-hdmi-dp-micro-atx-gama-media\/","og_site_name":"Compuviper","article_publisher":"https:\/\/www.facebook.com\/compuviper","article_modified_time":"2026-04-26T06:00:21+00:00","twitter_card":"summary_large_image","twitter_misc":{"Precio":"&#36;2,176 con IVA","Availability":"In stock"},"schema":{"@context":"https:\/\/schema.org","@graph":[{"@type":"WebPage","@id":"https:\/\/compuviper.mx\/tienda\/producto\/gigabyte-b850m-d3hp-tarjeta-madre-socket-amd-am5-ddr5-hdmi-dp-micro-atx-gama-media\/","url":"https:\/\/compuviper.mx\/tienda\/producto\/gigabyte-b850m-d3hp-tarjeta-madre-socket-amd-am5-ddr5-hdmi-dp-micro-atx-gama-media\/","name":"[ Gigabyte ] &#129351; B850m D3hp Tarjeta Madre \/ Socket Amd Am5 \/ Ddr5 \/ Hdmi \/ Dp \/ Micro Atx \/ Gama Media","isPartOf":{"@id":"https:\/\/compuviper.mx\/tienda\/#website"},"datePublished":"2026-04-25T06:40:51+00:00","dateModified":"2026-04-26T06:00:21+00:00","description":"Compra B850m D3hp Tarjeta Madre \/ Socket Amd Am5 \/ Ddr5 \/ Hdmi \/ Dp \/ Micro Atx \/ Gama Media + Env\u00edo a domicilio + Pago seguro + Garant\u00eda","breadcrumb":{"@id":"https:\/\/compuviper.mx\/tienda\/producto\/gigabyte-b850m-d3hp-tarjeta-madre-socket-amd-am5-ddr5-hdmi-dp-micro-atx-gama-media\/#breadcrumb"},"inLanguage":"es-MX","potentialAction":[{"@type":"ReadAction","target":["https:\/\/compuviper.mx\/tienda\/producto\/gigabyte-b850m-d3hp-tarjeta-madre-socket-amd-am5-ddr5-hdmi-dp-micro-atx-gama-media\/"]}]},{"@type":"BreadcrumbList","@id":"https:\/\/compuviper.mx\/tienda\/producto\/gigabyte-b850m-d3hp-tarjeta-madre-socket-amd-am5-ddr5-hdmi-dp-micro-atx-gama-media\/#breadcrumb","itemListElement":[{"@type":"ListItem","position":1,"name":"Inicio","item":"https:\/\/compuviper.mx\/tienda\/"},{"@type":"ListItem","position":2,"name":"Productos","item":"https:\/\/compuviper.mx\/tienda\/productos\/"},{"@type":"ListItem","position":3,"name":"Tarjeta Madre","item":"https:\/\/compuviper.mx\/tienda\/categoria-producto\/tarjeta-madre\/"},{"@type":"ListItem","position":4,"name":"Socket Am5","item":"https:\/\/compuviper.mx\/tienda\/categoria-producto\/tarjeta-madre\/socket-am5\/"},{"@type":"ListItem","position":5,"name":"Gigabyte B850m D3hp Tarjeta Madre \/ Socket Amd Am5 \/ Ddr5 \/ Hdmi \/ Dp \/ Micro Atx \/ Gama Media"}]},{"@type":"WebSite","@id":"https:\/\/compuviper.mx\/tienda\/#website","url":"https:\/\/compuviper.mx\/tienda\/","name":"Compuviper","description":"Proveedor de Computadoras, Laptops, Servidores, Monitores, Puntos de Venta, Teclados,   Impresoras, T\u00f3ner, C\u00e1maras de Seguridad y m\u00e1s en tu tienda en l\u00ednea","publisher":{"@id":"https:\/\/compuviper.mx\/tienda\/#organization"},"potentialAction":[{"@type":"SearchAction","target":{"@type":"EntryPoint","urlTemplate":"https:\/\/compuviper.mx\/tienda\/?s={search_term_string}"},"query-input":"required name=search_term_string"}],"inLanguage":"es-MX"},{"@type":"Organization","@id":"https:\/\/compuviper.mx\/tienda\/#organization","name":"Compuviper","url":"https:\/\/compuviper.mx\/tienda\/","logo":{"@type":"ImageObject","inLanguage":"es-MX","@id":"https:\/\/compuviper.mx\/tienda\/#\/schema\/logo\/image\/","url":"https:\/\/compuviper.mx\/tienda\/wp-content\/uploads\/2021\/08\/Logo-Compuviper-10.png","contentUrl":"https:\/\/compuviper.mx\/tienda\/wp-content\/uploads\/2021\/08\/Logo-Compuviper-10.png","width":1000,"height":500,"caption":"Compuviper"},"image":{"@id":"https:\/\/compuviper.mx\/tienda\/#\/schema\/logo\/image\/"},"sameAs":["https:\/\/www.facebook.com\/compuviper","https:\/\/www.youtube.com\/channel\/UCf73dERp9Y3cfOq7q8BhLjA?view_as=subscriber"]}]},"product_brand":"GIGABYTE","product_price_amount":"2176","product_price_currency":"MXN","og_availability":"instock","product_availability":"instock","product_retailer_item_id":"B850M D3HP","product_condition":"new"},"_links":{"self":[{"href":"https:\/\/compuviper.mx\/tienda\/wp-json\/wp\/v2\/product\/268044"}],"collection":[{"href":"https:\/\/compuviper.mx\/tienda\/wp-json\/wp\/v2\/product"}],"about":[{"href":"https:\/\/compuviper.mx\/tienda\/wp-json\/wp\/v2\/types\/product"}],"replies":[{"embeddable":true,"href":"https:\/\/compuviper.mx\/tienda\/wp-json\/wp\/v2\/comments?post=268044"}],"wp:attachment":[{"href":"https:\/\/compuviper.mx\/tienda\/wp-json\/wp\/v2\/media?parent=268044"}],"wp:term":[{"taxonomy":"product_cat","embeddable":true,"href":"https:\/\/compuviper.mx\/tienda\/wp-json\/wp\/v2\/product_cat?post=268044"},{"taxonomy":"product_tag","embeddable":true,"href":"https:\/\/compuviper.mx\/tienda\/wp-json\/wp\/v2\/product_tag?post=268044"}],"curies":[{"name":"wp","href":"https:\/\/api.w.org\/{rel}","templated":true}]}}