{"id":268043,"date":"2026-04-25T00:40:50","date_gmt":"2026-04-25T06:40:50","guid":{"rendered":"https:\/\/compuviper.mx\/tienda\/producto\/gigabyte-a620m-ds3h-tarjeta-madre-amd-socket-am5-ddr5-dp-hdmi-micro-atx-gama-basica\/"},"modified":"2026-04-26T00:00:21","modified_gmt":"2026-04-26T06:00:21","slug":"gigabyte-a620m-ds3h-tarjeta-madre-amd-socket-am5-ddr5-dp-hdmi-micro-atx-gama-basica","status":"publish","type":"product","link":"https:\/\/compuviper.mx\/tienda\/producto\/gigabyte-a620m-ds3h-tarjeta-madre-amd-socket-am5-ddr5-dp-hdmi-micro-atx-gama-basica\/","title":{"rendered":"Gigabyte A620m Ds3h Tarjeta Madre   \/ Amd Socket Am5 \/ Ddr5 \/ Dp \/ Hdmi \/ Micro Atx \/ Gama Basica"},"content":{"rendered":"<table class=\"descripcion\">\n<tr>\n<td>Procesador<\/td>\n<\/tr>\n<tr>\n<td>Amd socket am5, soporte para:<\/td>\n<\/tr>\n<tr>\n<td>Procesadores amd ryzen serie 7000 \/ ryzen 8000 \/ ryzen 9000<\/td>\n<\/tr>\n<tr>\n<td>(consulte la lista de cpu compatibles para obtener m\u00e1s informaci\u00f3n).<\/td>\n<\/tr>\n<tr>\n<td>Conjunto de chips<\/td>\n<\/tr>\n<tr>\n<td>Amd a620<\/td>\n<\/tr>\n<tr>\n<td>Memoria<\/td>\n<\/tr>\n<tr>\n<td>Soporte para m\u00f3dulos de memoria ddr5 8000(oc)\/ 7800(oc)\/ 7600(oc)\/ 7200(oc)\/ 7000(oc)\/ 6800(oc)\/ 6600(oc)\/ 6400(oc)\/ 6200(oc)\/ 6000(oc)\/ 5600(oc)\/ 5200\/ 4800 mt\/s<\/td>\n<\/tr>\n<tr>\n<td>4 z\u00f3calos dimm ddr5 que admiten hasta 256 gb (capacidad de dimm individual de 64 gb) de memoria del sistema<\/td>\n<\/tr>\n<tr>\n<td>Arquitectura de memoria de doble canal<\/td>\n<\/tr>\n<tr>\n<td>Soporte para m\u00f3dulos de memoria dimm sin b\u00fafer 1rx8\/2rx8\/1rx16 no ecc<\/td>\n<\/tr>\n<tr>\n<td>Soporte para m\u00f3dulos de memoria amd extended profiles for overclocking (amd expo\u0099) y extreme memory profile (xmp)<\/td>\n<\/tr>\n<tr>\n<td>(la configuraci\u00f3n de la cpu y la memoria puede afectar los tipos de memoria admitidos, la velocidad de datos (velocidad) y la cantidad de m\u00f3dulos dram, consulte soporte de memoria (consulte la lista en el sitio web de gigabyte para obtener m\u00e1s informaci\u00f3n).<\/td>\n<\/tr>\n<tr>\n<td>Gr\u00e1fica integrada<\/td>\n<\/tr>\n<tr>\n<td>Procesador de gr\u00e1ficos integrado:<\/td>\n<\/tr>\n<tr>\n<td>&#8211; 1 x displayport, que admite una resoluci\u00f3n m\u00e1xima de 3840&#215;2160 a 144 hz<\/td>\n<\/tr>\n<tr>\n<td>* soporte para la versi\u00f3n displayport 1.4.<\/td>\n<\/tr>\n<tr>\n<td>&#8211; 1 x puerto hdmi, que admite una resoluci\u00f3n m\u00e1xima de 4096&#215;2160 a 60 hz<\/td>\n<\/tr>\n<tr>\n<td>* soporte para la versi\u00f3n hdmi 2.1 y hdcp 2.3.<\/td>\n<\/tr>\n<tr>\n<td>* soporte para puertos compatibles con hdmi 2.1 tmds nativos.<\/td>\n<\/tr>\n<tr>\n<td>&#8211; 1 x puerto d-sub, que admite una resoluci\u00f3n m\u00e1xima de 1920&#215;1200 a 60 hz<\/td>\n<\/tr>\n<tr>\n<td>Admite hasta tres pantallas al mismo tiempo<\/td>\n<\/tr>\n<tr>\n<td>(las especificaciones gr\u00e1ficas pueden variar seg\u00fan el soporte de la cpu).<\/td>\n<\/tr>\n<tr>\n<td>Audio<\/td>\n<\/tr>\n<tr>\n<td>C\u00f3dec de audio realtek<\/td>\n<\/tr>\n<tr>\n<td>Audio de alta definici\u00f3n<\/td>\n<\/tr>\n<tr>\n<td>De 2\/4\/5.1\/7.1 canales<\/td>\n<\/tr>\n<tr>\n<td>* puede cambiar la funcionalidad de un conector de audio mediante el software de audio. para configurar el audio de 7.1 canales, acceda a la configuraci\u00f3n de audio del software de audio.<\/td>\n<\/tr>\n<tr>\n<td>Y<\/td>\n<\/tr>\n<tr>\n<td>Chip lan realtek gbe (1 gbps\/100 mbps\/10 mbps)<\/td>\n<\/tr>\n<tr>\n<td>Z\u00f3calos de expansi\u00f3n<\/td>\n<\/tr>\n<tr>\n<td>1 ranura pci express x16 (pciex16), integrada en la cpu:<\/td>\n<\/tr>\n<tr>\n<td>&#8211; los procesadores amd ryzen\u0099 serie 9000\/7000 admiten el modo pcie 4.0 x16<\/td>\n<\/tr>\n<tr>\n<td>&#8211; los procesadores amd ryzen\u0099 serie 8000-phoenix 1 admiten el modo pcie 4.0 x8<\/td>\n<\/tr>\n<tr>\n<td>&#8211; los procesadores amd ryzen\u0099 serie 8000-phoenix 2 admiten el modo pcie 4.0 x4<\/td>\n<\/tr>\n<tr>\n<td>* la ranura pciex16 solo admite una tarjeta gr\u00e1fica o un ssd nvme. si solo se va a instalar una tarjeta gr\u00e1fica, aseg\u00farese de instalarla en la ranura pciex16.<\/td>\n<\/tr>\n<tr>\n<td>Chipset:<\/td>\n<\/tr>\n<tr>\n<td>&#8211; 1 ranura pci express x1, compatible con pcie 3.0 y funcionando a x1 (pciex1)<\/td>\n<\/tr>\n<tr>\n<td>Interfaz de almacenamiento<\/td>\n<\/tr>\n<tr>\n<td>1 conector m.2 (m2a_cpu), integrado en la cpu, compatible con socket 3, clave m, tipo 2580\/2280 ssd:<\/td>\n<\/tr>\n<tr>\n<td>&#8211; los procesadores amd ryzen serie 9000\/7000 admiten ssd pcie 4.0 x4\/x2<\/td>\n<\/tr>\n<tr>\n<td>&#8211; los procesadores amd ryzen serie 8000-phoenix 1 admiten ssd pcie 4.0 x4\/x2<\/td>\n<\/tr>\n<tr>\n<td>&#8211; los procesadores amd ryzen serie 8000-phoenix 2 admiten ssd pcie 4.0 x4\/x2<\/td>\n<\/tr>\n<tr>\n<td>4 conectores sata de 6 gb\/s<\/td>\n<\/tr>\n<tr>\n<td>Compatibilidad con raid 0, raid 1 y raid 10 para dispositivos de almacenamiento ssd nvme<\/td>\n<\/tr>\n<tr>\n<td>Compatibilidad con raid 0, raid 1 y raid 10 para dispositivos de almacenamiento sata<\/td>\n<\/tr>\n<tr>\n<td>Usb<\/td>\n<\/tr>\n<tr>\n<td>Cpu:<\/td>\n<\/tr>\n<tr>\n<td>&#8211; 1 puerto usb type-c en el panel posterior, con soporte usb 3.2 gen 1<\/td>\n<\/tr>\n<tr>\n<td>&#8211; 1 puerto usb 3.2 gen 1 en el panel posterior<\/td>\n<\/tr>\n<tr>\n<td>&#8211; 1 puerto usb 2.0\/1.1 en el panel posterior<\/td>\n<\/tr>\n<tr>\n<td>Chipset:<\/td>\n<\/tr>\n<tr>\n<td>&#8211; 2 puertos usb 3.2 gen 1 disponibles a trav\u00e9s del encabezado usb interno<\/td>\n<\/tr>\n<tr>\n<td>&#8211; 5 puertos usb 2.0\/1.1 (3 puertos en el panel posterior, 2 puertos disponibles a trav\u00e9s del encabezado usb interno)<\/td>\n<\/tr>\n<tr>\n<td>Conectores internos e\/s<\/td>\n<\/tr>\n<tr>\n<td>1 conector de alimentaci\u00f3n principal atx de 24 pines<\/td>\n<\/tr>\n<tr>\n<td>1 conector de alimentaci\u00f3n atx de 12 v y 8 pines<\/td>\n<\/tr>\n<tr>\n<td>1 cabezal de ventilador de cpu<\/td>\n<\/tr>\n<tr>\n<td>2 cabezales de ventilador de sistema<\/td>\n<\/tr>\n<tr>\n<td>1 cabezal de tira de led direccionable<\/td>\n<\/tr>\n<tr>\n<td>1 cabezal de tira de led rgb<\/td>\n<\/tr>\n<tr>\n<td>1 conector m.2 socket 3<\/td>\n<\/tr>\n<tr>\n<td>4 conectores sata de 6 gb\/s<\/td>\n<\/tr>\n<tr>\n<td>1 cabezal de panel frontal<\/td>\n<\/tr>\n<tr>\n<td>1 cabezal de audio del panel frontal<\/td>\n<\/tr>\n<tr>\n<td>1 cabezal usb 3.2 gen 1<\/td>\n<\/tr>\n<tr>\n<td>1 cabezal usb 2.0\/1.1<\/td>\n<\/tr>\n<tr>\n<td>1 cabezal de m\u00f3dulo de plataforma segura (solo para el m\u00f3dulo gc-tpm2.0 spi\/gc-tpm2.0 spi 2.0\/gc-tpm2.0 spi v2)<\/td>\n<\/tr>\n<tr>\n<td>1 puente clear cmos<\/td>\n<\/tr>\n<tr>\n<td>Panel e\/s trasero<\/td>\n<\/tr>\n<tr>\n<td>1 puerto para teclado\/mouse ps\/2<\/td>\n<\/tr>\n<tr>\n<td>1 puerto usb type-c\u00ae compatible con usb 3.2 gen 1<\/td>\n<\/tr>\n<tr>\n<td>1 puerto usb 3.2 gen 1<\/td>\n<\/tr>\n<tr>\n<td>4 puertos usb 2.0\/1.1<\/td>\n<\/tr>\n<tr>\n<td>1 puerto hdmi 1<\/td>\n<\/tr>\n<tr>\n<td>Displayport<\/td>\n<\/tr>\n<tr>\n<td>1 puerto d-sub<\/td>\n<\/tr>\n<tr>\n<td>1 puerto rj-45<\/td>\n<\/tr>\n<tr>\n<td>3 conectores de audio<\/td>\n<\/tr>\n<tr>\n<td>Controlador de e\/s<\/td>\n<\/tr>\n<tr>\n<td>Chip controlador de e\/s ite\u00ae<\/td>\n<\/tr>\n<tr>\n<td>Monitorizaci\u00f3n hardware<\/td>\n<\/tr>\n<tr>\n<td>Detecci\u00f3n de voltaje<\/td>\n<\/tr>\n<tr>\n<td>Detecci\u00f3n de temperatura<\/td>\n<\/tr>\n<tr>\n<td>Detecci\u00f3n de velocidad del ventilador<\/td>\n<\/tr>\n<tr>\n<td>Advertencia de falla del ventilador<\/td>\n<\/tr>\n<tr>\n<td>Control de velocidad del ventilador<\/td>\n<\/tr>\n<tr>\n<td>* si la funci\u00f3n de control de velocidad del ventilador es compatible depender\u00e1 del ventilador que instale.<\/td>\n<\/tr>\n<tr>\n<td>Bios<\/td>\n<\/tr>\n<tr>\n<td>1 x 256 mbit flash<\/td>\n<\/tr>\n<tr>\n<td>Uso de ami uefi bios<\/td>\n<\/tr>\n<tr>\n<td>Pnp 1.0a, dmi 2.7, wfm 2.0, sm bios 2.7, acpi 5.0 con licencia<\/td>\n<\/tr>\n<tr>\n<td>Otras caracter\u00edsticas<\/td>\n<\/tr>\n<tr>\n<td>Soporte para gigabyte control center (gcc)<\/td>\n<\/tr>\n<tr>\n<td>* las aplicaciones disponibles en gcc pueden variar seg\u00fan el modelo de placa base. las funciones compatibles con cada aplicaci\u00f3n tambi\u00e9n pueden variar seg\u00fan las especificaciones de la placa base.<\/td>\n<\/tr>\n<tr>\n<td>Soporte para q-flash<\/td>\n<\/tr>\n<tr>\n<td>Soporte para q-flash plus<\/td>\n<\/tr>\n<tr>\n<td>Software incluido<\/td>\n<\/tr>\n<tr>\n<td>Software de gesti\u00f3n del ancho de banda lan norton\u00ae internet security (versi\u00f3n oem)<\/td>\n<\/tr>\n<tr>\n<td>Sistema operativo<\/td>\n<\/tr>\n<tr>\n<td>Compatibilidad con windows 11 de 64 bits<\/td>\n<\/tr>\n<tr>\n<td>Compatibilidad con windows 10 de 64 bits<\/td>\n<\/tr>\n<tr>\n<td>Formato<\/td>\n<\/tr>\n<tr>\n<td>Factor de forma micro atx; 24,4 cm x 24,4 cm<\/td>\n<\/tr>\n<\/table>\n","protected":false},"excerpt":{"rendered":"<p>A620m ds3h. Socket am5 de amd: compatible con procesadores de las series amd ryzen 7000\/ryzen 8000\/ryzen 9000. Rendimiento incomparable: soluci\u00f3n vrm digital de 5+2+2 fases. Ddr5 de doble canal: 4 dimm smd compatibles con m\u00f3dulos de memoria amd expo e intel xmp. Almacenamiento superspeed: conector pcie 4.0 x4 m.2. Ez-latch: ranura pcie x16 con dise\u00f1o de liberaci\u00f3n r\u00e1pida. Redes r\u00e1pidas: lan gbe. Conectividad extendida: dp, hdmi, d-sub. Ventilador inteligente 6: cuenta con m\u00faltiples sensores de temperatura, cabezales de ventilador h\u00edbridos con funci\u00f3n fan stop. Q-flash plus: actualiza la bios sin instalar la cpu, la memoria ni la tarjeta gr\u00e1fica<\/p>\n","protected":false},"featured_media":0,"comment_status":"open","ping_status":"open","template":"","meta":[],"product_cat":[2240,1727],"product_tag":[1732],"acf":[],"yoast_head":"<!-- This site is optimized with the Yoast SEO plugin v21.7 - https:\/\/yoast.com\/wordpress\/plugins\/seo\/ -->\n<title>[ Gigabyte ] &#129351; A620m Ds3h Tarjeta Madre \/ Amd Socket Am5 \/ Ddr5 \/ Dp \/ Hdmi \/ Micro Atx \/ Gama Basica<\/title>\n<meta name=\"description\" content=\"Compra A620m Ds3h Tarjeta Madre \/ Amd Socket Am5 \/ Ddr5 \/ Dp \/ Hdmi \/ Micro Atx \/ Gama Basica + Env\u00edo a domicilio + Pago seguro + Garant\u00eda\" \/>\n<meta name=\"robots\" content=\"index, follow, max-snippet:-1, max-image-preview:large, max-video-preview:-1\" \/>\n<link rel=\"canonical\" href=\"https:\/\/compuviper.mx\/tienda\/producto\/gigabyte-a620m-ds3h-tarjeta-madre-amd-socket-am5-ddr5-dp-hdmi-micro-atx-gama-basica\/\" \/>\n<meta property=\"og:locale\" content=\"es_MX\" \/>\n<meta property=\"og:type\" content=\"article\" \/>\n<meta property=\"og:title\" content=\"[ Gigabyte ] &#129351; A620m Ds3h Tarjeta Madre \/ Amd Socket Am5 \/ Ddr5 \/ Dp \/ Hdmi \/ Micro Atx \/ Gama Basica\" \/>\n<meta property=\"og:description\" content=\"Compra A620m Ds3h Tarjeta Madre \/ Amd Socket Am5 \/ Ddr5 \/ Dp \/ Hdmi \/ Micro Atx \/ Gama Basica + Env\u00edo a domicilio + Pago seguro + Garant\u00eda\" \/>\n<meta property=\"og:url\" content=\"https:\/\/compuviper.mx\/tienda\/producto\/gigabyte-a620m-ds3h-tarjeta-madre-amd-socket-am5-ddr5-dp-hdmi-micro-atx-gama-basica\/\" \/>\n<meta property=\"og:site_name\" content=\"Compuviper\" \/>\n<meta property=\"article:publisher\" content=\"https:\/\/www.facebook.com\/compuviper\" \/>\n<meta property=\"article:modified_time\" content=\"2026-04-26T06:00:21+00:00\" \/>\n<meta name=\"twitter:card\" content=\"summary_large_image\" \/>\n<meta name=\"twitter:label1\" content=\"Precio\" \/>\n\t<meta name=\"twitter:data1\" content=\"&#36;1,735 con IVA\" \/>\n\t<meta name=\"twitter:label2\" content=\"Availability\" \/>\n\t<meta name=\"twitter:data2\" content=\"In stock\" \/>\n<script type=\"application\/ld+json\" class=\"yoast-schema-graph\">{\"@context\":\"https:\/\/schema.org\",\"@graph\":[{\"@type\":\"WebPage\",\"@id\":\"https:\/\/compuviper.mx\/tienda\/producto\/gigabyte-a620m-ds3h-tarjeta-madre-amd-socket-am5-ddr5-dp-hdmi-micro-atx-gama-basica\/\",\"url\":\"https:\/\/compuviper.mx\/tienda\/producto\/gigabyte-a620m-ds3h-tarjeta-madre-amd-socket-am5-ddr5-dp-hdmi-micro-atx-gama-basica\/\",\"name\":\"[ Gigabyte ] &#129351; A620m Ds3h Tarjeta Madre \/ Amd Socket Am5 \/ Ddr5 \/ Dp \/ Hdmi \/ Micro Atx \/ Gama Basica\",\"isPartOf\":{\"@id\":\"https:\/\/compuviper.mx\/tienda\/#website\"},\"datePublished\":\"2026-04-25T06:40:50+00:00\",\"dateModified\":\"2026-04-26T06:00:21+00:00\",\"description\":\"Compra A620m Ds3h Tarjeta Madre \/ Amd Socket Am5 \/ Ddr5 \/ Dp \/ Hdmi \/ Micro Atx \/ Gama Basica + Env\u00edo a domicilio + Pago seguro + Garant\u00eda\",\"breadcrumb\":{\"@id\":\"https:\/\/compuviper.mx\/tienda\/producto\/gigabyte-a620m-ds3h-tarjeta-madre-amd-socket-am5-ddr5-dp-hdmi-micro-atx-gama-basica\/#breadcrumb\"},\"inLanguage\":\"es-MX\",\"potentialAction\":[{\"@type\":\"ReadAction\",\"target\":[\"https:\/\/compuviper.mx\/tienda\/producto\/gigabyte-a620m-ds3h-tarjeta-madre-amd-socket-am5-ddr5-dp-hdmi-micro-atx-gama-basica\/\"]}]},{\"@type\":\"BreadcrumbList\",\"@id\":\"https:\/\/compuviper.mx\/tienda\/producto\/gigabyte-a620m-ds3h-tarjeta-madre-amd-socket-am5-ddr5-dp-hdmi-micro-atx-gama-basica\/#breadcrumb\",\"itemListElement\":[{\"@type\":\"ListItem\",\"position\":1,\"name\":\"Inicio\",\"item\":\"https:\/\/compuviper.mx\/tienda\/\"},{\"@type\":\"ListItem\",\"position\":2,\"name\":\"Productos\",\"item\":\"https:\/\/compuviper.mx\/tienda\/productos\/\"},{\"@type\":\"ListItem\",\"position\":3,\"name\":\"Tarjeta Madre\",\"item\":\"https:\/\/compuviper.mx\/tienda\/categoria-producto\/tarjeta-madre\/\"},{\"@type\":\"ListItem\",\"position\":4,\"name\":\"Socket Am5\",\"item\":\"https:\/\/compuviper.mx\/tienda\/categoria-producto\/tarjeta-madre\/socket-am5\/\"},{\"@type\":\"ListItem\",\"position\":5,\"name\":\"Gigabyte A620m Ds3h Tarjeta Madre \/ Amd Socket Am5 \/ Ddr5 \/ Dp \/ Hdmi \/ Micro Atx \/ Gama Basica\"}]},{\"@type\":\"WebSite\",\"@id\":\"https:\/\/compuviper.mx\/tienda\/#website\",\"url\":\"https:\/\/compuviper.mx\/tienda\/\",\"name\":\"Compuviper\",\"description\":\"Proveedor de Computadoras, Laptops, Servidores, Monitores, Puntos de Venta, Teclados,   Impresoras, T\u00f3ner, C\u00e1maras de Seguridad y m\u00e1s en tu tienda en l\u00ednea\",\"publisher\":{\"@id\":\"https:\/\/compuviper.mx\/tienda\/#organization\"},\"potentialAction\":[{\"@type\":\"SearchAction\",\"target\":{\"@type\":\"EntryPoint\",\"urlTemplate\":\"https:\/\/compuviper.mx\/tienda\/?s={search_term_string}\"},\"query-input\":\"required name=search_term_string\"}],\"inLanguage\":\"es-MX\"},{\"@type\":\"Organization\",\"@id\":\"https:\/\/compuviper.mx\/tienda\/#organization\",\"name\":\"Compuviper\",\"url\":\"https:\/\/compuviper.mx\/tienda\/\",\"logo\":{\"@type\":\"ImageObject\",\"inLanguage\":\"es-MX\",\"@id\":\"https:\/\/compuviper.mx\/tienda\/#\/schema\/logo\/image\/\",\"url\":\"https:\/\/compuviper.mx\/tienda\/wp-content\/uploads\/2021\/08\/Logo-Compuviper-10.png\",\"contentUrl\":\"https:\/\/compuviper.mx\/tienda\/wp-content\/uploads\/2021\/08\/Logo-Compuviper-10.png\",\"width\":1000,\"height\":500,\"caption\":\"Compuviper\"},\"image\":{\"@id\":\"https:\/\/compuviper.mx\/tienda\/#\/schema\/logo\/image\/\"},\"sameAs\":[\"https:\/\/www.facebook.com\/compuviper\",\"https:\/\/www.youtube.com\/channel\/UCf73dERp9Y3cfOq7q8BhLjA?view_as=subscriber\"]}]}<\/script>\n<meta property=\"product:brand\" content=\"GIGABYTE\" \/>\n<meta property=\"product:price:amount\" content=\"1735\" \/>\n<meta property=\"product:price:currency\" content=\"MXN\" \/>\n<meta property=\"og:availability\" content=\"instock\" \/>\n<meta property=\"product:availability\" content=\"instock\" \/>\n<meta property=\"product:retailer_item_id\" content=\"A620M DS3H\" \/>\n<meta property=\"product:condition\" content=\"new\" \/>\n<!-- \/ Yoast SEO plugin. -->","yoast_head_json":{"title":"[ Gigabyte ] &#129351; A620m Ds3h Tarjeta Madre \/ Amd Socket Am5 \/ Ddr5 \/ Dp \/ Hdmi \/ Micro Atx \/ Gama Basica","description":"Compra A620m Ds3h Tarjeta Madre \/ Amd Socket Am5 \/ Ddr5 \/ Dp \/ Hdmi \/ Micro Atx \/ Gama Basica + Env\u00edo a domicilio + Pago seguro + Garant\u00eda","robots":{"index":"index","follow":"follow","max-snippet":"max-snippet:-1","max-image-preview":"max-image-preview:large","max-video-preview":"max-video-preview:-1"},"canonical":"https:\/\/compuviper.mx\/tienda\/producto\/gigabyte-a620m-ds3h-tarjeta-madre-amd-socket-am5-ddr5-dp-hdmi-micro-atx-gama-basica\/","og_locale":"es_MX","og_type":"article","og_title":"[ Gigabyte ] &#129351; A620m Ds3h Tarjeta Madre \/ Amd Socket Am5 \/ Ddr5 \/ Dp \/ Hdmi \/ Micro Atx \/ Gama Basica","og_description":"Compra A620m Ds3h Tarjeta Madre \/ Amd Socket Am5 \/ Ddr5 \/ Dp \/ Hdmi \/ Micro Atx \/ Gama Basica + Env\u00edo a domicilio + Pago seguro + Garant\u00eda","og_url":"https:\/\/compuviper.mx\/tienda\/producto\/gigabyte-a620m-ds3h-tarjeta-madre-amd-socket-am5-ddr5-dp-hdmi-micro-atx-gama-basica\/","og_site_name":"Compuviper","article_publisher":"https:\/\/www.facebook.com\/compuviper","article_modified_time":"2026-04-26T06:00:21+00:00","twitter_card":"summary_large_image","twitter_misc":{"Precio":"&#36;1,735 con IVA","Availability":"In stock"},"schema":{"@context":"https:\/\/schema.org","@graph":[{"@type":"WebPage","@id":"https:\/\/compuviper.mx\/tienda\/producto\/gigabyte-a620m-ds3h-tarjeta-madre-amd-socket-am5-ddr5-dp-hdmi-micro-atx-gama-basica\/","url":"https:\/\/compuviper.mx\/tienda\/producto\/gigabyte-a620m-ds3h-tarjeta-madre-amd-socket-am5-ddr5-dp-hdmi-micro-atx-gama-basica\/","name":"[ Gigabyte ] &#129351; A620m Ds3h Tarjeta Madre \/ Amd Socket Am5 \/ Ddr5 \/ Dp \/ Hdmi \/ Micro Atx \/ Gama Basica","isPartOf":{"@id":"https:\/\/compuviper.mx\/tienda\/#website"},"datePublished":"2026-04-25T06:40:50+00:00","dateModified":"2026-04-26T06:00:21+00:00","description":"Compra A620m Ds3h Tarjeta Madre \/ Amd Socket Am5 \/ Ddr5 \/ Dp \/ Hdmi \/ Micro Atx \/ Gama Basica + Env\u00edo a domicilio + Pago seguro + Garant\u00eda","breadcrumb":{"@id":"https:\/\/compuviper.mx\/tienda\/producto\/gigabyte-a620m-ds3h-tarjeta-madre-amd-socket-am5-ddr5-dp-hdmi-micro-atx-gama-basica\/#breadcrumb"},"inLanguage":"es-MX","potentialAction":[{"@type":"ReadAction","target":["https:\/\/compuviper.mx\/tienda\/producto\/gigabyte-a620m-ds3h-tarjeta-madre-amd-socket-am5-ddr5-dp-hdmi-micro-atx-gama-basica\/"]}]},{"@type":"BreadcrumbList","@id":"https:\/\/compuviper.mx\/tienda\/producto\/gigabyte-a620m-ds3h-tarjeta-madre-amd-socket-am5-ddr5-dp-hdmi-micro-atx-gama-basica\/#breadcrumb","itemListElement":[{"@type":"ListItem","position":1,"name":"Inicio","item":"https:\/\/compuviper.mx\/tienda\/"},{"@type":"ListItem","position":2,"name":"Productos","item":"https:\/\/compuviper.mx\/tienda\/productos\/"},{"@type":"ListItem","position":3,"name":"Tarjeta Madre","item":"https:\/\/compuviper.mx\/tienda\/categoria-producto\/tarjeta-madre\/"},{"@type":"ListItem","position":4,"name":"Socket Am5","item":"https:\/\/compuviper.mx\/tienda\/categoria-producto\/tarjeta-madre\/socket-am5\/"},{"@type":"ListItem","position":5,"name":"Gigabyte A620m Ds3h Tarjeta Madre \/ Amd Socket Am5 \/ Ddr5 \/ Dp \/ Hdmi \/ Micro Atx \/ Gama Basica"}]},{"@type":"WebSite","@id":"https:\/\/compuviper.mx\/tienda\/#website","url":"https:\/\/compuviper.mx\/tienda\/","name":"Compuviper","description":"Proveedor de Computadoras, Laptops, Servidores, Monitores, Puntos de Venta, Teclados,   Impresoras, T\u00f3ner, C\u00e1maras de Seguridad y m\u00e1s en tu tienda en l\u00ednea","publisher":{"@id":"https:\/\/compuviper.mx\/tienda\/#organization"},"potentialAction":[{"@type":"SearchAction","target":{"@type":"EntryPoint","urlTemplate":"https:\/\/compuviper.mx\/tienda\/?s={search_term_string}"},"query-input":"required name=search_term_string"}],"inLanguage":"es-MX"},{"@type":"Organization","@id":"https:\/\/compuviper.mx\/tienda\/#organization","name":"Compuviper","url":"https:\/\/compuviper.mx\/tienda\/","logo":{"@type":"ImageObject","inLanguage":"es-MX","@id":"https:\/\/compuviper.mx\/tienda\/#\/schema\/logo\/image\/","url":"https:\/\/compuviper.mx\/tienda\/wp-content\/uploads\/2021\/08\/Logo-Compuviper-10.png","contentUrl":"https:\/\/compuviper.mx\/tienda\/wp-content\/uploads\/2021\/08\/Logo-Compuviper-10.png","width":1000,"height":500,"caption":"Compuviper"},"image":{"@id":"https:\/\/compuviper.mx\/tienda\/#\/schema\/logo\/image\/"},"sameAs":["https:\/\/www.facebook.com\/compuviper","https:\/\/www.youtube.com\/channel\/UCf73dERp9Y3cfOq7q8BhLjA?view_as=subscriber"]}]},"product_brand":"GIGABYTE","product_price_amount":"1735","product_price_currency":"MXN","og_availability":"instock","product_availability":"instock","product_retailer_item_id":"A620M DS3H","product_condition":"new"},"_links":{"self":[{"href":"https:\/\/compuviper.mx\/tienda\/wp-json\/wp\/v2\/product\/268043"}],"collection":[{"href":"https:\/\/compuviper.mx\/tienda\/wp-json\/wp\/v2\/product"}],"about":[{"href":"https:\/\/compuviper.mx\/tienda\/wp-json\/wp\/v2\/types\/product"}],"replies":[{"embeddable":true,"href":"https:\/\/compuviper.mx\/tienda\/wp-json\/wp\/v2\/comments?post=268043"}],"wp:attachment":[{"href":"https:\/\/compuviper.mx\/tienda\/wp-json\/wp\/v2\/media?parent=268043"}],"wp:term":[{"taxonomy":"product_cat","embeddable":true,"href":"https:\/\/compuviper.mx\/tienda\/wp-json\/wp\/v2\/product_cat?post=268043"},{"taxonomy":"product_tag","embeddable":true,"href":"https:\/\/compuviper.mx\/tienda\/wp-json\/wp\/v2\/product_tag?post=268043"}],"curies":[{"name":"wp","href":"https:\/\/api.w.org\/{rel}","templated":true}]}}