{"id":268041,"date":"2026-04-25T00:40:33","date_gmt":"2026-04-25T06:40:33","guid":{"rendered":"https:\/\/compuviper.mx\/tienda\/producto\/gigabyte-x870-gaming-x-wifi7-tarjeta-madre-amd-x870-socket-am5-ddr5-4x-8200-mt-s-wifi7-bt-5-4-atx-gaming\/"},"modified":"2026-04-26T00:00:20","modified_gmt":"2026-04-26T06:00:20","slug":"gigabyte-x870-gaming-x-wifi7-tarjeta-madre-amd-x870-socket-am5-ddr5-4x-8200-mt-s-wifi7-bt-5-4-atx-gaming","status":"publish","type":"product","link":"https:\/\/compuviper.mx\/tienda\/producto\/gigabyte-x870-gaming-x-wifi7-tarjeta-madre-amd-x870-socket-am5-ddr5-4x-8200-mt-s-wifi7-bt-5-4-atx-gaming\/","title":{"rendered":"Gigabyte X870 Gaming X Wifi7 Tarjeta Madre   \/ Amd X870 \/ Socket Am5 \/ Ddr5 4x 8200 Mt\/s \/ Wifi7 \/ Bt 5.4 \/ Atx \/ Gaming"},"content":{"rendered":"<table class=\"descripcion\">\n<tr>\n<td>Procesador<\/td>\n<\/tr>\n<tr>\n<td>Amd socket am5, soporte para:<\/td>\n<\/tr>\n<tr>\n<td>Procesadores amd ryzen\u0099 serie 9000\/<\/td>\n<\/tr>\n<tr>\n<td>Procesadores amd ryzen\u0099 serie 8000\/<\/td>\n<\/tr>\n<tr>\n<td>Procesadores amd ryzen\u0099 serie 7000<\/td>\n<\/tr>\n<tr>\n<td>(visite el sitio web de gigabyte para obtener la lista m\u00e1s reciente de procesadores compatibles).<\/td>\n<\/tr>\n<tr>\n<td>Conjunto de chips<\/td>\n<\/tr>\n<tr>\n<td>Amd x870<\/td>\n<\/tr>\n<tr>\n<td>Memoria<\/td>\n<\/tr>\n<tr>\n<td>Soporte para m\u00f3dulos de memoria ddr5 8200(oc)\/8000(oc)\/7800(oc)\/7600(oc)\/7200(oc)\/7000(oc)\/6800(oc)\/6666(oc)\/6600(oc)\/6400(oc)\/6200(oc)\/6000(oc)\/5600(oc)\/5200\/4800\/4400 mt\/s<\/td>\n<\/tr>\n<tr>\n<td>4 z\u00f3calos dimm ddr5 que admiten hasta 256 gb (capacidad de dimm individual de 64 gb) de memoria del sistema<\/td>\n<\/tr>\n<tr>\n<td>Arquitectura de memoria de doble canal<\/td>\n<\/tr>\n<tr>\n<td>Soporte para m\u00f3dulos de memoria dimm sin b\u00fafer 1rx8\/2rx8\/1rx16 no ecc<\/td>\n<\/tr>\n<tr>\n<td>Soporte para m\u00f3dulos de memoria amd extended profiles for overclocking (amd expo\u0099) y extreme memory profile (xmp)<\/td>\n<\/tr>\n<tr>\n<td>(la configuraci\u00f3n de la cpu y la memoria (puede afectar los tipos de memoria admitidos, la velocidad de datos y la cantidad de m\u00f3dulos dram; consulte la lista de compatibilidad de memoria en el sitio web de gigabyte para obtener m\u00e1s informaci\u00f3n).<\/td>\n<\/tr>\n<tr>\n<td>Gr\u00e1fica integrada<\/td>\n<\/tr>\n<tr>\n<td>Procesador de gr\u00e1ficos integrado con soporte para gr\u00e1ficos amd radeon\u0099 + controlador asmedia usb4\u00ae:<\/td>\n<\/tr>\n<tr>\n<td>&#8211; 2 puertos usb4\u00ae usb type-c\u00ae, compatibles con salidas de video usb4 y displayport y una resoluci\u00f3n m\u00e1xima de 3840 x 2160 a 240 hz<\/td>\n<\/tr>\n<tr>\n<td>* soporte para la versi\u00f3n displayport 1.4 y hdr.<\/td>\n<\/tr>\n<tr>\n<td>Procesador gr\u00e1fico integrado con compatibilidad con gr\u00e1ficos amd radeon\u0099:<\/td>\n<\/tr>\n<tr>\n<td>&#8211; 1 puerto hdmi, que admite una resoluci\u00f3n m\u00e1xima de 4096 x 2160 a 60 hz<\/td>\n<\/tr>\n<tr>\n<td>* soporte para la versi\u00f3n hdmi 2.1, hdcp 2.3 y hdr.<\/td>\n<\/tr>\n<tr>\n<td>** soporte para puertos compatibles con hdmi 2.1 tmds nativos.<\/td>\n<\/tr>\n<tr>\n<td>(las especificaciones gr\u00e1ficas pueden variar seg\u00fan la compatibilidad de la cpu).<\/td>\n<\/tr>\n<tr>\n<td>Audio<\/td>\n<\/tr>\n<tr>\n<td>Codec de audio realtek\u00ae<\/td>\n<\/tr>\n<tr>\n<td>Audio de alta definici\u00f3n<\/td>\n<\/tr>\n<tr>\n<td>De 2\/4\/5.1\/7.1 canales<\/td>\n<\/tr>\n<tr>\n<td>* puede cambiar la funcionalidad de un conector de audio mediante el software de audio. para configurar el audio de 7.1 canales, acceda a la configuraci\u00f3n de audio del software.<\/td>\n<\/tr>\n<tr>\n<td>Red local<\/td>\n<\/tr>\n<tr>\n<td>Chip lan realtek\u00ae 2.5gbe (2,5 gbps\/1 gbps\/100 mbps)<\/td>\n<\/tr>\n<tr>\n<td>M\u00f3dulo de comunicaciones inal\u00e1mbricas<\/td>\n<\/tr>\n<tr>\n<td>Mediatek wi-fi 7 mt7925 (pcb rev. 1.0)<\/td>\n<\/tr>\n<tr>\n<td>: 802.11a, b, g, n, ac, ax, be, compatible con bandas de frecuencia portadora de 2,4\/5\/6 ghz<\/td>\n<\/tr>\n<tr>\n<td>&#8211; bluetooth 5.4<\/td>\n<\/tr>\n<tr>\n<td>: compatibilidad con el est\u00e1ndar inal\u00e1mbrico 11be de 160 mhz<\/td>\n<\/tr>\n<tr>\n<td>Realtek\u00ae wi-fi 7 rtl8922ae (pcb rev. 1.1)<\/td>\n<\/tr>\n<tr>\n<td>: 802.11a, b, g, n, ac, ax, be, compatible con bandas de frecuencia portadora de 2,4\/5\/6 ghz<\/td>\n<\/tr>\n<tr>\n<td>&#8211; bluetooth 5.4<\/td>\n<\/tr>\n<tr>\n<td>: compatibilidad con el est\u00e1ndar inal\u00e1mbrico 11be de 160 mhz<\/td>\n<\/tr>\n<tr>\n<td>(la velocidad de datos real puede variar seg\u00fan el entorno y el equipo).<\/td>\n<\/tr>\n<tr>\n<td>* las funciones de wi-fi 7 requieren windows 11 sv3 para funcionar correctamente. (no hay ning\u00fan controlador compatible con windows 10).<\/td>\n<\/tr>\n<tr>\n<td>** la disponibilidad de los canales de wi-fi 7 en la banda de 6 ghz depende de la normativa de cada pa\u00eds.<\/td>\n<\/tr>\n<tr>\n<td>Z\u00f3calos de expansi\u00f3n<\/td>\n<\/tr>\n<tr>\n<td>1 ranura pci express x16 (pciex16), integrada en la cpu:<\/td>\n<\/tr>\n<tr>\n<td>Los procesadores amd ryzen\u0099 serie 9000\/7000 admiten el modo pcie 5.0 x16<\/td>\n<\/tr>\n<tr>\n<td>Los procesadores amd ryzen\u0099 serie 8000-phoenix 1 admiten el modo pcie 4.0 x8<\/td>\n<\/tr>\n<tr>\n<td>Los procesadores amd ryzen\u0099 serie 8000-phoenix 2 admiten el modo pcie 4.0 x4<\/td>\n<\/tr>\n<tr>\n<td>* la ranura pciex16 solo admite una tarjeta gr\u00e1fica o un ssd nvme. si solo se va a instalar una tarjeta gr\u00e1fica, aseg\u00farese de instalarla en la ranura pciex16.<\/td>\n<\/tr>\n<tr>\n<td>Chipset:<\/td>\n<\/tr>\n<tr>\n<td>&#8211; 2 ranuras pci express x16, compatibles con pcie 3.0 y funcionando a x1 (pciex1_1\/2)<\/td>\n<\/tr>\n<tr>\n<td>Interfaz de almacenamiento<\/td>\n<\/tr>\n<tr>\n<td>1 conector m.2 (m2a_cpu), integrado en la cpu, compatible con socket 3, clave m, tipo 25110\/22110\/2580\/2280 ssd:<\/td>\n<\/tr>\n<tr>\n<td>Los procesadores amd ryzen\u0099 serie 9000\/7000 admiten ssd pcie 5.0 x4\/x2<\/td>\n<\/tr>\n<tr>\n<td>Los procesadores amd ryzen\u0099 serie 8000- phoenix 1 admiten ssd pcie 4.0 x4\/x2 los<\/td>\n<\/tr>\n<tr>\n<td>Procesadores amd ryzen\u0099 serie 8000- phoenix 2 admiten ssd pcie 4.0 x4\/x2<\/td>\n<\/tr>\n<tr>\n<td>1 conector m.2 (m2c_sb), integrado en el chipset, compatible con socket 3, clave m, tipo 25110\/22110\/2580\/2280 ssd pcie 4.0 x2<\/td>\n<\/tr>\n<tr>\n<td>1 conector m.2 (m2b_sb), integrado en el chipset, compatible con socket 3, clave m, tipo ssd pcie 4.0 x4\/x2 25110\/22110\/2580\/2280<\/td>\n<\/tr>\n<tr>\n<td>* el conector m2b_sb comparte ancho de banda con el conector m2c_sb. el conector m2c_sb dejar\u00e1 de estar disponible si se instala un ssd pcie 4.0 x4 en \u00e9l.<\/td>\n<\/tr>\n<tr>\n<td>4 conectores sata de 6 gb\/s.<\/td>\n<\/tr>\n<tr>\n<td>Compatibilidad con raid 0, raid 1, raid 5 y raid 10 para dispositivos de almacenamiento ssd nvme.<\/td>\n<\/tr>\n<tr>\n<td>* raid 5 solo est\u00e1 disponible en los procesadores amd ryzen\u0099 serie 9000.<\/td>\n<\/tr>\n<tr>\n<td>Compatibilidad con raid 0, raid 1 y raid 10 para dispositivos de almacenamiento sata<\/td>\n<\/tr>\n<tr>\n<td>Usb<\/td>\n<\/tr>\n<tr>\n<td>Controlador cpu+asmedia usb4\u00ae:<\/td>\n<\/tr>\n<tr>\n<td>&#8211; 2 puertos usb4\u00ae usb type-c\u00ae en el panel posterior<\/td>\n<\/tr>\n<tr>\n<td>Cpu:<\/td>\n<\/tr>\n<tr>\n<td>&#8211; 1 puerto usb 3.2 gen 2 tipo a (rojo) en el panel posterior<\/td>\n<\/tr>\n<tr>\n<td>&#8211; 1 puerto usb 3.2 gen 1 en el panel posterior<\/td>\n<\/tr>\n<tr>\n<td>Concentrador cpu+usb 2.0:<\/td>\n<\/tr>\n<tr>\n<td>&#8211; 4 puertos usb 2.0\/1.1 en el panel posterior<\/td>\n<\/tr>\n<tr>\n<td>Chipset:<\/td>\n<\/tr>\n<tr>\n<td>&#8211; 1 puerto usb type-c\u00ae con soporte usb 3.2 gen 2&#215;2, disponible a trav\u00e9s del conector usb interno<\/td>\n<\/tr>\n<tr>\n<td>&#8211; 4 puertos usb 3.2 gen 1 (2 puertos en el panel posterior, 2 puertos disponibles a trav\u00e9s del conector usb interno)<\/td>\n<\/tr>\n<tr>\n<td>&#8211; 4 puertos usb 2.0\/1.1 disponibles a trav\u00e9s de los conectores usb internos<\/td>\n<\/tr>\n<tr>\n<td>Conectores internos e\/s<\/td>\n<\/tr>\n<tr>\n<td>1 conector de alimentaci\u00f3n principal atx de 24 pines<\/td>\n<\/tr>\n<tr>\n<td>1 conector de alimentaci\u00f3n atx de 12 v y 8<\/td>\n<\/tr>\n<tr>\n<td>Pines 1 conector de alimentaci\u00f3n atx de 12 v y 4 pines<\/td>\n<\/tr>\n<tr>\n<td>1 cabezal de ventilador de cpu<\/td>\n<\/tr>\n<tr>\n<td>1 cabezal de bomba de refrigeraci\u00f3n l\u00edquida\/ventilador de cpu<\/td>\n<\/tr>\n<tr>\n<td>4 cabezales de ventilador del sistema<\/td>\n<\/tr>\n<tr>\n<td>3 cabezales de tiras led rgb gen2 direccionables<\/td>\n<\/tr>\n<tr>\n<td>1 cabezal de tira led rgb<\/td>\n<\/tr>\n<tr>\n<td>4 conectores sata de 6 gb\/s<\/td>\n<\/tr>\n<tr>\n<td>3 conectores m.2 socket 3<\/td>\n<\/tr>\n<tr>\n<td>1 cabezal de panel frontal<\/td>\n<\/tr>\n<tr>\n<td>1 cabezal de audio del panel frontal<\/td>\n<\/tr>\n<tr>\n<td>1 cabezal usb type-c\u00ae, compatible con usb 3.2 gen 2&#215;2<\/td>\n<\/tr>\n<tr>\n<td>1 cabezal usb 3.2 gen 1<\/td>\n<\/tr>\n<tr>\n<td>2 cabezales usb 2.0\/1.1<\/td>\n<\/tr>\n<tr>\n<td>1 cabezal de m\u00f3dulo de plataforma segura (solo para el m\u00f3dulo gc-tpm2.0 spi\/gc-tpm2.0 spi 2.0\/gc-tpm2.0 spi v2)<\/td>\n<\/tr>\n<tr>\n<td>1 bot\u00f3n de encendido 1 bot\u00f3n<\/td>\n<\/tr>\n<tr>\n<td>De reinicio<\/td>\n<\/tr>\n<tr>\n<td>1 puente de reinicio<\/td>\n<\/tr>\n<tr>\n<td>1 puente de borrado de cmos<\/td>\n<\/tr>\n<tr>\n<td>Panel e\/s trasero<\/td>\n<\/tr>\n<tr>\n<td>1 bot\u00f3n q-flash plus<\/td>\n<\/tr>\n<tr>\n<td>2 conectores de antena (2t2r)<\/td>\n<\/tr>\n<tr>\n<td>1 puerto hdmi (nota)<\/td>\n<\/tr>\n<tr>\n<td>2 puertos usb4\u00ae usb type-c\u00ae (displayport*)<\/td>\n<\/tr>\n<tr>\n<td>1 puerto usb 3.2 gen 2 tipo a (rojo)<\/td>\n<\/tr>\n<tr>\n<td>3 puertos usb 3.2 gen 1 4 puertos<\/td>\n<\/tr>\n<tr>\n<td>Usb 2.0\/1.1<\/td>\n<\/tr>\n<tr>\n<td>1 puerto rj-45<\/td>\n<\/tr>\n<tr>\n<td>3 conectores de audio<\/td>\n<\/tr>\n<tr>\n<td>*la compatibilidad real puede variar seg\u00fan la cpu.<\/td>\n<\/tr>\n<tr>\n<td>Controlador e\/s<\/td>\n<\/tr>\n<tr>\n<td>Chip controlador de e\/s ite\u00ae<\/td>\n<\/tr>\n<tr>\n<td>Monitorizaci\u00f3n de hardware<\/td>\n<\/tr>\n<tr>\n<td>Detecci\u00f3n de voltaje<\/td>\n<\/tr>\n<tr>\n<td>Detecci\u00f3n de temperatura<\/td>\n<\/tr>\n<tr>\n<td>Detecci\u00f3n de velocidad del ventilador<\/td>\n<\/tr>\n<tr>\n<td>Detecci\u00f3n del caudal de refrigeraci\u00f3n por agua<\/td>\n<\/tr>\n<tr>\n<td>Advertencia de falla del ventilador<\/td>\n<\/tr>\n<tr>\n<td>Control de velocidad del ventilador<\/td>\n<\/tr>\n<tr>\n<td>* la compatibilidad de la funci\u00f3n de control de velocidad del ventilador (bomba) depender\u00e1 del ventilador (bomba) que instale.<\/td>\n<\/tr>\n<tr>\n<td>Bios<\/td>\n<\/tr>\n<tr>\n<td>1 x 256 mbit flash<\/td>\n<\/tr>\n<tr>\n<td>Uso de ami uefi bios<\/td>\n<\/tr>\n<tr>\n<td>Pnp 1.0a, dmi 2.7, wfm 2.0, sm bios 2.7, acpi 5.0 con licencia<\/td>\n<\/tr>\n<tr>\n<td>Otras caracter\u00edsticas<\/td>\n<\/tr>\n<tr>\n<td>Soporte para el centro de control de gigabyte (gcc)<\/td>\n<\/tr>\n<tr>\n<td>* las aplicaciones disponibles en gcc pueden variar seg\u00fan el modelo de placa base. las funciones compatibles con cada aplicaci\u00f3n tambi\u00e9n pueden variar seg\u00fan las especificaciones de la placa base.<\/td>\n<\/tr>\n<tr>\n<td>Soporte para q-flash<\/td>\n<\/tr>\n<tr>\n<td>Soporte para q-flash plus<\/td>\n<\/tr>\n<tr>\n<td>Soporte para copia de seguridad inteligente<\/td>\n<\/tr>\n<tr>\n<td>Software incluido<\/td>\n<\/tr>\n<tr>\n<td>Software de gesti\u00f3n del ancho de banda lan norton\u00ae internet security (versi\u00f3n oem)<\/td>\n<\/tr>\n<tr>\n<td>Sistema operativo<\/td>\n<\/tr>\n<tr>\n<td>Compatibilidad con windows 11 de 64 bits<\/td>\n<\/tr>\n<tr>\n<td>Formato<\/td>\n<\/tr>\n<tr>\n<td>Factor de forma atx; 30,5 cm x 24,4 cm<\/td>\n<\/tr>\n<\/table>\n","protected":false},"excerpt":{"rendered":"<p>Caracter\u00edsticas principales. Socket am5 de amd: compatible con procesadores de las series amd ryzen\u0099 9000\/8000\/7000. Soluci\u00f3n vrm de 16+2+2 fases de gemelo digital. Ddr5 de doble canal: 4 dimm compatibles con m\u00f3dulos de memoria amd expo?. Wifi ez-plug: dise\u00f1o r\u00e1pido y sencillo para la instalaci\u00f3n de antenas wi-fi. Ez-latch plus: ranuras pcie y m.2 con liberaci\u00f3n r\u00e1pida y dise\u00f1o sin tornillos. Ez-latch click: disipadores de calor m.2 con dise\u00f1o sin tornillos. Interfaz de usuario amigable: m\u00faltiples temas, control de ventilador aio y escaneo autom\u00e1tico q-flash en bios y sw. Almacenamiento ultrarr\u00e1pido: 3 ranuras m.2, incluida 1 pcie 5.0 x4. Protecci\u00f3n t\u00e9rmica eficiente: vrm thermal armor advanced y m.2 thermal guard ext. Redes r\u00e1pidas: lan de 2,5 gbe y wi-fi 7 con antena de ganancia ultraalta. Conectividad extendida: usb 4.0 tipo c dual con dp-alt, hdmi<\/p>\n","protected":false},"featured_media":268042,"comment_status":"open","ping_status":"open","template":"","meta":[],"product_cat":[2240,1727],"product_tag":[1732],"acf":[],"yoast_head":"<!-- This site is optimized with the Yoast SEO plugin v21.7 - https:\/\/yoast.com\/wordpress\/plugins\/seo\/ -->\n<title>[ Gigabyte ] &#129351; X870 Gaming X Wifi7 Tarjeta Madre \/ Amd X870 \/ Socket Am5 \/ Ddr5 4x 8200 Mt\/s \/ Wifi7 \/ Bt 5.4 \/ Atx \/ Gaming<\/title>\n<meta name=\"description\" content=\"Compra X870 Gaming X Wifi7 Tarjeta Madre \/ Amd X870 \/ Socket Am5 \/ Ddr5 4x 8200 Mt\/s \/ Wifi7 \/ Bt 5.4 \/ Atx \/ Gaming + Env\u00edo a domicilio + Pago seguro + Garant\u00eda\" \/>\n<meta name=\"robots\" content=\"index, follow, max-snippet:-1, max-image-preview:large, max-video-preview:-1\" \/>\n<link rel=\"canonical\" href=\"https:\/\/compuviper.mx\/tienda\/producto\/gigabyte-x870-gaming-x-wifi7-tarjeta-madre-amd-x870-socket-am5-ddr5-4x-8200-mt-s-wifi7-bt-5-4-atx-gaming\/\" \/>\n<meta property=\"og:locale\" content=\"es_MX\" \/>\n<meta property=\"og:type\" content=\"article\" \/>\n<meta property=\"og:title\" content=\"[ Gigabyte ] &#129351; X870 Gaming X Wifi7 Tarjeta Madre \/ Amd X870 \/ Socket Am5 \/ Ddr5 4x 8200 Mt\/s \/ Wifi7 \/ Bt 5.4 \/ Atx \/ Gaming\" \/>\n<meta property=\"og:description\" content=\"Compra X870 Gaming X Wifi7 Tarjeta Madre \/ Amd X870 \/ Socket Am5 \/ Ddr5 4x 8200 Mt\/s \/ Wifi7 \/ Bt 5.4 \/ Atx \/ Gaming + Env\u00edo a domicilio + Pago seguro + Garant\u00eda\" \/>\n<meta property=\"og:url\" content=\"https:\/\/compuviper.mx\/tienda\/producto\/gigabyte-x870-gaming-x-wifi7-tarjeta-madre-amd-x870-socket-am5-ddr5-4x-8200-mt-s-wifi7-bt-5-4-atx-gaming\/\" \/>\n<meta property=\"og:site_name\" content=\"Compuviper\" \/>\n<meta property=\"article:publisher\" content=\"https:\/\/www.facebook.com\/compuviper\" \/>\n<meta property=\"article:modified_time\" content=\"2026-04-26T06:00:20+00:00\" \/>\n<meta property=\"og:image\" content=\"https:\/\/compuviper.mx\/tienda\/wp-content\/uploads\/2026\/03\/Tarjeta-madre-gigabyte-x870-gaming-x-wifi7-amd-x870-socket-am5-ddr5-4x-8200-mts-wifi7-bt-5.4-atx-gaming.jpg\" \/>\n\t<meta property=\"og:image:width\" content=\"200\" \/>\n\t<meta property=\"og:image:height\" content=\"200\" \/>\n\t<meta property=\"og:image:type\" content=\"image\/jpeg\" \/>\n<meta name=\"twitter:card\" content=\"summary_large_image\" \/>\n<meta name=\"twitter:label1\" content=\"Precio\" \/>\n\t<meta name=\"twitter:data1\" content=\"&#36;3,956 con IVA\" \/>\n\t<meta name=\"twitter:label2\" content=\"Availability\" \/>\n\t<meta name=\"twitter:data2\" content=\"In stock\" \/>\n<script type=\"application\/ld+json\" class=\"yoast-schema-graph\">{\"@context\":\"https:\/\/schema.org\",\"@graph\":[{\"@type\":\"WebPage\",\"@id\":\"https:\/\/compuviper.mx\/tienda\/producto\/gigabyte-x870-gaming-x-wifi7-tarjeta-madre-amd-x870-socket-am5-ddr5-4x-8200-mt-s-wifi7-bt-5-4-atx-gaming\/\",\"url\":\"https:\/\/compuviper.mx\/tienda\/producto\/gigabyte-x870-gaming-x-wifi7-tarjeta-madre-amd-x870-socket-am5-ddr5-4x-8200-mt-s-wifi7-bt-5-4-atx-gaming\/\",\"name\":\"[ Gigabyte ] &#129351; X870 Gaming X Wifi7 Tarjeta Madre \/ Amd X870 \/ Socket Am5 \/ Ddr5 4x 8200 Mt\/s \/ Wifi7 \/ Bt 5.4 \/ Atx \/ Gaming\",\"isPartOf\":{\"@id\":\"https:\/\/compuviper.mx\/tienda\/#website\"},\"datePublished\":\"2026-04-25T06:40:33+00:00\",\"dateModified\":\"2026-04-26T06:00:20+00:00\",\"description\":\"Compra X870 Gaming X Wifi7 Tarjeta Madre \/ Amd X870 \/ Socket Am5 \/ Ddr5 4x 8200 Mt\/s \/ Wifi7 \/ Bt 5.4 \/ Atx \/ Gaming + Env\u00edo a domicilio + Pago seguro + Garant\u00eda\",\"breadcrumb\":{\"@id\":\"https:\/\/compuviper.mx\/tienda\/producto\/gigabyte-x870-gaming-x-wifi7-tarjeta-madre-amd-x870-socket-am5-ddr5-4x-8200-mt-s-wifi7-bt-5-4-atx-gaming\/#breadcrumb\"},\"inLanguage\":\"es-MX\",\"potentialAction\":[{\"@type\":\"ReadAction\",\"target\":[\"https:\/\/compuviper.mx\/tienda\/producto\/gigabyte-x870-gaming-x-wifi7-tarjeta-madre-amd-x870-socket-am5-ddr5-4x-8200-mt-s-wifi7-bt-5-4-atx-gaming\/\"]}]},{\"@type\":\"BreadcrumbList\",\"@id\":\"https:\/\/compuviper.mx\/tienda\/producto\/gigabyte-x870-gaming-x-wifi7-tarjeta-madre-amd-x870-socket-am5-ddr5-4x-8200-mt-s-wifi7-bt-5-4-atx-gaming\/#breadcrumb\",\"itemListElement\":[{\"@type\":\"ListItem\",\"position\":1,\"name\":\"Inicio\",\"item\":\"https:\/\/compuviper.mx\/tienda\/\"},{\"@type\":\"ListItem\",\"position\":2,\"name\":\"Productos\",\"item\":\"https:\/\/compuviper.mx\/tienda\/productos\/\"},{\"@type\":\"ListItem\",\"position\":3,\"name\":\"Tarjeta Madre\",\"item\":\"https:\/\/compuviper.mx\/tienda\/categoria-producto\/tarjeta-madre\/\"},{\"@type\":\"ListItem\",\"position\":4,\"name\":\"Socket Am5\",\"item\":\"https:\/\/compuviper.mx\/tienda\/categoria-producto\/tarjeta-madre\/socket-am5\/\"},{\"@type\":\"ListItem\",\"position\":5,\"name\":\"Gigabyte X870 Gaming X Wifi7 Tarjeta Madre \/ Amd X870 \/ Socket Am5 \/ Ddr5 4x 8200 Mt\/s \/ Wifi7 \/ Bt 5.4 \/ Atx \/ Gaming\"}]},{\"@type\":\"WebSite\",\"@id\":\"https:\/\/compuviper.mx\/tienda\/#website\",\"url\":\"https:\/\/compuviper.mx\/tienda\/\",\"name\":\"Compuviper\",\"description\":\"Proveedor de Computadoras, Laptops, Servidores, Monitores, Puntos de Venta, Teclados,   Impresoras, T\u00f3ner, C\u00e1maras de Seguridad y m\u00e1s en tu tienda en l\u00ednea\",\"publisher\":{\"@id\":\"https:\/\/compuviper.mx\/tienda\/#organization\"},\"potentialAction\":[{\"@type\":\"SearchAction\",\"target\":{\"@type\":\"EntryPoint\",\"urlTemplate\":\"https:\/\/compuviper.mx\/tienda\/?s={search_term_string}\"},\"query-input\":\"required name=search_term_string\"}],\"inLanguage\":\"es-MX\"},{\"@type\":\"Organization\",\"@id\":\"https:\/\/compuviper.mx\/tienda\/#organization\",\"name\":\"Compuviper\",\"url\":\"https:\/\/compuviper.mx\/tienda\/\",\"logo\":{\"@type\":\"ImageObject\",\"inLanguage\":\"es-MX\",\"@id\":\"https:\/\/compuviper.mx\/tienda\/#\/schema\/logo\/image\/\",\"url\":\"https:\/\/compuviper.mx\/tienda\/wp-content\/uploads\/2021\/08\/Logo-Compuviper-10.png\",\"contentUrl\":\"https:\/\/compuviper.mx\/tienda\/wp-content\/uploads\/2021\/08\/Logo-Compuviper-10.png\",\"width\":1000,\"height\":500,\"caption\":\"Compuviper\"},\"image\":{\"@id\":\"https:\/\/compuviper.mx\/tienda\/#\/schema\/logo\/image\/\"},\"sameAs\":[\"https:\/\/www.facebook.com\/compuviper\",\"https:\/\/www.youtube.com\/channel\/UCf73dERp9Y3cfOq7q8BhLjA?view_as=subscriber\"]}]}<\/script>\n<meta property=\"product:brand\" content=\"GIGABYTE\" \/>\n<meta property=\"product:price:amount\" content=\"3956\" \/>\n<meta property=\"product:price:currency\" content=\"MXN\" \/>\n<meta property=\"og:availability\" content=\"instock\" \/>\n<meta property=\"product:availability\" content=\"instock\" \/>\n<meta property=\"product:retailer_item_id\" content=\"X870 GAMING X WIFI7\" \/>\n<meta property=\"product:condition\" content=\"new\" \/>\n<!-- \/ Yoast SEO plugin. -->","yoast_head_json":{"title":"[ Gigabyte ] &#129351; X870 Gaming X Wifi7 Tarjeta Madre \/ Amd X870 \/ Socket Am5 \/ Ddr5 4x 8200 Mt\/s \/ Wifi7 \/ Bt 5.4 \/ Atx \/ Gaming","description":"Compra X870 Gaming X Wifi7 Tarjeta Madre \/ Amd X870 \/ Socket Am5 \/ Ddr5 4x 8200 Mt\/s \/ Wifi7 \/ Bt 5.4 \/ Atx \/ Gaming + Env\u00edo a domicilio + Pago seguro + Garant\u00eda","robots":{"index":"index","follow":"follow","max-snippet":"max-snippet:-1","max-image-preview":"max-image-preview:large","max-video-preview":"max-video-preview:-1"},"canonical":"https:\/\/compuviper.mx\/tienda\/producto\/gigabyte-x870-gaming-x-wifi7-tarjeta-madre-amd-x870-socket-am5-ddr5-4x-8200-mt-s-wifi7-bt-5-4-atx-gaming\/","og_locale":"es_MX","og_type":"article","og_title":"[ Gigabyte ] &#129351; X870 Gaming X Wifi7 Tarjeta Madre \/ Amd X870 \/ Socket Am5 \/ Ddr5 4x 8200 Mt\/s \/ Wifi7 \/ Bt 5.4 \/ Atx \/ Gaming","og_description":"Compra X870 Gaming X Wifi7 Tarjeta Madre \/ Amd X870 \/ Socket Am5 \/ Ddr5 4x 8200 Mt\/s \/ Wifi7 \/ Bt 5.4 \/ Atx \/ Gaming + Env\u00edo a domicilio + Pago seguro + Garant\u00eda","og_url":"https:\/\/compuviper.mx\/tienda\/producto\/gigabyte-x870-gaming-x-wifi7-tarjeta-madre-amd-x870-socket-am5-ddr5-4x-8200-mt-s-wifi7-bt-5-4-atx-gaming\/","og_site_name":"Compuviper","article_publisher":"https:\/\/www.facebook.com\/compuviper","article_modified_time":"2026-04-26T06:00:20+00:00","og_image":[{"width":200,"height":200,"url":"https:\/\/compuviper.mx\/tienda\/wp-content\/uploads\/2026\/03\/Tarjeta-madre-gigabyte-x870-gaming-x-wifi7-amd-x870-socket-am5-ddr5-4x-8200-mts-wifi7-bt-5.4-atx-gaming.jpg","type":"image\/jpeg"}],"twitter_card":"summary_large_image","twitter_misc":{"Precio":"&#36;3,956 con IVA","Availability":"In stock"},"schema":{"@context":"https:\/\/schema.org","@graph":[{"@type":"WebPage","@id":"https:\/\/compuviper.mx\/tienda\/producto\/gigabyte-x870-gaming-x-wifi7-tarjeta-madre-amd-x870-socket-am5-ddr5-4x-8200-mt-s-wifi7-bt-5-4-atx-gaming\/","url":"https:\/\/compuviper.mx\/tienda\/producto\/gigabyte-x870-gaming-x-wifi7-tarjeta-madre-amd-x870-socket-am5-ddr5-4x-8200-mt-s-wifi7-bt-5-4-atx-gaming\/","name":"[ Gigabyte ] &#129351; X870 Gaming X Wifi7 Tarjeta Madre \/ Amd X870 \/ Socket Am5 \/ Ddr5 4x 8200 Mt\/s \/ Wifi7 \/ Bt 5.4 \/ Atx \/ Gaming","isPartOf":{"@id":"https:\/\/compuviper.mx\/tienda\/#website"},"datePublished":"2026-04-25T06:40:33+00:00","dateModified":"2026-04-26T06:00:20+00:00","description":"Compra X870 Gaming X Wifi7 Tarjeta Madre \/ Amd X870 \/ Socket Am5 \/ Ddr5 4x 8200 Mt\/s \/ Wifi7 \/ Bt 5.4 \/ Atx \/ Gaming + Env\u00edo a domicilio + Pago seguro + Garant\u00eda","breadcrumb":{"@id":"https:\/\/compuviper.mx\/tienda\/producto\/gigabyte-x870-gaming-x-wifi7-tarjeta-madre-amd-x870-socket-am5-ddr5-4x-8200-mt-s-wifi7-bt-5-4-atx-gaming\/#breadcrumb"},"inLanguage":"es-MX","potentialAction":[{"@type":"ReadAction","target":["https:\/\/compuviper.mx\/tienda\/producto\/gigabyte-x870-gaming-x-wifi7-tarjeta-madre-amd-x870-socket-am5-ddr5-4x-8200-mt-s-wifi7-bt-5-4-atx-gaming\/"]}]},{"@type":"BreadcrumbList","@id":"https:\/\/compuviper.mx\/tienda\/producto\/gigabyte-x870-gaming-x-wifi7-tarjeta-madre-amd-x870-socket-am5-ddr5-4x-8200-mt-s-wifi7-bt-5-4-atx-gaming\/#breadcrumb","itemListElement":[{"@type":"ListItem","position":1,"name":"Inicio","item":"https:\/\/compuviper.mx\/tienda\/"},{"@type":"ListItem","position":2,"name":"Productos","item":"https:\/\/compuviper.mx\/tienda\/productos\/"},{"@type":"ListItem","position":3,"name":"Tarjeta Madre","item":"https:\/\/compuviper.mx\/tienda\/categoria-producto\/tarjeta-madre\/"},{"@type":"ListItem","position":4,"name":"Socket Am5","item":"https:\/\/compuviper.mx\/tienda\/categoria-producto\/tarjeta-madre\/socket-am5\/"},{"@type":"ListItem","position":5,"name":"Gigabyte X870 Gaming X Wifi7 Tarjeta Madre \/ Amd X870 \/ Socket Am5 \/ Ddr5 4x 8200 Mt\/s \/ Wifi7 \/ Bt 5.4 \/ Atx \/ Gaming"}]},{"@type":"WebSite","@id":"https:\/\/compuviper.mx\/tienda\/#website","url":"https:\/\/compuviper.mx\/tienda\/","name":"Compuviper","description":"Proveedor de Computadoras, Laptops, Servidores, Monitores, Puntos de Venta, Teclados,   Impresoras, T\u00f3ner, C\u00e1maras de Seguridad y m\u00e1s en tu tienda en l\u00ednea","publisher":{"@id":"https:\/\/compuviper.mx\/tienda\/#organization"},"potentialAction":[{"@type":"SearchAction","target":{"@type":"EntryPoint","urlTemplate":"https:\/\/compuviper.mx\/tienda\/?s={search_term_string}"},"query-input":"required name=search_term_string"}],"inLanguage":"es-MX"},{"@type":"Organization","@id":"https:\/\/compuviper.mx\/tienda\/#organization","name":"Compuviper","url":"https:\/\/compuviper.mx\/tienda\/","logo":{"@type":"ImageObject","inLanguage":"es-MX","@id":"https:\/\/compuviper.mx\/tienda\/#\/schema\/logo\/image\/","url":"https:\/\/compuviper.mx\/tienda\/wp-content\/uploads\/2021\/08\/Logo-Compuviper-10.png","contentUrl":"https:\/\/compuviper.mx\/tienda\/wp-content\/uploads\/2021\/08\/Logo-Compuviper-10.png","width":1000,"height":500,"caption":"Compuviper"},"image":{"@id":"https:\/\/compuviper.mx\/tienda\/#\/schema\/logo\/image\/"},"sameAs":["https:\/\/www.facebook.com\/compuviper","https:\/\/www.youtube.com\/channel\/UCf73dERp9Y3cfOq7q8BhLjA?view_as=subscriber"]}]},"product_brand":"GIGABYTE","product_price_amount":"3956","product_price_currency":"MXN","og_availability":"instock","product_availability":"instock","product_retailer_item_id":"X870 GAMING X WIFI7","product_condition":"new"},"_links":{"self":[{"href":"https:\/\/compuviper.mx\/tienda\/wp-json\/wp\/v2\/product\/268041"}],"collection":[{"href":"https:\/\/compuviper.mx\/tienda\/wp-json\/wp\/v2\/product"}],"about":[{"href":"https:\/\/compuviper.mx\/tienda\/wp-json\/wp\/v2\/types\/product"}],"replies":[{"embeddable":true,"href":"https:\/\/compuviper.mx\/tienda\/wp-json\/wp\/v2\/comments?post=268041"}],"wp:featuredmedia":[{"embeddable":true,"href":"https:\/\/compuviper.mx\/tienda\/wp-json\/wp\/v2\/media\/268042"}],"wp:attachment":[{"href":"https:\/\/compuviper.mx\/tienda\/wp-json\/wp\/v2\/media?parent=268041"}],"wp:term":[{"taxonomy":"product_cat","embeddable":true,"href":"https:\/\/compuviper.mx\/tienda\/wp-json\/wp\/v2\/product_cat?post=268041"},{"taxonomy":"product_tag","embeddable":true,"href":"https:\/\/compuviper.mx\/tienda\/wp-json\/wp\/v2\/product_tag?post=268041"}],"curies":[{"name":"wp","href":"https:\/\/api.w.org\/{rel}","templated":true}]}}