{"id":268033,"date":"2026-04-25T23:18:50","date_gmt":"2026-04-26T05:18:50","guid":{"rendered":"https:\/\/compuviper.mx\/tienda\/producto\/msi-oem-a520m-a-pro-mb-msi-a520-amd-s-am4-3a-gen-2xddr4-3200-hdmi-dvi-4xusb-3-2-m-2-micro-atx-gama-basica\/"},"modified":"2026-04-26T00:00:44","modified_gmt":"2026-04-26T06:00:44","slug":"msi-oem-a520m-a-pro-mb-msi-a520-amd-s-am4-3a-gen-2xddr4-3200-hdmi-dvi-4xusb-3-2-m-2-micro-atx-gama-basica","status":"publish","type":"product","link":"https:\/\/compuviper.mx\/tienda\/producto\/msi-oem-a520m-a-pro-mb-msi-a520-amd-s-am4-3a-gen-2xddr4-3200-hdmi-dvi-4xusb-3-2-m-2-micro-atx-gama-basica\/","title":{"rendered":"Msi Oem A520m-a Pro Mb Msi A520 Amd S-am4 3a Gen\/2xddr4 3200\/hdmi\/dvi\/4xusb 3.2\/m.2\/micro Atx\/gama Basica"},"content":{"rendered":"<table class=\"descripcion\">\n<tr>\n<td>Chipset amd\u00ae a520 chipset<\/td>\n<\/tr>\n<tr>\n<td>Memoria ddr4 supports ddr4 1866\/ 2133\/ 2400\/ 2667\/ 2800\/ 2933\/ 3000\/ 3066\/ 3200 mhz by jedec<\/td>\n<\/tr>\n<tr>\n<td>Supports ddr4 2667\/ 2800 \/2933 \/3000 \/3066 \/3200 \/3466 \/3600\/ 3733 \/3866 \/4000 \/4133 \/4266 \/4400\/ 4600+ mhz by a-xmp oc mode<\/td>\n<\/tr>\n<tr>\n<td>Cpu (soporte m\u00e1ximo) support 3rd gen amd ryzen\u0099 desktop processors and amd ryzen\u0099 4000 g-series desktop processors<\/td>\n<\/tr>\n<tr>\n<td>Puerto m.2 1<\/td>\n<\/tr>\n<tr>\n<td>Puertos seriales (frontales) 1<\/td>\n<\/tr>\n<tr>\n<td>Canal de memoria dual<\/td>\n<\/tr>\n<tr>\n<td>Puertos usb 3.2 (frontales) 2(gen 1, type a)<\/td>\n<\/tr>\n<tr>\n<td>Ranuras dimm 2<\/td>\n<\/tr>\n<tr>\n<td>Puertos usb 3.2 (traseros) 4(gen 1, type a)<\/td>\n<\/tr>\n<tr>\n<td>Pci-ex16 1<\/td>\n<\/tr>\n<tr>\n<td>Pci-e gen gen3<\/td>\n<\/tr>\n<tr>\n<td>Pci-ex1 1<\/td>\n<\/tr>\n<tr>\n<td>Sataiii 4<\/td>\n<\/tr>\n<tr>\n<td>Puertos usb 2.0 (frontales) 4<\/td>\n<\/tr>\n<tr>\n<td>Raid 0\/1\/10<\/td>\n<\/tr>\n<tr>\n<td>Lan 1x realtek\u00ae rtl8111h gigabit lan<\/td>\n<\/tr>\n<tr>\n<td>Tpm 1<\/td>\n<\/tr>\n<tr>\n<td>Puertos usb 2.0 (traseros) 2(type a)<\/td>\n<\/tr>\n<tr>\n<td>Puertos de audio (traseros) realtek\u00ae alc892\/alc897 codec}<\/td>\n<\/tr>\n<tr>\n<td>Hdmi 1<\/td>\n<\/tr>\n<tr>\n<td>Directx 12]<\/td>\n<\/tr>\n<tr>\n<td>Formato matx<\/td>\n<\/tr>\n<tr>\n<td>Dvi-d 1<\/td>\n<\/tr>\n<tr>\n<td>Sistema operativo support for windows\u00ae 10 64-bit<\/td>\n<\/tr>\n<\/table>\n","protected":false},"excerpt":{"rendered":"<p>La serie pro ayuda a los usuarios a trabajar de manera m\u00e1s inteligente, al ofrecer una experiencia eficiente y productiva. Con una funcionalidad estable y una construcci\u00f3n de alta calidad, las placas madre serie pro optimizan las tareas profesionales con menos inconvenientes y m\u00e1s durabilidad. Dise\u00f1o f\u00e1cil de usar. Las placas madre msi cuentan con muchas caracter\u00edsticas pr\u00e1cticas e inteligentes para usuarios diy. Numerosas herramientas de ajuste del sistema y soluci\u00f3n de problemas est\u00e1n disponibles para empujar el sistema a nuevos niveles y satisfacer a los usuarios m\u00e1s demandantes. Es f\u00e1cil instalar tu propia placa madre sin inconvenientes. Las placas madre de msi permiten gestionar las velocidades y temperaturas de todos los ventiladores del sistema y de la cpu. Total fan control te permite comprobar las caracter\u00edsticas principales del sistema en una interfaz gr\u00e1fica simplificada. Tambi\u00e9n puedes establecer hasta 4 objetivos de temperatura para la cpu y la placa madre, que ajustar\u00e1n las velocidades de los ventiladores autom\u00e1ticamente. Conectividad. La parte m\u00e1s importante de la construcci\u00f3n de sistemas es la expansibilidad. Las placas madre msi serie pro cuentan con numerosas posibilidades para las necesidades de los prosumers. Una red lan estable, mayor velocidad de almacenamiento y transferencia por usb y otros conectores expansibles para aumentar tu flexibilidad. Las placas madre de la serie pro de msi son compatibles con los \u00faltimos est\u00e1ndares de almacenamiento, lo que permite a los usuarios conectar cualquier dispositivo de almacenamiento ultrarr\u00e1pido. Una mayor eficiencia facilita tu trabajo. A520m-a pro. Soporta procesadores desktop 3ra gen amd ryzen\u0099 y amd ryzen\u0099 4000 g-series. Soporta memoria ddr4 hasta 4600(oc) mhz. Turbo m.2: con velocidad pci-e gen3 x4 maximiza el desempe\u00f1os de los ssds basados en nvme. Core boost: la distribuci\u00f3n premium y el dise\u00f1o energ\u00e9tico digital soportan m\u00e1s n\u00facleos y ofrecen mejor desempe\u00f1o. Ddr4 boost: tecnolog\u00eda avanzada que env\u00eda se\u00f1ales de datos puras para el mejor desempe\u00f1o y estabilidad. Pcb con capa de cobre gruesa de 2oz: un dise\u00f1o de pcb mejorado que aumenta la disipaci\u00f3n del calor y la confiabilidad. Audio boost: gratifica tus o\u00eddos con el sonido con calidad de estudio. Dragon center: un nuevo software que integra todas las herramientas exclusivas de msi en una interfaz f\u00e1cil de usar.<\/p>\n","protected":false},"featured_media":268034,"comment_status":"open","ping_status":"open","template":"","meta":[],"product_cat":[1727,1734],"product_tag":[2322],"acf":[],"yoast_head":"<!-- This site is optimized with the Yoast SEO plugin v21.7 - https:\/\/yoast.com\/wordpress\/plugins\/seo\/ -->\n<title>[ Msi Oem ] &#129351; A520m-a Pro Mb Msi A520 Amd S-am4 3a Gen\/2xddr4 3200\/hdmi\/dvi\/4xusb 3.2\/m.2\/micro Atx\/gama Basica<\/title>\n<meta name=\"description\" content=\"Compra A520m-a Pro Mb Msi A520 Amd S-am4 3a Gen\/2xddr4 3200\/hdmi\/dvi\/4xusb 3.2\/m.2\/micro Atx\/gama Basica + Env\u00edo a domicilio + Pago seguro + Garant\u00eda\" \/>\n<meta name=\"robots\" content=\"index, follow, max-snippet:-1, max-image-preview:large, max-video-preview:-1\" \/>\n<link rel=\"canonical\" href=\"https:\/\/compuviper.mx\/tienda\/producto\/msi-oem-a520m-a-pro-mb-msi-a520-amd-s-am4-3a-gen-2xddr4-3200-hdmi-dvi-4xusb-3-2-m-2-micro-atx-gama-basica\/\" \/>\n<meta property=\"og:locale\" content=\"es_MX\" \/>\n<meta property=\"og:type\" content=\"article\" \/>\n<meta property=\"og:title\" content=\"[ Msi Oem ] &#129351; A520m-a Pro Mb Msi A520 Amd S-am4 3a Gen\/2xddr4 3200\/hdmi\/dvi\/4xusb 3.2\/m.2\/micro Atx\/gama Basica\" \/>\n<meta property=\"og:description\" content=\"Compra A520m-a Pro Mb Msi A520 Amd S-am4 3a Gen\/2xddr4 3200\/hdmi\/dvi\/4xusb 3.2\/m.2\/micro Atx\/gama Basica + Env\u00edo a domicilio + Pago seguro + Garant\u00eda\" \/>\n<meta property=\"og:url\" content=\"https:\/\/compuviper.mx\/tienda\/producto\/msi-oem-a520m-a-pro-mb-msi-a520-amd-s-am4-3a-gen-2xddr4-3200-hdmi-dvi-4xusb-3-2-m-2-micro-atx-gama-basica\/\" \/>\n<meta property=\"og:site_name\" content=\"Compuviper\" \/>\n<meta property=\"article:publisher\" content=\"https:\/\/www.facebook.com\/compuviper\" \/>\n<meta property=\"article:modified_time\" content=\"2026-04-26T06:00:44+00:00\" \/>\n<meta property=\"og:image\" content=\"https:\/\/compuviper.mx\/tienda\/wp-content\/uploads\/2026\/03\/Mb-msi-a520-amd-s-am4-3a-gen2xddr4-3200hdmidvi4xusb-3.2m.2micro-atxgama-basica.jpg\" \/>\n\t<meta property=\"og:image:width\" content=\"200\" \/>\n\t<meta property=\"og:image:height\" content=\"200\" \/>\n\t<meta property=\"og:image:type\" content=\"image\/jpeg\" \/>\n<meta name=\"twitter:card\" content=\"summary_large_image\" \/>\n<meta name=\"twitter:label1\" content=\"Precio\" \/>\n\t<meta name=\"twitter:data1\" content=\"&#36;875 con IVA\" \/>\n\t<meta name=\"twitter:label2\" content=\"Availability\" \/>\n\t<meta name=\"twitter:data2\" content=\"In stock\" \/>\n<script type=\"application\/ld+json\" class=\"yoast-schema-graph\">{\"@context\":\"https:\/\/schema.org\",\"@graph\":[{\"@type\":\"WebPage\",\"@id\":\"https:\/\/compuviper.mx\/tienda\/producto\/msi-oem-a520m-a-pro-mb-msi-a520-amd-s-am4-3a-gen-2xddr4-3200-hdmi-dvi-4xusb-3-2-m-2-micro-atx-gama-basica\/\",\"url\":\"https:\/\/compuviper.mx\/tienda\/producto\/msi-oem-a520m-a-pro-mb-msi-a520-amd-s-am4-3a-gen-2xddr4-3200-hdmi-dvi-4xusb-3-2-m-2-micro-atx-gama-basica\/\",\"name\":\"[ Msi Oem ] &#129351; A520m-a Pro Mb Msi A520 Amd S-am4 3a Gen\/2xddr4 3200\/hdmi\/dvi\/4xusb 3.2\/m.2\/micro Atx\/gama Basica\",\"isPartOf\":{\"@id\":\"https:\/\/compuviper.mx\/tienda\/#website\"},\"datePublished\":\"2026-04-26T05:18:50+00:00\",\"dateModified\":\"2026-04-26T06:00:44+00:00\",\"description\":\"Compra A520m-a Pro Mb Msi A520 Amd S-am4 3a Gen\/2xddr4 3200\/hdmi\/dvi\/4xusb 3.2\/m.2\/micro Atx\/gama Basica + Env\u00edo a domicilio + Pago seguro + Garant\u00eda\",\"breadcrumb\":{\"@id\":\"https:\/\/compuviper.mx\/tienda\/producto\/msi-oem-a520m-a-pro-mb-msi-a520-amd-s-am4-3a-gen-2xddr4-3200-hdmi-dvi-4xusb-3-2-m-2-micro-atx-gama-basica\/#breadcrumb\"},\"inLanguage\":\"es-MX\",\"potentialAction\":[{\"@type\":\"ReadAction\",\"target\":[\"https:\/\/compuviper.mx\/tienda\/producto\/msi-oem-a520m-a-pro-mb-msi-a520-amd-s-am4-3a-gen-2xddr4-3200-hdmi-dvi-4xusb-3-2-m-2-micro-atx-gama-basica\/\"]}]},{\"@type\":\"BreadcrumbList\",\"@id\":\"https:\/\/compuviper.mx\/tienda\/producto\/msi-oem-a520m-a-pro-mb-msi-a520-amd-s-am4-3a-gen-2xddr4-3200-hdmi-dvi-4xusb-3-2-m-2-micro-atx-gama-basica\/#breadcrumb\",\"itemListElement\":[{\"@type\":\"ListItem\",\"position\":1,\"name\":\"Inicio\",\"item\":\"https:\/\/compuviper.mx\/tienda\/\"},{\"@type\":\"ListItem\",\"position\":2,\"name\":\"Productos\",\"item\":\"https:\/\/compuviper.mx\/tienda\/productos\/\"},{\"@type\":\"ListItem\",\"position\":3,\"name\":\"Tarjeta Madre\",\"item\":\"https:\/\/compuviper.mx\/tienda\/categoria-producto\/tarjeta-madre\/\"},{\"@type\":\"ListItem\",\"position\":4,\"name\":\"Socket Am4\",\"item\":\"https:\/\/compuviper.mx\/tienda\/categoria-producto\/tarjeta-madre\/socket-am4\/\"},{\"@type\":\"ListItem\",\"position\":5,\"name\":\"Msi Oem A520m-a Pro Mb Msi A520 Amd S-am4 3a Gen\/2xddr4 3200\/hdmi\/dvi\/4xusb 3.2\/m.2\/micro Atx\/gama Basica\"}]},{\"@type\":\"WebSite\",\"@id\":\"https:\/\/compuviper.mx\/tienda\/#website\",\"url\":\"https:\/\/compuviper.mx\/tienda\/\",\"name\":\"Compuviper\",\"description\":\"Proveedor de Computadoras, Laptops, Servidores, Monitores, Puntos de Venta, Teclados,   Impresoras, T\u00f3ner, C\u00e1maras de Seguridad y m\u00e1s en tu tienda en l\u00ednea\",\"publisher\":{\"@id\":\"https:\/\/compuviper.mx\/tienda\/#organization\"},\"potentialAction\":[{\"@type\":\"SearchAction\",\"target\":{\"@type\":\"EntryPoint\",\"urlTemplate\":\"https:\/\/compuviper.mx\/tienda\/?s={search_term_string}\"},\"query-input\":\"required name=search_term_string\"}],\"inLanguage\":\"es-MX\"},{\"@type\":\"Organization\",\"@id\":\"https:\/\/compuviper.mx\/tienda\/#organization\",\"name\":\"Compuviper\",\"url\":\"https:\/\/compuviper.mx\/tienda\/\",\"logo\":{\"@type\":\"ImageObject\",\"inLanguage\":\"es-MX\",\"@id\":\"https:\/\/compuviper.mx\/tienda\/#\/schema\/logo\/image\/\",\"url\":\"https:\/\/compuviper.mx\/tienda\/wp-content\/uploads\/2021\/08\/Logo-Compuviper-10.png\",\"contentUrl\":\"https:\/\/compuviper.mx\/tienda\/wp-content\/uploads\/2021\/08\/Logo-Compuviper-10.png\",\"width\":1000,\"height\":500,\"caption\":\"Compuviper\"},\"image\":{\"@id\":\"https:\/\/compuviper.mx\/tienda\/#\/schema\/logo\/image\/\"},\"sameAs\":[\"https:\/\/www.facebook.com\/compuviper\",\"https:\/\/www.youtube.com\/channel\/UCf73dERp9Y3cfOq7q8BhLjA?view_as=subscriber\"]}]}<\/script>\n<meta property=\"product:brand\" content=\"Msi Oem\" \/>\n<meta property=\"product:price:amount\" content=\"875\" \/>\n<meta property=\"product:price:currency\" content=\"MXN\" \/>\n<meta property=\"og:availability\" content=\"instock\" \/>\n<meta property=\"product:availability\" content=\"instock\" \/>\n<meta property=\"product:retailer_item_id\" content=\"A520M-A PRO\" \/>\n<meta property=\"product:condition\" content=\"new\" \/>\n<!-- \/ Yoast SEO plugin. -->","yoast_head_json":{"title":"[ Msi Oem ] &#129351; A520m-a Pro Mb Msi A520 Amd S-am4 3a Gen\/2xddr4 3200\/hdmi\/dvi\/4xusb 3.2\/m.2\/micro Atx\/gama Basica","description":"Compra A520m-a Pro Mb Msi A520 Amd S-am4 3a Gen\/2xddr4 3200\/hdmi\/dvi\/4xusb 3.2\/m.2\/micro Atx\/gama Basica + Env\u00edo a domicilio + Pago seguro + Garant\u00eda","robots":{"index":"index","follow":"follow","max-snippet":"max-snippet:-1","max-image-preview":"max-image-preview:large","max-video-preview":"max-video-preview:-1"},"canonical":"https:\/\/compuviper.mx\/tienda\/producto\/msi-oem-a520m-a-pro-mb-msi-a520-amd-s-am4-3a-gen-2xddr4-3200-hdmi-dvi-4xusb-3-2-m-2-micro-atx-gama-basica\/","og_locale":"es_MX","og_type":"article","og_title":"[ Msi Oem ] &#129351; A520m-a Pro Mb Msi A520 Amd S-am4 3a Gen\/2xddr4 3200\/hdmi\/dvi\/4xusb 3.2\/m.2\/micro Atx\/gama Basica","og_description":"Compra A520m-a Pro Mb Msi A520 Amd S-am4 3a Gen\/2xddr4 3200\/hdmi\/dvi\/4xusb 3.2\/m.2\/micro Atx\/gama Basica + Env\u00edo a domicilio + Pago seguro + Garant\u00eda","og_url":"https:\/\/compuviper.mx\/tienda\/producto\/msi-oem-a520m-a-pro-mb-msi-a520-amd-s-am4-3a-gen-2xddr4-3200-hdmi-dvi-4xusb-3-2-m-2-micro-atx-gama-basica\/","og_site_name":"Compuviper","article_publisher":"https:\/\/www.facebook.com\/compuviper","article_modified_time":"2026-04-26T06:00:44+00:00","og_image":[{"width":200,"height":200,"url":"https:\/\/compuviper.mx\/tienda\/wp-content\/uploads\/2026\/03\/Mb-msi-a520-amd-s-am4-3a-gen2xddr4-3200hdmidvi4xusb-3.2m.2micro-atxgama-basica.jpg","type":"image\/jpeg"}],"twitter_card":"summary_large_image","twitter_misc":{"Precio":"&#36;875 con IVA","Availability":"In stock"},"schema":{"@context":"https:\/\/schema.org","@graph":[{"@type":"WebPage","@id":"https:\/\/compuviper.mx\/tienda\/producto\/msi-oem-a520m-a-pro-mb-msi-a520-amd-s-am4-3a-gen-2xddr4-3200-hdmi-dvi-4xusb-3-2-m-2-micro-atx-gama-basica\/","url":"https:\/\/compuviper.mx\/tienda\/producto\/msi-oem-a520m-a-pro-mb-msi-a520-amd-s-am4-3a-gen-2xddr4-3200-hdmi-dvi-4xusb-3-2-m-2-micro-atx-gama-basica\/","name":"[ Msi Oem ] &#129351; A520m-a Pro Mb Msi A520 Amd S-am4 3a Gen\/2xddr4 3200\/hdmi\/dvi\/4xusb 3.2\/m.2\/micro Atx\/gama Basica","isPartOf":{"@id":"https:\/\/compuviper.mx\/tienda\/#website"},"datePublished":"2026-04-26T05:18:50+00:00","dateModified":"2026-04-26T06:00:44+00:00","description":"Compra A520m-a Pro Mb Msi A520 Amd S-am4 3a Gen\/2xddr4 3200\/hdmi\/dvi\/4xusb 3.2\/m.2\/micro Atx\/gama Basica + Env\u00edo a domicilio + Pago seguro + Garant\u00eda","breadcrumb":{"@id":"https:\/\/compuviper.mx\/tienda\/producto\/msi-oem-a520m-a-pro-mb-msi-a520-amd-s-am4-3a-gen-2xddr4-3200-hdmi-dvi-4xusb-3-2-m-2-micro-atx-gama-basica\/#breadcrumb"},"inLanguage":"es-MX","potentialAction":[{"@type":"ReadAction","target":["https:\/\/compuviper.mx\/tienda\/producto\/msi-oem-a520m-a-pro-mb-msi-a520-amd-s-am4-3a-gen-2xddr4-3200-hdmi-dvi-4xusb-3-2-m-2-micro-atx-gama-basica\/"]}]},{"@type":"BreadcrumbList","@id":"https:\/\/compuviper.mx\/tienda\/producto\/msi-oem-a520m-a-pro-mb-msi-a520-amd-s-am4-3a-gen-2xddr4-3200-hdmi-dvi-4xusb-3-2-m-2-micro-atx-gama-basica\/#breadcrumb","itemListElement":[{"@type":"ListItem","position":1,"name":"Inicio","item":"https:\/\/compuviper.mx\/tienda\/"},{"@type":"ListItem","position":2,"name":"Productos","item":"https:\/\/compuviper.mx\/tienda\/productos\/"},{"@type":"ListItem","position":3,"name":"Tarjeta Madre","item":"https:\/\/compuviper.mx\/tienda\/categoria-producto\/tarjeta-madre\/"},{"@type":"ListItem","position":4,"name":"Socket Am4","item":"https:\/\/compuviper.mx\/tienda\/categoria-producto\/tarjeta-madre\/socket-am4\/"},{"@type":"ListItem","position":5,"name":"Msi Oem A520m-a Pro Mb Msi A520 Amd S-am4 3a Gen\/2xddr4 3200\/hdmi\/dvi\/4xusb 3.2\/m.2\/micro Atx\/gama Basica"}]},{"@type":"WebSite","@id":"https:\/\/compuviper.mx\/tienda\/#website","url":"https:\/\/compuviper.mx\/tienda\/","name":"Compuviper","description":"Proveedor de Computadoras, Laptops, Servidores, Monitores, Puntos de Venta, Teclados,   Impresoras, T\u00f3ner, C\u00e1maras de Seguridad y m\u00e1s en tu tienda en l\u00ednea","publisher":{"@id":"https:\/\/compuviper.mx\/tienda\/#organization"},"potentialAction":[{"@type":"SearchAction","target":{"@type":"EntryPoint","urlTemplate":"https:\/\/compuviper.mx\/tienda\/?s={search_term_string}"},"query-input":"required name=search_term_string"}],"inLanguage":"es-MX"},{"@type":"Organization","@id":"https:\/\/compuviper.mx\/tienda\/#organization","name":"Compuviper","url":"https:\/\/compuviper.mx\/tienda\/","logo":{"@type":"ImageObject","inLanguage":"es-MX","@id":"https:\/\/compuviper.mx\/tienda\/#\/schema\/logo\/image\/","url":"https:\/\/compuviper.mx\/tienda\/wp-content\/uploads\/2021\/08\/Logo-Compuviper-10.png","contentUrl":"https:\/\/compuviper.mx\/tienda\/wp-content\/uploads\/2021\/08\/Logo-Compuviper-10.png","width":1000,"height":500,"caption":"Compuviper"},"image":{"@id":"https:\/\/compuviper.mx\/tienda\/#\/schema\/logo\/image\/"},"sameAs":["https:\/\/www.facebook.com\/compuviper","https:\/\/www.youtube.com\/channel\/UCf73dERp9Y3cfOq7q8BhLjA?view_as=subscriber"]}]},"product_brand":"Msi Oem","product_price_amount":"875","product_price_currency":"MXN","og_availability":"instock","product_availability":"instock","product_retailer_item_id":"A520M-A PRO","product_condition":"new"},"_links":{"self":[{"href":"https:\/\/compuviper.mx\/tienda\/wp-json\/wp\/v2\/product\/268033"}],"collection":[{"href":"https:\/\/compuviper.mx\/tienda\/wp-json\/wp\/v2\/product"}],"about":[{"href":"https:\/\/compuviper.mx\/tienda\/wp-json\/wp\/v2\/types\/product"}],"replies":[{"embeddable":true,"href":"https:\/\/compuviper.mx\/tienda\/wp-json\/wp\/v2\/comments?post=268033"}],"wp:featuredmedia":[{"embeddable":true,"href":"https:\/\/compuviper.mx\/tienda\/wp-json\/wp\/v2\/media\/268034"}],"wp:attachment":[{"href":"https:\/\/compuviper.mx\/tienda\/wp-json\/wp\/v2\/media?parent=268033"}],"wp:term":[{"taxonomy":"product_cat","embeddable":true,"href":"https:\/\/compuviper.mx\/tienda\/wp-json\/wp\/v2\/product_cat?post=268033"},{"taxonomy":"product_tag","embeddable":true,"href":"https:\/\/compuviper.mx\/tienda\/wp-json\/wp\/v2\/product_tag?post=268033"}],"curies":[{"name":"wp","href":"https:\/\/api.w.org\/{rel}","templated":true}]}}