{"id":268026,"date":"2026-04-02T23:13:50","date_gmt":"2026-04-03T05:13:50","guid":{"rendered":"https:\/\/compuviper.mx\/tienda\/producto\/quaroni-qssd480-unidad-de-estado-solido-ssd-2-5-480gb-sata3-6gb-s-7mm-lect-530mb-s-escrit-470mb-s\/"},"modified":"2026-04-03T00:00:37","modified_gmt":"2026-04-03T06:00:37","slug":"quaroni-qssd480-unidad-de-estado-solido-ssd-2-5-480gb-sata3-6gb-s-7mm-lect-530mb-s-escrit-470mb-s","status":"publish","type":"product","link":"https:\/\/compuviper.mx\/tienda\/producto\/quaroni-qssd480-unidad-de-estado-solido-ssd-2-5-480gb-sata3-6gb-s-7mm-lect-530mb-s-escrit-470mb-s\/","title":{"rendered":"Quaroni Qssd480 Unidad De Estado Solido Ssd  2.5 480gb Sata3 6gb\/s 7mm Lect 530mb\/s Escrit 470mb\/s"},"content":{"rendered":"<table class=\"descripcion\">\n<tr>\n<td>Capacidad: 480 gb<\/td>\n<\/tr>\n<tr>\n<td>Tama\u00f1o: 2.5\u0094<\/td>\n<\/tr>\n<tr>\n<td>Conexi\u00f3n: sata iii 6 gb\/s<\/td>\n<\/tr>\n<tr>\n<td>Lectura: 530 mb\/s<\/td>\n<\/tr>\n<tr>\n<td>Escritura: 450 mb\/s<\/td>\n<\/tr>\n<\/table>\n","protected":false},"excerpt":{"rendered":"<p>La unidad de estado solido es la mejor opcion para mantener la inofrmacion segura, mezclando portabilidad y eficiciencia en un dispositivo de 2.5.<\/p>\n","protected":false},"featured_media":0,"comment_status":"open","ping_status":"open","template":"","meta":[],"product_cat":[1703,1708],"product_tag":[1678],"acf":[],"yoast_head":"<!-- This site is optimized with the Yoast SEO plugin v21.7 - https:\/\/yoast.com\/wordpress\/plugins\/seo\/ -->\n<title>[ Quaroni ] &#129351; Qssd480 Unidad De Estado Solido Ssd 2.5 480gb Sata3 6gb\/s 7mm Lect 530mb\/s Escrit 470mb\/s<\/title>\n<meta name=\"description\" content=\"Compra Qssd480 Unidad De Estado Solido Ssd 2.5 480gb Sata3 6gb\/s 7mm Lect 530mb\/s Escrit 470mb\/s + Env\u00edo a domicilio + Pago seguro + Garant\u00eda\" \/>\n<meta name=\"robots\" content=\"index, follow, max-snippet:-1, max-image-preview:large, max-video-preview:-1\" \/>\n<link rel=\"canonical\" href=\"https:\/\/compuviper.mx\/tienda\/producto\/quaroni-qssd480-unidad-de-estado-solido-ssd-2-5-480gb-sata3-6gb-s-7mm-lect-530mb-s-escrit-470mb-s\/\" \/>\n<meta property=\"og:locale\" content=\"es_MX\" \/>\n<meta property=\"og:type\" content=\"article\" \/>\n<meta property=\"og:title\" content=\"[ Quaroni ] &#129351; Qssd480 Unidad De Estado Solido Ssd 2.5 480gb Sata3 6gb\/s 7mm Lect 530mb\/s Escrit 470mb\/s\" \/>\n<meta property=\"og:description\" content=\"Compra Qssd480 Unidad De Estado Solido Ssd 2.5 480gb Sata3 6gb\/s 7mm Lect 530mb\/s Escrit 470mb\/s + Env\u00edo a domicilio + Pago seguro + Garant\u00eda\" \/>\n<meta property=\"og:url\" content=\"https:\/\/compuviper.mx\/tienda\/producto\/quaroni-qssd480-unidad-de-estado-solido-ssd-2-5-480gb-sata3-6gb-s-7mm-lect-530mb-s-escrit-470mb-s\/\" \/>\n<meta property=\"og:site_name\" content=\"Compuviper\" \/>\n<meta property=\"article:publisher\" content=\"https:\/\/www.facebook.com\/compuviper\" \/>\n<meta property=\"article:modified_time\" content=\"2026-04-03T06:00:37+00:00\" \/>\n<meta name=\"twitter:card\" content=\"summary_large_image\" \/>\n<meta name=\"twitter:label1\" content=\"Precio\" \/>\n\t<meta name=\"twitter:data1\" content=\"&#36;1,117 con IVA\" \/>\n\t<meta name=\"twitter:label2\" content=\"Availability\" \/>\n\t<meta name=\"twitter:data2\" content=\"In stock\" \/>\n<script type=\"application\/ld+json\" class=\"yoast-schema-graph\">{\"@context\":\"https:\/\/schema.org\",\"@graph\":[{\"@type\":\"WebPage\",\"@id\":\"https:\/\/compuviper.mx\/tienda\/producto\/quaroni-qssd480-unidad-de-estado-solido-ssd-2-5-480gb-sata3-6gb-s-7mm-lect-530mb-s-escrit-470mb-s\/\",\"url\":\"https:\/\/compuviper.mx\/tienda\/producto\/quaroni-qssd480-unidad-de-estado-solido-ssd-2-5-480gb-sata3-6gb-s-7mm-lect-530mb-s-escrit-470mb-s\/\",\"name\":\"[ Quaroni ] &#129351; Qssd480 Unidad De Estado Solido Ssd 2.5 480gb Sata3 6gb\/s 7mm Lect 530mb\/s Escrit 470mb\/s\",\"isPartOf\":{\"@id\":\"https:\/\/compuviper.mx\/tienda\/#website\"},\"datePublished\":\"2026-04-03T05:13:50+00:00\",\"dateModified\":\"2026-04-03T06:00:37+00:00\",\"description\":\"Compra Qssd480 Unidad De Estado Solido Ssd 2.5 480gb Sata3 6gb\/s 7mm Lect 530mb\/s Escrit 470mb\/s + Env\u00edo a domicilio + Pago seguro + Garant\u00eda\",\"breadcrumb\":{\"@id\":\"https:\/\/compuviper.mx\/tienda\/producto\/quaroni-qssd480-unidad-de-estado-solido-ssd-2-5-480gb-sata3-6gb-s-7mm-lect-530mb-s-escrit-470mb-s\/#breadcrumb\"},\"inLanguage\":\"es-MX\",\"potentialAction\":[{\"@type\":\"ReadAction\",\"target\":[\"https:\/\/compuviper.mx\/tienda\/producto\/quaroni-qssd480-unidad-de-estado-solido-ssd-2-5-480gb-sata3-6gb-s-7mm-lect-530mb-s-escrit-470mb-s\/\"]}]},{\"@type\":\"BreadcrumbList\",\"@id\":\"https:\/\/compuviper.mx\/tienda\/producto\/quaroni-qssd480-unidad-de-estado-solido-ssd-2-5-480gb-sata3-6gb-s-7mm-lect-530mb-s-escrit-470mb-s\/#breadcrumb\",\"itemListElement\":[{\"@type\":\"ListItem\",\"position\":1,\"name\":\"Inicio\",\"item\":\"https:\/\/compuviper.mx\/tienda\/\"},{\"@type\":\"ListItem\",\"position\":2,\"name\":\"Productos\",\"item\":\"https:\/\/compuviper.mx\/tienda\/productos\/\"},{\"@type\":\"ListItem\",\"position\":3,\"name\":\"Discos Duros\",\"item\":\"https:\/\/compuviper.mx\/tienda\/categoria-producto\/discos-duros\/\"},{\"@type\":\"ListItem\",\"position\":4,\"name\":\"Unidad De Estado Solido\",\"item\":\"https:\/\/compuviper.mx\/tienda\/categoria-producto\/discos-duros\/unidad-de-estado-solido\/\"},{\"@type\":\"ListItem\",\"position\":5,\"name\":\"Quaroni Qssd480 Unidad De Estado Solido Ssd 2.5 480gb Sata3 6gb\/s 7mm Lect 530mb\/s Escrit 470mb\/s\"}]},{\"@type\":\"WebSite\",\"@id\":\"https:\/\/compuviper.mx\/tienda\/#website\",\"url\":\"https:\/\/compuviper.mx\/tienda\/\",\"name\":\"Compuviper\",\"description\":\"Proveedor de Computadoras, Laptops, Servidores, Monitores, Puntos de Venta, Teclados,   Impresoras, T\u00f3ner, C\u00e1maras de Seguridad y m\u00e1s en tu tienda en l\u00ednea\",\"publisher\":{\"@id\":\"https:\/\/compuviper.mx\/tienda\/#organization\"},\"potentialAction\":[{\"@type\":\"SearchAction\",\"target\":{\"@type\":\"EntryPoint\",\"urlTemplate\":\"https:\/\/compuviper.mx\/tienda\/?s={search_term_string}\"},\"query-input\":\"required name=search_term_string\"}],\"inLanguage\":\"es-MX\"},{\"@type\":\"Organization\",\"@id\":\"https:\/\/compuviper.mx\/tienda\/#organization\",\"name\":\"Compuviper\",\"url\":\"https:\/\/compuviper.mx\/tienda\/\",\"logo\":{\"@type\":\"ImageObject\",\"inLanguage\":\"es-MX\",\"@id\":\"https:\/\/compuviper.mx\/tienda\/#\/schema\/logo\/image\/\",\"url\":\"https:\/\/compuviper.mx\/tienda\/wp-content\/uploads\/2021\/08\/Logo-Compuviper-10.png\",\"contentUrl\":\"https:\/\/compuviper.mx\/tienda\/wp-content\/uploads\/2021\/08\/Logo-Compuviper-10.png\",\"width\":1000,\"height\":500,\"caption\":\"Compuviper\"},\"image\":{\"@id\":\"https:\/\/compuviper.mx\/tienda\/#\/schema\/logo\/image\/\"},\"sameAs\":[\"https:\/\/www.facebook.com\/compuviper\",\"https:\/\/www.youtube.com\/channel\/UCf73dERp9Y3cfOq7q8BhLjA?view_as=subscriber\"]}]}<\/script>\n<meta property=\"product:brand\" content=\"QUARONI\" \/>\n<meta property=\"product:price:amount\" content=\"1117\" \/>\n<meta property=\"product:price:currency\" content=\"MXN\" \/>\n<meta property=\"og:availability\" content=\"instock\" \/>\n<meta property=\"product:availability\" content=\"instock\" \/>\n<meta property=\"product:retailer_item_id\" content=\"QSSD480\" \/>\n<meta property=\"product:condition\" content=\"new\" \/>\n<!-- \/ Yoast SEO plugin. -->","yoast_head_json":{"title":"[ Quaroni ] &#129351; Qssd480 Unidad De Estado Solido Ssd 2.5 480gb Sata3 6gb\/s 7mm Lect 530mb\/s Escrit 470mb\/s","description":"Compra Qssd480 Unidad De Estado Solido Ssd 2.5 480gb Sata3 6gb\/s 7mm Lect 530mb\/s Escrit 470mb\/s + Env\u00edo a domicilio + Pago seguro + Garant\u00eda","robots":{"index":"index","follow":"follow","max-snippet":"max-snippet:-1","max-image-preview":"max-image-preview:large","max-video-preview":"max-video-preview:-1"},"canonical":"https:\/\/compuviper.mx\/tienda\/producto\/quaroni-qssd480-unidad-de-estado-solido-ssd-2-5-480gb-sata3-6gb-s-7mm-lect-530mb-s-escrit-470mb-s\/","og_locale":"es_MX","og_type":"article","og_title":"[ Quaroni ] &#129351; Qssd480 Unidad De Estado Solido Ssd 2.5 480gb Sata3 6gb\/s 7mm Lect 530mb\/s Escrit 470mb\/s","og_description":"Compra Qssd480 Unidad De Estado Solido Ssd 2.5 480gb Sata3 6gb\/s 7mm Lect 530mb\/s Escrit 470mb\/s + Env\u00edo a domicilio + Pago seguro + Garant\u00eda","og_url":"https:\/\/compuviper.mx\/tienda\/producto\/quaroni-qssd480-unidad-de-estado-solido-ssd-2-5-480gb-sata3-6gb-s-7mm-lect-530mb-s-escrit-470mb-s\/","og_site_name":"Compuviper","article_publisher":"https:\/\/www.facebook.com\/compuviper","article_modified_time":"2026-04-03T06:00:37+00:00","twitter_card":"summary_large_image","twitter_misc":{"Precio":"&#36;1,117 con IVA","Availability":"In stock"},"schema":{"@context":"https:\/\/schema.org","@graph":[{"@type":"WebPage","@id":"https:\/\/compuviper.mx\/tienda\/producto\/quaroni-qssd480-unidad-de-estado-solido-ssd-2-5-480gb-sata3-6gb-s-7mm-lect-530mb-s-escrit-470mb-s\/","url":"https:\/\/compuviper.mx\/tienda\/producto\/quaroni-qssd480-unidad-de-estado-solido-ssd-2-5-480gb-sata3-6gb-s-7mm-lect-530mb-s-escrit-470mb-s\/","name":"[ Quaroni ] &#129351; Qssd480 Unidad De Estado Solido Ssd 2.5 480gb Sata3 6gb\/s 7mm Lect 530mb\/s Escrit 470mb\/s","isPartOf":{"@id":"https:\/\/compuviper.mx\/tienda\/#website"},"datePublished":"2026-04-03T05:13:50+00:00","dateModified":"2026-04-03T06:00:37+00:00","description":"Compra Qssd480 Unidad De Estado Solido Ssd 2.5 480gb Sata3 6gb\/s 7mm Lect 530mb\/s Escrit 470mb\/s + Env\u00edo a domicilio + Pago seguro + Garant\u00eda","breadcrumb":{"@id":"https:\/\/compuviper.mx\/tienda\/producto\/quaroni-qssd480-unidad-de-estado-solido-ssd-2-5-480gb-sata3-6gb-s-7mm-lect-530mb-s-escrit-470mb-s\/#breadcrumb"},"inLanguage":"es-MX","potentialAction":[{"@type":"ReadAction","target":["https:\/\/compuviper.mx\/tienda\/producto\/quaroni-qssd480-unidad-de-estado-solido-ssd-2-5-480gb-sata3-6gb-s-7mm-lect-530mb-s-escrit-470mb-s\/"]}]},{"@type":"BreadcrumbList","@id":"https:\/\/compuviper.mx\/tienda\/producto\/quaroni-qssd480-unidad-de-estado-solido-ssd-2-5-480gb-sata3-6gb-s-7mm-lect-530mb-s-escrit-470mb-s\/#breadcrumb","itemListElement":[{"@type":"ListItem","position":1,"name":"Inicio","item":"https:\/\/compuviper.mx\/tienda\/"},{"@type":"ListItem","position":2,"name":"Productos","item":"https:\/\/compuviper.mx\/tienda\/productos\/"},{"@type":"ListItem","position":3,"name":"Discos Duros","item":"https:\/\/compuviper.mx\/tienda\/categoria-producto\/discos-duros\/"},{"@type":"ListItem","position":4,"name":"Unidad De Estado Solido","item":"https:\/\/compuviper.mx\/tienda\/categoria-producto\/discos-duros\/unidad-de-estado-solido\/"},{"@type":"ListItem","position":5,"name":"Quaroni Qssd480 Unidad De Estado Solido Ssd 2.5 480gb Sata3 6gb\/s 7mm Lect 530mb\/s Escrit 470mb\/s"}]},{"@type":"WebSite","@id":"https:\/\/compuviper.mx\/tienda\/#website","url":"https:\/\/compuviper.mx\/tienda\/","name":"Compuviper","description":"Proveedor de Computadoras, Laptops, Servidores, Monitores, Puntos de Venta, Teclados,   Impresoras, T\u00f3ner, C\u00e1maras de Seguridad y m\u00e1s en tu tienda en l\u00ednea","publisher":{"@id":"https:\/\/compuviper.mx\/tienda\/#organization"},"potentialAction":[{"@type":"SearchAction","target":{"@type":"EntryPoint","urlTemplate":"https:\/\/compuviper.mx\/tienda\/?s={search_term_string}"},"query-input":"required name=search_term_string"}],"inLanguage":"es-MX"},{"@type":"Organization","@id":"https:\/\/compuviper.mx\/tienda\/#organization","name":"Compuviper","url":"https:\/\/compuviper.mx\/tienda\/","logo":{"@type":"ImageObject","inLanguage":"es-MX","@id":"https:\/\/compuviper.mx\/tienda\/#\/schema\/logo\/image\/","url":"https:\/\/compuviper.mx\/tienda\/wp-content\/uploads\/2021\/08\/Logo-Compuviper-10.png","contentUrl":"https:\/\/compuviper.mx\/tienda\/wp-content\/uploads\/2021\/08\/Logo-Compuviper-10.png","width":1000,"height":500,"caption":"Compuviper"},"image":{"@id":"https:\/\/compuviper.mx\/tienda\/#\/schema\/logo\/image\/"},"sameAs":["https:\/\/www.facebook.com\/compuviper","https:\/\/www.youtube.com\/channel\/UCf73dERp9Y3cfOq7q8BhLjA?view_as=subscriber"]}]},"product_brand":"QUARONI","product_price_amount":"1117","product_price_currency":"MXN","og_availability":"instock","product_availability":"instock","product_retailer_item_id":"QSSD480","product_condition":"new"},"_links":{"self":[{"href":"https:\/\/compuviper.mx\/tienda\/wp-json\/wp\/v2\/product\/268026"}],"collection":[{"href":"https:\/\/compuviper.mx\/tienda\/wp-json\/wp\/v2\/product"}],"about":[{"href":"https:\/\/compuviper.mx\/tienda\/wp-json\/wp\/v2\/types\/product"}],"replies":[{"embeddable":true,"href":"https:\/\/compuviper.mx\/tienda\/wp-json\/wp\/v2\/comments?post=268026"}],"wp:attachment":[{"href":"https:\/\/compuviper.mx\/tienda\/wp-json\/wp\/v2\/media?parent=268026"}],"wp:term":[{"taxonomy":"product_cat","embeddable":true,"href":"https:\/\/compuviper.mx\/tienda\/wp-json\/wp\/v2\/product_cat?post=268026"},{"taxonomy":"product_tag","embeddable":true,"href":"https:\/\/compuviper.mx\/tienda\/wp-json\/wp\/v2\/product_tag?post=268026"}],"curies":[{"name":"wp","href":"https:\/\/api.w.org\/{rel}","templated":true}]}}