{"id":268024,"date":"2026-04-02T00:39:35","date_gmt":"2026-04-02T06:39:35","guid":{"rendered":"https:\/\/compuviper.mx\/tienda\/producto\/sandisk-sdssde62c-2t00-g25-unidad-de-estado-solido-ssd-externo-creator-2tb-usb-3-2-gen-2-lect-1000mb-s\/"},"modified":"2026-04-03T00:00:15","modified_gmt":"2026-04-03T06:00:15","slug":"sandisk-sdssde62c-2t00-g25-unidad-de-estado-solido-ssd-externo-creator-2tb-usb-3-2-gen-2-lect-1000mb-s","status":"publish","type":"product","link":"https:\/\/compuviper.mx\/tienda\/producto\/sandisk-sdssde62c-2t00-g25-unidad-de-estado-solido-ssd-externo-creator-2tb-usb-3-2-gen-2-lect-1000mb-s\/","title":{"rendered":"Sandisk Sdssde62c-2t00-g25 Unidad De Estado Solido Ssd Externo  Creator 2tb Usb 3.2 Gen 2 Lect.1000mb\/s"},"content":{"rendered":"<table class=\"descripcion\">\n<tr>\n<td>Capacidad  2 tb<\/td>\n<\/tr>\n<tr>\n<td>Conector  usb-c<\/td>\n<\/tr>\n<tr>\n<td>Rendimiento de lectura secuencial  up to 1000mb\/s<\/td>\n<\/tr>\n<tr>\n<td>Rendimiento de escritura secuencial  up to 950mb\/s<\/td>\n<\/tr>\n<tr>\n<td>Interfaz  usb 3.2 gen 2<\/td>\n<\/tr>\n<tr>\n<td>Dimensiones (largo, ancho y alto)  3.25 x 2.69 x 0.43<\/td>\n<\/tr>\n<tr>\n<td>Garantia limitada de 5 a\u00f1os<\/td>\n<\/tr>\n<tr>\n<td>Peso  54gms<\/td>\n<\/tr>\n<tr>\n<td>Numero de modelo  sdssde62c-2t00-g25<\/td>\n<\/tr>\n<tr>\n<td>Caracteristicas del producto :<\/td>\n<\/tr>\n<tr>\n<td>\u0095con la unidad ssd portatil compatible con magsafe de la serie sandisk creator, una coleccion de productos que mejoran cada etapa de su flujo de trabajo, puede proyectar su voz creativa.<\/td>\n<\/tr>\n<tr>\n<td>\u0095capture asombrosos videos apple prores a 4k\/60 fps directamente en su unidad para producir contenidos de calidad profesional sobre la marcha.<\/td>\n<\/tr>\n<tr>\n<td>\u0095conecta la unidad a tu telefono inteligente compatible con magsafe con facilidad para crear una estacion de produccion movil en un instante.<\/td>\n<\/tr>\n<tr>\n<td>En la caja<\/td>\n<\/tr>\n<tr>\n<td>Sandisk creator phone ssd left<\/td>\n<\/tr>\n<tr>\n<td>Ssd sandisk creator para telefonos<\/td>\n<\/tr>\n<tr>\n<td>Anillo magnetico &#8211; consejo profesional: pega el anillo magnetico incluido en la parte posterior de la pantalla de tu pc portatil y pasa sin esfuerzo de grabar contenidos en tu smartphone compatible con magsafe a editarlos en tu pc o mac.<\/td>\n<\/tr>\n<tr>\n<td>Cable usb-c<\/td>\n<\/tr>\n<tr>\n<td>Manual de seguridad y garantia<\/td>\n<\/tr>\n<tr>\n<td>Guia de inicio rapido<\/td>\n<\/tr>\n<tr>\n<td>Compatibilidad :<\/td>\n<\/tr>\n<tr>\n<td>\u0095windows 10 o versiones posteriores<\/td>\n<\/tr>\n<tr>\n<td>\u0095macos 14 o posterior<\/td>\n<\/tr>\n<tr>\n<td>\u0095ios\/ipados 17 o versiones posteriores<\/td>\n<\/tr>\n<tr>\n<td>\u0095android 14 o versiones posteriores<\/td>\n<\/tr>\n<tr>\n<td>Nota: incluye formato exfat para la compatibilidad<\/td>\n<\/tr>\n<\/table>\n","protected":false},"excerpt":{"rendered":"<p>Lleve su estudio de produccion creativa dondequiera que vaya con la unidad ssd sandisk creator para telefonos. Como parte de la serie sandisk creator, la unidad ssd sandisk creator para telefonos se dise\u00f1o para crear contenido en cualquier momento, ya que se puede conectar facilmente a su telefono inteligente compatible con magsafe. Graba videos increibles en 4k a 60 fps en apple prores y guarda contenido en la unidad directamente para empezar a editarlo de inmediato. Resistente y confiable para acompa\u00f1arlo dondequiera que lo lleve la inspiracion, esta unidad cuenta con una carcasa de silicona duradera, proteccion contra caidas hasta tres metros y resistencia al agua y al polvo con clasificacion ip65. Ademas, para optimizar su proceso de edicion, disfrute de un mes gratis de adobe creative cloud. Sandisk le brinda las herramientas que necesita para cuando le llegue la inspiracion. Para los creadores con una vision. Con la serie sandisk creator, puedes proyectar tu voz creativa con una colecci\u00f3n de productos que mejoran cada etapa de tu flujo de trabajo. Compatibilidad con magsafe. Conecte facilmente la unidad a su telefono inteligente compatible con magsafe para crear una estacion de produccion movil en un instante. Almacenamiento cinematico en la unidad directamente. Si se usa con un telefono inteligente o una tableta compatibles, la unidad te permite grabar videos en apple prores 4k a 60 fps. Para trabajar en la edicion rapidamente, puede guardar el contenido en la unidad directamente. Preparacion para tus aventuras creativas. Preparate para poder trabajar dondequiera que te lleve la inspiracion con una carcasa de silicona duradera, proteccion contra ca\u00eddas hasta tres metros y resistencia al agua y el polvo con clasificacion ip65. Formato adecuado para tu equipo. Gracias al formato exfat, la unidad es compatible desde el primer momento con dispositivos windows, android y macos, incluido el iphone 16 pro\/pro max. Beneficios en materia de productividad. Para optimizar su flujo de trabajo creativo, aproveche un mes de adobe creative cloud.<\/p>\n","protected":false},"featured_media":268025,"comment_status":"open","ping_status":"open","template":"","meta":[],"product_cat":[1703,1708],"product_tag":[1709],"acf":[],"yoast_head":"<!-- This site is optimized with the Yoast SEO plugin v21.7 - https:\/\/yoast.com\/wordpress\/plugins\/seo\/ -->\n<title>[ Sandisk ] &#129351; Sdssde62c-2t00-g25 Unidad De Estado Solido Ssd Externo Creator 2tb Usb 3.2 Gen 2 Lect.1000mb\/s<\/title>\n<meta name=\"description\" content=\"Compra Sdssde62c-2t00-g25 Unidad De Estado Solido Ssd Externo Creator 2tb Usb 3.2 Gen 2 Lect.1000mb\/s + Env\u00edo a domicilio + Pago seguro + Garant\u00eda\" \/>\n<meta name=\"robots\" content=\"index, follow, max-snippet:-1, max-image-preview:large, max-video-preview:-1\" \/>\n<link rel=\"canonical\" href=\"https:\/\/compuviper.mx\/tienda\/producto\/sandisk-sdssde62c-2t00-g25-unidad-de-estado-solido-ssd-externo-creator-2tb-usb-3-2-gen-2-lect-1000mb-s\/\" \/>\n<meta property=\"og:locale\" content=\"es_MX\" \/>\n<meta property=\"og:type\" content=\"article\" \/>\n<meta property=\"og:title\" content=\"[ Sandisk ] &#129351; Sdssde62c-2t00-g25 Unidad De Estado Solido Ssd Externo Creator 2tb Usb 3.2 Gen 2 Lect.1000mb\/s\" \/>\n<meta property=\"og:description\" content=\"Compra Sdssde62c-2t00-g25 Unidad De Estado Solido Ssd Externo Creator 2tb Usb 3.2 Gen 2 Lect.1000mb\/s + Env\u00edo a domicilio + Pago seguro + Garant\u00eda\" \/>\n<meta property=\"og:url\" content=\"https:\/\/compuviper.mx\/tienda\/producto\/sandisk-sdssde62c-2t00-g25-unidad-de-estado-solido-ssd-externo-creator-2tb-usb-3-2-gen-2-lect-1000mb-s\/\" \/>\n<meta property=\"og:site_name\" content=\"Compuviper\" \/>\n<meta property=\"article:publisher\" content=\"https:\/\/www.facebook.com\/compuviper\" \/>\n<meta property=\"article:modified_time\" content=\"2026-04-03T06:00:15+00:00\" \/>\n<meta property=\"og:image\" content=\"https:\/\/compuviper.mx\/tienda\/wp-content\/uploads\/2026\/03\/Unidad-de-estado-solido-ssd-externo-sandisk-creator-2tb-usb-3.2-gen-2-lect.1000mbs-sdssde62c-2t00-g25.jpg\" \/>\n\t<meta property=\"og:image:width\" content=\"200\" \/>\n\t<meta property=\"og:image:height\" content=\"200\" \/>\n\t<meta property=\"og:image:type\" content=\"image\/jpeg\" \/>\n<meta name=\"twitter:card\" content=\"summary_large_image\" \/>\n<meta name=\"twitter:label1\" content=\"Precio\" \/>\n\t<meta name=\"twitter:data1\" content=\"&#36;6,677 con IVA\" \/>\n\t<meta name=\"twitter:label2\" content=\"Availability\" \/>\n\t<meta name=\"twitter:data2\" content=\"In stock\" \/>\n<script type=\"application\/ld+json\" class=\"yoast-schema-graph\">{\"@context\":\"https:\/\/schema.org\",\"@graph\":[{\"@type\":\"WebPage\",\"@id\":\"https:\/\/compuviper.mx\/tienda\/producto\/sandisk-sdssde62c-2t00-g25-unidad-de-estado-solido-ssd-externo-creator-2tb-usb-3-2-gen-2-lect-1000mb-s\/\",\"url\":\"https:\/\/compuviper.mx\/tienda\/producto\/sandisk-sdssde62c-2t00-g25-unidad-de-estado-solido-ssd-externo-creator-2tb-usb-3-2-gen-2-lect-1000mb-s\/\",\"name\":\"[ Sandisk ] &#129351; Sdssde62c-2t00-g25 Unidad De Estado Solido Ssd Externo Creator 2tb Usb 3.2 Gen 2 Lect.1000mb\/s\",\"isPartOf\":{\"@id\":\"https:\/\/compuviper.mx\/tienda\/#website\"},\"datePublished\":\"2026-04-02T06:39:35+00:00\",\"dateModified\":\"2026-04-03T06:00:15+00:00\",\"description\":\"Compra Sdssde62c-2t00-g25 Unidad De Estado Solido Ssd Externo Creator 2tb Usb 3.2 Gen 2 Lect.1000mb\/s + Env\u00edo a domicilio + Pago seguro + Garant\u00eda\",\"breadcrumb\":{\"@id\":\"https:\/\/compuviper.mx\/tienda\/producto\/sandisk-sdssde62c-2t00-g25-unidad-de-estado-solido-ssd-externo-creator-2tb-usb-3-2-gen-2-lect-1000mb-s\/#breadcrumb\"},\"inLanguage\":\"es-MX\",\"potentialAction\":[{\"@type\":\"ReadAction\",\"target\":[\"https:\/\/compuviper.mx\/tienda\/producto\/sandisk-sdssde62c-2t00-g25-unidad-de-estado-solido-ssd-externo-creator-2tb-usb-3-2-gen-2-lect-1000mb-s\/\"]}]},{\"@type\":\"BreadcrumbList\",\"@id\":\"https:\/\/compuviper.mx\/tienda\/producto\/sandisk-sdssde62c-2t00-g25-unidad-de-estado-solido-ssd-externo-creator-2tb-usb-3-2-gen-2-lect-1000mb-s\/#breadcrumb\",\"itemListElement\":[{\"@type\":\"ListItem\",\"position\":1,\"name\":\"Inicio\",\"item\":\"https:\/\/compuviper.mx\/tienda\/\"},{\"@type\":\"ListItem\",\"position\":2,\"name\":\"Productos\",\"item\":\"https:\/\/compuviper.mx\/tienda\/productos\/\"},{\"@type\":\"ListItem\",\"position\":3,\"name\":\"Discos Duros\",\"item\":\"https:\/\/compuviper.mx\/tienda\/categoria-producto\/discos-duros\/\"},{\"@type\":\"ListItem\",\"position\":4,\"name\":\"Unidad De Estado Solido\",\"item\":\"https:\/\/compuviper.mx\/tienda\/categoria-producto\/discos-duros\/unidad-de-estado-solido\/\"},{\"@type\":\"ListItem\",\"position\":5,\"name\":\"Sandisk Sdssde62c-2t00-g25 Unidad De Estado Solido Ssd Externo Creator 2tb Usb 3.2 Gen 2 Lect.1000mb\/s\"}]},{\"@type\":\"WebSite\",\"@id\":\"https:\/\/compuviper.mx\/tienda\/#website\",\"url\":\"https:\/\/compuviper.mx\/tienda\/\",\"name\":\"Compuviper\",\"description\":\"Proveedor de Computadoras, Laptops, Servidores, Monitores, Puntos de Venta, Teclados,   Impresoras, T\u00f3ner, C\u00e1maras de Seguridad y m\u00e1s en tu tienda en l\u00ednea\",\"publisher\":{\"@id\":\"https:\/\/compuviper.mx\/tienda\/#organization\"},\"potentialAction\":[{\"@type\":\"SearchAction\",\"target\":{\"@type\":\"EntryPoint\",\"urlTemplate\":\"https:\/\/compuviper.mx\/tienda\/?s={search_term_string}\"},\"query-input\":\"required name=search_term_string\"}],\"inLanguage\":\"es-MX\"},{\"@type\":\"Organization\",\"@id\":\"https:\/\/compuviper.mx\/tienda\/#organization\",\"name\":\"Compuviper\",\"url\":\"https:\/\/compuviper.mx\/tienda\/\",\"logo\":{\"@type\":\"ImageObject\",\"inLanguage\":\"es-MX\",\"@id\":\"https:\/\/compuviper.mx\/tienda\/#\/schema\/logo\/image\/\",\"url\":\"https:\/\/compuviper.mx\/tienda\/wp-content\/uploads\/2021\/08\/Logo-Compuviper-10.png\",\"contentUrl\":\"https:\/\/compuviper.mx\/tienda\/wp-content\/uploads\/2021\/08\/Logo-Compuviper-10.png\",\"width\":1000,\"height\":500,\"caption\":\"Compuviper\"},\"image\":{\"@id\":\"https:\/\/compuviper.mx\/tienda\/#\/schema\/logo\/image\/\"},\"sameAs\":[\"https:\/\/www.facebook.com\/compuviper\",\"https:\/\/www.youtube.com\/channel\/UCf73dERp9Y3cfOq7q8BhLjA?view_as=subscriber\"]}]}<\/script>\n<meta property=\"product:brand\" content=\"SANDISK\" \/>\n<meta property=\"product:price:amount\" content=\"6677\" \/>\n<meta property=\"product:price:currency\" content=\"MXN\" \/>\n<meta property=\"og:availability\" content=\"instock\" \/>\n<meta property=\"product:availability\" content=\"instock\" \/>\n<meta property=\"product:retailer_item_id\" content=\"SDSSDE62C-2T00-G25\" \/>\n<meta property=\"product:condition\" content=\"new\" \/>\n<!-- \/ Yoast SEO plugin. -->","yoast_head_json":{"title":"[ Sandisk ] &#129351; Sdssde62c-2t00-g25 Unidad De Estado Solido Ssd Externo Creator 2tb Usb 3.2 Gen 2 Lect.1000mb\/s","description":"Compra Sdssde62c-2t00-g25 Unidad De Estado Solido Ssd Externo Creator 2tb Usb 3.2 Gen 2 Lect.1000mb\/s + Env\u00edo a domicilio + Pago seguro + Garant\u00eda","robots":{"index":"index","follow":"follow","max-snippet":"max-snippet:-1","max-image-preview":"max-image-preview:large","max-video-preview":"max-video-preview:-1"},"canonical":"https:\/\/compuviper.mx\/tienda\/producto\/sandisk-sdssde62c-2t00-g25-unidad-de-estado-solido-ssd-externo-creator-2tb-usb-3-2-gen-2-lect-1000mb-s\/","og_locale":"es_MX","og_type":"article","og_title":"[ Sandisk ] &#129351; Sdssde62c-2t00-g25 Unidad De Estado Solido Ssd Externo Creator 2tb Usb 3.2 Gen 2 Lect.1000mb\/s","og_description":"Compra Sdssde62c-2t00-g25 Unidad De Estado Solido Ssd Externo Creator 2tb Usb 3.2 Gen 2 Lect.1000mb\/s + Env\u00edo a domicilio + Pago seguro + Garant\u00eda","og_url":"https:\/\/compuviper.mx\/tienda\/producto\/sandisk-sdssde62c-2t00-g25-unidad-de-estado-solido-ssd-externo-creator-2tb-usb-3-2-gen-2-lect-1000mb-s\/","og_site_name":"Compuviper","article_publisher":"https:\/\/www.facebook.com\/compuviper","article_modified_time":"2026-04-03T06:00:15+00:00","og_image":[{"width":200,"height":200,"url":"https:\/\/compuviper.mx\/tienda\/wp-content\/uploads\/2026\/03\/Unidad-de-estado-solido-ssd-externo-sandisk-creator-2tb-usb-3.2-gen-2-lect.1000mbs-sdssde62c-2t00-g25.jpg","type":"image\/jpeg"}],"twitter_card":"summary_large_image","twitter_misc":{"Precio":"&#36;6,677 con IVA","Availability":"In stock"},"schema":{"@context":"https:\/\/schema.org","@graph":[{"@type":"WebPage","@id":"https:\/\/compuviper.mx\/tienda\/producto\/sandisk-sdssde62c-2t00-g25-unidad-de-estado-solido-ssd-externo-creator-2tb-usb-3-2-gen-2-lect-1000mb-s\/","url":"https:\/\/compuviper.mx\/tienda\/producto\/sandisk-sdssde62c-2t00-g25-unidad-de-estado-solido-ssd-externo-creator-2tb-usb-3-2-gen-2-lect-1000mb-s\/","name":"[ Sandisk ] &#129351; Sdssde62c-2t00-g25 Unidad De Estado Solido Ssd Externo Creator 2tb Usb 3.2 Gen 2 Lect.1000mb\/s","isPartOf":{"@id":"https:\/\/compuviper.mx\/tienda\/#website"},"datePublished":"2026-04-02T06:39:35+00:00","dateModified":"2026-04-03T06:00:15+00:00","description":"Compra Sdssde62c-2t00-g25 Unidad De Estado Solido Ssd Externo Creator 2tb Usb 3.2 Gen 2 Lect.1000mb\/s + Env\u00edo a domicilio + Pago seguro + Garant\u00eda","breadcrumb":{"@id":"https:\/\/compuviper.mx\/tienda\/producto\/sandisk-sdssde62c-2t00-g25-unidad-de-estado-solido-ssd-externo-creator-2tb-usb-3-2-gen-2-lect-1000mb-s\/#breadcrumb"},"inLanguage":"es-MX","potentialAction":[{"@type":"ReadAction","target":["https:\/\/compuviper.mx\/tienda\/producto\/sandisk-sdssde62c-2t00-g25-unidad-de-estado-solido-ssd-externo-creator-2tb-usb-3-2-gen-2-lect-1000mb-s\/"]}]},{"@type":"BreadcrumbList","@id":"https:\/\/compuviper.mx\/tienda\/producto\/sandisk-sdssde62c-2t00-g25-unidad-de-estado-solido-ssd-externo-creator-2tb-usb-3-2-gen-2-lect-1000mb-s\/#breadcrumb","itemListElement":[{"@type":"ListItem","position":1,"name":"Inicio","item":"https:\/\/compuviper.mx\/tienda\/"},{"@type":"ListItem","position":2,"name":"Productos","item":"https:\/\/compuviper.mx\/tienda\/productos\/"},{"@type":"ListItem","position":3,"name":"Discos Duros","item":"https:\/\/compuviper.mx\/tienda\/categoria-producto\/discos-duros\/"},{"@type":"ListItem","position":4,"name":"Unidad De Estado Solido","item":"https:\/\/compuviper.mx\/tienda\/categoria-producto\/discos-duros\/unidad-de-estado-solido\/"},{"@type":"ListItem","position":5,"name":"Sandisk Sdssde62c-2t00-g25 Unidad De Estado Solido Ssd Externo Creator 2tb Usb 3.2 Gen 2 Lect.1000mb\/s"}]},{"@type":"WebSite","@id":"https:\/\/compuviper.mx\/tienda\/#website","url":"https:\/\/compuviper.mx\/tienda\/","name":"Compuviper","description":"Proveedor de Computadoras, Laptops, Servidores, Monitores, Puntos de Venta, Teclados,   Impresoras, T\u00f3ner, C\u00e1maras de Seguridad y m\u00e1s en tu tienda en l\u00ednea","publisher":{"@id":"https:\/\/compuviper.mx\/tienda\/#organization"},"potentialAction":[{"@type":"SearchAction","target":{"@type":"EntryPoint","urlTemplate":"https:\/\/compuviper.mx\/tienda\/?s={search_term_string}"},"query-input":"required name=search_term_string"}],"inLanguage":"es-MX"},{"@type":"Organization","@id":"https:\/\/compuviper.mx\/tienda\/#organization","name":"Compuviper","url":"https:\/\/compuviper.mx\/tienda\/","logo":{"@type":"ImageObject","inLanguage":"es-MX","@id":"https:\/\/compuviper.mx\/tienda\/#\/schema\/logo\/image\/","url":"https:\/\/compuviper.mx\/tienda\/wp-content\/uploads\/2021\/08\/Logo-Compuviper-10.png","contentUrl":"https:\/\/compuviper.mx\/tienda\/wp-content\/uploads\/2021\/08\/Logo-Compuviper-10.png","width":1000,"height":500,"caption":"Compuviper"},"image":{"@id":"https:\/\/compuviper.mx\/tienda\/#\/schema\/logo\/image\/"},"sameAs":["https:\/\/www.facebook.com\/compuviper","https:\/\/www.youtube.com\/channel\/UCf73dERp9Y3cfOq7q8BhLjA?view_as=subscriber"]}]},"product_brand":"SANDISK","product_price_amount":"6677","product_price_currency":"MXN","og_availability":"instock","product_availability":"instock","product_retailer_item_id":"SDSSDE62C-2T00-G25","product_condition":"new"},"_links":{"self":[{"href":"https:\/\/compuviper.mx\/tienda\/wp-json\/wp\/v2\/product\/268024"}],"collection":[{"href":"https:\/\/compuviper.mx\/tienda\/wp-json\/wp\/v2\/product"}],"about":[{"href":"https:\/\/compuviper.mx\/tienda\/wp-json\/wp\/v2\/types\/product"}],"replies":[{"embeddable":true,"href":"https:\/\/compuviper.mx\/tienda\/wp-json\/wp\/v2\/comments?post=268024"}],"wp:featuredmedia":[{"embeddable":true,"href":"https:\/\/compuviper.mx\/tienda\/wp-json\/wp\/v2\/media\/268025"}],"wp:attachment":[{"href":"https:\/\/compuviper.mx\/tienda\/wp-json\/wp\/v2\/media?parent=268024"}],"wp:term":[{"taxonomy":"product_cat","embeddable":true,"href":"https:\/\/compuviper.mx\/tienda\/wp-json\/wp\/v2\/product_cat?post=268024"},{"taxonomy":"product_tag","embeddable":true,"href":"https:\/\/compuviper.mx\/tienda\/wp-json\/wp\/v2\/product_tag?post=268024"}],"curies":[{"name":"wp","href":"https:\/\/api.w.org\/{rel}","templated":true}]}}