{"id":268020,"date":"2026-04-02T00:39:29","date_gmt":"2026-04-02T06:39:29","guid":{"rendered":"https:\/\/compuviper.mx\/tienda\/producto\/kingston-sfyr2s-1t0-unidad-de-estado-solido-fury-renegade-1tb-nvme-pcle-5-0-gen5-lect-14200-escrit-11000mb-s-difusor-de-calor-pc-laptop\/"},"modified":"2026-04-03T00:00:14","modified_gmt":"2026-04-03T06:00:14","slug":"kingston-sfyr2s-1t0-unidad-de-estado-solido-fury-renegade-1tb-nvme-pcle-5-0-gen5-lect-14200-escrit-11000mb-s-difusor-de-calor-pc-laptop","status":"publish","type":"product","link":"https:\/\/compuviper.mx\/tienda\/producto\/kingston-sfyr2s-1t0-unidad-de-estado-solido-fury-renegade-1tb-nvme-pcle-5-0-gen5-lect-14200-escrit-11000mb-s-difusor-de-calor-pc-laptop\/","title":{"rendered":"Kingston Sfyr2s\/1t0 Unidad De Estado Solido  Fury Renegade 1tb Nvme Pcle 5.0 Gen5 Lect.14200\/escrit.11000mb\/s Difusor De Calor Pc\/laptop"},"content":{"rendered":"<table class=\"descripcion\">\n<tr>\n<td>Factor de forma: m.2 2280<\/td>\n<\/tr>\n<tr>\n<td>Interfaz: nvme pcie 5.0<\/td>\n<\/tr>\n<tr>\n<td>Capacidad: 1tb<\/td>\n<\/tr>\n<tr>\n<td>Dimensiones: 80 x 22 x 2.3mm<\/td>\n<\/tr>\n<tr>\n<td>Peso: 7.3g<\/td>\n<\/tr>\n<tr>\n<td>Consumo de energia: 0.27w prom \/ 6.6w  14.2g \/ 6.6w (max.)<\/td>\n<\/tr>\n<tr>\n<td>Temp. operacion: 0 a 70\u00b0c<\/td>\n<\/tr>\n<tr>\n<td>Temp. almacenamiento: -40\u00b0 a 85\u00b0c<\/td>\n<\/tr>\n<tr>\n<td>Resistencia a las vibraciones en operacion. 2.17 g pico 7 a 800hz<\/td>\n<\/tr>\n<tr>\n<td>Resistencia a las vibraciones fuera de operacin. 20 g pico 20 a 1.000hz<\/td>\n<\/tr>\n<tr>\n<td>Funcionamiento silencioso y a bajas temperaturas<\/td>\n<\/tr>\n<\/table>\n","protected":false},"excerpt":{"rendered":"<p>Desata todo el potencial de tu sistema con el ssd kingston fury renegade g5 pcie 5.0 nvme m.2. Al aprovechar el reciente controlador pcie gen5 x4 y 3d tlc nand, kingston fury renegade g5 ssd ofrece velocidades extremas de hasta 14,800\/14,000mb\/s de lectura\/escritura. Esta solucion, optimizada para pcs de alto rendimiento y de gaming, asi como estaciones de trabajo, ofrece capacidades de hasta 4096gb, elimina los cuellos de botella de almacenamiento y reduce significativamente los tiempos de carga para permitir funciones de gaming y edicion de video de alta intensidad, asi como flujos de trabajo que requieren grandes cantidades de datos. Kingston fury renegade g5 esta dise\u00f1ado con un controlador silicon motion sm2508 basado en litografia de 6nm y cache dram ddr4 para reducir la temperatura y el consumo de energia. Estas adaptaciones garantizan una operacion fluida para aplicaciones exigentes a la vez que preservan la eficiencia.<\/p>\n","protected":false},"featured_media":268021,"comment_status":"open","ping_status":"open","template":"","meta":[],"product_cat":[1703,1708],"product_tag":[1573],"acf":[],"yoast_head":"<!-- This site is optimized with the Yoast SEO plugin v21.7 - https:\/\/yoast.com\/wordpress\/plugins\/seo\/ -->\n<title>[ Kingston ] &#129351; Sfyr2s\/1t0 Unidad De Estado Solido Fury Renegade 1tb Nvme Pcle 5.0 Gen5 Lect.14200\/escrit.11000mb\/s Difusor De Calor Pc\/laptop<\/title>\n<meta name=\"description\" content=\"Compra Sfyr2s\/1t0 Unidad De Estado Solido Fury Renegade 1tb Nvme Pcle 5.0 Gen5 Lect.14200\/escrit.11000mb\/s Difusor De Calor Pc\/laptop + Env\u00edo a domicilio + Pago seguro + Garant\u00eda\" \/>\n<meta name=\"robots\" content=\"index, follow, max-snippet:-1, max-image-preview:large, max-video-preview:-1\" \/>\n<link rel=\"canonical\" href=\"https:\/\/compuviper.mx\/tienda\/producto\/kingston-sfyr2s-1t0-unidad-de-estado-solido-fury-renegade-1tb-nvme-pcle-5-0-gen5-lect-14200-escrit-11000mb-s-difusor-de-calor-pc-laptop\/\" \/>\n<meta property=\"og:locale\" content=\"es_MX\" \/>\n<meta property=\"og:type\" content=\"article\" \/>\n<meta property=\"og:title\" content=\"[ Kingston ] &#129351; Sfyr2s\/1t0 Unidad De Estado Solido Fury Renegade 1tb Nvme Pcle 5.0 Gen5 Lect.14200\/escrit.11000mb\/s Difusor De Calor Pc\/laptop\" \/>\n<meta property=\"og:description\" content=\"Compra Sfyr2s\/1t0 Unidad De Estado Solido Fury Renegade 1tb Nvme Pcle 5.0 Gen5 Lect.14200\/escrit.11000mb\/s Difusor De Calor Pc\/laptop + Env\u00edo a domicilio + Pago seguro + Garant\u00eda\" \/>\n<meta property=\"og:url\" content=\"https:\/\/compuviper.mx\/tienda\/producto\/kingston-sfyr2s-1t0-unidad-de-estado-solido-fury-renegade-1tb-nvme-pcle-5-0-gen5-lect-14200-escrit-11000mb-s-difusor-de-calor-pc-laptop\/\" \/>\n<meta property=\"og:site_name\" content=\"Compuviper\" \/>\n<meta property=\"article:publisher\" content=\"https:\/\/www.facebook.com\/compuviper\" \/>\n<meta property=\"article:modified_time\" content=\"2026-04-03T06:00:14+00:00\" \/>\n<meta property=\"og:image\" content=\"https:\/\/compuviper.mx\/tienda\/wp-content\/uploads\/2026\/03\/Unidad-de-estado-solido-kingston-fury-renegade-1tb-nvme-pcle-5.0-gen5-lect.14200escrit.11000mbs-difusor-de-calor-pclaptop-sfyr2s1t0.jpg\" \/>\n\t<meta property=\"og:image:width\" content=\"200\" \/>\n\t<meta property=\"og:image:height\" content=\"200\" \/>\n\t<meta property=\"og:image:type\" content=\"image\/jpeg\" \/>\n<meta name=\"twitter:card\" content=\"summary_large_image\" \/>\n<meta name=\"twitter:label1\" content=\"Precio\" \/>\n\t<meta name=\"twitter:data1\" content=\"&#36;6,838 con IVA\" \/>\n\t<meta name=\"twitter:label2\" content=\"Availability\" \/>\n\t<meta name=\"twitter:data2\" content=\"In stock\" \/>\n<script type=\"application\/ld+json\" class=\"yoast-schema-graph\">{\"@context\":\"https:\/\/schema.org\",\"@graph\":[{\"@type\":\"WebPage\",\"@id\":\"https:\/\/compuviper.mx\/tienda\/producto\/kingston-sfyr2s-1t0-unidad-de-estado-solido-fury-renegade-1tb-nvme-pcle-5-0-gen5-lect-14200-escrit-11000mb-s-difusor-de-calor-pc-laptop\/\",\"url\":\"https:\/\/compuviper.mx\/tienda\/producto\/kingston-sfyr2s-1t0-unidad-de-estado-solido-fury-renegade-1tb-nvme-pcle-5-0-gen5-lect-14200-escrit-11000mb-s-difusor-de-calor-pc-laptop\/\",\"name\":\"[ Kingston ] &#129351; Sfyr2s\/1t0 Unidad De Estado Solido Fury Renegade 1tb Nvme Pcle 5.0 Gen5 Lect.14200\/escrit.11000mb\/s Difusor De Calor Pc\/laptop\",\"isPartOf\":{\"@id\":\"https:\/\/compuviper.mx\/tienda\/#website\"},\"datePublished\":\"2026-04-02T06:39:29+00:00\",\"dateModified\":\"2026-04-03T06:00:14+00:00\",\"description\":\"Compra Sfyr2s\/1t0 Unidad De Estado Solido Fury Renegade 1tb Nvme Pcle 5.0 Gen5 Lect.14200\/escrit.11000mb\/s Difusor De Calor Pc\/laptop + Env\u00edo a domicilio + Pago seguro + Garant\u00eda\",\"breadcrumb\":{\"@id\":\"https:\/\/compuviper.mx\/tienda\/producto\/kingston-sfyr2s-1t0-unidad-de-estado-solido-fury-renegade-1tb-nvme-pcle-5-0-gen5-lect-14200-escrit-11000mb-s-difusor-de-calor-pc-laptop\/#breadcrumb\"},\"inLanguage\":\"es-MX\",\"potentialAction\":[{\"@type\":\"ReadAction\",\"target\":[\"https:\/\/compuviper.mx\/tienda\/producto\/kingston-sfyr2s-1t0-unidad-de-estado-solido-fury-renegade-1tb-nvme-pcle-5-0-gen5-lect-14200-escrit-11000mb-s-difusor-de-calor-pc-laptop\/\"]}]},{\"@type\":\"BreadcrumbList\",\"@id\":\"https:\/\/compuviper.mx\/tienda\/producto\/kingston-sfyr2s-1t0-unidad-de-estado-solido-fury-renegade-1tb-nvme-pcle-5-0-gen5-lect-14200-escrit-11000mb-s-difusor-de-calor-pc-laptop\/#breadcrumb\",\"itemListElement\":[{\"@type\":\"ListItem\",\"position\":1,\"name\":\"Inicio\",\"item\":\"https:\/\/compuviper.mx\/tienda\/\"},{\"@type\":\"ListItem\",\"position\":2,\"name\":\"Productos\",\"item\":\"https:\/\/compuviper.mx\/tienda\/productos\/\"},{\"@type\":\"ListItem\",\"position\":3,\"name\":\"Discos Duros\",\"item\":\"https:\/\/compuviper.mx\/tienda\/categoria-producto\/discos-duros\/\"},{\"@type\":\"ListItem\",\"position\":4,\"name\":\"Unidad De Estado Solido\",\"item\":\"https:\/\/compuviper.mx\/tienda\/categoria-producto\/discos-duros\/unidad-de-estado-solido\/\"},{\"@type\":\"ListItem\",\"position\":5,\"name\":\"Kingston Sfyr2s\/1t0 Unidad De Estado Solido Fury Renegade 1tb Nvme Pcle 5.0 Gen5 Lect.14200\/escrit.11000mb\/s Difusor De Calor Pc\/laptop\"}]},{\"@type\":\"WebSite\",\"@id\":\"https:\/\/compuviper.mx\/tienda\/#website\",\"url\":\"https:\/\/compuviper.mx\/tienda\/\",\"name\":\"Compuviper\",\"description\":\"Proveedor de Computadoras, Laptops, Servidores, Monitores, Puntos de Venta, Teclados,   Impresoras, T\u00f3ner, C\u00e1maras de Seguridad y m\u00e1s en tu tienda en l\u00ednea\",\"publisher\":{\"@id\":\"https:\/\/compuviper.mx\/tienda\/#organization\"},\"potentialAction\":[{\"@type\":\"SearchAction\",\"target\":{\"@type\":\"EntryPoint\",\"urlTemplate\":\"https:\/\/compuviper.mx\/tienda\/?s={search_term_string}\"},\"query-input\":\"required name=search_term_string\"}],\"inLanguage\":\"es-MX\"},{\"@type\":\"Organization\",\"@id\":\"https:\/\/compuviper.mx\/tienda\/#organization\",\"name\":\"Compuviper\",\"url\":\"https:\/\/compuviper.mx\/tienda\/\",\"logo\":{\"@type\":\"ImageObject\",\"inLanguage\":\"es-MX\",\"@id\":\"https:\/\/compuviper.mx\/tienda\/#\/schema\/logo\/image\/\",\"url\":\"https:\/\/compuviper.mx\/tienda\/wp-content\/uploads\/2021\/08\/Logo-Compuviper-10.png\",\"contentUrl\":\"https:\/\/compuviper.mx\/tienda\/wp-content\/uploads\/2021\/08\/Logo-Compuviper-10.png\",\"width\":1000,\"height\":500,\"caption\":\"Compuviper\"},\"image\":{\"@id\":\"https:\/\/compuviper.mx\/tienda\/#\/schema\/logo\/image\/\"},\"sameAs\":[\"https:\/\/www.facebook.com\/compuviper\",\"https:\/\/www.youtube.com\/channel\/UCf73dERp9Y3cfOq7q8BhLjA?view_as=subscriber\"]}]}<\/script>\n<meta property=\"product:brand\" content=\"KINGSTON\" \/>\n<meta property=\"product:price:amount\" content=\"6838\" \/>\n<meta property=\"product:price:currency\" content=\"MXN\" \/>\n<meta property=\"og:availability\" content=\"instock\" \/>\n<meta property=\"product:availability\" content=\"instock\" \/>\n<meta property=\"product:retailer_item_id\" content=\"SFYR2S\/1T0\" \/>\n<meta property=\"product:condition\" content=\"new\" \/>\n<!-- \/ Yoast SEO plugin. -->","yoast_head_json":{"title":"[ Kingston ] &#129351; Sfyr2s\/1t0 Unidad De Estado Solido Fury Renegade 1tb Nvme Pcle 5.0 Gen5 Lect.14200\/escrit.11000mb\/s Difusor De Calor Pc\/laptop","description":"Compra Sfyr2s\/1t0 Unidad De Estado Solido Fury Renegade 1tb Nvme Pcle 5.0 Gen5 Lect.14200\/escrit.11000mb\/s Difusor De Calor Pc\/laptop + Env\u00edo a domicilio + Pago seguro + Garant\u00eda","robots":{"index":"index","follow":"follow","max-snippet":"max-snippet:-1","max-image-preview":"max-image-preview:large","max-video-preview":"max-video-preview:-1"},"canonical":"https:\/\/compuviper.mx\/tienda\/producto\/kingston-sfyr2s-1t0-unidad-de-estado-solido-fury-renegade-1tb-nvme-pcle-5-0-gen5-lect-14200-escrit-11000mb-s-difusor-de-calor-pc-laptop\/","og_locale":"es_MX","og_type":"article","og_title":"[ Kingston ] &#129351; Sfyr2s\/1t0 Unidad De Estado Solido Fury Renegade 1tb Nvme Pcle 5.0 Gen5 Lect.14200\/escrit.11000mb\/s Difusor De Calor Pc\/laptop","og_description":"Compra Sfyr2s\/1t0 Unidad De Estado Solido Fury Renegade 1tb Nvme Pcle 5.0 Gen5 Lect.14200\/escrit.11000mb\/s Difusor De Calor Pc\/laptop + Env\u00edo a domicilio + Pago seguro + Garant\u00eda","og_url":"https:\/\/compuviper.mx\/tienda\/producto\/kingston-sfyr2s-1t0-unidad-de-estado-solido-fury-renegade-1tb-nvme-pcle-5-0-gen5-lect-14200-escrit-11000mb-s-difusor-de-calor-pc-laptop\/","og_site_name":"Compuviper","article_publisher":"https:\/\/www.facebook.com\/compuviper","article_modified_time":"2026-04-03T06:00:14+00:00","og_image":[{"width":200,"height":200,"url":"https:\/\/compuviper.mx\/tienda\/wp-content\/uploads\/2026\/03\/Unidad-de-estado-solido-kingston-fury-renegade-1tb-nvme-pcle-5.0-gen5-lect.14200escrit.11000mbs-difusor-de-calor-pclaptop-sfyr2s1t0.jpg","type":"image\/jpeg"}],"twitter_card":"summary_large_image","twitter_misc":{"Precio":"&#36;6,838 con IVA","Availability":"In stock"},"schema":{"@context":"https:\/\/schema.org","@graph":[{"@type":"WebPage","@id":"https:\/\/compuviper.mx\/tienda\/producto\/kingston-sfyr2s-1t0-unidad-de-estado-solido-fury-renegade-1tb-nvme-pcle-5-0-gen5-lect-14200-escrit-11000mb-s-difusor-de-calor-pc-laptop\/","url":"https:\/\/compuviper.mx\/tienda\/producto\/kingston-sfyr2s-1t0-unidad-de-estado-solido-fury-renegade-1tb-nvme-pcle-5-0-gen5-lect-14200-escrit-11000mb-s-difusor-de-calor-pc-laptop\/","name":"[ Kingston ] &#129351; Sfyr2s\/1t0 Unidad De Estado Solido Fury Renegade 1tb Nvme Pcle 5.0 Gen5 Lect.14200\/escrit.11000mb\/s Difusor De Calor Pc\/laptop","isPartOf":{"@id":"https:\/\/compuviper.mx\/tienda\/#website"},"datePublished":"2026-04-02T06:39:29+00:00","dateModified":"2026-04-03T06:00:14+00:00","description":"Compra Sfyr2s\/1t0 Unidad De Estado Solido Fury Renegade 1tb Nvme Pcle 5.0 Gen5 Lect.14200\/escrit.11000mb\/s Difusor De Calor Pc\/laptop + Env\u00edo a domicilio + Pago seguro + Garant\u00eda","breadcrumb":{"@id":"https:\/\/compuviper.mx\/tienda\/producto\/kingston-sfyr2s-1t0-unidad-de-estado-solido-fury-renegade-1tb-nvme-pcle-5-0-gen5-lect-14200-escrit-11000mb-s-difusor-de-calor-pc-laptop\/#breadcrumb"},"inLanguage":"es-MX","potentialAction":[{"@type":"ReadAction","target":["https:\/\/compuviper.mx\/tienda\/producto\/kingston-sfyr2s-1t0-unidad-de-estado-solido-fury-renegade-1tb-nvme-pcle-5-0-gen5-lect-14200-escrit-11000mb-s-difusor-de-calor-pc-laptop\/"]}]},{"@type":"BreadcrumbList","@id":"https:\/\/compuviper.mx\/tienda\/producto\/kingston-sfyr2s-1t0-unidad-de-estado-solido-fury-renegade-1tb-nvme-pcle-5-0-gen5-lect-14200-escrit-11000mb-s-difusor-de-calor-pc-laptop\/#breadcrumb","itemListElement":[{"@type":"ListItem","position":1,"name":"Inicio","item":"https:\/\/compuviper.mx\/tienda\/"},{"@type":"ListItem","position":2,"name":"Productos","item":"https:\/\/compuviper.mx\/tienda\/productos\/"},{"@type":"ListItem","position":3,"name":"Discos Duros","item":"https:\/\/compuviper.mx\/tienda\/categoria-producto\/discos-duros\/"},{"@type":"ListItem","position":4,"name":"Unidad De Estado Solido","item":"https:\/\/compuviper.mx\/tienda\/categoria-producto\/discos-duros\/unidad-de-estado-solido\/"},{"@type":"ListItem","position":5,"name":"Kingston Sfyr2s\/1t0 Unidad De Estado Solido Fury Renegade 1tb Nvme Pcle 5.0 Gen5 Lect.14200\/escrit.11000mb\/s Difusor De Calor Pc\/laptop"}]},{"@type":"WebSite","@id":"https:\/\/compuviper.mx\/tienda\/#website","url":"https:\/\/compuviper.mx\/tienda\/","name":"Compuviper","description":"Proveedor de Computadoras, Laptops, Servidores, Monitores, Puntos de Venta, Teclados,   Impresoras, T\u00f3ner, C\u00e1maras de Seguridad y m\u00e1s en tu tienda en l\u00ednea","publisher":{"@id":"https:\/\/compuviper.mx\/tienda\/#organization"},"potentialAction":[{"@type":"SearchAction","target":{"@type":"EntryPoint","urlTemplate":"https:\/\/compuviper.mx\/tienda\/?s={search_term_string}"},"query-input":"required name=search_term_string"}],"inLanguage":"es-MX"},{"@type":"Organization","@id":"https:\/\/compuviper.mx\/tienda\/#organization","name":"Compuviper","url":"https:\/\/compuviper.mx\/tienda\/","logo":{"@type":"ImageObject","inLanguage":"es-MX","@id":"https:\/\/compuviper.mx\/tienda\/#\/schema\/logo\/image\/","url":"https:\/\/compuviper.mx\/tienda\/wp-content\/uploads\/2021\/08\/Logo-Compuviper-10.png","contentUrl":"https:\/\/compuviper.mx\/tienda\/wp-content\/uploads\/2021\/08\/Logo-Compuviper-10.png","width":1000,"height":500,"caption":"Compuviper"},"image":{"@id":"https:\/\/compuviper.mx\/tienda\/#\/schema\/logo\/image\/"},"sameAs":["https:\/\/www.facebook.com\/compuviper","https:\/\/www.youtube.com\/channel\/UCf73dERp9Y3cfOq7q8BhLjA?view_as=subscriber"]}]},"product_brand":"KINGSTON","product_price_amount":"6838","product_price_currency":"MXN","og_availability":"instock","product_availability":"instock","product_retailer_item_id":"SFYR2S\/1T0","product_condition":"new"},"_links":{"self":[{"href":"https:\/\/compuviper.mx\/tienda\/wp-json\/wp\/v2\/product\/268020"}],"collection":[{"href":"https:\/\/compuviper.mx\/tienda\/wp-json\/wp\/v2\/product"}],"about":[{"href":"https:\/\/compuviper.mx\/tienda\/wp-json\/wp\/v2\/types\/product"}],"replies":[{"embeddable":true,"href":"https:\/\/compuviper.mx\/tienda\/wp-json\/wp\/v2\/comments?post=268020"}],"wp:featuredmedia":[{"embeddable":true,"href":"https:\/\/compuviper.mx\/tienda\/wp-json\/wp\/v2\/media\/268021"}],"wp:attachment":[{"href":"https:\/\/compuviper.mx\/tienda\/wp-json\/wp\/v2\/media?parent=268020"}],"wp:term":[{"taxonomy":"product_cat","embeddable":true,"href":"https:\/\/compuviper.mx\/tienda\/wp-json\/wp\/v2\/product_cat?post=268020"},{"taxonomy":"product_tag","embeddable":true,"href":"https:\/\/compuviper.mx\/tienda\/wp-json\/wp\/v2\/product_tag?post=268020"}],"curies":[{"name":"wp","href":"https:\/\/api.w.org\/{rel}","templated":true}]}}