{"id":268016,"date":"2026-04-02T00:39:27","date_gmt":"2026-04-02T06:39:27","guid":{"rendered":"https:\/\/compuviper.mx\/tienda\/producto\/wd-western-digital-wd122kryz-disco-duro-interno-wd-gold-12tb-3-5-escritorio-sata3-6gb-s-512mb-7200rpm-24x7-hotplug-nas-dvr-nvr-server-datacenter\/"},"modified":"2026-04-03T00:00:14","modified_gmt":"2026-04-03T06:00:14","slug":"wd-western-digital-wd122kryz-disco-duro-interno-wd-gold-12tb-3-5-escritorio-sata3-6gb-s-512mb-7200rpm-24x7-hotplug-nas-dvr-nvr-server-datacenter","status":"publish","type":"product","link":"https:\/\/compuviper.mx\/tienda\/producto\/wd-western-digital-wd122kryz-disco-duro-interno-wd-gold-12tb-3-5-escritorio-sata3-6gb-s-512mb-7200rpm-24x7-hotplug-nas-dvr-nvr-server-datacenter\/","title":{"rendered":"Wd &#8211; Western Digital Wd122kryz Disco Duro Interno Wd Gold 12tb 3.5 Escritorio Sata3 6gb\/s 512mb 7200rpm 24&#215;7 Hotplug Nas Dvr Nvr Server Datacenter"},"content":{"rendered":"<table class=\"descripcion\">\n<tr>\n<td>Capacidad   12 tb<\/td>\n<\/tr>\n<tr>\n<td>Factor de forma   3,5 pulgadas<\/td>\n<\/tr>\n<tr>\n<td>Conector   sata<\/td>\n<\/tr>\n<tr>\n<td>Interfaz   sata<\/td>\n<\/tr>\n<tr>\n<td>Tasa de transferencia   hasta 267 mb\/s<\/td>\n<\/tr>\n<tr>\n<td>Velocidad del disco (rpm)   7200 rpm<\/td>\n<\/tr>\n<tr>\n<td>Tecnolog\u00eda de grabacion   cmr<\/td>\n<\/tr>\n<tr>\n<td>Tama\u00f1o de cache   512 mb<\/td>\n<\/tr>\n<tr>\n<td>Garantia limitada de 5 a\u00f1os<\/td>\n<\/tr>\n<tr>\n<td>Dimensiones (largo x ancho x alto)   5,787 x 4 x 1,028<\/td>\n<\/tr>\n<tr>\n<td>Peso   1,65 libras<\/td>\n<\/tr>\n<tr>\n<td>Numero de modelo   wd122kryz<\/td>\n<\/tr>\n<tr>\n<td>Temperatura de funcionamiento   5\u00b0c a 60\u00b0c<\/td>\n<\/tr>\n<tr>\n<td>Temperatura de no funcionamiento   -40\u00b0c a 70\u00b0c<\/td>\n<\/tr>\n<tr>\n<td>Certificaciones :<\/td>\n<\/tr>\n<tr>\n<td>\u0095bsmi, ices-003\/nmb-003, ce, fcc, kc, magreb, rcm, ukca, vcci, cb-scheme, tuv, ul<\/td>\n<\/tr>\n<tr>\n<td>Caracter\u00edsticas del producto :<\/td>\n<\/tr>\n<tr>\n<td>\u0095tecnologia de protecci\u00f3n contra vibraciones<\/td>\n<\/tr>\n<tr>\n<td>\u0095helioseal ofrece altas capacidades con bajo consumo de energia (14 tb y mas)<\/td>\n<\/tr>\n<tr>\n<td>\u0095mtbf proyectado de 2,5 millones de horas<\/td>\n<\/tr>\n<tr>\n<td>Compatibilidad :<\/td>\n<\/tr>\n<tr>\n<td>\u0095windows<\/td>\n<\/tr>\n<tr>\n<td>\u0095servidor windows<\/td>\n<\/tr>\n<tr>\n<td>\u0095linux<\/td>\n<\/tr>\n<tr>\n<td>\u0095macos<\/td>\n<\/tr>\n<\/table>\n","protected":false},"excerpt":{"rendered":"<p>Almacene sus datos con confianza en wd gold. Los discos duros wd gold incorporan nuestras ultimas innovaciones para gestionar cargas de trabajo intensas y continuas de lectura y escritura en los entornos empresariales y comerciales mas exigentes. Los discos wd gold ofrecen el maximo rendimiento, fiabilidad, durabilidad y flexibilidad de capacidad en almacenamiento hdd a peque\u00f1as y medianas empresas y profesionales del dise\u00f1o, cuyos datos esenciales y su producci\u00f3n creativa son esenciales para su exito. Dise\u00f1ado para casos de uso exigentes. Personalice la combinacion de almacenamiento de su empresa para satisfacer sus necesidades especificas con discos duros en capacidades de hasta 26 tb, 1 dise\u00f1ados para aplicaciones exigentes con una clasificaci\u00f3n de carga de trabajo de lectura y escritura de hasta 550 tb 2 por a\u00f1o. Confiabilidad mejorada. Con una garantia limitada de cinco a\u00f1os que admite hasta 2,5 millones de horas de mtbf,  los discos duros wd gold ofrecen niveles mejorados de confiabilidad y durabilidad. La tecnologia armorcache (disponible en 22 tb y mas) es una funcion exclusiva de western digital que brinda proteccion empresarial contra perdida de energ\u00eda de sus datos en modo de cache de escritura habilitado (wce) al tiempo que aumenta el rendimiento en modo de cache de escritura deshabilitado (wcd). Innovacion continua. El modelo wd gold 26tb 1 esta construido sobre la primera plataforma de hdd de 11 discos del mundo y ofrece la decima generacion de tecnologia helioseal, que ha demostrado ser una base vital para el crecimiento continuo de la capacidad durante mas de una decada. Robustez para entornos dificiles. Nuestro exclusivo sistema de proteccion contra vibraciones rotacionales (rvs) utiliza sensores duales para anticipar y contrarrestar perturbaciones, manteniendo el m\u00e1ximo rendimiento en entornos de alta vibracion. Flexibilidad y tranquilidad. Wd gold ha sido sometido a exhaustivas pruebas y validaciones en una variedad de adaptadores de bus host, servidores y soluciones de almacenamiento empresarial que emplean raid y otras configuraciones de resiliencia de datos.<\/p>\n","protected":false},"featured_media":268017,"comment_status":"open","ping_status":"open","template":"","meta":[],"product_cat":[1706,1703],"product_tag":[1705],"acf":[],"yoast_head":"<!-- This site is optimized with the Yoast SEO plugin v21.7 - https:\/\/yoast.com\/wordpress\/plugins\/seo\/ -->\n<title>[ Wd - Western Digital ] &#129351; Wd122kryz Disco Duro Interno Wd Gold 12tb 3.5 Escritorio Sata3 6gb\/s 512mb 7200rpm 24x7 Hotplug Nas Dvr Nvr Server Datacenter<\/title>\n<meta name=\"description\" content=\"Compra Wd122kryz Disco Duro Interno Wd Gold 12tb 3.5 Escritorio Sata3 6gb\/s 512mb 7200rpm 24x7 Hotplug Nas Dvr Nvr Server Datacenter + Env\u00edo a domicilio + Pago seguro + Garant\u00eda\" \/>\n<meta name=\"robots\" content=\"index, follow, max-snippet:-1, max-image-preview:large, max-video-preview:-1\" \/>\n<link rel=\"canonical\" href=\"https:\/\/compuviper.mx\/tienda\/producto\/wd-western-digital-wd122kryz-disco-duro-interno-wd-gold-12tb-3-5-escritorio-sata3-6gb-s-512mb-7200rpm-24x7-hotplug-nas-dvr-nvr-server-datacenter\/\" \/>\n<meta property=\"og:locale\" content=\"es_MX\" \/>\n<meta property=\"og:type\" content=\"article\" \/>\n<meta property=\"og:title\" content=\"[ Wd - Western Digital ] &#129351; Wd122kryz Disco Duro Interno Wd Gold 12tb 3.5 Escritorio Sata3 6gb\/s 512mb 7200rpm 24x7 Hotplug Nas Dvr Nvr Server Datacenter\" \/>\n<meta property=\"og:description\" content=\"Compra Wd122kryz Disco Duro Interno Wd Gold 12tb 3.5 Escritorio Sata3 6gb\/s 512mb 7200rpm 24x7 Hotplug Nas Dvr Nvr Server Datacenter + Env\u00edo a domicilio + Pago seguro + Garant\u00eda\" \/>\n<meta property=\"og:url\" content=\"https:\/\/compuviper.mx\/tienda\/producto\/wd-western-digital-wd122kryz-disco-duro-interno-wd-gold-12tb-3-5-escritorio-sata3-6gb-s-512mb-7200rpm-24x7-hotplug-nas-dvr-nvr-server-datacenter\/\" \/>\n<meta property=\"og:site_name\" content=\"Compuviper\" \/>\n<meta property=\"article:publisher\" content=\"https:\/\/www.facebook.com\/compuviper\" \/>\n<meta property=\"article:modified_time\" content=\"2026-04-03T06:00:14+00:00\" \/>\n<meta property=\"og:image\" content=\"https:\/\/compuviper.mx\/tienda\/wp-content\/uploads\/2026\/03\/Disco-duro-interno-wd-gold-12tb-3.5-escritorio-sata3-6gbs-512mb-7200rpm-24x7-hotplug-nas-dvr-nvr-server-datacenter-wd122kryz.jpg\" \/>\n\t<meta property=\"og:image:width\" content=\"200\" \/>\n\t<meta property=\"og:image:height\" content=\"200\" \/>\n\t<meta property=\"og:image:type\" content=\"image\/jpeg\" \/>\n<meta name=\"twitter:card\" content=\"summary_large_image\" \/>\n<meta name=\"twitter:label1\" content=\"Precio\" \/>\n\t<meta name=\"twitter:data1\" content=\"&#36;5,659 con IVA\" \/>\n\t<meta name=\"twitter:label2\" content=\"Availability\" \/>\n\t<meta name=\"twitter:data2\" content=\"In stock\" \/>\n<script type=\"application\/ld+json\" class=\"yoast-schema-graph\">{\"@context\":\"https:\/\/schema.org\",\"@graph\":[{\"@type\":\"WebPage\",\"@id\":\"https:\/\/compuviper.mx\/tienda\/producto\/wd-western-digital-wd122kryz-disco-duro-interno-wd-gold-12tb-3-5-escritorio-sata3-6gb-s-512mb-7200rpm-24x7-hotplug-nas-dvr-nvr-server-datacenter\/\",\"url\":\"https:\/\/compuviper.mx\/tienda\/producto\/wd-western-digital-wd122kryz-disco-duro-interno-wd-gold-12tb-3-5-escritorio-sata3-6gb-s-512mb-7200rpm-24x7-hotplug-nas-dvr-nvr-server-datacenter\/\",\"name\":\"[ Wd - Western Digital ] &#129351; Wd122kryz Disco Duro Interno Wd Gold 12tb 3.5 Escritorio Sata3 6gb\/s 512mb 7200rpm 24x7 Hotplug Nas Dvr Nvr Server Datacenter\",\"isPartOf\":{\"@id\":\"https:\/\/compuviper.mx\/tienda\/#website\"},\"datePublished\":\"2026-04-02T06:39:27+00:00\",\"dateModified\":\"2026-04-03T06:00:14+00:00\",\"description\":\"Compra Wd122kryz Disco Duro Interno Wd Gold 12tb 3.5 Escritorio Sata3 6gb\/s 512mb 7200rpm 24x7 Hotplug Nas Dvr Nvr Server Datacenter + Env\u00edo a domicilio + Pago seguro + Garant\u00eda\",\"breadcrumb\":{\"@id\":\"https:\/\/compuviper.mx\/tienda\/producto\/wd-western-digital-wd122kryz-disco-duro-interno-wd-gold-12tb-3-5-escritorio-sata3-6gb-s-512mb-7200rpm-24x7-hotplug-nas-dvr-nvr-server-datacenter\/#breadcrumb\"},\"inLanguage\":\"es-MX\",\"potentialAction\":[{\"@type\":\"ReadAction\",\"target\":[\"https:\/\/compuviper.mx\/tienda\/producto\/wd-western-digital-wd122kryz-disco-duro-interno-wd-gold-12tb-3-5-escritorio-sata3-6gb-s-512mb-7200rpm-24x7-hotplug-nas-dvr-nvr-server-datacenter\/\"]}]},{\"@type\":\"BreadcrumbList\",\"@id\":\"https:\/\/compuviper.mx\/tienda\/producto\/wd-western-digital-wd122kryz-disco-duro-interno-wd-gold-12tb-3-5-escritorio-sata3-6gb-s-512mb-7200rpm-24x7-hotplug-nas-dvr-nvr-server-datacenter\/#breadcrumb\",\"itemListElement\":[{\"@type\":\"ListItem\",\"position\":1,\"name\":\"Inicio\",\"item\":\"https:\/\/compuviper.mx\/tienda\/\"},{\"@type\":\"ListItem\",\"position\":2,\"name\":\"Productos\",\"item\":\"https:\/\/compuviper.mx\/tienda\/productos\/\"},{\"@type\":\"ListItem\",\"position\":3,\"name\":\"Discos Duros\",\"item\":\"https:\/\/compuviper.mx\/tienda\/categoria-producto\/discos-duros\/\"},{\"@type\":\"ListItem\",\"position\":4,\"name\":\"Disco Duro\",\"item\":\"https:\/\/compuviper.mx\/tienda\/categoria-producto\/discos-duros\/disco-duro\/\"},{\"@type\":\"ListItem\",\"position\":5,\"name\":\"Wd &#8211; Western Digital Wd122kryz Disco Duro Interno Wd Gold 12tb 3.5 Escritorio Sata3 6gb\/s 512mb 7200rpm 24&#215;7 Hotplug Nas Dvr Nvr Server Datacenter\"}]},{\"@type\":\"WebSite\",\"@id\":\"https:\/\/compuviper.mx\/tienda\/#website\",\"url\":\"https:\/\/compuviper.mx\/tienda\/\",\"name\":\"Compuviper\",\"description\":\"Proveedor de Computadoras, Laptops, Servidores, Monitores, Puntos de Venta, Teclados,   Impresoras, T\u00f3ner, C\u00e1maras de Seguridad y m\u00e1s en tu tienda en l\u00ednea\",\"publisher\":{\"@id\":\"https:\/\/compuviper.mx\/tienda\/#organization\"},\"potentialAction\":[{\"@type\":\"SearchAction\",\"target\":{\"@type\":\"EntryPoint\",\"urlTemplate\":\"https:\/\/compuviper.mx\/tienda\/?s={search_term_string}\"},\"query-input\":\"required name=search_term_string\"}],\"inLanguage\":\"es-MX\"},{\"@type\":\"Organization\",\"@id\":\"https:\/\/compuviper.mx\/tienda\/#organization\",\"name\":\"Compuviper\",\"url\":\"https:\/\/compuviper.mx\/tienda\/\",\"logo\":{\"@type\":\"ImageObject\",\"inLanguage\":\"es-MX\",\"@id\":\"https:\/\/compuviper.mx\/tienda\/#\/schema\/logo\/image\/\",\"url\":\"https:\/\/compuviper.mx\/tienda\/wp-content\/uploads\/2021\/08\/Logo-Compuviper-10.png\",\"contentUrl\":\"https:\/\/compuviper.mx\/tienda\/wp-content\/uploads\/2021\/08\/Logo-Compuviper-10.png\",\"width\":1000,\"height\":500,\"caption\":\"Compuviper\"},\"image\":{\"@id\":\"https:\/\/compuviper.mx\/tienda\/#\/schema\/logo\/image\/\"},\"sameAs\":[\"https:\/\/www.facebook.com\/compuviper\",\"https:\/\/www.youtube.com\/channel\/UCf73dERp9Y3cfOq7q8BhLjA?view_as=subscriber\"]}]}<\/script>\n<meta property=\"product:brand\" content=\"WD - WESTERN DIGITAL\" \/>\n<meta property=\"product:price:amount\" content=\"5659\" \/>\n<meta property=\"product:price:currency\" content=\"MXN\" \/>\n<meta property=\"og:availability\" content=\"instock\" \/>\n<meta property=\"product:availability\" content=\"instock\" \/>\n<meta property=\"product:retailer_item_id\" content=\"WD122KRYZ\" \/>\n<meta property=\"product:condition\" content=\"new\" \/>\n<!-- \/ Yoast SEO plugin. -->","yoast_head_json":{"title":"[ Wd - Western Digital ] &#129351; Wd122kryz Disco Duro Interno Wd Gold 12tb 3.5 Escritorio Sata3 6gb\/s 512mb 7200rpm 24x7 Hotplug Nas Dvr Nvr Server Datacenter","description":"Compra Wd122kryz Disco Duro Interno Wd Gold 12tb 3.5 Escritorio Sata3 6gb\/s 512mb 7200rpm 24x7 Hotplug Nas Dvr Nvr Server Datacenter + Env\u00edo a domicilio + Pago seguro + Garant\u00eda","robots":{"index":"index","follow":"follow","max-snippet":"max-snippet:-1","max-image-preview":"max-image-preview:large","max-video-preview":"max-video-preview:-1"},"canonical":"https:\/\/compuviper.mx\/tienda\/producto\/wd-western-digital-wd122kryz-disco-duro-interno-wd-gold-12tb-3-5-escritorio-sata3-6gb-s-512mb-7200rpm-24x7-hotplug-nas-dvr-nvr-server-datacenter\/","og_locale":"es_MX","og_type":"article","og_title":"[ Wd - Western Digital ] &#129351; Wd122kryz Disco Duro Interno Wd Gold 12tb 3.5 Escritorio Sata3 6gb\/s 512mb 7200rpm 24x7 Hotplug Nas Dvr Nvr Server Datacenter","og_description":"Compra Wd122kryz Disco Duro Interno Wd Gold 12tb 3.5 Escritorio Sata3 6gb\/s 512mb 7200rpm 24x7 Hotplug Nas Dvr Nvr Server Datacenter + Env\u00edo a domicilio + Pago seguro + Garant\u00eda","og_url":"https:\/\/compuviper.mx\/tienda\/producto\/wd-western-digital-wd122kryz-disco-duro-interno-wd-gold-12tb-3-5-escritorio-sata3-6gb-s-512mb-7200rpm-24x7-hotplug-nas-dvr-nvr-server-datacenter\/","og_site_name":"Compuviper","article_publisher":"https:\/\/www.facebook.com\/compuviper","article_modified_time":"2026-04-03T06:00:14+00:00","og_image":[{"width":200,"height":200,"url":"https:\/\/compuviper.mx\/tienda\/wp-content\/uploads\/2026\/03\/Disco-duro-interno-wd-gold-12tb-3.5-escritorio-sata3-6gbs-512mb-7200rpm-24x7-hotplug-nas-dvr-nvr-server-datacenter-wd122kryz.jpg","type":"image\/jpeg"}],"twitter_card":"summary_large_image","twitter_misc":{"Precio":"&#36;5,659 con IVA","Availability":"In stock"},"schema":{"@context":"https:\/\/schema.org","@graph":[{"@type":"WebPage","@id":"https:\/\/compuviper.mx\/tienda\/producto\/wd-western-digital-wd122kryz-disco-duro-interno-wd-gold-12tb-3-5-escritorio-sata3-6gb-s-512mb-7200rpm-24x7-hotplug-nas-dvr-nvr-server-datacenter\/","url":"https:\/\/compuviper.mx\/tienda\/producto\/wd-western-digital-wd122kryz-disco-duro-interno-wd-gold-12tb-3-5-escritorio-sata3-6gb-s-512mb-7200rpm-24x7-hotplug-nas-dvr-nvr-server-datacenter\/","name":"[ Wd - Western Digital ] &#129351; Wd122kryz Disco Duro Interno Wd Gold 12tb 3.5 Escritorio Sata3 6gb\/s 512mb 7200rpm 24x7 Hotplug Nas Dvr Nvr Server Datacenter","isPartOf":{"@id":"https:\/\/compuviper.mx\/tienda\/#website"},"datePublished":"2026-04-02T06:39:27+00:00","dateModified":"2026-04-03T06:00:14+00:00","description":"Compra Wd122kryz Disco Duro Interno Wd Gold 12tb 3.5 Escritorio Sata3 6gb\/s 512mb 7200rpm 24x7 Hotplug Nas Dvr Nvr Server Datacenter + Env\u00edo a domicilio + Pago seguro + Garant\u00eda","breadcrumb":{"@id":"https:\/\/compuviper.mx\/tienda\/producto\/wd-western-digital-wd122kryz-disco-duro-interno-wd-gold-12tb-3-5-escritorio-sata3-6gb-s-512mb-7200rpm-24x7-hotplug-nas-dvr-nvr-server-datacenter\/#breadcrumb"},"inLanguage":"es-MX","potentialAction":[{"@type":"ReadAction","target":["https:\/\/compuviper.mx\/tienda\/producto\/wd-western-digital-wd122kryz-disco-duro-interno-wd-gold-12tb-3-5-escritorio-sata3-6gb-s-512mb-7200rpm-24x7-hotplug-nas-dvr-nvr-server-datacenter\/"]}]},{"@type":"BreadcrumbList","@id":"https:\/\/compuviper.mx\/tienda\/producto\/wd-western-digital-wd122kryz-disco-duro-interno-wd-gold-12tb-3-5-escritorio-sata3-6gb-s-512mb-7200rpm-24x7-hotplug-nas-dvr-nvr-server-datacenter\/#breadcrumb","itemListElement":[{"@type":"ListItem","position":1,"name":"Inicio","item":"https:\/\/compuviper.mx\/tienda\/"},{"@type":"ListItem","position":2,"name":"Productos","item":"https:\/\/compuviper.mx\/tienda\/productos\/"},{"@type":"ListItem","position":3,"name":"Discos Duros","item":"https:\/\/compuviper.mx\/tienda\/categoria-producto\/discos-duros\/"},{"@type":"ListItem","position":4,"name":"Disco Duro","item":"https:\/\/compuviper.mx\/tienda\/categoria-producto\/discos-duros\/disco-duro\/"},{"@type":"ListItem","position":5,"name":"Wd &#8211; Western Digital Wd122kryz Disco Duro Interno Wd Gold 12tb 3.5 Escritorio Sata3 6gb\/s 512mb 7200rpm 24&#215;7 Hotplug Nas Dvr Nvr Server Datacenter"}]},{"@type":"WebSite","@id":"https:\/\/compuviper.mx\/tienda\/#website","url":"https:\/\/compuviper.mx\/tienda\/","name":"Compuviper","description":"Proveedor de Computadoras, Laptops, Servidores, Monitores, Puntos de Venta, Teclados,   Impresoras, T\u00f3ner, C\u00e1maras de Seguridad y m\u00e1s en tu tienda en l\u00ednea","publisher":{"@id":"https:\/\/compuviper.mx\/tienda\/#organization"},"potentialAction":[{"@type":"SearchAction","target":{"@type":"EntryPoint","urlTemplate":"https:\/\/compuviper.mx\/tienda\/?s={search_term_string}"},"query-input":"required name=search_term_string"}],"inLanguage":"es-MX"},{"@type":"Organization","@id":"https:\/\/compuviper.mx\/tienda\/#organization","name":"Compuviper","url":"https:\/\/compuviper.mx\/tienda\/","logo":{"@type":"ImageObject","inLanguage":"es-MX","@id":"https:\/\/compuviper.mx\/tienda\/#\/schema\/logo\/image\/","url":"https:\/\/compuviper.mx\/tienda\/wp-content\/uploads\/2021\/08\/Logo-Compuviper-10.png","contentUrl":"https:\/\/compuviper.mx\/tienda\/wp-content\/uploads\/2021\/08\/Logo-Compuviper-10.png","width":1000,"height":500,"caption":"Compuviper"},"image":{"@id":"https:\/\/compuviper.mx\/tienda\/#\/schema\/logo\/image\/"},"sameAs":["https:\/\/www.facebook.com\/compuviper","https:\/\/www.youtube.com\/channel\/UCf73dERp9Y3cfOq7q8BhLjA?view_as=subscriber"]}]},"product_brand":"WD - WESTERN DIGITAL","product_price_amount":"5659","product_price_currency":"MXN","og_availability":"instock","product_availability":"instock","product_retailer_item_id":"WD122KRYZ","product_condition":"new"},"_links":{"self":[{"href":"https:\/\/compuviper.mx\/tienda\/wp-json\/wp\/v2\/product\/268016"}],"collection":[{"href":"https:\/\/compuviper.mx\/tienda\/wp-json\/wp\/v2\/product"}],"about":[{"href":"https:\/\/compuviper.mx\/tienda\/wp-json\/wp\/v2\/types\/product"}],"replies":[{"embeddable":true,"href":"https:\/\/compuviper.mx\/tienda\/wp-json\/wp\/v2\/comments?post=268016"}],"wp:featuredmedia":[{"embeddable":true,"href":"https:\/\/compuviper.mx\/tienda\/wp-json\/wp\/v2\/media\/268017"}],"wp:attachment":[{"href":"https:\/\/compuviper.mx\/tienda\/wp-json\/wp\/v2\/media?parent=268016"}],"wp:term":[{"taxonomy":"product_cat","embeddable":true,"href":"https:\/\/compuviper.mx\/tienda\/wp-json\/wp\/v2\/product_cat?post=268016"},{"taxonomy":"product_tag","embeddable":true,"href":"https:\/\/compuviper.mx\/tienda\/wp-json\/wp\/v2\/product_tag?post=268016"}],"curies":[{"name":"wp","href":"https:\/\/api.w.org\/{rel}","templated":true}]}}