{"id":268014,"date":"2026-04-07T00:37:53","date_gmt":"2026-04-07T06:37:53","guid":{"rendered":"https:\/\/compuviper.mx\/tienda\/producto\/adata-sleg-860-1000gcs-unidad-de-estado-solido-ssd-interno-legend-860-1000gb-m-2-2280-3dnand-pcie-gen-4x4-lec6000-en-pc-portatil-mbs-lec5000-en-ps5-esc5000-mbs\/"},"modified":"2026-04-07T00:37:53","modified_gmt":"2026-04-07T06:37:53","slug":"adata-sleg-860-1000gcs-unidad-de-estado-solido-ssd-interno-legend-860-1000gb-m-2-2280-3dnand-pcie-gen-4x4-lec6000-en-pc-portatil-mbs-lec5000-en-ps5-esc5000-mbs","status":"publish","type":"product","link":"https:\/\/compuviper.mx\/tienda\/producto\/adata-sleg-860-1000gcs-unidad-de-estado-solido-ssd-interno-legend-860-1000gb-m-2-2280-3dnand-pcie-gen-4x4-lec6000-en-pc-portatil-mbs-lec5000-en-ps5-esc5000-mbs\/","title":{"rendered":"Adata Sleg-860-1000gcs Unidad De Estado Solido Ssd Interno  Legend 860 1000gb M.2 2280 3dnand Pcie Gen 4&#215;4 Lec6000 En Pc\/portatil Mbs Lec5000 En Ps5 Esc5000 Mbs"},"content":{"rendered":"<table class=\"descripcion\">\n<tr>\n<td>Capacidad 500gb \/ 1000gb \/ 2000gb<\/td>\n<\/tr>\n<tr>\n<td>Factor de forma m.2 2280<\/td>\n<\/tr>\n<tr>\n<td>Nand flash 3d nand<\/td>\n<\/tr>\n<tr>\n<td>Dimensiones (l x an x al) 80 mm x 22 mm x 3,13 mm\/3,15 pulgadas x 0,86 pulgadas x 0,13 pulgadas (con disipador)<\/td>\n<\/tr>\n<tr>\n<td>80 mm x 22 mm x 2,15 mm\/3,15 pulgadas x 0,86 pulgadas x 0,09 pulgadas (sin disipador)<\/td>\n<\/tr>\n<tr>\n<td>Peso 9.5g\/0,33 onzas (con disipador) 6.5g\/0,23 onzas (sin disipador)<\/td>\n<\/tr>\n<tr>\n<td>Interfaz pcie gen4 x4<\/td>\n<\/tr>\n<tr>\n<td>Lectura secuencial (m\u00e1x) hasta 6.000 mb\/s (pc\/port\u00e1til)*, hasta 5.000 mb\/s (ps5)<\/td>\n<\/tr>\n<tr>\n<td>Escritura secuencial (m\u00e1x) hasta 5.000 mb\/s*<\/td>\n<\/tr>\n<tr>\n<td>Temperatura de operaci\u00f3n 0 \u00b0c &#8211; 70 \u00b0c<\/td>\n<\/tr>\n<tr>\n<td>Temperatura de almacenamiento -40 \u00b0c &#8211; 85 \u00b0c<\/td>\n<\/tr>\n<tr>\n<td>Resistencia a golpes 1.500g\/0,5ms<\/td>\n<\/tr>\n<tr>\n<td>Mtbf 2.000.000 horas<\/td>\n<\/tr>\n<tr>\n<td>Terabytes escritos (tbw) 640tb**<\/td>\n<\/tr>\n<tr>\n<td>Garant\u00eda garant\u00eda limitada de 5 a\u00f1os<\/td>\n<\/tr>\n<\/table>\n","protected":false},"excerpt":{"rendered":"<p>El legend 860 ostenta una velocidad de lectura\/escritura secuencial de 6.000\/5.000 mb por segundo, 3 veces m\u00e1s r\u00e1pida que las unidades ssd pcie gen3 est\u00e1ndar y 10 veces m\u00e1s r\u00e1pida que las unidades ssd sata, y es totalmente retrocompatible con las plataformas pcie 3.0 actuales. Esta unidad ofrece un rendimiento excelente para producciones de nivel medio a alto, como animaci\u00f3n para cine y televisi\u00f3n, aprendizaje autom\u00e1tico y modelado de productos.<\/p>\n","protected":false},"featured_media":268015,"comment_status":"open","ping_status":"open","template":"","meta":[],"product_cat":[1703,1708],"product_tag":[1539],"acf":[],"yoast_head":"<!-- This site is optimized with the Yoast SEO plugin v21.7 - https:\/\/yoast.com\/wordpress\/plugins\/seo\/ -->\n<title>[ Adata ] &#129351; Sleg-860-1000gcs Unidad De Estado Solido Ssd Interno Legend 860 1000gb M.2 2280 3dnand Pcie Gen 4x4 Lec6000 En Pc\/portatil Mbs Lec5000 En Ps5 Esc5000 Mbs<\/title>\n<meta name=\"description\" content=\"Compra Sleg-860-1000gcs Unidad De Estado Solido Ssd Interno Legend 860 1000gb M.2 2280 3dnand Pcie Gen 4x4 Lec6000 En Pc\/portatil Mbs Lec5000 En Ps5 Esc5000 Mbs + Env\u00edo a domicilio + Pago seguro + Garant\u00eda\" \/>\n<meta name=\"robots\" content=\"index, follow, max-snippet:-1, max-image-preview:large, max-video-preview:-1\" \/>\n<link rel=\"canonical\" href=\"https:\/\/compuviper.mx\/tienda\/producto\/adata-sleg-860-1000gcs-unidad-de-estado-solido-ssd-interno-legend-860-1000gb-m-2-2280-3dnand-pcie-gen-4x4-lec6000-en-pc-portatil-mbs-lec5000-en-ps5-esc5000-mbs\/\" \/>\n<meta property=\"og:locale\" content=\"es_MX\" \/>\n<meta property=\"og:type\" content=\"article\" \/>\n<meta property=\"og:title\" content=\"[ Adata ] &#129351; Sleg-860-1000gcs Unidad De Estado Solido Ssd Interno Legend 860 1000gb M.2 2280 3dnand Pcie Gen 4x4 Lec6000 En Pc\/portatil Mbs Lec5000 En Ps5 Esc5000 Mbs\" \/>\n<meta property=\"og:description\" content=\"Compra Sleg-860-1000gcs Unidad De Estado Solido Ssd Interno Legend 860 1000gb M.2 2280 3dnand Pcie Gen 4x4 Lec6000 En Pc\/portatil Mbs Lec5000 En Ps5 Esc5000 Mbs + Env\u00edo a domicilio + Pago seguro + Garant\u00eda\" \/>\n<meta property=\"og:url\" content=\"https:\/\/compuviper.mx\/tienda\/producto\/adata-sleg-860-1000gcs-unidad-de-estado-solido-ssd-interno-legend-860-1000gb-m-2-2280-3dnand-pcie-gen-4x4-lec6000-en-pc-portatil-mbs-lec5000-en-ps5-esc5000-mbs\/\" \/>\n<meta property=\"og:site_name\" content=\"Compuviper\" \/>\n<meta property=\"article:publisher\" content=\"https:\/\/www.facebook.com\/compuviper\" \/>\n<meta property=\"og:image\" content=\"https:\/\/compuviper.mx\/tienda\/wp-content\/uploads\/2026\/03\/Unidad-de-estado-solido-ssd-interno-adata-legend-860-1000gb-m.2-2280-3dnand-pcie-gen-4x4-lec6000-en-pcportatil-mbs-lec5000-en-ps5-esc5000-mbs-sleg-860-1000gcs.jpg\" \/>\n\t<meta property=\"og:image:width\" content=\"200\" \/>\n\t<meta property=\"og:image:height\" content=\"200\" \/>\n\t<meta property=\"og:image:type\" content=\"image\/jpeg\" \/>\n<meta name=\"twitter:card\" content=\"summary_large_image\" \/>\n<meta name=\"twitter:label1\" content=\"Precio\" \/>\n\t<meta name=\"twitter:data1\" content=\"&#36;2,877 con IVA\" \/>\n\t<meta name=\"twitter:label2\" content=\"Availability\" \/>\n\t<meta name=\"twitter:data2\" content=\"Out of stock\" \/>\n<script type=\"application\/ld+json\" class=\"yoast-schema-graph\">{\"@context\":\"https:\/\/schema.org\",\"@graph\":[{\"@type\":\"WebPage\",\"@id\":\"https:\/\/compuviper.mx\/tienda\/producto\/adata-sleg-860-1000gcs-unidad-de-estado-solido-ssd-interno-legend-860-1000gb-m-2-2280-3dnand-pcie-gen-4x4-lec6000-en-pc-portatil-mbs-lec5000-en-ps5-esc5000-mbs\/\",\"url\":\"https:\/\/compuviper.mx\/tienda\/producto\/adata-sleg-860-1000gcs-unidad-de-estado-solido-ssd-interno-legend-860-1000gb-m-2-2280-3dnand-pcie-gen-4x4-lec6000-en-pc-portatil-mbs-lec5000-en-ps5-esc5000-mbs\/\",\"name\":\"[ Adata ] &#129351; Sleg-860-1000gcs Unidad De Estado Solido Ssd Interno Legend 860 1000gb M.2 2280 3dnand Pcie Gen 4x4 Lec6000 En Pc\/portatil Mbs Lec5000 En Ps5 Esc5000 Mbs\",\"isPartOf\":{\"@id\":\"https:\/\/compuviper.mx\/tienda\/#website\"},\"datePublished\":\"2026-04-07T06:37:53+00:00\",\"dateModified\":\"2026-04-07T06:37:53+00:00\",\"description\":\"Compra Sleg-860-1000gcs Unidad De Estado Solido Ssd Interno Legend 860 1000gb M.2 2280 3dnand Pcie Gen 4x4 Lec6000 En Pc\/portatil Mbs Lec5000 En Ps5 Esc5000 Mbs + Env\u00edo a domicilio + Pago seguro + Garant\u00eda\",\"breadcrumb\":{\"@id\":\"https:\/\/compuviper.mx\/tienda\/producto\/adata-sleg-860-1000gcs-unidad-de-estado-solido-ssd-interno-legend-860-1000gb-m-2-2280-3dnand-pcie-gen-4x4-lec6000-en-pc-portatil-mbs-lec5000-en-ps5-esc5000-mbs\/#breadcrumb\"},\"inLanguage\":\"es-MX\",\"potentialAction\":[{\"@type\":\"ReadAction\",\"target\":[\"https:\/\/compuviper.mx\/tienda\/producto\/adata-sleg-860-1000gcs-unidad-de-estado-solido-ssd-interno-legend-860-1000gb-m-2-2280-3dnand-pcie-gen-4x4-lec6000-en-pc-portatil-mbs-lec5000-en-ps5-esc5000-mbs\/\"]}]},{\"@type\":\"BreadcrumbList\",\"@id\":\"https:\/\/compuviper.mx\/tienda\/producto\/adata-sleg-860-1000gcs-unidad-de-estado-solido-ssd-interno-legend-860-1000gb-m-2-2280-3dnand-pcie-gen-4x4-lec6000-en-pc-portatil-mbs-lec5000-en-ps5-esc5000-mbs\/#breadcrumb\",\"itemListElement\":[{\"@type\":\"ListItem\",\"position\":1,\"name\":\"Inicio\",\"item\":\"https:\/\/compuviper.mx\/tienda\/\"},{\"@type\":\"ListItem\",\"position\":2,\"name\":\"Productos\",\"item\":\"https:\/\/compuviper.mx\/tienda\/productos\/\"},{\"@type\":\"ListItem\",\"position\":3,\"name\":\"Discos Duros\",\"item\":\"https:\/\/compuviper.mx\/tienda\/categoria-producto\/discos-duros\/\"},{\"@type\":\"ListItem\",\"position\":4,\"name\":\"Unidad De Estado Solido\",\"item\":\"https:\/\/compuviper.mx\/tienda\/categoria-producto\/discos-duros\/unidad-de-estado-solido\/\"},{\"@type\":\"ListItem\",\"position\":5,\"name\":\"Adata Sleg-860-1000gcs Unidad De Estado Solido Ssd Interno Legend 860 1000gb M.2 2280 3dnand Pcie Gen 4&#215;4 Lec6000 En Pc\/portatil Mbs Lec5000 En Ps5 Esc5000 Mbs\"}]},{\"@type\":\"WebSite\",\"@id\":\"https:\/\/compuviper.mx\/tienda\/#website\",\"url\":\"https:\/\/compuviper.mx\/tienda\/\",\"name\":\"Compuviper\",\"description\":\"Proveedor de Computadoras, Laptops, Servidores, Monitores, Puntos de Venta, Teclados,   Impresoras, T\u00f3ner, C\u00e1maras de Seguridad y m\u00e1s en tu tienda en l\u00ednea\",\"publisher\":{\"@id\":\"https:\/\/compuviper.mx\/tienda\/#organization\"},\"potentialAction\":[{\"@type\":\"SearchAction\",\"target\":{\"@type\":\"EntryPoint\",\"urlTemplate\":\"https:\/\/compuviper.mx\/tienda\/?s={search_term_string}\"},\"query-input\":\"required name=search_term_string\"}],\"inLanguage\":\"es-MX\"},{\"@type\":\"Organization\",\"@id\":\"https:\/\/compuviper.mx\/tienda\/#organization\",\"name\":\"Compuviper\",\"url\":\"https:\/\/compuviper.mx\/tienda\/\",\"logo\":{\"@type\":\"ImageObject\",\"inLanguage\":\"es-MX\",\"@id\":\"https:\/\/compuviper.mx\/tienda\/#\/schema\/logo\/image\/\",\"url\":\"https:\/\/compuviper.mx\/tienda\/wp-content\/uploads\/2021\/08\/Logo-Compuviper-10.png\",\"contentUrl\":\"https:\/\/compuviper.mx\/tienda\/wp-content\/uploads\/2021\/08\/Logo-Compuviper-10.png\",\"width\":1000,\"height\":500,\"caption\":\"Compuviper\"},\"image\":{\"@id\":\"https:\/\/compuviper.mx\/tienda\/#\/schema\/logo\/image\/\"},\"sameAs\":[\"https:\/\/www.facebook.com\/compuviper\",\"https:\/\/www.youtube.com\/channel\/UCf73dERp9Y3cfOq7q8BhLjA?view_as=subscriber\"]}]}<\/script>\n<meta property=\"product:brand\" content=\"ADATA\" \/>\n<meta property=\"product:price:amount\" content=\"2877\" \/>\n<meta property=\"product:price:currency\" content=\"MXN\" \/>\n<meta property=\"og:availability\" content=\"out of stock\" \/>\n<meta property=\"product:availability\" content=\"out of stock\" \/>\n<meta property=\"product:retailer_item_id\" content=\"SLEG-860-1000GCS\" \/>\n<meta property=\"product:condition\" content=\"new\" \/>\n<!-- \/ Yoast SEO plugin. -->","yoast_head_json":{"title":"[ Adata ] &#129351; Sleg-860-1000gcs Unidad De Estado Solido Ssd Interno Legend 860 1000gb M.2 2280 3dnand Pcie Gen 4x4 Lec6000 En Pc\/portatil Mbs Lec5000 En Ps5 Esc5000 Mbs","description":"Compra Sleg-860-1000gcs Unidad De Estado Solido Ssd Interno Legend 860 1000gb M.2 2280 3dnand Pcie Gen 4x4 Lec6000 En Pc\/portatil Mbs Lec5000 En Ps5 Esc5000 Mbs + Env\u00edo a domicilio + Pago seguro + Garant\u00eda","robots":{"index":"index","follow":"follow","max-snippet":"max-snippet:-1","max-image-preview":"max-image-preview:large","max-video-preview":"max-video-preview:-1"},"canonical":"https:\/\/compuviper.mx\/tienda\/producto\/adata-sleg-860-1000gcs-unidad-de-estado-solido-ssd-interno-legend-860-1000gb-m-2-2280-3dnand-pcie-gen-4x4-lec6000-en-pc-portatil-mbs-lec5000-en-ps5-esc5000-mbs\/","og_locale":"es_MX","og_type":"article","og_title":"[ Adata ] &#129351; Sleg-860-1000gcs Unidad De Estado Solido Ssd Interno Legend 860 1000gb M.2 2280 3dnand Pcie Gen 4x4 Lec6000 En Pc\/portatil Mbs Lec5000 En Ps5 Esc5000 Mbs","og_description":"Compra Sleg-860-1000gcs Unidad De Estado Solido Ssd Interno Legend 860 1000gb M.2 2280 3dnand Pcie Gen 4x4 Lec6000 En Pc\/portatil Mbs Lec5000 En Ps5 Esc5000 Mbs + Env\u00edo a domicilio + Pago seguro + Garant\u00eda","og_url":"https:\/\/compuviper.mx\/tienda\/producto\/adata-sleg-860-1000gcs-unidad-de-estado-solido-ssd-interno-legend-860-1000gb-m-2-2280-3dnand-pcie-gen-4x4-lec6000-en-pc-portatil-mbs-lec5000-en-ps5-esc5000-mbs\/","og_site_name":"Compuviper","article_publisher":"https:\/\/www.facebook.com\/compuviper","og_image":[{"width":200,"height":200,"url":"https:\/\/compuviper.mx\/tienda\/wp-content\/uploads\/2026\/03\/Unidad-de-estado-solido-ssd-interno-adata-legend-860-1000gb-m.2-2280-3dnand-pcie-gen-4x4-lec6000-en-pcportatil-mbs-lec5000-en-ps5-esc5000-mbs-sleg-860-1000gcs.jpg","type":"image\/jpeg"}],"twitter_card":"summary_large_image","twitter_misc":{"Precio":"&#36;2,877 con IVA","Availability":"Out of stock"},"schema":{"@context":"https:\/\/schema.org","@graph":[{"@type":"WebPage","@id":"https:\/\/compuviper.mx\/tienda\/producto\/adata-sleg-860-1000gcs-unidad-de-estado-solido-ssd-interno-legend-860-1000gb-m-2-2280-3dnand-pcie-gen-4x4-lec6000-en-pc-portatil-mbs-lec5000-en-ps5-esc5000-mbs\/","url":"https:\/\/compuviper.mx\/tienda\/producto\/adata-sleg-860-1000gcs-unidad-de-estado-solido-ssd-interno-legend-860-1000gb-m-2-2280-3dnand-pcie-gen-4x4-lec6000-en-pc-portatil-mbs-lec5000-en-ps5-esc5000-mbs\/","name":"[ Adata ] &#129351; Sleg-860-1000gcs Unidad De Estado Solido Ssd Interno Legend 860 1000gb M.2 2280 3dnand Pcie Gen 4x4 Lec6000 En Pc\/portatil Mbs Lec5000 En Ps5 Esc5000 Mbs","isPartOf":{"@id":"https:\/\/compuviper.mx\/tienda\/#website"},"datePublished":"2026-04-07T06:37:53+00:00","dateModified":"2026-04-07T06:37:53+00:00","description":"Compra Sleg-860-1000gcs Unidad De Estado Solido Ssd Interno Legend 860 1000gb M.2 2280 3dnand Pcie Gen 4x4 Lec6000 En Pc\/portatil Mbs Lec5000 En Ps5 Esc5000 Mbs + Env\u00edo a domicilio + Pago seguro + Garant\u00eda","breadcrumb":{"@id":"https:\/\/compuviper.mx\/tienda\/producto\/adata-sleg-860-1000gcs-unidad-de-estado-solido-ssd-interno-legend-860-1000gb-m-2-2280-3dnand-pcie-gen-4x4-lec6000-en-pc-portatil-mbs-lec5000-en-ps5-esc5000-mbs\/#breadcrumb"},"inLanguage":"es-MX","potentialAction":[{"@type":"ReadAction","target":["https:\/\/compuviper.mx\/tienda\/producto\/adata-sleg-860-1000gcs-unidad-de-estado-solido-ssd-interno-legend-860-1000gb-m-2-2280-3dnand-pcie-gen-4x4-lec6000-en-pc-portatil-mbs-lec5000-en-ps5-esc5000-mbs\/"]}]},{"@type":"BreadcrumbList","@id":"https:\/\/compuviper.mx\/tienda\/producto\/adata-sleg-860-1000gcs-unidad-de-estado-solido-ssd-interno-legend-860-1000gb-m-2-2280-3dnand-pcie-gen-4x4-lec6000-en-pc-portatil-mbs-lec5000-en-ps5-esc5000-mbs\/#breadcrumb","itemListElement":[{"@type":"ListItem","position":1,"name":"Inicio","item":"https:\/\/compuviper.mx\/tienda\/"},{"@type":"ListItem","position":2,"name":"Productos","item":"https:\/\/compuviper.mx\/tienda\/productos\/"},{"@type":"ListItem","position":3,"name":"Discos Duros","item":"https:\/\/compuviper.mx\/tienda\/categoria-producto\/discos-duros\/"},{"@type":"ListItem","position":4,"name":"Unidad De Estado Solido","item":"https:\/\/compuviper.mx\/tienda\/categoria-producto\/discos-duros\/unidad-de-estado-solido\/"},{"@type":"ListItem","position":5,"name":"Adata Sleg-860-1000gcs Unidad De Estado Solido Ssd Interno Legend 860 1000gb M.2 2280 3dnand Pcie Gen 4&#215;4 Lec6000 En Pc\/portatil Mbs Lec5000 En Ps5 Esc5000 Mbs"}]},{"@type":"WebSite","@id":"https:\/\/compuviper.mx\/tienda\/#website","url":"https:\/\/compuviper.mx\/tienda\/","name":"Compuviper","description":"Proveedor de Computadoras, Laptops, Servidores, Monitores, Puntos de Venta, Teclados,   Impresoras, T\u00f3ner, C\u00e1maras de Seguridad y m\u00e1s en tu tienda en l\u00ednea","publisher":{"@id":"https:\/\/compuviper.mx\/tienda\/#organization"},"potentialAction":[{"@type":"SearchAction","target":{"@type":"EntryPoint","urlTemplate":"https:\/\/compuviper.mx\/tienda\/?s={search_term_string}"},"query-input":"required name=search_term_string"}],"inLanguage":"es-MX"},{"@type":"Organization","@id":"https:\/\/compuviper.mx\/tienda\/#organization","name":"Compuviper","url":"https:\/\/compuviper.mx\/tienda\/","logo":{"@type":"ImageObject","inLanguage":"es-MX","@id":"https:\/\/compuviper.mx\/tienda\/#\/schema\/logo\/image\/","url":"https:\/\/compuviper.mx\/tienda\/wp-content\/uploads\/2021\/08\/Logo-Compuviper-10.png","contentUrl":"https:\/\/compuviper.mx\/tienda\/wp-content\/uploads\/2021\/08\/Logo-Compuviper-10.png","width":1000,"height":500,"caption":"Compuviper"},"image":{"@id":"https:\/\/compuviper.mx\/tienda\/#\/schema\/logo\/image\/"},"sameAs":["https:\/\/www.facebook.com\/compuviper","https:\/\/www.youtube.com\/channel\/UCf73dERp9Y3cfOq7q8BhLjA?view_as=subscriber"]}]},"product_brand":"ADATA","product_price_amount":"2877","product_price_currency":"MXN","og_availability":"out of stock","product_availability":"out of stock","product_retailer_item_id":"SLEG-860-1000GCS","product_condition":"new"},"_links":{"self":[{"href":"https:\/\/compuviper.mx\/tienda\/wp-json\/wp\/v2\/product\/268014"}],"collection":[{"href":"https:\/\/compuviper.mx\/tienda\/wp-json\/wp\/v2\/product"}],"about":[{"href":"https:\/\/compuviper.mx\/tienda\/wp-json\/wp\/v2\/types\/product"}],"replies":[{"embeddable":true,"href":"https:\/\/compuviper.mx\/tienda\/wp-json\/wp\/v2\/comments?post=268014"}],"wp:featuredmedia":[{"embeddable":true,"href":"https:\/\/compuviper.mx\/tienda\/wp-json\/wp\/v2\/media\/268015"}],"wp:attachment":[{"href":"https:\/\/compuviper.mx\/tienda\/wp-json\/wp\/v2\/media?parent=268014"}],"wp:term":[{"taxonomy":"product_cat","embeddable":true,"href":"https:\/\/compuviper.mx\/tienda\/wp-json\/wp\/v2\/product_cat?post=268014"},{"taxonomy":"product_tag","embeddable":true,"href":"https:\/\/compuviper.mx\/tienda\/wp-json\/wp\/v2\/product_tag?post=268014"}],"curies":[{"name":"wp","href":"https:\/\/api.w.org\/{rel}","templated":true}]}}