{"id":268012,"date":"2026-04-02T00:39:24","date_gmt":"2026-04-02T06:39:24","guid":{"rendered":"https:\/\/compuviper.mx\/tienda\/producto\/sandisk-sdssdx3n-500g-g26-unidad-de-estado-solido-ssd-interno-extreme-500gb-m-2-2280-nvme-pcie-gen4-lect-5000mbs-escrit-4000mbs-pc-laptop-minipc\/"},"modified":"2026-04-03T00:00:14","modified_gmt":"2026-04-03T06:00:14","slug":"sandisk-sdssdx3n-500g-g26-unidad-de-estado-solido-ssd-interno-extreme-500gb-m-2-2280-nvme-pcie-gen4-lect-5000mbs-escrit-4000mbs-pc-laptop-minipc","status":"publish","type":"product","link":"https:\/\/compuviper.mx\/tienda\/producto\/sandisk-sdssdx3n-500g-g26-unidad-de-estado-solido-ssd-interno-extreme-500gb-m-2-2280-nvme-pcie-gen4-lect-5000mbs-escrit-4000mbs-pc-laptop-minipc\/","title":{"rendered":"Sandisk Sdssdx3n-500g-g26 Unidad De Estado Solido Ssd Interno  Extreme 500gb M.2 2280 Nvme Pcie Gen4 Lect.5000mbs Escrit.4000mbs Pc Laptop Minipc"},"content":{"rendered":"<table class=\"descripcion\">\n<tr>\n<td>Capacidad  500 gb<\/td>\n<\/tr>\n<tr>\n<td>Factor de forma  m.2 2280<\/td>\n<\/tr>\n<tr>\n<td>Conector  m.2<\/td>\n<\/tr>\n<tr>\n<td>Rendimiento de lectura secuencial  5000 mb\/s<\/td>\n<\/tr>\n<tr>\n<td>Rendimiento de escritura secuencial  4000 mb\/s<\/td>\n<\/tr>\n<tr>\n<td>Lectura aleatoria  460.000 iops<\/td>\n<\/tr>\n<tr>\n<td>Escritura aleatoria  800.000 iops<\/td>\n<\/tr>\n<tr>\n<td>Interfaz  pcie gen 4.0<\/td>\n<\/tr>\n<tr>\n<td>Garantia limitada de 5 a\u00f1os<\/td>\n<\/tr>\n<tr>\n<td>Resistencia (tbw)  300<\/td>\n<\/tr>\n<tr>\n<td>Dimensiones (l x an x al)  3,15 x 0,867 x 0,094<\/td>\n<\/tr>\n<tr>\n<td>Peso  5,44 gramos<\/td>\n<\/tr>\n<tr>\n<td>Numero de modelo  sdssdx3n-500g-g26<\/td>\n<\/tr>\n<tr>\n<td>Temperatura de funcionamiento  0\u00b0c a 85\u00b0c<\/td>\n<\/tr>\n<tr>\n<td>Caracteristicas del producto :<\/td>\n<\/tr>\n<tr>\n<td>\u0095minimice el retraso con una interfaz pcie gen4 para retoque de fotograf\u00edas, edici\u00f3n de video y renderizado 3d m\u00e1s potentes<\/td>\n<\/tr>\n<tr>\n<td>\u0095mejore su computadora con amplio espacio para su musica, fotos, videos y documentos.<\/td>\n<\/tr>\n<tr>\n<td>\u0095la eficiente tecnolog\u00eda ncache 4.0 le ayuda a copiar y publicar sus archivos en menos tiempo<\/td>\n<\/tr>\n<tr>\n<td>Compatibilidad :<\/td>\n<\/tr>\n<tr>\n<td>\u0095windows 10+<\/td>\n<\/tr>\n<\/table>\n","protected":false},"excerpt":{"rendered":"<p>Velocidades que apoyan su flujo de trabajo. Presentamos la unidad ssd sandisk extreme m.2 nvme con pcie  gen 4.0, dise\u00f1ada para seguir el ritmo de tus exigentes flujos de trabajo creativos. Disfruta de un rendimiento estelar con velocidades de lectura extremas de hasta 5150 mb\/s para que tu pc pueda seguir tu ritmo mientras trabajas, editas y juegas mas rapido que nunca. Mantengase al dia con su flujo de trabajo. Aborde cargas de trabajo exigentes con velocidades de lectura pcie gen 4.0 de hasta 5150 mb\/s 2 (modelos de 1 tb y 2 tb). Rendimiento cuando mas lo necesita. La interfaz nvme y pcie gen 4.0 proporciona un rendimiento estelar que ayuda a minimizar el retraso durante las tareas intensivas en datos. Amplie su almacenamiento. Amplio espacio para su musica, fotos, videos y documentos con capacidades de hasta 2tb. Copia y publicacion rapida de archivos. La eficiente tecnologia ncache 4.0 le ayuda a copiar y publicar archivos en menos tiempo. Facil instalacion y mantenimiento util. Para muchas computadoras de escritorio y portatiles con una ranura pcie gen m.2 2280, configure su unidad con un tornillo y mantengase actualizado sobre el estado de su unidad con el panel de control de western digital. De la marca en la que confian los profesionales. Estamos decididos a seguir brindandote lo que necesitas para prosperar. Por eso, te ofrecemos una garantia limitada de 5 a\u00f1os.<\/p>\n","protected":false},"featured_media":268013,"comment_status":"open","ping_status":"open","template":"","meta":[],"product_cat":[1703,1708],"product_tag":[1709],"acf":[],"yoast_head":"<!-- This site is optimized with the Yoast SEO plugin v21.7 - https:\/\/yoast.com\/wordpress\/plugins\/seo\/ -->\n<title>[ Sandisk ] &#129351; Sdssdx3n-500g-g26 Unidad De Estado Solido Ssd Interno Extreme 500gb M.2 2280 Nvme Pcie Gen4 Lect.5000mbs Escrit.4000mbs Pc Laptop Minipc<\/title>\n<meta name=\"description\" content=\"Compra Sdssdx3n-500g-g26 Unidad De Estado Solido Ssd Interno Extreme 500gb M.2 2280 Nvme Pcie Gen4 Lect.5000mbs Escrit.4000mbs Pc Laptop Minipc + Env\u00edo a domicilio + Pago seguro + Garant\u00eda\" \/>\n<meta name=\"robots\" content=\"index, follow, max-snippet:-1, max-image-preview:large, max-video-preview:-1\" \/>\n<link rel=\"canonical\" href=\"https:\/\/compuviper.mx\/tienda\/producto\/sandisk-sdssdx3n-500g-g26-unidad-de-estado-solido-ssd-interno-extreme-500gb-m-2-2280-nvme-pcie-gen4-lect-5000mbs-escrit-4000mbs-pc-laptop-minipc\/\" \/>\n<meta property=\"og:locale\" content=\"es_MX\" \/>\n<meta property=\"og:type\" content=\"article\" \/>\n<meta property=\"og:title\" content=\"[ Sandisk ] &#129351; Sdssdx3n-500g-g26 Unidad De Estado Solido Ssd Interno Extreme 500gb M.2 2280 Nvme Pcie Gen4 Lect.5000mbs Escrit.4000mbs Pc Laptop Minipc\" \/>\n<meta property=\"og:description\" content=\"Compra Sdssdx3n-500g-g26 Unidad De Estado Solido Ssd Interno Extreme 500gb M.2 2280 Nvme Pcie Gen4 Lect.5000mbs Escrit.4000mbs Pc Laptop Minipc + Env\u00edo a domicilio + Pago seguro + Garant\u00eda\" \/>\n<meta property=\"og:url\" content=\"https:\/\/compuviper.mx\/tienda\/producto\/sandisk-sdssdx3n-500g-g26-unidad-de-estado-solido-ssd-interno-extreme-500gb-m-2-2280-nvme-pcie-gen4-lect-5000mbs-escrit-4000mbs-pc-laptop-minipc\/\" \/>\n<meta property=\"og:site_name\" content=\"Compuviper\" \/>\n<meta property=\"article:publisher\" content=\"https:\/\/www.facebook.com\/compuviper\" \/>\n<meta property=\"article:modified_time\" content=\"2026-04-03T06:00:14+00:00\" \/>\n<meta property=\"og:image\" content=\"https:\/\/compuviper.mx\/tienda\/wp-content\/uploads\/2026\/03\/Unidad-de-estado-solido-ssd-interno-sandisk-extreme-500gb-m.2-2280-nvme-pcie-gen4-lect.5000mbs-escrit.4000mbs-pc-laptop-minipc-sdssdx3n-500g-g26.jpg\" \/>\n\t<meta property=\"og:image:width\" content=\"200\" \/>\n\t<meta property=\"og:image:height\" content=\"200\" \/>\n\t<meta property=\"og:image:type\" content=\"image\/jpeg\" \/>\n<meta name=\"twitter:card\" content=\"summary_large_image\" \/>\n<meta name=\"twitter:label1\" content=\"Precio\" \/>\n\t<meta name=\"twitter:data1\" content=\"&#36;1,391 con IVA\" \/>\n\t<meta name=\"twitter:label2\" content=\"Availability\" \/>\n\t<meta name=\"twitter:data2\" content=\"Out of stock\" \/>\n<script type=\"application\/ld+json\" class=\"yoast-schema-graph\">{\"@context\":\"https:\/\/schema.org\",\"@graph\":[{\"@type\":\"WebPage\",\"@id\":\"https:\/\/compuviper.mx\/tienda\/producto\/sandisk-sdssdx3n-500g-g26-unidad-de-estado-solido-ssd-interno-extreme-500gb-m-2-2280-nvme-pcie-gen4-lect-5000mbs-escrit-4000mbs-pc-laptop-minipc\/\",\"url\":\"https:\/\/compuviper.mx\/tienda\/producto\/sandisk-sdssdx3n-500g-g26-unidad-de-estado-solido-ssd-interno-extreme-500gb-m-2-2280-nvme-pcie-gen4-lect-5000mbs-escrit-4000mbs-pc-laptop-minipc\/\",\"name\":\"[ Sandisk ] &#129351; Sdssdx3n-500g-g26 Unidad De Estado Solido Ssd Interno Extreme 500gb M.2 2280 Nvme Pcie Gen4 Lect.5000mbs Escrit.4000mbs Pc Laptop Minipc\",\"isPartOf\":{\"@id\":\"https:\/\/compuviper.mx\/tienda\/#website\"},\"datePublished\":\"2026-04-02T06:39:24+00:00\",\"dateModified\":\"2026-04-03T06:00:14+00:00\",\"description\":\"Compra Sdssdx3n-500g-g26 Unidad De Estado Solido Ssd Interno Extreme 500gb M.2 2280 Nvme Pcie Gen4 Lect.5000mbs Escrit.4000mbs Pc Laptop Minipc + Env\u00edo a domicilio + Pago seguro + Garant\u00eda\",\"breadcrumb\":{\"@id\":\"https:\/\/compuviper.mx\/tienda\/producto\/sandisk-sdssdx3n-500g-g26-unidad-de-estado-solido-ssd-interno-extreme-500gb-m-2-2280-nvme-pcie-gen4-lect-5000mbs-escrit-4000mbs-pc-laptop-minipc\/#breadcrumb\"},\"inLanguage\":\"es-MX\",\"potentialAction\":[{\"@type\":\"ReadAction\",\"target\":[\"https:\/\/compuviper.mx\/tienda\/producto\/sandisk-sdssdx3n-500g-g26-unidad-de-estado-solido-ssd-interno-extreme-500gb-m-2-2280-nvme-pcie-gen4-lect-5000mbs-escrit-4000mbs-pc-laptop-minipc\/\"]}]},{\"@type\":\"BreadcrumbList\",\"@id\":\"https:\/\/compuviper.mx\/tienda\/producto\/sandisk-sdssdx3n-500g-g26-unidad-de-estado-solido-ssd-interno-extreme-500gb-m-2-2280-nvme-pcie-gen4-lect-5000mbs-escrit-4000mbs-pc-laptop-minipc\/#breadcrumb\",\"itemListElement\":[{\"@type\":\"ListItem\",\"position\":1,\"name\":\"Inicio\",\"item\":\"https:\/\/compuviper.mx\/tienda\/\"},{\"@type\":\"ListItem\",\"position\":2,\"name\":\"Productos\",\"item\":\"https:\/\/compuviper.mx\/tienda\/productos\/\"},{\"@type\":\"ListItem\",\"position\":3,\"name\":\"Discos Duros\",\"item\":\"https:\/\/compuviper.mx\/tienda\/categoria-producto\/discos-duros\/\"},{\"@type\":\"ListItem\",\"position\":4,\"name\":\"Unidad De Estado Solido\",\"item\":\"https:\/\/compuviper.mx\/tienda\/categoria-producto\/discos-duros\/unidad-de-estado-solido\/\"},{\"@type\":\"ListItem\",\"position\":5,\"name\":\"Sandisk Sdssdx3n-500g-g26 Unidad De Estado Solido Ssd Interno Extreme 500gb M.2 2280 Nvme Pcie Gen4 Lect.5000mbs Escrit.4000mbs Pc Laptop Minipc\"}]},{\"@type\":\"WebSite\",\"@id\":\"https:\/\/compuviper.mx\/tienda\/#website\",\"url\":\"https:\/\/compuviper.mx\/tienda\/\",\"name\":\"Compuviper\",\"description\":\"Proveedor de Computadoras, Laptops, Servidores, Monitores, Puntos de Venta, Teclados,   Impresoras, T\u00f3ner, C\u00e1maras de Seguridad y m\u00e1s en tu tienda en l\u00ednea\",\"publisher\":{\"@id\":\"https:\/\/compuviper.mx\/tienda\/#organization\"},\"potentialAction\":[{\"@type\":\"SearchAction\",\"target\":{\"@type\":\"EntryPoint\",\"urlTemplate\":\"https:\/\/compuviper.mx\/tienda\/?s={search_term_string}\"},\"query-input\":\"required name=search_term_string\"}],\"inLanguage\":\"es-MX\"},{\"@type\":\"Organization\",\"@id\":\"https:\/\/compuviper.mx\/tienda\/#organization\",\"name\":\"Compuviper\",\"url\":\"https:\/\/compuviper.mx\/tienda\/\",\"logo\":{\"@type\":\"ImageObject\",\"inLanguage\":\"es-MX\",\"@id\":\"https:\/\/compuviper.mx\/tienda\/#\/schema\/logo\/image\/\",\"url\":\"https:\/\/compuviper.mx\/tienda\/wp-content\/uploads\/2021\/08\/Logo-Compuviper-10.png\",\"contentUrl\":\"https:\/\/compuviper.mx\/tienda\/wp-content\/uploads\/2021\/08\/Logo-Compuviper-10.png\",\"width\":1000,\"height\":500,\"caption\":\"Compuviper\"},\"image\":{\"@id\":\"https:\/\/compuviper.mx\/tienda\/#\/schema\/logo\/image\/\"},\"sameAs\":[\"https:\/\/www.facebook.com\/compuviper\",\"https:\/\/www.youtube.com\/channel\/UCf73dERp9Y3cfOq7q8BhLjA?view_as=subscriber\"]}]}<\/script>\n<meta property=\"product:brand\" content=\"SANDISK\" \/>\n<meta property=\"product:price:amount\" content=\"1391\" \/>\n<meta property=\"product:price:currency\" content=\"MXN\" \/>\n<meta property=\"og:availability\" content=\"out of stock\" \/>\n<meta property=\"product:availability\" content=\"out of stock\" \/>\n<meta property=\"product:retailer_item_id\" content=\"SDSSDX3N-500G-G26\" \/>\n<meta property=\"product:condition\" content=\"new\" \/>\n<!-- \/ Yoast SEO plugin. -->","yoast_head_json":{"title":"[ Sandisk ] &#129351; Sdssdx3n-500g-g26 Unidad De Estado Solido Ssd Interno Extreme 500gb M.2 2280 Nvme Pcie Gen4 Lect.5000mbs Escrit.4000mbs Pc Laptop Minipc","description":"Compra Sdssdx3n-500g-g26 Unidad De Estado Solido Ssd Interno Extreme 500gb M.2 2280 Nvme Pcie Gen4 Lect.5000mbs Escrit.4000mbs Pc Laptop Minipc + Env\u00edo a domicilio + Pago seguro + Garant\u00eda","robots":{"index":"index","follow":"follow","max-snippet":"max-snippet:-1","max-image-preview":"max-image-preview:large","max-video-preview":"max-video-preview:-1"},"canonical":"https:\/\/compuviper.mx\/tienda\/producto\/sandisk-sdssdx3n-500g-g26-unidad-de-estado-solido-ssd-interno-extreme-500gb-m-2-2280-nvme-pcie-gen4-lect-5000mbs-escrit-4000mbs-pc-laptop-minipc\/","og_locale":"es_MX","og_type":"article","og_title":"[ Sandisk ] &#129351; Sdssdx3n-500g-g26 Unidad De Estado Solido Ssd Interno Extreme 500gb M.2 2280 Nvme Pcie Gen4 Lect.5000mbs Escrit.4000mbs Pc Laptop Minipc","og_description":"Compra Sdssdx3n-500g-g26 Unidad De Estado Solido Ssd Interno Extreme 500gb M.2 2280 Nvme Pcie Gen4 Lect.5000mbs Escrit.4000mbs Pc Laptop Minipc + Env\u00edo a domicilio + Pago seguro + Garant\u00eda","og_url":"https:\/\/compuviper.mx\/tienda\/producto\/sandisk-sdssdx3n-500g-g26-unidad-de-estado-solido-ssd-interno-extreme-500gb-m-2-2280-nvme-pcie-gen4-lect-5000mbs-escrit-4000mbs-pc-laptop-minipc\/","og_site_name":"Compuviper","article_publisher":"https:\/\/www.facebook.com\/compuviper","article_modified_time":"2026-04-03T06:00:14+00:00","og_image":[{"width":200,"height":200,"url":"https:\/\/compuviper.mx\/tienda\/wp-content\/uploads\/2026\/03\/Unidad-de-estado-solido-ssd-interno-sandisk-extreme-500gb-m.2-2280-nvme-pcie-gen4-lect.5000mbs-escrit.4000mbs-pc-laptop-minipc-sdssdx3n-500g-g26.jpg","type":"image\/jpeg"}],"twitter_card":"summary_large_image","twitter_misc":{"Precio":"&#36;1,391 con IVA","Availability":"Out of stock"},"schema":{"@context":"https:\/\/schema.org","@graph":[{"@type":"WebPage","@id":"https:\/\/compuviper.mx\/tienda\/producto\/sandisk-sdssdx3n-500g-g26-unidad-de-estado-solido-ssd-interno-extreme-500gb-m-2-2280-nvme-pcie-gen4-lect-5000mbs-escrit-4000mbs-pc-laptop-minipc\/","url":"https:\/\/compuviper.mx\/tienda\/producto\/sandisk-sdssdx3n-500g-g26-unidad-de-estado-solido-ssd-interno-extreme-500gb-m-2-2280-nvme-pcie-gen4-lect-5000mbs-escrit-4000mbs-pc-laptop-minipc\/","name":"[ Sandisk ] &#129351; Sdssdx3n-500g-g26 Unidad De Estado Solido Ssd Interno Extreme 500gb M.2 2280 Nvme Pcie Gen4 Lect.5000mbs Escrit.4000mbs Pc Laptop Minipc","isPartOf":{"@id":"https:\/\/compuviper.mx\/tienda\/#website"},"datePublished":"2026-04-02T06:39:24+00:00","dateModified":"2026-04-03T06:00:14+00:00","description":"Compra Sdssdx3n-500g-g26 Unidad De Estado Solido Ssd Interno Extreme 500gb M.2 2280 Nvme Pcie Gen4 Lect.5000mbs Escrit.4000mbs Pc Laptop Minipc + Env\u00edo a domicilio + Pago seguro + Garant\u00eda","breadcrumb":{"@id":"https:\/\/compuviper.mx\/tienda\/producto\/sandisk-sdssdx3n-500g-g26-unidad-de-estado-solido-ssd-interno-extreme-500gb-m-2-2280-nvme-pcie-gen4-lect-5000mbs-escrit-4000mbs-pc-laptop-minipc\/#breadcrumb"},"inLanguage":"es-MX","potentialAction":[{"@type":"ReadAction","target":["https:\/\/compuviper.mx\/tienda\/producto\/sandisk-sdssdx3n-500g-g26-unidad-de-estado-solido-ssd-interno-extreme-500gb-m-2-2280-nvme-pcie-gen4-lect-5000mbs-escrit-4000mbs-pc-laptop-minipc\/"]}]},{"@type":"BreadcrumbList","@id":"https:\/\/compuviper.mx\/tienda\/producto\/sandisk-sdssdx3n-500g-g26-unidad-de-estado-solido-ssd-interno-extreme-500gb-m-2-2280-nvme-pcie-gen4-lect-5000mbs-escrit-4000mbs-pc-laptop-minipc\/#breadcrumb","itemListElement":[{"@type":"ListItem","position":1,"name":"Inicio","item":"https:\/\/compuviper.mx\/tienda\/"},{"@type":"ListItem","position":2,"name":"Productos","item":"https:\/\/compuviper.mx\/tienda\/productos\/"},{"@type":"ListItem","position":3,"name":"Discos Duros","item":"https:\/\/compuviper.mx\/tienda\/categoria-producto\/discos-duros\/"},{"@type":"ListItem","position":4,"name":"Unidad De Estado Solido","item":"https:\/\/compuviper.mx\/tienda\/categoria-producto\/discos-duros\/unidad-de-estado-solido\/"},{"@type":"ListItem","position":5,"name":"Sandisk Sdssdx3n-500g-g26 Unidad De Estado Solido Ssd Interno Extreme 500gb M.2 2280 Nvme Pcie Gen4 Lect.5000mbs Escrit.4000mbs Pc Laptop Minipc"}]},{"@type":"WebSite","@id":"https:\/\/compuviper.mx\/tienda\/#website","url":"https:\/\/compuviper.mx\/tienda\/","name":"Compuviper","description":"Proveedor de Computadoras, Laptops, Servidores, Monitores, Puntos de Venta, Teclados,   Impresoras, T\u00f3ner, C\u00e1maras de Seguridad y m\u00e1s en tu tienda en l\u00ednea","publisher":{"@id":"https:\/\/compuviper.mx\/tienda\/#organization"},"potentialAction":[{"@type":"SearchAction","target":{"@type":"EntryPoint","urlTemplate":"https:\/\/compuviper.mx\/tienda\/?s={search_term_string}"},"query-input":"required name=search_term_string"}],"inLanguage":"es-MX"},{"@type":"Organization","@id":"https:\/\/compuviper.mx\/tienda\/#organization","name":"Compuviper","url":"https:\/\/compuviper.mx\/tienda\/","logo":{"@type":"ImageObject","inLanguage":"es-MX","@id":"https:\/\/compuviper.mx\/tienda\/#\/schema\/logo\/image\/","url":"https:\/\/compuviper.mx\/tienda\/wp-content\/uploads\/2021\/08\/Logo-Compuviper-10.png","contentUrl":"https:\/\/compuviper.mx\/tienda\/wp-content\/uploads\/2021\/08\/Logo-Compuviper-10.png","width":1000,"height":500,"caption":"Compuviper"},"image":{"@id":"https:\/\/compuviper.mx\/tienda\/#\/schema\/logo\/image\/"},"sameAs":["https:\/\/www.facebook.com\/compuviper","https:\/\/www.youtube.com\/channel\/UCf73dERp9Y3cfOq7q8BhLjA?view_as=subscriber"]}]},"product_brand":"SANDISK","product_price_amount":"1391","product_price_currency":"MXN","og_availability":"out of stock","product_availability":"out of stock","product_retailer_item_id":"SDSSDX3N-500G-G26","product_condition":"new"},"_links":{"self":[{"href":"https:\/\/compuviper.mx\/tienda\/wp-json\/wp\/v2\/product\/268012"}],"collection":[{"href":"https:\/\/compuviper.mx\/tienda\/wp-json\/wp\/v2\/product"}],"about":[{"href":"https:\/\/compuviper.mx\/tienda\/wp-json\/wp\/v2\/types\/product"}],"replies":[{"embeddable":true,"href":"https:\/\/compuviper.mx\/tienda\/wp-json\/wp\/v2\/comments?post=268012"}],"wp:featuredmedia":[{"embeddable":true,"href":"https:\/\/compuviper.mx\/tienda\/wp-json\/wp\/v2\/media\/268013"}],"wp:attachment":[{"href":"https:\/\/compuviper.mx\/tienda\/wp-json\/wp\/v2\/media?parent=268012"}],"wp:term":[{"taxonomy":"product_cat","embeddable":true,"href":"https:\/\/compuviper.mx\/tienda\/wp-json\/wp\/v2\/product_cat?post=268012"},{"taxonomy":"product_tag","embeddable":true,"href":"https:\/\/compuviper.mx\/tienda\/wp-json\/wp\/v2\/product_tag?post=268012"}],"curies":[{"name":"wp","href":"https:\/\/api.w.org\/{rel}","templated":true}]}}