{"id":268010,"date":"2026-04-05T23:11:53","date_gmt":"2026-04-06T05:11:53","guid":{"rendered":"https:\/\/compuviper.mx\/tienda\/producto\/sandisk-wdbayn0020bbk-wesn-unidad-de-estado-solido-ssd-externo-wd-elements-se-2tb-portatil-usb-3-0-400mbs-negro-windows-mac\/"},"modified":"2026-04-06T00:00:05","modified_gmt":"2026-04-06T06:00:05","slug":"sandisk-wdbayn0020bbk-wesn-unidad-de-estado-solido-ssd-externo-wd-elements-se-2tb-portatil-usb-3-0-400mbs-negro-windows-mac","status":"publish","type":"product","link":"https:\/\/compuviper.mx\/tienda\/producto\/sandisk-wdbayn0020bbk-wesn-unidad-de-estado-solido-ssd-externo-wd-elements-se-2tb-portatil-usb-3-0-400mbs-negro-windows-mac\/","title":{"rendered":"Sandisk Wdbayn0020bbk-wesn Unidad De Estado Solido Ssd Externo Wd Elements Se 2tb Portatil Usb 3.0 400mbs Negro Windows Mac"},"content":{"rendered":"<table class=\"descripcion\">\n<tr>\n<td>Capacidad   2 tb<\/td>\n<\/tr>\n<tr>\n<td>Conector   micro-b<\/td>\n<\/tr>\n<tr>\n<td>Rendimiento de lectura secuencial   400mb\/s<\/td>\n<\/tr>\n<tr>\n<td>Interfaz   usb 3.0<\/td>\n<\/tr>\n<tr>\n<td>Garantia limitada de 3 a\u00f1os<\/td>\n<\/tr>\n<tr>\n<td>Dimensiones (largo, ancho y alto)   2.54 x 2.54 x 0.34<\/td>\n<\/tr>\n<tr>\n<td>Peso   55.5gms<\/td>\n<\/tr>\n<tr>\n<td>Numero de modelo   wdbayn0020bbk-wesn<\/td>\n<\/tr>\n<tr>\n<td>Temp. operativa   0\u00b0c to 45\u00b0c<\/td>\n<\/tr>\n<tr>\n<td>Non-operating temperature   -20\u00b0c to 85\u00b0c<\/td>\n<\/tr>\n<tr>\n<td>Caracter\u00edsticas del producto :<\/td>\n<\/tr>\n<tr>\n<td>\u0095aumente su productividad con el rendimiento rapido, pero asequible, de las unidades ssd<\/td>\n<\/tr>\n<tr>\n<td>\u0095transfiera sus archivos rapidamente con velocidades de lectura hasta 400mb\/s2<\/td>\n<\/tr>\n<tr>\n<td>\u0095integre la unidad a su flujo de trabajo sin problemas mediante la funcionalidad plug-and-play, que esta lista para usar desde el primer segundo<\/td>\n<\/tr>\n<tr>\n<td>Compatibilidad<\/td>\n<\/tr>\n<tr>\n<td>\u0095windows 10+<\/td>\n<\/tr>\n<tr>\n<td>\u0095macos 11+<\/td>\n<\/tr>\n<tr>\n<td>\u0095con formato exfat para lograr su compatibilidad con windows y macos. puede ser necesario volver a formatear para algunos sistemas operativos.<\/td>\n<\/tr>\n<\/table>\n","protected":false},"excerpt":{"rendered":"<p>Comodidad portatil, rendimiento confiable. Obtenga un rendimiento asequible en un dise\u00f1o que cabe en su bolsillo, perfecto para su estilo de vida activo. Mejore su productividad con wd elements se ssd y ll\u00e9vela al siguiente nivel con la seriedad de una marca en la que puede confiar. Rendimiento ssd portatil. Acelere su productividad con velocidades hasta 3 veces mas rapidas que un disco duro portatil3. Menos espera, mas tareas completadas. Las velocidades de lectura hasta 400 mb\/s2 le permiten transferir archivos grandes rapidamente para que pueda aprovechar mas su dia. Lleve sus archivos mas importantes con usted. Su dise\u00f1o compacto y su resistencia a las caidas hasta 2 metros hacen de esta la unidad perfecta sin importar donde este. Mejore su flujo de trabajo. Wd elements se ssd le da el control de su contenido en su computadora portatil, de escritorio y otros dispositivos, ya sea que cree contenido de forma profesional o por placer. El poder de la comodidad. Integre la unidad a su flujo de trabajo sin problemas mediante la funcionalidad plug-and-play, que esta lista para usar desde el primer segundo. Tenga mayor tranquilidad. La durable y confiable unidad wd elements se ssd continua con el reconocido legado de almacenamiento de western digital y cuenta con una garantia limitada de 3 a\u00f1os.<\/p>\n","protected":false},"featured_media":268011,"comment_status":"open","ping_status":"open","template":"","meta":[],"product_cat":[1703,1708],"product_tag":[1709],"acf":[],"yoast_head":"<!-- This site is optimized with the Yoast SEO plugin v21.7 - https:\/\/yoast.com\/wordpress\/plugins\/seo\/ -->\n<title>[ Sandisk ] &#129351; Wdbayn0020bbk-wesn Unidad De Estado Solido Ssd Externo Wd Elements Se 2tb Portatil Usb 3.0 400mbs Negro Windows Mac<\/title>\n<meta name=\"description\" content=\"Compra Wdbayn0020bbk-wesn Unidad De Estado Solido Ssd Externo Wd Elements Se 2tb Portatil Usb 3.0 400mbs Negro Windows Mac + Env\u00edo a domicilio + Pago seguro + Garant\u00eda\" \/>\n<meta name=\"robots\" content=\"index, follow, max-snippet:-1, max-image-preview:large, max-video-preview:-1\" \/>\n<link rel=\"canonical\" href=\"https:\/\/compuviper.mx\/tienda\/producto\/sandisk-wdbayn0020bbk-wesn-unidad-de-estado-solido-ssd-externo-wd-elements-se-2tb-portatil-usb-3-0-400mbs-negro-windows-mac\/\" \/>\n<meta property=\"og:locale\" content=\"es_MX\" \/>\n<meta property=\"og:type\" content=\"article\" \/>\n<meta property=\"og:title\" content=\"[ Sandisk ] &#129351; Wdbayn0020bbk-wesn Unidad De Estado Solido Ssd Externo Wd Elements Se 2tb Portatil Usb 3.0 400mbs Negro Windows Mac\" \/>\n<meta property=\"og:description\" content=\"Compra Wdbayn0020bbk-wesn Unidad De Estado Solido Ssd Externo Wd Elements Se 2tb Portatil Usb 3.0 400mbs Negro Windows Mac + Env\u00edo a domicilio + Pago seguro + Garant\u00eda\" \/>\n<meta property=\"og:url\" content=\"https:\/\/compuviper.mx\/tienda\/producto\/sandisk-wdbayn0020bbk-wesn-unidad-de-estado-solido-ssd-externo-wd-elements-se-2tb-portatil-usb-3-0-400mbs-negro-windows-mac\/\" \/>\n<meta property=\"og:site_name\" content=\"Compuviper\" \/>\n<meta property=\"article:publisher\" content=\"https:\/\/www.facebook.com\/compuviper\" \/>\n<meta property=\"article:modified_time\" content=\"2026-04-06T06:00:05+00:00\" \/>\n<meta property=\"og:image\" content=\"https:\/\/compuviper.mx\/tienda\/wp-content\/uploads\/2026\/03\/Unidad-de-estado-solido-ssd-externo-wd-elements-se-2tb-portatil-usb-3.0-400mbs-negro-windows-mac-wdbayn0020bbk-wesn.jpg\" \/>\n\t<meta property=\"og:image:width\" content=\"200\" \/>\n\t<meta property=\"og:image:height\" content=\"200\" \/>\n\t<meta property=\"og:image:type\" content=\"image\/jpeg\" \/>\n<meta name=\"twitter:card\" content=\"summary_large_image\" \/>\n<meta name=\"twitter:label1\" content=\"Precio\" \/>\n\t<meta name=\"twitter:data1\" content=\"&#36;5,714 con IVA\" \/>\n\t<meta name=\"twitter:label2\" content=\"Availability\" \/>\n\t<meta name=\"twitter:data2\" content=\"In stock\" \/>\n<script type=\"application\/ld+json\" class=\"yoast-schema-graph\">{\"@context\":\"https:\/\/schema.org\",\"@graph\":[{\"@type\":\"WebPage\",\"@id\":\"https:\/\/compuviper.mx\/tienda\/producto\/sandisk-wdbayn0020bbk-wesn-unidad-de-estado-solido-ssd-externo-wd-elements-se-2tb-portatil-usb-3-0-400mbs-negro-windows-mac\/\",\"url\":\"https:\/\/compuviper.mx\/tienda\/producto\/sandisk-wdbayn0020bbk-wesn-unidad-de-estado-solido-ssd-externo-wd-elements-se-2tb-portatil-usb-3-0-400mbs-negro-windows-mac\/\",\"name\":\"[ Sandisk ] &#129351; Wdbayn0020bbk-wesn Unidad De Estado Solido Ssd Externo Wd Elements Se 2tb Portatil Usb 3.0 400mbs Negro Windows Mac\",\"isPartOf\":{\"@id\":\"https:\/\/compuviper.mx\/tienda\/#website\"},\"datePublished\":\"2026-04-06T05:11:53+00:00\",\"dateModified\":\"2026-04-06T06:00:05+00:00\",\"description\":\"Compra Wdbayn0020bbk-wesn Unidad De Estado Solido Ssd Externo Wd Elements Se 2tb Portatil Usb 3.0 400mbs Negro Windows Mac + Env\u00edo a domicilio + Pago seguro + Garant\u00eda\",\"breadcrumb\":{\"@id\":\"https:\/\/compuviper.mx\/tienda\/producto\/sandisk-wdbayn0020bbk-wesn-unidad-de-estado-solido-ssd-externo-wd-elements-se-2tb-portatil-usb-3-0-400mbs-negro-windows-mac\/#breadcrumb\"},\"inLanguage\":\"es-MX\",\"potentialAction\":[{\"@type\":\"ReadAction\",\"target\":[\"https:\/\/compuviper.mx\/tienda\/producto\/sandisk-wdbayn0020bbk-wesn-unidad-de-estado-solido-ssd-externo-wd-elements-se-2tb-portatil-usb-3-0-400mbs-negro-windows-mac\/\"]}]},{\"@type\":\"BreadcrumbList\",\"@id\":\"https:\/\/compuviper.mx\/tienda\/producto\/sandisk-wdbayn0020bbk-wesn-unidad-de-estado-solido-ssd-externo-wd-elements-se-2tb-portatil-usb-3-0-400mbs-negro-windows-mac\/#breadcrumb\",\"itemListElement\":[{\"@type\":\"ListItem\",\"position\":1,\"name\":\"Inicio\",\"item\":\"https:\/\/compuviper.mx\/tienda\/\"},{\"@type\":\"ListItem\",\"position\":2,\"name\":\"Productos\",\"item\":\"https:\/\/compuviper.mx\/tienda\/productos\/\"},{\"@type\":\"ListItem\",\"position\":3,\"name\":\"Discos Duros\",\"item\":\"https:\/\/compuviper.mx\/tienda\/categoria-producto\/discos-duros\/\"},{\"@type\":\"ListItem\",\"position\":4,\"name\":\"Unidad De Estado Solido\",\"item\":\"https:\/\/compuviper.mx\/tienda\/categoria-producto\/discos-duros\/unidad-de-estado-solido\/\"},{\"@type\":\"ListItem\",\"position\":5,\"name\":\"Sandisk Wdbayn0020bbk-wesn Unidad De Estado Solido Ssd Externo Wd Elements Se 2tb Portatil Usb 3.0 400mbs Negro Windows Mac\"}]},{\"@type\":\"WebSite\",\"@id\":\"https:\/\/compuviper.mx\/tienda\/#website\",\"url\":\"https:\/\/compuviper.mx\/tienda\/\",\"name\":\"Compuviper\",\"description\":\"Proveedor de Computadoras, Laptops, Servidores, Monitores, Puntos de Venta, Teclados,   Impresoras, T\u00f3ner, C\u00e1maras de Seguridad y m\u00e1s en tu tienda en l\u00ednea\",\"publisher\":{\"@id\":\"https:\/\/compuviper.mx\/tienda\/#organization\"},\"potentialAction\":[{\"@type\":\"SearchAction\",\"target\":{\"@type\":\"EntryPoint\",\"urlTemplate\":\"https:\/\/compuviper.mx\/tienda\/?s={search_term_string}\"},\"query-input\":\"required name=search_term_string\"}],\"inLanguage\":\"es-MX\"},{\"@type\":\"Organization\",\"@id\":\"https:\/\/compuviper.mx\/tienda\/#organization\",\"name\":\"Compuviper\",\"url\":\"https:\/\/compuviper.mx\/tienda\/\",\"logo\":{\"@type\":\"ImageObject\",\"inLanguage\":\"es-MX\",\"@id\":\"https:\/\/compuviper.mx\/tienda\/#\/schema\/logo\/image\/\",\"url\":\"https:\/\/compuviper.mx\/tienda\/wp-content\/uploads\/2021\/08\/Logo-Compuviper-10.png\",\"contentUrl\":\"https:\/\/compuviper.mx\/tienda\/wp-content\/uploads\/2021\/08\/Logo-Compuviper-10.png\",\"width\":1000,\"height\":500,\"caption\":\"Compuviper\"},\"image\":{\"@id\":\"https:\/\/compuviper.mx\/tienda\/#\/schema\/logo\/image\/\"},\"sameAs\":[\"https:\/\/www.facebook.com\/compuviper\",\"https:\/\/www.youtube.com\/channel\/UCf73dERp9Y3cfOq7q8BhLjA?view_as=subscriber\"]}]}<\/script>\n<meta property=\"product:brand\" content=\"SANDISK\" \/>\n<meta property=\"product:price:amount\" content=\"5714\" \/>\n<meta property=\"product:price:currency\" content=\"MXN\" \/>\n<meta property=\"og:availability\" content=\"instock\" \/>\n<meta property=\"product:availability\" content=\"instock\" \/>\n<meta property=\"product:retailer_item_id\" content=\"WDBAYN0020BBK-WESN\" \/>\n<meta property=\"product:condition\" content=\"new\" \/>\n<!-- \/ Yoast SEO plugin. -->","yoast_head_json":{"title":"[ Sandisk ] &#129351; Wdbayn0020bbk-wesn Unidad De Estado Solido Ssd Externo Wd Elements Se 2tb Portatil Usb 3.0 400mbs Negro Windows Mac","description":"Compra Wdbayn0020bbk-wesn Unidad De Estado Solido Ssd Externo Wd Elements Se 2tb Portatil Usb 3.0 400mbs Negro Windows Mac + Env\u00edo a domicilio + Pago seguro + Garant\u00eda","robots":{"index":"index","follow":"follow","max-snippet":"max-snippet:-1","max-image-preview":"max-image-preview:large","max-video-preview":"max-video-preview:-1"},"canonical":"https:\/\/compuviper.mx\/tienda\/producto\/sandisk-wdbayn0020bbk-wesn-unidad-de-estado-solido-ssd-externo-wd-elements-se-2tb-portatil-usb-3-0-400mbs-negro-windows-mac\/","og_locale":"es_MX","og_type":"article","og_title":"[ Sandisk ] &#129351; Wdbayn0020bbk-wesn Unidad De Estado Solido Ssd Externo Wd Elements Se 2tb Portatil Usb 3.0 400mbs Negro Windows Mac","og_description":"Compra Wdbayn0020bbk-wesn Unidad De Estado Solido Ssd Externo Wd Elements Se 2tb Portatil Usb 3.0 400mbs Negro Windows Mac + Env\u00edo a domicilio + Pago seguro + Garant\u00eda","og_url":"https:\/\/compuviper.mx\/tienda\/producto\/sandisk-wdbayn0020bbk-wesn-unidad-de-estado-solido-ssd-externo-wd-elements-se-2tb-portatil-usb-3-0-400mbs-negro-windows-mac\/","og_site_name":"Compuviper","article_publisher":"https:\/\/www.facebook.com\/compuviper","article_modified_time":"2026-04-06T06:00:05+00:00","og_image":[{"width":200,"height":200,"url":"https:\/\/compuviper.mx\/tienda\/wp-content\/uploads\/2026\/03\/Unidad-de-estado-solido-ssd-externo-wd-elements-se-2tb-portatil-usb-3.0-400mbs-negro-windows-mac-wdbayn0020bbk-wesn.jpg","type":"image\/jpeg"}],"twitter_card":"summary_large_image","twitter_misc":{"Precio":"&#36;5,714 con IVA","Availability":"In stock"},"schema":{"@context":"https:\/\/schema.org","@graph":[{"@type":"WebPage","@id":"https:\/\/compuviper.mx\/tienda\/producto\/sandisk-wdbayn0020bbk-wesn-unidad-de-estado-solido-ssd-externo-wd-elements-se-2tb-portatil-usb-3-0-400mbs-negro-windows-mac\/","url":"https:\/\/compuviper.mx\/tienda\/producto\/sandisk-wdbayn0020bbk-wesn-unidad-de-estado-solido-ssd-externo-wd-elements-se-2tb-portatil-usb-3-0-400mbs-negro-windows-mac\/","name":"[ Sandisk ] &#129351; Wdbayn0020bbk-wesn Unidad De Estado Solido Ssd Externo Wd Elements Se 2tb Portatil Usb 3.0 400mbs Negro Windows Mac","isPartOf":{"@id":"https:\/\/compuviper.mx\/tienda\/#website"},"datePublished":"2026-04-06T05:11:53+00:00","dateModified":"2026-04-06T06:00:05+00:00","description":"Compra Wdbayn0020bbk-wesn Unidad De Estado Solido Ssd Externo Wd Elements Se 2tb Portatil Usb 3.0 400mbs Negro Windows Mac + Env\u00edo a domicilio + Pago seguro + Garant\u00eda","breadcrumb":{"@id":"https:\/\/compuviper.mx\/tienda\/producto\/sandisk-wdbayn0020bbk-wesn-unidad-de-estado-solido-ssd-externo-wd-elements-se-2tb-portatil-usb-3-0-400mbs-negro-windows-mac\/#breadcrumb"},"inLanguage":"es-MX","potentialAction":[{"@type":"ReadAction","target":["https:\/\/compuviper.mx\/tienda\/producto\/sandisk-wdbayn0020bbk-wesn-unidad-de-estado-solido-ssd-externo-wd-elements-se-2tb-portatil-usb-3-0-400mbs-negro-windows-mac\/"]}]},{"@type":"BreadcrumbList","@id":"https:\/\/compuviper.mx\/tienda\/producto\/sandisk-wdbayn0020bbk-wesn-unidad-de-estado-solido-ssd-externo-wd-elements-se-2tb-portatil-usb-3-0-400mbs-negro-windows-mac\/#breadcrumb","itemListElement":[{"@type":"ListItem","position":1,"name":"Inicio","item":"https:\/\/compuviper.mx\/tienda\/"},{"@type":"ListItem","position":2,"name":"Productos","item":"https:\/\/compuviper.mx\/tienda\/productos\/"},{"@type":"ListItem","position":3,"name":"Discos Duros","item":"https:\/\/compuviper.mx\/tienda\/categoria-producto\/discos-duros\/"},{"@type":"ListItem","position":4,"name":"Unidad De Estado Solido","item":"https:\/\/compuviper.mx\/tienda\/categoria-producto\/discos-duros\/unidad-de-estado-solido\/"},{"@type":"ListItem","position":5,"name":"Sandisk Wdbayn0020bbk-wesn Unidad De Estado Solido Ssd Externo Wd Elements Se 2tb Portatil Usb 3.0 400mbs Negro Windows Mac"}]},{"@type":"WebSite","@id":"https:\/\/compuviper.mx\/tienda\/#website","url":"https:\/\/compuviper.mx\/tienda\/","name":"Compuviper","description":"Proveedor de Computadoras, Laptops, Servidores, Monitores, Puntos de Venta, Teclados,   Impresoras, T\u00f3ner, C\u00e1maras de Seguridad y m\u00e1s en tu tienda en l\u00ednea","publisher":{"@id":"https:\/\/compuviper.mx\/tienda\/#organization"},"potentialAction":[{"@type":"SearchAction","target":{"@type":"EntryPoint","urlTemplate":"https:\/\/compuviper.mx\/tienda\/?s={search_term_string}"},"query-input":"required name=search_term_string"}],"inLanguage":"es-MX"},{"@type":"Organization","@id":"https:\/\/compuviper.mx\/tienda\/#organization","name":"Compuviper","url":"https:\/\/compuviper.mx\/tienda\/","logo":{"@type":"ImageObject","inLanguage":"es-MX","@id":"https:\/\/compuviper.mx\/tienda\/#\/schema\/logo\/image\/","url":"https:\/\/compuviper.mx\/tienda\/wp-content\/uploads\/2021\/08\/Logo-Compuviper-10.png","contentUrl":"https:\/\/compuviper.mx\/tienda\/wp-content\/uploads\/2021\/08\/Logo-Compuviper-10.png","width":1000,"height":500,"caption":"Compuviper"},"image":{"@id":"https:\/\/compuviper.mx\/tienda\/#\/schema\/logo\/image\/"},"sameAs":["https:\/\/www.facebook.com\/compuviper","https:\/\/www.youtube.com\/channel\/UCf73dERp9Y3cfOq7q8BhLjA?view_as=subscriber"]}]},"product_brand":"SANDISK","product_price_amount":"5714","product_price_currency":"MXN","og_availability":"instock","product_availability":"instock","product_retailer_item_id":"WDBAYN0020BBK-WESN","product_condition":"new"},"_links":{"self":[{"href":"https:\/\/compuviper.mx\/tienda\/wp-json\/wp\/v2\/product\/268010"}],"collection":[{"href":"https:\/\/compuviper.mx\/tienda\/wp-json\/wp\/v2\/product"}],"about":[{"href":"https:\/\/compuviper.mx\/tienda\/wp-json\/wp\/v2\/types\/product"}],"replies":[{"embeddable":true,"href":"https:\/\/compuviper.mx\/tienda\/wp-json\/wp\/v2\/comments?post=268010"}],"wp:featuredmedia":[{"embeddable":true,"href":"https:\/\/compuviper.mx\/tienda\/wp-json\/wp\/v2\/media\/268011"}],"wp:attachment":[{"href":"https:\/\/compuviper.mx\/tienda\/wp-json\/wp\/v2\/media?parent=268010"}],"wp:term":[{"taxonomy":"product_cat","embeddable":true,"href":"https:\/\/compuviper.mx\/tienda\/wp-json\/wp\/v2\/product_cat?post=268010"},{"taxonomy":"product_tag","embeddable":true,"href":"https:\/\/compuviper.mx\/tienda\/wp-json\/wp\/v2\/product_tag?post=268010"}],"curies":[{"name":"wp","href":"https:\/\/api.w.org\/{rel}","templated":true}]}}