{"id":268006,"date":"2026-04-05T23:11:52","date_gmt":"2026-04-06T05:11:52","guid":{"rendered":"https:\/\/compuviper.mx\/tienda\/producto\/sandisk-wds100t2g0c-00cdh0-unidad-de-estado-solido-ssd-interno-wd-green-sn350-1tb-m-2-2280-nvme-pcie-gen3-lect-2400mbs-escrit-1850mbs-pc-laptop-minipc-wds100t2g0c\/"},"modified":"2026-04-06T00:00:05","modified_gmt":"2026-04-06T06:00:05","slug":"sandisk-wds100t2g0c-00cdh0-unidad-de-estado-solido-ssd-interno-wd-green-sn350-1tb-m-2-2280-nvme-pcie-gen3-lect-2400mbs-escrit-1850mbs-pc-laptop-minipc-wds100t2g0c","status":"publish","type":"product","link":"https:\/\/compuviper.mx\/tienda\/producto\/sandisk-wds100t2g0c-00cdh0-unidad-de-estado-solido-ssd-interno-wd-green-sn350-1tb-m-2-2280-nvme-pcie-gen3-lect-2400mbs-escrit-1850mbs-pc-laptop-minipc-wds100t2g0c\/","title":{"rendered":"Sandisk Wds100t2g0c-00cdh0 Unidad De Estado Solido Ssd Interno Wd Green Sn350 1tb M.2 2280 Nvme Pcie Gen3 Lect.2400mbs Escrit.1850mbs Pc Laptop Minipc Wds100t2g0c"},"content":{"rendered":"<table class=\"descripcion\">\n<tr>\n<td>Especificaciones<\/td>\n<\/tr>\n<tr>\n<td>Capacidad<\/td>\n<\/tr>\n<tr>\n<td>1 tb<\/td>\n<\/tr>\n<tr>\n<td>Formato<\/td>\n<\/tr>\n<tr>\n<td>M.2 2280<\/td>\n<\/tr>\n<tr>\n<td>Rendimiento de lectura secuencial<\/td>\n<\/tr>\n<tr>\n<td>2400mb\/s<\/td>\n<\/tr>\n<tr>\n<td>Rendimiento de escritura secuencial<\/td>\n<\/tr>\n<tr>\n<td>1850mb\/s<\/td>\n<\/tr>\n<tr>\n<td>Lectura aleatoria<\/td>\n<\/tr>\n<tr>\n<td>340000 4kb iops<\/td>\n<\/tr>\n<tr>\n<td>Escritura aleatoria<\/td>\n<\/tr>\n<tr>\n<td>350000 4kb iops<\/td>\n<\/tr>\n<tr>\n<td>Interfaz<\/td>\n<\/tr>\n<tr>\n<td>Pcie gen3 x4, nvme v1.3<\/td>\n<\/tr>\n<tr>\n<td>Warranty<\/td>\n<\/tr>\n<tr>\n<td>Garanta limitada de 3 aos<\/td>\n<\/tr>\n<tr>\n<td>Resistencia tbw<\/td>\n<\/tr>\n<tr>\n<td>80<\/td>\n<\/tr>\n<tr>\n<td>Dimensiones largo, ancho y alto<\/td>\n<\/tr>\n<tr>\n<td>3.16 x 0.87 x 0.09<\/td>\n<\/tr>\n<tr>\n<td>Peso<\/td>\n<\/tr>\n<tr>\n<td>8.5gms<\/td>\n<\/tr>\n<tr>\n<td>Nmero de modelo<\/td>\n<\/tr>\n<tr>\n<td>Temp. operativa<\/td>\n<\/tr>\n<tr>\n<td>0\u00b0c to 70\u00b0c<\/td>\n<\/tr>\n<tr>\n<td>Non-operating temperature<\/td>\n<\/tr>\n<tr>\n<td>-40\u00b0c to 85\u00b0c<\/td>\n<\/tr>\n<tr>\n<td>Certificaciones<\/td>\n<\/tr>\n<tr>\n<td>Bsmi, ices-003\/nmb-003, ce, fcc, kc, maghreb, rcm, ukca, vcci, cb-scheme, tuv, ul<\/td>\n<\/tr>\n<tr>\n<td>Caractersticas del producto<\/td>\n<\/tr>\n<tr>\n<td>Rendimiento nvme\u0099 rpido para sus necesidades informticas cotidianas hasta \u00972400 mb\/s<\/td>\n<\/tr>\n<tr>\n<td>Los discos ssd ofrecen resistencia contra los golpes y las cadas accidentales<\/td>\n<\/tr>\n<tr>\n<td>El factor de forma delgado m.2 2280 es ideal para computadoras con ranura nvme\u0099<\/td>\n<\/tr>\n<tr>\n<td>El panel de control descargable del ssd de western digital\u00ae supervisa el estado y el uso del disco<\/td>\n<\/tr>\n<tr>\n<td>Gane tranquilidad gracias a la garanta limitada de 3 aos de western digital<\/td>\n<\/tr>\n<\/table>\n","protected":false},"excerpt":{"rendered":"<p>El disco ssd nvme wd green sn350 puede revitalizar su antigua computadora para el uso diario. Ya sea que est en clase\u0092, de compras, conversando o navegando en la web, este disco puede trabajar hasta cuatro veces ms rpido2 que los discos sata. Debido a que los ssd no tienen piezas mviles, ofrecen un diseo resistente a los impactos que permite proteger los datos importantes contra golpes y cadas accidentales. El factor de forma delgado m.2 2280 permite actualizar cualquier computadora que tenga una ranura nvme de manera rpida y sencilla. Adems, el panel de control descargable del ssd de western digital\u00ae le permite supervisar el estado de su disco para brindarle mayor tranquilidad.<\/p>\n","protected":false},"featured_media":268007,"comment_status":"open","ping_status":"open","template":"","meta":[],"product_cat":[1703,1708],"product_tag":[1709],"acf":[],"yoast_head":"<!-- This site is optimized with the Yoast SEO plugin v21.7 - https:\/\/yoast.com\/wordpress\/plugins\/seo\/ -->\n<title>[ Sandisk ] &#129351; Wds100t2g0c-00cdh0 Unidad De Estado Solido Ssd Interno Wd Green Sn350 1tb M.2 2280 Nvme Pcie Gen3 Lect.2400mbs Escrit.1850mbs Pc Laptop Minipc Wds100t2g0c<\/title>\n<meta name=\"description\" content=\"Compra Wds100t2g0c-00cdh0 Unidad De Estado Solido Ssd Interno Wd Green Sn350 1tb M.2 2280 Nvme Pcie Gen3 Lect.2400mbs Escrit.1850mbs Pc Laptop Minipc Wds100t2g0c + Env\u00edo a domicilio + Pago seguro + Garant\u00eda\" \/>\n<meta name=\"robots\" content=\"index, follow, max-snippet:-1, max-image-preview:large, max-video-preview:-1\" \/>\n<link rel=\"canonical\" href=\"https:\/\/compuviper.mx\/tienda\/producto\/sandisk-wds100t2g0c-00cdh0-unidad-de-estado-solido-ssd-interno-wd-green-sn350-1tb-m-2-2280-nvme-pcie-gen3-lect-2400mbs-escrit-1850mbs-pc-laptop-minipc-wds100t2g0c\/\" \/>\n<meta property=\"og:locale\" content=\"es_MX\" \/>\n<meta property=\"og:type\" content=\"article\" \/>\n<meta property=\"og:title\" content=\"[ Sandisk ] &#129351; Wds100t2g0c-00cdh0 Unidad De Estado Solido Ssd Interno Wd Green Sn350 1tb M.2 2280 Nvme Pcie Gen3 Lect.2400mbs Escrit.1850mbs Pc Laptop Minipc Wds100t2g0c\" \/>\n<meta property=\"og:description\" content=\"Compra Wds100t2g0c-00cdh0 Unidad De Estado Solido Ssd Interno Wd Green Sn350 1tb M.2 2280 Nvme Pcie Gen3 Lect.2400mbs Escrit.1850mbs Pc Laptop Minipc Wds100t2g0c + Env\u00edo a domicilio + Pago seguro + Garant\u00eda\" \/>\n<meta property=\"og:url\" content=\"https:\/\/compuviper.mx\/tienda\/producto\/sandisk-wds100t2g0c-00cdh0-unidad-de-estado-solido-ssd-interno-wd-green-sn350-1tb-m-2-2280-nvme-pcie-gen3-lect-2400mbs-escrit-1850mbs-pc-laptop-minipc-wds100t2g0c\/\" \/>\n<meta property=\"og:site_name\" content=\"Compuviper\" \/>\n<meta property=\"article:publisher\" content=\"https:\/\/www.facebook.com\/compuviper\" \/>\n<meta property=\"article:modified_time\" content=\"2026-04-06T06:00:05+00:00\" \/>\n<meta property=\"og:image\" content=\"https:\/\/compuviper.mx\/tienda\/wp-content\/uploads\/2026\/03\/Unidad-de-estado-solido-ssd-interno-wd-green-sn350-1tb-m.2-2280-nvme-pcie-gen3-lect.2400mbs-escrit.1850mbs-pc-laptop-minipc-wds100t2g0c.jpg\" \/>\n\t<meta property=\"og:image:width\" content=\"200\" \/>\n\t<meta property=\"og:image:height\" content=\"200\" \/>\n\t<meta property=\"og:image:type\" content=\"image\/jpeg\" \/>\n<meta name=\"twitter:card\" content=\"summary_large_image\" \/>\n<meta name=\"twitter:label1\" content=\"Precio\" \/>\n\t<meta name=\"twitter:data1\" content=\"&#36;5,244 con IVA\" \/>\n\t<meta name=\"twitter:label2\" content=\"Availability\" \/>\n\t<meta name=\"twitter:data2\" content=\"In stock\" \/>\n<script type=\"application\/ld+json\" class=\"yoast-schema-graph\">{\"@context\":\"https:\/\/schema.org\",\"@graph\":[{\"@type\":\"WebPage\",\"@id\":\"https:\/\/compuviper.mx\/tienda\/producto\/sandisk-wds100t2g0c-00cdh0-unidad-de-estado-solido-ssd-interno-wd-green-sn350-1tb-m-2-2280-nvme-pcie-gen3-lect-2400mbs-escrit-1850mbs-pc-laptop-minipc-wds100t2g0c\/\",\"url\":\"https:\/\/compuviper.mx\/tienda\/producto\/sandisk-wds100t2g0c-00cdh0-unidad-de-estado-solido-ssd-interno-wd-green-sn350-1tb-m-2-2280-nvme-pcie-gen3-lect-2400mbs-escrit-1850mbs-pc-laptop-minipc-wds100t2g0c\/\",\"name\":\"[ Sandisk ] &#129351; Wds100t2g0c-00cdh0 Unidad De Estado Solido Ssd Interno Wd Green Sn350 1tb M.2 2280 Nvme Pcie Gen3 Lect.2400mbs Escrit.1850mbs Pc Laptop Minipc Wds100t2g0c\",\"isPartOf\":{\"@id\":\"https:\/\/compuviper.mx\/tienda\/#website\"},\"datePublished\":\"2026-04-06T05:11:52+00:00\",\"dateModified\":\"2026-04-06T06:00:05+00:00\",\"description\":\"Compra Wds100t2g0c-00cdh0 Unidad De Estado Solido Ssd Interno Wd Green Sn350 1tb M.2 2280 Nvme Pcie Gen3 Lect.2400mbs Escrit.1850mbs Pc Laptop Minipc Wds100t2g0c + Env\u00edo a domicilio + Pago seguro + Garant\u00eda\",\"breadcrumb\":{\"@id\":\"https:\/\/compuviper.mx\/tienda\/producto\/sandisk-wds100t2g0c-00cdh0-unidad-de-estado-solido-ssd-interno-wd-green-sn350-1tb-m-2-2280-nvme-pcie-gen3-lect-2400mbs-escrit-1850mbs-pc-laptop-minipc-wds100t2g0c\/#breadcrumb\"},\"inLanguage\":\"es-MX\",\"potentialAction\":[{\"@type\":\"ReadAction\",\"target\":[\"https:\/\/compuviper.mx\/tienda\/producto\/sandisk-wds100t2g0c-00cdh0-unidad-de-estado-solido-ssd-interno-wd-green-sn350-1tb-m-2-2280-nvme-pcie-gen3-lect-2400mbs-escrit-1850mbs-pc-laptop-minipc-wds100t2g0c\/\"]}]},{\"@type\":\"BreadcrumbList\",\"@id\":\"https:\/\/compuviper.mx\/tienda\/producto\/sandisk-wds100t2g0c-00cdh0-unidad-de-estado-solido-ssd-interno-wd-green-sn350-1tb-m-2-2280-nvme-pcie-gen3-lect-2400mbs-escrit-1850mbs-pc-laptop-minipc-wds100t2g0c\/#breadcrumb\",\"itemListElement\":[{\"@type\":\"ListItem\",\"position\":1,\"name\":\"Inicio\",\"item\":\"https:\/\/compuviper.mx\/tienda\/\"},{\"@type\":\"ListItem\",\"position\":2,\"name\":\"Productos\",\"item\":\"https:\/\/compuviper.mx\/tienda\/productos\/\"},{\"@type\":\"ListItem\",\"position\":3,\"name\":\"Discos Duros\",\"item\":\"https:\/\/compuviper.mx\/tienda\/categoria-producto\/discos-duros\/\"},{\"@type\":\"ListItem\",\"position\":4,\"name\":\"Unidad De Estado Solido\",\"item\":\"https:\/\/compuviper.mx\/tienda\/categoria-producto\/discos-duros\/unidad-de-estado-solido\/\"},{\"@type\":\"ListItem\",\"position\":5,\"name\":\"Sandisk Wds100t2g0c-00cdh0 Unidad De Estado Solido Ssd Interno Wd Green Sn350 1tb M.2 2280 Nvme Pcie Gen3 Lect.2400mbs Escrit.1850mbs Pc Laptop Minipc Wds100t2g0c\"}]},{\"@type\":\"WebSite\",\"@id\":\"https:\/\/compuviper.mx\/tienda\/#website\",\"url\":\"https:\/\/compuviper.mx\/tienda\/\",\"name\":\"Compuviper\",\"description\":\"Proveedor de Computadoras, Laptops, Servidores, Monitores, Puntos de Venta, Teclados,   Impresoras, T\u00f3ner, C\u00e1maras de Seguridad y m\u00e1s en tu tienda en l\u00ednea\",\"publisher\":{\"@id\":\"https:\/\/compuviper.mx\/tienda\/#organization\"},\"potentialAction\":[{\"@type\":\"SearchAction\",\"target\":{\"@type\":\"EntryPoint\",\"urlTemplate\":\"https:\/\/compuviper.mx\/tienda\/?s={search_term_string}\"},\"query-input\":\"required name=search_term_string\"}],\"inLanguage\":\"es-MX\"},{\"@type\":\"Organization\",\"@id\":\"https:\/\/compuviper.mx\/tienda\/#organization\",\"name\":\"Compuviper\",\"url\":\"https:\/\/compuviper.mx\/tienda\/\",\"logo\":{\"@type\":\"ImageObject\",\"inLanguage\":\"es-MX\",\"@id\":\"https:\/\/compuviper.mx\/tienda\/#\/schema\/logo\/image\/\",\"url\":\"https:\/\/compuviper.mx\/tienda\/wp-content\/uploads\/2021\/08\/Logo-Compuviper-10.png\",\"contentUrl\":\"https:\/\/compuviper.mx\/tienda\/wp-content\/uploads\/2021\/08\/Logo-Compuviper-10.png\",\"width\":1000,\"height\":500,\"caption\":\"Compuviper\"},\"image\":{\"@id\":\"https:\/\/compuviper.mx\/tienda\/#\/schema\/logo\/image\/\"},\"sameAs\":[\"https:\/\/www.facebook.com\/compuviper\",\"https:\/\/www.youtube.com\/channel\/UCf73dERp9Y3cfOq7q8BhLjA?view_as=subscriber\"]}]}<\/script>\n<meta property=\"product:brand\" content=\"SANDISK\" \/>\n<meta property=\"product:price:amount\" content=\"5244\" \/>\n<meta property=\"product:price:currency\" content=\"MXN\" \/>\n<meta property=\"og:availability\" content=\"instock\" \/>\n<meta property=\"product:availability\" content=\"instock\" \/>\n<meta property=\"product:retailer_item_id\" content=\"WDS100T2G0C-00CDH0\" \/>\n<meta property=\"product:condition\" content=\"new\" \/>\n<!-- \/ Yoast SEO plugin. -->","yoast_head_json":{"title":"[ Sandisk ] &#129351; Wds100t2g0c-00cdh0 Unidad De Estado Solido Ssd Interno Wd Green Sn350 1tb M.2 2280 Nvme Pcie Gen3 Lect.2400mbs Escrit.1850mbs Pc Laptop Minipc Wds100t2g0c","description":"Compra Wds100t2g0c-00cdh0 Unidad De Estado Solido Ssd Interno Wd Green Sn350 1tb M.2 2280 Nvme Pcie Gen3 Lect.2400mbs Escrit.1850mbs Pc Laptop Minipc Wds100t2g0c + Env\u00edo a domicilio + Pago seguro + Garant\u00eda","robots":{"index":"index","follow":"follow","max-snippet":"max-snippet:-1","max-image-preview":"max-image-preview:large","max-video-preview":"max-video-preview:-1"},"canonical":"https:\/\/compuviper.mx\/tienda\/producto\/sandisk-wds100t2g0c-00cdh0-unidad-de-estado-solido-ssd-interno-wd-green-sn350-1tb-m-2-2280-nvme-pcie-gen3-lect-2400mbs-escrit-1850mbs-pc-laptop-minipc-wds100t2g0c\/","og_locale":"es_MX","og_type":"article","og_title":"[ Sandisk ] &#129351; Wds100t2g0c-00cdh0 Unidad De Estado Solido Ssd Interno Wd Green Sn350 1tb M.2 2280 Nvme Pcie Gen3 Lect.2400mbs Escrit.1850mbs Pc Laptop Minipc Wds100t2g0c","og_description":"Compra Wds100t2g0c-00cdh0 Unidad De Estado Solido Ssd Interno Wd Green Sn350 1tb M.2 2280 Nvme Pcie Gen3 Lect.2400mbs Escrit.1850mbs Pc Laptop Minipc Wds100t2g0c + Env\u00edo a domicilio + Pago seguro + Garant\u00eda","og_url":"https:\/\/compuviper.mx\/tienda\/producto\/sandisk-wds100t2g0c-00cdh0-unidad-de-estado-solido-ssd-interno-wd-green-sn350-1tb-m-2-2280-nvme-pcie-gen3-lect-2400mbs-escrit-1850mbs-pc-laptop-minipc-wds100t2g0c\/","og_site_name":"Compuviper","article_publisher":"https:\/\/www.facebook.com\/compuviper","article_modified_time":"2026-04-06T06:00:05+00:00","og_image":[{"width":200,"height":200,"url":"https:\/\/compuviper.mx\/tienda\/wp-content\/uploads\/2026\/03\/Unidad-de-estado-solido-ssd-interno-wd-green-sn350-1tb-m.2-2280-nvme-pcie-gen3-lect.2400mbs-escrit.1850mbs-pc-laptop-minipc-wds100t2g0c.jpg","type":"image\/jpeg"}],"twitter_card":"summary_large_image","twitter_misc":{"Precio":"&#36;5,244 con IVA","Availability":"In stock"},"schema":{"@context":"https:\/\/schema.org","@graph":[{"@type":"WebPage","@id":"https:\/\/compuviper.mx\/tienda\/producto\/sandisk-wds100t2g0c-00cdh0-unidad-de-estado-solido-ssd-interno-wd-green-sn350-1tb-m-2-2280-nvme-pcie-gen3-lect-2400mbs-escrit-1850mbs-pc-laptop-minipc-wds100t2g0c\/","url":"https:\/\/compuviper.mx\/tienda\/producto\/sandisk-wds100t2g0c-00cdh0-unidad-de-estado-solido-ssd-interno-wd-green-sn350-1tb-m-2-2280-nvme-pcie-gen3-lect-2400mbs-escrit-1850mbs-pc-laptop-minipc-wds100t2g0c\/","name":"[ Sandisk ] &#129351; Wds100t2g0c-00cdh0 Unidad De Estado Solido Ssd Interno Wd Green Sn350 1tb M.2 2280 Nvme Pcie Gen3 Lect.2400mbs Escrit.1850mbs Pc Laptop Minipc Wds100t2g0c","isPartOf":{"@id":"https:\/\/compuviper.mx\/tienda\/#website"},"datePublished":"2026-04-06T05:11:52+00:00","dateModified":"2026-04-06T06:00:05+00:00","description":"Compra Wds100t2g0c-00cdh0 Unidad De Estado Solido Ssd Interno Wd Green Sn350 1tb M.2 2280 Nvme Pcie Gen3 Lect.2400mbs Escrit.1850mbs Pc Laptop Minipc Wds100t2g0c + Env\u00edo a domicilio + Pago seguro + Garant\u00eda","breadcrumb":{"@id":"https:\/\/compuviper.mx\/tienda\/producto\/sandisk-wds100t2g0c-00cdh0-unidad-de-estado-solido-ssd-interno-wd-green-sn350-1tb-m-2-2280-nvme-pcie-gen3-lect-2400mbs-escrit-1850mbs-pc-laptop-minipc-wds100t2g0c\/#breadcrumb"},"inLanguage":"es-MX","potentialAction":[{"@type":"ReadAction","target":["https:\/\/compuviper.mx\/tienda\/producto\/sandisk-wds100t2g0c-00cdh0-unidad-de-estado-solido-ssd-interno-wd-green-sn350-1tb-m-2-2280-nvme-pcie-gen3-lect-2400mbs-escrit-1850mbs-pc-laptop-minipc-wds100t2g0c\/"]}]},{"@type":"BreadcrumbList","@id":"https:\/\/compuviper.mx\/tienda\/producto\/sandisk-wds100t2g0c-00cdh0-unidad-de-estado-solido-ssd-interno-wd-green-sn350-1tb-m-2-2280-nvme-pcie-gen3-lect-2400mbs-escrit-1850mbs-pc-laptop-minipc-wds100t2g0c\/#breadcrumb","itemListElement":[{"@type":"ListItem","position":1,"name":"Inicio","item":"https:\/\/compuviper.mx\/tienda\/"},{"@type":"ListItem","position":2,"name":"Productos","item":"https:\/\/compuviper.mx\/tienda\/productos\/"},{"@type":"ListItem","position":3,"name":"Discos Duros","item":"https:\/\/compuviper.mx\/tienda\/categoria-producto\/discos-duros\/"},{"@type":"ListItem","position":4,"name":"Unidad De Estado Solido","item":"https:\/\/compuviper.mx\/tienda\/categoria-producto\/discos-duros\/unidad-de-estado-solido\/"},{"@type":"ListItem","position":5,"name":"Sandisk Wds100t2g0c-00cdh0 Unidad De Estado Solido Ssd Interno Wd Green Sn350 1tb M.2 2280 Nvme Pcie Gen3 Lect.2400mbs Escrit.1850mbs Pc Laptop Minipc Wds100t2g0c"}]},{"@type":"WebSite","@id":"https:\/\/compuviper.mx\/tienda\/#website","url":"https:\/\/compuviper.mx\/tienda\/","name":"Compuviper","description":"Proveedor de Computadoras, Laptops, Servidores, Monitores, Puntos de Venta, Teclados,   Impresoras, T\u00f3ner, C\u00e1maras de Seguridad y m\u00e1s en tu tienda en l\u00ednea","publisher":{"@id":"https:\/\/compuviper.mx\/tienda\/#organization"},"potentialAction":[{"@type":"SearchAction","target":{"@type":"EntryPoint","urlTemplate":"https:\/\/compuviper.mx\/tienda\/?s={search_term_string}"},"query-input":"required name=search_term_string"}],"inLanguage":"es-MX"},{"@type":"Organization","@id":"https:\/\/compuviper.mx\/tienda\/#organization","name":"Compuviper","url":"https:\/\/compuviper.mx\/tienda\/","logo":{"@type":"ImageObject","inLanguage":"es-MX","@id":"https:\/\/compuviper.mx\/tienda\/#\/schema\/logo\/image\/","url":"https:\/\/compuviper.mx\/tienda\/wp-content\/uploads\/2021\/08\/Logo-Compuviper-10.png","contentUrl":"https:\/\/compuviper.mx\/tienda\/wp-content\/uploads\/2021\/08\/Logo-Compuviper-10.png","width":1000,"height":500,"caption":"Compuviper"},"image":{"@id":"https:\/\/compuviper.mx\/tienda\/#\/schema\/logo\/image\/"},"sameAs":["https:\/\/www.facebook.com\/compuviper","https:\/\/www.youtube.com\/channel\/UCf73dERp9Y3cfOq7q8BhLjA?view_as=subscriber"]}]},"product_brand":"SANDISK","product_price_amount":"5244","product_price_currency":"MXN","og_availability":"instock","product_availability":"instock","product_retailer_item_id":"WDS100T2G0C-00CDH0","product_condition":"new"},"_links":{"self":[{"href":"https:\/\/compuviper.mx\/tienda\/wp-json\/wp\/v2\/product\/268006"}],"collection":[{"href":"https:\/\/compuviper.mx\/tienda\/wp-json\/wp\/v2\/product"}],"about":[{"href":"https:\/\/compuviper.mx\/tienda\/wp-json\/wp\/v2\/types\/product"}],"replies":[{"embeddable":true,"href":"https:\/\/compuviper.mx\/tienda\/wp-json\/wp\/v2\/comments?post=268006"}],"wp:featuredmedia":[{"embeddable":true,"href":"https:\/\/compuviper.mx\/tienda\/wp-json\/wp\/v2\/media\/268007"}],"wp:attachment":[{"href":"https:\/\/compuviper.mx\/tienda\/wp-json\/wp\/v2\/media?parent=268006"}],"wp:term":[{"taxonomy":"product_cat","embeddable":true,"href":"https:\/\/compuviper.mx\/tienda\/wp-json\/wp\/v2\/product_cat?post=268006"},{"taxonomy":"product_tag","embeddable":true,"href":"https:\/\/compuviper.mx\/tienda\/wp-json\/wp\/v2\/product_tag?post=268006"}],"curies":[{"name":"wp","href":"https:\/\/api.w.org\/{rel}","templated":true}]}}