{"id":268004,"date":"2026-04-05T23:11:51","date_gmt":"2026-04-06T05:11:51","guid":{"rendered":"https:\/\/compuviper.mx\/tienda\/producto\/wd-western-digital-wd122purp-disco-duro-interno-wd-purple-pro-12tb-3-5-escritorio-sata3-6gb-s-512mb-7200rpm-24x7-ia-dvr-nvr-hasta-64-camaras\/"},"modified":"2026-04-06T00:00:05","modified_gmt":"2026-04-06T06:00:05","slug":"wd-western-digital-wd122purp-disco-duro-interno-wd-purple-pro-12tb-3-5-escritorio-sata3-6gb-s-512mb-7200rpm-24x7-ia-dvr-nvr-hasta-64-camaras","status":"publish","type":"product","link":"https:\/\/compuviper.mx\/tienda\/producto\/wd-western-digital-wd122purp-disco-duro-interno-wd-purple-pro-12tb-3-5-escritorio-sata3-6gb-s-512mb-7200rpm-24x7-ia-dvr-nvr-hasta-64-camaras\/","title":{"rendered":"Wd &#8211; Western Digital Wd122purp Disco Duro Interno Wd Purple Pro 12tb 3.5 Escritorio Sata3 6gb\/s 512mb 7200rpm 24&#215;7 Ia Dvr Nvr Hasta 64 Camaras"},"content":{"rendered":"<table class=\"descripcion\">\n<tr>\n<td>Capacidad  12 tb<\/td>\n<\/tr>\n<tr>\n<td>Factor de forma  3,5 pulgadas<\/td>\n<\/tr>\n<tr>\n<td>Conector  sata<\/td>\n<\/tr>\n<tr>\n<td>Interfaz  sata<\/td>\n<\/tr>\n<tr>\n<td>Tasa de transferencia  hasta 272 mb\/s<\/td>\n<\/tr>\n<tr>\n<td>Velocidad del disco (rpm)  7200 rpm<\/td>\n<\/tr>\n<tr>\n<td>Tecnologia de grabacion  cmr<\/td>\n<\/tr>\n<tr>\n<td>Tamano de cache  512 mb<\/td>\n<\/tr>\n<tr>\n<td>Garantia  garantia limitada de 5 anos<\/td>\n<\/tr>\n<tr>\n<td>Dimensiones (l x an x al)  5,79 x 4 x 1,03<\/td>\n<\/tr>\n<tr>\n<td>Peso  750 gramos<\/td>\n<\/tr>\n<tr>\n<td>Numero de modelo wd122purp<\/td>\n<\/tr>\n<tr>\n<td>Temperatura de funcionamiento  de 0 \u00b0c a 65 \u00b0c<\/td>\n<\/tr>\n<tr>\n<td>Temperatura de no funcionamiento  -40\u00b0c a 70\u00b0c<\/td>\n<\/tr>\n<tr>\n<td>Certificaciones bsmi, ices-003\/nmb-003, ce, fcc, kc, magreb, rcm, ukca, vcci, cb-scheme, tuv, ul<\/td>\n<\/tr>\n<tr>\n<td>Caracteristicas del producto:<\/td>\n<\/tr>\n<tr>\n<td>\u0095 disenado para grabadoras avanzadas habilitadas para ia, dispositivos de an\u00e1lisis de video, servidores de aprendizaje profundo y almacenamiento basado en la nube, incluidos raid y jbod<\/td>\n<\/tr>\n<tr>\n<td>\u0095disenado con componentes resistentes al deslustre para entornos hostiles y con robustez adicional para gabinetes de multiples bahias.<\/td>\n<\/tr>\n<tr>\n<td>\u0095admite una tasa de carga de trabajo de hasta 550 tb\/a\u00f1o<\/td>\n<\/tr>\n<\/table>\n","protected":false},"excerpt":{"rendered":"<p>Almacenamiento avanzado para soluciones de video inteligente. Las unidades wd purple pro estan disenadas para grabadoras avanzadas con inteligencia artificial, servidores de analisis de video y soluciones de aprendizaje profundo que requieren capacidad adicional, rendimiento y capacidad de carga de trabajo. Almacenamiento disenado especificamente para su solucion de video inteligente. El disco duro wd purple pro, con tecnologia optinand de 24 tb, ofrece gran capacidad en una unidad de clase empresarial para servidores de analisis de video, ia y sistemas de aprendizaje profundo para permitir resultados basados en datos. Capacidad de carga de trabajo avanzada para sistemas avanzados. Estas unidades confiables estan disenadas con una capacidad de carga de trabajo de hasta 550 tb\/ano para satisfacer las demandas de captura y analisis de datos las 24 horas del d\u00eda, los 7 d\u00edas de la semana de grabadoras avanzadas habilitadas para ia, dispositivos de analisis de video y servidores de analisis de aprendizaje profundo. Disenado para un funcionamiento confiable. Disenado con un mtbf de hasta 2,5 millones de horas 4 y respaldado por una garant\u00eda limitada de 5 anos, el disco duro wd purple pro tambien cuenta con componentes resistentes al deslustre y soporte completo para multiples bahias para un funcionamiento confiable en sistemas de vigilancia a gran escala.<\/p>\n","protected":false},"featured_media":268005,"comment_status":"open","ping_status":"open","template":"","meta":[],"product_cat":[1706,1703],"product_tag":[1705],"acf":[],"yoast_head":"<!-- This site is optimized with the Yoast SEO plugin v21.7 - https:\/\/yoast.com\/wordpress\/plugins\/seo\/ -->\n<title>[ Wd - Western Digital ] &#129351; Wd122purp Disco Duro Interno Wd Purple Pro 12tb 3.5 Escritorio Sata3 6gb\/s 512mb 7200rpm 24x7 Ia Dvr Nvr Hasta 64 Camaras<\/title>\n<meta name=\"description\" content=\"Compra Wd122purp Disco Duro Interno Wd Purple Pro 12tb 3.5 Escritorio Sata3 6gb\/s 512mb 7200rpm 24x7 Ia Dvr Nvr Hasta 64 Camaras + Env\u00edo a domicilio + Pago seguro + Garant\u00eda\" \/>\n<meta name=\"robots\" content=\"index, follow, max-snippet:-1, max-image-preview:large, max-video-preview:-1\" \/>\n<link rel=\"canonical\" href=\"https:\/\/compuviper.mx\/tienda\/producto\/wd-western-digital-wd122purp-disco-duro-interno-wd-purple-pro-12tb-3-5-escritorio-sata3-6gb-s-512mb-7200rpm-24x7-ia-dvr-nvr-hasta-64-camaras\/\" \/>\n<meta property=\"og:locale\" content=\"es_MX\" \/>\n<meta property=\"og:type\" content=\"article\" \/>\n<meta property=\"og:title\" content=\"[ Wd - Western Digital ] &#129351; Wd122purp Disco Duro Interno Wd Purple Pro 12tb 3.5 Escritorio Sata3 6gb\/s 512mb 7200rpm 24x7 Ia Dvr Nvr Hasta 64 Camaras\" \/>\n<meta property=\"og:description\" content=\"Compra Wd122purp Disco Duro Interno Wd Purple Pro 12tb 3.5 Escritorio Sata3 6gb\/s 512mb 7200rpm 24x7 Ia Dvr Nvr Hasta 64 Camaras + Env\u00edo a domicilio + Pago seguro + Garant\u00eda\" \/>\n<meta property=\"og:url\" content=\"https:\/\/compuviper.mx\/tienda\/producto\/wd-western-digital-wd122purp-disco-duro-interno-wd-purple-pro-12tb-3-5-escritorio-sata3-6gb-s-512mb-7200rpm-24x7-ia-dvr-nvr-hasta-64-camaras\/\" \/>\n<meta property=\"og:site_name\" content=\"Compuviper\" \/>\n<meta property=\"article:publisher\" content=\"https:\/\/www.facebook.com\/compuviper\" \/>\n<meta property=\"article:modified_time\" content=\"2026-04-06T06:00:05+00:00\" \/>\n<meta property=\"og:image\" content=\"https:\/\/compuviper.mx\/tienda\/wp-content\/uploads\/2026\/03\/Disco-duro-interno-wd-purple-pro-12tb-3.5-escritorio-sata3-6gbs-512mb-7200rpm-24x7-ia-dvr-nvr-hasta-64-camaras-wd122purp.jpg\" \/>\n\t<meta property=\"og:image:width\" content=\"200\" \/>\n\t<meta property=\"og:image:height\" content=\"200\" \/>\n\t<meta property=\"og:image:type\" content=\"image\/jpeg\" \/>\n<meta name=\"twitter:card\" content=\"summary_large_image\" \/>\n<meta name=\"twitter:label1\" content=\"Precio\" \/>\n\t<meta name=\"twitter:data1\" content=\"&#36;5,659 con IVA\" \/>\n\t<meta name=\"twitter:label2\" content=\"Availability\" \/>\n\t<meta name=\"twitter:data2\" content=\"In stock\" \/>\n<script type=\"application\/ld+json\" class=\"yoast-schema-graph\">{\"@context\":\"https:\/\/schema.org\",\"@graph\":[{\"@type\":\"WebPage\",\"@id\":\"https:\/\/compuviper.mx\/tienda\/producto\/wd-western-digital-wd122purp-disco-duro-interno-wd-purple-pro-12tb-3-5-escritorio-sata3-6gb-s-512mb-7200rpm-24x7-ia-dvr-nvr-hasta-64-camaras\/\",\"url\":\"https:\/\/compuviper.mx\/tienda\/producto\/wd-western-digital-wd122purp-disco-duro-interno-wd-purple-pro-12tb-3-5-escritorio-sata3-6gb-s-512mb-7200rpm-24x7-ia-dvr-nvr-hasta-64-camaras\/\",\"name\":\"[ Wd - Western Digital ] &#129351; Wd122purp Disco Duro Interno Wd Purple Pro 12tb 3.5 Escritorio Sata3 6gb\/s 512mb 7200rpm 24x7 Ia Dvr Nvr Hasta 64 Camaras\",\"isPartOf\":{\"@id\":\"https:\/\/compuviper.mx\/tienda\/#website\"},\"datePublished\":\"2026-04-06T05:11:51+00:00\",\"dateModified\":\"2026-04-06T06:00:05+00:00\",\"description\":\"Compra Wd122purp Disco Duro Interno Wd Purple Pro 12tb 3.5 Escritorio Sata3 6gb\/s 512mb 7200rpm 24x7 Ia Dvr Nvr Hasta 64 Camaras + Env\u00edo a domicilio + Pago seguro + Garant\u00eda\",\"breadcrumb\":{\"@id\":\"https:\/\/compuviper.mx\/tienda\/producto\/wd-western-digital-wd122purp-disco-duro-interno-wd-purple-pro-12tb-3-5-escritorio-sata3-6gb-s-512mb-7200rpm-24x7-ia-dvr-nvr-hasta-64-camaras\/#breadcrumb\"},\"inLanguage\":\"es-MX\",\"potentialAction\":[{\"@type\":\"ReadAction\",\"target\":[\"https:\/\/compuviper.mx\/tienda\/producto\/wd-western-digital-wd122purp-disco-duro-interno-wd-purple-pro-12tb-3-5-escritorio-sata3-6gb-s-512mb-7200rpm-24x7-ia-dvr-nvr-hasta-64-camaras\/\"]}]},{\"@type\":\"BreadcrumbList\",\"@id\":\"https:\/\/compuviper.mx\/tienda\/producto\/wd-western-digital-wd122purp-disco-duro-interno-wd-purple-pro-12tb-3-5-escritorio-sata3-6gb-s-512mb-7200rpm-24x7-ia-dvr-nvr-hasta-64-camaras\/#breadcrumb\",\"itemListElement\":[{\"@type\":\"ListItem\",\"position\":1,\"name\":\"Inicio\",\"item\":\"https:\/\/compuviper.mx\/tienda\/\"},{\"@type\":\"ListItem\",\"position\":2,\"name\":\"Productos\",\"item\":\"https:\/\/compuviper.mx\/tienda\/productos\/\"},{\"@type\":\"ListItem\",\"position\":3,\"name\":\"Discos Duros\",\"item\":\"https:\/\/compuviper.mx\/tienda\/categoria-producto\/discos-duros\/\"},{\"@type\":\"ListItem\",\"position\":4,\"name\":\"Disco Duro\",\"item\":\"https:\/\/compuviper.mx\/tienda\/categoria-producto\/discos-duros\/disco-duro\/\"},{\"@type\":\"ListItem\",\"position\":5,\"name\":\"Wd &#8211; Western Digital Wd122purp Disco Duro Interno Wd Purple Pro 12tb 3.5 Escritorio Sata3 6gb\/s 512mb 7200rpm 24&#215;7 Ia Dvr Nvr Hasta 64 Camaras\"}]},{\"@type\":\"WebSite\",\"@id\":\"https:\/\/compuviper.mx\/tienda\/#website\",\"url\":\"https:\/\/compuviper.mx\/tienda\/\",\"name\":\"Compuviper\",\"description\":\"Proveedor de Computadoras, Laptops, Servidores, Monitores, Puntos de Venta, Teclados,   Impresoras, T\u00f3ner, C\u00e1maras de Seguridad y m\u00e1s en tu tienda en l\u00ednea\",\"publisher\":{\"@id\":\"https:\/\/compuviper.mx\/tienda\/#organization\"},\"potentialAction\":[{\"@type\":\"SearchAction\",\"target\":{\"@type\":\"EntryPoint\",\"urlTemplate\":\"https:\/\/compuviper.mx\/tienda\/?s={search_term_string}\"},\"query-input\":\"required name=search_term_string\"}],\"inLanguage\":\"es-MX\"},{\"@type\":\"Organization\",\"@id\":\"https:\/\/compuviper.mx\/tienda\/#organization\",\"name\":\"Compuviper\",\"url\":\"https:\/\/compuviper.mx\/tienda\/\",\"logo\":{\"@type\":\"ImageObject\",\"inLanguage\":\"es-MX\",\"@id\":\"https:\/\/compuviper.mx\/tienda\/#\/schema\/logo\/image\/\",\"url\":\"https:\/\/compuviper.mx\/tienda\/wp-content\/uploads\/2021\/08\/Logo-Compuviper-10.png\",\"contentUrl\":\"https:\/\/compuviper.mx\/tienda\/wp-content\/uploads\/2021\/08\/Logo-Compuviper-10.png\",\"width\":1000,\"height\":500,\"caption\":\"Compuviper\"},\"image\":{\"@id\":\"https:\/\/compuviper.mx\/tienda\/#\/schema\/logo\/image\/\"},\"sameAs\":[\"https:\/\/www.facebook.com\/compuviper\",\"https:\/\/www.youtube.com\/channel\/UCf73dERp9Y3cfOq7q8BhLjA?view_as=subscriber\"]}]}<\/script>\n<meta property=\"product:brand\" content=\"WD - WESTERN DIGITAL\" \/>\n<meta property=\"product:price:amount\" content=\"5659\" \/>\n<meta property=\"product:price:currency\" content=\"MXN\" \/>\n<meta property=\"og:availability\" content=\"instock\" \/>\n<meta property=\"product:availability\" content=\"instock\" \/>\n<meta property=\"product:retailer_item_id\" content=\"WD122PURP\" \/>\n<meta property=\"product:condition\" content=\"new\" \/>\n<!-- \/ Yoast SEO plugin. -->","yoast_head_json":{"title":"[ Wd - Western Digital ] &#129351; Wd122purp Disco Duro Interno Wd Purple Pro 12tb 3.5 Escritorio Sata3 6gb\/s 512mb 7200rpm 24x7 Ia Dvr Nvr Hasta 64 Camaras","description":"Compra Wd122purp Disco Duro Interno Wd Purple Pro 12tb 3.5 Escritorio Sata3 6gb\/s 512mb 7200rpm 24x7 Ia Dvr Nvr Hasta 64 Camaras + Env\u00edo a domicilio + Pago seguro + Garant\u00eda","robots":{"index":"index","follow":"follow","max-snippet":"max-snippet:-1","max-image-preview":"max-image-preview:large","max-video-preview":"max-video-preview:-1"},"canonical":"https:\/\/compuviper.mx\/tienda\/producto\/wd-western-digital-wd122purp-disco-duro-interno-wd-purple-pro-12tb-3-5-escritorio-sata3-6gb-s-512mb-7200rpm-24x7-ia-dvr-nvr-hasta-64-camaras\/","og_locale":"es_MX","og_type":"article","og_title":"[ Wd - Western Digital ] &#129351; Wd122purp Disco Duro Interno Wd Purple Pro 12tb 3.5 Escritorio Sata3 6gb\/s 512mb 7200rpm 24x7 Ia Dvr Nvr Hasta 64 Camaras","og_description":"Compra Wd122purp Disco Duro Interno Wd Purple Pro 12tb 3.5 Escritorio Sata3 6gb\/s 512mb 7200rpm 24x7 Ia Dvr Nvr Hasta 64 Camaras + Env\u00edo a domicilio + Pago seguro + Garant\u00eda","og_url":"https:\/\/compuviper.mx\/tienda\/producto\/wd-western-digital-wd122purp-disco-duro-interno-wd-purple-pro-12tb-3-5-escritorio-sata3-6gb-s-512mb-7200rpm-24x7-ia-dvr-nvr-hasta-64-camaras\/","og_site_name":"Compuviper","article_publisher":"https:\/\/www.facebook.com\/compuviper","article_modified_time":"2026-04-06T06:00:05+00:00","og_image":[{"width":200,"height":200,"url":"https:\/\/compuviper.mx\/tienda\/wp-content\/uploads\/2026\/03\/Disco-duro-interno-wd-purple-pro-12tb-3.5-escritorio-sata3-6gbs-512mb-7200rpm-24x7-ia-dvr-nvr-hasta-64-camaras-wd122purp.jpg","type":"image\/jpeg"}],"twitter_card":"summary_large_image","twitter_misc":{"Precio":"&#36;5,659 con IVA","Availability":"In stock"},"schema":{"@context":"https:\/\/schema.org","@graph":[{"@type":"WebPage","@id":"https:\/\/compuviper.mx\/tienda\/producto\/wd-western-digital-wd122purp-disco-duro-interno-wd-purple-pro-12tb-3-5-escritorio-sata3-6gb-s-512mb-7200rpm-24x7-ia-dvr-nvr-hasta-64-camaras\/","url":"https:\/\/compuviper.mx\/tienda\/producto\/wd-western-digital-wd122purp-disco-duro-interno-wd-purple-pro-12tb-3-5-escritorio-sata3-6gb-s-512mb-7200rpm-24x7-ia-dvr-nvr-hasta-64-camaras\/","name":"[ Wd - Western Digital ] &#129351; Wd122purp Disco Duro Interno Wd Purple Pro 12tb 3.5 Escritorio Sata3 6gb\/s 512mb 7200rpm 24x7 Ia Dvr Nvr Hasta 64 Camaras","isPartOf":{"@id":"https:\/\/compuviper.mx\/tienda\/#website"},"datePublished":"2026-04-06T05:11:51+00:00","dateModified":"2026-04-06T06:00:05+00:00","description":"Compra Wd122purp Disco Duro Interno Wd Purple Pro 12tb 3.5 Escritorio Sata3 6gb\/s 512mb 7200rpm 24x7 Ia Dvr Nvr Hasta 64 Camaras + Env\u00edo a domicilio + Pago seguro + Garant\u00eda","breadcrumb":{"@id":"https:\/\/compuviper.mx\/tienda\/producto\/wd-western-digital-wd122purp-disco-duro-interno-wd-purple-pro-12tb-3-5-escritorio-sata3-6gb-s-512mb-7200rpm-24x7-ia-dvr-nvr-hasta-64-camaras\/#breadcrumb"},"inLanguage":"es-MX","potentialAction":[{"@type":"ReadAction","target":["https:\/\/compuviper.mx\/tienda\/producto\/wd-western-digital-wd122purp-disco-duro-interno-wd-purple-pro-12tb-3-5-escritorio-sata3-6gb-s-512mb-7200rpm-24x7-ia-dvr-nvr-hasta-64-camaras\/"]}]},{"@type":"BreadcrumbList","@id":"https:\/\/compuviper.mx\/tienda\/producto\/wd-western-digital-wd122purp-disco-duro-interno-wd-purple-pro-12tb-3-5-escritorio-sata3-6gb-s-512mb-7200rpm-24x7-ia-dvr-nvr-hasta-64-camaras\/#breadcrumb","itemListElement":[{"@type":"ListItem","position":1,"name":"Inicio","item":"https:\/\/compuviper.mx\/tienda\/"},{"@type":"ListItem","position":2,"name":"Productos","item":"https:\/\/compuviper.mx\/tienda\/productos\/"},{"@type":"ListItem","position":3,"name":"Discos Duros","item":"https:\/\/compuviper.mx\/tienda\/categoria-producto\/discos-duros\/"},{"@type":"ListItem","position":4,"name":"Disco Duro","item":"https:\/\/compuviper.mx\/tienda\/categoria-producto\/discos-duros\/disco-duro\/"},{"@type":"ListItem","position":5,"name":"Wd &#8211; Western Digital Wd122purp Disco Duro Interno Wd Purple Pro 12tb 3.5 Escritorio Sata3 6gb\/s 512mb 7200rpm 24&#215;7 Ia Dvr Nvr Hasta 64 Camaras"}]},{"@type":"WebSite","@id":"https:\/\/compuviper.mx\/tienda\/#website","url":"https:\/\/compuviper.mx\/tienda\/","name":"Compuviper","description":"Proveedor de Computadoras, Laptops, Servidores, Monitores, Puntos de Venta, Teclados,   Impresoras, T\u00f3ner, C\u00e1maras de Seguridad y m\u00e1s en tu tienda en l\u00ednea","publisher":{"@id":"https:\/\/compuviper.mx\/tienda\/#organization"},"potentialAction":[{"@type":"SearchAction","target":{"@type":"EntryPoint","urlTemplate":"https:\/\/compuviper.mx\/tienda\/?s={search_term_string}"},"query-input":"required name=search_term_string"}],"inLanguage":"es-MX"},{"@type":"Organization","@id":"https:\/\/compuviper.mx\/tienda\/#organization","name":"Compuviper","url":"https:\/\/compuviper.mx\/tienda\/","logo":{"@type":"ImageObject","inLanguage":"es-MX","@id":"https:\/\/compuviper.mx\/tienda\/#\/schema\/logo\/image\/","url":"https:\/\/compuviper.mx\/tienda\/wp-content\/uploads\/2021\/08\/Logo-Compuviper-10.png","contentUrl":"https:\/\/compuviper.mx\/tienda\/wp-content\/uploads\/2021\/08\/Logo-Compuviper-10.png","width":1000,"height":500,"caption":"Compuviper"},"image":{"@id":"https:\/\/compuviper.mx\/tienda\/#\/schema\/logo\/image\/"},"sameAs":["https:\/\/www.facebook.com\/compuviper","https:\/\/www.youtube.com\/channel\/UCf73dERp9Y3cfOq7q8BhLjA?view_as=subscriber"]}]},"product_brand":"WD - WESTERN DIGITAL","product_price_amount":"5659","product_price_currency":"MXN","og_availability":"instock","product_availability":"instock","product_retailer_item_id":"WD122PURP","product_condition":"new"},"_links":{"self":[{"href":"https:\/\/compuviper.mx\/tienda\/wp-json\/wp\/v2\/product\/268004"}],"collection":[{"href":"https:\/\/compuviper.mx\/tienda\/wp-json\/wp\/v2\/product"}],"about":[{"href":"https:\/\/compuviper.mx\/tienda\/wp-json\/wp\/v2\/types\/product"}],"replies":[{"embeddable":true,"href":"https:\/\/compuviper.mx\/tienda\/wp-json\/wp\/v2\/comments?post=268004"}],"wp:featuredmedia":[{"embeddable":true,"href":"https:\/\/compuviper.mx\/tienda\/wp-json\/wp\/v2\/media\/268005"}],"wp:attachment":[{"href":"https:\/\/compuviper.mx\/tienda\/wp-json\/wp\/v2\/media?parent=268004"}],"wp:term":[{"taxonomy":"product_cat","embeddable":true,"href":"https:\/\/compuviper.mx\/tienda\/wp-json\/wp\/v2\/product_cat?post=268004"},{"taxonomy":"product_tag","embeddable":true,"href":"https:\/\/compuviper.mx\/tienda\/wp-json\/wp\/v2\/product_tag?post=268004"}],"curies":[{"name":"wp","href":"https:\/\/api.w.org\/{rel}","templated":true}]}}