{"id":268000,"date":"2026-04-02T00:39:12","date_gmt":"2026-04-02T06:39:12","guid":{"rendered":"https:\/\/compuviper.mx\/tienda\/producto\/wd-western-digital-wd4006fzbx-disco-duro-interno-wd-black-4tb-3-5-escritorio-sata3-6gb-s-256mb-7200rpm-gamer-alto-rendimiento\/"},"modified":"2026-04-03T00:00:14","modified_gmt":"2026-04-03T06:00:14","slug":"wd-western-digital-wd4006fzbx-disco-duro-interno-wd-black-4tb-3-5-escritorio-sata3-6gb-s-256mb-7200rpm-gamer-alto-rendimiento","status":"publish","type":"product","link":"https:\/\/compuviper.mx\/tienda\/producto\/wd-western-digital-wd4006fzbx-disco-duro-interno-wd-black-4tb-3-5-escritorio-sata3-6gb-s-256mb-7200rpm-gamer-alto-rendimiento\/","title":{"rendered":"Wd &#8211; Western Digital Wd4006fzbx Disco Duro Interno Wd Black 4tb 3.5 Escritorio Sata3 6gb\/s 256mb 7200rpm Gamer\/alto Rendimiento"},"content":{"rendered":"<table class=\"descripcion\">\n<tr>\n<td>Capacidad  4 tb<\/td>\n<\/tr>\n<tr>\n<td>Formato  3,5 pulgadas<\/td>\n<\/tr>\n<tr>\n<td>Conector  sata<\/td>\n<\/tr>\n<tr>\n<td>Interfaz  sata<\/td>\n<\/tr>\n<tr>\n<td>Velocidad de transferencia  hasta 267 mb\/s<\/td>\n<\/tr>\n<tr>\n<td>Velocidad del disco (rpm)  7200 rpm<\/td>\n<\/tr>\n<tr>\n<td>Tecnologia de grabacion  cmr<\/td>\n<\/tr>\n<tr>\n<td>Tamano de cache  256mib<\/td>\n<\/tr>\n<tr>\n<td>Garantia limitada de 5 anos<\/td>\n<\/tr>\n<tr>\n<td>Dimensiones (largo, ancho y alto)  5,79 x 4 x 1,03<\/td>\n<\/tr>\n<tr>\n<td>Peso  1,58 libras<\/td>\n<\/tr>\n<tr>\n<td>Numero de modelo  wd4006fzbx<\/td>\n<\/tr>\n<tr>\n<td>Temperatura. operativo  5\u00b0c a 60\u00b0c<\/td>\n<\/tr>\n<tr>\n<td>Temperatura no operativa  -40\u00b0c a 70\u00b0c<\/td>\n<\/tr>\n<tr>\n<td>Disco  3,5<\/td>\n<\/tr>\n<tr>\n<td>Certificaciones<\/td>\n<\/tr>\n<tr>\n<td>Bsmi, ices-003\/nmb-003, ce, fcc, kc, magreb, rcm, ukca, vcci, cb-scheme, tuv, ul<\/td>\n<\/tr>\n<tr>\n<td>Caracteristicas del producto:<\/td>\n<\/tr>\n<tr>\n<td>\u0095unidad de disco duro para juegos de rendimiento en computadoras de escritorio<\/td>\n<\/tr>\n<tr>\n<td>\u0095almacenamiento de rendimiento disponible en capacidades hasta 10 tb<\/td>\n<\/tr>\n<tr>\n<td>\u0095disenado para los aficionados a los juegos, los creadores de sistemas y los profesionales creativos.<\/td>\n<\/tr>\n<tr>\n<td>\u0095las tecnologias stabletrac y de memoria cache dinamica de western digital aumentan la confiabilidad y optimizan el rendimiento.<\/td>\n<\/tr>\n<\/table>\n","protected":false},"excerpt":{"rendered":"<p>Donde el rendimiento y la capacidad se encuentran con los juegos. Con capacidades hasta 10 tb1, las unidades de disco duro wd_black para juegos le permiten descargar los mas recientes titulos de juegos aaa y, al mismo tiempo, mantener su siempre creciente catalogo de clasicos y favoritos listo para jugar. No sacrifique su coleccion de juegos. Almacene y juegue mas titulos con wd_black. Rendimiento y capacidad para jugar. Los productos wd_black estan disenados para mejorar la experiencia de juego en pc. Disponible con una incre\u00edble cache dram de 256 mb en los modelos de mayor capacidad, la unidad hdd wd_black esta optimizada para el rendimiento, asi puede pasar mas tiempo jugando y menos tiempo esperando que se carguen los juegos. Combine una unidad hdd wd_black con una unidad ssd wd_black para obtener una configuracion de disco doble que maximizara su experiencia de juego y, al mismo tiempo, le permitira guardar mas juegos favoritos. La unidad hdd wd_black le brinda altas velocidades de disco duro, alta capacidad y una garantia limitada de 5 anos lider en la industria para una motivadora soluci\u00f3n de almacenamiento de juegos. Rendimiento dominante. La unidad wd_black ofrece altas velocidades de lectura y transfiere los juegos con una impresionante memoria cache dram que alcanza los 256 mb en nuestros modelos de alta capacidad. La tecnologia de memoria cache dinamica de western digital mejora los algoritmos de cache en tiempo real para asignar y optimizar la memoria cache entre las lecturas y las escrituras. Pase menos tiempo esperando que su juego se cargue y m\u00e1s tiempo ganando. Procesador doble probado en la batalla. Cuando se trata de poder de procesamiento, mientras mas alto sea, mejor sera para cargar los juegos de mayor tamano de la actualidad. La unidad de disco duro wd_black para juegos presenta un procesador con dos nucleos que ofrece el doble de la capacidad de procesamiento de un procesador con un solo nucleo, para maximizar el rendimiento de la unidad y poder entrar mas rapido al juego.<\/p>\n","protected":false},"featured_media":268001,"comment_status":"open","ping_status":"open","template":"","meta":[],"product_cat":[1706,1703],"product_tag":[1705],"acf":[],"yoast_head":"<!-- This site is optimized with the Yoast SEO plugin v21.7 - https:\/\/yoast.com\/wordpress\/plugins\/seo\/ -->\n<title>[ Wd - Western Digital ] &#129351; Wd4006fzbx Disco Duro Interno Wd Black 4tb 3.5 Escritorio Sata3 6gb\/s 256mb 7200rpm Gamer\/alto Rendimiento<\/title>\n<meta name=\"description\" content=\"Compra Wd4006fzbx Disco Duro Interno Wd Black 4tb 3.5 Escritorio Sata3 6gb\/s 256mb 7200rpm Gamer\/alto Rendimiento + Env\u00edo a domicilio + Pago seguro + Garant\u00eda\" \/>\n<meta name=\"robots\" content=\"index, follow, max-snippet:-1, max-image-preview:large, max-video-preview:-1\" \/>\n<link rel=\"canonical\" href=\"https:\/\/compuviper.mx\/tienda\/producto\/wd-western-digital-wd4006fzbx-disco-duro-interno-wd-black-4tb-3-5-escritorio-sata3-6gb-s-256mb-7200rpm-gamer-alto-rendimiento\/\" \/>\n<meta property=\"og:locale\" content=\"es_MX\" \/>\n<meta property=\"og:type\" content=\"article\" \/>\n<meta property=\"og:title\" content=\"[ Wd - Western Digital ] &#129351; Wd4006fzbx Disco Duro Interno Wd Black 4tb 3.5 Escritorio Sata3 6gb\/s 256mb 7200rpm Gamer\/alto Rendimiento\" \/>\n<meta property=\"og:description\" content=\"Compra Wd4006fzbx Disco Duro Interno Wd Black 4tb 3.5 Escritorio Sata3 6gb\/s 256mb 7200rpm Gamer\/alto Rendimiento + Env\u00edo a domicilio + Pago seguro + Garant\u00eda\" \/>\n<meta property=\"og:url\" content=\"https:\/\/compuviper.mx\/tienda\/producto\/wd-western-digital-wd4006fzbx-disco-duro-interno-wd-black-4tb-3-5-escritorio-sata3-6gb-s-256mb-7200rpm-gamer-alto-rendimiento\/\" \/>\n<meta property=\"og:site_name\" content=\"Compuviper\" \/>\n<meta property=\"article:publisher\" content=\"https:\/\/www.facebook.com\/compuviper\" \/>\n<meta property=\"article:modified_time\" content=\"2026-04-03T06:00:14+00:00\" \/>\n<meta property=\"og:image\" content=\"https:\/\/compuviper.mx\/tienda\/wp-content\/uploads\/2026\/03\/Disco-duro-interno-wd-black-4tb-3.5-escritorio-sata3-6gbs-256mb-7200rpm-gameralto-rendimiento-wd4006fzbx.jpg\" \/>\n\t<meta property=\"og:image:width\" content=\"200\" \/>\n\t<meta property=\"og:image:height\" content=\"200\" \/>\n\t<meta property=\"og:image:type\" content=\"image\/jpeg\" \/>\n<meta name=\"twitter:card\" content=\"summary_large_image\" \/>\n<meta name=\"twitter:label1\" content=\"Precio\" \/>\n\t<meta name=\"twitter:data1\" content=\"&#36;2,864 con IVA\" \/>\n\t<meta name=\"twitter:label2\" content=\"Availability\" \/>\n\t<meta name=\"twitter:data2\" content=\"In stock\" \/>\n<script type=\"application\/ld+json\" class=\"yoast-schema-graph\">{\"@context\":\"https:\/\/schema.org\",\"@graph\":[{\"@type\":\"WebPage\",\"@id\":\"https:\/\/compuviper.mx\/tienda\/producto\/wd-western-digital-wd4006fzbx-disco-duro-interno-wd-black-4tb-3-5-escritorio-sata3-6gb-s-256mb-7200rpm-gamer-alto-rendimiento\/\",\"url\":\"https:\/\/compuviper.mx\/tienda\/producto\/wd-western-digital-wd4006fzbx-disco-duro-interno-wd-black-4tb-3-5-escritorio-sata3-6gb-s-256mb-7200rpm-gamer-alto-rendimiento\/\",\"name\":\"[ Wd - Western Digital ] &#129351; Wd4006fzbx Disco Duro Interno Wd Black 4tb 3.5 Escritorio Sata3 6gb\/s 256mb 7200rpm Gamer\/alto Rendimiento\",\"isPartOf\":{\"@id\":\"https:\/\/compuviper.mx\/tienda\/#website\"},\"datePublished\":\"2026-04-02T06:39:12+00:00\",\"dateModified\":\"2026-04-03T06:00:14+00:00\",\"description\":\"Compra Wd4006fzbx Disco Duro Interno Wd Black 4tb 3.5 Escritorio Sata3 6gb\/s 256mb 7200rpm Gamer\/alto Rendimiento + Env\u00edo a domicilio + Pago seguro + Garant\u00eda\",\"breadcrumb\":{\"@id\":\"https:\/\/compuviper.mx\/tienda\/producto\/wd-western-digital-wd4006fzbx-disco-duro-interno-wd-black-4tb-3-5-escritorio-sata3-6gb-s-256mb-7200rpm-gamer-alto-rendimiento\/#breadcrumb\"},\"inLanguage\":\"es-MX\",\"potentialAction\":[{\"@type\":\"ReadAction\",\"target\":[\"https:\/\/compuviper.mx\/tienda\/producto\/wd-western-digital-wd4006fzbx-disco-duro-interno-wd-black-4tb-3-5-escritorio-sata3-6gb-s-256mb-7200rpm-gamer-alto-rendimiento\/\"]}]},{\"@type\":\"BreadcrumbList\",\"@id\":\"https:\/\/compuviper.mx\/tienda\/producto\/wd-western-digital-wd4006fzbx-disco-duro-interno-wd-black-4tb-3-5-escritorio-sata3-6gb-s-256mb-7200rpm-gamer-alto-rendimiento\/#breadcrumb\",\"itemListElement\":[{\"@type\":\"ListItem\",\"position\":1,\"name\":\"Inicio\",\"item\":\"https:\/\/compuviper.mx\/tienda\/\"},{\"@type\":\"ListItem\",\"position\":2,\"name\":\"Productos\",\"item\":\"https:\/\/compuviper.mx\/tienda\/productos\/\"},{\"@type\":\"ListItem\",\"position\":3,\"name\":\"Discos Duros\",\"item\":\"https:\/\/compuviper.mx\/tienda\/categoria-producto\/discos-duros\/\"},{\"@type\":\"ListItem\",\"position\":4,\"name\":\"Disco Duro\",\"item\":\"https:\/\/compuviper.mx\/tienda\/categoria-producto\/discos-duros\/disco-duro\/\"},{\"@type\":\"ListItem\",\"position\":5,\"name\":\"Wd &#8211; Western Digital Wd4006fzbx Disco Duro Interno Wd Black 4tb 3.5 Escritorio Sata3 6gb\/s 256mb 7200rpm Gamer\/alto Rendimiento\"}]},{\"@type\":\"WebSite\",\"@id\":\"https:\/\/compuviper.mx\/tienda\/#website\",\"url\":\"https:\/\/compuviper.mx\/tienda\/\",\"name\":\"Compuviper\",\"description\":\"Proveedor de Computadoras, Laptops, Servidores, Monitores, Puntos de Venta, Teclados,   Impresoras, T\u00f3ner, C\u00e1maras de Seguridad y m\u00e1s en tu tienda en l\u00ednea\",\"publisher\":{\"@id\":\"https:\/\/compuviper.mx\/tienda\/#organization\"},\"potentialAction\":[{\"@type\":\"SearchAction\",\"target\":{\"@type\":\"EntryPoint\",\"urlTemplate\":\"https:\/\/compuviper.mx\/tienda\/?s={search_term_string}\"},\"query-input\":\"required name=search_term_string\"}],\"inLanguage\":\"es-MX\"},{\"@type\":\"Organization\",\"@id\":\"https:\/\/compuviper.mx\/tienda\/#organization\",\"name\":\"Compuviper\",\"url\":\"https:\/\/compuviper.mx\/tienda\/\",\"logo\":{\"@type\":\"ImageObject\",\"inLanguage\":\"es-MX\",\"@id\":\"https:\/\/compuviper.mx\/tienda\/#\/schema\/logo\/image\/\",\"url\":\"https:\/\/compuviper.mx\/tienda\/wp-content\/uploads\/2021\/08\/Logo-Compuviper-10.png\",\"contentUrl\":\"https:\/\/compuviper.mx\/tienda\/wp-content\/uploads\/2021\/08\/Logo-Compuviper-10.png\",\"width\":1000,\"height\":500,\"caption\":\"Compuviper\"},\"image\":{\"@id\":\"https:\/\/compuviper.mx\/tienda\/#\/schema\/logo\/image\/\"},\"sameAs\":[\"https:\/\/www.facebook.com\/compuviper\",\"https:\/\/www.youtube.com\/channel\/UCf73dERp9Y3cfOq7q8BhLjA?view_as=subscriber\"]}]}<\/script>\n<meta property=\"product:brand\" content=\"WD - WESTERN DIGITAL\" \/>\n<meta property=\"product:price:amount\" content=\"2864\" \/>\n<meta property=\"product:price:currency\" content=\"MXN\" \/>\n<meta property=\"og:availability\" content=\"instock\" \/>\n<meta property=\"product:availability\" content=\"instock\" \/>\n<meta property=\"product:retailer_item_id\" content=\"WD4006FZBX\" \/>\n<meta property=\"product:condition\" content=\"new\" \/>\n<!-- \/ Yoast SEO plugin. -->","yoast_head_json":{"title":"[ Wd - Western Digital ] &#129351; Wd4006fzbx Disco Duro Interno Wd Black 4tb 3.5 Escritorio Sata3 6gb\/s 256mb 7200rpm Gamer\/alto Rendimiento","description":"Compra Wd4006fzbx Disco Duro Interno Wd Black 4tb 3.5 Escritorio Sata3 6gb\/s 256mb 7200rpm Gamer\/alto Rendimiento + Env\u00edo a domicilio + Pago seguro + Garant\u00eda","robots":{"index":"index","follow":"follow","max-snippet":"max-snippet:-1","max-image-preview":"max-image-preview:large","max-video-preview":"max-video-preview:-1"},"canonical":"https:\/\/compuviper.mx\/tienda\/producto\/wd-western-digital-wd4006fzbx-disco-duro-interno-wd-black-4tb-3-5-escritorio-sata3-6gb-s-256mb-7200rpm-gamer-alto-rendimiento\/","og_locale":"es_MX","og_type":"article","og_title":"[ Wd - Western Digital ] &#129351; Wd4006fzbx Disco Duro Interno Wd Black 4tb 3.5 Escritorio Sata3 6gb\/s 256mb 7200rpm Gamer\/alto Rendimiento","og_description":"Compra Wd4006fzbx Disco Duro Interno Wd Black 4tb 3.5 Escritorio Sata3 6gb\/s 256mb 7200rpm Gamer\/alto Rendimiento + Env\u00edo a domicilio + Pago seguro + Garant\u00eda","og_url":"https:\/\/compuviper.mx\/tienda\/producto\/wd-western-digital-wd4006fzbx-disco-duro-interno-wd-black-4tb-3-5-escritorio-sata3-6gb-s-256mb-7200rpm-gamer-alto-rendimiento\/","og_site_name":"Compuviper","article_publisher":"https:\/\/www.facebook.com\/compuviper","article_modified_time":"2026-04-03T06:00:14+00:00","og_image":[{"width":200,"height":200,"url":"https:\/\/compuviper.mx\/tienda\/wp-content\/uploads\/2026\/03\/Disco-duro-interno-wd-black-4tb-3.5-escritorio-sata3-6gbs-256mb-7200rpm-gameralto-rendimiento-wd4006fzbx.jpg","type":"image\/jpeg"}],"twitter_card":"summary_large_image","twitter_misc":{"Precio":"&#36;2,864 con IVA","Availability":"In stock"},"schema":{"@context":"https:\/\/schema.org","@graph":[{"@type":"WebPage","@id":"https:\/\/compuviper.mx\/tienda\/producto\/wd-western-digital-wd4006fzbx-disco-duro-interno-wd-black-4tb-3-5-escritorio-sata3-6gb-s-256mb-7200rpm-gamer-alto-rendimiento\/","url":"https:\/\/compuviper.mx\/tienda\/producto\/wd-western-digital-wd4006fzbx-disco-duro-interno-wd-black-4tb-3-5-escritorio-sata3-6gb-s-256mb-7200rpm-gamer-alto-rendimiento\/","name":"[ Wd - Western Digital ] &#129351; Wd4006fzbx Disco Duro Interno Wd Black 4tb 3.5 Escritorio Sata3 6gb\/s 256mb 7200rpm Gamer\/alto Rendimiento","isPartOf":{"@id":"https:\/\/compuviper.mx\/tienda\/#website"},"datePublished":"2026-04-02T06:39:12+00:00","dateModified":"2026-04-03T06:00:14+00:00","description":"Compra Wd4006fzbx Disco Duro Interno Wd Black 4tb 3.5 Escritorio Sata3 6gb\/s 256mb 7200rpm Gamer\/alto Rendimiento + Env\u00edo a domicilio + Pago seguro + Garant\u00eda","breadcrumb":{"@id":"https:\/\/compuviper.mx\/tienda\/producto\/wd-western-digital-wd4006fzbx-disco-duro-interno-wd-black-4tb-3-5-escritorio-sata3-6gb-s-256mb-7200rpm-gamer-alto-rendimiento\/#breadcrumb"},"inLanguage":"es-MX","potentialAction":[{"@type":"ReadAction","target":["https:\/\/compuviper.mx\/tienda\/producto\/wd-western-digital-wd4006fzbx-disco-duro-interno-wd-black-4tb-3-5-escritorio-sata3-6gb-s-256mb-7200rpm-gamer-alto-rendimiento\/"]}]},{"@type":"BreadcrumbList","@id":"https:\/\/compuviper.mx\/tienda\/producto\/wd-western-digital-wd4006fzbx-disco-duro-interno-wd-black-4tb-3-5-escritorio-sata3-6gb-s-256mb-7200rpm-gamer-alto-rendimiento\/#breadcrumb","itemListElement":[{"@type":"ListItem","position":1,"name":"Inicio","item":"https:\/\/compuviper.mx\/tienda\/"},{"@type":"ListItem","position":2,"name":"Productos","item":"https:\/\/compuviper.mx\/tienda\/productos\/"},{"@type":"ListItem","position":3,"name":"Discos Duros","item":"https:\/\/compuviper.mx\/tienda\/categoria-producto\/discos-duros\/"},{"@type":"ListItem","position":4,"name":"Disco Duro","item":"https:\/\/compuviper.mx\/tienda\/categoria-producto\/discos-duros\/disco-duro\/"},{"@type":"ListItem","position":5,"name":"Wd &#8211; Western Digital Wd4006fzbx Disco Duro Interno Wd Black 4tb 3.5 Escritorio Sata3 6gb\/s 256mb 7200rpm Gamer\/alto Rendimiento"}]},{"@type":"WebSite","@id":"https:\/\/compuviper.mx\/tienda\/#website","url":"https:\/\/compuviper.mx\/tienda\/","name":"Compuviper","description":"Proveedor de Computadoras, Laptops, Servidores, Monitores, Puntos de Venta, Teclados,   Impresoras, T\u00f3ner, C\u00e1maras de Seguridad y m\u00e1s en tu tienda en l\u00ednea","publisher":{"@id":"https:\/\/compuviper.mx\/tienda\/#organization"},"potentialAction":[{"@type":"SearchAction","target":{"@type":"EntryPoint","urlTemplate":"https:\/\/compuviper.mx\/tienda\/?s={search_term_string}"},"query-input":"required name=search_term_string"}],"inLanguage":"es-MX"},{"@type":"Organization","@id":"https:\/\/compuviper.mx\/tienda\/#organization","name":"Compuviper","url":"https:\/\/compuviper.mx\/tienda\/","logo":{"@type":"ImageObject","inLanguage":"es-MX","@id":"https:\/\/compuviper.mx\/tienda\/#\/schema\/logo\/image\/","url":"https:\/\/compuviper.mx\/tienda\/wp-content\/uploads\/2021\/08\/Logo-Compuviper-10.png","contentUrl":"https:\/\/compuviper.mx\/tienda\/wp-content\/uploads\/2021\/08\/Logo-Compuviper-10.png","width":1000,"height":500,"caption":"Compuviper"},"image":{"@id":"https:\/\/compuviper.mx\/tienda\/#\/schema\/logo\/image\/"},"sameAs":["https:\/\/www.facebook.com\/compuviper","https:\/\/www.youtube.com\/channel\/UCf73dERp9Y3cfOq7q8BhLjA?view_as=subscriber"]}]},"product_brand":"WD - WESTERN DIGITAL","product_price_amount":"2864","product_price_currency":"MXN","og_availability":"instock","product_availability":"instock","product_retailer_item_id":"WD4006FZBX","product_condition":"new"},"_links":{"self":[{"href":"https:\/\/compuviper.mx\/tienda\/wp-json\/wp\/v2\/product\/268000"}],"collection":[{"href":"https:\/\/compuviper.mx\/tienda\/wp-json\/wp\/v2\/product"}],"about":[{"href":"https:\/\/compuviper.mx\/tienda\/wp-json\/wp\/v2\/types\/product"}],"replies":[{"embeddable":true,"href":"https:\/\/compuviper.mx\/tienda\/wp-json\/wp\/v2\/comments?post=268000"}],"wp:featuredmedia":[{"embeddable":true,"href":"https:\/\/compuviper.mx\/tienda\/wp-json\/wp\/v2\/media\/268001"}],"wp:attachment":[{"href":"https:\/\/compuviper.mx\/tienda\/wp-json\/wp\/v2\/media?parent=268000"}],"wp:term":[{"taxonomy":"product_cat","embeddable":true,"href":"https:\/\/compuviper.mx\/tienda\/wp-json\/wp\/v2\/product_cat?post=268000"},{"taxonomy":"product_tag","embeddable":true,"href":"https:\/\/compuviper.mx\/tienda\/wp-json\/wp\/v2\/product_tag?post=268000"}],"curies":[{"name":"wp","href":"https:\/\/api.w.org\/{rel}","templated":true}]}}