{"id":267998,"date":"2026-04-02T00:39:10","date_gmt":"2026-04-02T06:39:10","guid":{"rendered":"https:\/\/compuviper.mx\/tienda\/producto\/wd-western-digital-wd122kfbx-disco-duro-interno-wd-red-pro-12tb-3-5-escritorio-sata3-6gb-s-256mb-7200rpm-24x7-hotplug-nas-1-24-bahias\/"},"modified":"2026-04-03T00:00:13","modified_gmt":"2026-04-03T06:00:13","slug":"wd-western-digital-wd122kfbx-disco-duro-interno-wd-red-pro-12tb-3-5-escritorio-sata3-6gb-s-256mb-7200rpm-24x7-hotplug-nas-1-24-bahias","status":"publish","type":"product","link":"https:\/\/compuviper.mx\/tienda\/producto\/wd-western-digital-wd122kfbx-disco-duro-interno-wd-red-pro-12tb-3-5-escritorio-sata3-6gb-s-256mb-7200rpm-24x7-hotplug-nas-1-24-bahias\/","title":{"rendered":"Wd &#8211; Western Digital Wd122kfbx Disco Duro Interno Wd Red Pro 12tb 3.5 Escritorio Sata3 6gb\/s 256mb 7200rpm 24&#215;7 Hotplug Nas 1-24 Bahias"},"content":{"rendered":"<table class=\"descripcion\">\n<tr>\n<td>Capacidad   12 tb<\/td>\n<\/tr>\n<tr>\n<td>Factor de forma   3,5 pulgadas<\/td>\n<\/tr>\n<tr>\n<td>Interfaz   sata<\/td>\n<\/tr>\n<tr>\n<td>Sata   tasa de transferencia<\/td>\n<\/tr>\n<tr>\n<td>Hasta 240 mb\/s<\/td>\n<\/tr>\n<tr>\n<td>Velocidad del disco (rpm)   7200 rpm<\/td>\n<\/tr>\n<tr>\n<td>Tecnolog\u00eda de grabaci\u00f3n   cmr<\/td>\n<\/tr>\n<tr>\n<td>Tama\u00f1o de cach\u00e9   256 mb<\/td>\n<\/tr>\n<tr>\n<td>Garant\u00eda limitada de 5 a\u00f1os<\/td>\n<\/tr>\n<tr>\n<td>Dimensiones (l x an x al)   5,79 x 4 x 1,03<\/td>\n<\/tr>\n<tr>\n<td>Peso   1,46 libras<\/td>\n<\/tr>\n<tr>\n<td>N\u00famero de modelo   wd122kfbx<\/td>\n<\/tr>\n<tr>\n<td>Temperatura de funcionamiento   de 0 \u00b0c a 65 \u00b0c<\/td>\n<\/tr>\n<tr>\n<td>Temperatura de no funcionamiento   -40\u00b0c a 70\u00b0c<\/td>\n<\/tr>\n<tr>\n<td>Certificaciones   bsmi, ices-003\/nmb-003, ce, fcc, kc, magreb, rcm, ukca, vcci, cb-scheme, tuv, ul<\/td>\n<\/tr>\n<tr>\n<td>Caracter\u00edsticas del producto :<\/td>\n<\/tr>\n<tr>\n<td>\u0095 ideal para profesionales creativos, empresas medianas y grandes y sistemas nas comerciales\/empresariales.<\/td>\n<\/tr>\n<tr>\n<td>\u0095para sistemas nas optimizados para raid con una cantidad ilimitada de bah\u00edas<\/td>\n<\/tr>\n<tr>\n<td>\u0095clasificado para cargas de trabajo de 550 tb\/a\u00f1o 1 y hasta 2,5 millones de horas mtbf<\/td>\n<\/tr>\n<tr>\n<td>\u0095compatibilidad<\/td>\n<\/tr>\n<tr>\n<td>\u0095sistemas nas optimizados para raid con una cantidad ilimitada de bah\u00edas<\/td>\n<\/tr>\n<\/table>\n","protected":false},"excerpt":{"rendered":"<p>Optimizado para nas con nasware. La exclusiva tecnolog\u00eda nasware de western digital ajusta los par\u00e1metros de la unidad para que coincidan con las cargas de trabajo del sistema nas, lo que ayuda a aumentar el rendimiento y la confiabilidad. Dise\u00f1ados para funcionamiento continuo.Los discos duros wd red pro estan dise\u00f1ados para soportar las rigurosas demandas de entornos nas multiusuario de alta intensidad las 24 horas del dia, los 7 dias de la semana y aumentar la durabilidad del sistema. Probado para compatibilidad confiable western digital se asocia con una amplia gama de proveedores de sistemas nas para realizar pruebas exhaustivas para garantizar la compatibilidad con la mayor\u00eda de los gabinetes nas. Dise\u00f1ado para absorber golpes. Los discos duros wd red pro incluyen un sensor de impacto de multiples ejes para detectar impactos sutiles y compensarlos automaticamente con tecnologia de altura de vuelo din\u00e1mica para proteger aun m\u00e1s las unidades en los gabinetes nas.<\/p>\n","protected":false},"featured_media":267999,"comment_status":"open","ping_status":"open","template":"","meta":[],"product_cat":[1703,1706],"product_tag":[1705],"acf":[],"yoast_head":"<!-- This site is optimized with the Yoast SEO plugin v21.7 - https:\/\/yoast.com\/wordpress\/plugins\/seo\/ -->\n<title>[ Wd - Western Digital ] &#129351; Wd122kfbx Disco Duro Interno Wd Red Pro 12tb 3.5 Escritorio Sata3 6gb\/s 256mb 7200rpm 24x7 Hotplug Nas 1-24 Bahias<\/title>\n<meta name=\"description\" content=\"Compra Wd122kfbx Disco Duro Interno Wd Red Pro 12tb 3.5 Escritorio Sata3 6gb\/s 256mb 7200rpm 24x7 Hotplug Nas 1-24 Bahias + Env\u00edo a domicilio + Pago seguro + Garant\u00eda\" \/>\n<meta name=\"robots\" content=\"index, follow, max-snippet:-1, max-image-preview:large, max-video-preview:-1\" \/>\n<link rel=\"canonical\" href=\"https:\/\/compuviper.mx\/tienda\/producto\/wd-western-digital-wd122kfbx-disco-duro-interno-wd-red-pro-12tb-3-5-escritorio-sata3-6gb-s-256mb-7200rpm-24x7-hotplug-nas-1-24-bahias\/\" \/>\n<meta property=\"og:locale\" content=\"es_MX\" \/>\n<meta property=\"og:type\" content=\"article\" \/>\n<meta property=\"og:title\" content=\"[ Wd - Western Digital ] &#129351; Wd122kfbx Disco Duro Interno Wd Red Pro 12tb 3.5 Escritorio Sata3 6gb\/s 256mb 7200rpm 24x7 Hotplug Nas 1-24 Bahias\" \/>\n<meta property=\"og:description\" content=\"Compra Wd122kfbx Disco Duro Interno Wd Red Pro 12tb 3.5 Escritorio Sata3 6gb\/s 256mb 7200rpm 24x7 Hotplug Nas 1-24 Bahias + Env\u00edo a domicilio + Pago seguro + Garant\u00eda\" \/>\n<meta property=\"og:url\" content=\"https:\/\/compuviper.mx\/tienda\/producto\/wd-western-digital-wd122kfbx-disco-duro-interno-wd-red-pro-12tb-3-5-escritorio-sata3-6gb-s-256mb-7200rpm-24x7-hotplug-nas-1-24-bahias\/\" \/>\n<meta property=\"og:site_name\" content=\"Compuviper\" \/>\n<meta property=\"article:publisher\" content=\"https:\/\/www.facebook.com\/compuviper\" \/>\n<meta property=\"article:modified_time\" content=\"2026-04-03T06:00:13+00:00\" \/>\n<meta property=\"og:image\" content=\"https:\/\/compuviper.mx\/tienda\/wp-content\/uploads\/2026\/03\/Disco-duro-interno-wd-red-pro-12tb-3.5-escritorio-sata3-6gbs-256mb-7200rpm-24x7-hotplug-nas-1-24-bahias-wd122kfbx.jpg\" \/>\n\t<meta property=\"og:image:width\" content=\"200\" \/>\n\t<meta property=\"og:image:height\" content=\"200\" \/>\n\t<meta property=\"og:image:type\" content=\"image\/jpeg\" \/>\n<meta name=\"twitter:card\" content=\"summary_large_image\" \/>\n<meta name=\"twitter:label1\" content=\"Precio\" \/>\n\t<meta name=\"twitter:data1\" content=\"&#36;5,659 con IVA\" \/>\n\t<meta name=\"twitter:label2\" content=\"Availability\" \/>\n\t<meta name=\"twitter:data2\" content=\"In stock\" \/>\n<script type=\"application\/ld+json\" class=\"yoast-schema-graph\">{\"@context\":\"https:\/\/schema.org\",\"@graph\":[{\"@type\":\"WebPage\",\"@id\":\"https:\/\/compuviper.mx\/tienda\/producto\/wd-western-digital-wd122kfbx-disco-duro-interno-wd-red-pro-12tb-3-5-escritorio-sata3-6gb-s-256mb-7200rpm-24x7-hotplug-nas-1-24-bahias\/\",\"url\":\"https:\/\/compuviper.mx\/tienda\/producto\/wd-western-digital-wd122kfbx-disco-duro-interno-wd-red-pro-12tb-3-5-escritorio-sata3-6gb-s-256mb-7200rpm-24x7-hotplug-nas-1-24-bahias\/\",\"name\":\"[ Wd - Western Digital ] &#129351; Wd122kfbx Disco Duro Interno Wd Red Pro 12tb 3.5 Escritorio Sata3 6gb\/s 256mb 7200rpm 24x7 Hotplug Nas 1-24 Bahias\",\"isPartOf\":{\"@id\":\"https:\/\/compuviper.mx\/tienda\/#website\"},\"datePublished\":\"2026-04-02T06:39:10+00:00\",\"dateModified\":\"2026-04-03T06:00:13+00:00\",\"description\":\"Compra Wd122kfbx Disco Duro Interno Wd Red Pro 12tb 3.5 Escritorio Sata3 6gb\/s 256mb 7200rpm 24x7 Hotplug Nas 1-24 Bahias + Env\u00edo a domicilio + Pago seguro + Garant\u00eda\",\"breadcrumb\":{\"@id\":\"https:\/\/compuviper.mx\/tienda\/producto\/wd-western-digital-wd122kfbx-disco-duro-interno-wd-red-pro-12tb-3-5-escritorio-sata3-6gb-s-256mb-7200rpm-24x7-hotplug-nas-1-24-bahias\/#breadcrumb\"},\"inLanguage\":\"es-MX\",\"potentialAction\":[{\"@type\":\"ReadAction\",\"target\":[\"https:\/\/compuviper.mx\/tienda\/producto\/wd-western-digital-wd122kfbx-disco-duro-interno-wd-red-pro-12tb-3-5-escritorio-sata3-6gb-s-256mb-7200rpm-24x7-hotplug-nas-1-24-bahias\/\"]}]},{\"@type\":\"BreadcrumbList\",\"@id\":\"https:\/\/compuviper.mx\/tienda\/producto\/wd-western-digital-wd122kfbx-disco-duro-interno-wd-red-pro-12tb-3-5-escritorio-sata3-6gb-s-256mb-7200rpm-24x7-hotplug-nas-1-24-bahias\/#breadcrumb\",\"itemListElement\":[{\"@type\":\"ListItem\",\"position\":1,\"name\":\"Inicio\",\"item\":\"https:\/\/compuviper.mx\/tienda\/\"},{\"@type\":\"ListItem\",\"position\":2,\"name\":\"Productos\",\"item\":\"https:\/\/compuviper.mx\/tienda\/productos\/\"},{\"@type\":\"ListItem\",\"position\":3,\"name\":\"Discos Duros\",\"item\":\"https:\/\/compuviper.mx\/tienda\/categoria-producto\/discos-duros\/\"},{\"@type\":\"ListItem\",\"position\":4,\"name\":\"Disco Duro\",\"item\":\"https:\/\/compuviper.mx\/tienda\/categoria-producto\/discos-duros\/disco-duro\/\"},{\"@type\":\"ListItem\",\"position\":5,\"name\":\"Wd &#8211; Western Digital Wd122kfbx Disco Duro Interno Wd Red Pro 12tb 3.5 Escritorio Sata3 6gb\/s 256mb 7200rpm 24&#215;7 Hotplug Nas 1-24 Bahias\"}]},{\"@type\":\"WebSite\",\"@id\":\"https:\/\/compuviper.mx\/tienda\/#website\",\"url\":\"https:\/\/compuviper.mx\/tienda\/\",\"name\":\"Compuviper\",\"description\":\"Proveedor de Computadoras, Laptops, Servidores, Monitores, Puntos de Venta, Teclados,   Impresoras, T\u00f3ner, C\u00e1maras de Seguridad y m\u00e1s en tu tienda en l\u00ednea\",\"publisher\":{\"@id\":\"https:\/\/compuviper.mx\/tienda\/#organization\"},\"potentialAction\":[{\"@type\":\"SearchAction\",\"target\":{\"@type\":\"EntryPoint\",\"urlTemplate\":\"https:\/\/compuviper.mx\/tienda\/?s={search_term_string}\"},\"query-input\":\"required name=search_term_string\"}],\"inLanguage\":\"es-MX\"},{\"@type\":\"Organization\",\"@id\":\"https:\/\/compuviper.mx\/tienda\/#organization\",\"name\":\"Compuviper\",\"url\":\"https:\/\/compuviper.mx\/tienda\/\",\"logo\":{\"@type\":\"ImageObject\",\"inLanguage\":\"es-MX\",\"@id\":\"https:\/\/compuviper.mx\/tienda\/#\/schema\/logo\/image\/\",\"url\":\"https:\/\/compuviper.mx\/tienda\/wp-content\/uploads\/2021\/08\/Logo-Compuviper-10.png\",\"contentUrl\":\"https:\/\/compuviper.mx\/tienda\/wp-content\/uploads\/2021\/08\/Logo-Compuviper-10.png\",\"width\":1000,\"height\":500,\"caption\":\"Compuviper\"},\"image\":{\"@id\":\"https:\/\/compuviper.mx\/tienda\/#\/schema\/logo\/image\/\"},\"sameAs\":[\"https:\/\/www.facebook.com\/compuviper\",\"https:\/\/www.youtube.com\/channel\/UCf73dERp9Y3cfOq7q8BhLjA?view_as=subscriber\"]}]}<\/script>\n<meta property=\"product:brand\" content=\"WD - WESTERN DIGITAL\" \/>\n<meta property=\"product:price:amount\" content=\"5659\" \/>\n<meta property=\"product:price:currency\" content=\"MXN\" \/>\n<meta property=\"og:availability\" content=\"instock\" \/>\n<meta property=\"product:availability\" content=\"instock\" \/>\n<meta property=\"product:retailer_item_id\" content=\"WD122KFBX\" \/>\n<meta property=\"product:condition\" content=\"new\" \/>\n<!-- \/ Yoast SEO plugin. -->","yoast_head_json":{"title":"[ Wd - Western Digital ] &#129351; Wd122kfbx Disco Duro Interno Wd Red Pro 12tb 3.5 Escritorio Sata3 6gb\/s 256mb 7200rpm 24x7 Hotplug Nas 1-24 Bahias","description":"Compra Wd122kfbx Disco Duro Interno Wd Red Pro 12tb 3.5 Escritorio Sata3 6gb\/s 256mb 7200rpm 24x7 Hotplug Nas 1-24 Bahias + Env\u00edo a domicilio + Pago seguro + Garant\u00eda","robots":{"index":"index","follow":"follow","max-snippet":"max-snippet:-1","max-image-preview":"max-image-preview:large","max-video-preview":"max-video-preview:-1"},"canonical":"https:\/\/compuviper.mx\/tienda\/producto\/wd-western-digital-wd122kfbx-disco-duro-interno-wd-red-pro-12tb-3-5-escritorio-sata3-6gb-s-256mb-7200rpm-24x7-hotplug-nas-1-24-bahias\/","og_locale":"es_MX","og_type":"article","og_title":"[ Wd - Western Digital ] &#129351; Wd122kfbx Disco Duro Interno Wd Red Pro 12tb 3.5 Escritorio Sata3 6gb\/s 256mb 7200rpm 24x7 Hotplug Nas 1-24 Bahias","og_description":"Compra Wd122kfbx Disco Duro Interno Wd Red Pro 12tb 3.5 Escritorio Sata3 6gb\/s 256mb 7200rpm 24x7 Hotplug Nas 1-24 Bahias + Env\u00edo a domicilio + Pago seguro + Garant\u00eda","og_url":"https:\/\/compuviper.mx\/tienda\/producto\/wd-western-digital-wd122kfbx-disco-duro-interno-wd-red-pro-12tb-3-5-escritorio-sata3-6gb-s-256mb-7200rpm-24x7-hotplug-nas-1-24-bahias\/","og_site_name":"Compuviper","article_publisher":"https:\/\/www.facebook.com\/compuviper","article_modified_time":"2026-04-03T06:00:13+00:00","og_image":[{"width":200,"height":200,"url":"https:\/\/compuviper.mx\/tienda\/wp-content\/uploads\/2026\/03\/Disco-duro-interno-wd-red-pro-12tb-3.5-escritorio-sata3-6gbs-256mb-7200rpm-24x7-hotplug-nas-1-24-bahias-wd122kfbx.jpg","type":"image\/jpeg"}],"twitter_card":"summary_large_image","twitter_misc":{"Precio":"&#36;5,659 con IVA","Availability":"In stock"},"schema":{"@context":"https:\/\/schema.org","@graph":[{"@type":"WebPage","@id":"https:\/\/compuviper.mx\/tienda\/producto\/wd-western-digital-wd122kfbx-disco-duro-interno-wd-red-pro-12tb-3-5-escritorio-sata3-6gb-s-256mb-7200rpm-24x7-hotplug-nas-1-24-bahias\/","url":"https:\/\/compuviper.mx\/tienda\/producto\/wd-western-digital-wd122kfbx-disco-duro-interno-wd-red-pro-12tb-3-5-escritorio-sata3-6gb-s-256mb-7200rpm-24x7-hotplug-nas-1-24-bahias\/","name":"[ Wd - Western Digital ] &#129351; Wd122kfbx Disco Duro Interno Wd Red Pro 12tb 3.5 Escritorio Sata3 6gb\/s 256mb 7200rpm 24x7 Hotplug Nas 1-24 Bahias","isPartOf":{"@id":"https:\/\/compuviper.mx\/tienda\/#website"},"datePublished":"2026-04-02T06:39:10+00:00","dateModified":"2026-04-03T06:00:13+00:00","description":"Compra Wd122kfbx Disco Duro Interno Wd Red Pro 12tb 3.5 Escritorio Sata3 6gb\/s 256mb 7200rpm 24x7 Hotplug Nas 1-24 Bahias + Env\u00edo a domicilio + Pago seguro + Garant\u00eda","breadcrumb":{"@id":"https:\/\/compuviper.mx\/tienda\/producto\/wd-western-digital-wd122kfbx-disco-duro-interno-wd-red-pro-12tb-3-5-escritorio-sata3-6gb-s-256mb-7200rpm-24x7-hotplug-nas-1-24-bahias\/#breadcrumb"},"inLanguage":"es-MX","potentialAction":[{"@type":"ReadAction","target":["https:\/\/compuviper.mx\/tienda\/producto\/wd-western-digital-wd122kfbx-disco-duro-interno-wd-red-pro-12tb-3-5-escritorio-sata3-6gb-s-256mb-7200rpm-24x7-hotplug-nas-1-24-bahias\/"]}]},{"@type":"BreadcrumbList","@id":"https:\/\/compuviper.mx\/tienda\/producto\/wd-western-digital-wd122kfbx-disco-duro-interno-wd-red-pro-12tb-3-5-escritorio-sata3-6gb-s-256mb-7200rpm-24x7-hotplug-nas-1-24-bahias\/#breadcrumb","itemListElement":[{"@type":"ListItem","position":1,"name":"Inicio","item":"https:\/\/compuviper.mx\/tienda\/"},{"@type":"ListItem","position":2,"name":"Productos","item":"https:\/\/compuviper.mx\/tienda\/productos\/"},{"@type":"ListItem","position":3,"name":"Discos Duros","item":"https:\/\/compuviper.mx\/tienda\/categoria-producto\/discos-duros\/"},{"@type":"ListItem","position":4,"name":"Disco Duro","item":"https:\/\/compuviper.mx\/tienda\/categoria-producto\/discos-duros\/disco-duro\/"},{"@type":"ListItem","position":5,"name":"Wd &#8211; Western Digital Wd122kfbx Disco Duro Interno Wd Red Pro 12tb 3.5 Escritorio Sata3 6gb\/s 256mb 7200rpm 24&#215;7 Hotplug Nas 1-24 Bahias"}]},{"@type":"WebSite","@id":"https:\/\/compuviper.mx\/tienda\/#website","url":"https:\/\/compuviper.mx\/tienda\/","name":"Compuviper","description":"Proveedor de Computadoras, Laptops, Servidores, Monitores, Puntos de Venta, Teclados,   Impresoras, T\u00f3ner, C\u00e1maras de Seguridad y m\u00e1s en tu tienda en l\u00ednea","publisher":{"@id":"https:\/\/compuviper.mx\/tienda\/#organization"},"potentialAction":[{"@type":"SearchAction","target":{"@type":"EntryPoint","urlTemplate":"https:\/\/compuviper.mx\/tienda\/?s={search_term_string}"},"query-input":"required name=search_term_string"}],"inLanguage":"es-MX"},{"@type":"Organization","@id":"https:\/\/compuviper.mx\/tienda\/#organization","name":"Compuviper","url":"https:\/\/compuviper.mx\/tienda\/","logo":{"@type":"ImageObject","inLanguage":"es-MX","@id":"https:\/\/compuviper.mx\/tienda\/#\/schema\/logo\/image\/","url":"https:\/\/compuviper.mx\/tienda\/wp-content\/uploads\/2021\/08\/Logo-Compuviper-10.png","contentUrl":"https:\/\/compuviper.mx\/tienda\/wp-content\/uploads\/2021\/08\/Logo-Compuviper-10.png","width":1000,"height":500,"caption":"Compuviper"},"image":{"@id":"https:\/\/compuviper.mx\/tienda\/#\/schema\/logo\/image\/"},"sameAs":["https:\/\/www.facebook.com\/compuviper","https:\/\/www.youtube.com\/channel\/UCf73dERp9Y3cfOq7q8BhLjA?view_as=subscriber"]}]},"product_brand":"WD - WESTERN DIGITAL","product_price_amount":"5659","product_price_currency":"MXN","og_availability":"instock","product_availability":"instock","product_retailer_item_id":"WD122KFBX","product_condition":"new"},"_links":{"self":[{"href":"https:\/\/compuviper.mx\/tienda\/wp-json\/wp\/v2\/product\/267998"}],"collection":[{"href":"https:\/\/compuviper.mx\/tienda\/wp-json\/wp\/v2\/product"}],"about":[{"href":"https:\/\/compuviper.mx\/tienda\/wp-json\/wp\/v2\/types\/product"}],"replies":[{"embeddable":true,"href":"https:\/\/compuviper.mx\/tienda\/wp-json\/wp\/v2\/comments?post=267998"}],"wp:featuredmedia":[{"embeddable":true,"href":"https:\/\/compuviper.mx\/tienda\/wp-json\/wp\/v2\/media\/267999"}],"wp:attachment":[{"href":"https:\/\/compuviper.mx\/tienda\/wp-json\/wp\/v2\/media?parent=267998"}],"wp:term":[{"taxonomy":"product_cat","embeddable":true,"href":"https:\/\/compuviper.mx\/tienda\/wp-json\/wp\/v2\/product_cat?post=267998"},{"taxonomy":"product_tag","embeddable":true,"href":"https:\/\/compuviper.mx\/tienda\/wp-json\/wp\/v2\/product_tag?post=267998"}],"curies":[{"name":"wp","href":"https:\/\/api.w.org\/{rel}","templated":true}]}}