{"id":267996,"date":"2026-04-07T00:37:38","date_gmt":"2026-04-07T06:37:38","guid":{"rendered":"https:\/\/compuviper.mx\/tienda\/producto\/adata-sleg-900-512gcs-unidad-de-estado-solido-ssd-interno-512gb-legend-900-m-2-2280-nvme-pcie-gen-4x4-lect-7000-escrit-5400-mbs-pc-laptop-minipc-ps5-3dnand-disipador\/"},"modified":"2026-04-07T00:37:38","modified_gmt":"2026-04-07T06:37:38","slug":"adata-sleg-900-512gcs-unidad-de-estado-solido-ssd-interno-512gb-legend-900-m-2-2280-nvme-pcie-gen-4x4-lect-7000-escrit-5400-mbs-pc-laptop-minipc-ps5-3dnand-disipador","status":"publish","type":"product","link":"https:\/\/compuviper.mx\/tienda\/producto\/adata-sleg-900-512gcs-unidad-de-estado-solido-ssd-interno-512gb-legend-900-m-2-2280-nvme-pcie-gen-4x4-lect-7000-escrit-5400-mbs-pc-laptop-minipc-ps5-3dnand-disipador\/","title":{"rendered":"Adata Sleg-900-512gcs Unidad De Estado Solido Ssd Interno 512gb  Legend 900 M.2 2280 Nvme Pcie Gen 4&#215;4 Lect.7000 Escrit.5400 Mbs Pc Laptop Minipc Ps5 3dnand Disipador ()"},"content":{"rendered":"<table class=\"descripcion\">\n<tr>\n<td>Capacidad512gb<\/td>\n<\/tr>\n<tr>\n<td>Factor de formam.2 2280<\/td>\n<\/tr>\n<tr>\n<td>Nand flash3d tlc<\/td>\n<\/tr>\n<tr>\n<td>Dimensiones l x an x al   80 mm x 22 mm x 3,35 mm\/3,15 pulgadas x 0,86 pulgadas x 0,13 pulgadas con disipador<\/td>\n<\/tr>\n<tr>\n<td>80 mm x 22 mm x 2,05 mm\/3,15 pulgadas x 0,86 pulgadas x 0,08 pulgadas sin disipador<\/td>\n<\/tr>\n<tr>\n<td>Peso10,6g\/0,37 onzas con disipador<\/td>\n<\/tr>\n<tr>\n<td>6,5g\/0,23 onzas sin disipador<\/td>\n<\/tr>\n<tr>\n<td>Interfazpcie gen4 x4<\/td>\n<\/tr>\n<tr>\n<td>Lectura secuencial mxhasta 7.000 mb\/s pc\/porttil, hasta 6.200 mb\/s ps5<\/td>\n<\/tr>\n<tr>\n<td>Escritura secuencial mxhasta 5.400 mb\/s<\/td>\n<\/tr>\n<tr>\n<td>Temperatura de operacin0 \u00b0c &#8211; 70 \u00b0c<\/td>\n<\/tr>\n<tr>\n<td>Temperatura de almacenamiento-40\u00b0c &#8211; 85\u00b0c<\/td>\n<\/tr>\n<tr>\n<td>Resistencia a golpes1.500g\/0,5ms<\/td>\n<\/tr>\n<tr>\n<td>Mtbf1.500.000 horas<\/td>\n<\/tr>\n<tr>\n<td>Terabytes escritos tbw1,200tb<\/td>\n<\/tr>\n<\/table>\n","protected":false},"excerpt":{"rendered":"<p>La unidad de estado slido legend 900 es la mejor opcin para los creadores que desean obtener su primer pci.E 4.0 de alta gama. Ssd. Con velocidades de lectura\/escritura secuenciales de 7000\/5400 mb por segundo, almacenamiento de alta capacidad de 2tb y compatibilidad con las ltimas plataformas intel y amd, el legend 900 es una solucin potente y rentable.<\/p>\n","protected":false},"featured_media":267997,"comment_status":"open","ping_status":"open","template":"","meta":[],"product_cat":[1703,1708],"product_tag":[1539],"acf":[],"yoast_head":"<!-- This site is optimized with the Yoast SEO plugin v21.7 - https:\/\/yoast.com\/wordpress\/plugins\/seo\/ -->\n<title>[ Adata ] &#129351; Sleg-900-512gcs Unidad De Estado Solido Ssd Interno 512gb Legend 900 M.2 2280 Nvme Pcie Gen 4x4 Lect.7000 Escrit.5400 Mbs Pc Laptop Minipc Ps5 3dnand Disipador ()<\/title>\n<meta name=\"description\" content=\"Compra Sleg-900-512gcs Unidad De Estado Solido Ssd Interno 512gb Legend 900 M.2 2280 Nvme Pcie Gen 4x4 Lect.7000 Escrit.5400 Mbs Pc Laptop Minipc Ps5 3dnand Disipador () + Env\u00edo a domicilio + Pago seguro + Garant\u00eda\" \/>\n<meta name=\"robots\" content=\"index, follow, max-snippet:-1, max-image-preview:large, max-video-preview:-1\" \/>\n<link rel=\"canonical\" href=\"https:\/\/compuviper.mx\/tienda\/producto\/adata-sleg-900-512gcs-unidad-de-estado-solido-ssd-interno-512gb-legend-900-m-2-2280-nvme-pcie-gen-4x4-lect-7000-escrit-5400-mbs-pc-laptop-minipc-ps5-3dnand-disipador\/\" \/>\n<meta property=\"og:locale\" content=\"es_MX\" \/>\n<meta property=\"og:type\" content=\"article\" \/>\n<meta property=\"og:title\" content=\"[ Adata ] &#129351; Sleg-900-512gcs Unidad De Estado Solido Ssd Interno 512gb Legend 900 M.2 2280 Nvme Pcie Gen 4x4 Lect.7000 Escrit.5400 Mbs Pc Laptop Minipc Ps5 3dnand Disipador ()\" \/>\n<meta property=\"og:description\" content=\"Compra Sleg-900-512gcs Unidad De Estado Solido Ssd Interno 512gb Legend 900 M.2 2280 Nvme Pcie Gen 4x4 Lect.7000 Escrit.5400 Mbs Pc Laptop Minipc Ps5 3dnand Disipador () + Env\u00edo a domicilio + Pago seguro + Garant\u00eda\" \/>\n<meta property=\"og:url\" content=\"https:\/\/compuviper.mx\/tienda\/producto\/adata-sleg-900-512gcs-unidad-de-estado-solido-ssd-interno-512gb-legend-900-m-2-2280-nvme-pcie-gen-4x4-lect-7000-escrit-5400-mbs-pc-laptop-minipc-ps5-3dnand-disipador\/\" \/>\n<meta property=\"og:site_name\" content=\"Compuviper\" \/>\n<meta property=\"article:publisher\" content=\"https:\/\/www.facebook.com\/compuviper\" \/>\n<meta property=\"og:image\" content=\"https:\/\/compuviper.mx\/tienda\/wp-content\/uploads\/2026\/03\/Unidad-de-estado-solido-ssd-interno-512gb-adata-legend-900-m.2-2280-nvme-pcie-gen-4x4-lect.7000-escrit.5400-mbs-pc-laptop-minipc-ps5-3dnand-disipador-sleg-900-512gcs.jpg\" \/>\n\t<meta property=\"og:image:width\" content=\"200\" \/>\n\t<meta property=\"og:image:height\" content=\"200\" \/>\n\t<meta property=\"og:image:type\" content=\"image\/jpeg\" \/>\n<meta name=\"twitter:card\" content=\"summary_large_image\" \/>\n<meta name=\"twitter:label1\" content=\"Precio\" \/>\n\t<meta name=\"twitter:data1\" content=\"&#36;1,728 con IVA\" \/>\n\t<meta name=\"twitter:label2\" content=\"Availability\" \/>\n\t<meta name=\"twitter:data2\" content=\"Out of stock\" \/>\n<script type=\"application\/ld+json\" class=\"yoast-schema-graph\">{\"@context\":\"https:\/\/schema.org\",\"@graph\":[{\"@type\":\"WebPage\",\"@id\":\"https:\/\/compuviper.mx\/tienda\/producto\/adata-sleg-900-512gcs-unidad-de-estado-solido-ssd-interno-512gb-legend-900-m-2-2280-nvme-pcie-gen-4x4-lect-7000-escrit-5400-mbs-pc-laptop-minipc-ps5-3dnand-disipador\/\",\"url\":\"https:\/\/compuviper.mx\/tienda\/producto\/adata-sleg-900-512gcs-unidad-de-estado-solido-ssd-interno-512gb-legend-900-m-2-2280-nvme-pcie-gen-4x4-lect-7000-escrit-5400-mbs-pc-laptop-minipc-ps5-3dnand-disipador\/\",\"name\":\"[ Adata ] &#129351; Sleg-900-512gcs Unidad De Estado Solido Ssd Interno 512gb Legend 900 M.2 2280 Nvme Pcie Gen 4x4 Lect.7000 Escrit.5400 Mbs Pc Laptop Minipc Ps5 3dnand Disipador ()\",\"isPartOf\":{\"@id\":\"https:\/\/compuviper.mx\/tienda\/#website\"},\"datePublished\":\"2026-04-07T06:37:38+00:00\",\"dateModified\":\"2026-04-07T06:37:38+00:00\",\"description\":\"Compra Sleg-900-512gcs Unidad De Estado Solido Ssd Interno 512gb Legend 900 M.2 2280 Nvme Pcie Gen 4x4 Lect.7000 Escrit.5400 Mbs Pc Laptop Minipc Ps5 3dnand Disipador () + Env\u00edo a domicilio + Pago seguro + Garant\u00eda\",\"breadcrumb\":{\"@id\":\"https:\/\/compuviper.mx\/tienda\/producto\/adata-sleg-900-512gcs-unidad-de-estado-solido-ssd-interno-512gb-legend-900-m-2-2280-nvme-pcie-gen-4x4-lect-7000-escrit-5400-mbs-pc-laptop-minipc-ps5-3dnand-disipador\/#breadcrumb\"},\"inLanguage\":\"es-MX\",\"potentialAction\":[{\"@type\":\"ReadAction\",\"target\":[\"https:\/\/compuviper.mx\/tienda\/producto\/adata-sleg-900-512gcs-unidad-de-estado-solido-ssd-interno-512gb-legend-900-m-2-2280-nvme-pcie-gen-4x4-lect-7000-escrit-5400-mbs-pc-laptop-minipc-ps5-3dnand-disipador\/\"]}]},{\"@type\":\"BreadcrumbList\",\"@id\":\"https:\/\/compuviper.mx\/tienda\/producto\/adata-sleg-900-512gcs-unidad-de-estado-solido-ssd-interno-512gb-legend-900-m-2-2280-nvme-pcie-gen-4x4-lect-7000-escrit-5400-mbs-pc-laptop-minipc-ps5-3dnand-disipador\/#breadcrumb\",\"itemListElement\":[{\"@type\":\"ListItem\",\"position\":1,\"name\":\"Inicio\",\"item\":\"https:\/\/compuviper.mx\/tienda\/\"},{\"@type\":\"ListItem\",\"position\":2,\"name\":\"Productos\",\"item\":\"https:\/\/compuviper.mx\/tienda\/productos\/\"},{\"@type\":\"ListItem\",\"position\":3,\"name\":\"Discos Duros\",\"item\":\"https:\/\/compuviper.mx\/tienda\/categoria-producto\/discos-duros\/\"},{\"@type\":\"ListItem\",\"position\":4,\"name\":\"Unidad De Estado Solido\",\"item\":\"https:\/\/compuviper.mx\/tienda\/categoria-producto\/discos-duros\/unidad-de-estado-solido\/\"},{\"@type\":\"ListItem\",\"position\":5,\"name\":\"Adata Sleg-900-512gcs Unidad De Estado Solido Ssd Interno 512gb Legend 900 M.2 2280 Nvme Pcie Gen 4&#215;4 Lect.7000 Escrit.5400 Mbs Pc Laptop Minipc Ps5 3dnand Disipador ()\"}]},{\"@type\":\"WebSite\",\"@id\":\"https:\/\/compuviper.mx\/tienda\/#website\",\"url\":\"https:\/\/compuviper.mx\/tienda\/\",\"name\":\"Compuviper\",\"description\":\"Proveedor de Computadoras, Laptops, Servidores, Monitores, Puntos de Venta, Teclados,   Impresoras, T\u00f3ner, C\u00e1maras de Seguridad y m\u00e1s en tu tienda en l\u00ednea\",\"publisher\":{\"@id\":\"https:\/\/compuviper.mx\/tienda\/#organization\"},\"potentialAction\":[{\"@type\":\"SearchAction\",\"target\":{\"@type\":\"EntryPoint\",\"urlTemplate\":\"https:\/\/compuviper.mx\/tienda\/?s={search_term_string}\"},\"query-input\":\"required name=search_term_string\"}],\"inLanguage\":\"es-MX\"},{\"@type\":\"Organization\",\"@id\":\"https:\/\/compuviper.mx\/tienda\/#organization\",\"name\":\"Compuviper\",\"url\":\"https:\/\/compuviper.mx\/tienda\/\",\"logo\":{\"@type\":\"ImageObject\",\"inLanguage\":\"es-MX\",\"@id\":\"https:\/\/compuviper.mx\/tienda\/#\/schema\/logo\/image\/\",\"url\":\"https:\/\/compuviper.mx\/tienda\/wp-content\/uploads\/2021\/08\/Logo-Compuviper-10.png\",\"contentUrl\":\"https:\/\/compuviper.mx\/tienda\/wp-content\/uploads\/2021\/08\/Logo-Compuviper-10.png\",\"width\":1000,\"height\":500,\"caption\":\"Compuviper\"},\"image\":{\"@id\":\"https:\/\/compuviper.mx\/tienda\/#\/schema\/logo\/image\/\"},\"sameAs\":[\"https:\/\/www.facebook.com\/compuviper\",\"https:\/\/www.youtube.com\/channel\/UCf73dERp9Y3cfOq7q8BhLjA?view_as=subscriber\"]}]}<\/script>\n<meta property=\"product:brand\" content=\"ADATA\" \/>\n<meta property=\"product:price:amount\" content=\"1728\" \/>\n<meta property=\"product:price:currency\" content=\"MXN\" \/>\n<meta property=\"og:availability\" content=\"out of stock\" \/>\n<meta property=\"product:availability\" content=\"out of stock\" \/>\n<meta property=\"product:retailer_item_id\" content=\"SLEG-900-512GCS\" \/>\n<meta property=\"product:condition\" content=\"new\" \/>\n<!-- \/ Yoast SEO plugin. -->","yoast_head_json":{"title":"[ Adata ] &#129351; Sleg-900-512gcs Unidad De Estado Solido Ssd Interno 512gb Legend 900 M.2 2280 Nvme Pcie Gen 4x4 Lect.7000 Escrit.5400 Mbs Pc Laptop Minipc Ps5 3dnand Disipador ()","description":"Compra Sleg-900-512gcs Unidad De Estado Solido Ssd Interno 512gb Legend 900 M.2 2280 Nvme Pcie Gen 4x4 Lect.7000 Escrit.5400 Mbs Pc Laptop Minipc Ps5 3dnand Disipador () + Env\u00edo a domicilio + Pago seguro + Garant\u00eda","robots":{"index":"index","follow":"follow","max-snippet":"max-snippet:-1","max-image-preview":"max-image-preview:large","max-video-preview":"max-video-preview:-1"},"canonical":"https:\/\/compuviper.mx\/tienda\/producto\/adata-sleg-900-512gcs-unidad-de-estado-solido-ssd-interno-512gb-legend-900-m-2-2280-nvme-pcie-gen-4x4-lect-7000-escrit-5400-mbs-pc-laptop-minipc-ps5-3dnand-disipador\/","og_locale":"es_MX","og_type":"article","og_title":"[ Adata ] &#129351; Sleg-900-512gcs Unidad De Estado Solido Ssd Interno 512gb Legend 900 M.2 2280 Nvme Pcie Gen 4x4 Lect.7000 Escrit.5400 Mbs Pc Laptop Minipc Ps5 3dnand Disipador ()","og_description":"Compra Sleg-900-512gcs Unidad De Estado Solido Ssd Interno 512gb Legend 900 M.2 2280 Nvme Pcie Gen 4x4 Lect.7000 Escrit.5400 Mbs Pc Laptop Minipc Ps5 3dnand Disipador () + Env\u00edo a domicilio + Pago seguro + Garant\u00eda","og_url":"https:\/\/compuviper.mx\/tienda\/producto\/adata-sleg-900-512gcs-unidad-de-estado-solido-ssd-interno-512gb-legend-900-m-2-2280-nvme-pcie-gen-4x4-lect-7000-escrit-5400-mbs-pc-laptop-minipc-ps5-3dnand-disipador\/","og_site_name":"Compuviper","article_publisher":"https:\/\/www.facebook.com\/compuviper","og_image":[{"width":200,"height":200,"url":"https:\/\/compuviper.mx\/tienda\/wp-content\/uploads\/2026\/03\/Unidad-de-estado-solido-ssd-interno-512gb-adata-legend-900-m.2-2280-nvme-pcie-gen-4x4-lect.7000-escrit.5400-mbs-pc-laptop-minipc-ps5-3dnand-disipador-sleg-900-512gcs.jpg","type":"image\/jpeg"}],"twitter_card":"summary_large_image","twitter_misc":{"Precio":"&#36;1,728 con IVA","Availability":"Out of stock"},"schema":{"@context":"https:\/\/schema.org","@graph":[{"@type":"WebPage","@id":"https:\/\/compuviper.mx\/tienda\/producto\/adata-sleg-900-512gcs-unidad-de-estado-solido-ssd-interno-512gb-legend-900-m-2-2280-nvme-pcie-gen-4x4-lect-7000-escrit-5400-mbs-pc-laptop-minipc-ps5-3dnand-disipador\/","url":"https:\/\/compuviper.mx\/tienda\/producto\/adata-sleg-900-512gcs-unidad-de-estado-solido-ssd-interno-512gb-legend-900-m-2-2280-nvme-pcie-gen-4x4-lect-7000-escrit-5400-mbs-pc-laptop-minipc-ps5-3dnand-disipador\/","name":"[ Adata ] &#129351; Sleg-900-512gcs Unidad De Estado Solido Ssd Interno 512gb Legend 900 M.2 2280 Nvme Pcie Gen 4x4 Lect.7000 Escrit.5400 Mbs Pc Laptop Minipc Ps5 3dnand Disipador ()","isPartOf":{"@id":"https:\/\/compuviper.mx\/tienda\/#website"},"datePublished":"2026-04-07T06:37:38+00:00","dateModified":"2026-04-07T06:37:38+00:00","description":"Compra Sleg-900-512gcs Unidad De Estado Solido Ssd Interno 512gb Legend 900 M.2 2280 Nvme Pcie Gen 4x4 Lect.7000 Escrit.5400 Mbs Pc Laptop Minipc Ps5 3dnand Disipador () + Env\u00edo a domicilio + Pago seguro + Garant\u00eda","breadcrumb":{"@id":"https:\/\/compuviper.mx\/tienda\/producto\/adata-sleg-900-512gcs-unidad-de-estado-solido-ssd-interno-512gb-legend-900-m-2-2280-nvme-pcie-gen-4x4-lect-7000-escrit-5400-mbs-pc-laptop-minipc-ps5-3dnand-disipador\/#breadcrumb"},"inLanguage":"es-MX","potentialAction":[{"@type":"ReadAction","target":["https:\/\/compuviper.mx\/tienda\/producto\/adata-sleg-900-512gcs-unidad-de-estado-solido-ssd-interno-512gb-legend-900-m-2-2280-nvme-pcie-gen-4x4-lect-7000-escrit-5400-mbs-pc-laptop-minipc-ps5-3dnand-disipador\/"]}]},{"@type":"BreadcrumbList","@id":"https:\/\/compuviper.mx\/tienda\/producto\/adata-sleg-900-512gcs-unidad-de-estado-solido-ssd-interno-512gb-legend-900-m-2-2280-nvme-pcie-gen-4x4-lect-7000-escrit-5400-mbs-pc-laptop-minipc-ps5-3dnand-disipador\/#breadcrumb","itemListElement":[{"@type":"ListItem","position":1,"name":"Inicio","item":"https:\/\/compuviper.mx\/tienda\/"},{"@type":"ListItem","position":2,"name":"Productos","item":"https:\/\/compuviper.mx\/tienda\/productos\/"},{"@type":"ListItem","position":3,"name":"Discos Duros","item":"https:\/\/compuviper.mx\/tienda\/categoria-producto\/discos-duros\/"},{"@type":"ListItem","position":4,"name":"Unidad De Estado Solido","item":"https:\/\/compuviper.mx\/tienda\/categoria-producto\/discos-duros\/unidad-de-estado-solido\/"},{"@type":"ListItem","position":5,"name":"Adata Sleg-900-512gcs Unidad De Estado Solido Ssd Interno 512gb Legend 900 M.2 2280 Nvme Pcie Gen 4&#215;4 Lect.7000 Escrit.5400 Mbs Pc Laptop Minipc Ps5 3dnand Disipador ()"}]},{"@type":"WebSite","@id":"https:\/\/compuviper.mx\/tienda\/#website","url":"https:\/\/compuviper.mx\/tienda\/","name":"Compuviper","description":"Proveedor de Computadoras, Laptops, Servidores, Monitores, Puntos de Venta, Teclados,   Impresoras, T\u00f3ner, C\u00e1maras de Seguridad y m\u00e1s en tu tienda en l\u00ednea","publisher":{"@id":"https:\/\/compuviper.mx\/tienda\/#organization"},"potentialAction":[{"@type":"SearchAction","target":{"@type":"EntryPoint","urlTemplate":"https:\/\/compuviper.mx\/tienda\/?s={search_term_string}"},"query-input":"required name=search_term_string"}],"inLanguage":"es-MX"},{"@type":"Organization","@id":"https:\/\/compuviper.mx\/tienda\/#organization","name":"Compuviper","url":"https:\/\/compuviper.mx\/tienda\/","logo":{"@type":"ImageObject","inLanguage":"es-MX","@id":"https:\/\/compuviper.mx\/tienda\/#\/schema\/logo\/image\/","url":"https:\/\/compuviper.mx\/tienda\/wp-content\/uploads\/2021\/08\/Logo-Compuviper-10.png","contentUrl":"https:\/\/compuviper.mx\/tienda\/wp-content\/uploads\/2021\/08\/Logo-Compuviper-10.png","width":1000,"height":500,"caption":"Compuviper"},"image":{"@id":"https:\/\/compuviper.mx\/tienda\/#\/schema\/logo\/image\/"},"sameAs":["https:\/\/www.facebook.com\/compuviper","https:\/\/www.youtube.com\/channel\/UCf73dERp9Y3cfOq7q8BhLjA?view_as=subscriber"]}]},"product_brand":"ADATA","product_price_amount":"1728","product_price_currency":"MXN","og_availability":"out of stock","product_availability":"out of stock","product_retailer_item_id":"SLEG-900-512GCS","product_condition":"new"},"_links":{"self":[{"href":"https:\/\/compuviper.mx\/tienda\/wp-json\/wp\/v2\/product\/267996"}],"collection":[{"href":"https:\/\/compuviper.mx\/tienda\/wp-json\/wp\/v2\/product"}],"about":[{"href":"https:\/\/compuviper.mx\/tienda\/wp-json\/wp\/v2\/types\/product"}],"replies":[{"embeddable":true,"href":"https:\/\/compuviper.mx\/tienda\/wp-json\/wp\/v2\/comments?post=267996"}],"wp:featuredmedia":[{"embeddable":true,"href":"https:\/\/compuviper.mx\/tienda\/wp-json\/wp\/v2\/media\/267997"}],"wp:attachment":[{"href":"https:\/\/compuviper.mx\/tienda\/wp-json\/wp\/v2\/media?parent=267996"}],"wp:term":[{"taxonomy":"product_cat","embeddable":true,"href":"https:\/\/compuviper.mx\/tienda\/wp-json\/wp\/v2\/product_cat?post=267996"},{"taxonomy":"product_tag","embeddable":true,"href":"https:\/\/compuviper.mx\/tienda\/wp-json\/wp\/v2\/product_tag?post=267996"}],"curies":[{"name":"wp","href":"https:\/\/api.w.org\/{rel}","templated":true}]}}