{"id":267982,"date":"2026-04-02T00:38:54","date_gmt":"2026-04-02T06:38:54","guid":{"rendered":"https:\/\/compuviper.mx\/tienda\/producto\/wd-western-digital-wdbbgb0160hbk-nesn-disco-duro-externo-wd-my-book-16tb-3-5-escritorio-usb3-2-gen1-negro-windows-mac-backup-encriptacion\/"},"modified":"2026-04-03T00:00:13","modified_gmt":"2026-04-03T06:00:13","slug":"wd-western-digital-wdbbgb0160hbk-nesn-disco-duro-externo-wd-my-book-16tb-3-5-escritorio-usb3-2-gen1-negro-windows-mac-backup-encriptacion","status":"publish","type":"product","link":"https:\/\/compuviper.mx\/tienda\/producto\/wd-western-digital-wdbbgb0160hbk-nesn-disco-duro-externo-wd-my-book-16tb-3-5-escritorio-usb3-2-gen1-negro-windows-mac-backup-encriptacion\/","title":{"rendered":"Wd &#8211; Western Digital Wdbbgb0160hbk-nesn Disco Duro Externo Wd My Book 16tb 3.5 Escritorio Usb3.2 Gen1 Negro Windows Mac Backup Encriptacion"},"content":{"rendered":"<table class=\"descripcion\">\n<tr>\n<td>Features<\/td>\n<\/tr>\n<tr>\n<td>\u0095 copia de seguridad completa<\/td>\n<\/tr>\n<tr>\n<td>\u0095 protecci\u00f3n con contrase\u00f1a<\/td>\n<\/tr>\n<tr>\n<td>\u0095 confiabilidad wd<\/td>\n<\/tr>\n<tr>\n<td>\u0095 observe c\u00f3mo la potencia my book cobra vida<\/td>\n<\/tr>\n<tr>\n<td>\u0095 f\u00e1cil de usar<\/td>\n<\/tr>\n<tr>\n<td>Capacidad<\/td>\n<\/tr>\n<tr>\n<td>16 tb<\/td>\n<\/tr>\n<tr>\n<td>Conector<\/td>\n<\/tr>\n<tr>\n<td>\u0095 micro-b<\/td>\n<\/tr>\n<tr>\n<td>\u0095 power supply<\/td>\n<\/tr>\n<tr>\n<td>Compatibilidad<\/td>\n<\/tr>\n<tr>\n<td>\u0095 tiene formato exfat para ofrecer compatibilidad con windows y mac sin necesidad de realizar ninguna acci\u00f3n.<\/td>\n<\/tr>\n<tr>\n<td>\u0095 sistema operativo:<\/td>\n<\/tr>\n<tr>\n<td>O windows\u00ae 10 o posterior<\/td>\n<\/tr>\n<tr>\n<td>O macos 11 o posterior<\/td>\n<\/tr>\n<tr>\n<td>O puede requerir cambio de formato para admitir otros sistemas operativos<\/td>\n<\/tr>\n<tr>\n<td>\u0095 nota: la compatibilidad puede variar seg\u00fan la configuraci\u00f3n del hardware y del sistema operativo del usuario.<\/td>\n<\/tr>\n<tr>\n<td>Interfaz<\/td>\n<\/tr>\n<tr>\n<td>Usb 3.2 gen 1<\/td>\n<\/tr>\n<tr>\n<td>En la caja<\/td>\n<\/tr>\n<tr>\n<td>\u0095 disco duro de escritorio<\/td>\n<\/tr>\n<tr>\n<td>\u0095 cable usb-a superspeed (5 gbps)<\/td>\n<\/tr>\n<tr>\n<td>\u0095 adaptador de ca<\/td>\n<\/tr>\n<tr>\n<td>\u0095 software  para la administraci\u00f3n del dispositivo y la realizaci\u00f3n de copias de seguridad con protecci\u00f3n mediante contrase\u00f1a<\/td>\n<\/tr>\n<tr>\n<td>\u0095 gu\u00eda de instalaci\u00f3n r\u00e1pida<\/td>\n<\/tr>\n<tr>\n<td>Warranty<\/td>\n<\/tr>\n<tr>\n<td>Garant\u00eda limitada de 3 a\u00f1os<\/td>\n<\/tr>\n<tr>\n<td>Dimensiones (largo, ancho y alto)<\/td>\n<\/tr>\n<tr>\n<td>5.48 x 1.93 x 6.72<\/td>\n<\/tr>\n<tr>\n<td>Peso<\/td>\n<\/tr>\n<tr>\n<td>N\u00famero de modelo<\/td>\n<\/tr>\n<tr>\n<td>Temp. operativa<\/td>\n<\/tr>\n<tr>\n<td>5\u00b0c to 35\u00b0c<\/td>\n<\/tr>\n<tr>\n<td>Non-operating temperature<\/td>\n<\/tr>\n<tr>\n<td>-20\u00b0c to 65\u00b0c<\/td>\n<\/tr>\n<\/table>\n","protected":false},"excerpt":{"rendered":"<p>El disco duro my book es un almacenamiento de escritorio confiable dise\u00f1ado para complementar su estilo personal con una gran cantidad de espacio para almacenar sus fotos, videos, m\u00fasica y documentos. El almacenamiento de escritorio my book, que viene equipado con protecci\u00f3n mediante contrase\u00f1a y funciona a la perfecci\u00f3n con el software de copia de seguridad, lo ayuda a proteger sus archivos.<\/p>\n","protected":false},"featured_media":267983,"comment_status":"open","ping_status":"open","template":"","meta":[],"product_cat":[1703,1706],"product_tag":[1705],"acf":[],"yoast_head":"<!-- This site is optimized with the Yoast SEO plugin v21.7 - https:\/\/yoast.com\/wordpress\/plugins\/seo\/ -->\n<title>[ Wd - Western Digital ] &#129351; Wdbbgb0160hbk-nesn Disco Duro Externo Wd My Book 16tb 3.5 Escritorio Usb3.2 Gen1 Negro Windows Mac Backup Encriptacion<\/title>\n<meta name=\"description\" content=\"Compra Wdbbgb0160hbk-nesn Disco Duro Externo Wd My Book 16tb 3.5 Escritorio Usb3.2 Gen1 Negro Windows Mac Backup Encriptacion + Env\u00edo a domicilio + Pago seguro + Garant\u00eda\" \/>\n<meta name=\"robots\" content=\"index, follow, max-snippet:-1, max-image-preview:large, max-video-preview:-1\" \/>\n<link rel=\"canonical\" href=\"https:\/\/compuviper.mx\/tienda\/producto\/wd-western-digital-wdbbgb0160hbk-nesn-disco-duro-externo-wd-my-book-16tb-3-5-escritorio-usb3-2-gen1-negro-windows-mac-backup-encriptacion\/\" \/>\n<meta property=\"og:locale\" content=\"es_MX\" \/>\n<meta property=\"og:type\" content=\"article\" \/>\n<meta property=\"og:title\" content=\"[ Wd - Western Digital ] &#129351; Wdbbgb0160hbk-nesn Disco Duro Externo Wd My Book 16tb 3.5 Escritorio Usb3.2 Gen1 Negro Windows Mac Backup Encriptacion\" \/>\n<meta property=\"og:description\" content=\"Compra Wdbbgb0160hbk-nesn Disco Duro Externo Wd My Book 16tb 3.5 Escritorio Usb3.2 Gen1 Negro Windows Mac Backup Encriptacion + Env\u00edo a domicilio + Pago seguro + Garant\u00eda\" \/>\n<meta property=\"og:url\" content=\"https:\/\/compuviper.mx\/tienda\/producto\/wd-western-digital-wdbbgb0160hbk-nesn-disco-duro-externo-wd-my-book-16tb-3-5-escritorio-usb3-2-gen1-negro-windows-mac-backup-encriptacion\/\" \/>\n<meta property=\"og:site_name\" content=\"Compuviper\" \/>\n<meta property=\"article:publisher\" content=\"https:\/\/www.facebook.com\/compuviper\" \/>\n<meta property=\"article:modified_time\" content=\"2026-04-03T06:00:13+00:00\" \/>\n<meta property=\"og:image\" content=\"https:\/\/compuviper.mx\/tienda\/wp-content\/uploads\/2026\/03\/Disco-duro-externo-wd-my-book-16tb-3.5-escritorio-usb3.2-gen1-negro-windows-mac-backup-encriptacion-wdbbgb0160hbk-nesn.jpg\" \/>\n\t<meta property=\"og:image:width\" content=\"200\" \/>\n\t<meta property=\"og:image:height\" content=\"200\" \/>\n\t<meta property=\"og:image:type\" content=\"image\/jpeg\" \/>\n<meta name=\"twitter:card\" content=\"summary_large_image\" \/>\n<meta name=\"twitter:label1\" content=\"Precio\" \/>\n\t<meta name=\"twitter:data1\" content=\"&#36;6,783 con IVA\" \/>\n\t<meta name=\"twitter:label2\" content=\"Availability\" \/>\n\t<meta name=\"twitter:data2\" content=\"In stock\" \/>\n<script type=\"application\/ld+json\" class=\"yoast-schema-graph\">{\"@context\":\"https:\/\/schema.org\",\"@graph\":[{\"@type\":\"WebPage\",\"@id\":\"https:\/\/compuviper.mx\/tienda\/producto\/wd-western-digital-wdbbgb0160hbk-nesn-disco-duro-externo-wd-my-book-16tb-3-5-escritorio-usb3-2-gen1-negro-windows-mac-backup-encriptacion\/\",\"url\":\"https:\/\/compuviper.mx\/tienda\/producto\/wd-western-digital-wdbbgb0160hbk-nesn-disco-duro-externo-wd-my-book-16tb-3-5-escritorio-usb3-2-gen1-negro-windows-mac-backup-encriptacion\/\",\"name\":\"[ Wd - Western Digital ] &#129351; Wdbbgb0160hbk-nesn Disco Duro Externo Wd My Book 16tb 3.5 Escritorio Usb3.2 Gen1 Negro Windows Mac Backup Encriptacion\",\"isPartOf\":{\"@id\":\"https:\/\/compuviper.mx\/tienda\/#website\"},\"datePublished\":\"2026-04-02T06:38:54+00:00\",\"dateModified\":\"2026-04-03T06:00:13+00:00\",\"description\":\"Compra Wdbbgb0160hbk-nesn Disco Duro Externo Wd My Book 16tb 3.5 Escritorio Usb3.2 Gen1 Negro Windows Mac Backup Encriptacion + Env\u00edo a domicilio + Pago seguro + Garant\u00eda\",\"breadcrumb\":{\"@id\":\"https:\/\/compuviper.mx\/tienda\/producto\/wd-western-digital-wdbbgb0160hbk-nesn-disco-duro-externo-wd-my-book-16tb-3-5-escritorio-usb3-2-gen1-negro-windows-mac-backup-encriptacion\/#breadcrumb\"},\"inLanguage\":\"es-MX\",\"potentialAction\":[{\"@type\":\"ReadAction\",\"target\":[\"https:\/\/compuviper.mx\/tienda\/producto\/wd-western-digital-wdbbgb0160hbk-nesn-disco-duro-externo-wd-my-book-16tb-3-5-escritorio-usb3-2-gen1-negro-windows-mac-backup-encriptacion\/\"]}]},{\"@type\":\"BreadcrumbList\",\"@id\":\"https:\/\/compuviper.mx\/tienda\/producto\/wd-western-digital-wdbbgb0160hbk-nesn-disco-duro-externo-wd-my-book-16tb-3-5-escritorio-usb3-2-gen1-negro-windows-mac-backup-encriptacion\/#breadcrumb\",\"itemListElement\":[{\"@type\":\"ListItem\",\"position\":1,\"name\":\"Inicio\",\"item\":\"https:\/\/compuviper.mx\/tienda\/\"},{\"@type\":\"ListItem\",\"position\":2,\"name\":\"Productos\",\"item\":\"https:\/\/compuviper.mx\/tienda\/productos\/\"},{\"@type\":\"ListItem\",\"position\":3,\"name\":\"Discos Duros\",\"item\":\"https:\/\/compuviper.mx\/tienda\/categoria-producto\/discos-duros\/\"},{\"@type\":\"ListItem\",\"position\":4,\"name\":\"Disco Duro\",\"item\":\"https:\/\/compuviper.mx\/tienda\/categoria-producto\/discos-duros\/disco-duro\/\"},{\"@type\":\"ListItem\",\"position\":5,\"name\":\"Wd &#8211; Western Digital Wdbbgb0160hbk-nesn Disco Duro Externo Wd My Book 16tb 3.5 Escritorio Usb3.2 Gen1 Negro Windows Mac Backup Encriptacion\"}]},{\"@type\":\"WebSite\",\"@id\":\"https:\/\/compuviper.mx\/tienda\/#website\",\"url\":\"https:\/\/compuviper.mx\/tienda\/\",\"name\":\"Compuviper\",\"description\":\"Proveedor de Computadoras, Laptops, Servidores, Monitores, Puntos de Venta, Teclados,   Impresoras, T\u00f3ner, C\u00e1maras de Seguridad y m\u00e1s en tu tienda en l\u00ednea\",\"publisher\":{\"@id\":\"https:\/\/compuviper.mx\/tienda\/#organization\"},\"potentialAction\":[{\"@type\":\"SearchAction\",\"target\":{\"@type\":\"EntryPoint\",\"urlTemplate\":\"https:\/\/compuviper.mx\/tienda\/?s={search_term_string}\"},\"query-input\":\"required name=search_term_string\"}],\"inLanguage\":\"es-MX\"},{\"@type\":\"Organization\",\"@id\":\"https:\/\/compuviper.mx\/tienda\/#organization\",\"name\":\"Compuviper\",\"url\":\"https:\/\/compuviper.mx\/tienda\/\",\"logo\":{\"@type\":\"ImageObject\",\"inLanguage\":\"es-MX\",\"@id\":\"https:\/\/compuviper.mx\/tienda\/#\/schema\/logo\/image\/\",\"url\":\"https:\/\/compuviper.mx\/tienda\/wp-content\/uploads\/2021\/08\/Logo-Compuviper-10.png\",\"contentUrl\":\"https:\/\/compuviper.mx\/tienda\/wp-content\/uploads\/2021\/08\/Logo-Compuviper-10.png\",\"width\":1000,\"height\":500,\"caption\":\"Compuviper\"},\"image\":{\"@id\":\"https:\/\/compuviper.mx\/tienda\/#\/schema\/logo\/image\/\"},\"sameAs\":[\"https:\/\/www.facebook.com\/compuviper\",\"https:\/\/www.youtube.com\/channel\/UCf73dERp9Y3cfOq7q8BhLjA?view_as=subscriber\"]}]}<\/script>\n<meta property=\"product:brand\" content=\"WD - WESTERN DIGITAL\" \/>\n<meta property=\"product:price:amount\" content=\"6783\" \/>\n<meta property=\"product:price:currency\" content=\"MXN\" \/>\n<meta property=\"og:availability\" content=\"instock\" \/>\n<meta property=\"product:availability\" content=\"instock\" \/>\n<meta property=\"product:retailer_item_id\" content=\"WDBBGB0160HBK-NESN\" \/>\n<meta property=\"product:condition\" content=\"new\" \/>\n<!-- \/ Yoast SEO plugin. -->","yoast_head_json":{"title":"[ Wd - Western Digital ] &#129351; Wdbbgb0160hbk-nesn Disco Duro Externo Wd My Book 16tb 3.5 Escritorio Usb3.2 Gen1 Negro Windows Mac Backup Encriptacion","description":"Compra Wdbbgb0160hbk-nesn Disco Duro Externo Wd My Book 16tb 3.5 Escritorio Usb3.2 Gen1 Negro Windows Mac Backup Encriptacion + Env\u00edo a domicilio + Pago seguro + Garant\u00eda","robots":{"index":"index","follow":"follow","max-snippet":"max-snippet:-1","max-image-preview":"max-image-preview:large","max-video-preview":"max-video-preview:-1"},"canonical":"https:\/\/compuviper.mx\/tienda\/producto\/wd-western-digital-wdbbgb0160hbk-nesn-disco-duro-externo-wd-my-book-16tb-3-5-escritorio-usb3-2-gen1-negro-windows-mac-backup-encriptacion\/","og_locale":"es_MX","og_type":"article","og_title":"[ Wd - Western Digital ] &#129351; Wdbbgb0160hbk-nesn Disco Duro Externo Wd My Book 16tb 3.5 Escritorio Usb3.2 Gen1 Negro Windows Mac Backup Encriptacion","og_description":"Compra Wdbbgb0160hbk-nesn Disco Duro Externo Wd My Book 16tb 3.5 Escritorio Usb3.2 Gen1 Negro Windows Mac Backup Encriptacion + Env\u00edo a domicilio + Pago seguro + Garant\u00eda","og_url":"https:\/\/compuviper.mx\/tienda\/producto\/wd-western-digital-wdbbgb0160hbk-nesn-disco-duro-externo-wd-my-book-16tb-3-5-escritorio-usb3-2-gen1-negro-windows-mac-backup-encriptacion\/","og_site_name":"Compuviper","article_publisher":"https:\/\/www.facebook.com\/compuviper","article_modified_time":"2026-04-03T06:00:13+00:00","og_image":[{"width":200,"height":200,"url":"https:\/\/compuviper.mx\/tienda\/wp-content\/uploads\/2026\/03\/Disco-duro-externo-wd-my-book-16tb-3.5-escritorio-usb3.2-gen1-negro-windows-mac-backup-encriptacion-wdbbgb0160hbk-nesn.jpg","type":"image\/jpeg"}],"twitter_card":"summary_large_image","twitter_misc":{"Precio":"&#36;6,783 con IVA","Availability":"In stock"},"schema":{"@context":"https:\/\/schema.org","@graph":[{"@type":"WebPage","@id":"https:\/\/compuviper.mx\/tienda\/producto\/wd-western-digital-wdbbgb0160hbk-nesn-disco-duro-externo-wd-my-book-16tb-3-5-escritorio-usb3-2-gen1-negro-windows-mac-backup-encriptacion\/","url":"https:\/\/compuviper.mx\/tienda\/producto\/wd-western-digital-wdbbgb0160hbk-nesn-disco-duro-externo-wd-my-book-16tb-3-5-escritorio-usb3-2-gen1-negro-windows-mac-backup-encriptacion\/","name":"[ Wd - Western Digital ] &#129351; Wdbbgb0160hbk-nesn Disco Duro Externo Wd My Book 16tb 3.5 Escritorio Usb3.2 Gen1 Negro Windows Mac Backup Encriptacion","isPartOf":{"@id":"https:\/\/compuviper.mx\/tienda\/#website"},"datePublished":"2026-04-02T06:38:54+00:00","dateModified":"2026-04-03T06:00:13+00:00","description":"Compra Wdbbgb0160hbk-nesn Disco Duro Externo Wd My Book 16tb 3.5 Escritorio Usb3.2 Gen1 Negro Windows Mac Backup Encriptacion + Env\u00edo a domicilio + Pago seguro + Garant\u00eda","breadcrumb":{"@id":"https:\/\/compuviper.mx\/tienda\/producto\/wd-western-digital-wdbbgb0160hbk-nesn-disco-duro-externo-wd-my-book-16tb-3-5-escritorio-usb3-2-gen1-negro-windows-mac-backup-encriptacion\/#breadcrumb"},"inLanguage":"es-MX","potentialAction":[{"@type":"ReadAction","target":["https:\/\/compuviper.mx\/tienda\/producto\/wd-western-digital-wdbbgb0160hbk-nesn-disco-duro-externo-wd-my-book-16tb-3-5-escritorio-usb3-2-gen1-negro-windows-mac-backup-encriptacion\/"]}]},{"@type":"BreadcrumbList","@id":"https:\/\/compuviper.mx\/tienda\/producto\/wd-western-digital-wdbbgb0160hbk-nesn-disco-duro-externo-wd-my-book-16tb-3-5-escritorio-usb3-2-gen1-negro-windows-mac-backup-encriptacion\/#breadcrumb","itemListElement":[{"@type":"ListItem","position":1,"name":"Inicio","item":"https:\/\/compuviper.mx\/tienda\/"},{"@type":"ListItem","position":2,"name":"Productos","item":"https:\/\/compuviper.mx\/tienda\/productos\/"},{"@type":"ListItem","position":3,"name":"Discos Duros","item":"https:\/\/compuviper.mx\/tienda\/categoria-producto\/discos-duros\/"},{"@type":"ListItem","position":4,"name":"Disco Duro","item":"https:\/\/compuviper.mx\/tienda\/categoria-producto\/discos-duros\/disco-duro\/"},{"@type":"ListItem","position":5,"name":"Wd &#8211; Western Digital Wdbbgb0160hbk-nesn Disco Duro Externo Wd My Book 16tb 3.5 Escritorio Usb3.2 Gen1 Negro Windows Mac Backup Encriptacion"}]},{"@type":"WebSite","@id":"https:\/\/compuviper.mx\/tienda\/#website","url":"https:\/\/compuviper.mx\/tienda\/","name":"Compuviper","description":"Proveedor de Computadoras, Laptops, Servidores, Monitores, Puntos de Venta, Teclados,   Impresoras, T\u00f3ner, C\u00e1maras de Seguridad y m\u00e1s en tu tienda en l\u00ednea","publisher":{"@id":"https:\/\/compuviper.mx\/tienda\/#organization"},"potentialAction":[{"@type":"SearchAction","target":{"@type":"EntryPoint","urlTemplate":"https:\/\/compuviper.mx\/tienda\/?s={search_term_string}"},"query-input":"required name=search_term_string"}],"inLanguage":"es-MX"},{"@type":"Organization","@id":"https:\/\/compuviper.mx\/tienda\/#organization","name":"Compuviper","url":"https:\/\/compuviper.mx\/tienda\/","logo":{"@type":"ImageObject","inLanguage":"es-MX","@id":"https:\/\/compuviper.mx\/tienda\/#\/schema\/logo\/image\/","url":"https:\/\/compuviper.mx\/tienda\/wp-content\/uploads\/2021\/08\/Logo-Compuviper-10.png","contentUrl":"https:\/\/compuviper.mx\/tienda\/wp-content\/uploads\/2021\/08\/Logo-Compuviper-10.png","width":1000,"height":500,"caption":"Compuviper"},"image":{"@id":"https:\/\/compuviper.mx\/tienda\/#\/schema\/logo\/image\/"},"sameAs":["https:\/\/www.facebook.com\/compuviper","https:\/\/www.youtube.com\/channel\/UCf73dERp9Y3cfOq7q8BhLjA?view_as=subscriber"]}]},"product_brand":"WD - WESTERN DIGITAL","product_price_amount":"6783","product_price_currency":"MXN","og_availability":"instock","product_availability":"instock","product_retailer_item_id":"WDBBGB0160HBK-NESN","product_condition":"new"},"_links":{"self":[{"href":"https:\/\/compuviper.mx\/tienda\/wp-json\/wp\/v2\/product\/267982"}],"collection":[{"href":"https:\/\/compuviper.mx\/tienda\/wp-json\/wp\/v2\/product"}],"about":[{"href":"https:\/\/compuviper.mx\/tienda\/wp-json\/wp\/v2\/types\/product"}],"replies":[{"embeddable":true,"href":"https:\/\/compuviper.mx\/tienda\/wp-json\/wp\/v2\/comments?post=267982"}],"wp:featuredmedia":[{"embeddable":true,"href":"https:\/\/compuviper.mx\/tienda\/wp-json\/wp\/v2\/media\/267983"}],"wp:attachment":[{"href":"https:\/\/compuviper.mx\/tienda\/wp-json\/wp\/v2\/media?parent=267982"}],"wp:term":[{"taxonomy":"product_cat","embeddable":true,"href":"https:\/\/compuviper.mx\/tienda\/wp-json\/wp\/v2\/product_cat?post=267982"},{"taxonomy":"product_tag","embeddable":true,"href":"https:\/\/compuviper.mx\/tienda\/wp-json\/wp\/v2\/product_tag?post=267982"}],"curies":[{"name":"wp","href":"https:\/\/api.w.org\/{rel}","templated":true}]}}