{"id":267965,"date":"2026-04-07T00:36:50","date_gmt":"2026-04-07T06:36:50","guid":{"rendered":"https:\/\/compuviper.mx\/tienda\/producto\/wd-western-digital-wd33purz-disco-duro-interno-wd-purple-3tb-3-5-escritorio-sata3-6gb-s-256mb-5400rpm-24x7-dvr-nvr-1-8-bahias-1-64-camaras\/"},"modified":"2026-04-07T00:36:51","modified_gmt":"2026-04-07T06:36:51","slug":"wd-western-digital-wd33purz-disco-duro-interno-wd-purple-3tb-3-5-escritorio-sata3-6gb-s-256mb-5400rpm-24x7-dvr-nvr-1-8-bahias-1-64-camaras","status":"publish","type":"product","link":"https:\/\/compuviper.mx\/tienda\/producto\/wd-western-digital-wd33purz-disco-duro-interno-wd-purple-3tb-3-5-escritorio-sata3-6gb-s-256mb-5400rpm-24x7-dvr-nvr-1-8-bahias-1-64-camaras\/","title":{"rendered":"Wd &#8211; Western Digital Wd33purz Disco Duro Interno Wd Purple 3tb 3.5 Escritorio Sata3 6gb\/s 256mb 5400rpm 24&#215;7 Dvr Nvr 1-8 Bahias 1-64 Camaras"},"content":{"rendered":"<table class=\"descripcion\">\n<tr>\n<td>Numero de modelo  wd33purz<\/td>\n<\/tr>\n<tr>\n<td>Capacidad formateada1  3 tb<\/td>\n<\/tr>\n<tr>\n<td>Factor de forma  3,5 pulgadas<\/td>\n<\/tr>\n<tr>\n<td>Formato avanzado (af)  s\u00ed<\/td>\n<\/tr>\n<tr>\n<td>Tecnologia de grabacion  cmr<\/td>\n<\/tr>\n<tr>\n<td>Cumplimiento de la normativa rohs2  s\u00ed<\/td>\n<\/tr>\n<tr>\n<td>Caracteristicas del producto<\/td>\n<\/tr>\n<tr>\n<td>Camaras compatibles  hasta 64 hd<\/td>\n<\/tr>\n<tr>\n<td>Maximo de bahias del disco compatibles  8<\/td>\n<\/tr>\n<tr>\n<td>Nombre de la caracteristica de firmware  allframe<\/td>\n<\/tr>\n<tr>\n<td>Componentes resistentes a los da\u00f1os  s\u00ed<\/td>\n<\/tr>\n<tr>\n<td>Sensores rv  si<\/td>\n<\/tr>\n<tr>\n<td>Rendimiento<\/td>\n<\/tr>\n<tr>\n<td>Velocidad de transferencia de la interfaz (max.)<\/td>\n<\/tr>\n<tr>\n<td>Bufer a host<\/td>\n<\/tr>\n<tr>\n<td>5  6 gb\/s<\/td>\n<\/tr>\n<tr>\n<td>180 mb\/s<\/td>\n<\/tr>\n<tr>\n<td> cache (mb)  256<\/td>\n<\/tr>\n<tr>\n<td> confiabilidad\/integridad de los datos<\/td>\n<\/tr>\n<tr>\n<td> ciclos de carga\/descarga  300,000<\/td>\n<\/tr>\n<tr>\n<td> \u00edndice anualizado de carga de trabajo  180 tb\/a\u00f1o<\/td>\n<\/tr>\n<tr>\n<td> errores de lectura no recuperables por bits leidos   1 en 10^14<\/td>\n<\/tr>\n<tr>\n<td> mtbf8  1,000,000<\/td>\n<\/tr>\n<tr>\n<td> garantia limitada (a\u00f1os)  3<\/td>\n<\/tr>\n<tr>\n<td>Administracion de la energia<\/td>\n<\/tr>\n<tr>\n<td>Requisitos promedio de energia (w) lectura\/escritura  4.6<\/td>\n<\/tr>\n<tr>\n<td>Inactivo  3.7<\/td>\n<\/tr>\n<tr>\n<td>Espera y suspension  0.3<\/td>\n<\/tr>\n<tr>\n<td> especificaciones ambientales<\/td>\n<\/tr>\n<tr>\n<td> temperatura (\u00b0c, en el armazon de la base)<\/td>\n<\/tr>\n<tr>\n<td> en funcionamiento  0 a 65<\/td>\n<\/tr>\n<tr>\n<td> inactivo  -40 a 70<\/td>\n<\/tr>\n<tr>\n<td> choque (gs)<\/td>\n<\/tr>\n<tr>\n<td>En funcionamiento (2 ms, lectura\/escritura)  30<\/td>\n<\/tr>\n<tr>\n<td> en funcionamiento (2 ms, lectura)  65<\/td>\n<\/tr>\n<tr>\n<td> inactivo (2 ms)  250<\/td>\n<\/tr>\n<tr>\n<td> acustica (dba) inactivo  23<\/td>\n<\/tr>\n<tr>\n<td> b\u00fasqueda (promedio)  27<\/td>\n<\/tr>\n<tr>\n<td> dimensiones fisicas<\/td>\n<\/tr>\n<tr>\n<td> altura (pulgadas\/mm, max.)  1,028\/26,1<\/td>\n<\/tr>\n<tr>\n<td> longitud (pulgadas\/mm, max.)  5,787\/147<\/td>\n<\/tr>\n<tr>\n<td> ancho (pulgadas\/mm, \u00b10,01 pulgadas)  4\/101,6<\/td>\n<\/tr>\n<tr>\n<td> peso (libras\/kg, \u00b13 %)  1,26 \/ 0,57<\/td>\n<\/tr>\n<\/table>\n","protected":false},"excerpt":{"rendered":"<p>Almacenamiento para videovigilancia sin concesiones. Los discos wd purple estan dise\u00f1ados para afrontar los retos que plantea la grabaci\u00f3n ininterrumpida de videovigilancia. Se han ideado especificamente para la videovigilancia, por lo que pueden resistir las fluctuaciones de temperaturas extremas y las vibraciones tipicas de un entorno de grabacion de video en red (nvr). Un disco normal para ordenadores de sobremesa esta dise\u00f1ado para operar solo a intervalos cortos y no en el exigente entorno siempre disponible de un sistema de videovigilancia de alta definici\u00f3n. Los discos wd purple ofrecen un almacenamiento para videovigilancia fiable cuya compatibilidad ha sido probada con una amplia gama de sistemas de seguridad. La tecnolog\u00eda exclusiva allframe te ayuda a reducir la perdida de imagenes y a mejorar la reproduccion de video.<\/p>\n","protected":false},"featured_media":268396,"comment_status":"open","ping_status":"open","template":"","meta":[],"product_cat":[1706,1703],"product_tag":[1705],"acf":[],"yoast_head":"<!-- This site is optimized with the Yoast SEO plugin v21.7 - https:\/\/yoast.com\/wordpress\/plugins\/seo\/ -->\n<title>[ Wd - Western Digital ] &#129351; Wd33purz Disco Duro Interno Wd Purple 3tb 3.5 Escritorio Sata3 6gb\/s 256mb 5400rpm 24x7 Dvr Nvr 1-8 Bahias 1-64 Camaras<\/title>\n<meta name=\"description\" content=\"Compra Wd33purz Disco Duro Interno Wd Purple 3tb 3.5 Escritorio Sata3 6gb\/s 256mb 5400rpm 24x7 Dvr Nvr 1-8 Bahias 1-64 Camaras + Env\u00edo a domicilio + Pago seguro + Garant\u00eda\" \/>\n<meta name=\"robots\" content=\"index, follow, max-snippet:-1, max-image-preview:large, max-video-preview:-1\" \/>\n<link rel=\"canonical\" href=\"https:\/\/compuviper.mx\/tienda\/producto\/wd-western-digital-wd33purz-disco-duro-interno-wd-purple-3tb-3-5-escritorio-sata3-6gb-s-256mb-5400rpm-24x7-dvr-nvr-1-8-bahias-1-64-camaras\/\" \/>\n<meta property=\"og:locale\" content=\"es_MX\" \/>\n<meta property=\"og:type\" content=\"article\" \/>\n<meta property=\"og:title\" content=\"[ Wd - Western Digital ] &#129351; Wd33purz Disco Duro Interno Wd Purple 3tb 3.5 Escritorio Sata3 6gb\/s 256mb 5400rpm 24x7 Dvr Nvr 1-8 Bahias 1-64 Camaras\" \/>\n<meta property=\"og:description\" content=\"Compra Wd33purz Disco Duro Interno Wd Purple 3tb 3.5 Escritorio Sata3 6gb\/s 256mb 5400rpm 24x7 Dvr Nvr 1-8 Bahias 1-64 Camaras + Env\u00edo a domicilio + Pago seguro + Garant\u00eda\" \/>\n<meta property=\"og:url\" content=\"https:\/\/compuviper.mx\/tienda\/producto\/wd-western-digital-wd33purz-disco-duro-interno-wd-purple-3tb-3-5-escritorio-sata3-6gb-s-256mb-5400rpm-24x7-dvr-nvr-1-8-bahias-1-64-camaras\/\" \/>\n<meta property=\"og:site_name\" content=\"Compuviper\" \/>\n<meta property=\"article:publisher\" content=\"https:\/\/www.facebook.com\/compuviper\" \/>\n<meta property=\"article:modified_time\" content=\"2026-04-07T06:36:51+00:00\" \/>\n<meta property=\"og:image\" content=\"https:\/\/compuviper.mx\/tienda\/wp-content\/uploads\/2026\/04\/Disco-duro-interno-wd-purple-3tb-3.5-escritorio-sata3-6gbs-256mb-5400rpm-24x7-dvr-nvr-1-8-bahias-1-64-camaras-wd33purz.jpg\" \/>\n\t<meta property=\"og:image:width\" content=\"200\" \/>\n\t<meta property=\"og:image:height\" content=\"200\" \/>\n\t<meta property=\"og:image:type\" content=\"image\/jpeg\" \/>\n<meta name=\"twitter:card\" content=\"summary_large_image\" \/>\n<meta name=\"twitter:label1\" content=\"Precio\" \/>\n\t<meta name=\"twitter:data1\" content=\"&#36;1,699 con IVA\" \/>\n\t<meta name=\"twitter:label2\" content=\"Availability\" \/>\n\t<meta name=\"twitter:data2\" content=\"Out of stock\" \/>\n<script type=\"application\/ld+json\" class=\"yoast-schema-graph\">{\"@context\":\"https:\/\/schema.org\",\"@graph\":[{\"@type\":\"WebPage\",\"@id\":\"https:\/\/compuviper.mx\/tienda\/producto\/wd-western-digital-wd33purz-disco-duro-interno-wd-purple-3tb-3-5-escritorio-sata3-6gb-s-256mb-5400rpm-24x7-dvr-nvr-1-8-bahias-1-64-camaras\/\",\"url\":\"https:\/\/compuviper.mx\/tienda\/producto\/wd-western-digital-wd33purz-disco-duro-interno-wd-purple-3tb-3-5-escritorio-sata3-6gb-s-256mb-5400rpm-24x7-dvr-nvr-1-8-bahias-1-64-camaras\/\",\"name\":\"[ Wd - Western Digital ] &#129351; Wd33purz Disco Duro Interno Wd Purple 3tb 3.5 Escritorio Sata3 6gb\/s 256mb 5400rpm 24x7 Dvr Nvr 1-8 Bahias 1-64 Camaras\",\"isPartOf\":{\"@id\":\"https:\/\/compuviper.mx\/tienda\/#website\"},\"datePublished\":\"2026-04-07T06:36:50+00:00\",\"dateModified\":\"2026-04-07T06:36:51+00:00\",\"description\":\"Compra Wd33purz Disco Duro Interno Wd Purple 3tb 3.5 Escritorio Sata3 6gb\/s 256mb 5400rpm 24x7 Dvr Nvr 1-8 Bahias 1-64 Camaras + Env\u00edo a domicilio + Pago seguro + Garant\u00eda\",\"breadcrumb\":{\"@id\":\"https:\/\/compuviper.mx\/tienda\/producto\/wd-western-digital-wd33purz-disco-duro-interno-wd-purple-3tb-3-5-escritorio-sata3-6gb-s-256mb-5400rpm-24x7-dvr-nvr-1-8-bahias-1-64-camaras\/#breadcrumb\"},\"inLanguage\":\"es-MX\",\"potentialAction\":[{\"@type\":\"ReadAction\",\"target\":[\"https:\/\/compuviper.mx\/tienda\/producto\/wd-western-digital-wd33purz-disco-duro-interno-wd-purple-3tb-3-5-escritorio-sata3-6gb-s-256mb-5400rpm-24x7-dvr-nvr-1-8-bahias-1-64-camaras\/\"]}]},{\"@type\":\"BreadcrumbList\",\"@id\":\"https:\/\/compuviper.mx\/tienda\/producto\/wd-western-digital-wd33purz-disco-duro-interno-wd-purple-3tb-3-5-escritorio-sata3-6gb-s-256mb-5400rpm-24x7-dvr-nvr-1-8-bahias-1-64-camaras\/#breadcrumb\",\"itemListElement\":[{\"@type\":\"ListItem\",\"position\":1,\"name\":\"Inicio\",\"item\":\"https:\/\/compuviper.mx\/tienda\/\"},{\"@type\":\"ListItem\",\"position\":2,\"name\":\"Productos\",\"item\":\"https:\/\/compuviper.mx\/tienda\/productos\/\"},{\"@type\":\"ListItem\",\"position\":3,\"name\":\"Discos Duros\",\"item\":\"https:\/\/compuviper.mx\/tienda\/categoria-producto\/discos-duros\/\"},{\"@type\":\"ListItem\",\"position\":4,\"name\":\"Disco Duro\",\"item\":\"https:\/\/compuviper.mx\/tienda\/categoria-producto\/discos-duros\/disco-duro\/\"},{\"@type\":\"ListItem\",\"position\":5,\"name\":\"Wd &#8211; Western Digital Wd33purz Disco Duro Interno Wd Purple 3tb 3.5 Escritorio Sata3 6gb\/s 256mb 5400rpm 24&#215;7 Dvr Nvr 1-8 Bahias 1-64 Camaras\"}]},{\"@type\":\"WebSite\",\"@id\":\"https:\/\/compuviper.mx\/tienda\/#website\",\"url\":\"https:\/\/compuviper.mx\/tienda\/\",\"name\":\"Compuviper\",\"description\":\"Proveedor de Computadoras, Laptops, Servidores, Monitores, Puntos de Venta, Teclados,   Impresoras, T\u00f3ner, C\u00e1maras de Seguridad y m\u00e1s en tu tienda en l\u00ednea\",\"publisher\":{\"@id\":\"https:\/\/compuviper.mx\/tienda\/#organization\"},\"potentialAction\":[{\"@type\":\"SearchAction\",\"target\":{\"@type\":\"EntryPoint\",\"urlTemplate\":\"https:\/\/compuviper.mx\/tienda\/?s={search_term_string}\"},\"query-input\":\"required name=search_term_string\"}],\"inLanguage\":\"es-MX\"},{\"@type\":\"Organization\",\"@id\":\"https:\/\/compuviper.mx\/tienda\/#organization\",\"name\":\"Compuviper\",\"url\":\"https:\/\/compuviper.mx\/tienda\/\",\"logo\":{\"@type\":\"ImageObject\",\"inLanguage\":\"es-MX\",\"@id\":\"https:\/\/compuviper.mx\/tienda\/#\/schema\/logo\/image\/\",\"url\":\"https:\/\/compuviper.mx\/tienda\/wp-content\/uploads\/2021\/08\/Logo-Compuviper-10.png\",\"contentUrl\":\"https:\/\/compuviper.mx\/tienda\/wp-content\/uploads\/2021\/08\/Logo-Compuviper-10.png\",\"width\":1000,\"height\":500,\"caption\":\"Compuviper\"},\"image\":{\"@id\":\"https:\/\/compuviper.mx\/tienda\/#\/schema\/logo\/image\/\"},\"sameAs\":[\"https:\/\/www.facebook.com\/compuviper\",\"https:\/\/www.youtube.com\/channel\/UCf73dERp9Y3cfOq7q8BhLjA?view_as=subscriber\"]}]}<\/script>\n<meta property=\"product:brand\" content=\"WD - WESTERN DIGITAL\" \/>\n<meta property=\"product:price:amount\" content=\"1699\" \/>\n<meta property=\"product:price:currency\" content=\"MXN\" \/>\n<meta property=\"og:availability\" content=\"out of stock\" \/>\n<meta property=\"product:availability\" content=\"out of stock\" \/>\n<meta property=\"product:retailer_item_id\" content=\"WD33PURZ\" \/>\n<meta property=\"product:condition\" content=\"new\" \/>\n<!-- \/ Yoast SEO plugin. -->","yoast_head_json":{"title":"[ Wd - Western Digital ] &#129351; Wd33purz Disco Duro Interno Wd Purple 3tb 3.5 Escritorio Sata3 6gb\/s 256mb 5400rpm 24x7 Dvr Nvr 1-8 Bahias 1-64 Camaras","description":"Compra Wd33purz Disco Duro Interno Wd Purple 3tb 3.5 Escritorio Sata3 6gb\/s 256mb 5400rpm 24x7 Dvr Nvr 1-8 Bahias 1-64 Camaras + Env\u00edo a domicilio + Pago seguro + Garant\u00eda","robots":{"index":"index","follow":"follow","max-snippet":"max-snippet:-1","max-image-preview":"max-image-preview:large","max-video-preview":"max-video-preview:-1"},"canonical":"https:\/\/compuviper.mx\/tienda\/producto\/wd-western-digital-wd33purz-disco-duro-interno-wd-purple-3tb-3-5-escritorio-sata3-6gb-s-256mb-5400rpm-24x7-dvr-nvr-1-8-bahias-1-64-camaras\/","og_locale":"es_MX","og_type":"article","og_title":"[ Wd - Western Digital ] &#129351; Wd33purz Disco Duro Interno Wd Purple 3tb 3.5 Escritorio Sata3 6gb\/s 256mb 5400rpm 24x7 Dvr Nvr 1-8 Bahias 1-64 Camaras","og_description":"Compra Wd33purz Disco Duro Interno Wd Purple 3tb 3.5 Escritorio Sata3 6gb\/s 256mb 5400rpm 24x7 Dvr Nvr 1-8 Bahias 1-64 Camaras + Env\u00edo a domicilio + Pago seguro + Garant\u00eda","og_url":"https:\/\/compuviper.mx\/tienda\/producto\/wd-western-digital-wd33purz-disco-duro-interno-wd-purple-3tb-3-5-escritorio-sata3-6gb-s-256mb-5400rpm-24x7-dvr-nvr-1-8-bahias-1-64-camaras\/","og_site_name":"Compuviper","article_publisher":"https:\/\/www.facebook.com\/compuviper","article_modified_time":"2026-04-07T06:36:51+00:00","og_image":[{"width":200,"height":200,"url":"https:\/\/compuviper.mx\/tienda\/wp-content\/uploads\/2026\/04\/Disco-duro-interno-wd-purple-3tb-3.5-escritorio-sata3-6gbs-256mb-5400rpm-24x7-dvr-nvr-1-8-bahias-1-64-camaras-wd33purz.jpg","type":"image\/jpeg"}],"twitter_card":"summary_large_image","twitter_misc":{"Precio":"&#36;1,699 con IVA","Availability":"Out of stock"},"schema":{"@context":"https:\/\/schema.org","@graph":[{"@type":"WebPage","@id":"https:\/\/compuviper.mx\/tienda\/producto\/wd-western-digital-wd33purz-disco-duro-interno-wd-purple-3tb-3-5-escritorio-sata3-6gb-s-256mb-5400rpm-24x7-dvr-nvr-1-8-bahias-1-64-camaras\/","url":"https:\/\/compuviper.mx\/tienda\/producto\/wd-western-digital-wd33purz-disco-duro-interno-wd-purple-3tb-3-5-escritorio-sata3-6gb-s-256mb-5400rpm-24x7-dvr-nvr-1-8-bahias-1-64-camaras\/","name":"[ Wd - Western Digital ] &#129351; Wd33purz Disco Duro Interno Wd Purple 3tb 3.5 Escritorio Sata3 6gb\/s 256mb 5400rpm 24x7 Dvr Nvr 1-8 Bahias 1-64 Camaras","isPartOf":{"@id":"https:\/\/compuviper.mx\/tienda\/#website"},"datePublished":"2026-04-07T06:36:50+00:00","dateModified":"2026-04-07T06:36:51+00:00","description":"Compra Wd33purz Disco Duro Interno Wd Purple 3tb 3.5 Escritorio Sata3 6gb\/s 256mb 5400rpm 24x7 Dvr Nvr 1-8 Bahias 1-64 Camaras + Env\u00edo a domicilio + Pago seguro + Garant\u00eda","breadcrumb":{"@id":"https:\/\/compuviper.mx\/tienda\/producto\/wd-western-digital-wd33purz-disco-duro-interno-wd-purple-3tb-3-5-escritorio-sata3-6gb-s-256mb-5400rpm-24x7-dvr-nvr-1-8-bahias-1-64-camaras\/#breadcrumb"},"inLanguage":"es-MX","potentialAction":[{"@type":"ReadAction","target":["https:\/\/compuviper.mx\/tienda\/producto\/wd-western-digital-wd33purz-disco-duro-interno-wd-purple-3tb-3-5-escritorio-sata3-6gb-s-256mb-5400rpm-24x7-dvr-nvr-1-8-bahias-1-64-camaras\/"]}]},{"@type":"BreadcrumbList","@id":"https:\/\/compuviper.mx\/tienda\/producto\/wd-western-digital-wd33purz-disco-duro-interno-wd-purple-3tb-3-5-escritorio-sata3-6gb-s-256mb-5400rpm-24x7-dvr-nvr-1-8-bahias-1-64-camaras\/#breadcrumb","itemListElement":[{"@type":"ListItem","position":1,"name":"Inicio","item":"https:\/\/compuviper.mx\/tienda\/"},{"@type":"ListItem","position":2,"name":"Productos","item":"https:\/\/compuviper.mx\/tienda\/productos\/"},{"@type":"ListItem","position":3,"name":"Discos Duros","item":"https:\/\/compuviper.mx\/tienda\/categoria-producto\/discos-duros\/"},{"@type":"ListItem","position":4,"name":"Disco Duro","item":"https:\/\/compuviper.mx\/tienda\/categoria-producto\/discos-duros\/disco-duro\/"},{"@type":"ListItem","position":5,"name":"Wd &#8211; Western Digital Wd33purz Disco Duro Interno Wd Purple 3tb 3.5 Escritorio Sata3 6gb\/s 256mb 5400rpm 24&#215;7 Dvr Nvr 1-8 Bahias 1-64 Camaras"}]},{"@type":"WebSite","@id":"https:\/\/compuviper.mx\/tienda\/#website","url":"https:\/\/compuviper.mx\/tienda\/","name":"Compuviper","description":"Proveedor de Computadoras, Laptops, Servidores, Monitores, Puntos de Venta, Teclados,   Impresoras, T\u00f3ner, C\u00e1maras de Seguridad y m\u00e1s en tu tienda en l\u00ednea","publisher":{"@id":"https:\/\/compuviper.mx\/tienda\/#organization"},"potentialAction":[{"@type":"SearchAction","target":{"@type":"EntryPoint","urlTemplate":"https:\/\/compuviper.mx\/tienda\/?s={search_term_string}"},"query-input":"required name=search_term_string"}],"inLanguage":"es-MX"},{"@type":"Organization","@id":"https:\/\/compuviper.mx\/tienda\/#organization","name":"Compuviper","url":"https:\/\/compuviper.mx\/tienda\/","logo":{"@type":"ImageObject","inLanguage":"es-MX","@id":"https:\/\/compuviper.mx\/tienda\/#\/schema\/logo\/image\/","url":"https:\/\/compuviper.mx\/tienda\/wp-content\/uploads\/2021\/08\/Logo-Compuviper-10.png","contentUrl":"https:\/\/compuviper.mx\/tienda\/wp-content\/uploads\/2021\/08\/Logo-Compuviper-10.png","width":1000,"height":500,"caption":"Compuviper"},"image":{"@id":"https:\/\/compuviper.mx\/tienda\/#\/schema\/logo\/image\/"},"sameAs":["https:\/\/www.facebook.com\/compuviper","https:\/\/www.youtube.com\/channel\/UCf73dERp9Y3cfOq7q8BhLjA?view_as=subscriber"]}]},"product_brand":"WD - WESTERN DIGITAL","product_price_amount":"1699","product_price_currency":"MXN","og_availability":"out of stock","product_availability":"out of stock","product_retailer_item_id":"WD33PURZ","product_condition":"new"},"_links":{"self":[{"href":"https:\/\/compuviper.mx\/tienda\/wp-json\/wp\/v2\/product\/267965"}],"collection":[{"href":"https:\/\/compuviper.mx\/tienda\/wp-json\/wp\/v2\/product"}],"about":[{"href":"https:\/\/compuviper.mx\/tienda\/wp-json\/wp\/v2\/types\/product"}],"replies":[{"embeddable":true,"href":"https:\/\/compuviper.mx\/tienda\/wp-json\/wp\/v2\/comments?post=267965"}],"wp:featuredmedia":[{"embeddable":true,"href":"https:\/\/compuviper.mx\/tienda\/wp-json\/wp\/v2\/media\/268396"}],"wp:attachment":[{"href":"https:\/\/compuviper.mx\/tienda\/wp-json\/wp\/v2\/media?parent=267965"}],"wp:term":[{"taxonomy":"product_cat","embeddable":true,"href":"https:\/\/compuviper.mx\/tienda\/wp-json\/wp\/v2\/product_cat?post=267965"},{"taxonomy":"product_tag","embeddable":true,"href":"https:\/\/compuviper.mx\/tienda\/wp-json\/wp\/v2\/product_tag?post=267965"}],"curies":[{"name":"wp","href":"https:\/\/api.w.org\/{rel}","templated":true}]}}