{"id":267963,"date":"2026-04-07T00:36:48","date_gmt":"2026-04-07T06:36:48","guid":{"rendered":"https:\/\/compuviper.mx\/tienda\/producto\/wd-western-digital-wd60ezax-disco-duro-interno-wd-blue-6tb-3-5-escritorio-sata3-6gb-s-256mb-5400rpm-windows\/"},"modified":"2026-04-07T00:36:49","modified_gmt":"2026-04-07T06:36:49","slug":"wd-western-digital-wd60ezax-disco-duro-interno-wd-blue-6tb-3-5-escritorio-sata3-6gb-s-256mb-5400rpm-windows","status":"publish","type":"product","link":"https:\/\/compuviper.mx\/tienda\/producto\/wd-western-digital-wd60ezax-disco-duro-interno-wd-blue-6tb-3-5-escritorio-sata3-6gb-s-256mb-5400rpm-windows\/","title":{"rendered":"Wd &#8211; Western Digital Wd60ezax Disco Duro Interno Wd Blue 6tb 3.5 Escritorio Sata3 6gb S 256mb 5400rpm Windows"},"content":{"rendered":"<table class=\"descripcion\">\n<tr>\n<td>Especificaciones<\/td>\n<\/tr>\n<tr>\n<td> 6 tb<\/td>\n<\/tr>\n<tr>\n<td>Numero de modelo wd60ezax<\/td>\n<\/tr>\n<tr>\n<td>Tecnologia de grabacion cmr<\/td>\n<\/tr>\n<tr>\n<td>Capacidad formateada 6 tb<\/td>\n<\/tr>\n<tr>\n<td>Factor de forma 3,5 pulgadas<\/td>\n<\/tr>\n<tr>\n<td>Formato avanzado (af) s\u00ed<\/td>\n<\/tr>\n<tr>\n<td>Cumplimiento de la normativa                         s\u00ed<\/td>\n<\/tr>\n<tr>\n<td>Rendimiento<\/td>\n<\/tr>\n<tr>\n<td>Velocidad de la interfaz                               6 gb\/s<\/td>\n<\/tr>\n<tr>\n<td>(max) 180 mb\/s<\/td>\n<\/tr>\n<tr>\n<td>Cache (mb) 256<\/td>\n<\/tr>\n<tr>\n<td>R. p. m. 5400<\/td>\n<\/tr>\n<tr>\n<td>Confiabilidad\/integridad de los datos<\/td>\n<\/tr>\n<tr>\n<td>Ciclos de carga\/descarga                                               300 000<\/td>\n<\/tr>\n<tr>\n<td>Errores de lectura no recupera-                   1 en 1014<\/td>\n<\/tr>\n<tr>\n<td>Garani\u00eda limitada (a\u00f1os)                                                                 2<\/td>\n<\/tr>\n<tr>\n<td>Administracion de la energia<\/td>\n<\/tr>\n<tr>\n<td>Requisitos promedio de energia (w)<\/td>\n<\/tr>\n<tr>\n<td>12 v de corriente continua \u00b1 10 % 1.75<\/td>\n<\/tr>\n<tr>\n<td>(a, pico) 4.7<\/td>\n<\/tr>\n<tr>\n<td>Lectura\/escritura 3.1<\/td>\n<\/tr>\n<tr>\n<td>Inactivo<\/td>\n<\/tr>\n<tr>\n<td>Espera y suspension 0.3<\/td>\n<\/tr>\n<tr>\n<td>Especificaciones ambientales9<\/td>\n<\/tr>\n<tr>\n<td>Temperatura (\u00b0c, en el armazon de la base)<\/td>\n<\/tr>\n<tr>\n<td>En funcionamiento                                       0 a 60<\/td>\n<\/tr>\n<tr>\n<td>Inactivo                                                      -40 a 70<\/td>\n<\/tr>\n<tr>\n<td>Choque (gs)<\/td>\n<\/tr>\n<tr>\n<td>En funcionamiento (2 ms,                                 70<\/td>\n<\/tr>\n<tr>\n<td>Escritura)                                                        70<\/td>\n<\/tr>\n<tr>\n<td>En funcionamiento (2 ms, lectura)                  250<\/td>\n<\/tr>\n<tr>\n<td>Acustica (dba)<\/td>\n<\/tr>\n<tr>\n<td>Inactivo                                                          23<\/td>\n<\/tr>\n<tr>\n<td>Busqueda (promedio)                                     27<\/td>\n<\/tr>\n<tr>\n<td>Dimensiones fisicas<\/td>\n<\/tr>\n<tr>\n<td>Altura (pulgadas\/mm, max.)                    1,028\/26,1<\/td>\n<\/tr>\n<tr>\n<td>Longitud (pulgadas\/mm, max.)               5,787\/147<\/td>\n<\/tr>\n<tr>\n<td>Ancho (pulgadas\/mm, \u00b10,01 pul-                  4\/101,6<\/td>\n<\/tr>\n<tr>\n<td>Peso (libras\/kg, \u00b13 %)                                 1,26 \/ 0,57<\/td>\n<\/tr>\n<\/table>\n","protected":false},"excerpt":{"rendered":"<p>El mayor est\u00e1ndar en almacenamiento. Amplie la capacidad de almacenamiento de su ordenador con los discos wd blue, dise\u00f1ados especialmente para ordenadores de sobremesa y todo en uno con diversas capacidades de almacenamiento.<\/p>\n","protected":false},"featured_media":267964,"comment_status":"open","ping_status":"open","template":"","meta":[],"product_cat":[1703,1706],"product_tag":[1705],"acf":[],"yoast_head":"<!-- This site is optimized with the Yoast SEO plugin v21.7 - https:\/\/yoast.com\/wordpress\/plugins\/seo\/ -->\n<title>[ Wd - Western Digital ] &#129351; Wd60ezax Disco Duro Interno Wd Blue 6tb 3.5 Escritorio Sata3 6gb S 256mb 5400rpm Windows<\/title>\n<meta name=\"description\" content=\"Compra Wd60ezax Disco Duro Interno Wd Blue 6tb 3.5 Escritorio Sata3 6gb S 256mb 5400rpm Windows + Env\u00edo a domicilio + Pago seguro + Garant\u00eda\" \/>\n<meta name=\"robots\" content=\"index, follow, max-snippet:-1, max-image-preview:large, max-video-preview:-1\" \/>\n<link rel=\"canonical\" href=\"https:\/\/compuviper.mx\/tienda\/producto\/wd-western-digital-wd60ezax-disco-duro-interno-wd-blue-6tb-3-5-escritorio-sata3-6gb-s-256mb-5400rpm-windows\/\" \/>\n<meta property=\"og:locale\" content=\"es_MX\" \/>\n<meta property=\"og:type\" content=\"article\" \/>\n<meta property=\"og:title\" content=\"[ Wd - Western Digital ] &#129351; Wd60ezax Disco Duro Interno Wd Blue 6tb 3.5 Escritorio Sata3 6gb S 256mb 5400rpm Windows\" \/>\n<meta property=\"og:description\" content=\"Compra Wd60ezax Disco Duro Interno Wd Blue 6tb 3.5 Escritorio Sata3 6gb S 256mb 5400rpm Windows + Env\u00edo a domicilio + Pago seguro + Garant\u00eda\" \/>\n<meta property=\"og:url\" content=\"https:\/\/compuviper.mx\/tienda\/producto\/wd-western-digital-wd60ezax-disco-duro-interno-wd-blue-6tb-3-5-escritorio-sata3-6gb-s-256mb-5400rpm-windows\/\" \/>\n<meta property=\"og:site_name\" content=\"Compuviper\" \/>\n<meta property=\"article:publisher\" content=\"https:\/\/www.facebook.com\/compuviper\" \/>\n<meta property=\"article:modified_time\" content=\"2026-04-07T06:36:49+00:00\" \/>\n<meta property=\"og:image\" content=\"https:\/\/compuviper.mx\/tienda\/wp-content\/uploads\/2026\/03\/Disco-duro-interno-wd-blue-6tb-3.5-escritorio-sata3-6gb-s-256mb-5400rpm-windows-wd60ezax.jpg\" \/>\n\t<meta property=\"og:image:width\" content=\"200\" \/>\n\t<meta property=\"og:image:height\" content=\"200\" \/>\n\t<meta property=\"og:image:type\" content=\"image\/jpeg\" \/>\n<meta name=\"twitter:card\" content=\"summary_large_image\" \/>\n<meta name=\"twitter:label1\" content=\"Precio\" \/>\n\t<meta name=\"twitter:data1\" content=\"&#36;2,262 con IVA\" \/>\n\t<meta name=\"twitter:label2\" content=\"Availability\" \/>\n\t<meta name=\"twitter:data2\" content=\"In stock\" \/>\n<script type=\"application\/ld+json\" class=\"yoast-schema-graph\">{\"@context\":\"https:\/\/schema.org\",\"@graph\":[{\"@type\":\"WebPage\",\"@id\":\"https:\/\/compuviper.mx\/tienda\/producto\/wd-western-digital-wd60ezax-disco-duro-interno-wd-blue-6tb-3-5-escritorio-sata3-6gb-s-256mb-5400rpm-windows\/\",\"url\":\"https:\/\/compuviper.mx\/tienda\/producto\/wd-western-digital-wd60ezax-disco-duro-interno-wd-blue-6tb-3-5-escritorio-sata3-6gb-s-256mb-5400rpm-windows\/\",\"name\":\"[ Wd - Western Digital ] &#129351; Wd60ezax Disco Duro Interno Wd Blue 6tb 3.5 Escritorio Sata3 6gb S 256mb 5400rpm Windows\",\"isPartOf\":{\"@id\":\"https:\/\/compuviper.mx\/tienda\/#website\"},\"datePublished\":\"2026-04-07T06:36:48+00:00\",\"dateModified\":\"2026-04-07T06:36:49+00:00\",\"description\":\"Compra Wd60ezax Disco Duro Interno Wd Blue 6tb 3.5 Escritorio Sata3 6gb S 256mb 5400rpm Windows + Env\u00edo a domicilio + Pago seguro + Garant\u00eda\",\"breadcrumb\":{\"@id\":\"https:\/\/compuviper.mx\/tienda\/producto\/wd-western-digital-wd60ezax-disco-duro-interno-wd-blue-6tb-3-5-escritorio-sata3-6gb-s-256mb-5400rpm-windows\/#breadcrumb\"},\"inLanguage\":\"es-MX\",\"potentialAction\":[{\"@type\":\"ReadAction\",\"target\":[\"https:\/\/compuviper.mx\/tienda\/producto\/wd-western-digital-wd60ezax-disco-duro-interno-wd-blue-6tb-3-5-escritorio-sata3-6gb-s-256mb-5400rpm-windows\/\"]}]},{\"@type\":\"BreadcrumbList\",\"@id\":\"https:\/\/compuviper.mx\/tienda\/producto\/wd-western-digital-wd60ezax-disco-duro-interno-wd-blue-6tb-3-5-escritorio-sata3-6gb-s-256mb-5400rpm-windows\/#breadcrumb\",\"itemListElement\":[{\"@type\":\"ListItem\",\"position\":1,\"name\":\"Inicio\",\"item\":\"https:\/\/compuviper.mx\/tienda\/\"},{\"@type\":\"ListItem\",\"position\":2,\"name\":\"Productos\",\"item\":\"https:\/\/compuviper.mx\/tienda\/productos\/\"},{\"@type\":\"ListItem\",\"position\":3,\"name\":\"Discos Duros\",\"item\":\"https:\/\/compuviper.mx\/tienda\/categoria-producto\/discos-duros\/\"},{\"@type\":\"ListItem\",\"position\":4,\"name\":\"Disco Duro\",\"item\":\"https:\/\/compuviper.mx\/tienda\/categoria-producto\/discos-duros\/disco-duro\/\"},{\"@type\":\"ListItem\",\"position\":5,\"name\":\"Wd &#8211; Western Digital Wd60ezax Disco Duro Interno Wd Blue 6tb 3.5 Escritorio Sata3 6gb S 256mb 5400rpm Windows\"}]},{\"@type\":\"WebSite\",\"@id\":\"https:\/\/compuviper.mx\/tienda\/#website\",\"url\":\"https:\/\/compuviper.mx\/tienda\/\",\"name\":\"Compuviper\",\"description\":\"Proveedor de Computadoras, Laptops, Servidores, Monitores, Puntos de Venta, Teclados,   Impresoras, T\u00f3ner, C\u00e1maras de Seguridad y m\u00e1s en tu tienda en l\u00ednea\",\"publisher\":{\"@id\":\"https:\/\/compuviper.mx\/tienda\/#organization\"},\"potentialAction\":[{\"@type\":\"SearchAction\",\"target\":{\"@type\":\"EntryPoint\",\"urlTemplate\":\"https:\/\/compuviper.mx\/tienda\/?s={search_term_string}\"},\"query-input\":\"required name=search_term_string\"}],\"inLanguage\":\"es-MX\"},{\"@type\":\"Organization\",\"@id\":\"https:\/\/compuviper.mx\/tienda\/#organization\",\"name\":\"Compuviper\",\"url\":\"https:\/\/compuviper.mx\/tienda\/\",\"logo\":{\"@type\":\"ImageObject\",\"inLanguage\":\"es-MX\",\"@id\":\"https:\/\/compuviper.mx\/tienda\/#\/schema\/logo\/image\/\",\"url\":\"https:\/\/compuviper.mx\/tienda\/wp-content\/uploads\/2021\/08\/Logo-Compuviper-10.png\",\"contentUrl\":\"https:\/\/compuviper.mx\/tienda\/wp-content\/uploads\/2021\/08\/Logo-Compuviper-10.png\",\"width\":1000,\"height\":500,\"caption\":\"Compuviper\"},\"image\":{\"@id\":\"https:\/\/compuviper.mx\/tienda\/#\/schema\/logo\/image\/\"},\"sameAs\":[\"https:\/\/www.facebook.com\/compuviper\",\"https:\/\/www.youtube.com\/channel\/UCf73dERp9Y3cfOq7q8BhLjA?view_as=subscriber\"]}]}<\/script>\n<meta property=\"product:brand\" content=\"WD - WESTERN DIGITAL\" \/>\n<meta property=\"product:price:amount\" content=\"2262\" \/>\n<meta property=\"product:price:currency\" content=\"MXN\" \/>\n<meta property=\"og:availability\" content=\"instock\" \/>\n<meta property=\"product:availability\" content=\"instock\" \/>\n<meta property=\"product:retailer_item_id\" content=\"WD60EZAX\" \/>\n<meta property=\"product:condition\" content=\"new\" \/>\n<!-- \/ Yoast SEO plugin. -->","yoast_head_json":{"title":"[ Wd - Western Digital ] &#129351; Wd60ezax Disco Duro Interno Wd Blue 6tb 3.5 Escritorio Sata3 6gb S 256mb 5400rpm Windows","description":"Compra Wd60ezax Disco Duro Interno Wd Blue 6tb 3.5 Escritorio Sata3 6gb S 256mb 5400rpm Windows + Env\u00edo a domicilio + Pago seguro + Garant\u00eda","robots":{"index":"index","follow":"follow","max-snippet":"max-snippet:-1","max-image-preview":"max-image-preview:large","max-video-preview":"max-video-preview:-1"},"canonical":"https:\/\/compuviper.mx\/tienda\/producto\/wd-western-digital-wd60ezax-disco-duro-interno-wd-blue-6tb-3-5-escritorio-sata3-6gb-s-256mb-5400rpm-windows\/","og_locale":"es_MX","og_type":"article","og_title":"[ Wd - Western Digital ] &#129351; Wd60ezax Disco Duro Interno Wd Blue 6tb 3.5 Escritorio Sata3 6gb S 256mb 5400rpm Windows","og_description":"Compra Wd60ezax Disco Duro Interno Wd Blue 6tb 3.5 Escritorio Sata3 6gb S 256mb 5400rpm Windows + Env\u00edo a domicilio + Pago seguro + Garant\u00eda","og_url":"https:\/\/compuviper.mx\/tienda\/producto\/wd-western-digital-wd60ezax-disco-duro-interno-wd-blue-6tb-3-5-escritorio-sata3-6gb-s-256mb-5400rpm-windows\/","og_site_name":"Compuviper","article_publisher":"https:\/\/www.facebook.com\/compuviper","article_modified_time":"2026-04-07T06:36:49+00:00","og_image":[{"width":200,"height":200,"url":"https:\/\/compuviper.mx\/tienda\/wp-content\/uploads\/2026\/03\/Disco-duro-interno-wd-blue-6tb-3.5-escritorio-sata3-6gb-s-256mb-5400rpm-windows-wd60ezax.jpg","type":"image\/jpeg"}],"twitter_card":"summary_large_image","twitter_misc":{"Precio":"&#36;2,262 con IVA","Availability":"In stock"},"schema":{"@context":"https:\/\/schema.org","@graph":[{"@type":"WebPage","@id":"https:\/\/compuviper.mx\/tienda\/producto\/wd-western-digital-wd60ezax-disco-duro-interno-wd-blue-6tb-3-5-escritorio-sata3-6gb-s-256mb-5400rpm-windows\/","url":"https:\/\/compuviper.mx\/tienda\/producto\/wd-western-digital-wd60ezax-disco-duro-interno-wd-blue-6tb-3-5-escritorio-sata3-6gb-s-256mb-5400rpm-windows\/","name":"[ Wd - Western Digital ] &#129351; Wd60ezax Disco Duro Interno Wd Blue 6tb 3.5 Escritorio Sata3 6gb S 256mb 5400rpm Windows","isPartOf":{"@id":"https:\/\/compuviper.mx\/tienda\/#website"},"datePublished":"2026-04-07T06:36:48+00:00","dateModified":"2026-04-07T06:36:49+00:00","description":"Compra Wd60ezax Disco Duro Interno Wd Blue 6tb 3.5 Escritorio Sata3 6gb S 256mb 5400rpm Windows + Env\u00edo a domicilio + Pago seguro + Garant\u00eda","breadcrumb":{"@id":"https:\/\/compuviper.mx\/tienda\/producto\/wd-western-digital-wd60ezax-disco-duro-interno-wd-blue-6tb-3-5-escritorio-sata3-6gb-s-256mb-5400rpm-windows\/#breadcrumb"},"inLanguage":"es-MX","potentialAction":[{"@type":"ReadAction","target":["https:\/\/compuviper.mx\/tienda\/producto\/wd-western-digital-wd60ezax-disco-duro-interno-wd-blue-6tb-3-5-escritorio-sata3-6gb-s-256mb-5400rpm-windows\/"]}]},{"@type":"BreadcrumbList","@id":"https:\/\/compuviper.mx\/tienda\/producto\/wd-western-digital-wd60ezax-disco-duro-interno-wd-blue-6tb-3-5-escritorio-sata3-6gb-s-256mb-5400rpm-windows\/#breadcrumb","itemListElement":[{"@type":"ListItem","position":1,"name":"Inicio","item":"https:\/\/compuviper.mx\/tienda\/"},{"@type":"ListItem","position":2,"name":"Productos","item":"https:\/\/compuviper.mx\/tienda\/productos\/"},{"@type":"ListItem","position":3,"name":"Discos Duros","item":"https:\/\/compuviper.mx\/tienda\/categoria-producto\/discos-duros\/"},{"@type":"ListItem","position":4,"name":"Disco Duro","item":"https:\/\/compuviper.mx\/tienda\/categoria-producto\/discos-duros\/disco-duro\/"},{"@type":"ListItem","position":5,"name":"Wd &#8211; Western Digital Wd60ezax Disco Duro Interno Wd Blue 6tb 3.5 Escritorio Sata3 6gb S 256mb 5400rpm Windows"}]},{"@type":"WebSite","@id":"https:\/\/compuviper.mx\/tienda\/#website","url":"https:\/\/compuviper.mx\/tienda\/","name":"Compuviper","description":"Proveedor de Computadoras, Laptops, Servidores, Monitores, Puntos de Venta, Teclados,   Impresoras, T\u00f3ner, C\u00e1maras de Seguridad y m\u00e1s en tu tienda en l\u00ednea","publisher":{"@id":"https:\/\/compuviper.mx\/tienda\/#organization"},"potentialAction":[{"@type":"SearchAction","target":{"@type":"EntryPoint","urlTemplate":"https:\/\/compuviper.mx\/tienda\/?s={search_term_string}"},"query-input":"required name=search_term_string"}],"inLanguage":"es-MX"},{"@type":"Organization","@id":"https:\/\/compuviper.mx\/tienda\/#organization","name":"Compuviper","url":"https:\/\/compuviper.mx\/tienda\/","logo":{"@type":"ImageObject","inLanguage":"es-MX","@id":"https:\/\/compuviper.mx\/tienda\/#\/schema\/logo\/image\/","url":"https:\/\/compuviper.mx\/tienda\/wp-content\/uploads\/2021\/08\/Logo-Compuviper-10.png","contentUrl":"https:\/\/compuviper.mx\/tienda\/wp-content\/uploads\/2021\/08\/Logo-Compuviper-10.png","width":1000,"height":500,"caption":"Compuviper"},"image":{"@id":"https:\/\/compuviper.mx\/tienda\/#\/schema\/logo\/image\/"},"sameAs":["https:\/\/www.facebook.com\/compuviper","https:\/\/www.youtube.com\/channel\/UCf73dERp9Y3cfOq7q8BhLjA?view_as=subscriber"]}]},"product_brand":"WD - WESTERN DIGITAL","product_price_amount":"2262","product_price_currency":"MXN","og_availability":"instock","product_availability":"instock","product_retailer_item_id":"WD60EZAX","product_condition":"new"},"_links":{"self":[{"href":"https:\/\/compuviper.mx\/tienda\/wp-json\/wp\/v2\/product\/267963"}],"collection":[{"href":"https:\/\/compuviper.mx\/tienda\/wp-json\/wp\/v2\/product"}],"about":[{"href":"https:\/\/compuviper.mx\/tienda\/wp-json\/wp\/v2\/types\/product"}],"replies":[{"embeddable":true,"href":"https:\/\/compuviper.mx\/tienda\/wp-json\/wp\/v2\/comments?post=267963"}],"wp:featuredmedia":[{"embeddable":true,"href":"https:\/\/compuviper.mx\/tienda\/wp-json\/wp\/v2\/media\/267964"}],"wp:attachment":[{"href":"https:\/\/compuviper.mx\/tienda\/wp-json\/wp\/v2\/media?parent=267963"}],"wp:term":[{"taxonomy":"product_cat","embeddable":true,"href":"https:\/\/compuviper.mx\/tienda\/wp-json\/wp\/v2\/product_cat?post=267963"},{"taxonomy":"product_tag","embeddable":true,"href":"https:\/\/compuviper.mx\/tienda\/wp-json\/wp\/v2\/product_tag?post=267963"}],"curies":[{"name":"wp","href":"https:\/\/api.w.org\/{rel}","templated":true}]}}