{"id":267961,"date":"2026-04-07T00:36:47","date_gmt":"2026-04-07T06:36:47","guid":{"rendered":"https:\/\/compuviper.mx\/tienda\/producto\/wd-western-digital-wd23purz-disco-duro-interno-wd-purple-2tb-3-5-escritorio-sata3-6gb-s-64mb-5400rpm-24x7-dvr-nvr-1-8-bahias-1-64-camaras\/"},"modified":"2026-04-07T00:36:48","modified_gmt":"2026-04-07T06:36:48","slug":"wd-western-digital-wd23purz-disco-duro-interno-wd-purple-2tb-3-5-escritorio-sata3-6gb-s-64mb-5400rpm-24x7-dvr-nvr-1-8-bahias-1-64-camaras","status":"publish","type":"product","link":"https:\/\/compuviper.mx\/tienda\/producto\/wd-western-digital-wd23purz-disco-duro-interno-wd-purple-2tb-3-5-escritorio-sata3-6gb-s-64mb-5400rpm-24x7-dvr-nvr-1-8-bahias-1-64-camaras\/","title":{"rendered":"Wd &#8211; Western Digital Wd23purz Disco Duro Interno Wd Purple 2tb 3.5 Escritorio Sata3 6gb\/s 64mb 5400rpm 24&#215;7 Dvr Nvr 1-8 Bahias 1-64 Camaras"},"content":{"rendered":"<table class=\"descripcion\">\n<tr>\n<td>Capacity1   2tb<\/td>\n<\/tr>\n<tr>\n<td>Product specifications model number  wd23purz<\/td>\n<\/tr>\n<tr>\n<td> interface  sata 6 gb\/s<\/td>\n<\/tr>\n<tr>\n<td> formatted capacity  2tb<\/td>\n<\/tr>\n<tr>\n<td> form factor   3.5-inch<\/td>\n<\/tr>\n<tr>\n<td> advanced format (af)   yes<\/td>\n<\/tr>\n<tr>\n<td> recording technology  cmr<\/td>\n<\/tr>\n<tr>\n<td> rohs compliant2  yes<\/td>\n<\/tr>\n<tr>\n<td>Product features maximum drive bays supported  8<\/td>\n<\/tr>\n<tr>\n<td> camera support3  up to 64<\/td>\n<\/tr>\n<tr>\n<td> firmware feature name  allframe<\/td>\n<\/tr>\n<tr>\n<td> tarnish resistant components  no<\/td>\n<\/tr>\n<tr>\n<td>Performance interface transfer rate (max) buffer to host4 6 gb\/s<\/td>\n<\/tr>\n<tr>\n<td>  host to \/ from drive5 145 mb\/s<\/td>\n<\/tr>\n<tr>\n<td> cache (mb)1  64 mb<\/td>\n<\/tr>\n<tr>\n<td>Reliability\/data integrity load\/unload cycles6  300,000<\/td>\n<\/tr>\n<tr>\n<td> annualized workload rating8 (tb\/year) 180 tb\/year<\/td>\n<\/tr>\n<tr>\n<td> non-recoverable read errors per bits read    1 in 1014<\/td>\n<\/tr>\n<tr>\n<td> mtbf9  1,000,000<\/td>\n<\/tr>\n<tr>\n<td> limited warranty 7 (years) 3 years<\/td>\n<\/tr>\n<tr>\n<td>Power management average power (w) read\/write 4.4 w<\/td>\n<\/tr>\n<tr>\n<td>  idle 4.1 w<\/td>\n<\/tr>\n<tr>\n<td>  standby\/sleep 0.4 w<\/td>\n<\/tr>\n<tr>\n<td>Environmental specifications temperature operating 0\u00b0c to 65\u00b0c<\/td>\n<\/tr>\n<tr>\n<td>  non-operating -40\u00b0c to 70\u00b0c<\/td>\n<\/tr>\n<tr>\n<td> shock operating (2 ms, read\/write)  30gs<\/td>\n<\/tr>\n<tr>\n<td>  operating (2 ms, read)  65gs<\/td>\n<\/tr>\n<tr>\n<td>  non-operating (2 ms) 250gs<\/td>\n<\/tr>\n<tr>\n<td>Acoustics (dba) idle dba 23<\/td>\n<\/tr>\n<tr>\n<td> seek (average) dba 24<\/td>\n<\/tr>\n<tr>\n<td>Physical dimensions height (max)  (in \/ mm) 1.028 \/ 26.1<\/td>\n<\/tr>\n<tr>\n<td> length (max)  (in \/ mm) 5.787 \/ 147<\/td>\n<\/tr>\n<tr>\n<td> width (\u00b1 .01 in.)  (in \/ mm) 4 \/ 101.6<\/td>\n<\/tr>\n<tr>\n<td> weight (\u00b1 3% )  (lb \/ kg) 1.32 \/ 0.60<\/td>\n<\/tr>\n<\/table>\n","protected":false},"excerpt":{"rendered":"<p>Almacenamiento inquebrantable. Creados para sistemas de seguridad de alta definicion de funcionamiento continuo las 24 horas, los 7 d\u00edas de la semana. Compatibles con indices de cargas de trabajo de hasta 180 tb\/a\u00f1o y con un maximo de 64 camaras, los discos wd purple estan optimizados para los sistemas de vigilancia.<\/p>\n","protected":false},"featured_media":267962,"comment_status":"open","ping_status":"open","template":"","meta":[],"product_cat":[1703,1706],"product_tag":[1705],"acf":[],"yoast_head":"<!-- This site is optimized with the Yoast SEO plugin v21.7 - https:\/\/yoast.com\/wordpress\/plugins\/seo\/ -->\n<title>[ Wd - Western Digital ] &#129351; Wd23purz Disco Duro Interno Wd Purple 2tb 3.5 Escritorio Sata3 6gb\/s 64mb 5400rpm 24x7 Dvr Nvr 1-8 Bahias 1-64 Camaras<\/title>\n<meta name=\"description\" content=\"Compra Wd23purz Disco Duro Interno Wd Purple 2tb 3.5 Escritorio Sata3 6gb\/s 64mb 5400rpm 24x7 Dvr Nvr 1-8 Bahias 1-64 Camaras + Env\u00edo a domicilio + Pago seguro + Garant\u00eda\" \/>\n<meta name=\"robots\" content=\"index, follow, max-snippet:-1, max-image-preview:large, max-video-preview:-1\" \/>\n<link rel=\"canonical\" href=\"https:\/\/compuviper.mx\/tienda\/producto\/wd-western-digital-wd23purz-disco-duro-interno-wd-purple-2tb-3-5-escritorio-sata3-6gb-s-64mb-5400rpm-24x7-dvr-nvr-1-8-bahias-1-64-camaras\/\" \/>\n<meta property=\"og:locale\" content=\"es_MX\" \/>\n<meta property=\"og:type\" content=\"article\" \/>\n<meta property=\"og:title\" content=\"[ Wd - Western Digital ] &#129351; Wd23purz Disco Duro Interno Wd Purple 2tb 3.5 Escritorio Sata3 6gb\/s 64mb 5400rpm 24x7 Dvr Nvr 1-8 Bahias 1-64 Camaras\" \/>\n<meta property=\"og:description\" content=\"Compra Wd23purz Disco Duro Interno Wd Purple 2tb 3.5 Escritorio Sata3 6gb\/s 64mb 5400rpm 24x7 Dvr Nvr 1-8 Bahias 1-64 Camaras + Env\u00edo a domicilio + Pago seguro + Garant\u00eda\" \/>\n<meta property=\"og:url\" content=\"https:\/\/compuviper.mx\/tienda\/producto\/wd-western-digital-wd23purz-disco-duro-interno-wd-purple-2tb-3-5-escritorio-sata3-6gb-s-64mb-5400rpm-24x7-dvr-nvr-1-8-bahias-1-64-camaras\/\" \/>\n<meta property=\"og:site_name\" content=\"Compuviper\" \/>\n<meta property=\"article:publisher\" content=\"https:\/\/www.facebook.com\/compuviper\" \/>\n<meta property=\"article:modified_time\" content=\"2026-04-07T06:36:48+00:00\" \/>\n<meta property=\"og:image\" content=\"https:\/\/compuviper.mx\/tienda\/wp-content\/uploads\/2026\/03\/Disco-duro-interno-wd-purple-2tb-3.5-escritorio-sata3-6gbs-64mb-5400rpm-24x7-dvr-nvr-1-8-bahias-1-64-camaras-wd23purz.jpg\" \/>\n\t<meta property=\"og:image:width\" content=\"200\" \/>\n\t<meta property=\"og:image:height\" content=\"200\" \/>\n\t<meta property=\"og:image:type\" content=\"image\/jpeg\" \/>\n<meta name=\"twitter:card\" content=\"summary_large_image\" \/>\n<meta name=\"twitter:label1\" content=\"Precio\" \/>\n\t<meta name=\"twitter:data1\" content=\"&#36;1,382 con IVA\" \/>\n\t<meta name=\"twitter:label2\" content=\"Availability\" \/>\n\t<meta name=\"twitter:data2\" content=\"Out of stock\" \/>\n<script type=\"application\/ld+json\" class=\"yoast-schema-graph\">{\"@context\":\"https:\/\/schema.org\",\"@graph\":[{\"@type\":\"WebPage\",\"@id\":\"https:\/\/compuviper.mx\/tienda\/producto\/wd-western-digital-wd23purz-disco-duro-interno-wd-purple-2tb-3-5-escritorio-sata3-6gb-s-64mb-5400rpm-24x7-dvr-nvr-1-8-bahias-1-64-camaras\/\",\"url\":\"https:\/\/compuviper.mx\/tienda\/producto\/wd-western-digital-wd23purz-disco-duro-interno-wd-purple-2tb-3-5-escritorio-sata3-6gb-s-64mb-5400rpm-24x7-dvr-nvr-1-8-bahias-1-64-camaras\/\",\"name\":\"[ Wd - Western Digital ] &#129351; Wd23purz Disco Duro Interno Wd Purple 2tb 3.5 Escritorio Sata3 6gb\/s 64mb 5400rpm 24x7 Dvr Nvr 1-8 Bahias 1-64 Camaras\",\"isPartOf\":{\"@id\":\"https:\/\/compuviper.mx\/tienda\/#website\"},\"datePublished\":\"2026-04-07T06:36:47+00:00\",\"dateModified\":\"2026-04-07T06:36:48+00:00\",\"description\":\"Compra Wd23purz Disco Duro Interno Wd Purple 2tb 3.5 Escritorio Sata3 6gb\/s 64mb 5400rpm 24x7 Dvr Nvr 1-8 Bahias 1-64 Camaras + Env\u00edo a domicilio + Pago seguro + Garant\u00eda\",\"breadcrumb\":{\"@id\":\"https:\/\/compuviper.mx\/tienda\/producto\/wd-western-digital-wd23purz-disco-duro-interno-wd-purple-2tb-3-5-escritorio-sata3-6gb-s-64mb-5400rpm-24x7-dvr-nvr-1-8-bahias-1-64-camaras\/#breadcrumb\"},\"inLanguage\":\"es-MX\",\"potentialAction\":[{\"@type\":\"ReadAction\",\"target\":[\"https:\/\/compuviper.mx\/tienda\/producto\/wd-western-digital-wd23purz-disco-duro-interno-wd-purple-2tb-3-5-escritorio-sata3-6gb-s-64mb-5400rpm-24x7-dvr-nvr-1-8-bahias-1-64-camaras\/\"]}]},{\"@type\":\"BreadcrumbList\",\"@id\":\"https:\/\/compuviper.mx\/tienda\/producto\/wd-western-digital-wd23purz-disco-duro-interno-wd-purple-2tb-3-5-escritorio-sata3-6gb-s-64mb-5400rpm-24x7-dvr-nvr-1-8-bahias-1-64-camaras\/#breadcrumb\",\"itemListElement\":[{\"@type\":\"ListItem\",\"position\":1,\"name\":\"Inicio\",\"item\":\"https:\/\/compuviper.mx\/tienda\/\"},{\"@type\":\"ListItem\",\"position\":2,\"name\":\"Productos\",\"item\":\"https:\/\/compuviper.mx\/tienda\/productos\/\"},{\"@type\":\"ListItem\",\"position\":3,\"name\":\"Discos Duros\",\"item\":\"https:\/\/compuviper.mx\/tienda\/categoria-producto\/discos-duros\/\"},{\"@type\":\"ListItem\",\"position\":4,\"name\":\"Disco Duro\",\"item\":\"https:\/\/compuviper.mx\/tienda\/categoria-producto\/discos-duros\/disco-duro\/\"},{\"@type\":\"ListItem\",\"position\":5,\"name\":\"Wd &#8211; Western Digital Wd23purz Disco Duro Interno Wd Purple 2tb 3.5 Escritorio Sata3 6gb\/s 64mb 5400rpm 24&#215;7 Dvr Nvr 1-8 Bahias 1-64 Camaras\"}]},{\"@type\":\"WebSite\",\"@id\":\"https:\/\/compuviper.mx\/tienda\/#website\",\"url\":\"https:\/\/compuviper.mx\/tienda\/\",\"name\":\"Compuviper\",\"description\":\"Proveedor de Computadoras, Laptops, Servidores, Monitores, Puntos de Venta, Teclados,   Impresoras, T\u00f3ner, C\u00e1maras de Seguridad y m\u00e1s en tu tienda en l\u00ednea\",\"publisher\":{\"@id\":\"https:\/\/compuviper.mx\/tienda\/#organization\"},\"potentialAction\":[{\"@type\":\"SearchAction\",\"target\":{\"@type\":\"EntryPoint\",\"urlTemplate\":\"https:\/\/compuviper.mx\/tienda\/?s={search_term_string}\"},\"query-input\":\"required name=search_term_string\"}],\"inLanguage\":\"es-MX\"},{\"@type\":\"Organization\",\"@id\":\"https:\/\/compuviper.mx\/tienda\/#organization\",\"name\":\"Compuviper\",\"url\":\"https:\/\/compuviper.mx\/tienda\/\",\"logo\":{\"@type\":\"ImageObject\",\"inLanguage\":\"es-MX\",\"@id\":\"https:\/\/compuviper.mx\/tienda\/#\/schema\/logo\/image\/\",\"url\":\"https:\/\/compuviper.mx\/tienda\/wp-content\/uploads\/2021\/08\/Logo-Compuviper-10.png\",\"contentUrl\":\"https:\/\/compuviper.mx\/tienda\/wp-content\/uploads\/2021\/08\/Logo-Compuviper-10.png\",\"width\":1000,\"height\":500,\"caption\":\"Compuviper\"},\"image\":{\"@id\":\"https:\/\/compuviper.mx\/tienda\/#\/schema\/logo\/image\/\"},\"sameAs\":[\"https:\/\/www.facebook.com\/compuviper\",\"https:\/\/www.youtube.com\/channel\/UCf73dERp9Y3cfOq7q8BhLjA?view_as=subscriber\"]}]}<\/script>\n<meta property=\"product:brand\" content=\"WD - WESTERN DIGITAL\" \/>\n<meta property=\"product:price:amount\" content=\"1382\" \/>\n<meta property=\"product:price:currency\" content=\"MXN\" \/>\n<meta property=\"og:availability\" content=\"out of stock\" \/>\n<meta property=\"product:availability\" content=\"out of stock\" \/>\n<meta property=\"product:retailer_item_id\" content=\"WD23PURZ\" \/>\n<meta property=\"product:condition\" content=\"new\" \/>\n<!-- \/ Yoast SEO plugin. -->","yoast_head_json":{"title":"[ Wd - Western Digital ] &#129351; Wd23purz Disco Duro Interno Wd Purple 2tb 3.5 Escritorio Sata3 6gb\/s 64mb 5400rpm 24x7 Dvr Nvr 1-8 Bahias 1-64 Camaras","description":"Compra Wd23purz Disco Duro Interno Wd Purple 2tb 3.5 Escritorio Sata3 6gb\/s 64mb 5400rpm 24x7 Dvr Nvr 1-8 Bahias 1-64 Camaras + Env\u00edo a domicilio + Pago seguro + Garant\u00eda","robots":{"index":"index","follow":"follow","max-snippet":"max-snippet:-1","max-image-preview":"max-image-preview:large","max-video-preview":"max-video-preview:-1"},"canonical":"https:\/\/compuviper.mx\/tienda\/producto\/wd-western-digital-wd23purz-disco-duro-interno-wd-purple-2tb-3-5-escritorio-sata3-6gb-s-64mb-5400rpm-24x7-dvr-nvr-1-8-bahias-1-64-camaras\/","og_locale":"es_MX","og_type":"article","og_title":"[ Wd - Western Digital ] &#129351; Wd23purz Disco Duro Interno Wd Purple 2tb 3.5 Escritorio Sata3 6gb\/s 64mb 5400rpm 24x7 Dvr Nvr 1-8 Bahias 1-64 Camaras","og_description":"Compra Wd23purz Disco Duro Interno Wd Purple 2tb 3.5 Escritorio Sata3 6gb\/s 64mb 5400rpm 24x7 Dvr Nvr 1-8 Bahias 1-64 Camaras + Env\u00edo a domicilio + Pago seguro + Garant\u00eda","og_url":"https:\/\/compuviper.mx\/tienda\/producto\/wd-western-digital-wd23purz-disco-duro-interno-wd-purple-2tb-3-5-escritorio-sata3-6gb-s-64mb-5400rpm-24x7-dvr-nvr-1-8-bahias-1-64-camaras\/","og_site_name":"Compuviper","article_publisher":"https:\/\/www.facebook.com\/compuviper","article_modified_time":"2026-04-07T06:36:48+00:00","og_image":[{"width":200,"height":200,"url":"https:\/\/compuviper.mx\/tienda\/wp-content\/uploads\/2026\/03\/Disco-duro-interno-wd-purple-2tb-3.5-escritorio-sata3-6gbs-64mb-5400rpm-24x7-dvr-nvr-1-8-bahias-1-64-camaras-wd23purz.jpg","type":"image\/jpeg"}],"twitter_card":"summary_large_image","twitter_misc":{"Precio":"&#36;1,382 con IVA","Availability":"Out of stock"},"schema":{"@context":"https:\/\/schema.org","@graph":[{"@type":"WebPage","@id":"https:\/\/compuviper.mx\/tienda\/producto\/wd-western-digital-wd23purz-disco-duro-interno-wd-purple-2tb-3-5-escritorio-sata3-6gb-s-64mb-5400rpm-24x7-dvr-nvr-1-8-bahias-1-64-camaras\/","url":"https:\/\/compuviper.mx\/tienda\/producto\/wd-western-digital-wd23purz-disco-duro-interno-wd-purple-2tb-3-5-escritorio-sata3-6gb-s-64mb-5400rpm-24x7-dvr-nvr-1-8-bahias-1-64-camaras\/","name":"[ Wd - Western Digital ] &#129351; Wd23purz Disco Duro Interno Wd Purple 2tb 3.5 Escritorio Sata3 6gb\/s 64mb 5400rpm 24x7 Dvr Nvr 1-8 Bahias 1-64 Camaras","isPartOf":{"@id":"https:\/\/compuviper.mx\/tienda\/#website"},"datePublished":"2026-04-07T06:36:47+00:00","dateModified":"2026-04-07T06:36:48+00:00","description":"Compra Wd23purz Disco Duro Interno Wd Purple 2tb 3.5 Escritorio Sata3 6gb\/s 64mb 5400rpm 24x7 Dvr Nvr 1-8 Bahias 1-64 Camaras + Env\u00edo a domicilio + Pago seguro + Garant\u00eda","breadcrumb":{"@id":"https:\/\/compuviper.mx\/tienda\/producto\/wd-western-digital-wd23purz-disco-duro-interno-wd-purple-2tb-3-5-escritorio-sata3-6gb-s-64mb-5400rpm-24x7-dvr-nvr-1-8-bahias-1-64-camaras\/#breadcrumb"},"inLanguage":"es-MX","potentialAction":[{"@type":"ReadAction","target":["https:\/\/compuviper.mx\/tienda\/producto\/wd-western-digital-wd23purz-disco-duro-interno-wd-purple-2tb-3-5-escritorio-sata3-6gb-s-64mb-5400rpm-24x7-dvr-nvr-1-8-bahias-1-64-camaras\/"]}]},{"@type":"BreadcrumbList","@id":"https:\/\/compuviper.mx\/tienda\/producto\/wd-western-digital-wd23purz-disco-duro-interno-wd-purple-2tb-3-5-escritorio-sata3-6gb-s-64mb-5400rpm-24x7-dvr-nvr-1-8-bahias-1-64-camaras\/#breadcrumb","itemListElement":[{"@type":"ListItem","position":1,"name":"Inicio","item":"https:\/\/compuviper.mx\/tienda\/"},{"@type":"ListItem","position":2,"name":"Productos","item":"https:\/\/compuviper.mx\/tienda\/productos\/"},{"@type":"ListItem","position":3,"name":"Discos Duros","item":"https:\/\/compuviper.mx\/tienda\/categoria-producto\/discos-duros\/"},{"@type":"ListItem","position":4,"name":"Disco Duro","item":"https:\/\/compuviper.mx\/tienda\/categoria-producto\/discos-duros\/disco-duro\/"},{"@type":"ListItem","position":5,"name":"Wd &#8211; Western Digital Wd23purz Disco Duro Interno Wd Purple 2tb 3.5 Escritorio Sata3 6gb\/s 64mb 5400rpm 24&#215;7 Dvr Nvr 1-8 Bahias 1-64 Camaras"}]},{"@type":"WebSite","@id":"https:\/\/compuviper.mx\/tienda\/#website","url":"https:\/\/compuviper.mx\/tienda\/","name":"Compuviper","description":"Proveedor de Computadoras, Laptops, Servidores, Monitores, Puntos de Venta, Teclados,   Impresoras, T\u00f3ner, C\u00e1maras de Seguridad y m\u00e1s en tu tienda en l\u00ednea","publisher":{"@id":"https:\/\/compuviper.mx\/tienda\/#organization"},"potentialAction":[{"@type":"SearchAction","target":{"@type":"EntryPoint","urlTemplate":"https:\/\/compuviper.mx\/tienda\/?s={search_term_string}"},"query-input":"required name=search_term_string"}],"inLanguage":"es-MX"},{"@type":"Organization","@id":"https:\/\/compuviper.mx\/tienda\/#organization","name":"Compuviper","url":"https:\/\/compuviper.mx\/tienda\/","logo":{"@type":"ImageObject","inLanguage":"es-MX","@id":"https:\/\/compuviper.mx\/tienda\/#\/schema\/logo\/image\/","url":"https:\/\/compuviper.mx\/tienda\/wp-content\/uploads\/2021\/08\/Logo-Compuviper-10.png","contentUrl":"https:\/\/compuviper.mx\/tienda\/wp-content\/uploads\/2021\/08\/Logo-Compuviper-10.png","width":1000,"height":500,"caption":"Compuviper"},"image":{"@id":"https:\/\/compuviper.mx\/tienda\/#\/schema\/logo\/image\/"},"sameAs":["https:\/\/www.facebook.com\/compuviper","https:\/\/www.youtube.com\/channel\/UCf73dERp9Y3cfOq7q8BhLjA?view_as=subscriber"]}]},"product_brand":"WD - WESTERN DIGITAL","product_price_amount":"1382","product_price_currency":"MXN","og_availability":"out of stock","product_availability":"out of stock","product_retailer_item_id":"WD23PURZ","product_condition":"new"},"_links":{"self":[{"href":"https:\/\/compuviper.mx\/tienda\/wp-json\/wp\/v2\/product\/267961"}],"collection":[{"href":"https:\/\/compuviper.mx\/tienda\/wp-json\/wp\/v2\/product"}],"about":[{"href":"https:\/\/compuviper.mx\/tienda\/wp-json\/wp\/v2\/types\/product"}],"replies":[{"embeddable":true,"href":"https:\/\/compuviper.mx\/tienda\/wp-json\/wp\/v2\/comments?post=267961"}],"wp:featuredmedia":[{"embeddable":true,"href":"https:\/\/compuviper.mx\/tienda\/wp-json\/wp\/v2\/media\/267962"}],"wp:attachment":[{"href":"https:\/\/compuviper.mx\/tienda\/wp-json\/wp\/v2\/media?parent=267961"}],"wp:term":[{"taxonomy":"product_cat","embeddable":true,"href":"https:\/\/compuviper.mx\/tienda\/wp-json\/wp\/v2\/product_cat?post=267961"},{"taxonomy":"product_tag","embeddable":true,"href":"https:\/\/compuviper.mx\/tienda\/wp-json\/wp\/v2\/product_tag?post=267961"}],"curies":[{"name":"wp","href":"https:\/\/api.w.org\/{rel}","templated":true}]}}