{"id":267949,"date":"2026-04-05T23:11:31","date_gmt":"2026-04-06T05:11:31","guid":{"rendered":"https:\/\/compuviper.mx\/tienda\/producto\/sandisk-sdssde61-1t00-g25-unidad-de-estado-solido-ssd-externo-extreme-portable-1tb-2-5-usb-3-2-velocidad-de-lect-1050-mb-s-uso-rudo\/"},"modified":"2026-04-06T00:00:04","modified_gmt":"2026-04-06T06:00:04","slug":"sandisk-sdssde61-1t00-g25-unidad-de-estado-solido-ssd-externo-extreme-portable-1tb-2-5-usb-3-2-velocidad-de-lect-1050-mb-s-uso-rudo","status":"publish","type":"product","link":"https:\/\/compuviper.mx\/tienda\/producto\/sandisk-sdssde61-1t00-g25-unidad-de-estado-solido-ssd-externo-extreme-portable-1tb-2-5-usb-3-2-velocidad-de-lect-1050-mb-s-uso-rudo\/","title":{"rendered":"Sandisk Sdssde61-1t00-g25 Unidad De Estado Solido Ssd Externo  Extreme Portable 1tb 2.5 Usb 3.2 Velocidad De Lect. 1050 Mb\/s Uso Rudo"},"content":{"rendered":"<table class=\"descripcion\">\n<tr>\n<td>Capacidad: 1tb<\/td>\n<\/tr>\n<tr>\n<td>Velocidad de lectura: hasta 1050 mb\/s.<\/td>\n<\/tr>\n<tr>\n<td>Velocidad de escritura: hasta 1000 mb\/s.<\/td>\n<\/tr>\n<tr>\n<td>Dimensiones: 3.96 x 2.06 x 0.35 in. (100.54 x 52.42 x 8.95 mm).<\/td>\n<\/tr>\n<tr>\n<td>Interfaz: usb 3.2.<\/td>\n<\/tr>\n<tr>\n<td>Conector: usb-c.<\/td>\n<\/tr>\n<tr>\n<td>Protecci\u00f3n contra ca\u00eddas de hasta dos metros, resistencia al agua y al polvo ip55.<\/td>\n<\/tr>\n<tr>\n<td>Compatibilidad: usb 3.2 de 2.a generaci\u00f3n (10 gb \/ s), usb 3.0, usb 2.0.<\/td>\n<\/tr>\n<tr>\n<td>Temperatura de funcionamiento: 0\u00b0c a 45\u00b0c.<\/td>\n<\/tr>\n<tr>\n<td>Temperatura de almacenamiento: -20\u00b0c a 85\u00b0c.<\/td>\n<\/tr>\n<tr>\n<td>Resistente a golpes: hasta 1500 g<\/td>\n<\/tr>\n<tr>\n<td>Resistente a vibraciones: 5 g rms, 10-2000 hz.<\/td>\n<\/tr>\n<tr>\n<td>Compatible con: windows 8, windows 10 y mac os v10.9 + (se requiere descarga de software para mac, consulte www.sandisk.com\/secureaccess).<\/td>\n<\/tr>\n<\/table>\n","protected":false},"excerpt":{"rendered":"<p>Tu vida es una aventura. El ssd port\u00e1til sandisk extreme\u00ae se adapta a tu estilo de vida m\u00f3vil y acelera cada movimiento. \u00a1casi el doble de r\u00e1pido que nuestra generaci\u00f3n anterior!. Obtenga un r\u00e1pido rendimiento de estado s\u00f3lido nvme \u0099 con velocidades de lectura de 1050 mb\/s y de escritura de 1000 mb\/s en una unidad port\u00e1til de alta capacidad que es perfecta para crear contenido asombroso o capturar im\u00e1genes incre\u00edbles. La protecci\u00f3n contra ca\u00eddas de hasta dos metros y la resistencia al agua y al polvo ip55 5 significan que esta unidad duradera puede recibir una paliza. Tiene una carcasa de silicona duradera que ofrece una sensaci\u00f3n de primera y protecci\u00f3n adicional al exterior de la unidad. Utilice el pr\u00e1ctico mosquet\u00f3n para sujetar la unidad a su cintur\u00f3n o mochila para mayor seguridad cuando est\u00e9 en el mundo. Mantiene la privacidad del contenido privado con la protecci\u00f3n de contrase\u00f1a incluida con cifrado de hardware aes de 256 bits.<\/p>\n","protected":false},"featured_media":267950,"comment_status":"open","ping_status":"open","template":"","meta":[],"product_cat":[1703,1708],"product_tag":[1709],"acf":[],"yoast_head":"<!-- This site is optimized with the Yoast SEO plugin v21.7 - https:\/\/yoast.com\/wordpress\/plugins\/seo\/ -->\n<title>[ Sandisk ] &#129351; Sdssde61-1t00-g25 Unidad De Estado Solido Ssd Externo Extreme Portable 1tb 2.5 Usb 3.2 Velocidad De Lect. 1050 Mb\/s Uso Rudo<\/title>\n<meta name=\"description\" content=\"Compra Sdssde61-1t00-g25 Unidad De Estado Solido Ssd Externo Extreme Portable 1tb 2.5 Usb 3.2 Velocidad De Lect. 1050 Mb\/s Uso Rudo + Env\u00edo a domicilio + Pago seguro + Garant\u00eda\" \/>\n<meta name=\"robots\" content=\"index, follow, max-snippet:-1, max-image-preview:large, max-video-preview:-1\" \/>\n<link rel=\"canonical\" href=\"https:\/\/compuviper.mx\/tienda\/producto\/sandisk-sdssde61-1t00-g25-unidad-de-estado-solido-ssd-externo-extreme-portable-1tb-2-5-usb-3-2-velocidad-de-lect-1050-mb-s-uso-rudo\/\" \/>\n<meta property=\"og:locale\" content=\"es_MX\" \/>\n<meta property=\"og:type\" content=\"article\" \/>\n<meta property=\"og:title\" content=\"[ Sandisk ] &#129351; Sdssde61-1t00-g25 Unidad De Estado Solido Ssd Externo Extreme Portable 1tb 2.5 Usb 3.2 Velocidad De Lect. 1050 Mb\/s Uso Rudo\" \/>\n<meta property=\"og:description\" content=\"Compra Sdssde61-1t00-g25 Unidad De Estado Solido Ssd Externo Extreme Portable 1tb 2.5 Usb 3.2 Velocidad De Lect. 1050 Mb\/s Uso Rudo + Env\u00edo a domicilio + Pago seguro + Garant\u00eda\" \/>\n<meta property=\"og:url\" content=\"https:\/\/compuviper.mx\/tienda\/producto\/sandisk-sdssde61-1t00-g25-unidad-de-estado-solido-ssd-externo-extreme-portable-1tb-2-5-usb-3-2-velocidad-de-lect-1050-mb-s-uso-rudo\/\" \/>\n<meta property=\"og:site_name\" content=\"Compuviper\" \/>\n<meta property=\"article:publisher\" content=\"https:\/\/www.facebook.com\/compuviper\" \/>\n<meta property=\"article:modified_time\" content=\"2026-04-06T06:00:04+00:00\" \/>\n<meta property=\"og:image\" content=\"https:\/\/compuviper.mx\/tienda\/wp-content\/uploads\/2026\/03\/Unidad-de-estado-solido-ssd-externo-sandisk-extreme-portable-1tb-2.5-usb-3.2-velocidad-de-lect.-1050-mbs-uso-rudo-sdssde61-1t00-g25.jpg\" \/>\n\t<meta property=\"og:image:width\" content=\"200\" \/>\n\t<meta property=\"og:image:height\" content=\"200\" \/>\n\t<meta property=\"og:image:type\" content=\"image\/jpeg\" \/>\n<meta name=\"twitter:card\" content=\"summary_large_image\" \/>\n<meta name=\"twitter:label1\" content=\"Precio\" \/>\n\t<meta name=\"twitter:data1\" content=\"&#36;4,155 con IVA\" \/>\n\t<meta name=\"twitter:label2\" content=\"Availability\" \/>\n\t<meta name=\"twitter:data2\" content=\"In stock\" \/>\n<script type=\"application\/ld+json\" class=\"yoast-schema-graph\">{\"@context\":\"https:\/\/schema.org\",\"@graph\":[{\"@type\":\"WebPage\",\"@id\":\"https:\/\/compuviper.mx\/tienda\/producto\/sandisk-sdssde61-1t00-g25-unidad-de-estado-solido-ssd-externo-extreme-portable-1tb-2-5-usb-3-2-velocidad-de-lect-1050-mb-s-uso-rudo\/\",\"url\":\"https:\/\/compuviper.mx\/tienda\/producto\/sandisk-sdssde61-1t00-g25-unidad-de-estado-solido-ssd-externo-extreme-portable-1tb-2-5-usb-3-2-velocidad-de-lect-1050-mb-s-uso-rudo\/\",\"name\":\"[ Sandisk ] &#129351; Sdssde61-1t00-g25 Unidad De Estado Solido Ssd Externo Extreme Portable 1tb 2.5 Usb 3.2 Velocidad De Lect. 1050 Mb\/s Uso Rudo\",\"isPartOf\":{\"@id\":\"https:\/\/compuviper.mx\/tienda\/#website\"},\"datePublished\":\"2026-04-06T05:11:31+00:00\",\"dateModified\":\"2026-04-06T06:00:04+00:00\",\"description\":\"Compra Sdssde61-1t00-g25 Unidad De Estado Solido Ssd Externo Extreme Portable 1tb 2.5 Usb 3.2 Velocidad De Lect. 1050 Mb\/s Uso Rudo + Env\u00edo a domicilio + Pago seguro + Garant\u00eda\",\"breadcrumb\":{\"@id\":\"https:\/\/compuviper.mx\/tienda\/producto\/sandisk-sdssde61-1t00-g25-unidad-de-estado-solido-ssd-externo-extreme-portable-1tb-2-5-usb-3-2-velocidad-de-lect-1050-mb-s-uso-rudo\/#breadcrumb\"},\"inLanguage\":\"es-MX\",\"potentialAction\":[{\"@type\":\"ReadAction\",\"target\":[\"https:\/\/compuviper.mx\/tienda\/producto\/sandisk-sdssde61-1t00-g25-unidad-de-estado-solido-ssd-externo-extreme-portable-1tb-2-5-usb-3-2-velocidad-de-lect-1050-mb-s-uso-rudo\/\"]}]},{\"@type\":\"BreadcrumbList\",\"@id\":\"https:\/\/compuviper.mx\/tienda\/producto\/sandisk-sdssde61-1t00-g25-unidad-de-estado-solido-ssd-externo-extreme-portable-1tb-2-5-usb-3-2-velocidad-de-lect-1050-mb-s-uso-rudo\/#breadcrumb\",\"itemListElement\":[{\"@type\":\"ListItem\",\"position\":1,\"name\":\"Inicio\",\"item\":\"https:\/\/compuviper.mx\/tienda\/\"},{\"@type\":\"ListItem\",\"position\":2,\"name\":\"Productos\",\"item\":\"https:\/\/compuviper.mx\/tienda\/productos\/\"},{\"@type\":\"ListItem\",\"position\":3,\"name\":\"Discos Duros\",\"item\":\"https:\/\/compuviper.mx\/tienda\/categoria-producto\/discos-duros\/\"},{\"@type\":\"ListItem\",\"position\":4,\"name\":\"Unidad De Estado Solido\",\"item\":\"https:\/\/compuviper.mx\/tienda\/categoria-producto\/discos-duros\/unidad-de-estado-solido\/\"},{\"@type\":\"ListItem\",\"position\":5,\"name\":\"Sandisk Sdssde61-1t00-g25 Unidad De Estado Solido Ssd Externo Extreme Portable 1tb 2.5 Usb 3.2 Velocidad De Lect. 1050 Mb\/s Uso Rudo\"}]},{\"@type\":\"WebSite\",\"@id\":\"https:\/\/compuviper.mx\/tienda\/#website\",\"url\":\"https:\/\/compuviper.mx\/tienda\/\",\"name\":\"Compuviper\",\"description\":\"Proveedor de Computadoras, Laptops, Servidores, Monitores, Puntos de Venta, Teclados,   Impresoras, T\u00f3ner, C\u00e1maras de Seguridad y m\u00e1s en tu tienda en l\u00ednea\",\"publisher\":{\"@id\":\"https:\/\/compuviper.mx\/tienda\/#organization\"},\"potentialAction\":[{\"@type\":\"SearchAction\",\"target\":{\"@type\":\"EntryPoint\",\"urlTemplate\":\"https:\/\/compuviper.mx\/tienda\/?s={search_term_string}\"},\"query-input\":\"required name=search_term_string\"}],\"inLanguage\":\"es-MX\"},{\"@type\":\"Organization\",\"@id\":\"https:\/\/compuviper.mx\/tienda\/#organization\",\"name\":\"Compuviper\",\"url\":\"https:\/\/compuviper.mx\/tienda\/\",\"logo\":{\"@type\":\"ImageObject\",\"inLanguage\":\"es-MX\",\"@id\":\"https:\/\/compuviper.mx\/tienda\/#\/schema\/logo\/image\/\",\"url\":\"https:\/\/compuviper.mx\/tienda\/wp-content\/uploads\/2021\/08\/Logo-Compuviper-10.png\",\"contentUrl\":\"https:\/\/compuviper.mx\/tienda\/wp-content\/uploads\/2021\/08\/Logo-Compuviper-10.png\",\"width\":1000,\"height\":500,\"caption\":\"Compuviper\"},\"image\":{\"@id\":\"https:\/\/compuviper.mx\/tienda\/#\/schema\/logo\/image\/\"},\"sameAs\":[\"https:\/\/www.facebook.com\/compuviper\",\"https:\/\/www.youtube.com\/channel\/UCf73dERp9Y3cfOq7q8BhLjA?view_as=subscriber\"]}]}<\/script>\n<meta property=\"product:brand\" content=\"SANDISK\" \/>\n<meta property=\"product:price:amount\" content=\"4155\" \/>\n<meta property=\"product:price:currency\" content=\"MXN\" \/>\n<meta property=\"og:availability\" content=\"instock\" \/>\n<meta property=\"product:availability\" content=\"instock\" \/>\n<meta property=\"product:retailer_item_id\" content=\"SDSSDE61-1T00-G25\" \/>\n<meta property=\"product:condition\" content=\"new\" \/>\n<!-- \/ Yoast SEO plugin. -->","yoast_head_json":{"title":"[ Sandisk ] &#129351; Sdssde61-1t00-g25 Unidad De Estado Solido Ssd Externo Extreme Portable 1tb 2.5 Usb 3.2 Velocidad De Lect. 1050 Mb\/s Uso Rudo","description":"Compra Sdssde61-1t00-g25 Unidad De Estado Solido Ssd Externo Extreme Portable 1tb 2.5 Usb 3.2 Velocidad De Lect. 1050 Mb\/s Uso Rudo + Env\u00edo a domicilio + Pago seguro + Garant\u00eda","robots":{"index":"index","follow":"follow","max-snippet":"max-snippet:-1","max-image-preview":"max-image-preview:large","max-video-preview":"max-video-preview:-1"},"canonical":"https:\/\/compuviper.mx\/tienda\/producto\/sandisk-sdssde61-1t00-g25-unidad-de-estado-solido-ssd-externo-extreme-portable-1tb-2-5-usb-3-2-velocidad-de-lect-1050-mb-s-uso-rudo\/","og_locale":"es_MX","og_type":"article","og_title":"[ Sandisk ] &#129351; Sdssde61-1t00-g25 Unidad De Estado Solido Ssd Externo Extreme Portable 1tb 2.5 Usb 3.2 Velocidad De Lect. 1050 Mb\/s Uso Rudo","og_description":"Compra Sdssde61-1t00-g25 Unidad De Estado Solido Ssd Externo Extreme Portable 1tb 2.5 Usb 3.2 Velocidad De Lect. 1050 Mb\/s Uso Rudo + Env\u00edo a domicilio + Pago seguro + Garant\u00eda","og_url":"https:\/\/compuviper.mx\/tienda\/producto\/sandisk-sdssde61-1t00-g25-unidad-de-estado-solido-ssd-externo-extreme-portable-1tb-2-5-usb-3-2-velocidad-de-lect-1050-mb-s-uso-rudo\/","og_site_name":"Compuviper","article_publisher":"https:\/\/www.facebook.com\/compuviper","article_modified_time":"2026-04-06T06:00:04+00:00","og_image":[{"width":200,"height":200,"url":"https:\/\/compuviper.mx\/tienda\/wp-content\/uploads\/2026\/03\/Unidad-de-estado-solido-ssd-externo-sandisk-extreme-portable-1tb-2.5-usb-3.2-velocidad-de-lect.-1050-mbs-uso-rudo-sdssde61-1t00-g25.jpg","type":"image\/jpeg"}],"twitter_card":"summary_large_image","twitter_misc":{"Precio":"&#36;4,155 con IVA","Availability":"In stock"},"schema":{"@context":"https:\/\/schema.org","@graph":[{"@type":"WebPage","@id":"https:\/\/compuviper.mx\/tienda\/producto\/sandisk-sdssde61-1t00-g25-unidad-de-estado-solido-ssd-externo-extreme-portable-1tb-2-5-usb-3-2-velocidad-de-lect-1050-mb-s-uso-rudo\/","url":"https:\/\/compuviper.mx\/tienda\/producto\/sandisk-sdssde61-1t00-g25-unidad-de-estado-solido-ssd-externo-extreme-portable-1tb-2-5-usb-3-2-velocidad-de-lect-1050-mb-s-uso-rudo\/","name":"[ Sandisk ] &#129351; Sdssde61-1t00-g25 Unidad De Estado Solido Ssd Externo Extreme Portable 1tb 2.5 Usb 3.2 Velocidad De Lect. 1050 Mb\/s Uso Rudo","isPartOf":{"@id":"https:\/\/compuviper.mx\/tienda\/#website"},"datePublished":"2026-04-06T05:11:31+00:00","dateModified":"2026-04-06T06:00:04+00:00","description":"Compra Sdssde61-1t00-g25 Unidad De Estado Solido Ssd Externo Extreme Portable 1tb 2.5 Usb 3.2 Velocidad De Lect. 1050 Mb\/s Uso Rudo + Env\u00edo a domicilio + Pago seguro + Garant\u00eda","breadcrumb":{"@id":"https:\/\/compuviper.mx\/tienda\/producto\/sandisk-sdssde61-1t00-g25-unidad-de-estado-solido-ssd-externo-extreme-portable-1tb-2-5-usb-3-2-velocidad-de-lect-1050-mb-s-uso-rudo\/#breadcrumb"},"inLanguage":"es-MX","potentialAction":[{"@type":"ReadAction","target":["https:\/\/compuviper.mx\/tienda\/producto\/sandisk-sdssde61-1t00-g25-unidad-de-estado-solido-ssd-externo-extreme-portable-1tb-2-5-usb-3-2-velocidad-de-lect-1050-mb-s-uso-rudo\/"]}]},{"@type":"BreadcrumbList","@id":"https:\/\/compuviper.mx\/tienda\/producto\/sandisk-sdssde61-1t00-g25-unidad-de-estado-solido-ssd-externo-extreme-portable-1tb-2-5-usb-3-2-velocidad-de-lect-1050-mb-s-uso-rudo\/#breadcrumb","itemListElement":[{"@type":"ListItem","position":1,"name":"Inicio","item":"https:\/\/compuviper.mx\/tienda\/"},{"@type":"ListItem","position":2,"name":"Productos","item":"https:\/\/compuviper.mx\/tienda\/productos\/"},{"@type":"ListItem","position":3,"name":"Discos Duros","item":"https:\/\/compuviper.mx\/tienda\/categoria-producto\/discos-duros\/"},{"@type":"ListItem","position":4,"name":"Unidad De Estado Solido","item":"https:\/\/compuviper.mx\/tienda\/categoria-producto\/discos-duros\/unidad-de-estado-solido\/"},{"@type":"ListItem","position":5,"name":"Sandisk Sdssde61-1t00-g25 Unidad De Estado Solido Ssd Externo Extreme Portable 1tb 2.5 Usb 3.2 Velocidad De Lect. 1050 Mb\/s Uso Rudo"}]},{"@type":"WebSite","@id":"https:\/\/compuviper.mx\/tienda\/#website","url":"https:\/\/compuviper.mx\/tienda\/","name":"Compuviper","description":"Proveedor de Computadoras, Laptops, Servidores, Monitores, Puntos de Venta, Teclados,   Impresoras, T\u00f3ner, C\u00e1maras de Seguridad y m\u00e1s en tu tienda en l\u00ednea","publisher":{"@id":"https:\/\/compuviper.mx\/tienda\/#organization"},"potentialAction":[{"@type":"SearchAction","target":{"@type":"EntryPoint","urlTemplate":"https:\/\/compuviper.mx\/tienda\/?s={search_term_string}"},"query-input":"required name=search_term_string"}],"inLanguage":"es-MX"},{"@type":"Organization","@id":"https:\/\/compuviper.mx\/tienda\/#organization","name":"Compuviper","url":"https:\/\/compuviper.mx\/tienda\/","logo":{"@type":"ImageObject","inLanguage":"es-MX","@id":"https:\/\/compuviper.mx\/tienda\/#\/schema\/logo\/image\/","url":"https:\/\/compuviper.mx\/tienda\/wp-content\/uploads\/2021\/08\/Logo-Compuviper-10.png","contentUrl":"https:\/\/compuviper.mx\/tienda\/wp-content\/uploads\/2021\/08\/Logo-Compuviper-10.png","width":1000,"height":500,"caption":"Compuviper"},"image":{"@id":"https:\/\/compuviper.mx\/tienda\/#\/schema\/logo\/image\/"},"sameAs":["https:\/\/www.facebook.com\/compuviper","https:\/\/www.youtube.com\/channel\/UCf73dERp9Y3cfOq7q8BhLjA?view_as=subscriber"]}]},"product_brand":"SANDISK","product_price_amount":"4155","product_price_currency":"MXN","og_availability":"instock","product_availability":"instock","product_retailer_item_id":"SDSSDE61-1T00-G25","product_condition":"new"},"_links":{"self":[{"href":"https:\/\/compuviper.mx\/tienda\/wp-json\/wp\/v2\/product\/267949"}],"collection":[{"href":"https:\/\/compuviper.mx\/tienda\/wp-json\/wp\/v2\/product"}],"about":[{"href":"https:\/\/compuviper.mx\/tienda\/wp-json\/wp\/v2\/types\/product"}],"replies":[{"embeddable":true,"href":"https:\/\/compuviper.mx\/tienda\/wp-json\/wp\/v2\/comments?post=267949"}],"wp:featuredmedia":[{"embeddable":true,"href":"https:\/\/compuviper.mx\/tienda\/wp-json\/wp\/v2\/media\/267950"}],"wp:attachment":[{"href":"https:\/\/compuviper.mx\/tienda\/wp-json\/wp\/v2\/media?parent=267949"}],"wp:term":[{"taxonomy":"product_cat","embeddable":true,"href":"https:\/\/compuviper.mx\/tienda\/wp-json\/wp\/v2\/product_cat?post=267949"},{"taxonomy":"product_tag","embeddable":true,"href":"https:\/\/compuviper.mx\/tienda\/wp-json\/wp\/v2\/product_tag?post=267949"}],"curies":[{"name":"wp","href":"https:\/\/api.w.org\/{rel}","templated":true}]}}