{"id":267945,"date":"2026-04-02T00:35:26","date_gmt":"2026-04-02T06:35:26","guid":{"rendered":"https:\/\/compuviper.mx\/tienda\/producto\/pny-ssd7cs900-500-rb751492629957-unidad-de-estado-solido-interno-500gb-cs900-2-5-sata-lect-550-escrit-500-mbs-7mm-pc-laptop-minipc\/"},"modified":"2026-04-03T00:00:09","modified_gmt":"2026-04-03T06:00:09","slug":"pny-ssd7cs900-500-rb751492629957-unidad-de-estado-solido-interno-500gb-cs900-2-5-sata-lect-550-escrit-500-mbs-7mm-pc-laptop-minipc","status":"publish","type":"product","link":"https:\/\/compuviper.mx\/tienda\/producto\/pny-ssd7cs900-500-rb751492629957-unidad-de-estado-solido-interno-500gb-cs900-2-5-sata-lect-550-escrit-500-mbs-7mm-pc-laptop-minipc\/","title":{"rendered":"Pny Ssd7cs900-500-rb,751492629957 Unidad De Estado Solido Interno 500gb  Cs900 2.5 Sata Lect.550\/escrit.500 Mbs 7mm Pc\/laptop\/minipc"},"content":{"rendered":"<table class=\"descripcion\">\n<tr>\n<td>Caracteristicas<\/td>\n<\/tr>\n<tr>\n<td>Capacidad 500gb<\/td>\n<\/tr>\n<tr>\n<td>Numero de parte ssd7cs900-500-rb<\/td>\n<\/tr>\n<tr>\n<td>Factor de forma 2.5 pulgadas<\/td>\n<\/tr>\n<tr>\n<td>Altura 7mm<\/td>\n<\/tr>\n<tr>\n<td>Interfaz sata-iii 6gb \/ s; compatible con versiones anteriores de sata-ii 3gb \/ s<\/td>\n<\/tr>\n<tr>\n<td>Velocidad m\u00e1xima de lectura secuencial 550 mb \/ s<\/td>\n<\/tr>\n<tr>\n<td>Velocidad m\u00e1xima de escritura secuencial 500 mb \/ s<\/td>\n<\/tr>\n<tr>\n<td>Caracter\u00edsticas y beneficios<\/td>\n<\/tr>\n<tr>\n<td>Lectura secuencial de hasta 550 mb \/ sy escritura de hasta 500 mb \/ s<\/td>\n<\/tr>\n<tr>\n<td>Arranque m\u00e1s r\u00e1pido y lanzamiento de aplicaciones m\u00e1s r\u00e1pido<\/td>\n<\/tr>\n<tr>\n<td>Mejor rendimiento general del sistema<\/td>\n<\/tr>\n<tr>\n<td>Almacenamiento confiable<\/td>\n<\/tr>\n<tr>\n<td>Bajo consumo de energ\u00eda, operaci\u00f3n fresca y silenciosa<\/td>\n<\/tr>\n<tr>\n<td>Aplicaciones<\/td>\n<\/tr>\n<tr>\n<td>Mainstream ssd para actualizaci\u00f3n de pc<\/td>\n<\/tr>\n<tr>\n<td>Reemplazo rentable de hdd para un mejor rendimiento general<\/td>\n<\/tr>\n<\/table>\n","protected":false},"excerpt":{"rendered":"<p>Pny cs900 es la soluci\u00f3n ideal para una actualizaci\u00f3n de unidad de estado s\u00f3lido (ssd) convencional desde una unidad de disco duro (hdd). El cs900 ofrece todas las funciones m\u00e1s buscadas a un valor excelente, y est\u00e1 dise\u00f1ado para un reemplazo de hdd f\u00e1cil y rentable en el sistema de la pc para ayudar a lograr tiempos de arranque m\u00e1s r\u00e1pidos, lanzamientos de aplicaciones m\u00e1s r\u00e1pidos y un mejor rendimiento general del sistema. Sin partes m\u00f3viles, pny cs900 es altamente duradero, tiene menos probabilidades de fallar<\/p>\n","protected":false},"featured_media":267946,"comment_status":"open","ping_status":"open","template":"","meta":[],"product_cat":[1703,1708],"product_tag":[1849],"acf":[],"yoast_head":"<!-- This site is optimized with the Yoast SEO plugin v21.7 - https:\/\/yoast.com\/wordpress\/plugins\/seo\/ -->\n<title>[ Pny ] &#129351; Ssd7cs900-500-rb,751492629957 Unidad De Estado Solido Interno 500gb Cs900 2.5 Sata Lect.550\/escrit.500 Mbs 7mm Pc\/laptop\/minipc<\/title>\n<meta name=\"description\" content=\"Compra Ssd7cs900-500-rb,751492629957 Unidad De Estado Solido Interno 500gb Cs900 2.5 Sata Lect.550\/escrit.500 Mbs 7mm Pc\/laptop\/minipc + Env\u00edo a domicilio + Pago seguro + Garant\u00eda\" \/>\n<meta name=\"robots\" content=\"index, follow, max-snippet:-1, max-image-preview:large, max-video-preview:-1\" \/>\n<link rel=\"canonical\" href=\"https:\/\/compuviper.mx\/tienda\/producto\/pny-ssd7cs900-500-rb751492629957-unidad-de-estado-solido-interno-500gb-cs900-2-5-sata-lect-550-escrit-500-mbs-7mm-pc-laptop-minipc\/\" \/>\n<meta property=\"og:locale\" content=\"es_MX\" \/>\n<meta property=\"og:type\" content=\"article\" \/>\n<meta property=\"og:title\" content=\"[ Pny ] &#129351; Ssd7cs900-500-rb,751492629957 Unidad De Estado Solido Interno 500gb Cs900 2.5 Sata Lect.550\/escrit.500 Mbs 7mm Pc\/laptop\/minipc\" \/>\n<meta property=\"og:description\" content=\"Compra Ssd7cs900-500-rb,751492629957 Unidad De Estado Solido Interno 500gb Cs900 2.5 Sata Lect.550\/escrit.500 Mbs 7mm Pc\/laptop\/minipc + Env\u00edo a domicilio + Pago seguro + Garant\u00eda\" \/>\n<meta property=\"og:url\" content=\"https:\/\/compuviper.mx\/tienda\/producto\/pny-ssd7cs900-500-rb751492629957-unidad-de-estado-solido-interno-500gb-cs900-2-5-sata-lect-550-escrit-500-mbs-7mm-pc-laptop-minipc\/\" \/>\n<meta property=\"og:site_name\" content=\"Compuviper\" \/>\n<meta property=\"article:publisher\" content=\"https:\/\/www.facebook.com\/compuviper\" \/>\n<meta property=\"article:modified_time\" content=\"2026-04-03T06:00:09+00:00\" \/>\n<meta property=\"og:image\" content=\"https:\/\/compuviper.mx\/tienda\/wp-content\/uploads\/2026\/03\/Unidad-de-estado-solido-interno-500gb-pny-cs900-2.5-sata-lect.550escrit.500-mbs-7mm-pclaptopminipc.jpg\" \/>\n\t<meta property=\"og:image:width\" content=\"200\" \/>\n\t<meta property=\"og:image:height\" content=\"200\" \/>\n\t<meta property=\"og:image:type\" content=\"image\/jpeg\" \/>\n<meta name=\"twitter:card\" content=\"summary_large_image\" \/>\n<meta name=\"twitter:label1\" content=\"Precio\" \/>\n\t<meta name=\"twitter:data1\" content=\"&#36;1,464 con IVA\" \/>\n\t<meta name=\"twitter:label2\" content=\"Availability\" \/>\n\t<meta name=\"twitter:data2\" content=\"In stock\" \/>\n<script type=\"application\/ld+json\" class=\"yoast-schema-graph\">{\"@context\":\"https:\/\/schema.org\",\"@graph\":[{\"@type\":\"WebPage\",\"@id\":\"https:\/\/compuviper.mx\/tienda\/producto\/pny-ssd7cs900-500-rb751492629957-unidad-de-estado-solido-interno-500gb-cs900-2-5-sata-lect-550-escrit-500-mbs-7mm-pc-laptop-minipc\/\",\"url\":\"https:\/\/compuviper.mx\/tienda\/producto\/pny-ssd7cs900-500-rb751492629957-unidad-de-estado-solido-interno-500gb-cs900-2-5-sata-lect-550-escrit-500-mbs-7mm-pc-laptop-minipc\/\",\"name\":\"[ Pny ] &#129351; Ssd7cs900-500-rb,751492629957 Unidad De Estado Solido Interno 500gb Cs900 2.5 Sata Lect.550\/escrit.500 Mbs 7mm Pc\/laptop\/minipc\",\"isPartOf\":{\"@id\":\"https:\/\/compuviper.mx\/tienda\/#website\"},\"datePublished\":\"2026-04-02T06:35:26+00:00\",\"dateModified\":\"2026-04-03T06:00:09+00:00\",\"description\":\"Compra Ssd7cs900-500-rb,751492629957 Unidad De Estado Solido Interno 500gb Cs900 2.5 Sata Lect.550\/escrit.500 Mbs 7mm Pc\/laptop\/minipc + Env\u00edo a domicilio + Pago seguro + Garant\u00eda\",\"breadcrumb\":{\"@id\":\"https:\/\/compuviper.mx\/tienda\/producto\/pny-ssd7cs900-500-rb751492629957-unidad-de-estado-solido-interno-500gb-cs900-2-5-sata-lect-550-escrit-500-mbs-7mm-pc-laptop-minipc\/#breadcrumb\"},\"inLanguage\":\"es-MX\",\"potentialAction\":[{\"@type\":\"ReadAction\",\"target\":[\"https:\/\/compuviper.mx\/tienda\/producto\/pny-ssd7cs900-500-rb751492629957-unidad-de-estado-solido-interno-500gb-cs900-2-5-sata-lect-550-escrit-500-mbs-7mm-pc-laptop-minipc\/\"]}]},{\"@type\":\"BreadcrumbList\",\"@id\":\"https:\/\/compuviper.mx\/tienda\/producto\/pny-ssd7cs900-500-rb751492629957-unidad-de-estado-solido-interno-500gb-cs900-2-5-sata-lect-550-escrit-500-mbs-7mm-pc-laptop-minipc\/#breadcrumb\",\"itemListElement\":[{\"@type\":\"ListItem\",\"position\":1,\"name\":\"Inicio\",\"item\":\"https:\/\/compuviper.mx\/tienda\/\"},{\"@type\":\"ListItem\",\"position\":2,\"name\":\"Productos\",\"item\":\"https:\/\/compuviper.mx\/tienda\/productos\/\"},{\"@type\":\"ListItem\",\"position\":3,\"name\":\"Discos Duros\",\"item\":\"https:\/\/compuviper.mx\/tienda\/categoria-producto\/discos-duros\/\"},{\"@type\":\"ListItem\",\"position\":4,\"name\":\"Unidad De Estado Solido\",\"item\":\"https:\/\/compuviper.mx\/tienda\/categoria-producto\/discos-duros\/unidad-de-estado-solido\/\"},{\"@type\":\"ListItem\",\"position\":5,\"name\":\"Pny Ssd7cs900-500-rb,751492629957 Unidad De Estado Solido Interno 500gb Cs900 2.5 Sata Lect.550\/escrit.500 Mbs 7mm Pc\/laptop\/minipc\"}]},{\"@type\":\"WebSite\",\"@id\":\"https:\/\/compuviper.mx\/tienda\/#website\",\"url\":\"https:\/\/compuviper.mx\/tienda\/\",\"name\":\"Compuviper\",\"description\":\"Proveedor de Computadoras, Laptops, Servidores, Monitores, Puntos de Venta, Teclados,   Impresoras, T\u00f3ner, C\u00e1maras de Seguridad y m\u00e1s en tu tienda en l\u00ednea\",\"publisher\":{\"@id\":\"https:\/\/compuviper.mx\/tienda\/#organization\"},\"potentialAction\":[{\"@type\":\"SearchAction\",\"target\":{\"@type\":\"EntryPoint\",\"urlTemplate\":\"https:\/\/compuviper.mx\/tienda\/?s={search_term_string}\"},\"query-input\":\"required name=search_term_string\"}],\"inLanguage\":\"es-MX\"},{\"@type\":\"Organization\",\"@id\":\"https:\/\/compuviper.mx\/tienda\/#organization\",\"name\":\"Compuviper\",\"url\":\"https:\/\/compuviper.mx\/tienda\/\",\"logo\":{\"@type\":\"ImageObject\",\"inLanguage\":\"es-MX\",\"@id\":\"https:\/\/compuviper.mx\/tienda\/#\/schema\/logo\/image\/\",\"url\":\"https:\/\/compuviper.mx\/tienda\/wp-content\/uploads\/2021\/08\/Logo-Compuviper-10.png\",\"contentUrl\":\"https:\/\/compuviper.mx\/tienda\/wp-content\/uploads\/2021\/08\/Logo-Compuviper-10.png\",\"width\":1000,\"height\":500,\"caption\":\"Compuviper\"},\"image\":{\"@id\":\"https:\/\/compuviper.mx\/tienda\/#\/schema\/logo\/image\/\"},\"sameAs\":[\"https:\/\/www.facebook.com\/compuviper\",\"https:\/\/www.youtube.com\/channel\/UCf73dERp9Y3cfOq7q8BhLjA?view_as=subscriber\"]}]}<\/script>\n<meta property=\"product:brand\" content=\"PNY\" \/>\n<meta property=\"product:price:amount\" content=\"1464\" \/>\n<meta property=\"product:price:currency\" content=\"MXN\" \/>\n<meta property=\"og:availability\" content=\"instock\" \/>\n<meta property=\"product:availability\" content=\"instock\" \/>\n<meta property=\"product:retailer_item_id\" content=\"SSD7CS900-500-RB,751492629957\" \/>\n<meta property=\"product:condition\" content=\"new\" \/>\n<!-- \/ Yoast SEO plugin. -->","yoast_head_json":{"title":"[ Pny ] &#129351; Ssd7cs900-500-rb,751492629957 Unidad De Estado Solido Interno 500gb Cs900 2.5 Sata Lect.550\/escrit.500 Mbs 7mm Pc\/laptop\/minipc","description":"Compra Ssd7cs900-500-rb,751492629957 Unidad De Estado Solido Interno 500gb Cs900 2.5 Sata Lect.550\/escrit.500 Mbs 7mm Pc\/laptop\/minipc + Env\u00edo a domicilio + Pago seguro + Garant\u00eda","robots":{"index":"index","follow":"follow","max-snippet":"max-snippet:-1","max-image-preview":"max-image-preview:large","max-video-preview":"max-video-preview:-1"},"canonical":"https:\/\/compuviper.mx\/tienda\/producto\/pny-ssd7cs900-500-rb751492629957-unidad-de-estado-solido-interno-500gb-cs900-2-5-sata-lect-550-escrit-500-mbs-7mm-pc-laptop-minipc\/","og_locale":"es_MX","og_type":"article","og_title":"[ Pny ] &#129351; Ssd7cs900-500-rb,751492629957 Unidad De Estado Solido Interno 500gb Cs900 2.5 Sata Lect.550\/escrit.500 Mbs 7mm Pc\/laptop\/minipc","og_description":"Compra Ssd7cs900-500-rb,751492629957 Unidad De Estado Solido Interno 500gb Cs900 2.5 Sata Lect.550\/escrit.500 Mbs 7mm Pc\/laptop\/minipc + Env\u00edo a domicilio + Pago seguro + Garant\u00eda","og_url":"https:\/\/compuviper.mx\/tienda\/producto\/pny-ssd7cs900-500-rb751492629957-unidad-de-estado-solido-interno-500gb-cs900-2-5-sata-lect-550-escrit-500-mbs-7mm-pc-laptop-minipc\/","og_site_name":"Compuviper","article_publisher":"https:\/\/www.facebook.com\/compuviper","article_modified_time":"2026-04-03T06:00:09+00:00","og_image":[{"width":200,"height":200,"url":"https:\/\/compuviper.mx\/tienda\/wp-content\/uploads\/2026\/03\/Unidad-de-estado-solido-interno-500gb-pny-cs900-2.5-sata-lect.550escrit.500-mbs-7mm-pclaptopminipc.jpg","type":"image\/jpeg"}],"twitter_card":"summary_large_image","twitter_misc":{"Precio":"&#36;1,464 con IVA","Availability":"In stock"},"schema":{"@context":"https:\/\/schema.org","@graph":[{"@type":"WebPage","@id":"https:\/\/compuviper.mx\/tienda\/producto\/pny-ssd7cs900-500-rb751492629957-unidad-de-estado-solido-interno-500gb-cs900-2-5-sata-lect-550-escrit-500-mbs-7mm-pc-laptop-minipc\/","url":"https:\/\/compuviper.mx\/tienda\/producto\/pny-ssd7cs900-500-rb751492629957-unidad-de-estado-solido-interno-500gb-cs900-2-5-sata-lect-550-escrit-500-mbs-7mm-pc-laptop-minipc\/","name":"[ Pny ] &#129351; Ssd7cs900-500-rb,751492629957 Unidad De Estado Solido Interno 500gb Cs900 2.5 Sata Lect.550\/escrit.500 Mbs 7mm Pc\/laptop\/minipc","isPartOf":{"@id":"https:\/\/compuviper.mx\/tienda\/#website"},"datePublished":"2026-04-02T06:35:26+00:00","dateModified":"2026-04-03T06:00:09+00:00","description":"Compra Ssd7cs900-500-rb,751492629957 Unidad De Estado Solido Interno 500gb Cs900 2.5 Sata Lect.550\/escrit.500 Mbs 7mm Pc\/laptop\/minipc + Env\u00edo a domicilio + Pago seguro + Garant\u00eda","breadcrumb":{"@id":"https:\/\/compuviper.mx\/tienda\/producto\/pny-ssd7cs900-500-rb751492629957-unidad-de-estado-solido-interno-500gb-cs900-2-5-sata-lect-550-escrit-500-mbs-7mm-pc-laptop-minipc\/#breadcrumb"},"inLanguage":"es-MX","potentialAction":[{"@type":"ReadAction","target":["https:\/\/compuviper.mx\/tienda\/producto\/pny-ssd7cs900-500-rb751492629957-unidad-de-estado-solido-interno-500gb-cs900-2-5-sata-lect-550-escrit-500-mbs-7mm-pc-laptop-minipc\/"]}]},{"@type":"BreadcrumbList","@id":"https:\/\/compuviper.mx\/tienda\/producto\/pny-ssd7cs900-500-rb751492629957-unidad-de-estado-solido-interno-500gb-cs900-2-5-sata-lect-550-escrit-500-mbs-7mm-pc-laptop-minipc\/#breadcrumb","itemListElement":[{"@type":"ListItem","position":1,"name":"Inicio","item":"https:\/\/compuviper.mx\/tienda\/"},{"@type":"ListItem","position":2,"name":"Productos","item":"https:\/\/compuviper.mx\/tienda\/productos\/"},{"@type":"ListItem","position":3,"name":"Discos Duros","item":"https:\/\/compuviper.mx\/tienda\/categoria-producto\/discos-duros\/"},{"@type":"ListItem","position":4,"name":"Unidad De Estado Solido","item":"https:\/\/compuviper.mx\/tienda\/categoria-producto\/discos-duros\/unidad-de-estado-solido\/"},{"@type":"ListItem","position":5,"name":"Pny Ssd7cs900-500-rb,751492629957 Unidad De Estado Solido Interno 500gb Cs900 2.5 Sata Lect.550\/escrit.500 Mbs 7mm Pc\/laptop\/minipc"}]},{"@type":"WebSite","@id":"https:\/\/compuviper.mx\/tienda\/#website","url":"https:\/\/compuviper.mx\/tienda\/","name":"Compuviper","description":"Proveedor de Computadoras, Laptops, Servidores, Monitores, Puntos de Venta, Teclados,   Impresoras, T\u00f3ner, C\u00e1maras de Seguridad y m\u00e1s en tu tienda en l\u00ednea","publisher":{"@id":"https:\/\/compuviper.mx\/tienda\/#organization"},"potentialAction":[{"@type":"SearchAction","target":{"@type":"EntryPoint","urlTemplate":"https:\/\/compuviper.mx\/tienda\/?s={search_term_string}"},"query-input":"required name=search_term_string"}],"inLanguage":"es-MX"},{"@type":"Organization","@id":"https:\/\/compuviper.mx\/tienda\/#organization","name":"Compuviper","url":"https:\/\/compuviper.mx\/tienda\/","logo":{"@type":"ImageObject","inLanguage":"es-MX","@id":"https:\/\/compuviper.mx\/tienda\/#\/schema\/logo\/image\/","url":"https:\/\/compuviper.mx\/tienda\/wp-content\/uploads\/2021\/08\/Logo-Compuviper-10.png","contentUrl":"https:\/\/compuviper.mx\/tienda\/wp-content\/uploads\/2021\/08\/Logo-Compuviper-10.png","width":1000,"height":500,"caption":"Compuviper"},"image":{"@id":"https:\/\/compuviper.mx\/tienda\/#\/schema\/logo\/image\/"},"sameAs":["https:\/\/www.facebook.com\/compuviper","https:\/\/www.youtube.com\/channel\/UCf73dERp9Y3cfOq7q8BhLjA?view_as=subscriber"]}]},"product_brand":"PNY","product_price_amount":"1464","product_price_currency":"MXN","og_availability":"instock","product_availability":"instock","product_retailer_item_id":"SSD7CS900-500-RB,751492629957","product_condition":"new"},"_links":{"self":[{"href":"https:\/\/compuviper.mx\/tienda\/wp-json\/wp\/v2\/product\/267945"}],"collection":[{"href":"https:\/\/compuviper.mx\/tienda\/wp-json\/wp\/v2\/product"}],"about":[{"href":"https:\/\/compuviper.mx\/tienda\/wp-json\/wp\/v2\/types\/product"}],"replies":[{"embeddable":true,"href":"https:\/\/compuviper.mx\/tienda\/wp-json\/wp\/v2\/comments?post=267945"}],"wp:featuredmedia":[{"embeddable":true,"href":"https:\/\/compuviper.mx\/tienda\/wp-json\/wp\/v2\/media\/267946"}],"wp:attachment":[{"href":"https:\/\/compuviper.mx\/tienda\/wp-json\/wp\/v2\/media?parent=267945"}],"wp:term":[{"taxonomy":"product_cat","embeddable":true,"href":"https:\/\/compuviper.mx\/tienda\/wp-json\/wp\/v2\/product_cat?post=267945"},{"taxonomy":"product_tag","embeddable":true,"href":"https:\/\/compuviper.mx\/tienda\/wp-json\/wp\/v2\/product_tag?post=267945"}],"curies":[{"name":"wp","href":"https:\/\/api.w.org\/{rel}","templated":true}]}}