{"id":267932,"date":"2026-04-02T00:23:56","date_gmt":"2026-04-02T06:23:56","guid":{"rendered":"https:\/\/compuviper.mx\/tienda\/producto\/apc-apcrbc152-cartucho-de-bateras-de-recambio-n-152-de\/"},"modified":"2026-04-02T00:23:56","modified_gmt":"2026-04-02T06:23:56","slug":"apc-apcrbc152-cartucho-de-bateras-de-recambio-n-152-de","status":"publish","type":"product","link":"https:\/\/compuviper.mx\/tienda\/producto\/apc-apcrbc152-cartucho-de-bateras-de-recambio-n-152-de\/","title":{"rendered":"Apc Apcrbc152 Cartucho De Bateras De Recambio N 152 De"},"content":{"rendered":"<table class=\"descripcion\">\n<tr>\n<td>Bater\u00edas y autonom\u00eda<\/td>\n<\/tr>\n<tr>\n<td>Tipo de bater\u00eda:: bater\u00eda sellada de plomo sin necesidad de mantenci\u00f3n con electrolito suspendido: a prueba de filtraci\u00f3n<\/td>\n<\/tr>\n<tr>\n<td>Montaje de bater\u00edas: cartucho de bater\u00eda adjunto<\/td>\n<\/tr>\n<tr>\n<td>Vida \u00fatil esperada de las bater\u00edas (a\u00f1os): 3-5 a\u00f1os<\/td>\n<\/tr>\n<tr>\n<td>Cantidad de cartuchos de bater\u00eda de recambio: 1<\/td>\n<\/tr>\n<tr>\n<td>F\u00edsico<\/td>\n<\/tr>\n<tr>\n<td>Dimensiones de altura m\u00e1xima: 76mm ,\u00a07.6cm<\/td>\n<\/tr>\n<tr>\n<td>Dimensiones de anchura m\u00e1xima: 210mm ,\u00a021.0cm<\/td>\n<\/tr>\n<tr>\n<td>Dimensiones de profundidad m\u00e1xima: 762mm ,\u00a076.2cm<\/td>\n<\/tr>\n<tr>\n<td>Peso neto: 15.29kg<\/td>\n<\/tr>\n<tr>\n<td>Peso de embarque: 17.55kg<\/td>\n<\/tr>\n<tr>\n<td>Altura del bulto: 203mm ,\u00a020.3cm<\/td>\n<\/tr>\n<tr>\n<td>Ancho del bulto: 343mm ,\u00a034.3cm<\/td>\n<\/tr>\n<tr>\n<td>Profundidad del bulto: 635mm ,\u00a063.5cm<\/td>\n<\/tr>\n<\/table>\n","protected":false},"excerpt":{"rendered":"<p>Permite actualizar y reemplazar las bater\u00edas en forma sencilla. Los cartuchos de bater\u00edas de recambio (rbc) de apc son seguros y confiables, y contienen una cantidad m\u00ednima de conexiones, lo que permite ahorrar tiempo valioso. Puesto que los rbc de apc son reemplazables en caliente, no es necesario dejar el equipo fuera de funcionamiento para instalarlos.<\/p>\n","protected":false},"featured_media":0,"comment_status":"open","ping_status":"open","template":"","meta":[],"product_cat":[1511,1508],"product_tag":[1694],"acf":[],"yoast_head":"<!-- This site is optimized with the Yoast SEO plugin v21.7 - https:\/\/yoast.com\/wordpress\/plugins\/seo\/ -->\n<title>[ Apc ] &#129351; Apcrbc152 Cartucho De Bateras De Recambio N 152 De<\/title>\n<meta name=\"description\" content=\"Compra Apcrbc152 Cartucho De Bateras De Recambio N 152 De + Env\u00edo a domicilio + Pago seguro + Garant\u00eda\" \/>\n<meta name=\"robots\" content=\"index, follow, max-snippet:-1, max-image-preview:large, max-video-preview:-1\" \/>\n<link rel=\"canonical\" href=\"https:\/\/compuviper.mx\/tienda\/producto\/apc-apcrbc152-cartucho-de-bateras-de-recambio-n-152-de\/\" \/>\n<meta property=\"og:locale\" content=\"es_MX\" \/>\n<meta property=\"og:type\" content=\"article\" \/>\n<meta property=\"og:title\" content=\"[ Apc ] &#129351; Apcrbc152 Cartucho De Bateras De Recambio N 152 De\" \/>\n<meta property=\"og:description\" content=\"Compra Apcrbc152 Cartucho De Bateras De Recambio N 152 De + Env\u00edo a domicilio + Pago seguro + Garant\u00eda\" \/>\n<meta property=\"og:url\" content=\"https:\/\/compuviper.mx\/tienda\/producto\/apc-apcrbc152-cartucho-de-bateras-de-recambio-n-152-de\/\" \/>\n<meta property=\"og:site_name\" content=\"Compuviper\" \/>\n<meta property=\"article:publisher\" content=\"https:\/\/www.facebook.com\/compuviper\" \/>\n<meta name=\"twitter:card\" content=\"summary_large_image\" \/>\n<meta name=\"twitter:label1\" content=\"Precio\" \/>\n\t<meta name=\"twitter:data1\" content=\"&#36;11,155 con IVA\" \/>\n\t<meta name=\"twitter:label2\" content=\"Availability\" \/>\n\t<meta name=\"twitter:data2\" content=\"Out of stock\" \/>\n<script type=\"application\/ld+json\" class=\"yoast-schema-graph\">{\"@context\":\"https:\/\/schema.org\",\"@graph\":[{\"@type\":\"WebPage\",\"@id\":\"https:\/\/compuviper.mx\/tienda\/producto\/apc-apcrbc152-cartucho-de-bateras-de-recambio-n-152-de\/\",\"url\":\"https:\/\/compuviper.mx\/tienda\/producto\/apc-apcrbc152-cartucho-de-bateras-de-recambio-n-152-de\/\",\"name\":\"[ Apc ] &#129351; Apcrbc152 Cartucho De Bateras De Recambio N 152 De\",\"isPartOf\":{\"@id\":\"https:\/\/compuviper.mx\/tienda\/#website\"},\"datePublished\":\"2026-04-02T06:23:56+00:00\",\"dateModified\":\"2026-04-02T06:23:56+00:00\",\"description\":\"Compra Apcrbc152 Cartucho De Bateras De Recambio N 152 De + Env\u00edo a domicilio + Pago seguro + Garant\u00eda\",\"breadcrumb\":{\"@id\":\"https:\/\/compuviper.mx\/tienda\/producto\/apc-apcrbc152-cartucho-de-bateras-de-recambio-n-152-de\/#breadcrumb\"},\"inLanguage\":\"es-MX\",\"potentialAction\":[{\"@type\":\"ReadAction\",\"target\":[\"https:\/\/compuviper.mx\/tienda\/producto\/apc-apcrbc152-cartucho-de-bateras-de-recambio-n-152-de\/\"]}]},{\"@type\":\"BreadcrumbList\",\"@id\":\"https:\/\/compuviper.mx\/tienda\/producto\/apc-apcrbc152-cartucho-de-bateras-de-recambio-n-152-de\/#breadcrumb\",\"itemListElement\":[{\"@type\":\"ListItem\",\"position\":1,\"name\":\"Inicio\",\"item\":\"https:\/\/compuviper.mx\/tienda\/\"},{\"@type\":\"ListItem\",\"position\":2,\"name\":\"Productos\",\"item\":\"https:\/\/compuviper.mx\/tienda\/productos\/\"},{\"@type\":\"ListItem\",\"position\":3,\"name\":\"Energia\",\"item\":\"https:\/\/compuviper.mx\/tienda\/categoria-producto\/energia\/\"},{\"@type\":\"ListItem\",\"position\":4,\"name\":\"Bateria\",\"item\":\"https:\/\/compuviper.mx\/tienda\/categoria-producto\/energia\/bateria\/\"},{\"@type\":\"ListItem\",\"position\":5,\"name\":\"Apc Apcrbc152 Cartucho De Bateras De Recambio N 152 De\"}]},{\"@type\":\"WebSite\",\"@id\":\"https:\/\/compuviper.mx\/tienda\/#website\",\"url\":\"https:\/\/compuviper.mx\/tienda\/\",\"name\":\"Compuviper\",\"description\":\"Proveedor de Computadoras, Laptops, Servidores, Monitores, Puntos de Venta, Teclados,   Impresoras, T\u00f3ner, C\u00e1maras de Seguridad y m\u00e1s en tu tienda en l\u00ednea\",\"publisher\":{\"@id\":\"https:\/\/compuviper.mx\/tienda\/#organization\"},\"potentialAction\":[{\"@type\":\"SearchAction\",\"target\":{\"@type\":\"EntryPoint\",\"urlTemplate\":\"https:\/\/compuviper.mx\/tienda\/?s={search_term_string}\"},\"query-input\":\"required name=search_term_string\"}],\"inLanguage\":\"es-MX\"},{\"@type\":\"Organization\",\"@id\":\"https:\/\/compuviper.mx\/tienda\/#organization\",\"name\":\"Compuviper\",\"url\":\"https:\/\/compuviper.mx\/tienda\/\",\"logo\":{\"@type\":\"ImageObject\",\"inLanguage\":\"es-MX\",\"@id\":\"https:\/\/compuviper.mx\/tienda\/#\/schema\/logo\/image\/\",\"url\":\"https:\/\/compuviper.mx\/tienda\/wp-content\/uploads\/2021\/08\/Logo-Compuviper-10.png\",\"contentUrl\":\"https:\/\/compuviper.mx\/tienda\/wp-content\/uploads\/2021\/08\/Logo-Compuviper-10.png\",\"width\":1000,\"height\":500,\"caption\":\"Compuviper\"},\"image\":{\"@id\":\"https:\/\/compuviper.mx\/tienda\/#\/schema\/logo\/image\/\"},\"sameAs\":[\"https:\/\/www.facebook.com\/compuviper\",\"https:\/\/www.youtube.com\/channel\/UCf73dERp9Y3cfOq7q8BhLjA?view_as=subscriber\"]}]}<\/script>\n<meta property=\"product:brand\" content=\"APC\" \/>\n<meta property=\"product:price:amount\" content=\"11155\" \/>\n<meta property=\"product:price:currency\" content=\"MXN\" \/>\n<meta property=\"og:availability\" content=\"out of stock\" \/>\n<meta property=\"product:availability\" content=\"out of stock\" \/>\n<meta property=\"product:retailer_item_id\" content=\"APCRBC152\" \/>\n<meta property=\"product:condition\" content=\"new\" \/>\n<!-- \/ Yoast SEO plugin. -->","yoast_head_json":{"title":"[ Apc ] &#129351; Apcrbc152 Cartucho De Bateras De Recambio N 152 De","description":"Compra Apcrbc152 Cartucho De Bateras De Recambio N 152 De + Env\u00edo a domicilio + Pago seguro + Garant\u00eda","robots":{"index":"index","follow":"follow","max-snippet":"max-snippet:-1","max-image-preview":"max-image-preview:large","max-video-preview":"max-video-preview:-1"},"canonical":"https:\/\/compuviper.mx\/tienda\/producto\/apc-apcrbc152-cartucho-de-bateras-de-recambio-n-152-de\/","og_locale":"es_MX","og_type":"article","og_title":"[ Apc ] &#129351; Apcrbc152 Cartucho De Bateras De Recambio N 152 De","og_description":"Compra Apcrbc152 Cartucho De Bateras De Recambio N 152 De + Env\u00edo a domicilio + Pago seguro + Garant\u00eda","og_url":"https:\/\/compuviper.mx\/tienda\/producto\/apc-apcrbc152-cartucho-de-bateras-de-recambio-n-152-de\/","og_site_name":"Compuviper","article_publisher":"https:\/\/www.facebook.com\/compuviper","twitter_card":"summary_large_image","twitter_misc":{"Precio":"&#36;11,155 con IVA","Availability":"Out of stock"},"schema":{"@context":"https:\/\/schema.org","@graph":[{"@type":"WebPage","@id":"https:\/\/compuviper.mx\/tienda\/producto\/apc-apcrbc152-cartucho-de-bateras-de-recambio-n-152-de\/","url":"https:\/\/compuviper.mx\/tienda\/producto\/apc-apcrbc152-cartucho-de-bateras-de-recambio-n-152-de\/","name":"[ Apc ] &#129351; Apcrbc152 Cartucho De Bateras De Recambio N 152 De","isPartOf":{"@id":"https:\/\/compuviper.mx\/tienda\/#website"},"datePublished":"2026-04-02T06:23:56+00:00","dateModified":"2026-04-02T06:23:56+00:00","description":"Compra Apcrbc152 Cartucho De Bateras De Recambio N 152 De + Env\u00edo a domicilio + Pago seguro + Garant\u00eda","breadcrumb":{"@id":"https:\/\/compuviper.mx\/tienda\/producto\/apc-apcrbc152-cartucho-de-bateras-de-recambio-n-152-de\/#breadcrumb"},"inLanguage":"es-MX","potentialAction":[{"@type":"ReadAction","target":["https:\/\/compuviper.mx\/tienda\/producto\/apc-apcrbc152-cartucho-de-bateras-de-recambio-n-152-de\/"]}]},{"@type":"BreadcrumbList","@id":"https:\/\/compuviper.mx\/tienda\/producto\/apc-apcrbc152-cartucho-de-bateras-de-recambio-n-152-de\/#breadcrumb","itemListElement":[{"@type":"ListItem","position":1,"name":"Inicio","item":"https:\/\/compuviper.mx\/tienda\/"},{"@type":"ListItem","position":2,"name":"Productos","item":"https:\/\/compuviper.mx\/tienda\/productos\/"},{"@type":"ListItem","position":3,"name":"Energia","item":"https:\/\/compuviper.mx\/tienda\/categoria-producto\/energia\/"},{"@type":"ListItem","position":4,"name":"Bateria","item":"https:\/\/compuviper.mx\/tienda\/categoria-producto\/energia\/bateria\/"},{"@type":"ListItem","position":5,"name":"Apc Apcrbc152 Cartucho De Bateras De Recambio N 152 De"}]},{"@type":"WebSite","@id":"https:\/\/compuviper.mx\/tienda\/#website","url":"https:\/\/compuviper.mx\/tienda\/","name":"Compuviper","description":"Proveedor de Computadoras, Laptops, Servidores, Monitores, Puntos de Venta, Teclados,   Impresoras, T\u00f3ner, C\u00e1maras de Seguridad y m\u00e1s en tu tienda en l\u00ednea","publisher":{"@id":"https:\/\/compuviper.mx\/tienda\/#organization"},"potentialAction":[{"@type":"SearchAction","target":{"@type":"EntryPoint","urlTemplate":"https:\/\/compuviper.mx\/tienda\/?s={search_term_string}"},"query-input":"required name=search_term_string"}],"inLanguage":"es-MX"},{"@type":"Organization","@id":"https:\/\/compuviper.mx\/tienda\/#organization","name":"Compuviper","url":"https:\/\/compuviper.mx\/tienda\/","logo":{"@type":"ImageObject","inLanguage":"es-MX","@id":"https:\/\/compuviper.mx\/tienda\/#\/schema\/logo\/image\/","url":"https:\/\/compuviper.mx\/tienda\/wp-content\/uploads\/2021\/08\/Logo-Compuviper-10.png","contentUrl":"https:\/\/compuviper.mx\/tienda\/wp-content\/uploads\/2021\/08\/Logo-Compuviper-10.png","width":1000,"height":500,"caption":"Compuviper"},"image":{"@id":"https:\/\/compuviper.mx\/tienda\/#\/schema\/logo\/image\/"},"sameAs":["https:\/\/www.facebook.com\/compuviper","https:\/\/www.youtube.com\/channel\/UCf73dERp9Y3cfOq7q8BhLjA?view_as=subscriber"]}]},"product_brand":"APC","product_price_amount":"11155","product_price_currency":"MXN","og_availability":"out of stock","product_availability":"out of stock","product_retailer_item_id":"APCRBC152","product_condition":"new"},"_links":{"self":[{"href":"https:\/\/compuviper.mx\/tienda\/wp-json\/wp\/v2\/product\/267932"}],"collection":[{"href":"https:\/\/compuviper.mx\/tienda\/wp-json\/wp\/v2\/product"}],"about":[{"href":"https:\/\/compuviper.mx\/tienda\/wp-json\/wp\/v2\/types\/product"}],"replies":[{"embeddable":true,"href":"https:\/\/compuviper.mx\/tienda\/wp-json\/wp\/v2\/comments?post=267932"}],"wp:attachment":[{"href":"https:\/\/compuviper.mx\/tienda\/wp-json\/wp\/v2\/media?parent=267932"}],"wp:term":[{"taxonomy":"product_cat","embeddable":true,"href":"https:\/\/compuviper.mx\/tienda\/wp-json\/wp\/v2\/product_cat?post=267932"},{"taxonomy":"product_tag","embeddable":true,"href":"https:\/\/compuviper.mx\/tienda\/wp-json\/wp\/v2\/product_tag?post=267932"}],"curies":[{"name":"wp","href":"https:\/\/api.w.org\/{rel}","templated":true}]}}