{"id":267920,"date":"2026-04-02T00:20:00","date_gmt":"2026-04-02T06:20:00","guid":{"rendered":"https:\/\/compuviper.mx\/tienda\/producto\/dahua-dh-hac-hfw1500rln-a-s3-dip-camara-bullet-de-5-mp-starlight-microfono-integrado-lente-de-2-8mm-hasta-30-mts-de-iluminacion-inteligente-ip67\/"},"modified":"2026-04-02T00:20:00","modified_gmt":"2026-04-02T06:20:00","slug":"dahua-dh-hac-hfw1500rln-a-s3-dip-camara-bullet-de-5-mp-starlight-microfono-integrado-lente-de-2-8mm-hasta-30-mts-de-iluminacion-inteligente-ip67","status":"publish","type":"product","link":"https:\/\/compuviper.mx\/tienda\/producto\/dahua-dh-hac-hfw1500rln-a-s3-dip-camara-bullet-de-5-mp-starlight-microfono-integrado-lente-de-2-8mm-hasta-30-mts-de-iluminacion-inteligente-ip67\/","title":{"rendered":"Dahua Dh-hac-hfw1500rln-a-s3-dip Camara    &#8211; Bullet De 5 Mp Starlight\/ Microfono Integrado\/ Lente De 2.8mm\/ Hasta 30 Mts De Iluminacion Inteligente\/ Ip67"},"content":{"rendered":"<table class=\"descripcion\">\n<tr>\n<td>Especificaciones tecnicas<\/td>\n<\/tr>\n<tr>\n<td>\u0095 fuente de alimentacion: 12 vcc (\u00b130%).<\/td>\n<\/tr>\n<tr>\n<td>\u0095 consumo de energia: max. 3,7 w (12 vcc, ir activado).<\/td>\n<\/tr>\n<tr>\n<td>\u0095 temperatura de funcionamiento: \u0096 40 \u00b0c a +60 \u00b0c.<\/td>\n<\/tr>\n<tr>\n<td>\u0095 temperatura de almacenamiento: \u0096 40 \u00b0c a +60 \u00b0c.<\/td>\n<\/tr>\n<tr>\n<td>\u0095 proteccion: ip67.<\/td>\n<\/tr>\n<tr>\n<td>\u0095 dimensiones: 161,6 mm \u00d7 70,0 mm \u00d7 69,7 mm.<\/td>\n<\/tr>\n<tr>\n<td>Incluye<\/td>\n<\/tr>\n<tr>\n<td>\u0095 x1 camara bullet 5mp dh-hac-hfw1500rln-a-s3-dip.<\/td>\n<\/tr>\n<tr>\n<td>\u0095 x1 manual de usuario.<\/td>\n<\/tr>\n<tr>\n<td>\u0095 x1 poliza de garantia.<\/td>\n<\/tr>\n<\/table>\n","protected":false},"excerpt":{"rendered":"<p>Informacion general. La camara dh-hac-hfw1500rln-a-s3-dip ofrece una resolucion de 5 megapixeles, garantizando imagenes claras y precisas. Incorpora un lente fijo de 2.8 mm que proporciona un amplio campo de vision, ademas de microfono integrado. Gracias a su tecnologia hdcvi, permite transmision de video y audio por un solo cable coaxial. Su carcasa metalica con certificacion ip67 la hace resistente a la lluvia y el polvo, ideal para exteriores. Es una solucion confiable y economica para sistemas de seguridad que demandan calidad y durabilidad. Caracteristicas principales. \u0095 captura imagenes en 5 megapixeles con gran nitidez. \u0095 diseno metalico compacto y resistente para exteriores. \u0095 compatible con multiples formatos de video (hdcvi, cvbs, ahd, tvi). \u0095 vision nocturna automatica con ir inteligente.<\/p>\n","protected":false},"featured_media":0,"comment_status":"open","ping_status":"open","template":"","meta":[],"product_cat":[1681,1608],"product_tag":[1555],"acf":[],"yoast_head":"<!-- This site is optimized with the Yoast SEO plugin v21.7 - https:\/\/yoast.com\/wordpress\/plugins\/seo\/ -->\n<title>[ Dahua ] &#129351; Dh-hac-hfw1500rln-a-s3-dip Camara - Bullet De 5 Mp Starlight\/ Microfono Integrado\/ Lente De 2.8mm\/ Hasta 30 Mts De Iluminacion Inteligente\/ Ip67<\/title>\n<meta name=\"description\" content=\"Compra Dh-hac-hfw1500rln-a-s3-dip Camara - Bullet De 5 Mp Starlight\/ Microfono Integrado\/ Lente De 2.8mm\/ Hasta 30 Mts De Iluminacion Inteligente\/ Ip67 + Env\u00edo a domicilio + Pago seguro + Garant\u00eda\" \/>\n<meta name=\"robots\" content=\"index, follow, max-snippet:-1, max-image-preview:large, max-video-preview:-1\" \/>\n<link rel=\"canonical\" href=\"https:\/\/compuviper.mx\/tienda\/producto\/dahua-dh-hac-hfw1500rln-a-s3-dip-camara-bullet-de-5-mp-starlight-microfono-integrado-lente-de-2-8mm-hasta-30-mts-de-iluminacion-inteligente-ip67\/\" \/>\n<meta property=\"og:locale\" content=\"es_MX\" \/>\n<meta property=\"og:type\" content=\"article\" \/>\n<meta property=\"og:title\" content=\"[ Dahua ] &#129351; Dh-hac-hfw1500rln-a-s3-dip Camara - Bullet De 5 Mp Starlight\/ Microfono Integrado\/ Lente De 2.8mm\/ Hasta 30 Mts De Iluminacion Inteligente\/ Ip67\" \/>\n<meta property=\"og:description\" content=\"Compra Dh-hac-hfw1500rln-a-s3-dip Camara - Bullet De 5 Mp Starlight\/ Microfono Integrado\/ Lente De 2.8mm\/ Hasta 30 Mts De Iluminacion Inteligente\/ Ip67 + Env\u00edo a domicilio + Pago seguro + Garant\u00eda\" \/>\n<meta property=\"og:url\" content=\"https:\/\/compuviper.mx\/tienda\/producto\/dahua-dh-hac-hfw1500rln-a-s3-dip-camara-bullet-de-5-mp-starlight-microfono-integrado-lente-de-2-8mm-hasta-30-mts-de-iluminacion-inteligente-ip67\/\" \/>\n<meta property=\"og:site_name\" content=\"Compuviper\" \/>\n<meta property=\"article:publisher\" content=\"https:\/\/www.facebook.com\/compuviper\" \/>\n<meta name=\"twitter:card\" content=\"summary_large_image\" \/>\n<meta name=\"twitter:label1\" content=\"Precio\" \/>\n\t<meta name=\"twitter:data1\" content=\"&#36;640 con IVA\" \/>\n\t<meta name=\"twitter:label2\" content=\"Availability\" \/>\n\t<meta name=\"twitter:data2\" content=\"Out of stock\" \/>\n<script type=\"application\/ld+json\" class=\"yoast-schema-graph\">{\"@context\":\"https:\/\/schema.org\",\"@graph\":[{\"@type\":\"WebPage\",\"@id\":\"https:\/\/compuviper.mx\/tienda\/producto\/dahua-dh-hac-hfw1500rln-a-s3-dip-camara-bullet-de-5-mp-starlight-microfono-integrado-lente-de-2-8mm-hasta-30-mts-de-iluminacion-inteligente-ip67\/\",\"url\":\"https:\/\/compuviper.mx\/tienda\/producto\/dahua-dh-hac-hfw1500rln-a-s3-dip-camara-bullet-de-5-mp-starlight-microfono-integrado-lente-de-2-8mm-hasta-30-mts-de-iluminacion-inteligente-ip67\/\",\"name\":\"[ Dahua ] &#129351; Dh-hac-hfw1500rln-a-s3-dip Camara - Bullet De 5 Mp Starlight\/ Microfono Integrado\/ Lente De 2.8mm\/ Hasta 30 Mts De Iluminacion Inteligente\/ Ip67\",\"isPartOf\":{\"@id\":\"https:\/\/compuviper.mx\/tienda\/#website\"},\"datePublished\":\"2026-04-02T06:20:00+00:00\",\"dateModified\":\"2026-04-02T06:20:00+00:00\",\"description\":\"Compra Dh-hac-hfw1500rln-a-s3-dip Camara - Bullet De 5 Mp Starlight\/ Microfono Integrado\/ Lente De 2.8mm\/ Hasta 30 Mts De Iluminacion Inteligente\/ Ip67 + Env\u00edo a domicilio + Pago seguro + Garant\u00eda\",\"breadcrumb\":{\"@id\":\"https:\/\/compuviper.mx\/tienda\/producto\/dahua-dh-hac-hfw1500rln-a-s3-dip-camara-bullet-de-5-mp-starlight-microfono-integrado-lente-de-2-8mm-hasta-30-mts-de-iluminacion-inteligente-ip67\/#breadcrumb\"},\"inLanguage\":\"es-MX\",\"potentialAction\":[{\"@type\":\"ReadAction\",\"target\":[\"https:\/\/compuviper.mx\/tienda\/producto\/dahua-dh-hac-hfw1500rln-a-s3-dip-camara-bullet-de-5-mp-starlight-microfono-integrado-lente-de-2-8mm-hasta-30-mts-de-iluminacion-inteligente-ip67\/\"]}]},{\"@type\":\"BreadcrumbList\",\"@id\":\"https:\/\/compuviper.mx\/tienda\/producto\/dahua-dh-hac-hfw1500rln-a-s3-dip-camara-bullet-de-5-mp-starlight-microfono-integrado-lente-de-2-8mm-hasta-30-mts-de-iluminacion-inteligente-ip67\/#breadcrumb\",\"itemListElement\":[{\"@type\":\"ListItem\",\"position\":1,\"name\":\"Inicio\",\"item\":\"https:\/\/compuviper.mx\/tienda\/\"},{\"@type\":\"ListItem\",\"position\":2,\"name\":\"Productos\",\"item\":\"https:\/\/compuviper.mx\/tienda\/productos\/\"},{\"@type\":\"ListItem\",\"position\":3,\"name\":\"Camaras\",\"item\":\"https:\/\/compuviper.mx\/tienda\/categoria-producto\/camaras-2\/\"},{\"@type\":\"ListItem\",\"position\":4,\"name\":\"Camara De Videovigilancia\",\"item\":\"https:\/\/compuviper.mx\/tienda\/categoria-producto\/camaras-2\/camara-de-videovigilancia\/\"},{\"@type\":\"ListItem\",\"position\":5,\"name\":\"Dahua Dh-hac-hfw1500rln-a-s3-dip Camara &#8211; Bullet De 5 Mp Starlight\/ Microfono Integrado\/ Lente De 2.8mm\/ Hasta 30 Mts De Iluminacion Inteligente\/ Ip67\"}]},{\"@type\":\"WebSite\",\"@id\":\"https:\/\/compuviper.mx\/tienda\/#website\",\"url\":\"https:\/\/compuviper.mx\/tienda\/\",\"name\":\"Compuviper\",\"description\":\"Proveedor de Computadoras, Laptops, Servidores, Monitores, Puntos de Venta, Teclados,   Impresoras, T\u00f3ner, C\u00e1maras de Seguridad y m\u00e1s en tu tienda en l\u00ednea\",\"publisher\":{\"@id\":\"https:\/\/compuviper.mx\/tienda\/#organization\"},\"potentialAction\":[{\"@type\":\"SearchAction\",\"target\":{\"@type\":\"EntryPoint\",\"urlTemplate\":\"https:\/\/compuviper.mx\/tienda\/?s={search_term_string}\"},\"query-input\":\"required name=search_term_string\"}],\"inLanguage\":\"es-MX\"},{\"@type\":\"Organization\",\"@id\":\"https:\/\/compuviper.mx\/tienda\/#organization\",\"name\":\"Compuviper\",\"url\":\"https:\/\/compuviper.mx\/tienda\/\",\"logo\":{\"@type\":\"ImageObject\",\"inLanguage\":\"es-MX\",\"@id\":\"https:\/\/compuviper.mx\/tienda\/#\/schema\/logo\/image\/\",\"url\":\"https:\/\/compuviper.mx\/tienda\/wp-content\/uploads\/2021\/08\/Logo-Compuviper-10.png\",\"contentUrl\":\"https:\/\/compuviper.mx\/tienda\/wp-content\/uploads\/2021\/08\/Logo-Compuviper-10.png\",\"width\":1000,\"height\":500,\"caption\":\"Compuviper\"},\"image\":{\"@id\":\"https:\/\/compuviper.mx\/tienda\/#\/schema\/logo\/image\/\"},\"sameAs\":[\"https:\/\/www.facebook.com\/compuviper\",\"https:\/\/www.youtube.com\/channel\/UCf73dERp9Y3cfOq7q8BhLjA?view_as=subscriber\"]}]}<\/script>\n<meta property=\"product:brand\" content=\"DAHUA\" \/>\n<meta property=\"product:price:amount\" content=\"640\" \/>\n<meta property=\"product:price:currency\" content=\"MXN\" \/>\n<meta property=\"og:availability\" content=\"out of stock\" \/>\n<meta property=\"product:availability\" content=\"out of stock\" \/>\n<meta property=\"product:retailer_item_id\" content=\"DH-HAC-HFW1500RLN-A-S3-DIP\" \/>\n<meta property=\"product:condition\" content=\"new\" \/>\n<!-- \/ Yoast SEO plugin. -->","yoast_head_json":{"title":"[ Dahua ] &#129351; Dh-hac-hfw1500rln-a-s3-dip Camara - Bullet De 5 Mp Starlight\/ Microfono Integrado\/ Lente De 2.8mm\/ Hasta 30 Mts De Iluminacion Inteligente\/ Ip67","description":"Compra Dh-hac-hfw1500rln-a-s3-dip Camara - Bullet De 5 Mp Starlight\/ Microfono Integrado\/ Lente De 2.8mm\/ Hasta 30 Mts De Iluminacion Inteligente\/ Ip67 + Env\u00edo a domicilio + Pago seguro + Garant\u00eda","robots":{"index":"index","follow":"follow","max-snippet":"max-snippet:-1","max-image-preview":"max-image-preview:large","max-video-preview":"max-video-preview:-1"},"canonical":"https:\/\/compuviper.mx\/tienda\/producto\/dahua-dh-hac-hfw1500rln-a-s3-dip-camara-bullet-de-5-mp-starlight-microfono-integrado-lente-de-2-8mm-hasta-30-mts-de-iluminacion-inteligente-ip67\/","og_locale":"es_MX","og_type":"article","og_title":"[ Dahua ] &#129351; Dh-hac-hfw1500rln-a-s3-dip Camara - Bullet De 5 Mp Starlight\/ Microfono Integrado\/ Lente De 2.8mm\/ Hasta 30 Mts De Iluminacion Inteligente\/ Ip67","og_description":"Compra Dh-hac-hfw1500rln-a-s3-dip Camara - Bullet De 5 Mp Starlight\/ Microfono Integrado\/ Lente De 2.8mm\/ Hasta 30 Mts De Iluminacion Inteligente\/ Ip67 + Env\u00edo a domicilio + Pago seguro + Garant\u00eda","og_url":"https:\/\/compuviper.mx\/tienda\/producto\/dahua-dh-hac-hfw1500rln-a-s3-dip-camara-bullet-de-5-mp-starlight-microfono-integrado-lente-de-2-8mm-hasta-30-mts-de-iluminacion-inteligente-ip67\/","og_site_name":"Compuviper","article_publisher":"https:\/\/www.facebook.com\/compuviper","twitter_card":"summary_large_image","twitter_misc":{"Precio":"&#36;640 con IVA","Availability":"Out of stock"},"schema":{"@context":"https:\/\/schema.org","@graph":[{"@type":"WebPage","@id":"https:\/\/compuviper.mx\/tienda\/producto\/dahua-dh-hac-hfw1500rln-a-s3-dip-camara-bullet-de-5-mp-starlight-microfono-integrado-lente-de-2-8mm-hasta-30-mts-de-iluminacion-inteligente-ip67\/","url":"https:\/\/compuviper.mx\/tienda\/producto\/dahua-dh-hac-hfw1500rln-a-s3-dip-camara-bullet-de-5-mp-starlight-microfono-integrado-lente-de-2-8mm-hasta-30-mts-de-iluminacion-inteligente-ip67\/","name":"[ Dahua ] &#129351; Dh-hac-hfw1500rln-a-s3-dip Camara - Bullet De 5 Mp Starlight\/ Microfono Integrado\/ Lente De 2.8mm\/ Hasta 30 Mts De Iluminacion Inteligente\/ Ip67","isPartOf":{"@id":"https:\/\/compuviper.mx\/tienda\/#website"},"datePublished":"2026-04-02T06:20:00+00:00","dateModified":"2026-04-02T06:20:00+00:00","description":"Compra Dh-hac-hfw1500rln-a-s3-dip Camara - Bullet De 5 Mp Starlight\/ Microfono Integrado\/ Lente De 2.8mm\/ Hasta 30 Mts De Iluminacion Inteligente\/ Ip67 + Env\u00edo a domicilio + Pago seguro + Garant\u00eda","breadcrumb":{"@id":"https:\/\/compuviper.mx\/tienda\/producto\/dahua-dh-hac-hfw1500rln-a-s3-dip-camara-bullet-de-5-mp-starlight-microfono-integrado-lente-de-2-8mm-hasta-30-mts-de-iluminacion-inteligente-ip67\/#breadcrumb"},"inLanguage":"es-MX","potentialAction":[{"@type":"ReadAction","target":["https:\/\/compuviper.mx\/tienda\/producto\/dahua-dh-hac-hfw1500rln-a-s3-dip-camara-bullet-de-5-mp-starlight-microfono-integrado-lente-de-2-8mm-hasta-30-mts-de-iluminacion-inteligente-ip67\/"]}]},{"@type":"BreadcrumbList","@id":"https:\/\/compuviper.mx\/tienda\/producto\/dahua-dh-hac-hfw1500rln-a-s3-dip-camara-bullet-de-5-mp-starlight-microfono-integrado-lente-de-2-8mm-hasta-30-mts-de-iluminacion-inteligente-ip67\/#breadcrumb","itemListElement":[{"@type":"ListItem","position":1,"name":"Inicio","item":"https:\/\/compuviper.mx\/tienda\/"},{"@type":"ListItem","position":2,"name":"Productos","item":"https:\/\/compuviper.mx\/tienda\/productos\/"},{"@type":"ListItem","position":3,"name":"Camaras","item":"https:\/\/compuviper.mx\/tienda\/categoria-producto\/camaras-2\/"},{"@type":"ListItem","position":4,"name":"Camara De Videovigilancia","item":"https:\/\/compuviper.mx\/tienda\/categoria-producto\/camaras-2\/camara-de-videovigilancia\/"},{"@type":"ListItem","position":5,"name":"Dahua Dh-hac-hfw1500rln-a-s3-dip Camara &#8211; Bullet De 5 Mp Starlight\/ Microfono Integrado\/ Lente De 2.8mm\/ Hasta 30 Mts De Iluminacion Inteligente\/ Ip67"}]},{"@type":"WebSite","@id":"https:\/\/compuviper.mx\/tienda\/#website","url":"https:\/\/compuviper.mx\/tienda\/","name":"Compuviper","description":"Proveedor de Computadoras, Laptops, Servidores, Monitores, Puntos de Venta, Teclados,   Impresoras, T\u00f3ner, C\u00e1maras de Seguridad y m\u00e1s en tu tienda en l\u00ednea","publisher":{"@id":"https:\/\/compuviper.mx\/tienda\/#organization"},"potentialAction":[{"@type":"SearchAction","target":{"@type":"EntryPoint","urlTemplate":"https:\/\/compuviper.mx\/tienda\/?s={search_term_string}"},"query-input":"required name=search_term_string"}],"inLanguage":"es-MX"},{"@type":"Organization","@id":"https:\/\/compuviper.mx\/tienda\/#organization","name":"Compuviper","url":"https:\/\/compuviper.mx\/tienda\/","logo":{"@type":"ImageObject","inLanguage":"es-MX","@id":"https:\/\/compuviper.mx\/tienda\/#\/schema\/logo\/image\/","url":"https:\/\/compuviper.mx\/tienda\/wp-content\/uploads\/2021\/08\/Logo-Compuviper-10.png","contentUrl":"https:\/\/compuviper.mx\/tienda\/wp-content\/uploads\/2021\/08\/Logo-Compuviper-10.png","width":1000,"height":500,"caption":"Compuviper"},"image":{"@id":"https:\/\/compuviper.mx\/tienda\/#\/schema\/logo\/image\/"},"sameAs":["https:\/\/www.facebook.com\/compuviper","https:\/\/www.youtube.com\/channel\/UCf73dERp9Y3cfOq7q8BhLjA?view_as=subscriber"]}]},"product_brand":"DAHUA","product_price_amount":"640","product_price_currency":"MXN","og_availability":"out of stock","product_availability":"out of stock","product_retailer_item_id":"DH-HAC-HFW1500RLN-A-S3-DIP","product_condition":"new"},"_links":{"self":[{"href":"https:\/\/compuviper.mx\/tienda\/wp-json\/wp\/v2\/product\/267920"}],"collection":[{"href":"https:\/\/compuviper.mx\/tienda\/wp-json\/wp\/v2\/product"}],"about":[{"href":"https:\/\/compuviper.mx\/tienda\/wp-json\/wp\/v2\/types\/product"}],"replies":[{"embeddable":true,"href":"https:\/\/compuviper.mx\/tienda\/wp-json\/wp\/v2\/comments?post=267920"}],"wp:attachment":[{"href":"https:\/\/compuviper.mx\/tienda\/wp-json\/wp\/v2\/media?parent=267920"}],"wp:term":[{"taxonomy":"product_cat","embeddable":true,"href":"https:\/\/compuviper.mx\/tienda\/wp-json\/wp\/v2\/product_cat?post=267920"},{"taxonomy":"product_tag","embeddable":true,"href":"https:\/\/compuviper.mx\/tienda\/wp-json\/wp\/v2\/product_tag?post=267920"}],"curies":[{"name":"wp","href":"https:\/\/api.w.org\/{rel}","templated":true}]}}