{"id":267919,"date":"2026-04-02T00:19:58","date_gmt":"2026-04-02T06:19:58","guid":{"rendered":"https:\/\/compuviper.mx\/tienda\/producto\/dahua-dh-hac-hfw1500rln-il-a-s3-dip-camara-bullet-de-5-mp-iluminacion-dual-inteligente-fullcolor-lente-de-2-8mm-106-grados-de-apertura-20-metros-de-ir-y-luz-visible-microfono-integrado-ip6\/"},"modified":"2026-04-02T00:19:58","modified_gmt":"2026-04-02T06:19:58","slug":"dahua-dh-hac-hfw1500rln-il-a-s3-dip-camara-bullet-de-5-mp-iluminacion-dual-inteligente-fullcolor-lente-de-2-8mm-106-grados-de-apertura-20-metros-de-ir-y-luz-visible-microfono-integrado-ip6","status":"publish","type":"product","link":"https:\/\/compuviper.mx\/tienda\/producto\/dahua-dh-hac-hfw1500rln-il-a-s3-dip-camara-bullet-de-5-mp-iluminacion-dual-inteligente-fullcolor-lente-de-2-8mm-106-grados-de-apertura-20-metros-de-ir-y-luz-visible-microfono-integrado-ip6\/","title":{"rendered":"Dahua Dh-hac-hfw1500rln-il-a-s3-dip Camara   &#8211; Bullet De 5 Mp\/ Iluminacion Dual Inteligente + Fullcolor\/ Lente De 2.8mm\/ 106 Grados De Apertura\/ 20 Metros De Ir Y Luz Visible\/ Microfono Integrado\/ Ip67"},"content":{"rendered":"<table class=\"descripcion\">\n<tr>\n<td>Especificaciones tecnicas<\/td>\n<\/tr>\n<tr>\n<td>\u0095 fuente de alimentacion: 12 vcc 1a.<\/td>\n<\/tr>\n<tr>\n<td>\u0095 consumo de energia: max. 4,3 w (12 vcc, wled encendido).<\/td>\n<\/tr>\n<tr>\n<td>\u0095 temperatura de funcionamiento: \u0096 40 \u00b0c a +60 \u00b0c.<\/td>\n<\/tr>\n<tr>\n<td>\u0095 humedad de funcionamiento:  95 %.<\/td>\n<\/tr>\n<tr>\n<td>\u0095 temperatura de almacenamiento: \u0096 40 \u00b0c a +60 \u00b0c.<\/td>\n<\/tr>\n<tr>\n<td>\u0095 proteccion: ip67.<\/td>\n<\/tr>\n<tr>\n<td>\u0095 dimensiones del producto: 161,6 mm \u00d7 70,0 mm \u00d7 69,7 mm.<\/td>\n<\/tr>\n<tr>\n<td>Incluye<\/td>\n<\/tr>\n<tr>\n<td>\u0095 x1 camara bullet 5mp dh-hac-hfw1500rln-il-a-s3-dip.<\/td>\n<\/tr>\n<tr>\n<td>\u0095 x1 manual de usuario.<\/td>\n<\/tr>\n<tr>\n<td>\u0095 x1 poliza de garantia.<\/td>\n<\/tr>\n<\/table>\n","protected":false},"excerpt":{"rendered":"<p>Informacion general. El modelo dh-hac-hfw1500rln-il-a-s3-dip es una camara bullet de 5 megapixeles disenada para ofrecer imagenes de alta nitidez tanto de dia como de noche gracias a su iluminacion dual inteligente, que mantiene los colores vivos incluso en condiciones de poca luz. Cuenta con un lente de 2.8 mm que brinda un amplio angulo de vision de 106\u00b0, junto con un microfono integrado para capturar audio ambiente. Caracteristicas principales. \u0095 resolucion 5 mp para imagenes de alta definicion. \u0095 iluminacion dual inteligente (ir + luz visible) para vision nocturna optimizada. \u0095 tecnologia fullcolor que mantiene colores vivos incluso con poca luz. \u0095 lente fijo de 2.8 mm con amplio angulo de vision de 106\u00b0. \u0095 alcance de 20 m en infrarrojo y luz visible. \u0095 microfono integrado para captura de audio ambiente. \u0095 certificacion ip67, resistente al polvo y al agua. \u0095 compatible con multiples formatos: cvi, cvbs, ahd y tvi.<\/p>\n","protected":false},"featured_media":0,"comment_status":"open","ping_status":"open","template":"","meta":[],"product_cat":[1681,1608],"product_tag":[1555],"acf":[],"yoast_head":"<!-- This site is optimized with the Yoast SEO plugin v21.7 - https:\/\/yoast.com\/wordpress\/plugins\/seo\/ -->\n<title>[ Dahua ] &#129351; Dh-hac-hfw1500rln-il-a-s3-dip Camara - Bullet De 5 Mp\/ Iluminacion Dual Inteligente + Fullcolor\/ Lente De 2.8mm\/ 106 Grados De Apertura\/ 20 Metros De Ir Y Luz Visible\/ Microfono Integrado\/ Ip67<\/title>\n<meta name=\"description\" content=\"Compra Dh-hac-hfw1500rln-il-a-s3-dip Camara - Bullet De 5 Mp\/ Iluminacion Dual Inteligente + Fullcolor\/ Lente De 2.8mm\/ 106 Grados De Apertura\/ 20 Metros De Ir Y Luz Visible\/ Microfono Integrado\/ Ip67 + Env\u00edo a domicilio + Pago seguro + Garant\u00eda\" \/>\n<meta name=\"robots\" content=\"index, follow, max-snippet:-1, max-image-preview:large, max-video-preview:-1\" \/>\n<link rel=\"canonical\" href=\"https:\/\/compuviper.mx\/tienda\/producto\/dahua-dh-hac-hfw1500rln-il-a-s3-dip-camara-bullet-de-5-mp-iluminacion-dual-inteligente-fullcolor-lente-de-2-8mm-106-grados-de-apertura-20-metros-de-ir-y-luz-visible-microfono-integrado-ip6\/\" \/>\n<meta property=\"og:locale\" content=\"es_MX\" \/>\n<meta property=\"og:type\" content=\"article\" \/>\n<meta property=\"og:title\" content=\"[ Dahua ] &#129351; Dh-hac-hfw1500rln-il-a-s3-dip Camara - Bullet De 5 Mp\/ Iluminacion Dual Inteligente + Fullcolor\/ Lente De 2.8mm\/ 106 Grados De Apertura\/ 20 Metros De Ir Y Luz Visible\/ Microfono Integrado\/ Ip67\" \/>\n<meta property=\"og:description\" content=\"Compra Dh-hac-hfw1500rln-il-a-s3-dip Camara - Bullet De 5 Mp\/ Iluminacion Dual Inteligente + Fullcolor\/ Lente De 2.8mm\/ 106 Grados De Apertura\/ 20 Metros De Ir Y Luz Visible\/ Microfono Integrado\/ Ip67 + Env\u00edo a domicilio + Pago seguro + Garant\u00eda\" \/>\n<meta property=\"og:url\" content=\"https:\/\/compuviper.mx\/tienda\/producto\/dahua-dh-hac-hfw1500rln-il-a-s3-dip-camara-bullet-de-5-mp-iluminacion-dual-inteligente-fullcolor-lente-de-2-8mm-106-grados-de-apertura-20-metros-de-ir-y-luz-visible-microfono-integrado-ip6\/\" \/>\n<meta property=\"og:site_name\" content=\"Compuviper\" \/>\n<meta property=\"article:publisher\" content=\"https:\/\/www.facebook.com\/compuviper\" \/>\n<meta name=\"twitter:card\" content=\"summary_large_image\" \/>\n<meta name=\"twitter:label1\" content=\"Precio\" \/>\n\t<meta name=\"twitter:data1\" content=\"&#36;588 con IVA\" \/>\n\t<meta name=\"twitter:label2\" content=\"Availability\" \/>\n\t<meta name=\"twitter:data2\" content=\"Out of stock\" \/>\n<script type=\"application\/ld+json\" class=\"yoast-schema-graph\">{\"@context\":\"https:\/\/schema.org\",\"@graph\":[{\"@type\":\"WebPage\",\"@id\":\"https:\/\/compuviper.mx\/tienda\/producto\/dahua-dh-hac-hfw1500rln-il-a-s3-dip-camara-bullet-de-5-mp-iluminacion-dual-inteligente-fullcolor-lente-de-2-8mm-106-grados-de-apertura-20-metros-de-ir-y-luz-visible-microfono-integrado-ip6\/\",\"url\":\"https:\/\/compuviper.mx\/tienda\/producto\/dahua-dh-hac-hfw1500rln-il-a-s3-dip-camara-bullet-de-5-mp-iluminacion-dual-inteligente-fullcolor-lente-de-2-8mm-106-grados-de-apertura-20-metros-de-ir-y-luz-visible-microfono-integrado-ip6\/\",\"name\":\"[ Dahua ] &#129351; Dh-hac-hfw1500rln-il-a-s3-dip Camara - Bullet De 5 Mp\/ Iluminacion Dual Inteligente + Fullcolor\/ Lente De 2.8mm\/ 106 Grados De Apertura\/ 20 Metros De Ir Y Luz Visible\/ Microfono Integrado\/ Ip67\",\"isPartOf\":{\"@id\":\"https:\/\/compuviper.mx\/tienda\/#website\"},\"datePublished\":\"2026-04-02T06:19:58+00:00\",\"dateModified\":\"2026-04-02T06:19:58+00:00\",\"description\":\"Compra Dh-hac-hfw1500rln-il-a-s3-dip Camara - Bullet De 5 Mp\/ Iluminacion Dual Inteligente + Fullcolor\/ Lente De 2.8mm\/ 106 Grados De Apertura\/ 20 Metros De Ir Y Luz Visible\/ Microfono Integrado\/ Ip67 + Env\u00edo a domicilio + Pago seguro + Garant\u00eda\",\"breadcrumb\":{\"@id\":\"https:\/\/compuviper.mx\/tienda\/producto\/dahua-dh-hac-hfw1500rln-il-a-s3-dip-camara-bullet-de-5-mp-iluminacion-dual-inteligente-fullcolor-lente-de-2-8mm-106-grados-de-apertura-20-metros-de-ir-y-luz-visible-microfono-integrado-ip6\/#breadcrumb\"},\"inLanguage\":\"es-MX\",\"potentialAction\":[{\"@type\":\"ReadAction\",\"target\":[\"https:\/\/compuviper.mx\/tienda\/producto\/dahua-dh-hac-hfw1500rln-il-a-s3-dip-camara-bullet-de-5-mp-iluminacion-dual-inteligente-fullcolor-lente-de-2-8mm-106-grados-de-apertura-20-metros-de-ir-y-luz-visible-microfono-integrado-ip6\/\"]}]},{\"@type\":\"BreadcrumbList\",\"@id\":\"https:\/\/compuviper.mx\/tienda\/producto\/dahua-dh-hac-hfw1500rln-il-a-s3-dip-camara-bullet-de-5-mp-iluminacion-dual-inteligente-fullcolor-lente-de-2-8mm-106-grados-de-apertura-20-metros-de-ir-y-luz-visible-microfono-integrado-ip6\/#breadcrumb\",\"itemListElement\":[{\"@type\":\"ListItem\",\"position\":1,\"name\":\"Inicio\",\"item\":\"https:\/\/compuviper.mx\/tienda\/\"},{\"@type\":\"ListItem\",\"position\":2,\"name\":\"Productos\",\"item\":\"https:\/\/compuviper.mx\/tienda\/productos\/\"},{\"@type\":\"ListItem\",\"position\":3,\"name\":\"Camaras\",\"item\":\"https:\/\/compuviper.mx\/tienda\/categoria-producto\/camaras-2\/\"},{\"@type\":\"ListItem\",\"position\":4,\"name\":\"Camara De Videovigilancia\",\"item\":\"https:\/\/compuviper.mx\/tienda\/categoria-producto\/camaras-2\/camara-de-videovigilancia\/\"},{\"@type\":\"ListItem\",\"position\":5,\"name\":\"Dahua Dh-hac-hfw1500rln-il-a-s3-dip Camara &#8211; Bullet De 5 Mp\/ Iluminacion Dual Inteligente + Fullcolor\/ Lente De 2.8mm\/ 106 Grados De Apertura\/ 20 Metros De Ir Y Luz Visible\/ Microfono Integrado\/ Ip67\"}]},{\"@type\":\"WebSite\",\"@id\":\"https:\/\/compuviper.mx\/tienda\/#website\",\"url\":\"https:\/\/compuviper.mx\/tienda\/\",\"name\":\"Compuviper\",\"description\":\"Proveedor de Computadoras, Laptops, Servidores, Monitores, Puntos de Venta, Teclados,   Impresoras, T\u00f3ner, C\u00e1maras de Seguridad y m\u00e1s en tu tienda en l\u00ednea\",\"publisher\":{\"@id\":\"https:\/\/compuviper.mx\/tienda\/#organization\"},\"potentialAction\":[{\"@type\":\"SearchAction\",\"target\":{\"@type\":\"EntryPoint\",\"urlTemplate\":\"https:\/\/compuviper.mx\/tienda\/?s={search_term_string}\"},\"query-input\":\"required name=search_term_string\"}],\"inLanguage\":\"es-MX\"},{\"@type\":\"Organization\",\"@id\":\"https:\/\/compuviper.mx\/tienda\/#organization\",\"name\":\"Compuviper\",\"url\":\"https:\/\/compuviper.mx\/tienda\/\",\"logo\":{\"@type\":\"ImageObject\",\"inLanguage\":\"es-MX\",\"@id\":\"https:\/\/compuviper.mx\/tienda\/#\/schema\/logo\/image\/\",\"url\":\"https:\/\/compuviper.mx\/tienda\/wp-content\/uploads\/2021\/08\/Logo-Compuviper-10.png\",\"contentUrl\":\"https:\/\/compuviper.mx\/tienda\/wp-content\/uploads\/2021\/08\/Logo-Compuviper-10.png\",\"width\":1000,\"height\":500,\"caption\":\"Compuviper\"},\"image\":{\"@id\":\"https:\/\/compuviper.mx\/tienda\/#\/schema\/logo\/image\/\"},\"sameAs\":[\"https:\/\/www.facebook.com\/compuviper\",\"https:\/\/www.youtube.com\/channel\/UCf73dERp9Y3cfOq7q8BhLjA?view_as=subscriber\"]}]}<\/script>\n<meta property=\"product:brand\" content=\"DAHUA\" \/>\n<meta property=\"product:price:amount\" content=\"588\" \/>\n<meta property=\"product:price:currency\" content=\"MXN\" \/>\n<meta property=\"og:availability\" content=\"out of stock\" \/>\n<meta property=\"product:availability\" content=\"out of stock\" \/>\n<meta property=\"product:retailer_item_id\" content=\"DH-HAC-HFW1500RLN-IL-A-S3-DIP\" \/>\n<meta property=\"product:condition\" content=\"new\" \/>\n<!-- \/ Yoast SEO plugin. -->","yoast_head_json":{"title":"[ Dahua ] &#129351; Dh-hac-hfw1500rln-il-a-s3-dip Camara - Bullet De 5 Mp\/ Iluminacion Dual Inteligente + Fullcolor\/ Lente De 2.8mm\/ 106 Grados De Apertura\/ 20 Metros De Ir Y Luz Visible\/ Microfono Integrado\/ Ip67","description":"Compra Dh-hac-hfw1500rln-il-a-s3-dip Camara - Bullet De 5 Mp\/ Iluminacion Dual Inteligente + Fullcolor\/ Lente De 2.8mm\/ 106 Grados De Apertura\/ 20 Metros De Ir Y Luz Visible\/ Microfono Integrado\/ Ip67 + Env\u00edo a domicilio + Pago seguro + Garant\u00eda","robots":{"index":"index","follow":"follow","max-snippet":"max-snippet:-1","max-image-preview":"max-image-preview:large","max-video-preview":"max-video-preview:-1"},"canonical":"https:\/\/compuviper.mx\/tienda\/producto\/dahua-dh-hac-hfw1500rln-il-a-s3-dip-camara-bullet-de-5-mp-iluminacion-dual-inteligente-fullcolor-lente-de-2-8mm-106-grados-de-apertura-20-metros-de-ir-y-luz-visible-microfono-integrado-ip6\/","og_locale":"es_MX","og_type":"article","og_title":"[ Dahua ] &#129351; Dh-hac-hfw1500rln-il-a-s3-dip Camara - Bullet De 5 Mp\/ Iluminacion Dual Inteligente + Fullcolor\/ Lente De 2.8mm\/ 106 Grados De Apertura\/ 20 Metros De Ir Y Luz Visible\/ Microfono Integrado\/ Ip67","og_description":"Compra Dh-hac-hfw1500rln-il-a-s3-dip Camara - Bullet De 5 Mp\/ Iluminacion Dual Inteligente + Fullcolor\/ Lente De 2.8mm\/ 106 Grados De Apertura\/ 20 Metros De Ir Y Luz Visible\/ Microfono Integrado\/ Ip67 + Env\u00edo a domicilio + Pago seguro + Garant\u00eda","og_url":"https:\/\/compuviper.mx\/tienda\/producto\/dahua-dh-hac-hfw1500rln-il-a-s3-dip-camara-bullet-de-5-mp-iluminacion-dual-inteligente-fullcolor-lente-de-2-8mm-106-grados-de-apertura-20-metros-de-ir-y-luz-visible-microfono-integrado-ip6\/","og_site_name":"Compuviper","article_publisher":"https:\/\/www.facebook.com\/compuviper","twitter_card":"summary_large_image","twitter_misc":{"Precio":"&#36;588 con IVA","Availability":"Out of stock"},"schema":{"@context":"https:\/\/schema.org","@graph":[{"@type":"WebPage","@id":"https:\/\/compuviper.mx\/tienda\/producto\/dahua-dh-hac-hfw1500rln-il-a-s3-dip-camara-bullet-de-5-mp-iluminacion-dual-inteligente-fullcolor-lente-de-2-8mm-106-grados-de-apertura-20-metros-de-ir-y-luz-visible-microfono-integrado-ip6\/","url":"https:\/\/compuviper.mx\/tienda\/producto\/dahua-dh-hac-hfw1500rln-il-a-s3-dip-camara-bullet-de-5-mp-iluminacion-dual-inteligente-fullcolor-lente-de-2-8mm-106-grados-de-apertura-20-metros-de-ir-y-luz-visible-microfono-integrado-ip6\/","name":"[ Dahua ] &#129351; Dh-hac-hfw1500rln-il-a-s3-dip Camara - Bullet De 5 Mp\/ Iluminacion Dual Inteligente + Fullcolor\/ Lente De 2.8mm\/ 106 Grados De Apertura\/ 20 Metros De Ir Y Luz Visible\/ Microfono Integrado\/ Ip67","isPartOf":{"@id":"https:\/\/compuviper.mx\/tienda\/#website"},"datePublished":"2026-04-02T06:19:58+00:00","dateModified":"2026-04-02T06:19:58+00:00","description":"Compra Dh-hac-hfw1500rln-il-a-s3-dip Camara - Bullet De 5 Mp\/ Iluminacion Dual Inteligente + Fullcolor\/ Lente De 2.8mm\/ 106 Grados De Apertura\/ 20 Metros De Ir Y Luz Visible\/ Microfono Integrado\/ Ip67 + Env\u00edo a domicilio + Pago seguro + Garant\u00eda","breadcrumb":{"@id":"https:\/\/compuviper.mx\/tienda\/producto\/dahua-dh-hac-hfw1500rln-il-a-s3-dip-camara-bullet-de-5-mp-iluminacion-dual-inteligente-fullcolor-lente-de-2-8mm-106-grados-de-apertura-20-metros-de-ir-y-luz-visible-microfono-integrado-ip6\/#breadcrumb"},"inLanguage":"es-MX","potentialAction":[{"@type":"ReadAction","target":["https:\/\/compuviper.mx\/tienda\/producto\/dahua-dh-hac-hfw1500rln-il-a-s3-dip-camara-bullet-de-5-mp-iluminacion-dual-inteligente-fullcolor-lente-de-2-8mm-106-grados-de-apertura-20-metros-de-ir-y-luz-visible-microfono-integrado-ip6\/"]}]},{"@type":"BreadcrumbList","@id":"https:\/\/compuviper.mx\/tienda\/producto\/dahua-dh-hac-hfw1500rln-il-a-s3-dip-camara-bullet-de-5-mp-iluminacion-dual-inteligente-fullcolor-lente-de-2-8mm-106-grados-de-apertura-20-metros-de-ir-y-luz-visible-microfono-integrado-ip6\/#breadcrumb","itemListElement":[{"@type":"ListItem","position":1,"name":"Inicio","item":"https:\/\/compuviper.mx\/tienda\/"},{"@type":"ListItem","position":2,"name":"Productos","item":"https:\/\/compuviper.mx\/tienda\/productos\/"},{"@type":"ListItem","position":3,"name":"Camaras","item":"https:\/\/compuviper.mx\/tienda\/categoria-producto\/camaras-2\/"},{"@type":"ListItem","position":4,"name":"Camara De Videovigilancia","item":"https:\/\/compuviper.mx\/tienda\/categoria-producto\/camaras-2\/camara-de-videovigilancia\/"},{"@type":"ListItem","position":5,"name":"Dahua Dh-hac-hfw1500rln-il-a-s3-dip Camara &#8211; Bullet De 5 Mp\/ Iluminacion Dual Inteligente + Fullcolor\/ Lente De 2.8mm\/ 106 Grados De Apertura\/ 20 Metros De Ir Y Luz Visible\/ Microfono Integrado\/ Ip67"}]},{"@type":"WebSite","@id":"https:\/\/compuviper.mx\/tienda\/#website","url":"https:\/\/compuviper.mx\/tienda\/","name":"Compuviper","description":"Proveedor de Computadoras, Laptops, Servidores, Monitores, Puntos de Venta, Teclados,   Impresoras, T\u00f3ner, C\u00e1maras de Seguridad y m\u00e1s en tu tienda en l\u00ednea","publisher":{"@id":"https:\/\/compuviper.mx\/tienda\/#organization"},"potentialAction":[{"@type":"SearchAction","target":{"@type":"EntryPoint","urlTemplate":"https:\/\/compuviper.mx\/tienda\/?s={search_term_string}"},"query-input":"required name=search_term_string"}],"inLanguage":"es-MX"},{"@type":"Organization","@id":"https:\/\/compuviper.mx\/tienda\/#organization","name":"Compuviper","url":"https:\/\/compuviper.mx\/tienda\/","logo":{"@type":"ImageObject","inLanguage":"es-MX","@id":"https:\/\/compuviper.mx\/tienda\/#\/schema\/logo\/image\/","url":"https:\/\/compuviper.mx\/tienda\/wp-content\/uploads\/2021\/08\/Logo-Compuviper-10.png","contentUrl":"https:\/\/compuviper.mx\/tienda\/wp-content\/uploads\/2021\/08\/Logo-Compuviper-10.png","width":1000,"height":500,"caption":"Compuviper"},"image":{"@id":"https:\/\/compuviper.mx\/tienda\/#\/schema\/logo\/image\/"},"sameAs":["https:\/\/www.facebook.com\/compuviper","https:\/\/www.youtube.com\/channel\/UCf73dERp9Y3cfOq7q8BhLjA?view_as=subscriber"]}]},"product_brand":"DAHUA","product_price_amount":"588","product_price_currency":"MXN","og_availability":"out of stock","product_availability":"out of stock","product_retailer_item_id":"DH-HAC-HFW1500RLN-IL-A-S3-DIP","product_condition":"new"},"_links":{"self":[{"href":"https:\/\/compuviper.mx\/tienda\/wp-json\/wp\/v2\/product\/267919"}],"collection":[{"href":"https:\/\/compuviper.mx\/tienda\/wp-json\/wp\/v2\/product"}],"about":[{"href":"https:\/\/compuviper.mx\/tienda\/wp-json\/wp\/v2\/types\/product"}],"replies":[{"embeddable":true,"href":"https:\/\/compuviper.mx\/tienda\/wp-json\/wp\/v2\/comments?post=267919"}],"wp:attachment":[{"href":"https:\/\/compuviper.mx\/tienda\/wp-json\/wp\/v2\/media?parent=267919"}],"wp:term":[{"taxonomy":"product_cat","embeddable":true,"href":"https:\/\/compuviper.mx\/tienda\/wp-json\/wp\/v2\/product_cat?post=267919"},{"taxonomy":"product_tag","embeddable":true,"href":"https:\/\/compuviper.mx\/tienda\/wp-json\/wp\/v2\/product_tag?post=267919"}],"curies":[{"name":"wp","href":"https:\/\/api.w.org\/{rel}","templated":true}]}}