{"id":267917,"date":"2026-04-02T00:19:54","date_gmt":"2026-04-02T06:19:54","guid":{"rendered":"https:\/\/compuviper.mx\/tienda\/producto\/dahua-dh-hac-t2a51n-u-camara-analoga-hac-t2a51n-u-28-s2-domo-de-5-mp-106-grados-de-apertura-metalica-lente-de-2-8-mm-ir-de-30-metros-soporta-cvi-ahd-tvi-y-cvbs\/"},"modified":"2026-04-02T00:19:55","modified_gmt":"2026-04-02T06:19:55","slug":"dahua-dh-hac-t2a51n-u-camara-analoga-hac-t2a51n-u-28-s2-domo-de-5-mp-106-grados-de-apertura-metalica-lente-de-2-8-mm-ir-de-30-metros-soporta-cvi-ahd-tvi-y-cvbs","status":"publish","type":"product","link":"https:\/\/compuviper.mx\/tienda\/producto\/dahua-dh-hac-t2a51n-u-camara-analoga-hac-t2a51n-u-28-s2-domo-de-5-mp-106-grados-de-apertura-metalica-lente-de-2-8-mm-ir-de-30-metros-soporta-cvi-ahd-tvi-y-cvbs\/","title":{"rendered":"Dahua Dh-hac-t2a51n-u Camara  Analoga  Hac-t2a51n-u-28-s2 Domo De 5 Mp\/106 Grados De Apertura\/ Metalica\/ Lente De 2.8 Mm\/ Ir De 30 Metros\/ Soporta: Cvi, Ahd, Tvi Y Cvbs"},"content":{"rendered":"<table class=\"descripcion\">\n<tr>\n<td>Especificaciones tecnicas<\/td>\n<\/tr>\n<tr>\n<td>\u0095 material: metal<\/td>\n<\/tr>\n<tr>\n<td>\u0095 dimensiones:  and #934;94,0 mm \u00d7 77,9 mm<\/td>\n<\/tr>\n<tr>\n<td>\u0095 peso: 0.30 kg<\/td>\n<\/tr>\n<tr>\n<td>\u0095 temperatura de trabajo: -40\u00b0c a 60\u00b0c<\/td>\n<\/tr>\n<tr>\n<td>\u0095 alimentacion: 12 vcc<\/td>\n<\/tr>\n<tr>\n<td>\u0095 consumo de energia: max. 3.7 w (12 v cc,ir encendido)<\/td>\n<\/tr>\n<tr>\n<td>\u0095 menu osd: varios idiomas *no puede bajar la resolucion a 720p<\/td>\n<\/tr>\n<\/table>\n","protected":false},"excerpt":{"rendered":"<p>Caracteristicas principales. \u0095 resolucion: 25 fps a 5mp, salida de video en 16:9. \u0095 iluminacion ir inteligente: visibilidad clara en condiciones de poca luz, con un alcance de hasta 30 metros. \u0095 lentes: lente fija de 2.8 mm, con opciones de 3.6 mm y 6 mm disponibles. \u0095 compatibilidad: cvi, cvbs, ahd y tvi conmutable. \u0095 resistencia: clasificacion ip67, resistente al polvo y al agua, ideal para exteriores.<\/p>\n","protected":false},"featured_media":0,"comment_status":"open","ping_status":"open","template":"","meta":[],"product_cat":[1608,1681],"product_tag":[1555],"acf":[],"yoast_head":"<!-- This site is optimized with the Yoast SEO plugin v21.7 - https:\/\/yoast.com\/wordpress\/plugins\/seo\/ -->\n<title>[ Dahua ] &#129351; Dh-hac-t2a51n-u Camara Analoga Hac-t2a51n-u-28-s2 Domo De 5 Mp\/106 Grados De Apertura\/ Metalica\/ Lente De 2.8 Mm\/ Ir De 30 Metros\/ Soporta: Cvi, Ahd, Tvi Y Cvbs<\/title>\n<meta name=\"description\" content=\"Compra Dh-hac-t2a51n-u Camara Analoga Hac-t2a51n-u-28-s2 Domo De 5 Mp\/106 Grados De Apertura\/ Metalica\/ Lente De 2.8 Mm\/ Ir De 30 Metros\/ Soporta: Cvi, Ahd, Tvi Y Cvbs + Env\u00edo a domicilio + Pago seguro + Garant\u00eda\" \/>\n<meta name=\"robots\" content=\"index, follow, max-snippet:-1, max-image-preview:large, max-video-preview:-1\" \/>\n<link rel=\"canonical\" href=\"https:\/\/compuviper.mx\/tienda\/producto\/dahua-dh-hac-t2a51n-u-camara-analoga-hac-t2a51n-u-28-s2-domo-de-5-mp-106-grados-de-apertura-metalica-lente-de-2-8-mm-ir-de-30-metros-soporta-cvi-ahd-tvi-y-cvbs\/\" \/>\n<meta property=\"og:locale\" content=\"es_MX\" \/>\n<meta property=\"og:type\" content=\"article\" \/>\n<meta property=\"og:title\" content=\"[ Dahua ] &#129351; Dh-hac-t2a51n-u Camara Analoga Hac-t2a51n-u-28-s2 Domo De 5 Mp\/106 Grados De Apertura\/ Metalica\/ Lente De 2.8 Mm\/ Ir De 30 Metros\/ Soporta: Cvi, Ahd, Tvi Y Cvbs\" \/>\n<meta property=\"og:description\" content=\"Compra Dh-hac-t2a51n-u Camara Analoga Hac-t2a51n-u-28-s2 Domo De 5 Mp\/106 Grados De Apertura\/ Metalica\/ Lente De 2.8 Mm\/ Ir De 30 Metros\/ Soporta: Cvi, Ahd, Tvi Y Cvbs + Env\u00edo a domicilio + Pago seguro + Garant\u00eda\" \/>\n<meta property=\"og:url\" content=\"https:\/\/compuviper.mx\/tienda\/producto\/dahua-dh-hac-t2a51n-u-camara-analoga-hac-t2a51n-u-28-s2-domo-de-5-mp-106-grados-de-apertura-metalica-lente-de-2-8-mm-ir-de-30-metros-soporta-cvi-ahd-tvi-y-cvbs\/\" \/>\n<meta property=\"og:site_name\" content=\"Compuviper\" \/>\n<meta property=\"article:publisher\" content=\"https:\/\/www.facebook.com\/compuviper\" \/>\n<meta property=\"article:modified_time\" content=\"2026-04-02T06:19:55+00:00\" \/>\n<meta name=\"twitter:card\" content=\"summary_large_image\" \/>\n<meta name=\"twitter:label1\" content=\"Precio\" \/>\n\t<meta name=\"twitter:data1\" content=\"&#36;501 con IVA\" \/>\n\t<meta name=\"twitter:label2\" content=\"Availability\" \/>\n\t<meta name=\"twitter:data2\" content=\"Out of stock\" \/>\n<script type=\"application\/ld+json\" class=\"yoast-schema-graph\">{\"@context\":\"https:\/\/schema.org\",\"@graph\":[{\"@type\":\"WebPage\",\"@id\":\"https:\/\/compuviper.mx\/tienda\/producto\/dahua-dh-hac-t2a51n-u-camara-analoga-hac-t2a51n-u-28-s2-domo-de-5-mp-106-grados-de-apertura-metalica-lente-de-2-8-mm-ir-de-30-metros-soporta-cvi-ahd-tvi-y-cvbs\/\",\"url\":\"https:\/\/compuviper.mx\/tienda\/producto\/dahua-dh-hac-t2a51n-u-camara-analoga-hac-t2a51n-u-28-s2-domo-de-5-mp-106-grados-de-apertura-metalica-lente-de-2-8-mm-ir-de-30-metros-soporta-cvi-ahd-tvi-y-cvbs\/\",\"name\":\"[ Dahua ] &#129351; Dh-hac-t2a51n-u Camara Analoga Hac-t2a51n-u-28-s2 Domo De 5 Mp\/106 Grados De Apertura\/ Metalica\/ Lente De 2.8 Mm\/ Ir De 30 Metros\/ Soporta: Cvi, Ahd, Tvi Y Cvbs\",\"isPartOf\":{\"@id\":\"https:\/\/compuviper.mx\/tienda\/#website\"},\"datePublished\":\"2026-04-02T06:19:54+00:00\",\"dateModified\":\"2026-04-02T06:19:55+00:00\",\"description\":\"Compra Dh-hac-t2a51n-u Camara Analoga Hac-t2a51n-u-28-s2 Domo De 5 Mp\/106 Grados De Apertura\/ Metalica\/ Lente De 2.8 Mm\/ Ir De 30 Metros\/ Soporta: Cvi, Ahd, Tvi Y Cvbs + Env\u00edo a domicilio + Pago seguro + Garant\u00eda\",\"breadcrumb\":{\"@id\":\"https:\/\/compuviper.mx\/tienda\/producto\/dahua-dh-hac-t2a51n-u-camara-analoga-hac-t2a51n-u-28-s2-domo-de-5-mp-106-grados-de-apertura-metalica-lente-de-2-8-mm-ir-de-30-metros-soporta-cvi-ahd-tvi-y-cvbs\/#breadcrumb\"},\"inLanguage\":\"es-MX\",\"potentialAction\":[{\"@type\":\"ReadAction\",\"target\":[\"https:\/\/compuviper.mx\/tienda\/producto\/dahua-dh-hac-t2a51n-u-camara-analoga-hac-t2a51n-u-28-s2-domo-de-5-mp-106-grados-de-apertura-metalica-lente-de-2-8-mm-ir-de-30-metros-soporta-cvi-ahd-tvi-y-cvbs\/\"]}]},{\"@type\":\"BreadcrumbList\",\"@id\":\"https:\/\/compuviper.mx\/tienda\/producto\/dahua-dh-hac-t2a51n-u-camara-analoga-hac-t2a51n-u-28-s2-domo-de-5-mp-106-grados-de-apertura-metalica-lente-de-2-8-mm-ir-de-30-metros-soporta-cvi-ahd-tvi-y-cvbs\/#breadcrumb\",\"itemListElement\":[{\"@type\":\"ListItem\",\"position\":1,\"name\":\"Inicio\",\"item\":\"https:\/\/compuviper.mx\/tienda\/\"},{\"@type\":\"ListItem\",\"position\":2,\"name\":\"Productos\",\"item\":\"https:\/\/compuviper.mx\/tienda\/productos\/\"},{\"@type\":\"ListItem\",\"position\":3,\"name\":\"Camaras\",\"item\":\"https:\/\/compuviper.mx\/tienda\/categoria-producto\/camaras-2\/\"},{\"@type\":\"ListItem\",\"position\":4,\"name\":\"Camara De Videovigilancia\",\"item\":\"https:\/\/compuviper.mx\/tienda\/categoria-producto\/camaras-2\/camara-de-videovigilancia\/\"},{\"@type\":\"ListItem\",\"position\":5,\"name\":\"Dahua Dh-hac-t2a51n-u Camara Analoga Hac-t2a51n-u-28-s2 Domo De 5 Mp\/106 Grados De Apertura\/ Metalica\/ Lente De 2.8 Mm\/ Ir De 30 Metros\/ Soporta: Cvi, Ahd, Tvi Y Cvbs\"}]},{\"@type\":\"WebSite\",\"@id\":\"https:\/\/compuviper.mx\/tienda\/#website\",\"url\":\"https:\/\/compuviper.mx\/tienda\/\",\"name\":\"Compuviper\",\"description\":\"Proveedor de Computadoras, Laptops, Servidores, Monitores, Puntos de Venta, Teclados,   Impresoras, T\u00f3ner, C\u00e1maras de Seguridad y m\u00e1s en tu tienda en l\u00ednea\",\"publisher\":{\"@id\":\"https:\/\/compuviper.mx\/tienda\/#organization\"},\"potentialAction\":[{\"@type\":\"SearchAction\",\"target\":{\"@type\":\"EntryPoint\",\"urlTemplate\":\"https:\/\/compuviper.mx\/tienda\/?s={search_term_string}\"},\"query-input\":\"required name=search_term_string\"}],\"inLanguage\":\"es-MX\"},{\"@type\":\"Organization\",\"@id\":\"https:\/\/compuviper.mx\/tienda\/#organization\",\"name\":\"Compuviper\",\"url\":\"https:\/\/compuviper.mx\/tienda\/\",\"logo\":{\"@type\":\"ImageObject\",\"inLanguage\":\"es-MX\",\"@id\":\"https:\/\/compuviper.mx\/tienda\/#\/schema\/logo\/image\/\",\"url\":\"https:\/\/compuviper.mx\/tienda\/wp-content\/uploads\/2021\/08\/Logo-Compuviper-10.png\",\"contentUrl\":\"https:\/\/compuviper.mx\/tienda\/wp-content\/uploads\/2021\/08\/Logo-Compuviper-10.png\",\"width\":1000,\"height\":500,\"caption\":\"Compuviper\"},\"image\":{\"@id\":\"https:\/\/compuviper.mx\/tienda\/#\/schema\/logo\/image\/\"},\"sameAs\":[\"https:\/\/www.facebook.com\/compuviper\",\"https:\/\/www.youtube.com\/channel\/UCf73dERp9Y3cfOq7q8BhLjA?view_as=subscriber\"]}]}<\/script>\n<meta property=\"product:brand\" content=\"DAHUA\" \/>\n<meta property=\"product:price:amount\" content=\"501\" \/>\n<meta property=\"product:price:currency\" content=\"MXN\" \/>\n<meta property=\"og:availability\" content=\"out of stock\" \/>\n<meta property=\"product:availability\" content=\"out of stock\" \/>\n<meta property=\"product:retailer_item_id\" content=\"DH-HAC-T2A51N-U\" \/>\n<meta property=\"product:condition\" content=\"new\" \/>\n<!-- \/ Yoast SEO plugin. -->","yoast_head_json":{"title":"[ Dahua ] &#129351; Dh-hac-t2a51n-u Camara Analoga Hac-t2a51n-u-28-s2 Domo De 5 Mp\/106 Grados De Apertura\/ Metalica\/ Lente De 2.8 Mm\/ Ir De 30 Metros\/ Soporta: Cvi, Ahd, Tvi Y Cvbs","description":"Compra Dh-hac-t2a51n-u Camara Analoga Hac-t2a51n-u-28-s2 Domo De 5 Mp\/106 Grados De Apertura\/ Metalica\/ Lente De 2.8 Mm\/ Ir De 30 Metros\/ Soporta: Cvi, Ahd, Tvi Y Cvbs + Env\u00edo a domicilio + Pago seguro + Garant\u00eda","robots":{"index":"index","follow":"follow","max-snippet":"max-snippet:-1","max-image-preview":"max-image-preview:large","max-video-preview":"max-video-preview:-1"},"canonical":"https:\/\/compuviper.mx\/tienda\/producto\/dahua-dh-hac-t2a51n-u-camara-analoga-hac-t2a51n-u-28-s2-domo-de-5-mp-106-grados-de-apertura-metalica-lente-de-2-8-mm-ir-de-30-metros-soporta-cvi-ahd-tvi-y-cvbs\/","og_locale":"es_MX","og_type":"article","og_title":"[ Dahua ] &#129351; Dh-hac-t2a51n-u Camara Analoga Hac-t2a51n-u-28-s2 Domo De 5 Mp\/106 Grados De Apertura\/ Metalica\/ Lente De 2.8 Mm\/ Ir De 30 Metros\/ Soporta: Cvi, Ahd, Tvi Y Cvbs","og_description":"Compra Dh-hac-t2a51n-u Camara Analoga Hac-t2a51n-u-28-s2 Domo De 5 Mp\/106 Grados De Apertura\/ Metalica\/ Lente De 2.8 Mm\/ Ir De 30 Metros\/ Soporta: Cvi, Ahd, Tvi Y Cvbs + Env\u00edo a domicilio + Pago seguro + Garant\u00eda","og_url":"https:\/\/compuviper.mx\/tienda\/producto\/dahua-dh-hac-t2a51n-u-camara-analoga-hac-t2a51n-u-28-s2-domo-de-5-mp-106-grados-de-apertura-metalica-lente-de-2-8-mm-ir-de-30-metros-soporta-cvi-ahd-tvi-y-cvbs\/","og_site_name":"Compuviper","article_publisher":"https:\/\/www.facebook.com\/compuviper","article_modified_time":"2026-04-02T06:19:55+00:00","twitter_card":"summary_large_image","twitter_misc":{"Precio":"&#36;501 con IVA","Availability":"Out of stock"},"schema":{"@context":"https:\/\/schema.org","@graph":[{"@type":"WebPage","@id":"https:\/\/compuviper.mx\/tienda\/producto\/dahua-dh-hac-t2a51n-u-camara-analoga-hac-t2a51n-u-28-s2-domo-de-5-mp-106-grados-de-apertura-metalica-lente-de-2-8-mm-ir-de-30-metros-soporta-cvi-ahd-tvi-y-cvbs\/","url":"https:\/\/compuviper.mx\/tienda\/producto\/dahua-dh-hac-t2a51n-u-camara-analoga-hac-t2a51n-u-28-s2-domo-de-5-mp-106-grados-de-apertura-metalica-lente-de-2-8-mm-ir-de-30-metros-soporta-cvi-ahd-tvi-y-cvbs\/","name":"[ Dahua ] &#129351; Dh-hac-t2a51n-u Camara Analoga Hac-t2a51n-u-28-s2 Domo De 5 Mp\/106 Grados De Apertura\/ Metalica\/ Lente De 2.8 Mm\/ Ir De 30 Metros\/ Soporta: Cvi, Ahd, Tvi Y Cvbs","isPartOf":{"@id":"https:\/\/compuviper.mx\/tienda\/#website"},"datePublished":"2026-04-02T06:19:54+00:00","dateModified":"2026-04-02T06:19:55+00:00","description":"Compra Dh-hac-t2a51n-u Camara Analoga Hac-t2a51n-u-28-s2 Domo De 5 Mp\/106 Grados De Apertura\/ Metalica\/ Lente De 2.8 Mm\/ Ir De 30 Metros\/ Soporta: Cvi, Ahd, Tvi Y Cvbs + Env\u00edo a domicilio + Pago seguro + Garant\u00eda","breadcrumb":{"@id":"https:\/\/compuviper.mx\/tienda\/producto\/dahua-dh-hac-t2a51n-u-camara-analoga-hac-t2a51n-u-28-s2-domo-de-5-mp-106-grados-de-apertura-metalica-lente-de-2-8-mm-ir-de-30-metros-soporta-cvi-ahd-tvi-y-cvbs\/#breadcrumb"},"inLanguage":"es-MX","potentialAction":[{"@type":"ReadAction","target":["https:\/\/compuviper.mx\/tienda\/producto\/dahua-dh-hac-t2a51n-u-camara-analoga-hac-t2a51n-u-28-s2-domo-de-5-mp-106-grados-de-apertura-metalica-lente-de-2-8-mm-ir-de-30-metros-soporta-cvi-ahd-tvi-y-cvbs\/"]}]},{"@type":"BreadcrumbList","@id":"https:\/\/compuviper.mx\/tienda\/producto\/dahua-dh-hac-t2a51n-u-camara-analoga-hac-t2a51n-u-28-s2-domo-de-5-mp-106-grados-de-apertura-metalica-lente-de-2-8-mm-ir-de-30-metros-soporta-cvi-ahd-tvi-y-cvbs\/#breadcrumb","itemListElement":[{"@type":"ListItem","position":1,"name":"Inicio","item":"https:\/\/compuviper.mx\/tienda\/"},{"@type":"ListItem","position":2,"name":"Productos","item":"https:\/\/compuviper.mx\/tienda\/productos\/"},{"@type":"ListItem","position":3,"name":"Camaras","item":"https:\/\/compuviper.mx\/tienda\/categoria-producto\/camaras-2\/"},{"@type":"ListItem","position":4,"name":"Camara De Videovigilancia","item":"https:\/\/compuviper.mx\/tienda\/categoria-producto\/camaras-2\/camara-de-videovigilancia\/"},{"@type":"ListItem","position":5,"name":"Dahua Dh-hac-t2a51n-u Camara Analoga Hac-t2a51n-u-28-s2 Domo De 5 Mp\/106 Grados De Apertura\/ Metalica\/ Lente De 2.8 Mm\/ Ir De 30 Metros\/ Soporta: Cvi, Ahd, Tvi Y Cvbs"}]},{"@type":"WebSite","@id":"https:\/\/compuviper.mx\/tienda\/#website","url":"https:\/\/compuviper.mx\/tienda\/","name":"Compuviper","description":"Proveedor de Computadoras, Laptops, Servidores, Monitores, Puntos de Venta, Teclados,   Impresoras, T\u00f3ner, C\u00e1maras de Seguridad y m\u00e1s en tu tienda en l\u00ednea","publisher":{"@id":"https:\/\/compuviper.mx\/tienda\/#organization"},"potentialAction":[{"@type":"SearchAction","target":{"@type":"EntryPoint","urlTemplate":"https:\/\/compuviper.mx\/tienda\/?s={search_term_string}"},"query-input":"required name=search_term_string"}],"inLanguage":"es-MX"},{"@type":"Organization","@id":"https:\/\/compuviper.mx\/tienda\/#organization","name":"Compuviper","url":"https:\/\/compuviper.mx\/tienda\/","logo":{"@type":"ImageObject","inLanguage":"es-MX","@id":"https:\/\/compuviper.mx\/tienda\/#\/schema\/logo\/image\/","url":"https:\/\/compuviper.mx\/tienda\/wp-content\/uploads\/2021\/08\/Logo-Compuviper-10.png","contentUrl":"https:\/\/compuviper.mx\/tienda\/wp-content\/uploads\/2021\/08\/Logo-Compuviper-10.png","width":1000,"height":500,"caption":"Compuviper"},"image":{"@id":"https:\/\/compuviper.mx\/tienda\/#\/schema\/logo\/image\/"},"sameAs":["https:\/\/www.facebook.com\/compuviper","https:\/\/www.youtube.com\/channel\/UCf73dERp9Y3cfOq7q8BhLjA?view_as=subscriber"]}]},"product_brand":"DAHUA","product_price_amount":"501","product_price_currency":"MXN","og_availability":"out of stock","product_availability":"out of stock","product_retailer_item_id":"DH-HAC-T2A51N-U","product_condition":"new"},"_links":{"self":[{"href":"https:\/\/compuviper.mx\/tienda\/wp-json\/wp\/v2\/product\/267917"}],"collection":[{"href":"https:\/\/compuviper.mx\/tienda\/wp-json\/wp\/v2\/product"}],"about":[{"href":"https:\/\/compuviper.mx\/tienda\/wp-json\/wp\/v2\/types\/product"}],"replies":[{"embeddable":true,"href":"https:\/\/compuviper.mx\/tienda\/wp-json\/wp\/v2\/comments?post=267917"}],"wp:attachment":[{"href":"https:\/\/compuviper.mx\/tienda\/wp-json\/wp\/v2\/media?parent=267917"}],"wp:term":[{"taxonomy":"product_cat","embeddable":true,"href":"https:\/\/compuviper.mx\/tienda\/wp-json\/wp\/v2\/product_cat?post=267917"},{"taxonomy":"product_tag","embeddable":true,"href":"https:\/\/compuviper.mx\/tienda\/wp-json\/wp\/v2\/product_tag?post=267917"}],"curies":[{"name":"wp","href":"https:\/\/api.w.org\/{rel}","templated":true}]}}