{"id":267913,"date":"2026-04-02T00:19:48","date_gmt":"2026-04-02T06:19:48","guid":{"rendered":"https:\/\/compuviper.mx\/tienda\/producto\/dahua-dh-hac-hdw1500tqn-il-t-camara-hdcvi-x-plus-domo-5mp-mic-integrado-y-audio-bidirec-iluminacion-dual-mediante-ir-y-luz-calida-hasta-40-mts-de-iluminacion-lente-de-2-8mm-apertura-hasta-111\/"},"modified":"2026-04-02T00:19:48","modified_gmt":"2026-04-02T06:19:48","slug":"dahua-dh-hac-hdw1500tqn-il-t-camara-hdcvi-x-plus-domo-5mp-mic-integrado-y-audio-bidirec-iluminacion-dual-mediante-ir-y-luz-calida-hasta-40-mts-de-iluminacion-lente-de-2-8mm-apertura-hasta-111","status":"publish","type":"product","link":"https:\/\/compuviper.mx\/tienda\/producto\/dahua-dh-hac-hdw1500tqn-il-t-camara-hdcvi-x-plus-domo-5mp-mic-integrado-y-audio-bidirec-iluminacion-dual-mediante-ir-y-luz-calida-hasta-40-mts-de-iluminacion-lente-de-2-8mm-apertura-hasta-111\/","title":{"rendered":"Dahua Dh-hac-hdw1500tqn-il-t Camara Hdcvi X Plus\/ \/ \/ Domo 5mp\/ Mic Integrado Y Audio Bidirec\/ Iluminacion Dual Mediante Ir Y Luz Calida\/ Hasta 40 Mts De Iluminacion\/ Lente De 2.8mm Apertura Hasta 111?"},"content":{"rendered":"<table class=\"descripcion\">\n<tr>\n<td>Especificaciones tecnicas<\/td>\n<\/tr>\n<tr>\n<td>\u0095 sensor de imagen: cmos de 5 megapixeles.<\/td>\n<\/tr>\n<tr>\n<td>\u0095 resolucion maxima: 2880 \u00d7 1620 pixeles.<\/td>\n<\/tr>\n<tr>\n<td>\u0095 iluminacion minima: 0.01 lux en color y 0.001 lux en b\/n, 0 lux con iluminador encendido.<\/td>\n<\/tr>\n<tr>\n<td>\u0095 distancia de iluminacion: luz infrarroja y calida de hasta 40 metros.<\/td>\n<\/tr>\n<tr>\n<td>\u0095 lente: fijo de 2.8 mm o 3.6 mm con apertura f1.6.<\/td>\n<\/tr>\n<tr>\n<td>\u0095 angulo de vision: hasta 134.3\u00b0 diagonal (con lente de 2.8 mm).<\/td>\n<\/tr>\n<tr>\n<td>\u0095 audio: microfono y altavoz integrados con comunicacion bidireccional (cvi\/tvi).<\/td>\n<\/tr>\n<tr>\n<td>\u0095 reduccion de ruido: 3d nr con balance de blancos automatico y control de ganancia manual o automatico.<\/td>\n<\/tr>\n<tr>\n<td>\u0095 funciones de imagen: blc, hlc, dwdr, espejo y enmascaramiento de privacidad.<\/td>\n<\/tr>\n<tr>\n<td>\u0095 salida de video: cvi\/tvi\/ahd\/cvbs seleccionable mediante dip switch.<\/td>\n<\/tr>\n<tr>\n<td>\u0095 proteccion: ip67 con diseno metalico y plastico resistente, nivel basico anticorrosivo.<\/td>\n<\/tr>\n<tr>\n<td>\u0095 alimentacion: 12 vdc \u00b130%, consumo maximo 9.5 w.<\/td>\n<\/tr>\n<tr>\n<td>Incluye<\/td>\n<\/tr>\n<tr>\n<td>\u0095 1x camara domo dahua dh-hac-hdw1500tq-il-t<\/td>\n<\/tr>\n<tr>\n<td>\u0095 1x manual de usuario<\/td>\n<\/tr>\n<tr>\n<td>\u0095 1x poliza de garantia<\/td>\n<\/tr>\n<\/table>\n","protected":false},"excerpt":{"rendered":"<p>Camara hdcvi x plus. Dahua\/ dh-hac-hdw1500tqn-il-t domo 5mp mic integrado y audio bidirec iluminacion dual mediante ir y luz calida\/ hasta 40 mts de iluminacion\/ lente de 2.8mm apertura hasta 111\u00b0\/ 3dnr para red de ruido\/ ip67\/ policarbonato + metal. Caracteristicas principales. \u0095 imagenes a color 24 h con sistema full color + iluminacion dual. \u0095 lente con angulo amplio de cerca de 88?. \u0095 microfono integrado y capacidad de audio bidireccional. \u0095 construccion metalica y grado ip67 para uso al aire libre<\/p>\n","protected":false},"featured_media":0,"comment_status":"open","ping_status":"open","template":"","meta":[],"product_cat":[1608,1681],"product_tag":[1555],"acf":[],"yoast_head":"<!-- This site is optimized with the Yoast SEO plugin v21.7 - https:\/\/yoast.com\/wordpress\/plugins\/seo\/ -->\n<title>[ Dahua ] &#129351; Dh-hac-hdw1500tqn-il-t Camara Hdcvi X Plus\/ \/ \/ Domo 5mp\/ Mic Integrado Y Audio Bidirec\/ Iluminacion Dual Mediante Ir Y Luz Calida\/ Hasta 40 Mts De Iluminacion\/ Lente De 2.8mm Apertura Hasta 111\u00b0<\/title>\n<meta name=\"description\" content=\"Compra Dh-hac-hdw1500tqn-il-t Camara Hdcvi X Plus\/ \/ \/ Domo 5mp\/ Mic Integrado Y Audio Bidirec\/ Iluminacion Dual Mediante Ir Y Luz Calida\/ Hasta 40 Mts De Iluminacion\/ Lente De 2.8mm Apertura Hasta 111\u00b0 + Env\u00edo a domicilio + Pago seguro + Garant\u00eda\" \/>\n<meta name=\"robots\" content=\"index, follow, max-snippet:-1, max-image-preview:large, max-video-preview:-1\" \/>\n<link rel=\"canonical\" href=\"https:\/\/compuviper.mx\/tienda\/producto\/dahua-dh-hac-hdw1500tqn-il-t-camara-hdcvi-x-plus-domo-5mp-mic-integrado-y-audio-bidirec-iluminacion-dual-mediante-ir-y-luz-calida-hasta-40-mts-de-iluminacion-lente-de-2-8mm-apertura-hasta-111\/\" \/>\n<meta property=\"og:locale\" content=\"es_MX\" \/>\n<meta property=\"og:type\" content=\"article\" \/>\n<meta property=\"og:title\" content=\"[ Dahua ] &#129351; Dh-hac-hdw1500tqn-il-t Camara Hdcvi X Plus\/ \/ \/ Domo 5mp\/ Mic Integrado Y Audio Bidirec\/ Iluminacion Dual Mediante Ir Y Luz Calida\/ Hasta 40 Mts De Iluminacion\/ Lente De 2.8mm Apertura Hasta 111\u00b0\" \/>\n<meta property=\"og:description\" content=\"Compra Dh-hac-hdw1500tqn-il-t Camara Hdcvi X Plus\/ \/ \/ Domo 5mp\/ Mic Integrado Y Audio Bidirec\/ Iluminacion Dual Mediante Ir Y Luz Calida\/ Hasta 40 Mts De Iluminacion\/ Lente De 2.8mm Apertura Hasta 111\u00b0 + Env\u00edo a domicilio + Pago seguro + Garant\u00eda\" \/>\n<meta property=\"og:url\" content=\"https:\/\/compuviper.mx\/tienda\/producto\/dahua-dh-hac-hdw1500tqn-il-t-camara-hdcvi-x-plus-domo-5mp-mic-integrado-y-audio-bidirec-iluminacion-dual-mediante-ir-y-luz-calida-hasta-40-mts-de-iluminacion-lente-de-2-8mm-apertura-hasta-111\/\" \/>\n<meta property=\"og:site_name\" content=\"Compuviper\" \/>\n<meta property=\"article:publisher\" content=\"https:\/\/www.facebook.com\/compuviper\" \/>\n<meta name=\"twitter:card\" content=\"summary_large_image\" \/>\n<meta name=\"twitter:label1\" content=\"Precio\" \/>\n\t<meta name=\"twitter:data1\" content=\"&#36;754 con IVA\" \/>\n\t<meta name=\"twitter:label2\" content=\"Availability\" \/>\n\t<meta name=\"twitter:data2\" content=\"Out of stock\" \/>\n<script type=\"application\/ld+json\" class=\"yoast-schema-graph\">{\"@context\":\"https:\/\/schema.org\",\"@graph\":[{\"@type\":\"WebPage\",\"@id\":\"https:\/\/compuviper.mx\/tienda\/producto\/dahua-dh-hac-hdw1500tqn-il-t-camara-hdcvi-x-plus-domo-5mp-mic-integrado-y-audio-bidirec-iluminacion-dual-mediante-ir-y-luz-calida-hasta-40-mts-de-iluminacion-lente-de-2-8mm-apertura-hasta-111\/\",\"url\":\"https:\/\/compuviper.mx\/tienda\/producto\/dahua-dh-hac-hdw1500tqn-il-t-camara-hdcvi-x-plus-domo-5mp-mic-integrado-y-audio-bidirec-iluminacion-dual-mediante-ir-y-luz-calida-hasta-40-mts-de-iluminacion-lente-de-2-8mm-apertura-hasta-111\/\",\"name\":\"[ Dahua ] &#129351; Dh-hac-hdw1500tqn-il-t Camara Hdcvi X Plus\/ \/ \/ Domo 5mp\/ Mic Integrado Y Audio Bidirec\/ Iluminacion Dual Mediante Ir Y Luz Calida\/ Hasta 40 Mts De Iluminacion\/ Lente De 2.8mm Apertura Hasta 111\u00b0\",\"isPartOf\":{\"@id\":\"https:\/\/compuviper.mx\/tienda\/#website\"},\"datePublished\":\"2026-04-02T06:19:48+00:00\",\"dateModified\":\"2026-04-02T06:19:48+00:00\",\"description\":\"Compra Dh-hac-hdw1500tqn-il-t Camara Hdcvi X Plus\/ \/ \/ Domo 5mp\/ Mic Integrado Y Audio Bidirec\/ Iluminacion Dual Mediante Ir Y Luz Calida\/ Hasta 40 Mts De Iluminacion\/ Lente De 2.8mm Apertura Hasta 111\u00b0 + Env\u00edo a domicilio + Pago seguro + Garant\u00eda\",\"breadcrumb\":{\"@id\":\"https:\/\/compuviper.mx\/tienda\/producto\/dahua-dh-hac-hdw1500tqn-il-t-camara-hdcvi-x-plus-domo-5mp-mic-integrado-y-audio-bidirec-iluminacion-dual-mediante-ir-y-luz-calida-hasta-40-mts-de-iluminacion-lente-de-2-8mm-apertura-hasta-111\/#breadcrumb\"},\"inLanguage\":\"es-MX\",\"potentialAction\":[{\"@type\":\"ReadAction\",\"target\":[\"https:\/\/compuviper.mx\/tienda\/producto\/dahua-dh-hac-hdw1500tqn-il-t-camara-hdcvi-x-plus-domo-5mp-mic-integrado-y-audio-bidirec-iluminacion-dual-mediante-ir-y-luz-calida-hasta-40-mts-de-iluminacion-lente-de-2-8mm-apertura-hasta-111\/\"]}]},{\"@type\":\"BreadcrumbList\",\"@id\":\"https:\/\/compuviper.mx\/tienda\/producto\/dahua-dh-hac-hdw1500tqn-il-t-camara-hdcvi-x-plus-domo-5mp-mic-integrado-y-audio-bidirec-iluminacion-dual-mediante-ir-y-luz-calida-hasta-40-mts-de-iluminacion-lente-de-2-8mm-apertura-hasta-111\/#breadcrumb\",\"itemListElement\":[{\"@type\":\"ListItem\",\"position\":1,\"name\":\"Inicio\",\"item\":\"https:\/\/compuviper.mx\/tienda\/\"},{\"@type\":\"ListItem\",\"position\":2,\"name\":\"Productos\",\"item\":\"https:\/\/compuviper.mx\/tienda\/productos\/\"},{\"@type\":\"ListItem\",\"position\":3,\"name\":\"Camaras\",\"item\":\"https:\/\/compuviper.mx\/tienda\/categoria-producto\/camaras-2\/\"},{\"@type\":\"ListItem\",\"position\":4,\"name\":\"Camara De Videovigilancia\",\"item\":\"https:\/\/compuviper.mx\/tienda\/categoria-producto\/camaras-2\/camara-de-videovigilancia\/\"},{\"@type\":\"ListItem\",\"position\":5,\"name\":\"Dahua Dh-hac-hdw1500tqn-il-t Camara Hdcvi X Plus\/ \/ \/ Domo 5mp\/ Mic Integrado Y Audio Bidirec\/ Iluminacion Dual Mediante Ir Y Luz Calida\/ Hasta 40 Mts De Iluminacion\/ Lente De 2.8mm Apertura Hasta 111?\"}]},{\"@type\":\"WebSite\",\"@id\":\"https:\/\/compuviper.mx\/tienda\/#website\",\"url\":\"https:\/\/compuviper.mx\/tienda\/\",\"name\":\"Compuviper\",\"description\":\"Proveedor de Computadoras, Laptops, Servidores, Monitores, Puntos de Venta, Teclados,   Impresoras, T\u00f3ner, C\u00e1maras de Seguridad y m\u00e1s en tu tienda en l\u00ednea\",\"publisher\":{\"@id\":\"https:\/\/compuviper.mx\/tienda\/#organization\"},\"potentialAction\":[{\"@type\":\"SearchAction\",\"target\":{\"@type\":\"EntryPoint\",\"urlTemplate\":\"https:\/\/compuviper.mx\/tienda\/?s={search_term_string}\"},\"query-input\":\"required name=search_term_string\"}],\"inLanguage\":\"es-MX\"},{\"@type\":\"Organization\",\"@id\":\"https:\/\/compuviper.mx\/tienda\/#organization\",\"name\":\"Compuviper\",\"url\":\"https:\/\/compuviper.mx\/tienda\/\",\"logo\":{\"@type\":\"ImageObject\",\"inLanguage\":\"es-MX\",\"@id\":\"https:\/\/compuviper.mx\/tienda\/#\/schema\/logo\/image\/\",\"url\":\"https:\/\/compuviper.mx\/tienda\/wp-content\/uploads\/2021\/08\/Logo-Compuviper-10.png\",\"contentUrl\":\"https:\/\/compuviper.mx\/tienda\/wp-content\/uploads\/2021\/08\/Logo-Compuviper-10.png\",\"width\":1000,\"height\":500,\"caption\":\"Compuviper\"},\"image\":{\"@id\":\"https:\/\/compuviper.mx\/tienda\/#\/schema\/logo\/image\/\"},\"sameAs\":[\"https:\/\/www.facebook.com\/compuviper\",\"https:\/\/www.youtube.com\/channel\/UCf73dERp9Y3cfOq7q8BhLjA?view_as=subscriber\"]}]}<\/script>\n<meta property=\"product:brand\" content=\"DAHUA\" \/>\n<meta property=\"product:price:amount\" content=\"754\" \/>\n<meta property=\"product:price:currency\" content=\"MXN\" \/>\n<meta property=\"og:availability\" content=\"out of stock\" \/>\n<meta property=\"product:availability\" content=\"out of stock\" \/>\n<meta property=\"product:retailer_item_id\" content=\"DH-HAC-HDW1500TQN-IL-T\" \/>\n<meta property=\"product:condition\" content=\"new\" \/>\n<!-- \/ Yoast SEO plugin. -->","yoast_head_json":{"title":"[ Dahua ] &#129351; Dh-hac-hdw1500tqn-il-t Camara Hdcvi X Plus\/ \/ \/ Domo 5mp\/ Mic Integrado Y Audio Bidirec\/ Iluminacion Dual Mediante Ir Y Luz Calida\/ Hasta 40 Mts De Iluminacion\/ Lente De 2.8mm Apertura Hasta 111\u00b0","description":"Compra Dh-hac-hdw1500tqn-il-t Camara Hdcvi X Plus\/ \/ \/ Domo 5mp\/ Mic Integrado Y Audio Bidirec\/ Iluminacion Dual Mediante Ir Y Luz Calida\/ Hasta 40 Mts De Iluminacion\/ Lente De 2.8mm Apertura Hasta 111\u00b0 + Env\u00edo a domicilio + Pago seguro + Garant\u00eda","robots":{"index":"index","follow":"follow","max-snippet":"max-snippet:-1","max-image-preview":"max-image-preview:large","max-video-preview":"max-video-preview:-1"},"canonical":"https:\/\/compuviper.mx\/tienda\/producto\/dahua-dh-hac-hdw1500tqn-il-t-camara-hdcvi-x-plus-domo-5mp-mic-integrado-y-audio-bidirec-iluminacion-dual-mediante-ir-y-luz-calida-hasta-40-mts-de-iluminacion-lente-de-2-8mm-apertura-hasta-111\/","og_locale":"es_MX","og_type":"article","og_title":"[ Dahua ] &#129351; Dh-hac-hdw1500tqn-il-t Camara Hdcvi X Plus\/ \/ \/ Domo 5mp\/ Mic Integrado Y Audio Bidirec\/ Iluminacion Dual Mediante Ir Y Luz Calida\/ Hasta 40 Mts De Iluminacion\/ Lente De 2.8mm Apertura Hasta 111\u00b0","og_description":"Compra Dh-hac-hdw1500tqn-il-t Camara Hdcvi X Plus\/ \/ \/ Domo 5mp\/ Mic Integrado Y Audio Bidirec\/ Iluminacion Dual Mediante Ir Y Luz Calida\/ Hasta 40 Mts De Iluminacion\/ Lente De 2.8mm Apertura Hasta 111\u00b0 + Env\u00edo a domicilio + Pago seguro + Garant\u00eda","og_url":"https:\/\/compuviper.mx\/tienda\/producto\/dahua-dh-hac-hdw1500tqn-il-t-camara-hdcvi-x-plus-domo-5mp-mic-integrado-y-audio-bidirec-iluminacion-dual-mediante-ir-y-luz-calida-hasta-40-mts-de-iluminacion-lente-de-2-8mm-apertura-hasta-111\/","og_site_name":"Compuviper","article_publisher":"https:\/\/www.facebook.com\/compuviper","twitter_card":"summary_large_image","twitter_misc":{"Precio":"&#36;754 con IVA","Availability":"Out of stock"},"schema":{"@context":"https:\/\/schema.org","@graph":[{"@type":"WebPage","@id":"https:\/\/compuviper.mx\/tienda\/producto\/dahua-dh-hac-hdw1500tqn-il-t-camara-hdcvi-x-plus-domo-5mp-mic-integrado-y-audio-bidirec-iluminacion-dual-mediante-ir-y-luz-calida-hasta-40-mts-de-iluminacion-lente-de-2-8mm-apertura-hasta-111\/","url":"https:\/\/compuviper.mx\/tienda\/producto\/dahua-dh-hac-hdw1500tqn-il-t-camara-hdcvi-x-plus-domo-5mp-mic-integrado-y-audio-bidirec-iluminacion-dual-mediante-ir-y-luz-calida-hasta-40-mts-de-iluminacion-lente-de-2-8mm-apertura-hasta-111\/","name":"[ Dahua ] &#129351; Dh-hac-hdw1500tqn-il-t Camara Hdcvi X Plus\/ \/ \/ Domo 5mp\/ Mic Integrado Y Audio Bidirec\/ Iluminacion Dual Mediante Ir Y Luz Calida\/ Hasta 40 Mts De Iluminacion\/ Lente De 2.8mm Apertura Hasta 111\u00b0","isPartOf":{"@id":"https:\/\/compuviper.mx\/tienda\/#website"},"datePublished":"2026-04-02T06:19:48+00:00","dateModified":"2026-04-02T06:19:48+00:00","description":"Compra Dh-hac-hdw1500tqn-il-t Camara Hdcvi X Plus\/ \/ \/ Domo 5mp\/ Mic Integrado Y Audio Bidirec\/ Iluminacion Dual Mediante Ir Y Luz Calida\/ Hasta 40 Mts De Iluminacion\/ Lente De 2.8mm Apertura Hasta 111\u00b0 + Env\u00edo a domicilio + Pago seguro + Garant\u00eda","breadcrumb":{"@id":"https:\/\/compuviper.mx\/tienda\/producto\/dahua-dh-hac-hdw1500tqn-il-t-camara-hdcvi-x-plus-domo-5mp-mic-integrado-y-audio-bidirec-iluminacion-dual-mediante-ir-y-luz-calida-hasta-40-mts-de-iluminacion-lente-de-2-8mm-apertura-hasta-111\/#breadcrumb"},"inLanguage":"es-MX","potentialAction":[{"@type":"ReadAction","target":["https:\/\/compuviper.mx\/tienda\/producto\/dahua-dh-hac-hdw1500tqn-il-t-camara-hdcvi-x-plus-domo-5mp-mic-integrado-y-audio-bidirec-iluminacion-dual-mediante-ir-y-luz-calida-hasta-40-mts-de-iluminacion-lente-de-2-8mm-apertura-hasta-111\/"]}]},{"@type":"BreadcrumbList","@id":"https:\/\/compuviper.mx\/tienda\/producto\/dahua-dh-hac-hdw1500tqn-il-t-camara-hdcvi-x-plus-domo-5mp-mic-integrado-y-audio-bidirec-iluminacion-dual-mediante-ir-y-luz-calida-hasta-40-mts-de-iluminacion-lente-de-2-8mm-apertura-hasta-111\/#breadcrumb","itemListElement":[{"@type":"ListItem","position":1,"name":"Inicio","item":"https:\/\/compuviper.mx\/tienda\/"},{"@type":"ListItem","position":2,"name":"Productos","item":"https:\/\/compuviper.mx\/tienda\/productos\/"},{"@type":"ListItem","position":3,"name":"Camaras","item":"https:\/\/compuviper.mx\/tienda\/categoria-producto\/camaras-2\/"},{"@type":"ListItem","position":4,"name":"Camara De Videovigilancia","item":"https:\/\/compuviper.mx\/tienda\/categoria-producto\/camaras-2\/camara-de-videovigilancia\/"},{"@type":"ListItem","position":5,"name":"Dahua Dh-hac-hdw1500tqn-il-t Camara Hdcvi X Plus\/ \/ \/ Domo 5mp\/ Mic Integrado Y Audio Bidirec\/ Iluminacion Dual Mediante Ir Y Luz Calida\/ Hasta 40 Mts De Iluminacion\/ Lente De 2.8mm Apertura Hasta 111?"}]},{"@type":"WebSite","@id":"https:\/\/compuviper.mx\/tienda\/#website","url":"https:\/\/compuviper.mx\/tienda\/","name":"Compuviper","description":"Proveedor de Computadoras, Laptops, Servidores, Monitores, Puntos de Venta, Teclados,   Impresoras, T\u00f3ner, C\u00e1maras de Seguridad y m\u00e1s en tu tienda en l\u00ednea","publisher":{"@id":"https:\/\/compuviper.mx\/tienda\/#organization"},"potentialAction":[{"@type":"SearchAction","target":{"@type":"EntryPoint","urlTemplate":"https:\/\/compuviper.mx\/tienda\/?s={search_term_string}"},"query-input":"required name=search_term_string"}],"inLanguage":"es-MX"},{"@type":"Organization","@id":"https:\/\/compuviper.mx\/tienda\/#organization","name":"Compuviper","url":"https:\/\/compuviper.mx\/tienda\/","logo":{"@type":"ImageObject","inLanguage":"es-MX","@id":"https:\/\/compuviper.mx\/tienda\/#\/schema\/logo\/image\/","url":"https:\/\/compuviper.mx\/tienda\/wp-content\/uploads\/2021\/08\/Logo-Compuviper-10.png","contentUrl":"https:\/\/compuviper.mx\/tienda\/wp-content\/uploads\/2021\/08\/Logo-Compuviper-10.png","width":1000,"height":500,"caption":"Compuviper"},"image":{"@id":"https:\/\/compuviper.mx\/tienda\/#\/schema\/logo\/image\/"},"sameAs":["https:\/\/www.facebook.com\/compuviper","https:\/\/www.youtube.com\/channel\/UCf73dERp9Y3cfOq7q8BhLjA?view_as=subscriber"]}]},"product_brand":"DAHUA","product_price_amount":"754","product_price_currency":"MXN","og_availability":"out of stock","product_availability":"out of stock","product_retailer_item_id":"DH-HAC-HDW1500TQN-IL-T","product_condition":"new"},"_links":{"self":[{"href":"https:\/\/compuviper.mx\/tienda\/wp-json\/wp\/v2\/product\/267913"}],"collection":[{"href":"https:\/\/compuviper.mx\/tienda\/wp-json\/wp\/v2\/product"}],"about":[{"href":"https:\/\/compuviper.mx\/tienda\/wp-json\/wp\/v2\/types\/product"}],"replies":[{"embeddable":true,"href":"https:\/\/compuviper.mx\/tienda\/wp-json\/wp\/v2\/comments?post=267913"}],"wp:attachment":[{"href":"https:\/\/compuviper.mx\/tienda\/wp-json\/wp\/v2\/media?parent=267913"}],"wp:term":[{"taxonomy":"product_cat","embeddable":true,"href":"https:\/\/compuviper.mx\/tienda\/wp-json\/wp\/v2\/product_cat?post=267913"},{"taxonomy":"product_tag","embeddable":true,"href":"https:\/\/compuviper.mx\/tienda\/wp-json\/wp\/v2\/product_tag?post=267913"}],"curies":[{"name":"wp","href":"https:\/\/api.w.org\/{rel}","templated":true}]}}