{"id":267912,"date":"2026-04-02T00:19:46","date_gmt":"2026-04-02T06:19:46","guid":{"rendered":"https:\/\/compuviper.mx\/tienda\/producto\/dahua-dh-ipc-hfw5449t1-ze-led-camara-ip-ipc-hfw5449t1-ze-led-bullet-de-4-mp-full-color-con-lente-mot-de-2-7-a-12mm-ip67-e-and-s-de-alarma-r-micro-sd-microfono-y-altavoz-integrados-epoe\/"},"modified":"2026-04-02T00:19:47","modified_gmt":"2026-04-02T06:19:47","slug":"dahua-dh-ipc-hfw5449t1-ze-led-camara-ip-ipc-hfw5449t1-ze-led-bullet-de-4-mp-full-color-con-lente-mot-de-2-7-a-12mm-ip67-e-and-s-de-alarma-r-micro-sd-microfono-y-altavoz-integrados-epoe","status":"publish","type":"product","link":"https:\/\/compuviper.mx\/tienda\/producto\/dahua-dh-ipc-hfw5449t1-ze-led-camara-ip-ipc-hfw5449t1-ze-led-bullet-de-4-mp-full-color-con-lente-mot-de-2-7-a-12mm-ip67-e-and-s-de-alarma-r-micro-sd-microfono-y-altavoz-integrados-epoe\/","title":{"rendered":"Dahua Dh-ipc-hfw5449t1-ze-led Camara Ip\/ \/ Ipc-hfw5449t1-ze-led Bullet De 4 Mp\/ Full Color Con Lente Mot De 2.7 A 12mm\/ Ip67\/ E And S De Alarma\/ R. Micro Sd\/ Microfono Y Altavoz Integrados\/ Epoe"},"content":{"rendered":"<table class=\"descripcion\">\n<tr>\n<td>Caracteristicas principales<\/td>\n<\/tr>\n<tr>\n<td>\u0095 sensor de imagen: cmos de 4mp 1\/1.8,<\/td>\n<\/tr>\n<tr>\n<td>\u0095 soporta: deteccion facial, mapa de calor, ivs (proteccion perimetral), recuento de personas y deteccion inteligente de objetos.<\/td>\n<\/tr>\n<tr>\n<td>\u0095 iluminacion: iluminador calido incorporado,<\/td>\n<\/tr>\n<tr>\n<td>\u0095 distancia: max. la distancia de iluminacion es de 70 m.<\/td>\n<\/tr>\n<tr>\n<td>\u0095 audio: microfono y altavoz integrados<\/td>\n<\/tr>\n<tr>\n<td>\u0095 proteccion: ip67<\/td>\n<\/tr>\n<tr>\n<td>Especificaciones tecnicas<\/td>\n<\/tr>\n<tr>\n<td>\u0095 max. resolucion: 2688 (h) x 1520 (v)<\/td>\n<\/tr>\n<tr>\n<td>\u0095 rom:128 mb<\/td>\n<\/tr>\n<tr>\n<td>\u0095 ram: 512 mb<\/td>\n<\/tr>\n<tr>\n<td>\u0095 sistema de escaneo: progresivo<\/td>\n<\/tr>\n<tr>\n<td>\u0095 min. iluminacion: 0,0005 lux @f1.0<\/td>\n<\/tr>\n<tr>\n<td>\u0095 relacion senal\/ruido:  56 db<\/td>\n<\/tr>\n<tr>\n<td>\u0095 fuente de alimentacion: 12 v cc (\u00b130 %)\/poe (802.3af)\/epoe<\/td>\n<\/tr>\n<tr>\n<td>\u0095 consumo de energia: basico: 2,4 w (12 v cc); 3,4 w (poe)<\/td>\n<\/tr>\n<tr>\n<td>\u0095 condiciones de operacion: \u0096 30 \u00b0c a +60 \u00b0c \/ menos del 95 % de hr<\/td>\n<\/tr>\n<tr>\n<td>\u0095 dimensiones: 288,4 mm \u00d7 94,4 mm \u00d7 84,7 mm<\/td>\n<\/tr>\n<tr>\n<td>\u0095 peso neto: 1,0 kg<\/td>\n<\/tr>\n<\/table>\n","protected":false},"excerpt":{"rendered":"<p>Informacion general. La camara ip bullet dahua ipc-hfw5449t1-ze-led ofrece vigilancia avanzada con una resolucion de 4 mp y tecnologia full color, garantizando imagenes claras en cualquier condicion de luz. Su lente motorizado de 2.7 a 12mm y clasificacion ip67 aseguran durabilidad y versatilidad. Incluye funcionalidades inteligentes como face detection, heat map, ivs , people counting y smart object detection, proporcionando un analisis y seguridad superiores. Con almacenamiento micro sd, audio bidireccional y conectividad epoe, esta camara es ideal para comercios, oficinas y espacios publicos. Su diseno robusto y capacidades avanzadas la convierten en una solucion confiable para una vigilancia detallada y eficiente en diversos entornos.<\/p>\n","protected":false},"featured_media":0,"comment_status":"open","ping_status":"open","template":"","meta":[],"product_cat":[1681,1608],"product_tag":[1555],"acf":[],"yoast_head":"<!-- This site is optimized with the Yoast SEO plugin v21.7 - https:\/\/yoast.com\/wordpress\/plugins\/seo\/ -->\n<title>[ Dahua ] &#129351; Dh-ipc-hfw5449t1-ze-led Camara Ip\/ \/ Ipc-hfw5449t1-ze-led Bullet De 4 Mp\/ Full Color Con Lente Mot De 2.7 A 12mm\/ Ip67\/ E And S De Alarma\/ R. Micro Sd\/ Microfono Y Altavoz Integrados\/ Epoe<\/title>\n<meta name=\"description\" content=\"Compra Dh-ipc-hfw5449t1-ze-led Camara Ip\/ \/ Ipc-hfw5449t1-ze-led Bullet De 4 Mp\/ Full Color Con Lente Mot De 2.7 A 12mm\/ Ip67\/ E And S De Alarma\/ R. Micro Sd\/ Microfono Y Altavoz Integrados\/ Epoe + Env\u00edo a domicilio + Pago seguro + Garant\u00eda\" \/>\n<meta name=\"robots\" content=\"index, follow, max-snippet:-1, max-image-preview:large, max-video-preview:-1\" \/>\n<link rel=\"canonical\" href=\"https:\/\/compuviper.mx\/tienda\/producto\/dahua-dh-ipc-hfw5449t1-ze-led-camara-ip-ipc-hfw5449t1-ze-led-bullet-de-4-mp-full-color-con-lente-mot-de-2-7-a-12mm-ip67-e-and-s-de-alarma-r-micro-sd-microfono-y-altavoz-integrados-epoe\/\" \/>\n<meta property=\"og:locale\" content=\"es_MX\" \/>\n<meta property=\"og:type\" content=\"article\" \/>\n<meta property=\"og:title\" content=\"[ Dahua ] &#129351; Dh-ipc-hfw5449t1-ze-led Camara Ip\/ \/ Ipc-hfw5449t1-ze-led Bullet De 4 Mp\/ Full Color Con Lente Mot De 2.7 A 12mm\/ Ip67\/ E And S De Alarma\/ R. Micro Sd\/ Microfono Y Altavoz Integrados\/ Epoe\" \/>\n<meta property=\"og:description\" content=\"Compra Dh-ipc-hfw5449t1-ze-led Camara Ip\/ \/ Ipc-hfw5449t1-ze-led Bullet De 4 Mp\/ Full Color Con Lente Mot De 2.7 A 12mm\/ Ip67\/ E And S De Alarma\/ R. Micro Sd\/ Microfono Y Altavoz Integrados\/ Epoe + Env\u00edo a domicilio + Pago seguro + Garant\u00eda\" \/>\n<meta property=\"og:url\" content=\"https:\/\/compuviper.mx\/tienda\/producto\/dahua-dh-ipc-hfw5449t1-ze-led-camara-ip-ipc-hfw5449t1-ze-led-bullet-de-4-mp-full-color-con-lente-mot-de-2-7-a-12mm-ip67-e-and-s-de-alarma-r-micro-sd-microfono-y-altavoz-integrados-epoe\/\" \/>\n<meta property=\"og:site_name\" content=\"Compuviper\" \/>\n<meta property=\"article:publisher\" content=\"https:\/\/www.facebook.com\/compuviper\" \/>\n<meta property=\"article:modified_time\" content=\"2026-04-02T06:19:47+00:00\" \/>\n<meta name=\"twitter:card\" content=\"summary_large_image\" \/>\n<meta name=\"twitter:label1\" content=\"Precio\" \/>\n\t<meta name=\"twitter:data1\" content=\"&#36;6,074 con IVA\" \/>\n\t<meta name=\"twitter:label2\" content=\"Availability\" \/>\n\t<meta name=\"twitter:data2\" content=\"Out of stock\" \/>\n<script type=\"application\/ld+json\" class=\"yoast-schema-graph\">{\"@context\":\"https:\/\/schema.org\",\"@graph\":[{\"@type\":\"WebPage\",\"@id\":\"https:\/\/compuviper.mx\/tienda\/producto\/dahua-dh-ipc-hfw5449t1-ze-led-camara-ip-ipc-hfw5449t1-ze-led-bullet-de-4-mp-full-color-con-lente-mot-de-2-7-a-12mm-ip67-e-and-s-de-alarma-r-micro-sd-microfono-y-altavoz-integrados-epoe\/\",\"url\":\"https:\/\/compuviper.mx\/tienda\/producto\/dahua-dh-ipc-hfw5449t1-ze-led-camara-ip-ipc-hfw5449t1-ze-led-bullet-de-4-mp-full-color-con-lente-mot-de-2-7-a-12mm-ip67-e-and-s-de-alarma-r-micro-sd-microfono-y-altavoz-integrados-epoe\/\",\"name\":\"[ Dahua ] &#129351; Dh-ipc-hfw5449t1-ze-led Camara Ip\/ \/ Ipc-hfw5449t1-ze-led Bullet De 4 Mp\/ Full Color Con Lente Mot De 2.7 A 12mm\/ Ip67\/ E And S De Alarma\/ R. Micro Sd\/ Microfono Y Altavoz Integrados\/ Epoe\",\"isPartOf\":{\"@id\":\"https:\/\/compuviper.mx\/tienda\/#website\"},\"datePublished\":\"2026-04-02T06:19:46+00:00\",\"dateModified\":\"2026-04-02T06:19:47+00:00\",\"description\":\"Compra Dh-ipc-hfw5449t1-ze-led Camara Ip\/ \/ Ipc-hfw5449t1-ze-led Bullet De 4 Mp\/ Full Color Con Lente Mot De 2.7 A 12mm\/ Ip67\/ E And S De Alarma\/ R. Micro Sd\/ Microfono Y Altavoz Integrados\/ Epoe + Env\u00edo a domicilio + Pago seguro + Garant\u00eda\",\"breadcrumb\":{\"@id\":\"https:\/\/compuviper.mx\/tienda\/producto\/dahua-dh-ipc-hfw5449t1-ze-led-camara-ip-ipc-hfw5449t1-ze-led-bullet-de-4-mp-full-color-con-lente-mot-de-2-7-a-12mm-ip67-e-and-s-de-alarma-r-micro-sd-microfono-y-altavoz-integrados-epoe\/#breadcrumb\"},\"inLanguage\":\"es-MX\",\"potentialAction\":[{\"@type\":\"ReadAction\",\"target\":[\"https:\/\/compuviper.mx\/tienda\/producto\/dahua-dh-ipc-hfw5449t1-ze-led-camara-ip-ipc-hfw5449t1-ze-led-bullet-de-4-mp-full-color-con-lente-mot-de-2-7-a-12mm-ip67-e-and-s-de-alarma-r-micro-sd-microfono-y-altavoz-integrados-epoe\/\"]}]},{\"@type\":\"BreadcrumbList\",\"@id\":\"https:\/\/compuviper.mx\/tienda\/producto\/dahua-dh-ipc-hfw5449t1-ze-led-camara-ip-ipc-hfw5449t1-ze-led-bullet-de-4-mp-full-color-con-lente-mot-de-2-7-a-12mm-ip67-e-and-s-de-alarma-r-micro-sd-microfono-y-altavoz-integrados-epoe\/#breadcrumb\",\"itemListElement\":[{\"@type\":\"ListItem\",\"position\":1,\"name\":\"Inicio\",\"item\":\"https:\/\/compuviper.mx\/tienda\/\"},{\"@type\":\"ListItem\",\"position\":2,\"name\":\"Productos\",\"item\":\"https:\/\/compuviper.mx\/tienda\/productos\/\"},{\"@type\":\"ListItem\",\"position\":3,\"name\":\"Camaras\",\"item\":\"https:\/\/compuviper.mx\/tienda\/categoria-producto\/camaras-2\/\"},{\"@type\":\"ListItem\",\"position\":4,\"name\":\"Camara De Videovigilancia\",\"item\":\"https:\/\/compuviper.mx\/tienda\/categoria-producto\/camaras-2\/camara-de-videovigilancia\/\"},{\"@type\":\"ListItem\",\"position\":5,\"name\":\"Dahua Dh-ipc-hfw5449t1-ze-led Camara Ip\/ \/ Ipc-hfw5449t1-ze-led Bullet De 4 Mp\/ Full Color Con Lente Mot De 2.7 A 12mm\/ Ip67\/ E And S De Alarma\/ R. Micro Sd\/ Microfono Y Altavoz Integrados\/ Epoe\"}]},{\"@type\":\"WebSite\",\"@id\":\"https:\/\/compuviper.mx\/tienda\/#website\",\"url\":\"https:\/\/compuviper.mx\/tienda\/\",\"name\":\"Compuviper\",\"description\":\"Proveedor de Computadoras, Laptops, Servidores, Monitores, Puntos de Venta, Teclados,   Impresoras, T\u00f3ner, C\u00e1maras de Seguridad y m\u00e1s en tu tienda en l\u00ednea\",\"publisher\":{\"@id\":\"https:\/\/compuviper.mx\/tienda\/#organization\"},\"potentialAction\":[{\"@type\":\"SearchAction\",\"target\":{\"@type\":\"EntryPoint\",\"urlTemplate\":\"https:\/\/compuviper.mx\/tienda\/?s={search_term_string}\"},\"query-input\":\"required name=search_term_string\"}],\"inLanguage\":\"es-MX\"},{\"@type\":\"Organization\",\"@id\":\"https:\/\/compuviper.mx\/tienda\/#organization\",\"name\":\"Compuviper\",\"url\":\"https:\/\/compuviper.mx\/tienda\/\",\"logo\":{\"@type\":\"ImageObject\",\"inLanguage\":\"es-MX\",\"@id\":\"https:\/\/compuviper.mx\/tienda\/#\/schema\/logo\/image\/\",\"url\":\"https:\/\/compuviper.mx\/tienda\/wp-content\/uploads\/2021\/08\/Logo-Compuviper-10.png\",\"contentUrl\":\"https:\/\/compuviper.mx\/tienda\/wp-content\/uploads\/2021\/08\/Logo-Compuviper-10.png\",\"width\":1000,\"height\":500,\"caption\":\"Compuviper\"},\"image\":{\"@id\":\"https:\/\/compuviper.mx\/tienda\/#\/schema\/logo\/image\/\"},\"sameAs\":[\"https:\/\/www.facebook.com\/compuviper\",\"https:\/\/www.youtube.com\/channel\/UCf73dERp9Y3cfOq7q8BhLjA?view_as=subscriber\"]}]}<\/script>\n<meta property=\"product:brand\" content=\"DAHUA\" \/>\n<meta property=\"product:price:amount\" content=\"6074\" \/>\n<meta property=\"product:price:currency\" content=\"MXN\" \/>\n<meta property=\"og:availability\" content=\"out of stock\" \/>\n<meta property=\"product:availability\" content=\"out of stock\" \/>\n<meta property=\"product:retailer_item_id\" content=\"DH-IPC-HFW5449T1-ZE-LED\" \/>\n<meta property=\"product:condition\" content=\"new\" \/>\n<!-- \/ Yoast SEO plugin. -->","yoast_head_json":{"title":"[ Dahua ] &#129351; Dh-ipc-hfw5449t1-ze-led Camara Ip\/ \/ Ipc-hfw5449t1-ze-led Bullet De 4 Mp\/ Full Color Con Lente Mot De 2.7 A 12mm\/ Ip67\/ E And S De Alarma\/ R. Micro Sd\/ Microfono Y Altavoz Integrados\/ Epoe","description":"Compra Dh-ipc-hfw5449t1-ze-led Camara Ip\/ \/ Ipc-hfw5449t1-ze-led Bullet De 4 Mp\/ Full Color Con Lente Mot De 2.7 A 12mm\/ Ip67\/ E And S De Alarma\/ R. Micro Sd\/ Microfono Y Altavoz Integrados\/ Epoe + Env\u00edo a domicilio + Pago seguro + Garant\u00eda","robots":{"index":"index","follow":"follow","max-snippet":"max-snippet:-1","max-image-preview":"max-image-preview:large","max-video-preview":"max-video-preview:-1"},"canonical":"https:\/\/compuviper.mx\/tienda\/producto\/dahua-dh-ipc-hfw5449t1-ze-led-camara-ip-ipc-hfw5449t1-ze-led-bullet-de-4-mp-full-color-con-lente-mot-de-2-7-a-12mm-ip67-e-and-s-de-alarma-r-micro-sd-microfono-y-altavoz-integrados-epoe\/","og_locale":"es_MX","og_type":"article","og_title":"[ Dahua ] &#129351; Dh-ipc-hfw5449t1-ze-led Camara Ip\/ \/ Ipc-hfw5449t1-ze-led Bullet De 4 Mp\/ Full Color Con Lente Mot De 2.7 A 12mm\/ Ip67\/ E And S De Alarma\/ R. Micro Sd\/ Microfono Y Altavoz Integrados\/ Epoe","og_description":"Compra Dh-ipc-hfw5449t1-ze-led Camara Ip\/ \/ Ipc-hfw5449t1-ze-led Bullet De 4 Mp\/ Full Color Con Lente Mot De 2.7 A 12mm\/ Ip67\/ E And S De Alarma\/ R. Micro Sd\/ Microfono Y Altavoz Integrados\/ Epoe + Env\u00edo a domicilio + Pago seguro + Garant\u00eda","og_url":"https:\/\/compuviper.mx\/tienda\/producto\/dahua-dh-ipc-hfw5449t1-ze-led-camara-ip-ipc-hfw5449t1-ze-led-bullet-de-4-mp-full-color-con-lente-mot-de-2-7-a-12mm-ip67-e-and-s-de-alarma-r-micro-sd-microfono-y-altavoz-integrados-epoe\/","og_site_name":"Compuviper","article_publisher":"https:\/\/www.facebook.com\/compuviper","article_modified_time":"2026-04-02T06:19:47+00:00","twitter_card":"summary_large_image","twitter_misc":{"Precio":"&#36;6,074 con IVA","Availability":"Out of stock"},"schema":{"@context":"https:\/\/schema.org","@graph":[{"@type":"WebPage","@id":"https:\/\/compuviper.mx\/tienda\/producto\/dahua-dh-ipc-hfw5449t1-ze-led-camara-ip-ipc-hfw5449t1-ze-led-bullet-de-4-mp-full-color-con-lente-mot-de-2-7-a-12mm-ip67-e-and-s-de-alarma-r-micro-sd-microfono-y-altavoz-integrados-epoe\/","url":"https:\/\/compuviper.mx\/tienda\/producto\/dahua-dh-ipc-hfw5449t1-ze-led-camara-ip-ipc-hfw5449t1-ze-led-bullet-de-4-mp-full-color-con-lente-mot-de-2-7-a-12mm-ip67-e-and-s-de-alarma-r-micro-sd-microfono-y-altavoz-integrados-epoe\/","name":"[ Dahua ] &#129351; Dh-ipc-hfw5449t1-ze-led Camara Ip\/ \/ Ipc-hfw5449t1-ze-led Bullet De 4 Mp\/ Full Color Con Lente Mot De 2.7 A 12mm\/ Ip67\/ E And S De Alarma\/ R. Micro Sd\/ Microfono Y Altavoz Integrados\/ Epoe","isPartOf":{"@id":"https:\/\/compuviper.mx\/tienda\/#website"},"datePublished":"2026-04-02T06:19:46+00:00","dateModified":"2026-04-02T06:19:47+00:00","description":"Compra Dh-ipc-hfw5449t1-ze-led Camara Ip\/ \/ Ipc-hfw5449t1-ze-led Bullet De 4 Mp\/ Full Color Con Lente Mot De 2.7 A 12mm\/ Ip67\/ E And S De Alarma\/ R. Micro Sd\/ Microfono Y Altavoz Integrados\/ Epoe + Env\u00edo a domicilio + Pago seguro + Garant\u00eda","breadcrumb":{"@id":"https:\/\/compuviper.mx\/tienda\/producto\/dahua-dh-ipc-hfw5449t1-ze-led-camara-ip-ipc-hfw5449t1-ze-led-bullet-de-4-mp-full-color-con-lente-mot-de-2-7-a-12mm-ip67-e-and-s-de-alarma-r-micro-sd-microfono-y-altavoz-integrados-epoe\/#breadcrumb"},"inLanguage":"es-MX","potentialAction":[{"@type":"ReadAction","target":["https:\/\/compuviper.mx\/tienda\/producto\/dahua-dh-ipc-hfw5449t1-ze-led-camara-ip-ipc-hfw5449t1-ze-led-bullet-de-4-mp-full-color-con-lente-mot-de-2-7-a-12mm-ip67-e-and-s-de-alarma-r-micro-sd-microfono-y-altavoz-integrados-epoe\/"]}]},{"@type":"BreadcrumbList","@id":"https:\/\/compuviper.mx\/tienda\/producto\/dahua-dh-ipc-hfw5449t1-ze-led-camara-ip-ipc-hfw5449t1-ze-led-bullet-de-4-mp-full-color-con-lente-mot-de-2-7-a-12mm-ip67-e-and-s-de-alarma-r-micro-sd-microfono-y-altavoz-integrados-epoe\/#breadcrumb","itemListElement":[{"@type":"ListItem","position":1,"name":"Inicio","item":"https:\/\/compuviper.mx\/tienda\/"},{"@type":"ListItem","position":2,"name":"Productos","item":"https:\/\/compuviper.mx\/tienda\/productos\/"},{"@type":"ListItem","position":3,"name":"Camaras","item":"https:\/\/compuviper.mx\/tienda\/categoria-producto\/camaras-2\/"},{"@type":"ListItem","position":4,"name":"Camara De Videovigilancia","item":"https:\/\/compuviper.mx\/tienda\/categoria-producto\/camaras-2\/camara-de-videovigilancia\/"},{"@type":"ListItem","position":5,"name":"Dahua Dh-ipc-hfw5449t1-ze-led Camara Ip\/ \/ Ipc-hfw5449t1-ze-led Bullet De 4 Mp\/ Full Color Con Lente Mot De 2.7 A 12mm\/ Ip67\/ E And S De Alarma\/ R. Micro Sd\/ Microfono Y Altavoz Integrados\/ Epoe"}]},{"@type":"WebSite","@id":"https:\/\/compuviper.mx\/tienda\/#website","url":"https:\/\/compuviper.mx\/tienda\/","name":"Compuviper","description":"Proveedor de Computadoras, Laptops, Servidores, Monitores, Puntos de Venta, Teclados,   Impresoras, T\u00f3ner, C\u00e1maras de Seguridad y m\u00e1s en tu tienda en l\u00ednea","publisher":{"@id":"https:\/\/compuviper.mx\/tienda\/#organization"},"potentialAction":[{"@type":"SearchAction","target":{"@type":"EntryPoint","urlTemplate":"https:\/\/compuviper.mx\/tienda\/?s={search_term_string}"},"query-input":"required name=search_term_string"}],"inLanguage":"es-MX"},{"@type":"Organization","@id":"https:\/\/compuviper.mx\/tienda\/#organization","name":"Compuviper","url":"https:\/\/compuviper.mx\/tienda\/","logo":{"@type":"ImageObject","inLanguage":"es-MX","@id":"https:\/\/compuviper.mx\/tienda\/#\/schema\/logo\/image\/","url":"https:\/\/compuviper.mx\/tienda\/wp-content\/uploads\/2021\/08\/Logo-Compuviper-10.png","contentUrl":"https:\/\/compuviper.mx\/tienda\/wp-content\/uploads\/2021\/08\/Logo-Compuviper-10.png","width":1000,"height":500,"caption":"Compuviper"},"image":{"@id":"https:\/\/compuviper.mx\/tienda\/#\/schema\/logo\/image\/"},"sameAs":["https:\/\/www.facebook.com\/compuviper","https:\/\/www.youtube.com\/channel\/UCf73dERp9Y3cfOq7q8BhLjA?view_as=subscriber"]}]},"product_brand":"DAHUA","product_price_amount":"6074","product_price_currency":"MXN","og_availability":"out of stock","product_availability":"out of stock","product_retailer_item_id":"DH-IPC-HFW5449T1-ZE-LED","product_condition":"new"},"_links":{"self":[{"href":"https:\/\/compuviper.mx\/tienda\/wp-json\/wp\/v2\/product\/267912"}],"collection":[{"href":"https:\/\/compuviper.mx\/tienda\/wp-json\/wp\/v2\/product"}],"about":[{"href":"https:\/\/compuviper.mx\/tienda\/wp-json\/wp\/v2\/types\/product"}],"replies":[{"embeddable":true,"href":"https:\/\/compuviper.mx\/tienda\/wp-json\/wp\/v2\/comments?post=267912"}],"wp:attachment":[{"href":"https:\/\/compuviper.mx\/tienda\/wp-json\/wp\/v2\/media?parent=267912"}],"wp:term":[{"taxonomy":"product_cat","embeddable":true,"href":"https:\/\/compuviper.mx\/tienda\/wp-json\/wp\/v2\/product_cat?post=267912"},{"taxonomy":"product_tag","embeddable":true,"href":"https:\/\/compuviper.mx\/tienda\/wp-json\/wp\/v2\/product_tag?post=267912"}],"curies":[{"name":"wp","href":"https:\/\/api.w.org\/{rel}","templated":true}]}}