{"id":267909,"date":"2026-04-02T00:19:41","date_gmt":"2026-04-02T06:19:41","guid":{"rendered":"https:\/\/compuviper.mx\/tienda\/producto\/tp-link-mc500-cmara-de-seguridad-ip-tp-link-wifi-domo-ir-exteriores-panormica-1920x1080-full-hd\/"},"modified":"2026-04-02T00:19:42","modified_gmt":"2026-04-02T06:19:42","slug":"tp-link-mc500-cmara-de-seguridad-ip-tp-link-wifi-domo-ir-exteriores-panormica-1920x1080-full-hd","status":"publish","type":"product","link":"https:\/\/compuviper.mx\/tienda\/producto\/tp-link-mc500-cmara-de-seguridad-ip-tp-link-wifi-domo-ir-exteriores-panormica-1920x1080-full-hd\/","title":{"rendered":"Tp Link Mc500 C?mara De Seguridad Ip | Tp-link |  | Wifi Domo Ir | Exteriores | Panor?mica | 1920&#215;1080 Full Hd"},"content":{"rendered":"<table class=\"descripcion\">\n<tr>\n<td>C\u00e1mara<\/td>\n<\/tr>\n<tr>\n<td>Sensor de imagen<\/td>\n<\/tr>\n<tr>\n<td>Sensor cmos de escaneo progresivo de 1\/32, no starlight<\/td>\n<\/tr>\n<tr>\n<td> lente<\/td>\n<\/tr>\n<tr>\n<td>Distancia focal: 4 mm<\/td>\n<\/tr>\n<tr>\n<td>Apertura: f2.0<\/td>\n<\/tr>\n<tr>\n<td>Campo de visi\u00f3n: 87\u00b0 (diagonal), 74\u00b0 (horizontal), 40\u00b0 (vertical)<\/td>\n<\/tr>\n<tr>\n<td> rango de movimiento<\/td>\n<\/tr>\n<tr>\n<td>Rango mec\u00e1nico de giro: 340\u00b0 (cobertura de giro de 360\u00b0)<\/td>\n<\/tr>\n<tr>\n<td>Rango mec\u00e1nico de inclinaci\u00f3n: 90\u00b0 (cobertura de inclinaci\u00f3n de 130\u00b0)<\/td>\n<\/tr>\n<tr>\n<td> visi\u00f3n nocturna<\/td>\n<\/tr>\n<tr>\n<td>Led infrarrojo de 850 nm (98 pies\/29,9 m)<\/td>\n<\/tr>\n<tr>\n<td>Visi\u00f3n nocturna en color<\/td>\n<\/tr>\n<tr>\n<td> interfaz y botones<\/td>\n<\/tr>\n<tr>\n<td>1\u00d7 bot\u00f3n reset<\/td>\n<\/tr>\n<tr>\n<td>1\u00d7 ranura para tarjeta microsd<\/td>\n<\/tr>\n<tr>\n<td>V\u00eddeo y audio<\/td>\n<\/tr>\n<tr>\n<td>Resoluci\u00f3n m\u00e1xima<\/td>\n<\/tr>\n<tr>\n<td> 1920 \u00d7 1080 p\u00edxeles<\/td>\n<\/tr>\n<tr>\n<td> zoom digital<\/td>\n<\/tr>\n<tr>\n<td>Admite zoom de 9x<\/td>\n<\/tr>\n<tr>\n<td> velocidad de fotogramas<\/td>\n<\/tr>\n<tr>\n<td>15\/20\/25\/30 fps (15 fps por defecto)<\/td>\n<\/tr>\n<tr>\n<td> compresi\u00f3n de v\u00eddeo<\/td>\n<\/tr>\n<tr>\n<td>H.264<\/td>\n<\/tr>\n<tr>\n<td> vista en vivo<\/td>\n<\/tr>\n<tr>\n<td>S\u00ed<\/td>\n<\/tr>\n<tr>\n<td> mejora de la imagen<\/td>\n<\/tr>\n<tr>\n<td>3dnr<\/td>\n<\/tr>\n<tr>\n<td>Amplio rango din\u00e1mico (wdr)<\/td>\n<\/tr>\n<tr>\n<td> entrada y salida de audio<\/td>\n<\/tr>\n<tr>\n<td>Micr\u00f3fono y altavoz integrados<\/td>\n<\/tr>\n<tr>\n<td> comunicaci\u00f3n de audio<\/td>\n<\/tr>\n<tr>\n<td>Audio bidireccional con cancelaci\u00f3n de ruido<\/td>\n<\/tr>\n<tr>\n<td> volumen de la sirena<\/td>\n<\/tr>\n<tr>\n<td>88 db (nivel medido a una distancia de 4 pulgadas\/10 cm)<\/td>\n<\/tr>\n<tr>\n<td>Almacenamiento<\/td>\n<\/tr>\n<tr>\n<td>Almacenamiento local<\/td>\n<\/tr>\n<tr>\n<td>Tarjeta microsd (admite hasta 512 gb)<\/td>\n<\/tr>\n<tr>\n<td> almacenamiento en la nube<\/td>\n<\/tr>\n<tr>\n<td>Servicios de almacenamiento en la nube para el cuidado de c\u00e1maras mercusys (se requiere suscripci\u00f3n)<\/td>\n<\/tr>\n<tr>\n<td>Software<\/td>\n<\/tr>\n<tr>\n<td>Seguridad<\/td>\n<\/tr>\n<tr>\n<td>Cifrado aes de 128 bits con ssl\/tls<\/td>\n<\/tr>\n<tr>\n<td>Wpa\/wpa2-psk<\/td>\n<\/tr>\n<tr>\n<td>Red<\/td>\n<\/tr>\n<tr>\n<td>Conectividad de red<\/td>\n<\/tr>\n<tr>\n<td>Conectarse a trav\u00e9s de wifi<\/td>\n<\/tr>\n<tr>\n<td> conectividad inal\u00e1mbrica<\/td>\n<\/tr>\n<tr>\n<td>11 mbps (802.11b)<\/td>\n<\/tr>\n<tr>\n<td>54 mbps (802.11g)<\/td>\n<\/tr>\n<tr>\n<td>72,2 mbps (802.11n)<\/td>\n<\/tr>\n<tr>\n<td> rtsp<\/td>\n<\/tr>\n<tr>\n<td>S\u00ed<\/td>\n<\/tr>\n<tr>\n<td> onvif<\/td>\n<\/tr>\n<tr>\n<td>S\u00ed<\/td>\n<\/tr>\n<tr>\n<td>Fuerza<\/td>\n<\/tr>\n<tr>\n<td>Fuente de energ\u00eda<\/td>\n<\/tr>\n<tr>\n<td>Adaptador de corriente de 9 v cc<\/td>\n<\/tr>\n<tr>\n<td> voltaje de entrada<\/td>\n<\/tr>\n<tr>\n<td>100\u0096240 vca, 50\/60 hz, 0,3 a<\/td>\n<\/tr>\n<tr>\n<td> voltaje de salida<\/td>\n<\/tr>\n<tr>\n<td>9,0 v\/0,85 a<\/td>\n<\/tr>\n<tr>\n<td>General<\/td>\n<\/tr>\n<tr>\n<td>Integraci\u00f3n inteligente<\/td>\n<\/tr>\n<tr>\n<td>Asistente de google, amazon alexa<\/td>\n<\/tr>\n<tr>\n<td> resistencia a la intemperie<\/td>\n<\/tr>\n<tr>\n<td>Ip65<\/td>\n<\/tr>\n<tr>\n<td> opciones de montaje<\/td>\n<\/tr>\n<tr>\n<td>Montado en el techo<\/td>\n<\/tr>\n<tr>\n<td>Montado en poste<\/td>\n<\/tr>\n<tr>\n<td>Montado en la pared<\/td>\n<\/tr>\n<tr>\n<td> temperatura de funcionamiento<\/td>\n<\/tr>\n<tr>\n<td>-20 \u00bac \u0096 50 \u00bac (-4 \u00b0f \u0096 122 \u00b0f)<\/td>\n<\/tr>\n<tr>\n<td> temperatura de almacenamiento<\/td>\n<\/tr>\n<tr>\n<td>-40 \u00b0c\u009660 \u00b0c (-40 \u00b0f\u0096140 \u00b0f)<\/td>\n<\/tr>\n<tr>\n<td> humedad de funcionamiento<\/td>\n<\/tr>\n<tr>\n<td>10% \u0096 90% hr, sin condensaci\u00f3n<\/td>\n<\/tr>\n<tr>\n<td> humedad de almacenamiento<\/td>\n<\/tr>\n<tr>\n<td>0% \u0096 90% hr, sin condensaci\u00f3n<\/td>\n<\/tr>\n<tr>\n<td> dimensiones (an x pr x al)<\/td>\n<\/tr>\n<tr>\n<td>141,5 \u00d7 93 \u00d7 122 mm<\/td>\n<\/tr>\n<tr>\n<td>(5,57 \u00d7 3,66 \u00d7 4,80 pulgadas)<\/td>\n<\/tr>\n<\/table>\n","protected":false},"excerpt":{"rendered":"<p>-full hd de 1080p con vista de 360\u00b0 :ofrece video n\u00edtido de 1080p  y cobertura horizontal completa de 360\u00b0 para ver cada \u00e1ngulo y cada detalle. -seguimiento inteligente de movimiento y personas : detecta y rastrea autom\u00e1ticamente el movimiento o las personas, lo que garantiza que la actividad clave permanezca enfocada. -visi\u00f3n nocturna en color : ofrece im\u00e1genes v\u00edvidas y detalladas incluso de noche para protecci\u00f3n las 24 horas, los 7 d\u00edas de la semana. -conc\u00e9ntrese en lo que importa : la detecci\u00f3n inteligente de personas y movimiento, combinada con zonas de actividad personalizables, ayuda a filtrar eventos irrelevantes y. Env\u00eda alertas solo cuando es necesario. -almacenamiento local y en la nube : admite tarjetas microsd de hasta 512 gb y almacenamiento en la nube para realizar copias de seguridad de video seguras y flexibles. -resistente a la intemperie para uso en exteriores : con clasificaci\u00f3n ip65 para un rendimiento fiable bajo la lluvia, el polvo y la nieve. Se monta f\u00e1cilmente en paredes, techos o postes. -protecci\u00f3n de privacidad con protector de lente : active la cubierta f\u00edsica de la lente cuando no sea necesario monitorear para su tranquilidad en el hogar.<\/p>\n","protected":false},"featured_media":0,"comment_status":"open","ping_status":"open","template":"","meta":[],"product_cat":[1608,1683],"product_tag":[1562],"acf":[],"yoast_head":"<!-- This site is optimized with the Yoast SEO plugin v21.7 - https:\/\/yoast.com\/wordpress\/plugins\/seo\/ -->\n<title>[ Tp Link ] &#129351; Mc500 C\u00e1mara De Seguridad Ip | Tp-link | | Wifi Domo Ir | Exteriores | Panor\u00e1mica | 1920x1080 Full Hd<\/title>\n<meta name=\"description\" content=\"Compra Mc500 C\u00e1mara De Seguridad Ip | Tp-link | | Wifi Domo Ir | Exteriores | Panor\u00e1mica | 1920x1080 Full Hd + Env\u00edo a domicilio + Pago seguro + Garant\u00eda\" \/>\n<meta name=\"robots\" content=\"index, follow, max-snippet:-1, max-image-preview:large, max-video-preview:-1\" \/>\n<link rel=\"canonical\" href=\"https:\/\/compuviper.mx\/tienda\/producto\/tp-link-mc500-cmara-de-seguridad-ip-tp-link-wifi-domo-ir-exteriores-panormica-1920x1080-full-hd\/\" \/>\n<meta property=\"og:locale\" content=\"es_MX\" \/>\n<meta property=\"og:type\" content=\"article\" \/>\n<meta property=\"og:title\" content=\"[ Tp Link ] &#129351; Mc500 C\u00e1mara De Seguridad Ip | Tp-link | | Wifi Domo Ir | Exteriores | Panor\u00e1mica | 1920x1080 Full Hd\" \/>\n<meta property=\"og:description\" content=\"Compra Mc500 C\u00e1mara De Seguridad Ip | Tp-link | | Wifi Domo Ir | Exteriores | Panor\u00e1mica | 1920x1080 Full Hd + Env\u00edo a domicilio + Pago seguro + Garant\u00eda\" \/>\n<meta property=\"og:url\" content=\"https:\/\/compuviper.mx\/tienda\/producto\/tp-link-mc500-cmara-de-seguridad-ip-tp-link-wifi-domo-ir-exteriores-panormica-1920x1080-full-hd\/\" \/>\n<meta property=\"og:site_name\" content=\"Compuviper\" \/>\n<meta property=\"article:publisher\" content=\"https:\/\/www.facebook.com\/compuviper\" \/>\n<meta property=\"article:modified_time\" content=\"2026-04-02T06:19:42+00:00\" \/>\n<meta name=\"twitter:card\" content=\"summary_large_image\" \/>\n<meta name=\"twitter:label1\" content=\"Precio\" \/>\n\t<meta name=\"twitter:data1\" content=\"&#36;391 con IVA\" \/>\n\t<meta name=\"twitter:label2\" content=\"Availability\" \/>\n\t<meta name=\"twitter:data2\" content=\"On backorder\" \/>\n<script type=\"application\/ld+json\" class=\"yoast-schema-graph\">{\"@context\":\"https:\/\/schema.org\",\"@graph\":[{\"@type\":\"WebPage\",\"@id\":\"https:\/\/compuviper.mx\/tienda\/producto\/tp-link-mc500-cmara-de-seguridad-ip-tp-link-wifi-domo-ir-exteriores-panormica-1920x1080-full-hd\/\",\"url\":\"https:\/\/compuviper.mx\/tienda\/producto\/tp-link-mc500-cmara-de-seguridad-ip-tp-link-wifi-domo-ir-exteriores-panormica-1920x1080-full-hd\/\",\"name\":\"[ Tp Link ] &#129351; Mc500 C\u00e1mara De Seguridad Ip | Tp-link | | Wifi Domo Ir | Exteriores | Panor\u00e1mica | 1920x1080 Full Hd\",\"isPartOf\":{\"@id\":\"https:\/\/compuviper.mx\/tienda\/#website\"},\"datePublished\":\"2026-04-02T06:19:41+00:00\",\"dateModified\":\"2026-04-02T06:19:42+00:00\",\"description\":\"Compra Mc500 C\u00e1mara De Seguridad Ip | Tp-link | | Wifi Domo Ir | Exteriores | Panor\u00e1mica | 1920x1080 Full Hd + Env\u00edo a domicilio + Pago seguro + Garant\u00eda\",\"breadcrumb\":{\"@id\":\"https:\/\/compuviper.mx\/tienda\/producto\/tp-link-mc500-cmara-de-seguridad-ip-tp-link-wifi-domo-ir-exteriores-panormica-1920x1080-full-hd\/#breadcrumb\"},\"inLanguage\":\"es-MX\",\"potentialAction\":[{\"@type\":\"ReadAction\",\"target\":[\"https:\/\/compuviper.mx\/tienda\/producto\/tp-link-mc500-cmara-de-seguridad-ip-tp-link-wifi-domo-ir-exteriores-panormica-1920x1080-full-hd\/\"]}]},{\"@type\":\"BreadcrumbList\",\"@id\":\"https:\/\/compuviper.mx\/tienda\/producto\/tp-link-mc500-cmara-de-seguridad-ip-tp-link-wifi-domo-ir-exteriores-panormica-1920x1080-full-hd\/#breadcrumb\",\"itemListElement\":[{\"@type\":\"ListItem\",\"position\":1,\"name\":\"Inicio\",\"item\":\"https:\/\/compuviper.mx\/tienda\/\"},{\"@type\":\"ListItem\",\"position\":2,\"name\":\"Productos\",\"item\":\"https:\/\/compuviper.mx\/tienda\/productos\/\"},{\"@type\":\"ListItem\",\"position\":3,\"name\":\"Camaras\",\"item\":\"https:\/\/compuviper.mx\/tienda\/categoria-producto\/camaras-2\/\"},{\"@type\":\"ListItem\",\"position\":4,\"name\":\"Camara Inteligente P\/smart Home\",\"item\":\"https:\/\/compuviper.mx\/tienda\/categoria-producto\/camaras-2\/camara-inteligente-p-smart-home\/\"},{\"@type\":\"ListItem\",\"position\":5,\"name\":\"Tp Link Mc500 C?mara De Seguridad Ip | Tp-link | | Wifi Domo Ir | Exteriores | Panor?mica | 1920&#215;1080 Full Hd\"}]},{\"@type\":\"WebSite\",\"@id\":\"https:\/\/compuviper.mx\/tienda\/#website\",\"url\":\"https:\/\/compuviper.mx\/tienda\/\",\"name\":\"Compuviper\",\"description\":\"Proveedor de Computadoras, Laptops, Servidores, Monitores, Puntos de Venta, Teclados,   Impresoras, T\u00f3ner, C\u00e1maras de Seguridad y m\u00e1s en tu tienda en l\u00ednea\",\"publisher\":{\"@id\":\"https:\/\/compuviper.mx\/tienda\/#organization\"},\"potentialAction\":[{\"@type\":\"SearchAction\",\"target\":{\"@type\":\"EntryPoint\",\"urlTemplate\":\"https:\/\/compuviper.mx\/tienda\/?s={search_term_string}\"},\"query-input\":\"required name=search_term_string\"}],\"inLanguage\":\"es-MX\"},{\"@type\":\"Organization\",\"@id\":\"https:\/\/compuviper.mx\/tienda\/#organization\",\"name\":\"Compuviper\",\"url\":\"https:\/\/compuviper.mx\/tienda\/\",\"logo\":{\"@type\":\"ImageObject\",\"inLanguage\":\"es-MX\",\"@id\":\"https:\/\/compuviper.mx\/tienda\/#\/schema\/logo\/image\/\",\"url\":\"https:\/\/compuviper.mx\/tienda\/wp-content\/uploads\/2021\/08\/Logo-Compuviper-10.png\",\"contentUrl\":\"https:\/\/compuviper.mx\/tienda\/wp-content\/uploads\/2021\/08\/Logo-Compuviper-10.png\",\"width\":1000,\"height\":500,\"caption\":\"Compuviper\"},\"image\":{\"@id\":\"https:\/\/compuviper.mx\/tienda\/#\/schema\/logo\/image\/\"},\"sameAs\":[\"https:\/\/www.facebook.com\/compuviper\",\"https:\/\/www.youtube.com\/channel\/UCf73dERp9Y3cfOq7q8BhLjA?view_as=subscriber\"]}]}<\/script>\n<meta property=\"product:brand\" content=\"TP LINK\" \/>\n<meta property=\"product:price:amount\" content=\"391\" \/>\n<meta property=\"product:price:currency\" content=\"MXN\" \/>\n<meta property=\"og:availability\" content=\"backorder\" \/>\n<meta property=\"product:availability\" content=\"available for order\" \/>\n<meta property=\"product:retailer_item_id\" content=\"MC500\" \/>\n<meta property=\"product:condition\" content=\"new\" \/>\n<!-- \/ Yoast SEO plugin. -->","yoast_head_json":{"title":"[ Tp Link ] &#129351; Mc500 C\u00e1mara De Seguridad Ip | Tp-link | | Wifi Domo Ir | Exteriores | Panor\u00e1mica | 1920x1080 Full Hd","description":"Compra Mc500 C\u00e1mara De Seguridad Ip | Tp-link | | Wifi Domo Ir | Exteriores | Panor\u00e1mica | 1920x1080 Full Hd + Env\u00edo a domicilio + Pago seguro + Garant\u00eda","robots":{"index":"index","follow":"follow","max-snippet":"max-snippet:-1","max-image-preview":"max-image-preview:large","max-video-preview":"max-video-preview:-1"},"canonical":"https:\/\/compuviper.mx\/tienda\/producto\/tp-link-mc500-cmara-de-seguridad-ip-tp-link-wifi-domo-ir-exteriores-panormica-1920x1080-full-hd\/","og_locale":"es_MX","og_type":"article","og_title":"[ Tp Link ] &#129351; Mc500 C\u00e1mara De Seguridad Ip | Tp-link | | Wifi Domo Ir | Exteriores | Panor\u00e1mica | 1920x1080 Full Hd","og_description":"Compra Mc500 C\u00e1mara De Seguridad Ip | Tp-link | | Wifi Domo Ir | Exteriores | Panor\u00e1mica | 1920x1080 Full Hd + Env\u00edo a domicilio + Pago seguro + Garant\u00eda","og_url":"https:\/\/compuviper.mx\/tienda\/producto\/tp-link-mc500-cmara-de-seguridad-ip-tp-link-wifi-domo-ir-exteriores-panormica-1920x1080-full-hd\/","og_site_name":"Compuviper","article_publisher":"https:\/\/www.facebook.com\/compuviper","article_modified_time":"2026-04-02T06:19:42+00:00","twitter_card":"summary_large_image","twitter_misc":{"Precio":"&#36;391 con IVA","Availability":"On backorder"},"schema":{"@context":"https:\/\/schema.org","@graph":[{"@type":"WebPage","@id":"https:\/\/compuviper.mx\/tienda\/producto\/tp-link-mc500-cmara-de-seguridad-ip-tp-link-wifi-domo-ir-exteriores-panormica-1920x1080-full-hd\/","url":"https:\/\/compuviper.mx\/tienda\/producto\/tp-link-mc500-cmara-de-seguridad-ip-tp-link-wifi-domo-ir-exteriores-panormica-1920x1080-full-hd\/","name":"[ Tp Link ] &#129351; Mc500 C\u00e1mara De Seguridad Ip | Tp-link | | Wifi Domo Ir | Exteriores | Panor\u00e1mica | 1920x1080 Full Hd","isPartOf":{"@id":"https:\/\/compuviper.mx\/tienda\/#website"},"datePublished":"2026-04-02T06:19:41+00:00","dateModified":"2026-04-02T06:19:42+00:00","description":"Compra Mc500 C\u00e1mara De Seguridad Ip | Tp-link | | Wifi Domo Ir | Exteriores | Panor\u00e1mica | 1920x1080 Full Hd + Env\u00edo a domicilio + Pago seguro + Garant\u00eda","breadcrumb":{"@id":"https:\/\/compuviper.mx\/tienda\/producto\/tp-link-mc500-cmara-de-seguridad-ip-tp-link-wifi-domo-ir-exteriores-panormica-1920x1080-full-hd\/#breadcrumb"},"inLanguage":"es-MX","potentialAction":[{"@type":"ReadAction","target":["https:\/\/compuviper.mx\/tienda\/producto\/tp-link-mc500-cmara-de-seguridad-ip-tp-link-wifi-domo-ir-exteriores-panormica-1920x1080-full-hd\/"]}]},{"@type":"BreadcrumbList","@id":"https:\/\/compuviper.mx\/tienda\/producto\/tp-link-mc500-cmara-de-seguridad-ip-tp-link-wifi-domo-ir-exteriores-panormica-1920x1080-full-hd\/#breadcrumb","itemListElement":[{"@type":"ListItem","position":1,"name":"Inicio","item":"https:\/\/compuviper.mx\/tienda\/"},{"@type":"ListItem","position":2,"name":"Productos","item":"https:\/\/compuviper.mx\/tienda\/productos\/"},{"@type":"ListItem","position":3,"name":"Camaras","item":"https:\/\/compuviper.mx\/tienda\/categoria-producto\/camaras-2\/"},{"@type":"ListItem","position":4,"name":"Camara Inteligente P\/smart Home","item":"https:\/\/compuviper.mx\/tienda\/categoria-producto\/camaras-2\/camara-inteligente-p-smart-home\/"},{"@type":"ListItem","position":5,"name":"Tp Link Mc500 C?mara De Seguridad Ip | Tp-link | | Wifi Domo Ir | Exteriores | Panor?mica | 1920&#215;1080 Full Hd"}]},{"@type":"WebSite","@id":"https:\/\/compuviper.mx\/tienda\/#website","url":"https:\/\/compuviper.mx\/tienda\/","name":"Compuviper","description":"Proveedor de Computadoras, Laptops, Servidores, Monitores, Puntos de Venta, Teclados,   Impresoras, T\u00f3ner, C\u00e1maras de Seguridad y m\u00e1s en tu tienda en l\u00ednea","publisher":{"@id":"https:\/\/compuviper.mx\/tienda\/#organization"},"potentialAction":[{"@type":"SearchAction","target":{"@type":"EntryPoint","urlTemplate":"https:\/\/compuviper.mx\/tienda\/?s={search_term_string}"},"query-input":"required name=search_term_string"}],"inLanguage":"es-MX"},{"@type":"Organization","@id":"https:\/\/compuviper.mx\/tienda\/#organization","name":"Compuviper","url":"https:\/\/compuviper.mx\/tienda\/","logo":{"@type":"ImageObject","inLanguage":"es-MX","@id":"https:\/\/compuviper.mx\/tienda\/#\/schema\/logo\/image\/","url":"https:\/\/compuviper.mx\/tienda\/wp-content\/uploads\/2021\/08\/Logo-Compuviper-10.png","contentUrl":"https:\/\/compuviper.mx\/tienda\/wp-content\/uploads\/2021\/08\/Logo-Compuviper-10.png","width":1000,"height":500,"caption":"Compuviper"},"image":{"@id":"https:\/\/compuviper.mx\/tienda\/#\/schema\/logo\/image\/"},"sameAs":["https:\/\/www.facebook.com\/compuviper","https:\/\/www.youtube.com\/channel\/UCf73dERp9Y3cfOq7q8BhLjA?view_as=subscriber"]}]},"product_brand":"TP LINK","product_price_amount":"391","product_price_currency":"MXN","og_availability":"backorder","product_availability":"available for order","product_retailer_item_id":"MC500","product_condition":"new"},"_links":{"self":[{"href":"https:\/\/compuviper.mx\/tienda\/wp-json\/wp\/v2\/product\/267909"}],"collection":[{"href":"https:\/\/compuviper.mx\/tienda\/wp-json\/wp\/v2\/product"}],"about":[{"href":"https:\/\/compuviper.mx\/tienda\/wp-json\/wp\/v2\/types\/product"}],"replies":[{"embeddable":true,"href":"https:\/\/compuviper.mx\/tienda\/wp-json\/wp\/v2\/comments?post=267909"}],"wp:attachment":[{"href":"https:\/\/compuviper.mx\/tienda\/wp-json\/wp\/v2\/media?parent=267909"}],"wp:term":[{"taxonomy":"product_cat","embeddable":true,"href":"https:\/\/compuviper.mx\/tienda\/wp-json\/wp\/v2\/product_cat?post=267909"},{"taxonomy":"product_tag","embeddable":true,"href":"https:\/\/compuviper.mx\/tienda\/wp-json\/wp\/v2\/product_tag?post=267909"}],"curies":[{"name":"wp","href":"https:\/\/api.w.org\/{rel}","templated":true}]}}