{"id":267908,"date":"2026-04-02T00:10:59","date_gmt":"2026-04-02T06:10:59","guid":{"rendered":"https:\/\/compuviper.mx\/tienda\/producto\/acteck-ac-944007-gabinete-rex-pro-gi757-mini-torre-micro-atx-mini-itx-panel-de-metal-malla-5-aos-de-garantia-negro\/"},"modified":"2026-04-02T00:10:59","modified_gmt":"2026-04-02T06:10:59","slug":"acteck-ac-944007-gabinete-rex-pro-gi757-mini-torre-micro-atx-mini-itx-panel-de-metal-malla-5-aos-de-garantia-negro","status":"publish","type":"product","link":"https:\/\/compuviper.mx\/tienda\/producto\/acteck-ac-944007-gabinete-rex-pro-gi757-mini-torre-micro-atx-mini-itx-panel-de-metal-malla-5-aos-de-garantia-negro\/","title":{"rendered":"Acteck Ac-944007 Gabinete  Rex Pro Gi757 \/ Mini Torre \/ Micro Atx, Mini Itx \/ Panel De Metal + Malla \/ 5 A?os De Garantia \/ Negro \/"},"content":{"rendered":"<table class=\"descripcion\">\n<tr>\n<td>Especificaciones<\/td>\n<\/tr>\n<tr>\n<td>\u0095 producto: gabinete<\/td>\n<\/tr>\n<tr>\n<td>\u0095 modelo: ac-944007<\/td>\n<\/tr>\n<tr>\n<td>\u0095 factor de forma: mini torre<\/td>\n<\/tr>\n<tr>\n<td>\u0095 color: negro<\/td>\n<\/tr>\n<tr>\n<td>\u0095 materiales<\/td>\n<\/tr>\n<tr>\n<td>Exterior: full metal<\/td>\n<\/tr>\n<tr>\n<td>Panel izquierdo: metal<\/td>\n<\/tr>\n<tr>\n<td>Panel derecho: metal<\/td>\n<\/tr>\n<tr>\n<td>Panel frontal: metal + malla<\/td>\n<\/tr>\n<tr>\n<td>Tipo de acero y grosor: spcc 0.6 mm<\/td>\n<\/tr>\n<tr>\n<td>\u0095 dimensiones (largo x ancho x alto): 28 x 18.8 x 35 cm<\/td>\n<\/tr>\n<tr>\n<td>\u0095 peso: 2.4 kg<\/td>\n<\/tr>\n<tr>\n<td>\u0095 soporte tarjeta madre: micro atx \/ mini itx<\/td>\n<\/tr>\n<tr>\n<td>\u0095 slots expandibles: 4<\/td>\n<\/tr>\n<tr>\n<td>\u0095 bahias para unidades<\/td>\n<\/tr>\n<tr>\n<td>3.5 pulgadas hdd: 1<\/td>\n<\/tr>\n<tr>\n<td>2.5 pulgadas ssd: 2<\/td>\n<\/tr>\n<tr>\n<td>\u0095 panel i\/o<\/td>\n<\/tr>\n<tr>\n<td>Puertos usb: 1x tipo c + 1x usb 3.0 + 1x usb 2.0<\/td>\n<\/tr>\n<tr>\n<td>Audio: 1x 3.5 mm dual hd audio + mic<\/td>\n<\/tr>\n<tr>\n<td>\u0095 ventiladores<\/td>\n<\/tr>\n<tr>\n<td>Trasero: 1x 120 mm<\/td>\n<\/tr>\n<tr>\n<td>\u0095 radiador<\/td>\n<\/tr>\n<tr>\n<td>Trasero: 1x 120 mm<\/td>\n<\/tr>\n<tr>\n<td>\u0095 toleracia<\/td>\n<\/tr>\n<tr>\n<td>Enfriamiento cpu torre: 162 mm<\/td>\n<\/tr>\n<tr>\n<td>Tarjetas graficas: 270 mm<\/td>\n<\/tr>\n<tr>\n<td>\u0095 cableado<\/td>\n<\/tr>\n<tr>\n<td>Detras de mb: 25 mm<\/td>\n<\/tr>\n<tr>\n<td>\u0095 fuente de poder<\/td>\n<\/tr>\n<tr>\n<td>Tipo: atx (no incluida)<\/td>\n<\/tr>\n<tr>\n<td>Ubicacion: superior trasera<\/td>\n<\/tr>\n<tr>\n<td>\u0095 accesorios: si<\/td>\n<\/tr>\n<tr>\n<td>\u0095 boton de encendido: si<\/td>\n<\/tr>\n<tr>\n<td>\u0095 led hdd: si<\/td>\n<\/tr>\n<\/table>\n","protected":false},"excerpt":{"rendered":"<p>\u0095  versatilidad: soporta placas micro atx y mini itx. \u0095  dise\u00f1o compacto: ideal para espacios reducidos o proyectos institucionales. \u0095  conectividad moderna: incluye puerto usb-c ademas de usb 3.0 y 2.0. \u0095  almacenamiento flexible: espacio para hdd y ssd. \u0095  buen rendimiento termico: soporta ventiladores y tarjetas graficas de tama\u00f1o medio.<\/p>\n","protected":false},"featured_media":0,"comment_status":"open","ping_status":"open","template":"","meta":[],"product_cat":[1674,1945],"product_tag":[1582],"acf":[],"yoast_head":"<!-- This site is optimized with the Yoast SEO plugin v21.7 - https:\/\/yoast.com\/wordpress\/plugins\/seo\/ -->\n<title>[ Acteck ] &#129351; Ac-944007 Gabinete Rex Pro Gi757 \/ Mini Torre \/ Micro Atx, Mini Itx \/ Panel De Metal + Malla \/ 5 A\u00f1os De Garantia \/ Negro \/<\/title>\n<meta name=\"description\" content=\"Compra Ac-944007 Gabinete Rex Pro Gi757 \/ Mini Torre \/ Micro Atx, Mini Itx \/ Panel De Metal + Malla \/ 5 A\u00f1os De Garantia \/ Negro \/ + Env\u00edo a domicilio + Pago seguro + Garant\u00eda\" \/>\n<meta name=\"robots\" content=\"index, follow, max-snippet:-1, max-image-preview:large, max-video-preview:-1\" \/>\n<link rel=\"canonical\" href=\"https:\/\/compuviper.mx\/tienda\/producto\/acteck-ac-944007-gabinete-rex-pro-gi757-mini-torre-micro-atx-mini-itx-panel-de-metal-malla-5-aos-de-garantia-negro\/\" \/>\n<meta property=\"og:locale\" content=\"es_MX\" \/>\n<meta property=\"og:type\" content=\"article\" \/>\n<meta property=\"og:title\" content=\"[ Acteck ] &#129351; Ac-944007 Gabinete Rex Pro Gi757 \/ Mini Torre \/ Micro Atx, Mini Itx \/ Panel De Metal + Malla \/ 5 A\u00f1os De Garantia \/ Negro \/\" \/>\n<meta property=\"og:description\" content=\"Compra Ac-944007 Gabinete Rex Pro Gi757 \/ Mini Torre \/ Micro Atx, Mini Itx \/ Panel De Metal + Malla \/ 5 A\u00f1os De Garantia \/ Negro \/ + Env\u00edo a domicilio + Pago seguro + Garant\u00eda\" \/>\n<meta property=\"og:url\" content=\"https:\/\/compuviper.mx\/tienda\/producto\/acteck-ac-944007-gabinete-rex-pro-gi757-mini-torre-micro-atx-mini-itx-panel-de-metal-malla-5-aos-de-garantia-negro\/\" \/>\n<meta property=\"og:site_name\" content=\"Compuviper\" \/>\n<meta property=\"article:publisher\" content=\"https:\/\/www.facebook.com\/compuviper\" \/>\n<meta name=\"twitter:card\" content=\"summary_large_image\" \/>\n<meta name=\"twitter:label1\" content=\"Precio\" \/>\n\t<meta name=\"twitter:data1\" content=\"&#36;464 &#36;441 con IVA\" \/>\n\t<meta name=\"twitter:label2\" content=\"Availability\" \/>\n\t<meta name=\"twitter:data2\" content=\"On backorder\" \/>\n<script type=\"application\/ld+json\" class=\"yoast-schema-graph\">{\"@context\":\"https:\/\/schema.org\",\"@graph\":[{\"@type\":\"WebPage\",\"@id\":\"https:\/\/compuviper.mx\/tienda\/producto\/acteck-ac-944007-gabinete-rex-pro-gi757-mini-torre-micro-atx-mini-itx-panel-de-metal-malla-5-aos-de-garantia-negro\/\",\"url\":\"https:\/\/compuviper.mx\/tienda\/producto\/acteck-ac-944007-gabinete-rex-pro-gi757-mini-torre-micro-atx-mini-itx-panel-de-metal-malla-5-aos-de-garantia-negro\/\",\"name\":\"[ Acteck ] &#129351; Ac-944007 Gabinete Rex Pro Gi757 \/ Mini Torre \/ Micro Atx, Mini Itx \/ Panel De Metal + Malla \/ 5 A\u00f1os De Garantia \/ Negro \/\",\"isPartOf\":{\"@id\":\"https:\/\/compuviper.mx\/tienda\/#website\"},\"datePublished\":\"2026-04-02T06:10:59+00:00\",\"dateModified\":\"2026-04-02T06:10:59+00:00\",\"description\":\"Compra Ac-944007 Gabinete Rex Pro Gi757 \/ Mini Torre \/ Micro Atx, Mini Itx \/ Panel De Metal + Malla \/ 5 A\u00f1os De Garantia \/ Negro \/ + Env\u00edo a domicilio + Pago seguro + Garant\u00eda\",\"breadcrumb\":{\"@id\":\"https:\/\/compuviper.mx\/tienda\/producto\/acteck-ac-944007-gabinete-rex-pro-gi757-mini-torre-micro-atx-mini-itx-panel-de-metal-malla-5-aos-de-garantia-negro\/#breadcrumb\"},\"inLanguage\":\"es-MX\",\"potentialAction\":[{\"@type\":\"ReadAction\",\"target\":[\"https:\/\/compuviper.mx\/tienda\/producto\/acteck-ac-944007-gabinete-rex-pro-gi757-mini-torre-micro-atx-mini-itx-panel-de-metal-malla-5-aos-de-garantia-negro\/\"]}]},{\"@type\":\"BreadcrumbList\",\"@id\":\"https:\/\/compuviper.mx\/tienda\/producto\/acteck-ac-944007-gabinete-rex-pro-gi757-mini-torre-micro-atx-mini-itx-panel-de-metal-malla-5-aos-de-garantia-negro\/#breadcrumb\",\"itemListElement\":[{\"@type\":\"ListItem\",\"position\":1,\"name\":\"Inicio\",\"item\":\"https:\/\/compuviper.mx\/tienda\/\"},{\"@type\":\"ListItem\",\"position\":2,\"name\":\"Productos\",\"item\":\"https:\/\/compuviper.mx\/tienda\/productos\/\"},{\"@type\":\"ListItem\",\"position\":3,\"name\":\"Gabinetes\",\"item\":\"https:\/\/compuviper.mx\/tienda\/categoria-producto\/gabinetes\/\"},{\"@type\":\"ListItem\",\"position\":4,\"name\":\"Mini Torre\",\"item\":\"https:\/\/compuviper.mx\/tienda\/categoria-producto\/gabinetes\/mini-torre\/\"},{\"@type\":\"ListItem\",\"position\":5,\"name\":\"Acteck Ac-944007 Gabinete Rex Pro Gi757 \/ Mini Torre \/ Micro Atx, Mini Itx \/ Panel De Metal + Malla \/ 5 A?os De Garantia \/ Negro \/\"}]},{\"@type\":\"WebSite\",\"@id\":\"https:\/\/compuviper.mx\/tienda\/#website\",\"url\":\"https:\/\/compuviper.mx\/tienda\/\",\"name\":\"Compuviper\",\"description\":\"Proveedor de Computadoras, Laptops, Servidores, Monitores, Puntos de Venta, Teclados,   Impresoras, T\u00f3ner, C\u00e1maras de Seguridad y m\u00e1s en tu tienda en l\u00ednea\",\"publisher\":{\"@id\":\"https:\/\/compuviper.mx\/tienda\/#organization\"},\"potentialAction\":[{\"@type\":\"SearchAction\",\"target\":{\"@type\":\"EntryPoint\",\"urlTemplate\":\"https:\/\/compuviper.mx\/tienda\/?s={search_term_string}\"},\"query-input\":\"required name=search_term_string\"}],\"inLanguage\":\"es-MX\"},{\"@type\":\"Organization\",\"@id\":\"https:\/\/compuviper.mx\/tienda\/#organization\",\"name\":\"Compuviper\",\"url\":\"https:\/\/compuviper.mx\/tienda\/\",\"logo\":{\"@type\":\"ImageObject\",\"inLanguage\":\"es-MX\",\"@id\":\"https:\/\/compuviper.mx\/tienda\/#\/schema\/logo\/image\/\",\"url\":\"https:\/\/compuviper.mx\/tienda\/wp-content\/uploads\/2021\/08\/Logo-Compuviper-10.png\",\"contentUrl\":\"https:\/\/compuviper.mx\/tienda\/wp-content\/uploads\/2021\/08\/Logo-Compuviper-10.png\",\"width\":1000,\"height\":500,\"caption\":\"Compuviper\"},\"image\":{\"@id\":\"https:\/\/compuviper.mx\/tienda\/#\/schema\/logo\/image\/\"},\"sameAs\":[\"https:\/\/www.facebook.com\/compuviper\",\"https:\/\/www.youtube.com\/channel\/UCf73dERp9Y3cfOq7q8BhLjA?view_as=subscriber\"]}]}<\/script>\n<meta property=\"product:brand\" content=\"ACTECK\" \/>\n<meta property=\"product:price:amount\" content=\"441\" \/>\n<meta property=\"product:price:currency\" content=\"MXN\" \/>\n<meta property=\"og:availability\" content=\"backorder\" \/>\n<meta property=\"product:availability\" content=\"available for order\" \/>\n<meta property=\"product:retailer_item_id\" content=\"AC-944007\" \/>\n<meta property=\"product:condition\" content=\"new\" \/>\n<!-- \/ Yoast SEO plugin. -->","yoast_head_json":{"title":"[ Acteck ] &#129351; Ac-944007 Gabinete Rex Pro Gi757 \/ Mini Torre \/ Micro Atx, Mini Itx \/ Panel De Metal + Malla \/ 5 A\u00f1os De Garantia \/ Negro \/","description":"Compra Ac-944007 Gabinete Rex Pro Gi757 \/ Mini Torre \/ Micro Atx, Mini Itx \/ Panel De Metal + Malla \/ 5 A\u00f1os De Garantia \/ Negro \/ + Env\u00edo a domicilio + Pago seguro + Garant\u00eda","robots":{"index":"index","follow":"follow","max-snippet":"max-snippet:-1","max-image-preview":"max-image-preview:large","max-video-preview":"max-video-preview:-1"},"canonical":"https:\/\/compuviper.mx\/tienda\/producto\/acteck-ac-944007-gabinete-rex-pro-gi757-mini-torre-micro-atx-mini-itx-panel-de-metal-malla-5-aos-de-garantia-negro\/","og_locale":"es_MX","og_type":"article","og_title":"[ Acteck ] &#129351; Ac-944007 Gabinete Rex Pro Gi757 \/ Mini Torre \/ Micro Atx, Mini Itx \/ Panel De Metal + Malla \/ 5 A\u00f1os De Garantia \/ Negro \/","og_description":"Compra Ac-944007 Gabinete Rex Pro Gi757 \/ Mini Torre \/ Micro Atx, Mini Itx \/ Panel De Metal + Malla \/ 5 A\u00f1os De Garantia \/ Negro \/ + Env\u00edo a domicilio + Pago seguro + Garant\u00eda","og_url":"https:\/\/compuviper.mx\/tienda\/producto\/acteck-ac-944007-gabinete-rex-pro-gi757-mini-torre-micro-atx-mini-itx-panel-de-metal-malla-5-aos-de-garantia-negro\/","og_site_name":"Compuviper","article_publisher":"https:\/\/www.facebook.com\/compuviper","twitter_card":"summary_large_image","twitter_misc":{"Precio":"&#36;464 &#36;441 con IVA","Availability":"On backorder"},"schema":{"@context":"https:\/\/schema.org","@graph":[{"@type":"WebPage","@id":"https:\/\/compuviper.mx\/tienda\/producto\/acteck-ac-944007-gabinete-rex-pro-gi757-mini-torre-micro-atx-mini-itx-panel-de-metal-malla-5-aos-de-garantia-negro\/","url":"https:\/\/compuviper.mx\/tienda\/producto\/acteck-ac-944007-gabinete-rex-pro-gi757-mini-torre-micro-atx-mini-itx-panel-de-metal-malla-5-aos-de-garantia-negro\/","name":"[ Acteck ] &#129351; Ac-944007 Gabinete Rex Pro Gi757 \/ Mini Torre \/ Micro Atx, Mini Itx \/ Panel De Metal + Malla \/ 5 A\u00f1os De Garantia \/ Negro \/","isPartOf":{"@id":"https:\/\/compuviper.mx\/tienda\/#website"},"datePublished":"2026-04-02T06:10:59+00:00","dateModified":"2026-04-02T06:10:59+00:00","description":"Compra Ac-944007 Gabinete Rex Pro Gi757 \/ Mini Torre \/ Micro Atx, Mini Itx \/ Panel De Metal + Malla \/ 5 A\u00f1os De Garantia \/ Negro \/ + Env\u00edo a domicilio + Pago seguro + Garant\u00eda","breadcrumb":{"@id":"https:\/\/compuviper.mx\/tienda\/producto\/acteck-ac-944007-gabinete-rex-pro-gi757-mini-torre-micro-atx-mini-itx-panel-de-metal-malla-5-aos-de-garantia-negro\/#breadcrumb"},"inLanguage":"es-MX","potentialAction":[{"@type":"ReadAction","target":["https:\/\/compuviper.mx\/tienda\/producto\/acteck-ac-944007-gabinete-rex-pro-gi757-mini-torre-micro-atx-mini-itx-panel-de-metal-malla-5-aos-de-garantia-negro\/"]}]},{"@type":"BreadcrumbList","@id":"https:\/\/compuviper.mx\/tienda\/producto\/acteck-ac-944007-gabinete-rex-pro-gi757-mini-torre-micro-atx-mini-itx-panel-de-metal-malla-5-aos-de-garantia-negro\/#breadcrumb","itemListElement":[{"@type":"ListItem","position":1,"name":"Inicio","item":"https:\/\/compuviper.mx\/tienda\/"},{"@type":"ListItem","position":2,"name":"Productos","item":"https:\/\/compuviper.mx\/tienda\/productos\/"},{"@type":"ListItem","position":3,"name":"Gabinetes","item":"https:\/\/compuviper.mx\/tienda\/categoria-producto\/gabinetes\/"},{"@type":"ListItem","position":4,"name":"Mini Torre","item":"https:\/\/compuviper.mx\/tienda\/categoria-producto\/gabinetes\/mini-torre\/"},{"@type":"ListItem","position":5,"name":"Acteck Ac-944007 Gabinete Rex Pro Gi757 \/ Mini Torre \/ Micro Atx, Mini Itx \/ Panel De Metal + Malla \/ 5 A?os De Garantia \/ Negro \/"}]},{"@type":"WebSite","@id":"https:\/\/compuviper.mx\/tienda\/#website","url":"https:\/\/compuviper.mx\/tienda\/","name":"Compuviper","description":"Proveedor de Computadoras, Laptops, Servidores, Monitores, Puntos de Venta, Teclados,   Impresoras, T\u00f3ner, C\u00e1maras de Seguridad y m\u00e1s en tu tienda en l\u00ednea","publisher":{"@id":"https:\/\/compuviper.mx\/tienda\/#organization"},"potentialAction":[{"@type":"SearchAction","target":{"@type":"EntryPoint","urlTemplate":"https:\/\/compuviper.mx\/tienda\/?s={search_term_string}"},"query-input":"required name=search_term_string"}],"inLanguage":"es-MX"},{"@type":"Organization","@id":"https:\/\/compuviper.mx\/tienda\/#organization","name":"Compuviper","url":"https:\/\/compuviper.mx\/tienda\/","logo":{"@type":"ImageObject","inLanguage":"es-MX","@id":"https:\/\/compuviper.mx\/tienda\/#\/schema\/logo\/image\/","url":"https:\/\/compuviper.mx\/tienda\/wp-content\/uploads\/2021\/08\/Logo-Compuviper-10.png","contentUrl":"https:\/\/compuviper.mx\/tienda\/wp-content\/uploads\/2021\/08\/Logo-Compuviper-10.png","width":1000,"height":500,"caption":"Compuviper"},"image":{"@id":"https:\/\/compuviper.mx\/tienda\/#\/schema\/logo\/image\/"},"sameAs":["https:\/\/www.facebook.com\/compuviper","https:\/\/www.youtube.com\/channel\/UCf73dERp9Y3cfOq7q8BhLjA?view_as=subscriber"]}]},"product_brand":"ACTECK","product_price_amount":"441","product_price_currency":"MXN","og_availability":"backorder","product_availability":"available for order","product_retailer_item_id":"AC-944007","product_condition":"new"},"_links":{"self":[{"href":"https:\/\/compuviper.mx\/tienda\/wp-json\/wp\/v2\/product\/267908"}],"collection":[{"href":"https:\/\/compuviper.mx\/tienda\/wp-json\/wp\/v2\/product"}],"about":[{"href":"https:\/\/compuviper.mx\/tienda\/wp-json\/wp\/v2\/types\/product"}],"replies":[{"embeddable":true,"href":"https:\/\/compuviper.mx\/tienda\/wp-json\/wp\/v2\/comments?post=267908"}],"wp:attachment":[{"href":"https:\/\/compuviper.mx\/tienda\/wp-json\/wp\/v2\/media?parent=267908"}],"wp:term":[{"taxonomy":"product_cat","embeddable":true,"href":"https:\/\/compuviper.mx\/tienda\/wp-json\/wp\/v2\/product_cat?post=267908"},{"taxonomy":"product_tag","embeddable":true,"href":"https:\/\/compuviper.mx\/tienda\/wp-json\/wp\/v2\/product_tag?post=267908"}],"curies":[{"name":"wp","href":"https:\/\/api.w.org\/{rel}","templated":true}]}}