{"id":267906,"date":"2026-04-02T00:07:45","date_gmt":"2026-04-02T06:07:45","guid":{"rendered":"https:\/\/compuviper.mx\/tienda\/producto\/qnap-sp-8bay2u-s-psu-fuente-de-poder-de-300w-diseada-para-nas-en-formato-rack-2u-de-8-bahias-ideal-como-reemplazo-o-refacciones-garantiza-un-suministro-electrico-solo-compatible-con-nas\/"},"modified":"2026-04-02T00:07:45","modified_gmt":"2026-04-02T06:07:45","slug":"qnap-sp-8bay2u-s-psu-fuente-de-poder-de-300w-diseada-para-nas-en-formato-rack-2u-de-8-bahias-ideal-como-reemplazo-o-refacciones-garantiza-un-suministro-electrico-solo-compatible-con-nas","status":"publish","type":"product","link":"https:\/\/compuviper.mx\/tienda\/producto\/qnap-sp-8bay2u-s-psu-fuente-de-poder-de-300w-diseada-para-nas-en-formato-rack-2u-de-8-bahias-ideal-como-reemplazo-o-refacciones-garantiza-un-suministro-electrico-solo-compatible-con-nas\/","title":{"rendered":"Qnap Sp-8bay2u-s-psu Fuente De Poder De 300w Dise?ada Para Nas  En Formato Rack 2u De 8 Bahias. Ideal Como Reemplazo O Refacciones, Garantiza Un Suministro Electrico Solo Compatible Con Nas"},"content":{"rendered":"<table class=\"descripcion\">\n<tr>\n<td>Tipo de producto: fuente de poder (psu) para nas\/nvr en rack<\/td>\n<\/tr>\n<tr>\n<td>Formato: rackmount 2u<\/td>\n<\/tr>\n<tr>\n<td>Aplicaci\u00f3n: servidores nas de 8 bah\u00edas<\/td>\n<\/tr>\n<tr>\n<td>Potencia total: 300 w<\/td>\n<\/tr>\n<tr>\n<td>Voltaje \/ desempe\u00f1o: suministro estable para cargas de trabajo en servidores<\/td>\n<\/tr>\n<tr>\n<td>Compatibilidad:<\/td>\n<\/tr>\n<tr>\n<td>Ts-809u-rp<\/td>\n<\/tr>\n<tr>\n<td>Ts-859u-rp \/ ts-859u-rp+<\/td>\n<\/tr>\n<tr>\n<td>Ts-869u-rp \/ ts-879u-rp \/ ts-870u-rp \/ ts-ec879u-rp<\/td>\n<\/tr>\n<tr>\n<td>Vs-8024u-rp \/ vs-8032u-rp \/ vs-8040u-rp<\/td>\n<\/tr>\n<\/table>\n","protected":false},"excerpt":{"rendered":"<p>Fuente de poder de 300w dise\u00f1ada para equipos nas en formato rack 2u de 8 bah\u00edas. Ofrece un suministro el\u00e9ctrico estable y confiable, ideal para mantener la continuidad operativa en entornos empresariales. Su dise\u00f1o compacto facilita la instalaci\u00f3n y reemplazo, siendo una soluci\u00f3n eficiente como refacci\u00f3n o respaldo para sistemas qnap compatibles.<\/p>\n","protected":false},"featured_media":0,"comment_status":"open","ping_status":"open","template":"","meta":[],"product_cat":[1508,1672],"product_tag":[2110],"acf":[],"yoast_head":"<!-- This site is optimized with the Yoast SEO plugin v21.7 - https:\/\/yoast.com\/wordpress\/plugins\/seo\/ -->\n<title>[ Qnap ] &#129351; Sp-8bay2u-s-psu Fuente De Poder De 300w Dise\u00f1ada Para Nas En Formato Rack 2u De 8 Bahias. Ideal Como Reemplazo O Refacciones, Garantiza Un Suministro Electrico Solo Compatible Con Nas<\/title>\n<meta name=\"description\" content=\"Compra Sp-8bay2u-s-psu Fuente De Poder De 300w Dise\u00f1ada Para Nas En Formato Rack 2u De 8 Bahias. Ideal Como Reemplazo O Refacciones, Garantiza Un Suministro Electrico Solo Compatible Con Nas + Env\u00edo a domicilio + Pago seguro + Garant\u00eda\" \/>\n<meta name=\"robots\" content=\"index, follow, max-snippet:-1, max-image-preview:large, max-video-preview:-1\" \/>\n<link rel=\"canonical\" href=\"https:\/\/compuviper.mx\/tienda\/producto\/qnap-sp-8bay2u-s-psu-fuente-de-poder-de-300w-diseada-para-nas-en-formato-rack-2u-de-8-bahias-ideal-como-reemplazo-o-refacciones-garantiza-un-suministro-electrico-solo-compatible-con-nas\/\" \/>\n<meta property=\"og:locale\" content=\"es_MX\" \/>\n<meta property=\"og:type\" content=\"article\" \/>\n<meta property=\"og:title\" content=\"[ Qnap ] &#129351; Sp-8bay2u-s-psu Fuente De Poder De 300w Dise\u00f1ada Para Nas En Formato Rack 2u De 8 Bahias. Ideal Como Reemplazo O Refacciones, Garantiza Un Suministro Electrico Solo Compatible Con Nas\" \/>\n<meta property=\"og:description\" content=\"Compra Sp-8bay2u-s-psu Fuente De Poder De 300w Dise\u00f1ada Para Nas En Formato Rack 2u De 8 Bahias. Ideal Como Reemplazo O Refacciones, Garantiza Un Suministro Electrico Solo Compatible Con Nas + Env\u00edo a domicilio + Pago seguro + Garant\u00eda\" \/>\n<meta property=\"og:url\" content=\"https:\/\/compuviper.mx\/tienda\/producto\/qnap-sp-8bay2u-s-psu-fuente-de-poder-de-300w-diseada-para-nas-en-formato-rack-2u-de-8-bahias-ideal-como-reemplazo-o-refacciones-garantiza-un-suministro-electrico-solo-compatible-con-nas\/\" \/>\n<meta property=\"og:site_name\" content=\"Compuviper\" \/>\n<meta property=\"article:publisher\" content=\"https:\/\/www.facebook.com\/compuviper\" \/>\n<meta name=\"twitter:card\" content=\"summary_large_image\" \/>\n<meta name=\"twitter:label1\" content=\"Precio\" \/>\n\t<meta name=\"twitter:data1\" content=\"&#36;5,628 con IVA\" \/>\n\t<meta name=\"twitter:label2\" content=\"Availability\" \/>\n\t<meta name=\"twitter:data2\" content=\"On backorder\" \/>\n<script type=\"application\/ld+json\" class=\"yoast-schema-graph\">{\"@context\":\"https:\/\/schema.org\",\"@graph\":[{\"@type\":\"WebPage\",\"@id\":\"https:\/\/compuviper.mx\/tienda\/producto\/qnap-sp-8bay2u-s-psu-fuente-de-poder-de-300w-diseada-para-nas-en-formato-rack-2u-de-8-bahias-ideal-como-reemplazo-o-refacciones-garantiza-un-suministro-electrico-solo-compatible-con-nas\/\",\"url\":\"https:\/\/compuviper.mx\/tienda\/producto\/qnap-sp-8bay2u-s-psu-fuente-de-poder-de-300w-diseada-para-nas-en-formato-rack-2u-de-8-bahias-ideal-como-reemplazo-o-refacciones-garantiza-un-suministro-electrico-solo-compatible-con-nas\/\",\"name\":\"[ Qnap ] &#129351; Sp-8bay2u-s-psu Fuente De Poder De 300w Dise\u00f1ada Para Nas En Formato Rack 2u De 8 Bahias. Ideal Como Reemplazo O Refacciones, Garantiza Un Suministro Electrico Solo Compatible Con Nas\",\"isPartOf\":{\"@id\":\"https:\/\/compuviper.mx\/tienda\/#website\"},\"datePublished\":\"2026-04-02T06:07:45+00:00\",\"dateModified\":\"2026-04-02T06:07:45+00:00\",\"description\":\"Compra Sp-8bay2u-s-psu Fuente De Poder De 300w Dise\u00f1ada Para Nas En Formato Rack 2u De 8 Bahias. Ideal Como Reemplazo O Refacciones, Garantiza Un Suministro Electrico Solo Compatible Con Nas + Env\u00edo a domicilio + Pago seguro + Garant\u00eda\",\"breadcrumb\":{\"@id\":\"https:\/\/compuviper.mx\/tienda\/producto\/qnap-sp-8bay2u-s-psu-fuente-de-poder-de-300w-diseada-para-nas-en-formato-rack-2u-de-8-bahias-ideal-como-reemplazo-o-refacciones-garantiza-un-suministro-electrico-solo-compatible-con-nas\/#breadcrumb\"},\"inLanguage\":\"es-MX\",\"potentialAction\":[{\"@type\":\"ReadAction\",\"target\":[\"https:\/\/compuviper.mx\/tienda\/producto\/qnap-sp-8bay2u-s-psu-fuente-de-poder-de-300w-diseada-para-nas-en-formato-rack-2u-de-8-bahias-ideal-como-reemplazo-o-refacciones-garantiza-un-suministro-electrico-solo-compatible-con-nas\/\"]}]},{\"@type\":\"BreadcrumbList\",\"@id\":\"https:\/\/compuviper.mx\/tienda\/producto\/qnap-sp-8bay2u-s-psu-fuente-de-poder-de-300w-diseada-para-nas-en-formato-rack-2u-de-8-bahias-ideal-como-reemplazo-o-refacciones-garantiza-un-suministro-electrico-solo-compatible-con-nas\/#breadcrumb\",\"itemListElement\":[{\"@type\":\"ListItem\",\"position\":1,\"name\":\"Inicio\",\"item\":\"https:\/\/compuviper.mx\/tienda\/\"},{\"@type\":\"ListItem\",\"position\":2,\"name\":\"Productos\",\"item\":\"https:\/\/compuviper.mx\/tienda\/productos\/\"},{\"@type\":\"ListItem\",\"position\":3,\"name\":\"Energia\",\"item\":\"https:\/\/compuviper.mx\/tienda\/categoria-producto\/energia\/\"},{\"@type\":\"ListItem\",\"position\":4,\"name\":\"Fuentes De Poder\",\"item\":\"https:\/\/compuviper.mx\/tienda\/categoria-producto\/energia\/fuentes-de-poder\/\"},{\"@type\":\"ListItem\",\"position\":5,\"name\":\"Qnap Sp-8bay2u-s-psu Fuente De Poder De 300w Dise?ada Para Nas En Formato Rack 2u De 8 Bahias. Ideal Como Reemplazo O Refacciones, Garantiza Un Suministro Electrico Solo Compatible Con Nas\"}]},{\"@type\":\"WebSite\",\"@id\":\"https:\/\/compuviper.mx\/tienda\/#website\",\"url\":\"https:\/\/compuviper.mx\/tienda\/\",\"name\":\"Compuviper\",\"description\":\"Proveedor de Computadoras, Laptops, Servidores, Monitores, Puntos de Venta, Teclados,   Impresoras, T\u00f3ner, C\u00e1maras de Seguridad y m\u00e1s en tu tienda en l\u00ednea\",\"publisher\":{\"@id\":\"https:\/\/compuviper.mx\/tienda\/#organization\"},\"potentialAction\":[{\"@type\":\"SearchAction\",\"target\":{\"@type\":\"EntryPoint\",\"urlTemplate\":\"https:\/\/compuviper.mx\/tienda\/?s={search_term_string}\"},\"query-input\":\"required name=search_term_string\"}],\"inLanguage\":\"es-MX\"},{\"@type\":\"Organization\",\"@id\":\"https:\/\/compuviper.mx\/tienda\/#organization\",\"name\":\"Compuviper\",\"url\":\"https:\/\/compuviper.mx\/tienda\/\",\"logo\":{\"@type\":\"ImageObject\",\"inLanguage\":\"es-MX\",\"@id\":\"https:\/\/compuviper.mx\/tienda\/#\/schema\/logo\/image\/\",\"url\":\"https:\/\/compuviper.mx\/tienda\/wp-content\/uploads\/2021\/08\/Logo-Compuviper-10.png\",\"contentUrl\":\"https:\/\/compuviper.mx\/tienda\/wp-content\/uploads\/2021\/08\/Logo-Compuviper-10.png\",\"width\":1000,\"height\":500,\"caption\":\"Compuviper\"},\"image\":{\"@id\":\"https:\/\/compuviper.mx\/tienda\/#\/schema\/logo\/image\/\"},\"sameAs\":[\"https:\/\/www.facebook.com\/compuviper\",\"https:\/\/www.youtube.com\/channel\/UCf73dERp9Y3cfOq7q8BhLjA?view_as=subscriber\"]}]}<\/script>\n<meta property=\"product:brand\" content=\"Qnap\" \/>\n<meta property=\"product:price:amount\" content=\"5628\" \/>\n<meta property=\"product:price:currency\" content=\"MXN\" \/>\n<meta property=\"og:availability\" content=\"backorder\" \/>\n<meta property=\"product:availability\" content=\"available for order\" \/>\n<meta property=\"product:retailer_item_id\" content=\"SP-8BAY2U-S-PSU\" \/>\n<meta property=\"product:condition\" content=\"new\" \/>\n<!-- \/ Yoast SEO plugin. -->","yoast_head_json":{"title":"[ Qnap ] &#129351; Sp-8bay2u-s-psu Fuente De Poder De 300w Dise\u00f1ada Para Nas En Formato Rack 2u De 8 Bahias. Ideal Como Reemplazo O Refacciones, Garantiza Un Suministro Electrico Solo Compatible Con Nas","description":"Compra Sp-8bay2u-s-psu Fuente De Poder De 300w Dise\u00f1ada Para Nas En Formato Rack 2u De 8 Bahias. Ideal Como Reemplazo O Refacciones, Garantiza Un Suministro Electrico Solo Compatible Con Nas + Env\u00edo a domicilio + Pago seguro + Garant\u00eda","robots":{"index":"index","follow":"follow","max-snippet":"max-snippet:-1","max-image-preview":"max-image-preview:large","max-video-preview":"max-video-preview:-1"},"canonical":"https:\/\/compuviper.mx\/tienda\/producto\/qnap-sp-8bay2u-s-psu-fuente-de-poder-de-300w-diseada-para-nas-en-formato-rack-2u-de-8-bahias-ideal-como-reemplazo-o-refacciones-garantiza-un-suministro-electrico-solo-compatible-con-nas\/","og_locale":"es_MX","og_type":"article","og_title":"[ Qnap ] &#129351; Sp-8bay2u-s-psu Fuente De Poder De 300w Dise\u00f1ada Para Nas En Formato Rack 2u De 8 Bahias. Ideal Como Reemplazo O Refacciones, Garantiza Un Suministro Electrico Solo Compatible Con Nas","og_description":"Compra Sp-8bay2u-s-psu Fuente De Poder De 300w Dise\u00f1ada Para Nas En Formato Rack 2u De 8 Bahias. Ideal Como Reemplazo O Refacciones, Garantiza Un Suministro Electrico Solo Compatible Con Nas + Env\u00edo a domicilio + Pago seguro + Garant\u00eda","og_url":"https:\/\/compuviper.mx\/tienda\/producto\/qnap-sp-8bay2u-s-psu-fuente-de-poder-de-300w-diseada-para-nas-en-formato-rack-2u-de-8-bahias-ideal-como-reemplazo-o-refacciones-garantiza-un-suministro-electrico-solo-compatible-con-nas\/","og_site_name":"Compuviper","article_publisher":"https:\/\/www.facebook.com\/compuviper","twitter_card":"summary_large_image","twitter_misc":{"Precio":"&#36;5,628 con IVA","Availability":"On backorder"},"schema":{"@context":"https:\/\/schema.org","@graph":[{"@type":"WebPage","@id":"https:\/\/compuviper.mx\/tienda\/producto\/qnap-sp-8bay2u-s-psu-fuente-de-poder-de-300w-diseada-para-nas-en-formato-rack-2u-de-8-bahias-ideal-como-reemplazo-o-refacciones-garantiza-un-suministro-electrico-solo-compatible-con-nas\/","url":"https:\/\/compuviper.mx\/tienda\/producto\/qnap-sp-8bay2u-s-psu-fuente-de-poder-de-300w-diseada-para-nas-en-formato-rack-2u-de-8-bahias-ideal-como-reemplazo-o-refacciones-garantiza-un-suministro-electrico-solo-compatible-con-nas\/","name":"[ Qnap ] &#129351; Sp-8bay2u-s-psu Fuente De Poder De 300w Dise\u00f1ada Para Nas En Formato Rack 2u De 8 Bahias. Ideal Como Reemplazo O Refacciones, Garantiza Un Suministro Electrico Solo Compatible Con Nas","isPartOf":{"@id":"https:\/\/compuviper.mx\/tienda\/#website"},"datePublished":"2026-04-02T06:07:45+00:00","dateModified":"2026-04-02T06:07:45+00:00","description":"Compra Sp-8bay2u-s-psu Fuente De Poder De 300w Dise\u00f1ada Para Nas En Formato Rack 2u De 8 Bahias. Ideal Como Reemplazo O Refacciones, Garantiza Un Suministro Electrico Solo Compatible Con Nas + Env\u00edo a domicilio + Pago seguro + Garant\u00eda","breadcrumb":{"@id":"https:\/\/compuviper.mx\/tienda\/producto\/qnap-sp-8bay2u-s-psu-fuente-de-poder-de-300w-diseada-para-nas-en-formato-rack-2u-de-8-bahias-ideal-como-reemplazo-o-refacciones-garantiza-un-suministro-electrico-solo-compatible-con-nas\/#breadcrumb"},"inLanguage":"es-MX","potentialAction":[{"@type":"ReadAction","target":["https:\/\/compuviper.mx\/tienda\/producto\/qnap-sp-8bay2u-s-psu-fuente-de-poder-de-300w-diseada-para-nas-en-formato-rack-2u-de-8-bahias-ideal-como-reemplazo-o-refacciones-garantiza-un-suministro-electrico-solo-compatible-con-nas\/"]}]},{"@type":"BreadcrumbList","@id":"https:\/\/compuviper.mx\/tienda\/producto\/qnap-sp-8bay2u-s-psu-fuente-de-poder-de-300w-diseada-para-nas-en-formato-rack-2u-de-8-bahias-ideal-como-reemplazo-o-refacciones-garantiza-un-suministro-electrico-solo-compatible-con-nas\/#breadcrumb","itemListElement":[{"@type":"ListItem","position":1,"name":"Inicio","item":"https:\/\/compuviper.mx\/tienda\/"},{"@type":"ListItem","position":2,"name":"Productos","item":"https:\/\/compuviper.mx\/tienda\/productos\/"},{"@type":"ListItem","position":3,"name":"Energia","item":"https:\/\/compuviper.mx\/tienda\/categoria-producto\/energia\/"},{"@type":"ListItem","position":4,"name":"Fuentes De Poder","item":"https:\/\/compuviper.mx\/tienda\/categoria-producto\/energia\/fuentes-de-poder\/"},{"@type":"ListItem","position":5,"name":"Qnap Sp-8bay2u-s-psu Fuente De Poder De 300w Dise?ada Para Nas En Formato Rack 2u De 8 Bahias. Ideal Como Reemplazo O Refacciones, Garantiza Un Suministro Electrico Solo Compatible Con Nas"}]},{"@type":"WebSite","@id":"https:\/\/compuviper.mx\/tienda\/#website","url":"https:\/\/compuviper.mx\/tienda\/","name":"Compuviper","description":"Proveedor de Computadoras, Laptops, Servidores, Monitores, Puntos de Venta, Teclados,   Impresoras, T\u00f3ner, C\u00e1maras de Seguridad y m\u00e1s en tu tienda en l\u00ednea","publisher":{"@id":"https:\/\/compuviper.mx\/tienda\/#organization"},"potentialAction":[{"@type":"SearchAction","target":{"@type":"EntryPoint","urlTemplate":"https:\/\/compuviper.mx\/tienda\/?s={search_term_string}"},"query-input":"required name=search_term_string"}],"inLanguage":"es-MX"},{"@type":"Organization","@id":"https:\/\/compuviper.mx\/tienda\/#organization","name":"Compuviper","url":"https:\/\/compuviper.mx\/tienda\/","logo":{"@type":"ImageObject","inLanguage":"es-MX","@id":"https:\/\/compuviper.mx\/tienda\/#\/schema\/logo\/image\/","url":"https:\/\/compuviper.mx\/tienda\/wp-content\/uploads\/2021\/08\/Logo-Compuviper-10.png","contentUrl":"https:\/\/compuviper.mx\/tienda\/wp-content\/uploads\/2021\/08\/Logo-Compuviper-10.png","width":1000,"height":500,"caption":"Compuviper"},"image":{"@id":"https:\/\/compuviper.mx\/tienda\/#\/schema\/logo\/image\/"},"sameAs":["https:\/\/www.facebook.com\/compuviper","https:\/\/www.youtube.com\/channel\/UCf73dERp9Y3cfOq7q8BhLjA?view_as=subscriber"]}]},"product_brand":"Qnap","product_price_amount":"5628","product_price_currency":"MXN","og_availability":"backorder","product_availability":"available for order","product_retailer_item_id":"SP-8BAY2U-S-PSU","product_condition":"new"},"_links":{"self":[{"href":"https:\/\/compuviper.mx\/tienda\/wp-json\/wp\/v2\/product\/267906"}],"collection":[{"href":"https:\/\/compuviper.mx\/tienda\/wp-json\/wp\/v2\/product"}],"about":[{"href":"https:\/\/compuviper.mx\/tienda\/wp-json\/wp\/v2\/types\/product"}],"replies":[{"embeddable":true,"href":"https:\/\/compuviper.mx\/tienda\/wp-json\/wp\/v2\/comments?post=267906"}],"wp:attachment":[{"href":"https:\/\/compuviper.mx\/tienda\/wp-json\/wp\/v2\/media?parent=267906"}],"wp:term":[{"taxonomy":"product_cat","embeddable":true,"href":"https:\/\/compuviper.mx\/tienda\/wp-json\/wp\/v2\/product_cat?post=267906"},{"taxonomy":"product_tag","embeddable":true,"href":"https:\/\/compuviper.mx\/tienda\/wp-json\/wp\/v2\/product_tag?post=267906"}],"curies":[{"name":"wp","href":"https:\/\/api.w.org\/{rel}","templated":true}]}}