{"id":267898,"date":"2026-04-15T00:10:12","date_gmt":"2026-04-15T06:10:12","guid":{"rendered":"https:\/\/compuviper.mx\/tienda\/producto\/quaroni-qpsu-02-fuente-de-poder-600w-metalico-24-pin\/"},"modified":"2026-04-15T00:10:13","modified_gmt":"2026-04-15T06:10:13","slug":"quaroni-qpsu-02-fuente-de-poder-600w-metalico-24-pin","status":"publish","type":"product","link":"https:\/\/compuviper.mx\/tienda\/producto\/quaroni-qpsu-02-fuente-de-poder-600w-metalico-24-pin\/","title":{"rendered":"Quaroni Qpsu-02 Fuente De Poder  600w Metalico 24 Pin"},"content":{"rendered":"<table class=\"descripcion\">\n<tr>\n<td>Fuente de poder slim quaroni  600w<\/td>\n<\/tr>\n<tr>\n<td>Dimensiones: 140 x 150 x 86mm<\/td>\n<\/tr>\n<tr>\n<td>Ventilador de 12cm<\/td>\n<\/tr>\n<tr>\n<td>Conectores:<\/td>\n<\/tr>\n<tr>\n<td>Atx 20+ 4 pin: 1<\/td>\n<\/tr>\n<tr>\n<td>Eps 12 v 4+4 pin: 0<\/td>\n<\/tr>\n<tr>\n<td>Atx 12 v 4 pin 1<\/td>\n<\/tr>\n<tr>\n<td>Pcie 6+2 pin: 0<\/td>\n<\/tr>\n<tr>\n<td>Sata : 2<\/td>\n<\/tr>\n<tr>\n<td>Molex 4 pin: 2<\/td>\n<\/tr>\n<tr>\n<td>Floppy 4 pin : 1<\/td>\n<\/tr>\n<tr>\n<td>Dimensiones: 140 x 150 x 86mm<\/td>\n<\/tr>\n<\/table>\n","protected":false},"excerpt":{"rendered":"<p>Fuente de poder slim quaroni 600w Dimensiones: 140 x 150 x 86mm Ventilador de 12cm Conectores: Atx 20+ 4 pin: 1 Eps 12 v 4+4 pin: 0 Atx 12 v 4 pin 1 Pcie 6+2 pin: 0 Sata : 2 Molex 4 pin: 2 Floppy 4 pin : 1 Dimensiones: 140 x 150 x 86mm<\/p>\n","protected":false},"featured_media":267899,"comment_status":"open","ping_status":"open","template":"","meta":[],"product_cat":[1508,1672],"product_tag":[1678],"acf":[],"yoast_head":"<!-- This site is optimized with the Yoast SEO plugin v21.7 - https:\/\/yoast.com\/wordpress\/plugins\/seo\/ -->\n<title>[ Quaroni ] &#129351; Qpsu-02 Fuente De Poder 600w Metalico 24 Pin<\/title>\n<meta name=\"description\" content=\"Compra Qpsu-02 Fuente De Poder 600w Metalico 24 Pin + Env\u00edo a domicilio + Pago seguro + Garant\u00eda\" \/>\n<meta name=\"robots\" content=\"index, follow, max-snippet:-1, max-image-preview:large, max-video-preview:-1\" \/>\n<link rel=\"canonical\" href=\"https:\/\/compuviper.mx\/tienda\/producto\/quaroni-qpsu-02-fuente-de-poder-600w-metalico-24-pin\/\" \/>\n<meta property=\"og:locale\" content=\"es_MX\" \/>\n<meta property=\"og:type\" content=\"article\" \/>\n<meta property=\"og:title\" content=\"[ Quaroni ] &#129351; Qpsu-02 Fuente De Poder 600w Metalico 24 Pin\" \/>\n<meta property=\"og:description\" content=\"Compra Qpsu-02 Fuente De Poder 600w Metalico 24 Pin + Env\u00edo a domicilio + Pago seguro + Garant\u00eda\" \/>\n<meta property=\"og:url\" content=\"https:\/\/compuviper.mx\/tienda\/producto\/quaroni-qpsu-02-fuente-de-poder-600w-metalico-24-pin\/\" \/>\n<meta property=\"og:site_name\" content=\"Compuviper\" \/>\n<meta property=\"article:publisher\" content=\"https:\/\/www.facebook.com\/compuviper\" \/>\n<meta property=\"article:modified_time\" content=\"2026-04-15T06:10:13+00:00\" \/>\n<meta property=\"og:image\" content=\"https:\/\/compuviper.mx\/tienda\/wp-content\/uploads\/2026\/03\/Fuente-de-poder-quaroni-600w-metalico-24-pin.jpg\" \/>\n\t<meta property=\"og:image:width\" content=\"200\" \/>\n\t<meta property=\"og:image:height\" content=\"200\" \/>\n\t<meta property=\"og:image:type\" content=\"image\/jpeg\" \/>\n<meta name=\"twitter:card\" content=\"summary_large_image\" \/>\n<meta name=\"twitter:label1\" content=\"Precio\" \/>\n\t<meta name=\"twitter:data1\" content=\"&#36;273 con IVA\" \/>\n\t<meta name=\"twitter:label2\" content=\"Availability\" \/>\n\t<meta name=\"twitter:data2\" content=\"In stock\" \/>\n<script type=\"application\/ld+json\" class=\"yoast-schema-graph\">{\"@context\":\"https:\/\/schema.org\",\"@graph\":[{\"@type\":\"WebPage\",\"@id\":\"https:\/\/compuviper.mx\/tienda\/producto\/quaroni-qpsu-02-fuente-de-poder-600w-metalico-24-pin\/\",\"url\":\"https:\/\/compuviper.mx\/tienda\/producto\/quaroni-qpsu-02-fuente-de-poder-600w-metalico-24-pin\/\",\"name\":\"[ Quaroni ] &#129351; Qpsu-02 Fuente De Poder 600w Metalico 24 Pin\",\"isPartOf\":{\"@id\":\"https:\/\/compuviper.mx\/tienda\/#website\"},\"datePublished\":\"2026-04-15T06:10:12+00:00\",\"dateModified\":\"2026-04-15T06:10:13+00:00\",\"description\":\"Compra Qpsu-02 Fuente De Poder 600w Metalico 24 Pin + Env\u00edo a domicilio + Pago seguro + Garant\u00eda\",\"breadcrumb\":{\"@id\":\"https:\/\/compuviper.mx\/tienda\/producto\/quaroni-qpsu-02-fuente-de-poder-600w-metalico-24-pin\/#breadcrumb\"},\"inLanguage\":\"es-MX\",\"potentialAction\":[{\"@type\":\"ReadAction\",\"target\":[\"https:\/\/compuviper.mx\/tienda\/producto\/quaroni-qpsu-02-fuente-de-poder-600w-metalico-24-pin\/\"]}]},{\"@type\":\"BreadcrumbList\",\"@id\":\"https:\/\/compuviper.mx\/tienda\/producto\/quaroni-qpsu-02-fuente-de-poder-600w-metalico-24-pin\/#breadcrumb\",\"itemListElement\":[{\"@type\":\"ListItem\",\"position\":1,\"name\":\"Inicio\",\"item\":\"https:\/\/compuviper.mx\/tienda\/\"},{\"@type\":\"ListItem\",\"position\":2,\"name\":\"Productos\",\"item\":\"https:\/\/compuviper.mx\/tienda\/productos\/\"},{\"@type\":\"ListItem\",\"position\":3,\"name\":\"Energia\",\"item\":\"https:\/\/compuviper.mx\/tienda\/categoria-producto\/energia\/\"},{\"@type\":\"ListItem\",\"position\":4,\"name\":\"Fuentes De Poder\",\"item\":\"https:\/\/compuviper.mx\/tienda\/categoria-producto\/energia\/fuentes-de-poder\/\"},{\"@type\":\"ListItem\",\"position\":5,\"name\":\"Quaroni Qpsu-02 Fuente De Poder 600w Metalico 24 Pin\"}]},{\"@type\":\"WebSite\",\"@id\":\"https:\/\/compuviper.mx\/tienda\/#website\",\"url\":\"https:\/\/compuviper.mx\/tienda\/\",\"name\":\"Compuviper\",\"description\":\"Proveedor de Computadoras, Laptops, Servidores, Monitores, Puntos de Venta, Teclados,   Impresoras, T\u00f3ner, C\u00e1maras de Seguridad y m\u00e1s en tu tienda en l\u00ednea\",\"publisher\":{\"@id\":\"https:\/\/compuviper.mx\/tienda\/#organization\"},\"potentialAction\":[{\"@type\":\"SearchAction\",\"target\":{\"@type\":\"EntryPoint\",\"urlTemplate\":\"https:\/\/compuviper.mx\/tienda\/?s={search_term_string}\"},\"query-input\":\"required name=search_term_string\"}],\"inLanguage\":\"es-MX\"},{\"@type\":\"Organization\",\"@id\":\"https:\/\/compuviper.mx\/tienda\/#organization\",\"name\":\"Compuviper\",\"url\":\"https:\/\/compuviper.mx\/tienda\/\",\"logo\":{\"@type\":\"ImageObject\",\"inLanguage\":\"es-MX\",\"@id\":\"https:\/\/compuviper.mx\/tienda\/#\/schema\/logo\/image\/\",\"url\":\"https:\/\/compuviper.mx\/tienda\/wp-content\/uploads\/2021\/08\/Logo-Compuviper-10.png\",\"contentUrl\":\"https:\/\/compuviper.mx\/tienda\/wp-content\/uploads\/2021\/08\/Logo-Compuviper-10.png\",\"width\":1000,\"height\":500,\"caption\":\"Compuviper\"},\"image\":{\"@id\":\"https:\/\/compuviper.mx\/tienda\/#\/schema\/logo\/image\/\"},\"sameAs\":[\"https:\/\/www.facebook.com\/compuviper\",\"https:\/\/www.youtube.com\/channel\/UCf73dERp9Y3cfOq7q8BhLjA?view_as=subscriber\"]}]}<\/script>\n<meta property=\"product:brand\" content=\"QUARONI\" \/>\n<meta property=\"product:price:amount\" content=\"273\" \/>\n<meta property=\"product:price:currency\" content=\"MXN\" \/>\n<meta property=\"og:availability\" content=\"instock\" \/>\n<meta property=\"product:availability\" content=\"instock\" \/>\n<meta property=\"product:retailer_item_id\" content=\"QPSU-02\" \/>\n<meta property=\"product:condition\" content=\"new\" \/>\n<!-- \/ Yoast SEO plugin. -->","yoast_head_json":{"title":"[ Quaroni ] &#129351; Qpsu-02 Fuente De Poder 600w Metalico 24 Pin","description":"Compra Qpsu-02 Fuente De Poder 600w Metalico 24 Pin + Env\u00edo a domicilio + Pago seguro + Garant\u00eda","robots":{"index":"index","follow":"follow","max-snippet":"max-snippet:-1","max-image-preview":"max-image-preview:large","max-video-preview":"max-video-preview:-1"},"canonical":"https:\/\/compuviper.mx\/tienda\/producto\/quaroni-qpsu-02-fuente-de-poder-600w-metalico-24-pin\/","og_locale":"es_MX","og_type":"article","og_title":"[ Quaroni ] &#129351; Qpsu-02 Fuente De Poder 600w Metalico 24 Pin","og_description":"Compra Qpsu-02 Fuente De Poder 600w Metalico 24 Pin + Env\u00edo a domicilio + Pago seguro + Garant\u00eda","og_url":"https:\/\/compuviper.mx\/tienda\/producto\/quaroni-qpsu-02-fuente-de-poder-600w-metalico-24-pin\/","og_site_name":"Compuviper","article_publisher":"https:\/\/www.facebook.com\/compuviper","article_modified_time":"2026-04-15T06:10:13+00:00","og_image":[{"width":200,"height":200,"url":"https:\/\/compuviper.mx\/tienda\/wp-content\/uploads\/2026\/03\/Fuente-de-poder-quaroni-600w-metalico-24-pin.jpg","type":"image\/jpeg"}],"twitter_card":"summary_large_image","twitter_misc":{"Precio":"&#36;273 con IVA","Availability":"In stock"},"schema":{"@context":"https:\/\/schema.org","@graph":[{"@type":"WebPage","@id":"https:\/\/compuviper.mx\/tienda\/producto\/quaroni-qpsu-02-fuente-de-poder-600w-metalico-24-pin\/","url":"https:\/\/compuviper.mx\/tienda\/producto\/quaroni-qpsu-02-fuente-de-poder-600w-metalico-24-pin\/","name":"[ Quaroni ] &#129351; Qpsu-02 Fuente De Poder 600w Metalico 24 Pin","isPartOf":{"@id":"https:\/\/compuviper.mx\/tienda\/#website"},"datePublished":"2026-04-15T06:10:12+00:00","dateModified":"2026-04-15T06:10:13+00:00","description":"Compra Qpsu-02 Fuente De Poder 600w Metalico 24 Pin + Env\u00edo a domicilio + Pago seguro + Garant\u00eda","breadcrumb":{"@id":"https:\/\/compuviper.mx\/tienda\/producto\/quaroni-qpsu-02-fuente-de-poder-600w-metalico-24-pin\/#breadcrumb"},"inLanguage":"es-MX","potentialAction":[{"@type":"ReadAction","target":["https:\/\/compuviper.mx\/tienda\/producto\/quaroni-qpsu-02-fuente-de-poder-600w-metalico-24-pin\/"]}]},{"@type":"BreadcrumbList","@id":"https:\/\/compuviper.mx\/tienda\/producto\/quaroni-qpsu-02-fuente-de-poder-600w-metalico-24-pin\/#breadcrumb","itemListElement":[{"@type":"ListItem","position":1,"name":"Inicio","item":"https:\/\/compuviper.mx\/tienda\/"},{"@type":"ListItem","position":2,"name":"Productos","item":"https:\/\/compuviper.mx\/tienda\/productos\/"},{"@type":"ListItem","position":3,"name":"Energia","item":"https:\/\/compuviper.mx\/tienda\/categoria-producto\/energia\/"},{"@type":"ListItem","position":4,"name":"Fuentes De Poder","item":"https:\/\/compuviper.mx\/tienda\/categoria-producto\/energia\/fuentes-de-poder\/"},{"@type":"ListItem","position":5,"name":"Quaroni Qpsu-02 Fuente De Poder 600w Metalico 24 Pin"}]},{"@type":"WebSite","@id":"https:\/\/compuviper.mx\/tienda\/#website","url":"https:\/\/compuviper.mx\/tienda\/","name":"Compuviper","description":"Proveedor de Computadoras, Laptops, Servidores, Monitores, Puntos de Venta, Teclados,   Impresoras, T\u00f3ner, C\u00e1maras de Seguridad y m\u00e1s en tu tienda en l\u00ednea","publisher":{"@id":"https:\/\/compuviper.mx\/tienda\/#organization"},"potentialAction":[{"@type":"SearchAction","target":{"@type":"EntryPoint","urlTemplate":"https:\/\/compuviper.mx\/tienda\/?s={search_term_string}"},"query-input":"required name=search_term_string"}],"inLanguage":"es-MX"},{"@type":"Organization","@id":"https:\/\/compuviper.mx\/tienda\/#organization","name":"Compuviper","url":"https:\/\/compuviper.mx\/tienda\/","logo":{"@type":"ImageObject","inLanguage":"es-MX","@id":"https:\/\/compuviper.mx\/tienda\/#\/schema\/logo\/image\/","url":"https:\/\/compuviper.mx\/tienda\/wp-content\/uploads\/2021\/08\/Logo-Compuviper-10.png","contentUrl":"https:\/\/compuviper.mx\/tienda\/wp-content\/uploads\/2021\/08\/Logo-Compuviper-10.png","width":1000,"height":500,"caption":"Compuviper"},"image":{"@id":"https:\/\/compuviper.mx\/tienda\/#\/schema\/logo\/image\/"},"sameAs":["https:\/\/www.facebook.com\/compuviper","https:\/\/www.youtube.com\/channel\/UCf73dERp9Y3cfOq7q8BhLjA?view_as=subscriber"]}]},"product_brand":"QUARONI","product_price_amount":"273","product_price_currency":"MXN","og_availability":"instock","product_availability":"instock","product_retailer_item_id":"QPSU-02","product_condition":"new"},"_links":{"self":[{"href":"https:\/\/compuviper.mx\/tienda\/wp-json\/wp\/v2\/product\/267898"}],"collection":[{"href":"https:\/\/compuviper.mx\/tienda\/wp-json\/wp\/v2\/product"}],"about":[{"href":"https:\/\/compuviper.mx\/tienda\/wp-json\/wp\/v2\/types\/product"}],"replies":[{"embeddable":true,"href":"https:\/\/compuviper.mx\/tienda\/wp-json\/wp\/v2\/comments?post=267898"}],"wp:featuredmedia":[{"embeddable":true,"href":"https:\/\/compuviper.mx\/tienda\/wp-json\/wp\/v2\/media\/267899"}],"wp:attachment":[{"href":"https:\/\/compuviper.mx\/tienda\/wp-json\/wp\/v2\/media?parent=267898"}],"wp:term":[{"taxonomy":"product_cat","embeddable":true,"href":"https:\/\/compuviper.mx\/tienda\/wp-json\/wp\/v2\/product_cat?post=267898"},{"taxonomy":"product_tag","embeddable":true,"href":"https:\/\/compuviper.mx\/tienda\/wp-json\/wp\/v2\/product_tag?post=267898"}],"curies":[{"name":"wp","href":"https:\/\/api.w.org\/{rel}","templated":true}]}}