{"id":267887,"date":"2026-04-01T23:58:32","date_gmt":"2026-04-02T05:58:32","guid":{"rendered":"https:\/\/compuviper.mx\/tienda\/producto\/lexmark-66s4x00-toner-negro-estandar-31000-paginas-para-ms632dwe-mx632adwe\/"},"modified":"2026-04-01T23:58:32","modified_gmt":"2026-04-02T05:58:32","slug":"lexmark-66s4x00-toner-negro-estandar-31000-paginas-para-ms632dwe-mx632adwe","status":"publish","type":"product","link":"https:\/\/compuviper.mx\/tienda\/producto\/lexmark-66s4x00-toner-negro-estandar-31000-paginas-para-ms632dwe-mx632adwe\/","title":{"rendered":"Lexmark 66s4x00 Toner   Negro, Estandar 31000 Paginas, Para Ms632dwe, Mx632adwe"},"content":{"rendered":"<table class=\"descripcion\">\n<tr>\n<td>Parte n\u00ba66s4x00<\/td>\n<\/tr>\n<tr>\n<td>Tecnologia de impresion<\/td>\n<\/tr>\n<tr>\n<td>Laser monocromatico<\/td>\n<\/tr>\n<tr>\n<td>Yield value<\/td>\n<\/tr>\n<tr>\n<td>31000<\/td>\n<\/tr>\n<tr>\n<td>Programa de recoleccion de cartuchos de lexmark<\/td>\n<\/tr>\n<tr>\n<td>S<\/td>\n<\/tr>\n<tr>\n<td>Tamao con empaque alto x ancho x profundo en mm<\/td>\n<\/tr>\n<tr>\n<td>140 x 120 x 315 mm<\/td>\n<\/tr>\n<tr>\n<td>Peso con empaque kg<\/td>\n<\/tr>\n<tr>\n<td>1.086 kg<\/td>\n<\/tr>\n<tr>\n<td>Ver especificaciones adicionales<\/td>\n<\/tr>\n<tr>\n<td>Cartucho de toner 31k del programa de devolucion para lexmark ms631, 632, mx632<\/td>\n<\/tr>\n<tr>\n<td>Sistema electrico y funcionamiento<\/td>\n<\/tr>\n<tr>\n<td>Codigo unspsc<\/td>\n<\/tr>\n<tr>\n<td>44103105<\/td>\n<\/tr>\n<tr>\n<td>Codigo arancelario armonizado<\/td>\n<\/tr>\n<tr>\n<td>8443.99.5015<\/td>\n<\/tr>\n<tr>\n<td>Pais de origen<\/td>\n<\/tr>\n<tr>\n<td>Prc, poland, mexico<\/td>\n<\/tr>\n<\/table>\n","protected":false},"excerpt":{"rendered":"<p>Utilice insumos lexmark originales para obtener los mejores resultados con lexmark.<\/p>\n","protected":false},"featured_media":267888,"comment_status":"open","ping_status":"open","template":"","meta":[],"product_cat":[1622,1632],"product_tag":[1630],"acf":[],"yoast_head":"<!-- This site is optimized with the Yoast SEO plugin v21.7 - https:\/\/yoast.com\/wordpress\/plugins\/seo\/ -->\n<title>[ Lexmark ] &#129351; 66s4x00 Toner Negro, Estandar 31000 Paginas, Para Ms632dwe, Mx632adwe<\/title>\n<meta name=\"description\" content=\"Compra 66s4x00 Toner Negro, Estandar 31000 Paginas, Para Ms632dwe, Mx632adwe + Env\u00edo a domicilio + Pago seguro + Garant\u00eda\" \/>\n<meta name=\"robots\" content=\"index, follow, max-snippet:-1, max-image-preview:large, max-video-preview:-1\" \/>\n<link rel=\"canonical\" href=\"https:\/\/compuviper.mx\/tienda\/producto\/lexmark-66s4x00-toner-negro-estandar-31000-paginas-para-ms632dwe-mx632adwe\/\" \/>\n<meta property=\"og:locale\" content=\"es_MX\" \/>\n<meta property=\"og:type\" content=\"article\" \/>\n<meta property=\"og:title\" content=\"[ Lexmark ] &#129351; 66s4x00 Toner Negro, Estandar 31000 Paginas, Para Ms632dwe, Mx632adwe\" \/>\n<meta property=\"og:description\" content=\"Compra 66s4x00 Toner Negro, Estandar 31000 Paginas, Para Ms632dwe, Mx632adwe + Env\u00edo a domicilio + Pago seguro + Garant\u00eda\" \/>\n<meta property=\"og:url\" content=\"https:\/\/compuviper.mx\/tienda\/producto\/lexmark-66s4x00-toner-negro-estandar-31000-paginas-para-ms632dwe-mx632adwe\/\" \/>\n<meta property=\"og:site_name\" content=\"Compuviper\" \/>\n<meta property=\"article:publisher\" content=\"https:\/\/www.facebook.com\/compuviper\" \/>\n<meta property=\"og:image\" content=\"https:\/\/compuviper.mx\/tienda\/wp-content\/uploads\/2026\/03\/Toner-lexmark-66s4x00-negro-estandar-31000-paginas-para-ms632dwe-mx632adwe.jpg\" \/>\n\t<meta property=\"og:image:width\" content=\"200\" \/>\n\t<meta property=\"og:image:height\" content=\"200\" \/>\n\t<meta property=\"og:image:type\" content=\"image\/jpeg\" \/>\n<meta name=\"twitter:card\" content=\"summary_large_image\" \/>\n<meta name=\"twitter:label1\" content=\"Precio\" \/>\n\t<meta name=\"twitter:data1\" content=\"&#36;7,912 con IVA\" \/>\n\t<meta name=\"twitter:label2\" content=\"Availability\" \/>\n\t<meta name=\"twitter:data2\" content=\"Out of stock\" \/>\n<script type=\"application\/ld+json\" class=\"yoast-schema-graph\">{\"@context\":\"https:\/\/schema.org\",\"@graph\":[{\"@type\":\"WebPage\",\"@id\":\"https:\/\/compuviper.mx\/tienda\/producto\/lexmark-66s4x00-toner-negro-estandar-31000-paginas-para-ms632dwe-mx632adwe\/\",\"url\":\"https:\/\/compuviper.mx\/tienda\/producto\/lexmark-66s4x00-toner-negro-estandar-31000-paginas-para-ms632dwe-mx632adwe\/\",\"name\":\"[ Lexmark ] &#129351; 66s4x00 Toner Negro, Estandar 31000 Paginas, Para Ms632dwe, Mx632adwe\",\"isPartOf\":{\"@id\":\"https:\/\/compuviper.mx\/tienda\/#website\"},\"datePublished\":\"2026-04-02T05:58:32+00:00\",\"dateModified\":\"2026-04-02T05:58:32+00:00\",\"description\":\"Compra 66s4x00 Toner Negro, Estandar 31000 Paginas, Para Ms632dwe, Mx632adwe + Env\u00edo a domicilio + Pago seguro + Garant\u00eda\",\"breadcrumb\":{\"@id\":\"https:\/\/compuviper.mx\/tienda\/producto\/lexmark-66s4x00-toner-negro-estandar-31000-paginas-para-ms632dwe-mx632adwe\/#breadcrumb\"},\"inLanguage\":\"es-MX\",\"potentialAction\":[{\"@type\":\"ReadAction\",\"target\":[\"https:\/\/compuviper.mx\/tienda\/producto\/lexmark-66s4x00-toner-negro-estandar-31000-paginas-para-ms632dwe-mx632adwe\/\"]}]},{\"@type\":\"BreadcrumbList\",\"@id\":\"https:\/\/compuviper.mx\/tienda\/producto\/lexmark-66s4x00-toner-negro-estandar-31000-paginas-para-ms632dwe-mx632adwe\/#breadcrumb\",\"itemListElement\":[{\"@type\":\"ListItem\",\"position\":1,\"name\":\"Inicio\",\"item\":\"https:\/\/compuviper.mx\/tienda\/\"},{\"@type\":\"ListItem\",\"position\":2,\"name\":\"Productos\",\"item\":\"https:\/\/compuviper.mx\/tienda\/productos\/\"},{\"@type\":\"ListItem\",\"position\":3,\"name\":\"Consumibles\",\"item\":\"https:\/\/compuviper.mx\/tienda\/categoria-producto\/consumibles\/\"},{\"@type\":\"ListItem\",\"position\":4,\"name\":\"Toner\",\"item\":\"https:\/\/compuviper.mx\/tienda\/categoria-producto\/consumibles\/toner\/\"},{\"@type\":\"ListItem\",\"position\":5,\"name\":\"Lexmark 66s4x00 Toner Negro, Estandar 31000 Paginas, Para Ms632dwe, Mx632adwe\"}]},{\"@type\":\"WebSite\",\"@id\":\"https:\/\/compuviper.mx\/tienda\/#website\",\"url\":\"https:\/\/compuviper.mx\/tienda\/\",\"name\":\"Compuviper\",\"description\":\"Proveedor de Computadoras, Laptops, Servidores, Monitores, Puntos de Venta, Teclados,   Impresoras, T\u00f3ner, C\u00e1maras de Seguridad y m\u00e1s en tu tienda en l\u00ednea\",\"publisher\":{\"@id\":\"https:\/\/compuviper.mx\/tienda\/#organization\"},\"potentialAction\":[{\"@type\":\"SearchAction\",\"target\":{\"@type\":\"EntryPoint\",\"urlTemplate\":\"https:\/\/compuviper.mx\/tienda\/?s={search_term_string}\"},\"query-input\":\"required name=search_term_string\"}],\"inLanguage\":\"es-MX\"},{\"@type\":\"Organization\",\"@id\":\"https:\/\/compuviper.mx\/tienda\/#organization\",\"name\":\"Compuviper\",\"url\":\"https:\/\/compuviper.mx\/tienda\/\",\"logo\":{\"@type\":\"ImageObject\",\"inLanguage\":\"es-MX\",\"@id\":\"https:\/\/compuviper.mx\/tienda\/#\/schema\/logo\/image\/\",\"url\":\"https:\/\/compuviper.mx\/tienda\/wp-content\/uploads\/2021\/08\/Logo-Compuviper-10.png\",\"contentUrl\":\"https:\/\/compuviper.mx\/tienda\/wp-content\/uploads\/2021\/08\/Logo-Compuviper-10.png\",\"width\":1000,\"height\":500,\"caption\":\"Compuviper\"},\"image\":{\"@id\":\"https:\/\/compuviper.mx\/tienda\/#\/schema\/logo\/image\/\"},\"sameAs\":[\"https:\/\/www.facebook.com\/compuviper\",\"https:\/\/www.youtube.com\/channel\/UCf73dERp9Y3cfOq7q8BhLjA?view_as=subscriber\"]}]}<\/script>\n<meta property=\"product:brand\" content=\"LEXMARK\" \/>\n<meta property=\"product:price:amount\" content=\"7912\" \/>\n<meta property=\"product:price:currency\" content=\"MXN\" \/>\n<meta property=\"og:availability\" content=\"out of stock\" \/>\n<meta property=\"product:availability\" content=\"out of stock\" \/>\n<meta property=\"product:retailer_item_id\" content=\"66S4X00\" \/>\n<meta property=\"product:condition\" content=\"new\" \/>\n<!-- \/ Yoast SEO plugin. -->","yoast_head_json":{"title":"[ Lexmark ] &#129351; 66s4x00 Toner Negro, Estandar 31000 Paginas, Para Ms632dwe, Mx632adwe","description":"Compra 66s4x00 Toner Negro, Estandar 31000 Paginas, Para Ms632dwe, Mx632adwe + Env\u00edo a domicilio + Pago seguro + Garant\u00eda","robots":{"index":"index","follow":"follow","max-snippet":"max-snippet:-1","max-image-preview":"max-image-preview:large","max-video-preview":"max-video-preview:-1"},"canonical":"https:\/\/compuviper.mx\/tienda\/producto\/lexmark-66s4x00-toner-negro-estandar-31000-paginas-para-ms632dwe-mx632adwe\/","og_locale":"es_MX","og_type":"article","og_title":"[ Lexmark ] &#129351; 66s4x00 Toner Negro, Estandar 31000 Paginas, Para Ms632dwe, Mx632adwe","og_description":"Compra 66s4x00 Toner Negro, Estandar 31000 Paginas, Para Ms632dwe, Mx632adwe + Env\u00edo a domicilio + Pago seguro + Garant\u00eda","og_url":"https:\/\/compuviper.mx\/tienda\/producto\/lexmark-66s4x00-toner-negro-estandar-31000-paginas-para-ms632dwe-mx632adwe\/","og_site_name":"Compuviper","article_publisher":"https:\/\/www.facebook.com\/compuviper","og_image":[{"width":200,"height":200,"url":"https:\/\/compuviper.mx\/tienda\/wp-content\/uploads\/2026\/03\/Toner-lexmark-66s4x00-negro-estandar-31000-paginas-para-ms632dwe-mx632adwe.jpg","type":"image\/jpeg"}],"twitter_card":"summary_large_image","twitter_misc":{"Precio":"&#36;7,912 con IVA","Availability":"Out of stock"},"schema":{"@context":"https:\/\/schema.org","@graph":[{"@type":"WebPage","@id":"https:\/\/compuviper.mx\/tienda\/producto\/lexmark-66s4x00-toner-negro-estandar-31000-paginas-para-ms632dwe-mx632adwe\/","url":"https:\/\/compuviper.mx\/tienda\/producto\/lexmark-66s4x00-toner-negro-estandar-31000-paginas-para-ms632dwe-mx632adwe\/","name":"[ Lexmark ] &#129351; 66s4x00 Toner Negro, Estandar 31000 Paginas, Para Ms632dwe, Mx632adwe","isPartOf":{"@id":"https:\/\/compuviper.mx\/tienda\/#website"},"datePublished":"2026-04-02T05:58:32+00:00","dateModified":"2026-04-02T05:58:32+00:00","description":"Compra 66s4x00 Toner Negro, Estandar 31000 Paginas, Para Ms632dwe, Mx632adwe + Env\u00edo a domicilio + Pago seguro + Garant\u00eda","breadcrumb":{"@id":"https:\/\/compuviper.mx\/tienda\/producto\/lexmark-66s4x00-toner-negro-estandar-31000-paginas-para-ms632dwe-mx632adwe\/#breadcrumb"},"inLanguage":"es-MX","potentialAction":[{"@type":"ReadAction","target":["https:\/\/compuviper.mx\/tienda\/producto\/lexmark-66s4x00-toner-negro-estandar-31000-paginas-para-ms632dwe-mx632adwe\/"]}]},{"@type":"BreadcrumbList","@id":"https:\/\/compuviper.mx\/tienda\/producto\/lexmark-66s4x00-toner-negro-estandar-31000-paginas-para-ms632dwe-mx632adwe\/#breadcrumb","itemListElement":[{"@type":"ListItem","position":1,"name":"Inicio","item":"https:\/\/compuviper.mx\/tienda\/"},{"@type":"ListItem","position":2,"name":"Productos","item":"https:\/\/compuviper.mx\/tienda\/productos\/"},{"@type":"ListItem","position":3,"name":"Consumibles","item":"https:\/\/compuviper.mx\/tienda\/categoria-producto\/consumibles\/"},{"@type":"ListItem","position":4,"name":"Toner","item":"https:\/\/compuviper.mx\/tienda\/categoria-producto\/consumibles\/toner\/"},{"@type":"ListItem","position":5,"name":"Lexmark 66s4x00 Toner Negro, Estandar 31000 Paginas, Para Ms632dwe, Mx632adwe"}]},{"@type":"WebSite","@id":"https:\/\/compuviper.mx\/tienda\/#website","url":"https:\/\/compuviper.mx\/tienda\/","name":"Compuviper","description":"Proveedor de Computadoras, Laptops, Servidores, Monitores, Puntos de Venta, Teclados,   Impresoras, T\u00f3ner, C\u00e1maras de Seguridad y m\u00e1s en tu tienda en l\u00ednea","publisher":{"@id":"https:\/\/compuviper.mx\/tienda\/#organization"},"potentialAction":[{"@type":"SearchAction","target":{"@type":"EntryPoint","urlTemplate":"https:\/\/compuviper.mx\/tienda\/?s={search_term_string}"},"query-input":"required name=search_term_string"}],"inLanguage":"es-MX"},{"@type":"Organization","@id":"https:\/\/compuviper.mx\/tienda\/#organization","name":"Compuviper","url":"https:\/\/compuviper.mx\/tienda\/","logo":{"@type":"ImageObject","inLanguage":"es-MX","@id":"https:\/\/compuviper.mx\/tienda\/#\/schema\/logo\/image\/","url":"https:\/\/compuviper.mx\/tienda\/wp-content\/uploads\/2021\/08\/Logo-Compuviper-10.png","contentUrl":"https:\/\/compuviper.mx\/tienda\/wp-content\/uploads\/2021\/08\/Logo-Compuviper-10.png","width":1000,"height":500,"caption":"Compuviper"},"image":{"@id":"https:\/\/compuviper.mx\/tienda\/#\/schema\/logo\/image\/"},"sameAs":["https:\/\/www.facebook.com\/compuviper","https:\/\/www.youtube.com\/channel\/UCf73dERp9Y3cfOq7q8BhLjA?view_as=subscriber"]}]},"product_brand":"LEXMARK","product_price_amount":"7912","product_price_currency":"MXN","og_availability":"out of stock","product_availability":"out of stock","product_retailer_item_id":"66S4X00","product_condition":"new"},"_links":{"self":[{"href":"https:\/\/compuviper.mx\/tienda\/wp-json\/wp\/v2\/product\/267887"}],"collection":[{"href":"https:\/\/compuviper.mx\/tienda\/wp-json\/wp\/v2\/product"}],"about":[{"href":"https:\/\/compuviper.mx\/tienda\/wp-json\/wp\/v2\/types\/product"}],"replies":[{"embeddable":true,"href":"https:\/\/compuviper.mx\/tienda\/wp-json\/wp\/v2\/comments?post=267887"}],"wp:featuredmedia":[{"embeddable":true,"href":"https:\/\/compuviper.mx\/tienda\/wp-json\/wp\/v2\/media\/267888"}],"wp:attachment":[{"href":"https:\/\/compuviper.mx\/tienda\/wp-json\/wp\/v2\/media?parent=267887"}],"wp:term":[{"taxonomy":"product_cat","embeddable":true,"href":"https:\/\/compuviper.mx\/tienda\/wp-json\/wp\/v2\/product_cat?post=267887"},{"taxonomy":"product_tag","embeddable":true,"href":"https:\/\/compuviper.mx\/tienda\/wp-json\/wp\/v2\/product_tag?post=267887"}],"curies":[{"name":"wp","href":"https:\/\/api.w.org\/{rel}","templated":true}]}}