{"id":267885,"date":"2026-04-01T23:47:27","date_gmt":"2026-04-02T05:47:27","guid":{"rendered":"https:\/\/compuviper.mx\/tienda\/producto\/startech-com-hdmimm10hs-cable-hdmi-de-alta-velocidad-con-ethernet-de-3m-2x-hdmi-macho-ultra-hd-4k-x-2k-negro\/"},"modified":"2026-04-01T23:47:27","modified_gmt":"2026-04-02T05:47:27","slug":"startech-com-hdmimm10hs-cable-hdmi-de-alta-velocidad-con-ethernet-de-3m-2x-hdmi-macho-ultra-hd-4k-x-2k-negro","status":"publish","type":"product","link":"https:\/\/compuviper.mx\/tienda\/producto\/startech-com-hdmimm10hs-cable-hdmi-de-alta-velocidad-con-ethernet-de-3m-2x-hdmi-macho-ultra-hd-4k-x-2k-negro\/","title":{"rendered":"Startech.com Hdmimm10hs Cable Hdmi De Alta Velocidad Con Ethernet De 3m &#8211; 2x Hdmi Macho &#8211; Ultra Hd 4k X 2k &#8211; Negro"},"content":{"rendered":"<table class=\"descripcion\">\n<tr>\n<td>Cable hdmi 1.4b admite resoluciones ultra hd 4k (3840x2160p a 30 hz, o 4096x2160p a 24 hz), full hd (1920x1080p a un m\u00e1ximo de 120 hz), y un ancho de banda de 10.2 gbps para una transmisi\u00f3n de video y audio sin fisuras. tambi\u00e9n es compatible con relaciones de aspecto amplias, lo que la hace perfecta tanto para sistemas de entretenimiento dom\u00e9stico como para presentaciones profesionales. gracias a la compatibilidad con video en 3d y audio de 8 canales (5.1\/7.1\/dolby digital plus\/dolby truehd), podr\u00e1 disfrutar de una experiencia visual y auditiva totalmente envolvente.<\/td>\n<\/tr>\n<\/table>\n","protected":false},"excerpt":{"rendered":"<p>Cable hdmi de alta velocidad con ethernet de 3m &#8211; 2x hdmi macho &#8211; ultra hd 4k x 2k &#8211; negro. Conexiones ultra hd entre dispositivos equipados con hdmi\u00ae, sin estorbo de cables, as\u00ed como soporte para edc (ethernet data channel, canal de datos de ethernet)<\/p>\n","protected":false},"featured_media":0,"comment_status":"open","ping_status":"open","template":"","meta":[],"product_cat":[1549,1550],"product_tag":[1590],"acf":[],"yoast_head":"<!-- This site is optimized with the Yoast SEO plugin v21.7 - https:\/\/yoast.com\/wordpress\/plugins\/seo\/ -->\n<title>[ Startech.com ] &#129351; Hdmimm10hs Cable Hdmi De Alta Velocidad Con Ethernet De 3m - 2x Hdmi Macho - Ultra Hd 4k X 2k - Negro<\/title>\n<meta name=\"description\" content=\"Compra Hdmimm10hs Cable Hdmi De Alta Velocidad Con Ethernet De 3m - 2x Hdmi Macho - Ultra Hd 4k X 2k - Negro + Env\u00edo a domicilio + Pago seguro + Garant\u00eda\" \/>\n<meta name=\"robots\" content=\"index, follow, max-snippet:-1, max-image-preview:large, max-video-preview:-1\" \/>\n<link rel=\"canonical\" href=\"https:\/\/compuviper.mx\/tienda\/producto\/startech-com-hdmimm10hs-cable-hdmi-de-alta-velocidad-con-ethernet-de-3m-2x-hdmi-macho-ultra-hd-4k-x-2k-negro\/\" \/>\n<meta property=\"og:locale\" content=\"es_MX\" \/>\n<meta property=\"og:type\" content=\"article\" \/>\n<meta property=\"og:title\" content=\"[ Startech.com ] &#129351; Hdmimm10hs Cable Hdmi De Alta Velocidad Con Ethernet De 3m - 2x Hdmi Macho - Ultra Hd 4k X 2k - Negro\" \/>\n<meta property=\"og:description\" content=\"Compra Hdmimm10hs Cable Hdmi De Alta Velocidad Con Ethernet De 3m - 2x Hdmi Macho - Ultra Hd 4k X 2k - Negro + Env\u00edo a domicilio + Pago seguro + Garant\u00eda\" \/>\n<meta property=\"og:url\" content=\"https:\/\/compuviper.mx\/tienda\/producto\/startech-com-hdmimm10hs-cable-hdmi-de-alta-velocidad-con-ethernet-de-3m-2x-hdmi-macho-ultra-hd-4k-x-2k-negro\/\" \/>\n<meta property=\"og:site_name\" content=\"Compuviper\" \/>\n<meta property=\"article:publisher\" content=\"https:\/\/www.facebook.com\/compuviper\" \/>\n<meta name=\"twitter:card\" content=\"summary_large_image\" \/>\n<meta name=\"twitter:label1\" content=\"Precio\" \/>\n\t<meta name=\"twitter:data1\" content=\"&#36;374 con IVA\" \/>\n\t<meta name=\"twitter:label2\" content=\"Availability\" \/>\n\t<meta name=\"twitter:data2\" content=\"Out of stock\" \/>\n<script type=\"application\/ld+json\" class=\"yoast-schema-graph\">{\"@context\":\"https:\/\/schema.org\",\"@graph\":[{\"@type\":\"WebPage\",\"@id\":\"https:\/\/compuviper.mx\/tienda\/producto\/startech-com-hdmimm10hs-cable-hdmi-de-alta-velocidad-con-ethernet-de-3m-2x-hdmi-macho-ultra-hd-4k-x-2k-negro\/\",\"url\":\"https:\/\/compuviper.mx\/tienda\/producto\/startech-com-hdmimm10hs-cable-hdmi-de-alta-velocidad-con-ethernet-de-3m-2x-hdmi-macho-ultra-hd-4k-x-2k-negro\/\",\"name\":\"[ Startech.com ] &#129351; Hdmimm10hs Cable Hdmi De Alta Velocidad Con Ethernet De 3m - 2x Hdmi Macho - Ultra Hd 4k X 2k - Negro\",\"isPartOf\":{\"@id\":\"https:\/\/compuviper.mx\/tienda\/#website\"},\"datePublished\":\"2026-04-02T05:47:27+00:00\",\"dateModified\":\"2026-04-02T05:47:27+00:00\",\"description\":\"Compra Hdmimm10hs Cable Hdmi De Alta Velocidad Con Ethernet De 3m - 2x Hdmi Macho - Ultra Hd 4k X 2k - Negro + Env\u00edo a domicilio + Pago seguro + Garant\u00eda\",\"breadcrumb\":{\"@id\":\"https:\/\/compuviper.mx\/tienda\/producto\/startech-com-hdmimm10hs-cable-hdmi-de-alta-velocidad-con-ethernet-de-3m-2x-hdmi-macho-ultra-hd-4k-x-2k-negro\/#breadcrumb\"},\"inLanguage\":\"es-MX\",\"potentialAction\":[{\"@type\":\"ReadAction\",\"target\":[\"https:\/\/compuviper.mx\/tienda\/producto\/startech-com-hdmimm10hs-cable-hdmi-de-alta-velocidad-con-ethernet-de-3m-2x-hdmi-macho-ultra-hd-4k-x-2k-negro\/\"]}]},{\"@type\":\"BreadcrumbList\",\"@id\":\"https:\/\/compuviper.mx\/tienda\/producto\/startech-com-hdmimm10hs-cable-hdmi-de-alta-velocidad-con-ethernet-de-3m-2x-hdmi-macho-ultra-hd-4k-x-2k-negro\/#breadcrumb\",\"itemListElement\":[{\"@type\":\"ListItem\",\"position\":1,\"name\":\"Inicio\",\"item\":\"https:\/\/compuviper.mx\/tienda\/\"},{\"@type\":\"ListItem\",\"position\":2,\"name\":\"Productos\",\"item\":\"https:\/\/compuviper.mx\/tienda\/productos\/\"},{\"@type\":\"ListItem\",\"position\":3,\"name\":\"Cables\",\"item\":\"https:\/\/compuviper.mx\/tienda\/categoria-producto\/cables\/\"},{\"@type\":\"ListItem\",\"position\":4,\"name\":\"Cable De Video\",\"item\":\"https:\/\/compuviper.mx\/tienda\/categoria-producto\/cables\/cable-de-video\/\"},{\"@type\":\"ListItem\",\"position\":5,\"name\":\"Startech.com Hdmimm10hs Cable Hdmi De Alta Velocidad Con Ethernet De 3m &#8211; 2x Hdmi Macho &#8211; Ultra Hd 4k X 2k &#8211; Negro\"}]},{\"@type\":\"WebSite\",\"@id\":\"https:\/\/compuviper.mx\/tienda\/#website\",\"url\":\"https:\/\/compuviper.mx\/tienda\/\",\"name\":\"Compuviper\",\"description\":\"Proveedor de Computadoras, Laptops, Servidores, Monitores, Puntos de Venta, Teclados,   Impresoras, T\u00f3ner, C\u00e1maras de Seguridad y m\u00e1s en tu tienda en l\u00ednea\",\"publisher\":{\"@id\":\"https:\/\/compuviper.mx\/tienda\/#organization\"},\"potentialAction\":[{\"@type\":\"SearchAction\",\"target\":{\"@type\":\"EntryPoint\",\"urlTemplate\":\"https:\/\/compuviper.mx\/tienda\/?s={search_term_string}\"},\"query-input\":\"required name=search_term_string\"}],\"inLanguage\":\"es-MX\"},{\"@type\":\"Organization\",\"@id\":\"https:\/\/compuviper.mx\/tienda\/#organization\",\"name\":\"Compuviper\",\"url\":\"https:\/\/compuviper.mx\/tienda\/\",\"logo\":{\"@type\":\"ImageObject\",\"inLanguage\":\"es-MX\",\"@id\":\"https:\/\/compuviper.mx\/tienda\/#\/schema\/logo\/image\/\",\"url\":\"https:\/\/compuviper.mx\/tienda\/wp-content\/uploads\/2021\/08\/Logo-Compuviper-10.png\",\"contentUrl\":\"https:\/\/compuviper.mx\/tienda\/wp-content\/uploads\/2021\/08\/Logo-Compuviper-10.png\",\"width\":1000,\"height\":500,\"caption\":\"Compuviper\"},\"image\":{\"@id\":\"https:\/\/compuviper.mx\/tienda\/#\/schema\/logo\/image\/\"},\"sameAs\":[\"https:\/\/www.facebook.com\/compuviper\",\"https:\/\/www.youtube.com\/channel\/UCf73dERp9Y3cfOq7q8BhLjA?view_as=subscriber\"]}]}<\/script>\n<meta property=\"product:brand\" content=\"STARTECH.COM\" \/>\n<meta property=\"product:price:amount\" content=\"374\" \/>\n<meta property=\"product:price:currency\" content=\"MXN\" \/>\n<meta property=\"og:availability\" content=\"out of stock\" \/>\n<meta property=\"product:availability\" content=\"out of stock\" \/>\n<meta property=\"product:retailer_item_id\" content=\"HDMIMM10HS\" \/>\n<meta property=\"product:condition\" content=\"new\" \/>\n<!-- \/ Yoast SEO plugin. -->","yoast_head_json":{"title":"[ Startech.com ] &#129351; Hdmimm10hs Cable Hdmi De Alta Velocidad Con Ethernet De 3m - 2x Hdmi Macho - Ultra Hd 4k X 2k - Negro","description":"Compra Hdmimm10hs Cable Hdmi De Alta Velocidad Con Ethernet De 3m - 2x Hdmi Macho - Ultra Hd 4k X 2k - Negro + Env\u00edo a domicilio + Pago seguro + Garant\u00eda","robots":{"index":"index","follow":"follow","max-snippet":"max-snippet:-1","max-image-preview":"max-image-preview:large","max-video-preview":"max-video-preview:-1"},"canonical":"https:\/\/compuviper.mx\/tienda\/producto\/startech-com-hdmimm10hs-cable-hdmi-de-alta-velocidad-con-ethernet-de-3m-2x-hdmi-macho-ultra-hd-4k-x-2k-negro\/","og_locale":"es_MX","og_type":"article","og_title":"[ Startech.com ] &#129351; Hdmimm10hs Cable Hdmi De Alta Velocidad Con Ethernet De 3m - 2x Hdmi Macho - Ultra Hd 4k X 2k - Negro","og_description":"Compra Hdmimm10hs Cable Hdmi De Alta Velocidad Con Ethernet De 3m - 2x Hdmi Macho - Ultra Hd 4k X 2k - Negro + Env\u00edo a domicilio + Pago seguro + Garant\u00eda","og_url":"https:\/\/compuviper.mx\/tienda\/producto\/startech-com-hdmimm10hs-cable-hdmi-de-alta-velocidad-con-ethernet-de-3m-2x-hdmi-macho-ultra-hd-4k-x-2k-negro\/","og_site_name":"Compuviper","article_publisher":"https:\/\/www.facebook.com\/compuviper","twitter_card":"summary_large_image","twitter_misc":{"Precio":"&#36;374 con IVA","Availability":"Out of stock"},"schema":{"@context":"https:\/\/schema.org","@graph":[{"@type":"WebPage","@id":"https:\/\/compuviper.mx\/tienda\/producto\/startech-com-hdmimm10hs-cable-hdmi-de-alta-velocidad-con-ethernet-de-3m-2x-hdmi-macho-ultra-hd-4k-x-2k-negro\/","url":"https:\/\/compuviper.mx\/tienda\/producto\/startech-com-hdmimm10hs-cable-hdmi-de-alta-velocidad-con-ethernet-de-3m-2x-hdmi-macho-ultra-hd-4k-x-2k-negro\/","name":"[ Startech.com ] &#129351; Hdmimm10hs Cable Hdmi De Alta Velocidad Con Ethernet De 3m - 2x Hdmi Macho - Ultra Hd 4k X 2k - Negro","isPartOf":{"@id":"https:\/\/compuviper.mx\/tienda\/#website"},"datePublished":"2026-04-02T05:47:27+00:00","dateModified":"2026-04-02T05:47:27+00:00","description":"Compra Hdmimm10hs Cable Hdmi De Alta Velocidad Con Ethernet De 3m - 2x Hdmi Macho - Ultra Hd 4k X 2k - Negro + Env\u00edo a domicilio + Pago seguro + Garant\u00eda","breadcrumb":{"@id":"https:\/\/compuviper.mx\/tienda\/producto\/startech-com-hdmimm10hs-cable-hdmi-de-alta-velocidad-con-ethernet-de-3m-2x-hdmi-macho-ultra-hd-4k-x-2k-negro\/#breadcrumb"},"inLanguage":"es-MX","potentialAction":[{"@type":"ReadAction","target":["https:\/\/compuviper.mx\/tienda\/producto\/startech-com-hdmimm10hs-cable-hdmi-de-alta-velocidad-con-ethernet-de-3m-2x-hdmi-macho-ultra-hd-4k-x-2k-negro\/"]}]},{"@type":"BreadcrumbList","@id":"https:\/\/compuviper.mx\/tienda\/producto\/startech-com-hdmimm10hs-cable-hdmi-de-alta-velocidad-con-ethernet-de-3m-2x-hdmi-macho-ultra-hd-4k-x-2k-negro\/#breadcrumb","itemListElement":[{"@type":"ListItem","position":1,"name":"Inicio","item":"https:\/\/compuviper.mx\/tienda\/"},{"@type":"ListItem","position":2,"name":"Productos","item":"https:\/\/compuviper.mx\/tienda\/productos\/"},{"@type":"ListItem","position":3,"name":"Cables","item":"https:\/\/compuviper.mx\/tienda\/categoria-producto\/cables\/"},{"@type":"ListItem","position":4,"name":"Cable De Video","item":"https:\/\/compuviper.mx\/tienda\/categoria-producto\/cables\/cable-de-video\/"},{"@type":"ListItem","position":5,"name":"Startech.com Hdmimm10hs Cable Hdmi De Alta Velocidad Con Ethernet De 3m &#8211; 2x Hdmi Macho &#8211; Ultra Hd 4k X 2k &#8211; Negro"}]},{"@type":"WebSite","@id":"https:\/\/compuviper.mx\/tienda\/#website","url":"https:\/\/compuviper.mx\/tienda\/","name":"Compuviper","description":"Proveedor de Computadoras, Laptops, Servidores, Monitores, Puntos de Venta, Teclados,   Impresoras, T\u00f3ner, C\u00e1maras de Seguridad y m\u00e1s en tu tienda en l\u00ednea","publisher":{"@id":"https:\/\/compuviper.mx\/tienda\/#organization"},"potentialAction":[{"@type":"SearchAction","target":{"@type":"EntryPoint","urlTemplate":"https:\/\/compuviper.mx\/tienda\/?s={search_term_string}"},"query-input":"required name=search_term_string"}],"inLanguage":"es-MX"},{"@type":"Organization","@id":"https:\/\/compuviper.mx\/tienda\/#organization","name":"Compuviper","url":"https:\/\/compuviper.mx\/tienda\/","logo":{"@type":"ImageObject","inLanguage":"es-MX","@id":"https:\/\/compuviper.mx\/tienda\/#\/schema\/logo\/image\/","url":"https:\/\/compuviper.mx\/tienda\/wp-content\/uploads\/2021\/08\/Logo-Compuviper-10.png","contentUrl":"https:\/\/compuviper.mx\/tienda\/wp-content\/uploads\/2021\/08\/Logo-Compuviper-10.png","width":1000,"height":500,"caption":"Compuviper"},"image":{"@id":"https:\/\/compuviper.mx\/tienda\/#\/schema\/logo\/image\/"},"sameAs":["https:\/\/www.facebook.com\/compuviper","https:\/\/www.youtube.com\/channel\/UCf73dERp9Y3cfOq7q8BhLjA?view_as=subscriber"]}]},"product_brand":"STARTECH.COM","product_price_amount":"374","product_price_currency":"MXN","og_availability":"out of stock","product_availability":"out of stock","product_retailer_item_id":"HDMIMM10HS","product_condition":"new"},"_links":{"self":[{"href":"https:\/\/compuviper.mx\/tienda\/wp-json\/wp\/v2\/product\/267885"}],"collection":[{"href":"https:\/\/compuviper.mx\/tienda\/wp-json\/wp\/v2\/product"}],"about":[{"href":"https:\/\/compuviper.mx\/tienda\/wp-json\/wp\/v2\/types\/product"}],"replies":[{"embeddable":true,"href":"https:\/\/compuviper.mx\/tienda\/wp-json\/wp\/v2\/comments?post=267885"}],"wp:attachment":[{"href":"https:\/\/compuviper.mx\/tienda\/wp-json\/wp\/v2\/media?parent=267885"}],"wp:term":[{"taxonomy":"product_cat","embeddable":true,"href":"https:\/\/compuviper.mx\/tienda\/wp-json\/wp\/v2\/product_cat?post=267885"},{"taxonomy":"product_tag","embeddable":true,"href":"https:\/\/compuviper.mx\/tienda\/wp-json\/wp\/v2\/product_tag?post=267885"}],"curies":[{"name":"wp","href":"https:\/\/api.w.org\/{rel}","templated":true}]}}