{"id":267880,"date":"2026-04-01T23:25:09","date_gmt":"2026-04-02T05:25:09","guid":{"rendered":"https:\/\/compuviper.mx\/tienda\/producto\/startech-com-adj-laptop-riser-soporte-ergonmico-de-laptop-ultrabook-o-chromebook-base-soporte-ergonmico-para-laptop-de-altura-ajustable-aluminio-porttil-10kg-plegable-elevador-riser\/"},"modified":"2026-04-01T23:25:10","modified_gmt":"2026-04-02T05:25:10","slug":"startech-com-adj-laptop-riser-soporte-ergonmico-de-laptop-ultrabook-o-chromebook-base-soporte-ergonmico-para-laptop-de-altura-ajustable-aluminio-porttil-10kg-plegable-elevador-riser","status":"publish","type":"product","link":"https:\/\/compuviper.mx\/tienda\/producto\/startech-com-adj-laptop-riser-soporte-ergonmico-de-laptop-ultrabook-o-chromebook-base-soporte-ergonmico-para-laptop-de-altura-ajustable-aluminio-porttil-10kg-plegable-elevador-riser\/","title":{"rendered":"Startech.com Adj-laptop-riser Soporte Ergon?mico De Laptop Ultrabook O Chromebook &#8211; Base Soporte Ergon?mico Para Laptop De Altura Ajustable &#8211; Aluminio &#8211; Port?til &#8211; 10kg &#8211; Plegable &#8211; Elevador Riser"},"content":{"rendered":"<table class=\"descripcion\">\n<tr>\n<td>Eleva e inclina su laptops a la altura de los ojos para lograr una comodidad ergon\u00f3mica y mayor productividad &#8211; cuenta con una superficie de altura ajustable de 26.9 x 22.6 cm que soporta cualquier laptop de hasta 10kg. la construcci\u00f3n de aluminio ventilado mejora el flujo de aire debajo de la laptop &#8211; el aumento de la disipaci\u00f3n de calor reduce el ruido del ventilador y el estr\u00e9s t\u00e9rmico en el hardware mejorando el rendimiento.<\/td>\n<\/tr>\n<\/table>\n","protected":false},"excerpt":{"rendered":"<p>Soporte ergon\u00f3mico de laptop ultrabook o chromebook &#8211; base soporte ergon\u00f3mico para laptop de altura ajustable &#8211; aluminio &#8211; port\u00e1til &#8211; 10kg &#8211; plegable &#8211; elevador riser. Altura e inclinaci\u00f3n variables &#8211; ventilado &#8211; liviano &#8211; 714g<\/p>\n","protected":false},"featured_media":0,"comment_status":"open","ping_status":"open","template":"","meta":[],"product_cat":[2321,2265],"product_tag":[1590],"acf":[],"yoast_head":"<!-- This site is optimized with the Yoast SEO plugin v21.7 - https:\/\/yoast.com\/wordpress\/plugins\/seo\/ -->\n<title>[ Startech.com ] &#129351; Adj-laptop-riser Soporte Ergon\u00f3mico De Laptop Ultrabook O Chromebook - Base Soporte Ergon\u00f3mico Para Laptop De Altura Ajustable - Aluminio - Port\u00e1til - 10kg - Plegable - Elevador Riser<\/title>\n<meta name=\"description\" content=\"Compra Adj-laptop-riser Soporte Ergon\u00f3mico De Laptop Ultrabook O Chromebook - Base Soporte Ergon\u00f3mico Para Laptop De Altura Ajustable - Aluminio - Port\u00e1til - 10kg - Plegable - Elevador Riser + Env\u00edo a domicilio + Pago seguro + Garant\u00eda\" \/>\n<meta name=\"robots\" content=\"index, follow, max-snippet:-1, max-image-preview:large, max-video-preview:-1\" \/>\n<link rel=\"canonical\" href=\"https:\/\/compuviper.mx\/tienda\/producto\/startech-com-adj-laptop-riser-soporte-ergonmico-de-laptop-ultrabook-o-chromebook-base-soporte-ergonmico-para-laptop-de-altura-ajustable-aluminio-porttil-10kg-plegable-elevador-riser\/\" \/>\n<meta property=\"og:locale\" content=\"es_MX\" \/>\n<meta property=\"og:type\" content=\"article\" \/>\n<meta property=\"og:title\" content=\"[ Startech.com ] &#129351; Adj-laptop-riser Soporte Ergon\u00f3mico De Laptop Ultrabook O Chromebook - Base Soporte Ergon\u00f3mico Para Laptop De Altura Ajustable - Aluminio - Port\u00e1til - 10kg - Plegable - Elevador Riser\" \/>\n<meta property=\"og:description\" content=\"Compra Adj-laptop-riser Soporte Ergon\u00f3mico De Laptop Ultrabook O Chromebook - Base Soporte Ergon\u00f3mico Para Laptop De Altura Ajustable - Aluminio - Port\u00e1til - 10kg - Plegable - Elevador Riser + Env\u00edo a domicilio + Pago seguro + Garant\u00eda\" \/>\n<meta property=\"og:url\" content=\"https:\/\/compuviper.mx\/tienda\/producto\/startech-com-adj-laptop-riser-soporte-ergonmico-de-laptop-ultrabook-o-chromebook-base-soporte-ergonmico-para-laptop-de-altura-ajustable-aluminio-porttil-10kg-plegable-elevador-riser\/\" \/>\n<meta property=\"og:site_name\" content=\"Compuviper\" \/>\n<meta property=\"article:publisher\" content=\"https:\/\/www.facebook.com\/compuviper\" \/>\n<meta property=\"article:modified_time\" content=\"2026-04-02T05:25:10+00:00\" \/>\n<meta name=\"twitter:card\" content=\"summary_large_image\" \/>\n<meta name=\"twitter:label1\" content=\"Precio\" \/>\n\t<meta name=\"twitter:data1\" content=\"&#36;1,863 con IVA\" \/>\n\t<meta name=\"twitter:label2\" content=\"Availability\" \/>\n\t<meta name=\"twitter:data2\" content=\"Out of stock\" \/>\n<script type=\"application\/ld+json\" class=\"yoast-schema-graph\">{\"@context\":\"https:\/\/schema.org\",\"@graph\":[{\"@type\":\"WebPage\",\"@id\":\"https:\/\/compuviper.mx\/tienda\/producto\/startech-com-adj-laptop-riser-soporte-ergonmico-de-laptop-ultrabook-o-chromebook-base-soporte-ergonmico-para-laptop-de-altura-ajustable-aluminio-porttil-10kg-plegable-elevador-riser\/\",\"url\":\"https:\/\/compuviper.mx\/tienda\/producto\/startech-com-adj-laptop-riser-soporte-ergonmico-de-laptop-ultrabook-o-chromebook-base-soporte-ergonmico-para-laptop-de-altura-ajustable-aluminio-porttil-10kg-plegable-elevador-riser\/\",\"name\":\"[ Startech.com ] &#129351; Adj-laptop-riser Soporte Ergon\u00f3mico De Laptop Ultrabook O Chromebook - Base Soporte Ergon\u00f3mico Para Laptop De Altura Ajustable - Aluminio - Port\u00e1til - 10kg - Plegable - Elevador Riser\",\"isPartOf\":{\"@id\":\"https:\/\/compuviper.mx\/tienda\/#website\"},\"datePublished\":\"2026-04-02T05:25:09+00:00\",\"dateModified\":\"2026-04-02T05:25:10+00:00\",\"description\":\"Compra Adj-laptop-riser Soporte Ergon\u00f3mico De Laptop Ultrabook O Chromebook - Base Soporte Ergon\u00f3mico Para Laptop De Altura Ajustable - Aluminio - Port\u00e1til - 10kg - Plegable - Elevador Riser + Env\u00edo a domicilio + Pago seguro + Garant\u00eda\",\"breadcrumb\":{\"@id\":\"https:\/\/compuviper.mx\/tienda\/producto\/startech-com-adj-laptop-riser-soporte-ergonmico-de-laptop-ultrabook-o-chromebook-base-soporte-ergonmico-para-laptop-de-altura-ajustable-aluminio-porttil-10kg-plegable-elevador-riser\/#breadcrumb\"},\"inLanguage\":\"es-MX\",\"potentialAction\":[{\"@type\":\"ReadAction\",\"target\":[\"https:\/\/compuviper.mx\/tienda\/producto\/startech-com-adj-laptop-riser-soporte-ergonmico-de-laptop-ultrabook-o-chromebook-base-soporte-ergonmico-para-laptop-de-altura-ajustable-aluminio-porttil-10kg-plegable-elevador-riser\/\"]}]},{\"@type\":\"BreadcrumbList\",\"@id\":\"https:\/\/compuviper.mx\/tienda\/producto\/startech-com-adj-laptop-riser-soporte-ergonmico-de-laptop-ultrabook-o-chromebook-base-soporte-ergonmico-para-laptop-de-altura-ajustable-aluminio-porttil-10kg-plegable-elevador-riser\/#breadcrumb\",\"itemListElement\":[{\"@type\":\"ListItem\",\"position\":1,\"name\":\"Inicio\",\"item\":\"https:\/\/compuviper.mx\/tienda\/\"},{\"@type\":\"ListItem\",\"position\":2,\"name\":\"Productos\",\"item\":\"https:\/\/compuviper.mx\/tienda\/productos\/\"},{\"@type\":\"ListItem\",\"position\":3,\"name\":\"Soportes Y Bases P\/tv\/ Proyectores\/dvd\/consolas\/bocinas\/pantallas\/monotores\",\"item\":\"https:\/\/compuviper.mx\/tienda\/categoria-producto\/soportes-y-bases-p-tv-proyectores-dvd-consolas-bocinas-pantallas-monotores\/\"},{\"@type\":\"ListItem\",\"position\":4,\"name\":\"Soporte Y Base Para Tv\/pantallas\/monitores\/kiosko\",\"item\":\"https:\/\/compuviper.mx\/tienda\/categoria-producto\/soportes-y-bases-p-tv-proyectores-dvd-consolas-bocinas-pantallas-monotores\/soporte-y-base-para-tv-pantallas-monitores-kiosko\/\"},{\"@type\":\"ListItem\",\"position\":5,\"name\":\"Startech.com Adj-laptop-riser Soporte Ergon?mico De Laptop Ultrabook O Chromebook &#8211; Base Soporte Ergon?mico Para Laptop De Altura Ajustable &#8211; Aluminio &#8211; Port?til &#8211; 10kg &#8211; Plegable &#8211; Elevador Riser\"}]},{\"@type\":\"WebSite\",\"@id\":\"https:\/\/compuviper.mx\/tienda\/#website\",\"url\":\"https:\/\/compuviper.mx\/tienda\/\",\"name\":\"Compuviper\",\"description\":\"Proveedor de Computadoras, Laptops, Servidores, Monitores, Puntos de Venta, Teclados,   Impresoras, T\u00f3ner, C\u00e1maras de Seguridad y m\u00e1s en tu tienda en l\u00ednea\",\"publisher\":{\"@id\":\"https:\/\/compuviper.mx\/tienda\/#organization\"},\"potentialAction\":[{\"@type\":\"SearchAction\",\"target\":{\"@type\":\"EntryPoint\",\"urlTemplate\":\"https:\/\/compuviper.mx\/tienda\/?s={search_term_string}\"},\"query-input\":\"required name=search_term_string\"}],\"inLanguage\":\"es-MX\"},{\"@type\":\"Organization\",\"@id\":\"https:\/\/compuviper.mx\/tienda\/#organization\",\"name\":\"Compuviper\",\"url\":\"https:\/\/compuviper.mx\/tienda\/\",\"logo\":{\"@type\":\"ImageObject\",\"inLanguage\":\"es-MX\",\"@id\":\"https:\/\/compuviper.mx\/tienda\/#\/schema\/logo\/image\/\",\"url\":\"https:\/\/compuviper.mx\/tienda\/wp-content\/uploads\/2021\/08\/Logo-Compuviper-10.png\",\"contentUrl\":\"https:\/\/compuviper.mx\/tienda\/wp-content\/uploads\/2021\/08\/Logo-Compuviper-10.png\",\"width\":1000,\"height\":500,\"caption\":\"Compuviper\"},\"image\":{\"@id\":\"https:\/\/compuviper.mx\/tienda\/#\/schema\/logo\/image\/\"},\"sameAs\":[\"https:\/\/www.facebook.com\/compuviper\",\"https:\/\/www.youtube.com\/channel\/UCf73dERp9Y3cfOq7q8BhLjA?view_as=subscriber\"]}]}<\/script>\n<meta property=\"product:brand\" content=\"STARTECH.COM\" \/>\n<meta property=\"product:price:amount\" content=\"1863\" \/>\n<meta property=\"product:price:currency\" content=\"MXN\" \/>\n<meta property=\"og:availability\" content=\"out of stock\" \/>\n<meta property=\"product:availability\" content=\"out of stock\" \/>\n<meta property=\"product:retailer_item_id\" content=\"ADJ-LAPTOP-RISER\" \/>\n<meta property=\"product:condition\" content=\"new\" \/>\n<!-- \/ Yoast SEO plugin. -->","yoast_head_json":{"title":"[ Startech.com ] &#129351; Adj-laptop-riser Soporte Ergon\u00f3mico De Laptop Ultrabook O Chromebook - Base Soporte Ergon\u00f3mico Para Laptop De Altura Ajustable - Aluminio - Port\u00e1til - 10kg - Plegable - Elevador Riser","description":"Compra Adj-laptop-riser Soporte Ergon\u00f3mico De Laptop Ultrabook O Chromebook - Base Soporte Ergon\u00f3mico Para Laptop De Altura Ajustable - Aluminio - Port\u00e1til - 10kg - Plegable - Elevador Riser + Env\u00edo a domicilio + Pago seguro + Garant\u00eda","robots":{"index":"index","follow":"follow","max-snippet":"max-snippet:-1","max-image-preview":"max-image-preview:large","max-video-preview":"max-video-preview:-1"},"canonical":"https:\/\/compuviper.mx\/tienda\/producto\/startech-com-adj-laptop-riser-soporte-ergonmico-de-laptop-ultrabook-o-chromebook-base-soporte-ergonmico-para-laptop-de-altura-ajustable-aluminio-porttil-10kg-plegable-elevador-riser\/","og_locale":"es_MX","og_type":"article","og_title":"[ Startech.com ] &#129351; Adj-laptop-riser Soporte Ergon\u00f3mico De Laptop Ultrabook O Chromebook - Base Soporte Ergon\u00f3mico Para Laptop De Altura Ajustable - Aluminio - Port\u00e1til - 10kg - Plegable - Elevador Riser","og_description":"Compra Adj-laptop-riser Soporte Ergon\u00f3mico De Laptop Ultrabook O Chromebook - Base Soporte Ergon\u00f3mico Para Laptop De Altura Ajustable - Aluminio - Port\u00e1til - 10kg - Plegable - Elevador Riser + Env\u00edo a domicilio + Pago seguro + Garant\u00eda","og_url":"https:\/\/compuviper.mx\/tienda\/producto\/startech-com-adj-laptop-riser-soporte-ergonmico-de-laptop-ultrabook-o-chromebook-base-soporte-ergonmico-para-laptop-de-altura-ajustable-aluminio-porttil-10kg-plegable-elevador-riser\/","og_site_name":"Compuviper","article_publisher":"https:\/\/www.facebook.com\/compuviper","article_modified_time":"2026-04-02T05:25:10+00:00","twitter_card":"summary_large_image","twitter_misc":{"Precio":"&#36;1,863 con IVA","Availability":"Out of stock"},"schema":{"@context":"https:\/\/schema.org","@graph":[{"@type":"WebPage","@id":"https:\/\/compuviper.mx\/tienda\/producto\/startech-com-adj-laptop-riser-soporte-ergonmico-de-laptop-ultrabook-o-chromebook-base-soporte-ergonmico-para-laptop-de-altura-ajustable-aluminio-porttil-10kg-plegable-elevador-riser\/","url":"https:\/\/compuviper.mx\/tienda\/producto\/startech-com-adj-laptop-riser-soporte-ergonmico-de-laptop-ultrabook-o-chromebook-base-soporte-ergonmico-para-laptop-de-altura-ajustable-aluminio-porttil-10kg-plegable-elevador-riser\/","name":"[ Startech.com ] &#129351; Adj-laptop-riser Soporte Ergon\u00f3mico De Laptop Ultrabook O Chromebook - Base Soporte Ergon\u00f3mico Para Laptop De Altura Ajustable - Aluminio - Port\u00e1til - 10kg - Plegable - Elevador Riser","isPartOf":{"@id":"https:\/\/compuviper.mx\/tienda\/#website"},"datePublished":"2026-04-02T05:25:09+00:00","dateModified":"2026-04-02T05:25:10+00:00","description":"Compra Adj-laptop-riser Soporte Ergon\u00f3mico De Laptop Ultrabook O Chromebook - Base Soporte Ergon\u00f3mico Para Laptop De Altura Ajustable - Aluminio - Port\u00e1til - 10kg - Plegable - Elevador Riser + Env\u00edo a domicilio + Pago seguro + Garant\u00eda","breadcrumb":{"@id":"https:\/\/compuviper.mx\/tienda\/producto\/startech-com-adj-laptop-riser-soporte-ergonmico-de-laptop-ultrabook-o-chromebook-base-soporte-ergonmico-para-laptop-de-altura-ajustable-aluminio-porttil-10kg-plegable-elevador-riser\/#breadcrumb"},"inLanguage":"es-MX","potentialAction":[{"@type":"ReadAction","target":["https:\/\/compuviper.mx\/tienda\/producto\/startech-com-adj-laptop-riser-soporte-ergonmico-de-laptop-ultrabook-o-chromebook-base-soporte-ergonmico-para-laptop-de-altura-ajustable-aluminio-porttil-10kg-plegable-elevador-riser\/"]}]},{"@type":"BreadcrumbList","@id":"https:\/\/compuviper.mx\/tienda\/producto\/startech-com-adj-laptop-riser-soporte-ergonmico-de-laptop-ultrabook-o-chromebook-base-soporte-ergonmico-para-laptop-de-altura-ajustable-aluminio-porttil-10kg-plegable-elevador-riser\/#breadcrumb","itemListElement":[{"@type":"ListItem","position":1,"name":"Inicio","item":"https:\/\/compuviper.mx\/tienda\/"},{"@type":"ListItem","position":2,"name":"Productos","item":"https:\/\/compuviper.mx\/tienda\/productos\/"},{"@type":"ListItem","position":3,"name":"Soportes Y Bases P\/tv\/ Proyectores\/dvd\/consolas\/bocinas\/pantallas\/monotores","item":"https:\/\/compuviper.mx\/tienda\/categoria-producto\/soportes-y-bases-p-tv-proyectores-dvd-consolas-bocinas-pantallas-monotores\/"},{"@type":"ListItem","position":4,"name":"Soporte Y Base Para Tv\/pantallas\/monitores\/kiosko","item":"https:\/\/compuviper.mx\/tienda\/categoria-producto\/soportes-y-bases-p-tv-proyectores-dvd-consolas-bocinas-pantallas-monotores\/soporte-y-base-para-tv-pantallas-monitores-kiosko\/"},{"@type":"ListItem","position":5,"name":"Startech.com Adj-laptop-riser Soporte Ergon?mico De Laptop Ultrabook O Chromebook &#8211; Base Soporte Ergon?mico Para Laptop De Altura Ajustable &#8211; Aluminio &#8211; Port?til &#8211; 10kg &#8211; Plegable &#8211; Elevador Riser"}]},{"@type":"WebSite","@id":"https:\/\/compuviper.mx\/tienda\/#website","url":"https:\/\/compuviper.mx\/tienda\/","name":"Compuviper","description":"Proveedor de Computadoras, Laptops, Servidores, Monitores, Puntos de Venta, Teclados,   Impresoras, T\u00f3ner, C\u00e1maras de Seguridad y m\u00e1s en tu tienda en l\u00ednea","publisher":{"@id":"https:\/\/compuviper.mx\/tienda\/#organization"},"potentialAction":[{"@type":"SearchAction","target":{"@type":"EntryPoint","urlTemplate":"https:\/\/compuviper.mx\/tienda\/?s={search_term_string}"},"query-input":"required name=search_term_string"}],"inLanguage":"es-MX"},{"@type":"Organization","@id":"https:\/\/compuviper.mx\/tienda\/#organization","name":"Compuviper","url":"https:\/\/compuviper.mx\/tienda\/","logo":{"@type":"ImageObject","inLanguage":"es-MX","@id":"https:\/\/compuviper.mx\/tienda\/#\/schema\/logo\/image\/","url":"https:\/\/compuviper.mx\/tienda\/wp-content\/uploads\/2021\/08\/Logo-Compuviper-10.png","contentUrl":"https:\/\/compuviper.mx\/tienda\/wp-content\/uploads\/2021\/08\/Logo-Compuviper-10.png","width":1000,"height":500,"caption":"Compuviper"},"image":{"@id":"https:\/\/compuviper.mx\/tienda\/#\/schema\/logo\/image\/"},"sameAs":["https:\/\/www.facebook.com\/compuviper","https:\/\/www.youtube.com\/channel\/UCf73dERp9Y3cfOq7q8BhLjA?view_as=subscriber"]}]},"product_brand":"STARTECH.COM","product_price_amount":"1863","product_price_currency":"MXN","og_availability":"out of stock","product_availability":"out of stock","product_retailer_item_id":"ADJ-LAPTOP-RISER","product_condition":"new"},"_links":{"self":[{"href":"https:\/\/compuviper.mx\/tienda\/wp-json\/wp\/v2\/product\/267880"}],"collection":[{"href":"https:\/\/compuviper.mx\/tienda\/wp-json\/wp\/v2\/product"}],"about":[{"href":"https:\/\/compuviper.mx\/tienda\/wp-json\/wp\/v2\/types\/product"}],"replies":[{"embeddable":true,"href":"https:\/\/compuviper.mx\/tienda\/wp-json\/wp\/v2\/comments?post=267880"}],"wp:attachment":[{"href":"https:\/\/compuviper.mx\/tienda\/wp-json\/wp\/v2\/media?parent=267880"}],"wp:term":[{"taxonomy":"product_cat","embeddable":true,"href":"https:\/\/compuviper.mx\/tienda\/wp-json\/wp\/v2\/product_cat?post=267880"},{"taxonomy":"product_tag","embeddable":true,"href":"https:\/\/compuviper.mx\/tienda\/wp-json\/wp\/v2\/product_tag?post=267880"}],"curies":[{"name":"wp","href":"https:\/\/api.w.org\/{rel}","templated":true}]}}