{"id":267879,"date":"2026-04-01T23:25:08","date_gmt":"2026-04-02T05:25:08","guid":{"rendered":"https:\/\/compuviper.mx\/tienda\/producto\/startech-com-fpwarps-soporte-de-tv-con-movimiento-total-para-pared-bracket-de-pared-de-servicio-pesado-para-tv-vesa-de-32-a-75-pulgadas-75kg-brazo-articulado-ajustable-plateado\/"},"modified":"2026-04-01T23:25:08","modified_gmt":"2026-04-02T05:25:08","slug":"startech-com-fpwarps-soporte-de-tv-con-movimiento-total-para-pared-bracket-de-pared-de-servicio-pesado-para-tv-vesa-de-32-a-75-pulgadas-75kg-brazo-articulado-ajustable-plateado","status":"publish","type":"product","link":"https:\/\/compuviper.mx\/tienda\/producto\/startech-com-fpwarps-soporte-de-tv-con-movimiento-total-para-pared-bracket-de-pared-de-servicio-pesado-para-tv-vesa-de-32-a-75-pulgadas-75kg-brazo-articulado-ajustable-plateado\/","title":{"rendered":"Startech.com Fpwarps Soporte De Tv Con Movimiento Total Para Pared &#8211; Bracket De Pared De Servicio Pesado Para Tv Vesa De 32 A 75 Pulgadas (75kg) &#8211; Brazo Articulado Ajustable &#8211; Plateado"},"content":{"rendered":"<table class=\"descripcion\">\n<tr>\n<td>Soporte de pared para tv, de servicio pesado y movimiento horizontal completo es compatible con pantallas vesa, de tama\u00f1o de 32 a 75 (75kg). con estructura en acero duradero, con acabado plateado granulado. permite un giro de +\/-60\u00b0, inclinaci\u00f3n de +\/-15\u00b0, para lograr el \u00e1ngulo de visualizaci\u00f3n ideal. los brazos articulados se extienden a 550mm de la pared o plegar a 105mm.<\/td>\n<\/tr>\n<\/table>\n","protected":false},"excerpt":{"rendered":"<p>Soporte de tv con movimiento total para pared &#8211; bracket de pared de servicio pesado para tv vesa de 32 a 75 pulgadas (75kg) &#8211; brazo articulado ajustable &#8211; plateado. Soporte de pantalla para pared | de acero\/aluminio | para tvs de 32 a 75<\/p>\n","protected":false},"featured_media":0,"comment_status":"open","ping_status":"open","template":"","meta":[],"product_cat":[2321,2265],"product_tag":[1590],"acf":[],"yoast_head":"<!-- This site is optimized with the Yoast SEO plugin v21.7 - https:\/\/yoast.com\/wordpress\/plugins\/seo\/ -->\n<title>[ Startech.com ] &#129351; Fpwarps Soporte De Tv Con Movimiento Total Para Pared - Bracket De Pared De Servicio Pesado Para Tv Vesa De 32 A 75 Pulgadas (75kg) - Brazo Articulado Ajustable - Plateado<\/title>\n<meta name=\"description\" content=\"Compra Fpwarps Soporte De Tv Con Movimiento Total Para Pared - Bracket De Pared De Servicio Pesado Para Tv Vesa De 32 A 75 Pulgadas (75kg) - Brazo Articulado Ajustable - Plateado + Env\u00edo a domicilio + Pago seguro + Garant\u00eda\" \/>\n<meta name=\"robots\" content=\"index, follow, max-snippet:-1, max-image-preview:large, max-video-preview:-1\" \/>\n<link rel=\"canonical\" href=\"https:\/\/compuviper.mx\/tienda\/producto\/startech-com-fpwarps-soporte-de-tv-con-movimiento-total-para-pared-bracket-de-pared-de-servicio-pesado-para-tv-vesa-de-32-a-75-pulgadas-75kg-brazo-articulado-ajustable-plateado\/\" \/>\n<meta property=\"og:locale\" content=\"es_MX\" \/>\n<meta property=\"og:type\" content=\"article\" \/>\n<meta property=\"og:title\" content=\"[ Startech.com ] &#129351; Fpwarps Soporte De Tv Con Movimiento Total Para Pared - Bracket De Pared De Servicio Pesado Para Tv Vesa De 32 A 75 Pulgadas (75kg) - Brazo Articulado Ajustable - Plateado\" \/>\n<meta property=\"og:description\" content=\"Compra Fpwarps Soporte De Tv Con Movimiento Total Para Pared - Bracket De Pared De Servicio Pesado Para Tv Vesa De 32 A 75 Pulgadas (75kg) - Brazo Articulado Ajustable - Plateado + Env\u00edo a domicilio + Pago seguro + Garant\u00eda\" \/>\n<meta property=\"og:url\" content=\"https:\/\/compuviper.mx\/tienda\/producto\/startech-com-fpwarps-soporte-de-tv-con-movimiento-total-para-pared-bracket-de-pared-de-servicio-pesado-para-tv-vesa-de-32-a-75-pulgadas-75kg-brazo-articulado-ajustable-plateado\/\" \/>\n<meta property=\"og:site_name\" content=\"Compuviper\" \/>\n<meta property=\"article:publisher\" content=\"https:\/\/www.facebook.com\/compuviper\" \/>\n<meta name=\"twitter:card\" content=\"summary_large_image\" \/>\n<meta name=\"twitter:label1\" content=\"Precio\" \/>\n\t<meta name=\"twitter:data1\" content=\"&#36;6,945 con IVA\" \/>\n\t<meta name=\"twitter:label2\" content=\"Availability\" \/>\n\t<meta name=\"twitter:data2\" content=\"Out of stock\" \/>\n<script type=\"application\/ld+json\" class=\"yoast-schema-graph\">{\"@context\":\"https:\/\/schema.org\",\"@graph\":[{\"@type\":\"WebPage\",\"@id\":\"https:\/\/compuviper.mx\/tienda\/producto\/startech-com-fpwarps-soporte-de-tv-con-movimiento-total-para-pared-bracket-de-pared-de-servicio-pesado-para-tv-vesa-de-32-a-75-pulgadas-75kg-brazo-articulado-ajustable-plateado\/\",\"url\":\"https:\/\/compuviper.mx\/tienda\/producto\/startech-com-fpwarps-soporte-de-tv-con-movimiento-total-para-pared-bracket-de-pared-de-servicio-pesado-para-tv-vesa-de-32-a-75-pulgadas-75kg-brazo-articulado-ajustable-plateado\/\",\"name\":\"[ Startech.com ] &#129351; Fpwarps Soporte De Tv Con Movimiento Total Para Pared - Bracket De Pared De Servicio Pesado Para Tv Vesa De 32 A 75 Pulgadas (75kg) - Brazo Articulado Ajustable - Plateado\",\"isPartOf\":{\"@id\":\"https:\/\/compuviper.mx\/tienda\/#website\"},\"datePublished\":\"2026-04-02T05:25:08+00:00\",\"dateModified\":\"2026-04-02T05:25:08+00:00\",\"description\":\"Compra Fpwarps Soporte De Tv Con Movimiento Total Para Pared - Bracket De Pared De Servicio Pesado Para Tv Vesa De 32 A 75 Pulgadas (75kg) - Brazo Articulado Ajustable - Plateado + Env\u00edo a domicilio + Pago seguro + Garant\u00eda\",\"breadcrumb\":{\"@id\":\"https:\/\/compuviper.mx\/tienda\/producto\/startech-com-fpwarps-soporte-de-tv-con-movimiento-total-para-pared-bracket-de-pared-de-servicio-pesado-para-tv-vesa-de-32-a-75-pulgadas-75kg-brazo-articulado-ajustable-plateado\/#breadcrumb\"},\"inLanguage\":\"es-MX\",\"potentialAction\":[{\"@type\":\"ReadAction\",\"target\":[\"https:\/\/compuviper.mx\/tienda\/producto\/startech-com-fpwarps-soporte-de-tv-con-movimiento-total-para-pared-bracket-de-pared-de-servicio-pesado-para-tv-vesa-de-32-a-75-pulgadas-75kg-brazo-articulado-ajustable-plateado\/\"]}]},{\"@type\":\"BreadcrumbList\",\"@id\":\"https:\/\/compuviper.mx\/tienda\/producto\/startech-com-fpwarps-soporte-de-tv-con-movimiento-total-para-pared-bracket-de-pared-de-servicio-pesado-para-tv-vesa-de-32-a-75-pulgadas-75kg-brazo-articulado-ajustable-plateado\/#breadcrumb\",\"itemListElement\":[{\"@type\":\"ListItem\",\"position\":1,\"name\":\"Inicio\",\"item\":\"https:\/\/compuviper.mx\/tienda\/\"},{\"@type\":\"ListItem\",\"position\":2,\"name\":\"Productos\",\"item\":\"https:\/\/compuviper.mx\/tienda\/productos\/\"},{\"@type\":\"ListItem\",\"position\":3,\"name\":\"Soportes Y Bases P\/tv\/ Proyectores\/dvd\/consolas\/bocinas\/pantallas\/monotores\",\"item\":\"https:\/\/compuviper.mx\/tienda\/categoria-producto\/soportes-y-bases-p-tv-proyectores-dvd-consolas-bocinas-pantallas-monotores\/\"},{\"@type\":\"ListItem\",\"position\":4,\"name\":\"Soporte Y Base Para Tv\/pantallas\/monitores\/kiosko\",\"item\":\"https:\/\/compuviper.mx\/tienda\/categoria-producto\/soportes-y-bases-p-tv-proyectores-dvd-consolas-bocinas-pantallas-monotores\/soporte-y-base-para-tv-pantallas-monitores-kiosko\/\"},{\"@type\":\"ListItem\",\"position\":5,\"name\":\"Startech.com Fpwarps Soporte De Tv Con Movimiento Total Para Pared &#8211; Bracket De Pared De Servicio Pesado Para Tv Vesa De 32 A 75 Pulgadas (75kg) &#8211; Brazo Articulado Ajustable &#8211; Plateado\"}]},{\"@type\":\"WebSite\",\"@id\":\"https:\/\/compuviper.mx\/tienda\/#website\",\"url\":\"https:\/\/compuviper.mx\/tienda\/\",\"name\":\"Compuviper\",\"description\":\"Proveedor de Computadoras, Laptops, Servidores, Monitores, Puntos de Venta, Teclados,   Impresoras, T\u00f3ner, C\u00e1maras de Seguridad y m\u00e1s en tu tienda en l\u00ednea\",\"publisher\":{\"@id\":\"https:\/\/compuviper.mx\/tienda\/#organization\"},\"potentialAction\":[{\"@type\":\"SearchAction\",\"target\":{\"@type\":\"EntryPoint\",\"urlTemplate\":\"https:\/\/compuviper.mx\/tienda\/?s={search_term_string}\"},\"query-input\":\"required name=search_term_string\"}],\"inLanguage\":\"es-MX\"},{\"@type\":\"Organization\",\"@id\":\"https:\/\/compuviper.mx\/tienda\/#organization\",\"name\":\"Compuviper\",\"url\":\"https:\/\/compuviper.mx\/tienda\/\",\"logo\":{\"@type\":\"ImageObject\",\"inLanguage\":\"es-MX\",\"@id\":\"https:\/\/compuviper.mx\/tienda\/#\/schema\/logo\/image\/\",\"url\":\"https:\/\/compuviper.mx\/tienda\/wp-content\/uploads\/2021\/08\/Logo-Compuviper-10.png\",\"contentUrl\":\"https:\/\/compuviper.mx\/tienda\/wp-content\/uploads\/2021\/08\/Logo-Compuviper-10.png\",\"width\":1000,\"height\":500,\"caption\":\"Compuviper\"},\"image\":{\"@id\":\"https:\/\/compuviper.mx\/tienda\/#\/schema\/logo\/image\/\"},\"sameAs\":[\"https:\/\/www.facebook.com\/compuviper\",\"https:\/\/www.youtube.com\/channel\/UCf73dERp9Y3cfOq7q8BhLjA?view_as=subscriber\"]}]}<\/script>\n<meta property=\"product:brand\" content=\"STARTECH.COM\" \/>\n<meta property=\"product:price:amount\" content=\"6945\" \/>\n<meta property=\"product:price:currency\" content=\"MXN\" \/>\n<meta property=\"og:availability\" content=\"out of stock\" \/>\n<meta property=\"product:availability\" content=\"out of stock\" \/>\n<meta property=\"product:retailer_item_id\" content=\"FPWARPS\" \/>\n<meta property=\"product:condition\" content=\"new\" \/>\n<!-- \/ Yoast SEO plugin. -->","yoast_head_json":{"title":"[ Startech.com ] &#129351; Fpwarps Soporte De Tv Con Movimiento Total Para Pared - Bracket De Pared De Servicio Pesado Para Tv Vesa De 32 A 75 Pulgadas (75kg) - Brazo Articulado Ajustable - Plateado","description":"Compra Fpwarps Soporte De Tv Con Movimiento Total Para Pared - Bracket De Pared De Servicio Pesado Para Tv Vesa De 32 A 75 Pulgadas (75kg) - Brazo Articulado Ajustable - Plateado + Env\u00edo a domicilio + Pago seguro + Garant\u00eda","robots":{"index":"index","follow":"follow","max-snippet":"max-snippet:-1","max-image-preview":"max-image-preview:large","max-video-preview":"max-video-preview:-1"},"canonical":"https:\/\/compuviper.mx\/tienda\/producto\/startech-com-fpwarps-soporte-de-tv-con-movimiento-total-para-pared-bracket-de-pared-de-servicio-pesado-para-tv-vesa-de-32-a-75-pulgadas-75kg-brazo-articulado-ajustable-plateado\/","og_locale":"es_MX","og_type":"article","og_title":"[ Startech.com ] &#129351; Fpwarps Soporte De Tv Con Movimiento Total Para Pared - Bracket De Pared De Servicio Pesado Para Tv Vesa De 32 A 75 Pulgadas (75kg) - Brazo Articulado Ajustable - Plateado","og_description":"Compra Fpwarps Soporte De Tv Con Movimiento Total Para Pared - Bracket De Pared De Servicio Pesado Para Tv Vesa De 32 A 75 Pulgadas (75kg) - Brazo Articulado Ajustable - Plateado + Env\u00edo a domicilio + Pago seguro + Garant\u00eda","og_url":"https:\/\/compuviper.mx\/tienda\/producto\/startech-com-fpwarps-soporte-de-tv-con-movimiento-total-para-pared-bracket-de-pared-de-servicio-pesado-para-tv-vesa-de-32-a-75-pulgadas-75kg-brazo-articulado-ajustable-plateado\/","og_site_name":"Compuviper","article_publisher":"https:\/\/www.facebook.com\/compuviper","twitter_card":"summary_large_image","twitter_misc":{"Precio":"&#36;6,945 con IVA","Availability":"Out of stock"},"schema":{"@context":"https:\/\/schema.org","@graph":[{"@type":"WebPage","@id":"https:\/\/compuviper.mx\/tienda\/producto\/startech-com-fpwarps-soporte-de-tv-con-movimiento-total-para-pared-bracket-de-pared-de-servicio-pesado-para-tv-vesa-de-32-a-75-pulgadas-75kg-brazo-articulado-ajustable-plateado\/","url":"https:\/\/compuviper.mx\/tienda\/producto\/startech-com-fpwarps-soporte-de-tv-con-movimiento-total-para-pared-bracket-de-pared-de-servicio-pesado-para-tv-vesa-de-32-a-75-pulgadas-75kg-brazo-articulado-ajustable-plateado\/","name":"[ Startech.com ] &#129351; Fpwarps Soporte De Tv Con Movimiento Total Para Pared - Bracket De Pared De Servicio Pesado Para Tv Vesa De 32 A 75 Pulgadas (75kg) - Brazo Articulado Ajustable - Plateado","isPartOf":{"@id":"https:\/\/compuviper.mx\/tienda\/#website"},"datePublished":"2026-04-02T05:25:08+00:00","dateModified":"2026-04-02T05:25:08+00:00","description":"Compra Fpwarps Soporte De Tv Con Movimiento Total Para Pared - Bracket De Pared De Servicio Pesado Para Tv Vesa De 32 A 75 Pulgadas (75kg) - Brazo Articulado Ajustable - Plateado + Env\u00edo a domicilio + Pago seguro + Garant\u00eda","breadcrumb":{"@id":"https:\/\/compuviper.mx\/tienda\/producto\/startech-com-fpwarps-soporte-de-tv-con-movimiento-total-para-pared-bracket-de-pared-de-servicio-pesado-para-tv-vesa-de-32-a-75-pulgadas-75kg-brazo-articulado-ajustable-plateado\/#breadcrumb"},"inLanguage":"es-MX","potentialAction":[{"@type":"ReadAction","target":["https:\/\/compuviper.mx\/tienda\/producto\/startech-com-fpwarps-soporte-de-tv-con-movimiento-total-para-pared-bracket-de-pared-de-servicio-pesado-para-tv-vesa-de-32-a-75-pulgadas-75kg-brazo-articulado-ajustable-plateado\/"]}]},{"@type":"BreadcrumbList","@id":"https:\/\/compuviper.mx\/tienda\/producto\/startech-com-fpwarps-soporte-de-tv-con-movimiento-total-para-pared-bracket-de-pared-de-servicio-pesado-para-tv-vesa-de-32-a-75-pulgadas-75kg-brazo-articulado-ajustable-plateado\/#breadcrumb","itemListElement":[{"@type":"ListItem","position":1,"name":"Inicio","item":"https:\/\/compuviper.mx\/tienda\/"},{"@type":"ListItem","position":2,"name":"Productos","item":"https:\/\/compuviper.mx\/tienda\/productos\/"},{"@type":"ListItem","position":3,"name":"Soportes Y Bases P\/tv\/ Proyectores\/dvd\/consolas\/bocinas\/pantallas\/monotores","item":"https:\/\/compuviper.mx\/tienda\/categoria-producto\/soportes-y-bases-p-tv-proyectores-dvd-consolas-bocinas-pantallas-monotores\/"},{"@type":"ListItem","position":4,"name":"Soporte Y Base Para Tv\/pantallas\/monitores\/kiosko","item":"https:\/\/compuviper.mx\/tienda\/categoria-producto\/soportes-y-bases-p-tv-proyectores-dvd-consolas-bocinas-pantallas-monotores\/soporte-y-base-para-tv-pantallas-monitores-kiosko\/"},{"@type":"ListItem","position":5,"name":"Startech.com Fpwarps Soporte De Tv Con Movimiento Total Para Pared &#8211; Bracket De Pared De Servicio Pesado Para Tv Vesa De 32 A 75 Pulgadas (75kg) &#8211; Brazo Articulado Ajustable &#8211; Plateado"}]},{"@type":"WebSite","@id":"https:\/\/compuviper.mx\/tienda\/#website","url":"https:\/\/compuviper.mx\/tienda\/","name":"Compuviper","description":"Proveedor de Computadoras, Laptops, Servidores, Monitores, Puntos de Venta, Teclados,   Impresoras, T\u00f3ner, C\u00e1maras de Seguridad y m\u00e1s en tu tienda en l\u00ednea","publisher":{"@id":"https:\/\/compuviper.mx\/tienda\/#organization"},"potentialAction":[{"@type":"SearchAction","target":{"@type":"EntryPoint","urlTemplate":"https:\/\/compuviper.mx\/tienda\/?s={search_term_string}"},"query-input":"required name=search_term_string"}],"inLanguage":"es-MX"},{"@type":"Organization","@id":"https:\/\/compuviper.mx\/tienda\/#organization","name":"Compuviper","url":"https:\/\/compuviper.mx\/tienda\/","logo":{"@type":"ImageObject","inLanguage":"es-MX","@id":"https:\/\/compuviper.mx\/tienda\/#\/schema\/logo\/image\/","url":"https:\/\/compuviper.mx\/tienda\/wp-content\/uploads\/2021\/08\/Logo-Compuviper-10.png","contentUrl":"https:\/\/compuviper.mx\/tienda\/wp-content\/uploads\/2021\/08\/Logo-Compuviper-10.png","width":1000,"height":500,"caption":"Compuviper"},"image":{"@id":"https:\/\/compuviper.mx\/tienda\/#\/schema\/logo\/image\/"},"sameAs":["https:\/\/www.facebook.com\/compuviper","https:\/\/www.youtube.com\/channel\/UCf73dERp9Y3cfOq7q8BhLjA?view_as=subscriber"]}]},"product_brand":"STARTECH.COM","product_price_amount":"6945","product_price_currency":"MXN","og_availability":"out of stock","product_availability":"out of stock","product_retailer_item_id":"FPWARPS","product_condition":"new"},"_links":{"self":[{"href":"https:\/\/compuviper.mx\/tienda\/wp-json\/wp\/v2\/product\/267879"}],"collection":[{"href":"https:\/\/compuviper.mx\/tienda\/wp-json\/wp\/v2\/product"}],"about":[{"href":"https:\/\/compuviper.mx\/tienda\/wp-json\/wp\/v2\/types\/product"}],"replies":[{"embeddable":true,"href":"https:\/\/compuviper.mx\/tienda\/wp-json\/wp\/v2\/comments?post=267879"}],"wp:attachment":[{"href":"https:\/\/compuviper.mx\/tienda\/wp-json\/wp\/v2\/media?parent=267879"}],"wp:term":[{"taxonomy":"product_cat","embeddable":true,"href":"https:\/\/compuviper.mx\/tienda\/wp-json\/wp\/v2\/product_cat?post=267879"},{"taxonomy":"product_tag","embeddable":true,"href":"https:\/\/compuviper.mx\/tienda\/wp-json\/wp\/v2\/product_tag?post=267879"}],"curies":[{"name":"wp","href":"https:\/\/api.w.org\/{rel}","templated":true}]}}