{"id":267874,"date":"2026-04-01T23:24:59","date_gmt":"2026-04-02T05:24:59","guid":{"rendered":"https:\/\/compuviper.mx\/tienda\/producto\/dahua-dh-pfm976-531-pt-plugs-rj45-cat5e-pfm976-531-pt-caja-con-100-plugs-pass-through-rj45-cat5e-chapado-de-oro-de-15-u-clasificacion-de-resistencia-al-fuego-ul94v-2\/"},"modified":"2026-04-01T23:25:00","modified_gmt":"2026-04-02T05:25:00","slug":"dahua-dh-pfm976-531-pt-plugs-rj45-cat5e-pfm976-531-pt-caja-con-100-plugs-pass-through-rj45-cat5e-chapado-de-oro-de-15-u-clasificacion-de-resistencia-al-fuego-ul94v-2","status":"publish","type":"product","link":"https:\/\/compuviper.mx\/tienda\/producto\/dahua-dh-pfm976-531-pt-plugs-rj45-cat5e-pfm976-531-pt-caja-con-100-plugs-pass-through-rj45-cat5e-chapado-de-oro-de-15-u-clasificacion-de-resistencia-al-fuego-ul94v-2\/","title":{"rendered":"Dahua Dh-pfm976-531-pt Plugs Rj45 Cat5e  Pfm976-531-pt Caja Con 100 Plugs Pass Through Rj45 Cat5e\/ Chapado De Oro De 15 U\/ Clasificacion De Resistencia Al Fuego Ul94v-2"},"content":{"rendered":"<table class=\"descripcion\">\n<tr>\n<td>Especificaciones tecnicas<\/td>\n<\/tr>\n<tr>\n<td>\u0095 fuerza de retencion: 50 n durante 60 s \u00b1 5 s<\/td>\n<\/tr>\n<tr>\n<td>\u0095 temperatura de funcionamiento: \u0096 25 \u00b0c a +55 \u00b0c<\/td>\n<\/tr>\n<tr>\n<td>\u0095 humedad de almacenamiento:  and #8804; 80%<\/td>\n<\/tr>\n<tr>\n<td>\u0095 diametro del cable de un solo hilo: 23 awg\u009624 awg<\/td>\n<\/tr>\n<tr>\n<td>\u0095 diametro del cable aislado de una sola hebra: 0,89 mm\u00961,00 mm<\/td>\n<\/tr>\n<tr>\n<td>\u0095 diametro de la vaina exterior:  and #8804; 5,4 mm<\/td>\n<\/tr>\n<tr>\n<td>\u0095 dimensiones del embalaje: 120 mm \u00d7 65 mm \u00d7 90 mm<\/td>\n<\/tr>\n<tr>\n<td>\u0095 peso neto: 0,17 kg<\/td>\n<\/tr>\n<tr>\n<td>Incluye<\/td>\n<\/tr>\n<tr>\n<td>\u0095 x1 caja de 100 piezas pfm976-531-pt<\/td>\n<\/tr>\n<\/table>\n","protected":false},"excerpt":{"rendered":"<p>Informacion general. Los conectores dahua pfm976-531-pt pass through rj45 cat5e son la solucion ideal para instalaciones de red profesionales que buscan rapidez y precision. Disenados para permitir el paso completo de los conductores a traves del conector, facilitan un crimpado preciso y reducen los errores comunes de instalacion. Su construccion garantiza una transmision de datos eficiente y confiable, compatible con cables cat5e. Estos conectores son ideales para tecnicos y usuarios que buscan mejorar la calidad de sus conexiones de red, ya que aseguran una instalacion mas sencilla y un rendimiento superior en entornos de red. Caracteristicas principales. \u0095 conector: rj-45 cat5e sin blindaje. \u0095 diseno: disenado con un orificio pasante para pasar cables. \u0095 material: construido con lamina de laton tridente y bano de oro de 15u\u0094. \u0095 utilidad: vida util de 750 ciclos. \u0095 metodo de embalaje: 100 piezas en 1 caja y 50 cajas en 1 paquete<\/p>\n","protected":false},"featured_media":0,"comment_status":"open","ping_status":"open","template":"","meta":[],"product_cat":[1485,1581],"product_tag":[1555],"acf":[],"yoast_head":"<!-- This site is optimized with the Yoast SEO plugin v21.7 - https:\/\/yoast.com\/wordpress\/plugins\/seo\/ -->\n<title>[ Dahua ] &#129351; Dh-pfm976-531-pt Plugs Rj45 Cat5e Pfm976-531-pt Caja Con 100 Plugs Pass Through Rj45 Cat5e\/ Chapado De Oro De 15 U\/ Clasificacion De Resistencia Al Fuego Ul94v-2<\/title>\n<meta name=\"description\" content=\"Compra Dh-pfm976-531-pt Plugs Rj45 Cat5e Pfm976-531-pt Caja Con 100 Plugs Pass Through Rj45 Cat5e\/ Chapado De Oro De 15 U\/ Clasificacion De Resistencia Al Fuego Ul94v-2 + Env\u00edo a domicilio + Pago seguro + Garant\u00eda\" \/>\n<meta name=\"robots\" content=\"index, follow, max-snippet:-1, max-image-preview:large, max-video-preview:-1\" \/>\n<link rel=\"canonical\" href=\"https:\/\/compuviper.mx\/tienda\/producto\/dahua-dh-pfm976-531-pt-plugs-rj45-cat5e-pfm976-531-pt-caja-con-100-plugs-pass-through-rj45-cat5e-chapado-de-oro-de-15-u-clasificacion-de-resistencia-al-fuego-ul94v-2\/\" \/>\n<meta property=\"og:locale\" content=\"es_MX\" \/>\n<meta property=\"og:type\" content=\"article\" \/>\n<meta property=\"og:title\" content=\"[ Dahua ] &#129351; Dh-pfm976-531-pt Plugs Rj45 Cat5e Pfm976-531-pt Caja Con 100 Plugs Pass Through Rj45 Cat5e\/ Chapado De Oro De 15 U\/ Clasificacion De Resistencia Al Fuego Ul94v-2\" \/>\n<meta property=\"og:description\" content=\"Compra Dh-pfm976-531-pt Plugs Rj45 Cat5e Pfm976-531-pt Caja Con 100 Plugs Pass Through Rj45 Cat5e\/ Chapado De Oro De 15 U\/ Clasificacion De Resistencia Al Fuego Ul94v-2 + Env\u00edo a domicilio + Pago seguro + Garant\u00eda\" \/>\n<meta property=\"og:url\" content=\"https:\/\/compuviper.mx\/tienda\/producto\/dahua-dh-pfm976-531-pt-plugs-rj45-cat5e-pfm976-531-pt-caja-con-100-plugs-pass-through-rj45-cat5e-chapado-de-oro-de-15-u-clasificacion-de-resistencia-al-fuego-ul94v-2\/\" \/>\n<meta property=\"og:site_name\" content=\"Compuviper\" \/>\n<meta property=\"article:publisher\" content=\"https:\/\/www.facebook.com\/compuviper\" \/>\n<meta property=\"article:modified_time\" content=\"2026-04-02T05:25:00+00:00\" \/>\n<meta name=\"twitter:card\" content=\"summary_large_image\" \/>\n<meta name=\"twitter:label1\" content=\"Precio\" \/>\n\t<meta name=\"twitter:data1\" content=\"&#36;162 con IVA\" \/>\n\t<meta name=\"twitter:label2\" content=\"Availability\" \/>\n\t<meta name=\"twitter:data2\" content=\"Out of stock\" \/>\n<script type=\"application\/ld+json\" class=\"yoast-schema-graph\">{\"@context\":\"https:\/\/schema.org\",\"@graph\":[{\"@type\":\"WebPage\",\"@id\":\"https:\/\/compuviper.mx\/tienda\/producto\/dahua-dh-pfm976-531-pt-plugs-rj45-cat5e-pfm976-531-pt-caja-con-100-plugs-pass-through-rj45-cat5e-chapado-de-oro-de-15-u-clasificacion-de-resistencia-al-fuego-ul94v-2\/\",\"url\":\"https:\/\/compuviper.mx\/tienda\/producto\/dahua-dh-pfm976-531-pt-plugs-rj45-cat5e-pfm976-531-pt-caja-con-100-plugs-pass-through-rj45-cat5e-chapado-de-oro-de-15-u-clasificacion-de-resistencia-al-fuego-ul94v-2\/\",\"name\":\"[ Dahua ] &#129351; Dh-pfm976-531-pt Plugs Rj45 Cat5e Pfm976-531-pt Caja Con 100 Plugs Pass Through Rj45 Cat5e\/ Chapado De Oro De 15 U\/ Clasificacion De Resistencia Al Fuego Ul94v-2\",\"isPartOf\":{\"@id\":\"https:\/\/compuviper.mx\/tienda\/#website\"},\"datePublished\":\"2026-04-02T05:24:59+00:00\",\"dateModified\":\"2026-04-02T05:25:00+00:00\",\"description\":\"Compra Dh-pfm976-531-pt Plugs Rj45 Cat5e Pfm976-531-pt Caja Con 100 Plugs Pass Through Rj45 Cat5e\/ Chapado De Oro De 15 U\/ Clasificacion De Resistencia Al Fuego Ul94v-2 + Env\u00edo a domicilio + Pago seguro + Garant\u00eda\",\"breadcrumb\":{\"@id\":\"https:\/\/compuviper.mx\/tienda\/producto\/dahua-dh-pfm976-531-pt-plugs-rj45-cat5e-pfm976-531-pt-caja-con-100-plugs-pass-through-rj45-cat5e-chapado-de-oro-de-15-u-clasificacion-de-resistencia-al-fuego-ul94v-2\/#breadcrumb\"},\"inLanguage\":\"es-MX\",\"potentialAction\":[{\"@type\":\"ReadAction\",\"target\":[\"https:\/\/compuviper.mx\/tienda\/producto\/dahua-dh-pfm976-531-pt-plugs-rj45-cat5e-pfm976-531-pt-caja-con-100-plugs-pass-through-rj45-cat5e-chapado-de-oro-de-15-u-clasificacion-de-resistencia-al-fuego-ul94v-2\/\"]}]},{\"@type\":\"BreadcrumbList\",\"@id\":\"https:\/\/compuviper.mx\/tienda\/producto\/dahua-dh-pfm976-531-pt-plugs-rj45-cat5e-pfm976-531-pt-caja-con-100-plugs-pass-through-rj45-cat5e-chapado-de-oro-de-15-u-clasificacion-de-resistencia-al-fuego-ul94v-2\/#breadcrumb\",\"itemListElement\":[{\"@type\":\"ListItem\",\"position\":1,\"name\":\"Inicio\",\"item\":\"https:\/\/compuviper.mx\/tienda\/\"},{\"@type\":\"ListItem\",\"position\":2,\"name\":\"Productos\",\"item\":\"https:\/\/compuviper.mx\/tienda\/productos\/\"},{\"@type\":\"ListItem\",\"position\":3,\"name\":\"Accesorios\",\"item\":\"https:\/\/compuviper.mx\/tienda\/categoria-producto\/accesorios\/\"},{\"@type\":\"ListItem\",\"position\":4,\"name\":\"Redes\",\"item\":\"https:\/\/compuviper.mx\/tienda\/categoria-producto\/accesorios\/redes-accesorios\/\"},{\"@type\":\"ListItem\",\"position\":5,\"name\":\"Dahua Dh-pfm976-531-pt Plugs Rj45 Cat5e Pfm976-531-pt Caja Con 100 Plugs Pass Through Rj45 Cat5e\/ Chapado De Oro De 15 U\/ Clasificacion De Resistencia Al Fuego Ul94v-2\"}]},{\"@type\":\"WebSite\",\"@id\":\"https:\/\/compuviper.mx\/tienda\/#website\",\"url\":\"https:\/\/compuviper.mx\/tienda\/\",\"name\":\"Compuviper\",\"description\":\"Proveedor de Computadoras, Laptops, Servidores, Monitores, Puntos de Venta, Teclados,   Impresoras, T\u00f3ner, C\u00e1maras de Seguridad y m\u00e1s en tu tienda en l\u00ednea\",\"publisher\":{\"@id\":\"https:\/\/compuviper.mx\/tienda\/#organization\"},\"potentialAction\":[{\"@type\":\"SearchAction\",\"target\":{\"@type\":\"EntryPoint\",\"urlTemplate\":\"https:\/\/compuviper.mx\/tienda\/?s={search_term_string}\"},\"query-input\":\"required name=search_term_string\"}],\"inLanguage\":\"es-MX\"},{\"@type\":\"Organization\",\"@id\":\"https:\/\/compuviper.mx\/tienda\/#organization\",\"name\":\"Compuviper\",\"url\":\"https:\/\/compuviper.mx\/tienda\/\",\"logo\":{\"@type\":\"ImageObject\",\"inLanguage\":\"es-MX\",\"@id\":\"https:\/\/compuviper.mx\/tienda\/#\/schema\/logo\/image\/\",\"url\":\"https:\/\/compuviper.mx\/tienda\/wp-content\/uploads\/2021\/08\/Logo-Compuviper-10.png\",\"contentUrl\":\"https:\/\/compuviper.mx\/tienda\/wp-content\/uploads\/2021\/08\/Logo-Compuviper-10.png\",\"width\":1000,\"height\":500,\"caption\":\"Compuviper\"},\"image\":{\"@id\":\"https:\/\/compuviper.mx\/tienda\/#\/schema\/logo\/image\/\"},\"sameAs\":[\"https:\/\/www.facebook.com\/compuviper\",\"https:\/\/www.youtube.com\/channel\/UCf73dERp9Y3cfOq7q8BhLjA?view_as=subscriber\"]}]}<\/script>\n<meta property=\"product:brand\" content=\"DAHUA\" \/>\n<meta property=\"product:price:amount\" content=\"162\" \/>\n<meta property=\"product:price:currency\" content=\"MXN\" \/>\n<meta property=\"og:availability\" content=\"out of stock\" \/>\n<meta property=\"product:availability\" content=\"out of stock\" \/>\n<meta property=\"product:retailer_item_id\" content=\"DH-PFM976-531-PT\" \/>\n<meta property=\"product:condition\" content=\"new\" \/>\n<!-- \/ Yoast SEO plugin. -->","yoast_head_json":{"title":"[ Dahua ] &#129351; Dh-pfm976-531-pt Plugs Rj45 Cat5e Pfm976-531-pt Caja Con 100 Plugs Pass Through Rj45 Cat5e\/ Chapado De Oro De 15 U\/ Clasificacion De Resistencia Al Fuego Ul94v-2","description":"Compra Dh-pfm976-531-pt Plugs Rj45 Cat5e Pfm976-531-pt Caja Con 100 Plugs Pass Through Rj45 Cat5e\/ Chapado De Oro De 15 U\/ Clasificacion De Resistencia Al Fuego Ul94v-2 + Env\u00edo a domicilio + Pago seguro + Garant\u00eda","robots":{"index":"index","follow":"follow","max-snippet":"max-snippet:-1","max-image-preview":"max-image-preview:large","max-video-preview":"max-video-preview:-1"},"canonical":"https:\/\/compuviper.mx\/tienda\/producto\/dahua-dh-pfm976-531-pt-plugs-rj45-cat5e-pfm976-531-pt-caja-con-100-plugs-pass-through-rj45-cat5e-chapado-de-oro-de-15-u-clasificacion-de-resistencia-al-fuego-ul94v-2\/","og_locale":"es_MX","og_type":"article","og_title":"[ Dahua ] &#129351; Dh-pfm976-531-pt Plugs Rj45 Cat5e Pfm976-531-pt Caja Con 100 Plugs Pass Through Rj45 Cat5e\/ Chapado De Oro De 15 U\/ Clasificacion De Resistencia Al Fuego Ul94v-2","og_description":"Compra Dh-pfm976-531-pt Plugs Rj45 Cat5e Pfm976-531-pt Caja Con 100 Plugs Pass Through Rj45 Cat5e\/ Chapado De Oro De 15 U\/ Clasificacion De Resistencia Al Fuego Ul94v-2 + Env\u00edo a domicilio + Pago seguro + Garant\u00eda","og_url":"https:\/\/compuviper.mx\/tienda\/producto\/dahua-dh-pfm976-531-pt-plugs-rj45-cat5e-pfm976-531-pt-caja-con-100-plugs-pass-through-rj45-cat5e-chapado-de-oro-de-15-u-clasificacion-de-resistencia-al-fuego-ul94v-2\/","og_site_name":"Compuviper","article_publisher":"https:\/\/www.facebook.com\/compuviper","article_modified_time":"2026-04-02T05:25:00+00:00","twitter_card":"summary_large_image","twitter_misc":{"Precio":"&#36;162 con IVA","Availability":"Out of stock"},"schema":{"@context":"https:\/\/schema.org","@graph":[{"@type":"WebPage","@id":"https:\/\/compuviper.mx\/tienda\/producto\/dahua-dh-pfm976-531-pt-plugs-rj45-cat5e-pfm976-531-pt-caja-con-100-plugs-pass-through-rj45-cat5e-chapado-de-oro-de-15-u-clasificacion-de-resistencia-al-fuego-ul94v-2\/","url":"https:\/\/compuviper.mx\/tienda\/producto\/dahua-dh-pfm976-531-pt-plugs-rj45-cat5e-pfm976-531-pt-caja-con-100-plugs-pass-through-rj45-cat5e-chapado-de-oro-de-15-u-clasificacion-de-resistencia-al-fuego-ul94v-2\/","name":"[ Dahua ] &#129351; Dh-pfm976-531-pt Plugs Rj45 Cat5e Pfm976-531-pt Caja Con 100 Plugs Pass Through Rj45 Cat5e\/ Chapado De Oro De 15 U\/ Clasificacion De Resistencia Al Fuego Ul94v-2","isPartOf":{"@id":"https:\/\/compuviper.mx\/tienda\/#website"},"datePublished":"2026-04-02T05:24:59+00:00","dateModified":"2026-04-02T05:25:00+00:00","description":"Compra Dh-pfm976-531-pt Plugs Rj45 Cat5e Pfm976-531-pt Caja Con 100 Plugs Pass Through Rj45 Cat5e\/ Chapado De Oro De 15 U\/ Clasificacion De Resistencia Al Fuego Ul94v-2 + Env\u00edo a domicilio + Pago seguro + Garant\u00eda","breadcrumb":{"@id":"https:\/\/compuviper.mx\/tienda\/producto\/dahua-dh-pfm976-531-pt-plugs-rj45-cat5e-pfm976-531-pt-caja-con-100-plugs-pass-through-rj45-cat5e-chapado-de-oro-de-15-u-clasificacion-de-resistencia-al-fuego-ul94v-2\/#breadcrumb"},"inLanguage":"es-MX","potentialAction":[{"@type":"ReadAction","target":["https:\/\/compuviper.mx\/tienda\/producto\/dahua-dh-pfm976-531-pt-plugs-rj45-cat5e-pfm976-531-pt-caja-con-100-plugs-pass-through-rj45-cat5e-chapado-de-oro-de-15-u-clasificacion-de-resistencia-al-fuego-ul94v-2\/"]}]},{"@type":"BreadcrumbList","@id":"https:\/\/compuviper.mx\/tienda\/producto\/dahua-dh-pfm976-531-pt-plugs-rj45-cat5e-pfm976-531-pt-caja-con-100-plugs-pass-through-rj45-cat5e-chapado-de-oro-de-15-u-clasificacion-de-resistencia-al-fuego-ul94v-2\/#breadcrumb","itemListElement":[{"@type":"ListItem","position":1,"name":"Inicio","item":"https:\/\/compuviper.mx\/tienda\/"},{"@type":"ListItem","position":2,"name":"Productos","item":"https:\/\/compuviper.mx\/tienda\/productos\/"},{"@type":"ListItem","position":3,"name":"Accesorios","item":"https:\/\/compuviper.mx\/tienda\/categoria-producto\/accesorios\/"},{"@type":"ListItem","position":4,"name":"Redes","item":"https:\/\/compuviper.mx\/tienda\/categoria-producto\/accesorios\/redes-accesorios\/"},{"@type":"ListItem","position":5,"name":"Dahua Dh-pfm976-531-pt Plugs Rj45 Cat5e Pfm976-531-pt Caja Con 100 Plugs Pass Through Rj45 Cat5e\/ Chapado De Oro De 15 U\/ Clasificacion De Resistencia Al Fuego Ul94v-2"}]},{"@type":"WebSite","@id":"https:\/\/compuviper.mx\/tienda\/#website","url":"https:\/\/compuviper.mx\/tienda\/","name":"Compuviper","description":"Proveedor de Computadoras, Laptops, Servidores, Monitores, Puntos de Venta, Teclados,   Impresoras, T\u00f3ner, C\u00e1maras de Seguridad y m\u00e1s en tu tienda en l\u00ednea","publisher":{"@id":"https:\/\/compuviper.mx\/tienda\/#organization"},"potentialAction":[{"@type":"SearchAction","target":{"@type":"EntryPoint","urlTemplate":"https:\/\/compuviper.mx\/tienda\/?s={search_term_string}"},"query-input":"required name=search_term_string"}],"inLanguage":"es-MX"},{"@type":"Organization","@id":"https:\/\/compuviper.mx\/tienda\/#organization","name":"Compuviper","url":"https:\/\/compuviper.mx\/tienda\/","logo":{"@type":"ImageObject","inLanguage":"es-MX","@id":"https:\/\/compuviper.mx\/tienda\/#\/schema\/logo\/image\/","url":"https:\/\/compuviper.mx\/tienda\/wp-content\/uploads\/2021\/08\/Logo-Compuviper-10.png","contentUrl":"https:\/\/compuviper.mx\/tienda\/wp-content\/uploads\/2021\/08\/Logo-Compuviper-10.png","width":1000,"height":500,"caption":"Compuviper"},"image":{"@id":"https:\/\/compuviper.mx\/tienda\/#\/schema\/logo\/image\/"},"sameAs":["https:\/\/www.facebook.com\/compuviper","https:\/\/www.youtube.com\/channel\/UCf73dERp9Y3cfOq7q8BhLjA?view_as=subscriber"]}]},"product_brand":"DAHUA","product_price_amount":"162","product_price_currency":"MXN","og_availability":"out of stock","product_availability":"out of stock","product_retailer_item_id":"DH-PFM976-531-PT","product_condition":"new"},"_links":{"self":[{"href":"https:\/\/compuviper.mx\/tienda\/wp-json\/wp\/v2\/product\/267874"}],"collection":[{"href":"https:\/\/compuviper.mx\/tienda\/wp-json\/wp\/v2\/product"}],"about":[{"href":"https:\/\/compuviper.mx\/tienda\/wp-json\/wp\/v2\/types\/product"}],"replies":[{"embeddable":true,"href":"https:\/\/compuviper.mx\/tienda\/wp-json\/wp\/v2\/comments?post=267874"}],"wp:attachment":[{"href":"https:\/\/compuviper.mx\/tienda\/wp-json\/wp\/v2\/media?parent=267874"}],"wp:term":[{"taxonomy":"product_cat","embeddable":true,"href":"https:\/\/compuviper.mx\/tienda\/wp-json\/wp\/v2\/product_cat?post=267874"},{"taxonomy":"product_tag","embeddable":true,"href":"https:\/\/compuviper.mx\/tienda\/wp-json\/wp\/v2\/product_tag?post=267874"}],"curies":[{"name":"wp","href":"https:\/\/api.w.org\/{rel}","templated":true}]}}