{"id":267873,"date":"2026-04-01T23:24:58","date_gmt":"2026-04-02T05:24:58","guid":{"rendered":"https:\/\/compuviper.mx\/tienda\/producto\/dahua-dh-pfm976-531-plugs-rj45-cat5e-caja-con-100-plugs-rj45-cat5e-chapado-de-oro-de-15-u-clasificacion-de-resistencia-al-fuego-ul94v-2\/"},"modified":"2026-04-01T23:24:58","modified_gmt":"2026-04-02T05:24:58","slug":"dahua-dh-pfm976-531-plugs-rj45-cat5e-caja-con-100-plugs-rj45-cat5e-chapado-de-oro-de-15-u-clasificacion-de-resistencia-al-fuego-ul94v-2","status":"publish","type":"product","link":"https:\/\/compuviper.mx\/tienda\/producto\/dahua-dh-pfm976-531-plugs-rj45-cat5e-caja-con-100-plugs-rj45-cat5e-chapado-de-oro-de-15-u-clasificacion-de-resistencia-al-fuego-ul94v-2\/","title":{"rendered":"Dahua Dh-pfm976-531 Plugs Rj45 Cat5e   Caja Con 100 Plugs Rj45 Cat5e\/ Chapado De Oro De 15 U\/ Clasificacion De Resistencia Al Fuego Ul94v-2"},"content":{"rendered":"<table class=\"descripcion\">\n<tr>\n<td>Especificaciones tecnicas<\/td>\n<\/tr>\n<tr>\n<td>\u0095 tipo de cable: hebra unica<\/td>\n<\/tr>\n<tr>\n<td>\u0095 diametro del alambre: 24 a 26 awg<\/td>\n<\/tr>\n<tr>\n<td>\u0095 diametro del aislamiento del cable: 0,89 a 0,99 mm<\/td>\n<\/tr>\n<tr>\n<td>\u0095 diametro maximo de la cubierta del cable: 5,7 mm<\/td>\n<\/tr>\n<tr>\n<td>\u0095 indice de inflamabilidad: ul94v-2<\/td>\n<\/tr>\n<tr>\n<td>\u0095 voltaje: 150 v ca maximo<\/td>\n<\/tr>\n<tr>\n<td>\u0095 corriente nominal: 1,5 amperios a 25 and #8451;<\/td>\n<\/tr>\n<tr>\n<td>\u0095 resistencia de contacto:  and #8804;20 m and #937;<\/td>\n<\/tr>\n<tr>\n<td>\u0095 resistencia de aislamiento: 1000 m and #937; min. a 100 v cc<\/td>\n<\/tr>\n<tr>\n<td>\u0095 tension soportada: 1000 v ca rms\/1500 v cc a 0,5 ma, 50 hz o 60 hz, 1 minuto<\/td>\n<\/tr>\n<tr>\n<td>\u0095 fortaleza: 50 n durante 60 s \u00b1 5 s<\/td>\n<\/tr>\n<tr>\n<td>\u0095 vida util: 750 inserciones<\/td>\n<\/tr>\n<tr>\n<td>\u0095 temperatura de funcionamiento: -25 and #8451;hasta +55 and #8451;<\/td>\n<\/tr>\n<tr>\n<td>\u0095 humedad ambiental:  80% hr<\/td>\n<\/tr>\n<tr>\n<td>\u0095 metodo de embalaje: 1 unidad = 1 caja, 100 conectores rj45 por caja<\/td>\n<\/tr>\n<tr>\n<td>Incluye<\/td>\n<\/tr>\n<tr>\n<td>\u0095 x1 caja de 100pz. conectores rj45 cat5\/ 5e<\/td>\n<\/tr>\n<\/table>\n","protected":false},"excerpt":{"rendered":"<p>Informacion general. El conector dahua dh-pfm976-531 rj45 cat5\/5e es una herramienta esencial para establecer conexiones de red rapidas y seguras. Compatible con cables cat5 y cat5e, garantiza un rendimiento de alta calidad en la transmision de datos, asegurando una conexion confiable en redes de alta velocidad. Este conector es ideal para sistemas de videovigilancia y aplicaciones de red que requieren una transmision de datos estable y eficiente. Su diseno facilita la instalacion, proporcionando una excelente experiencia de uso, y su compatibilidad con multiples dispositivos lo hace perfecto para entornos corporativos, comerciales y residenciales que buscan calidad y rendimiento en sus conexiones de red. Caracteristicas principales. \u0095 compatible: cat5\/5e. \u0095 durabilidad: hasta 750 inserciones y extracciones. \u0095 recubrimiento: hasta 15u de espesor de bano de oro<\/p>\n","protected":false},"featured_media":0,"comment_status":"open","ping_status":"open","template":"","meta":[],"product_cat":[1485,1581],"product_tag":[1555],"acf":[],"yoast_head":"<!-- This site is optimized with the Yoast SEO plugin v21.7 - https:\/\/yoast.com\/wordpress\/plugins\/seo\/ -->\n<title>[ Dahua ] &#129351; Dh-pfm976-531 Plugs Rj45 Cat5e Caja Con 100 Plugs Rj45 Cat5e\/ Chapado De Oro De 15 U\/ Clasificacion De Resistencia Al Fuego Ul94v-2<\/title>\n<meta name=\"description\" content=\"Compra Dh-pfm976-531 Plugs Rj45 Cat5e Caja Con 100 Plugs Rj45 Cat5e\/ Chapado De Oro De 15 U\/ Clasificacion De Resistencia Al Fuego Ul94v-2 + Env\u00edo a domicilio + Pago seguro + Garant\u00eda\" \/>\n<meta name=\"robots\" content=\"index, follow, max-snippet:-1, max-image-preview:large, max-video-preview:-1\" \/>\n<link rel=\"canonical\" href=\"https:\/\/compuviper.mx\/tienda\/producto\/dahua-dh-pfm976-531-plugs-rj45-cat5e-caja-con-100-plugs-rj45-cat5e-chapado-de-oro-de-15-u-clasificacion-de-resistencia-al-fuego-ul94v-2\/\" \/>\n<meta property=\"og:locale\" content=\"es_MX\" \/>\n<meta property=\"og:type\" content=\"article\" \/>\n<meta property=\"og:title\" content=\"[ Dahua ] &#129351; Dh-pfm976-531 Plugs Rj45 Cat5e Caja Con 100 Plugs Rj45 Cat5e\/ Chapado De Oro De 15 U\/ Clasificacion De Resistencia Al Fuego Ul94v-2\" \/>\n<meta property=\"og:description\" content=\"Compra Dh-pfm976-531 Plugs Rj45 Cat5e Caja Con 100 Plugs Rj45 Cat5e\/ Chapado De Oro De 15 U\/ Clasificacion De Resistencia Al Fuego Ul94v-2 + Env\u00edo a domicilio + Pago seguro + Garant\u00eda\" \/>\n<meta property=\"og:url\" content=\"https:\/\/compuviper.mx\/tienda\/producto\/dahua-dh-pfm976-531-plugs-rj45-cat5e-caja-con-100-plugs-rj45-cat5e-chapado-de-oro-de-15-u-clasificacion-de-resistencia-al-fuego-ul94v-2\/\" \/>\n<meta property=\"og:site_name\" content=\"Compuviper\" \/>\n<meta property=\"article:publisher\" content=\"https:\/\/www.facebook.com\/compuviper\" \/>\n<meta name=\"twitter:card\" content=\"summary_large_image\" \/>\n<meta name=\"twitter:label1\" content=\"Precio\" \/>\n\t<meta name=\"twitter:data1\" content=\"&#36;150 con IVA\" \/>\n\t<meta name=\"twitter:label2\" content=\"Availability\" \/>\n\t<meta name=\"twitter:data2\" content=\"Out of stock\" \/>\n<script type=\"application\/ld+json\" class=\"yoast-schema-graph\">{\"@context\":\"https:\/\/schema.org\",\"@graph\":[{\"@type\":\"WebPage\",\"@id\":\"https:\/\/compuviper.mx\/tienda\/producto\/dahua-dh-pfm976-531-plugs-rj45-cat5e-caja-con-100-plugs-rj45-cat5e-chapado-de-oro-de-15-u-clasificacion-de-resistencia-al-fuego-ul94v-2\/\",\"url\":\"https:\/\/compuviper.mx\/tienda\/producto\/dahua-dh-pfm976-531-plugs-rj45-cat5e-caja-con-100-plugs-rj45-cat5e-chapado-de-oro-de-15-u-clasificacion-de-resistencia-al-fuego-ul94v-2\/\",\"name\":\"[ Dahua ] &#129351; Dh-pfm976-531 Plugs Rj45 Cat5e Caja Con 100 Plugs Rj45 Cat5e\/ Chapado De Oro De 15 U\/ Clasificacion De Resistencia Al Fuego Ul94v-2\",\"isPartOf\":{\"@id\":\"https:\/\/compuviper.mx\/tienda\/#website\"},\"datePublished\":\"2026-04-02T05:24:58+00:00\",\"dateModified\":\"2026-04-02T05:24:58+00:00\",\"description\":\"Compra Dh-pfm976-531 Plugs Rj45 Cat5e Caja Con 100 Plugs Rj45 Cat5e\/ Chapado De Oro De 15 U\/ Clasificacion De Resistencia Al Fuego Ul94v-2 + Env\u00edo a domicilio + Pago seguro + Garant\u00eda\",\"breadcrumb\":{\"@id\":\"https:\/\/compuviper.mx\/tienda\/producto\/dahua-dh-pfm976-531-plugs-rj45-cat5e-caja-con-100-plugs-rj45-cat5e-chapado-de-oro-de-15-u-clasificacion-de-resistencia-al-fuego-ul94v-2\/#breadcrumb\"},\"inLanguage\":\"es-MX\",\"potentialAction\":[{\"@type\":\"ReadAction\",\"target\":[\"https:\/\/compuviper.mx\/tienda\/producto\/dahua-dh-pfm976-531-plugs-rj45-cat5e-caja-con-100-plugs-rj45-cat5e-chapado-de-oro-de-15-u-clasificacion-de-resistencia-al-fuego-ul94v-2\/\"]}]},{\"@type\":\"BreadcrumbList\",\"@id\":\"https:\/\/compuviper.mx\/tienda\/producto\/dahua-dh-pfm976-531-plugs-rj45-cat5e-caja-con-100-plugs-rj45-cat5e-chapado-de-oro-de-15-u-clasificacion-de-resistencia-al-fuego-ul94v-2\/#breadcrumb\",\"itemListElement\":[{\"@type\":\"ListItem\",\"position\":1,\"name\":\"Inicio\",\"item\":\"https:\/\/compuviper.mx\/tienda\/\"},{\"@type\":\"ListItem\",\"position\":2,\"name\":\"Productos\",\"item\":\"https:\/\/compuviper.mx\/tienda\/productos\/\"},{\"@type\":\"ListItem\",\"position\":3,\"name\":\"Accesorios\",\"item\":\"https:\/\/compuviper.mx\/tienda\/categoria-producto\/accesorios\/\"},{\"@type\":\"ListItem\",\"position\":4,\"name\":\"Redes\",\"item\":\"https:\/\/compuviper.mx\/tienda\/categoria-producto\/accesorios\/redes-accesorios\/\"},{\"@type\":\"ListItem\",\"position\":5,\"name\":\"Dahua Dh-pfm976-531 Plugs Rj45 Cat5e Caja Con 100 Plugs Rj45 Cat5e\/ Chapado De Oro De 15 U\/ Clasificacion De Resistencia Al Fuego Ul94v-2\"}]},{\"@type\":\"WebSite\",\"@id\":\"https:\/\/compuviper.mx\/tienda\/#website\",\"url\":\"https:\/\/compuviper.mx\/tienda\/\",\"name\":\"Compuviper\",\"description\":\"Proveedor de Computadoras, Laptops, Servidores, Monitores, Puntos de Venta, Teclados,   Impresoras, T\u00f3ner, C\u00e1maras de Seguridad y m\u00e1s en tu tienda en l\u00ednea\",\"publisher\":{\"@id\":\"https:\/\/compuviper.mx\/tienda\/#organization\"},\"potentialAction\":[{\"@type\":\"SearchAction\",\"target\":{\"@type\":\"EntryPoint\",\"urlTemplate\":\"https:\/\/compuviper.mx\/tienda\/?s={search_term_string}\"},\"query-input\":\"required name=search_term_string\"}],\"inLanguage\":\"es-MX\"},{\"@type\":\"Organization\",\"@id\":\"https:\/\/compuviper.mx\/tienda\/#organization\",\"name\":\"Compuviper\",\"url\":\"https:\/\/compuviper.mx\/tienda\/\",\"logo\":{\"@type\":\"ImageObject\",\"inLanguage\":\"es-MX\",\"@id\":\"https:\/\/compuviper.mx\/tienda\/#\/schema\/logo\/image\/\",\"url\":\"https:\/\/compuviper.mx\/tienda\/wp-content\/uploads\/2021\/08\/Logo-Compuviper-10.png\",\"contentUrl\":\"https:\/\/compuviper.mx\/tienda\/wp-content\/uploads\/2021\/08\/Logo-Compuviper-10.png\",\"width\":1000,\"height\":500,\"caption\":\"Compuviper\"},\"image\":{\"@id\":\"https:\/\/compuviper.mx\/tienda\/#\/schema\/logo\/image\/\"},\"sameAs\":[\"https:\/\/www.facebook.com\/compuviper\",\"https:\/\/www.youtube.com\/channel\/UCf73dERp9Y3cfOq7q8BhLjA?view_as=subscriber\"]}]}<\/script>\n<meta property=\"product:brand\" content=\"DAHUA\" \/>\n<meta property=\"product:price:amount\" content=\"150\" \/>\n<meta property=\"product:price:currency\" content=\"MXN\" \/>\n<meta property=\"og:availability\" content=\"out of stock\" \/>\n<meta property=\"product:availability\" content=\"out of stock\" \/>\n<meta property=\"product:retailer_item_id\" content=\"DH-PFM976-531\" \/>\n<meta property=\"product:condition\" content=\"new\" \/>\n<!-- \/ Yoast SEO plugin. -->","yoast_head_json":{"title":"[ Dahua ] &#129351; Dh-pfm976-531 Plugs Rj45 Cat5e Caja Con 100 Plugs Rj45 Cat5e\/ Chapado De Oro De 15 U\/ Clasificacion De Resistencia Al Fuego Ul94v-2","description":"Compra Dh-pfm976-531 Plugs Rj45 Cat5e Caja Con 100 Plugs Rj45 Cat5e\/ Chapado De Oro De 15 U\/ Clasificacion De Resistencia Al Fuego Ul94v-2 + Env\u00edo a domicilio + Pago seguro + Garant\u00eda","robots":{"index":"index","follow":"follow","max-snippet":"max-snippet:-1","max-image-preview":"max-image-preview:large","max-video-preview":"max-video-preview:-1"},"canonical":"https:\/\/compuviper.mx\/tienda\/producto\/dahua-dh-pfm976-531-plugs-rj45-cat5e-caja-con-100-plugs-rj45-cat5e-chapado-de-oro-de-15-u-clasificacion-de-resistencia-al-fuego-ul94v-2\/","og_locale":"es_MX","og_type":"article","og_title":"[ Dahua ] &#129351; Dh-pfm976-531 Plugs Rj45 Cat5e Caja Con 100 Plugs Rj45 Cat5e\/ Chapado De Oro De 15 U\/ Clasificacion De Resistencia Al Fuego Ul94v-2","og_description":"Compra Dh-pfm976-531 Plugs Rj45 Cat5e Caja Con 100 Plugs Rj45 Cat5e\/ Chapado De Oro De 15 U\/ Clasificacion De Resistencia Al Fuego Ul94v-2 + Env\u00edo a domicilio + Pago seguro + Garant\u00eda","og_url":"https:\/\/compuviper.mx\/tienda\/producto\/dahua-dh-pfm976-531-plugs-rj45-cat5e-caja-con-100-plugs-rj45-cat5e-chapado-de-oro-de-15-u-clasificacion-de-resistencia-al-fuego-ul94v-2\/","og_site_name":"Compuviper","article_publisher":"https:\/\/www.facebook.com\/compuviper","twitter_card":"summary_large_image","twitter_misc":{"Precio":"&#36;150 con IVA","Availability":"Out of stock"},"schema":{"@context":"https:\/\/schema.org","@graph":[{"@type":"WebPage","@id":"https:\/\/compuviper.mx\/tienda\/producto\/dahua-dh-pfm976-531-plugs-rj45-cat5e-caja-con-100-plugs-rj45-cat5e-chapado-de-oro-de-15-u-clasificacion-de-resistencia-al-fuego-ul94v-2\/","url":"https:\/\/compuviper.mx\/tienda\/producto\/dahua-dh-pfm976-531-plugs-rj45-cat5e-caja-con-100-plugs-rj45-cat5e-chapado-de-oro-de-15-u-clasificacion-de-resistencia-al-fuego-ul94v-2\/","name":"[ Dahua ] &#129351; Dh-pfm976-531 Plugs Rj45 Cat5e Caja Con 100 Plugs Rj45 Cat5e\/ Chapado De Oro De 15 U\/ Clasificacion De Resistencia Al Fuego Ul94v-2","isPartOf":{"@id":"https:\/\/compuviper.mx\/tienda\/#website"},"datePublished":"2026-04-02T05:24:58+00:00","dateModified":"2026-04-02T05:24:58+00:00","description":"Compra Dh-pfm976-531 Plugs Rj45 Cat5e Caja Con 100 Plugs Rj45 Cat5e\/ Chapado De Oro De 15 U\/ Clasificacion De Resistencia Al Fuego Ul94v-2 + Env\u00edo a domicilio + Pago seguro + Garant\u00eda","breadcrumb":{"@id":"https:\/\/compuviper.mx\/tienda\/producto\/dahua-dh-pfm976-531-plugs-rj45-cat5e-caja-con-100-plugs-rj45-cat5e-chapado-de-oro-de-15-u-clasificacion-de-resistencia-al-fuego-ul94v-2\/#breadcrumb"},"inLanguage":"es-MX","potentialAction":[{"@type":"ReadAction","target":["https:\/\/compuviper.mx\/tienda\/producto\/dahua-dh-pfm976-531-plugs-rj45-cat5e-caja-con-100-plugs-rj45-cat5e-chapado-de-oro-de-15-u-clasificacion-de-resistencia-al-fuego-ul94v-2\/"]}]},{"@type":"BreadcrumbList","@id":"https:\/\/compuviper.mx\/tienda\/producto\/dahua-dh-pfm976-531-plugs-rj45-cat5e-caja-con-100-plugs-rj45-cat5e-chapado-de-oro-de-15-u-clasificacion-de-resistencia-al-fuego-ul94v-2\/#breadcrumb","itemListElement":[{"@type":"ListItem","position":1,"name":"Inicio","item":"https:\/\/compuviper.mx\/tienda\/"},{"@type":"ListItem","position":2,"name":"Productos","item":"https:\/\/compuviper.mx\/tienda\/productos\/"},{"@type":"ListItem","position":3,"name":"Accesorios","item":"https:\/\/compuviper.mx\/tienda\/categoria-producto\/accesorios\/"},{"@type":"ListItem","position":4,"name":"Redes","item":"https:\/\/compuviper.mx\/tienda\/categoria-producto\/accesorios\/redes-accesorios\/"},{"@type":"ListItem","position":5,"name":"Dahua Dh-pfm976-531 Plugs Rj45 Cat5e Caja Con 100 Plugs Rj45 Cat5e\/ Chapado De Oro De 15 U\/ Clasificacion De Resistencia Al Fuego Ul94v-2"}]},{"@type":"WebSite","@id":"https:\/\/compuviper.mx\/tienda\/#website","url":"https:\/\/compuviper.mx\/tienda\/","name":"Compuviper","description":"Proveedor de Computadoras, Laptops, Servidores, Monitores, Puntos de Venta, Teclados,   Impresoras, T\u00f3ner, C\u00e1maras de Seguridad y m\u00e1s en tu tienda en l\u00ednea","publisher":{"@id":"https:\/\/compuviper.mx\/tienda\/#organization"},"potentialAction":[{"@type":"SearchAction","target":{"@type":"EntryPoint","urlTemplate":"https:\/\/compuviper.mx\/tienda\/?s={search_term_string}"},"query-input":"required name=search_term_string"}],"inLanguage":"es-MX"},{"@type":"Organization","@id":"https:\/\/compuviper.mx\/tienda\/#organization","name":"Compuviper","url":"https:\/\/compuviper.mx\/tienda\/","logo":{"@type":"ImageObject","inLanguage":"es-MX","@id":"https:\/\/compuviper.mx\/tienda\/#\/schema\/logo\/image\/","url":"https:\/\/compuviper.mx\/tienda\/wp-content\/uploads\/2021\/08\/Logo-Compuviper-10.png","contentUrl":"https:\/\/compuviper.mx\/tienda\/wp-content\/uploads\/2021\/08\/Logo-Compuviper-10.png","width":1000,"height":500,"caption":"Compuviper"},"image":{"@id":"https:\/\/compuviper.mx\/tienda\/#\/schema\/logo\/image\/"},"sameAs":["https:\/\/www.facebook.com\/compuviper","https:\/\/www.youtube.com\/channel\/UCf73dERp9Y3cfOq7q8BhLjA?view_as=subscriber"]}]},"product_brand":"DAHUA","product_price_amount":"150","product_price_currency":"MXN","og_availability":"out of stock","product_availability":"out of stock","product_retailer_item_id":"DH-PFM976-531","product_condition":"new"},"_links":{"self":[{"href":"https:\/\/compuviper.mx\/tienda\/wp-json\/wp\/v2\/product\/267873"}],"collection":[{"href":"https:\/\/compuviper.mx\/tienda\/wp-json\/wp\/v2\/product"}],"about":[{"href":"https:\/\/compuviper.mx\/tienda\/wp-json\/wp\/v2\/types\/product"}],"replies":[{"embeddable":true,"href":"https:\/\/compuviper.mx\/tienda\/wp-json\/wp\/v2\/comments?post=267873"}],"wp:attachment":[{"href":"https:\/\/compuviper.mx\/tienda\/wp-json\/wp\/v2\/media?parent=267873"}],"wp:term":[{"taxonomy":"product_cat","embeddable":true,"href":"https:\/\/compuviper.mx\/tienda\/wp-json\/wp\/v2\/product_cat?post=267873"},{"taxonomy":"product_tag","embeddable":true,"href":"https:\/\/compuviper.mx\/tienda\/wp-json\/wp\/v2\/product_tag?post=267873"}],"curies":[{"name":"wp","href":"https:\/\/api.w.org\/{rel}","templated":true}]}}