{"id":267872,"date":"2026-04-27T23:23:30","date_gmt":"2026-04-28T05:23:30","guid":{"rendered":"https:\/\/compuviper.mx\/tienda\/producto\/dahua-dh-pfm800-n-transceptor-par-de-transceptores-pasivos-hdcvi-4k-1-canal-de-transmision-de-video-720p-hasta-400m-1312-34ft-1080phasta-250m820-21ft-utp-cat-5e-and-cat6-anti-intertfer\/"},"modified":"2026-04-27T23:23:31","modified_gmt":"2026-04-28T05:23:31","slug":"dahua-dh-pfm800-n-transceptor-par-de-transceptores-pasivos-hdcvi-4k-1-canal-de-transmision-de-video-720p-hasta-400m-1312-34ft-1080phasta-250m820-21ft-utp-cat-5e-and-cat6-anti-intertfer","status":"publish","type":"product","link":"https:\/\/compuviper.mx\/tienda\/producto\/dahua-dh-pfm800-n-transceptor-par-de-transceptores-pasivos-hdcvi-4k-1-canal-de-transmision-de-video-720p-hasta-400m-1312-34ft-1080phasta-250m820-21ft-utp-cat-5e-and-cat6-anti-intertfer\/","title":{"rendered":"Dahua Dh-pfm800-n Transceptor   Par De Transceptores Pasivos Hdcvi 4k \/ 1 Canal De Transmision De Video \/ 720p Hasta 400m (1312.34ft) 1080phasta 250m(820.21ft) \/ Utp Cat 5e  And  Cat6 \/ Anti Intertferencia"},"content":{"rendered":"<table class=\"descripcion\">\n<tr>\n<td>Especificaciones tecnicas<\/td>\n<\/tr>\n<tr>\n<td>\u0095 color: negro<\/td>\n<\/tr>\n<tr>\n<td>\u0095 peso: 18.5 g\/par (0.04 lb)<\/td>\n<\/tr>\n<tr>\n<td>\u0095 formatos compatibles: hdcvi, tvi, ahd, cvbs<\/td>\n<\/tr>\n<tr>\n<td>\u0095 resolucion soportada: 720p, 1080p, 4mp, 5mp, 4k<\/td>\n<\/tr>\n<tr>\n<td>\u0095 distancia maxima de transmision: 300 m (720p), 200 m (1080p), 100 m (4mp\/5mp\/4k)<\/td>\n<\/tr>\n<tr>\n<td>\u0095 medio de transmision: cable utp cat5\/5e\/6<\/td>\n<\/tr>\n<tr>\n<td>\u0095 antiinterferencia:  60 db<\/td>\n<\/tr>\n<tr>\n<td>\u0095 proteccion esd: 1 kv (modo diferencial), 2 kv (modo comun)<\/td>\n<\/tr>\n<tr>\n<td>\u0095 conectores: bnc macho y terminal de resorte para utp<\/td>\n<\/tr>\n<tr>\n<td>\u0095 temperatura de funcionamiento: \u009610 \u00b0c a +55 \u00b0c<\/td>\n<\/tr>\n<tr>\n<td>\u0095 humedad de funcionamiento: 0\u009695 % (sin condensacion)<\/td>\n<\/tr>\n<tr>\n<td>\u0095 certificaciones: ce, fcc, iec61000-4-2, iec61000-4-5<\/td>\n<\/tr>\n<tr>\n<td>Incluye<\/td>\n<\/tr>\n<tr>\n<td>\u0095 1x transceptor dh-pfm800-n<\/td>\n<\/tr>\n<tr>\n<td>\u0095 1x manual de usuario<\/td>\n<\/tr>\n<tr>\n<td>\u0095 1x poliza de garantia<\/td>\n<\/tr>\n<\/table>\n","protected":false},"excerpt":{"rendered":"<p>Informacion general. El dh-pfm800-n de dahua es un accesorio de instalacion disenado para transmitir senales de video en sistemas de videovigilancia mediante pares trenzados cat 5e\/6. Este balun pasivo de 1 canal no requiere alimentacion externa, lo que reduce costos y simplifica el cableado. Es compatible con multiples formatos como hdcvi, tvi, ahd y cvbs, y permite distancias de transmision significativas (por ejemplo, para modelos similares hasta 300-400 m en 720p\/1080p) segun ficha tecnica. Ideal para despliegues donde se desea reutilizar cableado utp o evitar cables coaxiales largos. Caracteristicas principales. \u0095 transmision de video en tiempo real via cable utp cat 5e\/6. \u0095 pasivo (sin necesidad de alimentacion. \u0095 compatibilidad con multiples formatos (hdcvi\/tvi\/ahd\/cvbs. \u0095 diseno simple con conector bnc hembra y terminal de tornillo para pares trenzados. \u0095 ideal para reutilizar cableado existente o instalaciones limpias. \u0095 dimensiones compactas y construccion robusta (carcasa abs)<\/p>\n","protected":false},"featured_media":0,"comment_status":"open","ping_status":"open","template":"","meta":[],"product_cat":[1485,1525],"product_tag":[1555],"acf":[],"yoast_head":"<!-- This site is optimized with the Yoast SEO plugin v21.7 - https:\/\/yoast.com\/wordpress\/plugins\/seo\/ -->\n<title>[ Dahua ] &#129351; Dh-pfm800-n Transceptor Par De Transceptores Pasivos Hdcvi 4k \/ 1 Canal De Transmision De Video \/ 720p Hasta 400m (1312.34ft) 1080phasta 250m(820.21ft) \/ Utp Cat 5e And Cat6 \/ Anti Intertferencia<\/title>\n<meta name=\"description\" content=\"Compra Dh-pfm800-n Transceptor Par De Transceptores Pasivos Hdcvi 4k \/ 1 Canal De Transmision De Video \/ 720p Hasta 400m (1312.34ft) 1080phasta 250m(820.21ft) \/ Utp Cat 5e And Cat6 \/ Anti Intertferencia + Env\u00edo a domicilio + Pago seguro + Garant\u00eda\" \/>\n<meta name=\"robots\" content=\"index, follow, max-snippet:-1, max-image-preview:large, max-video-preview:-1\" \/>\n<link rel=\"canonical\" href=\"https:\/\/compuviper.mx\/tienda\/producto\/dahua-dh-pfm800-n-transceptor-par-de-transceptores-pasivos-hdcvi-4k-1-canal-de-transmision-de-video-720p-hasta-400m-1312-34ft-1080phasta-250m820-21ft-utp-cat-5e-and-cat6-anti-intertfer\/\" \/>\n<meta property=\"og:locale\" content=\"es_MX\" \/>\n<meta property=\"og:type\" content=\"article\" \/>\n<meta property=\"og:title\" content=\"[ Dahua ] &#129351; Dh-pfm800-n Transceptor Par De Transceptores Pasivos Hdcvi 4k \/ 1 Canal De Transmision De Video \/ 720p Hasta 400m (1312.34ft) 1080phasta 250m(820.21ft) \/ Utp Cat 5e And Cat6 \/ Anti Intertferencia\" \/>\n<meta property=\"og:description\" content=\"Compra Dh-pfm800-n Transceptor Par De Transceptores Pasivos Hdcvi 4k \/ 1 Canal De Transmision De Video \/ 720p Hasta 400m (1312.34ft) 1080phasta 250m(820.21ft) \/ Utp Cat 5e And Cat6 \/ Anti Intertferencia + Env\u00edo a domicilio + Pago seguro + Garant\u00eda\" \/>\n<meta property=\"og:url\" content=\"https:\/\/compuviper.mx\/tienda\/producto\/dahua-dh-pfm800-n-transceptor-par-de-transceptores-pasivos-hdcvi-4k-1-canal-de-transmision-de-video-720p-hasta-400m-1312-34ft-1080phasta-250m820-21ft-utp-cat-5e-and-cat6-anti-intertfer\/\" \/>\n<meta property=\"og:site_name\" content=\"Compuviper\" \/>\n<meta property=\"article:publisher\" content=\"https:\/\/www.facebook.com\/compuviper\" \/>\n<meta property=\"article:modified_time\" content=\"2026-04-28T05:23:31+00:00\" \/>\n<meta name=\"twitter:card\" content=\"summary_large_image\" \/>\n<meta name=\"twitter:label1\" content=\"Precio\" \/>\n\t<meta name=\"twitter:data1\" content=\"&#36;43 con IVA\" \/>\n\t<meta name=\"twitter:label2\" content=\"Availability\" \/>\n\t<meta name=\"twitter:data2\" content=\"Out of stock\" \/>\n<script type=\"application\/ld+json\" class=\"yoast-schema-graph\">{\"@context\":\"https:\/\/schema.org\",\"@graph\":[{\"@type\":\"WebPage\",\"@id\":\"https:\/\/compuviper.mx\/tienda\/producto\/dahua-dh-pfm800-n-transceptor-par-de-transceptores-pasivos-hdcvi-4k-1-canal-de-transmision-de-video-720p-hasta-400m-1312-34ft-1080phasta-250m820-21ft-utp-cat-5e-and-cat6-anti-intertfer\/\",\"url\":\"https:\/\/compuviper.mx\/tienda\/producto\/dahua-dh-pfm800-n-transceptor-par-de-transceptores-pasivos-hdcvi-4k-1-canal-de-transmision-de-video-720p-hasta-400m-1312-34ft-1080phasta-250m820-21ft-utp-cat-5e-and-cat6-anti-intertfer\/\",\"name\":\"[ Dahua ] &#129351; Dh-pfm800-n Transceptor Par De Transceptores Pasivos Hdcvi 4k \/ 1 Canal De Transmision De Video \/ 720p Hasta 400m (1312.34ft) 1080phasta 250m(820.21ft) \/ Utp Cat 5e And Cat6 \/ Anti Intertferencia\",\"isPartOf\":{\"@id\":\"https:\/\/compuviper.mx\/tienda\/#website\"},\"datePublished\":\"2026-04-28T05:23:30+00:00\",\"dateModified\":\"2026-04-28T05:23:31+00:00\",\"description\":\"Compra Dh-pfm800-n Transceptor Par De Transceptores Pasivos Hdcvi 4k \/ 1 Canal De Transmision De Video \/ 720p Hasta 400m (1312.34ft) 1080phasta 250m(820.21ft) \/ Utp Cat 5e And Cat6 \/ Anti Intertferencia + Env\u00edo a domicilio + Pago seguro + Garant\u00eda\",\"breadcrumb\":{\"@id\":\"https:\/\/compuviper.mx\/tienda\/producto\/dahua-dh-pfm800-n-transceptor-par-de-transceptores-pasivos-hdcvi-4k-1-canal-de-transmision-de-video-720p-hasta-400m-1312-34ft-1080phasta-250m820-21ft-utp-cat-5e-and-cat6-anti-intertfer\/#breadcrumb\"},\"inLanguage\":\"es-MX\",\"potentialAction\":[{\"@type\":\"ReadAction\",\"target\":[\"https:\/\/compuviper.mx\/tienda\/producto\/dahua-dh-pfm800-n-transceptor-par-de-transceptores-pasivos-hdcvi-4k-1-canal-de-transmision-de-video-720p-hasta-400m-1312-34ft-1080phasta-250m820-21ft-utp-cat-5e-and-cat6-anti-intertfer\/\"]}]},{\"@type\":\"BreadcrumbList\",\"@id\":\"https:\/\/compuviper.mx\/tienda\/producto\/dahua-dh-pfm800-n-transceptor-par-de-transceptores-pasivos-hdcvi-4k-1-canal-de-transmision-de-video-720p-hasta-400m-1312-34ft-1080phasta-250m820-21ft-utp-cat-5e-and-cat6-anti-intertfer\/#breadcrumb\",\"itemListElement\":[{\"@type\":\"ListItem\",\"position\":1,\"name\":\"Inicio\",\"item\":\"https:\/\/compuviper.mx\/tienda\/\"},{\"@type\":\"ListItem\",\"position\":2,\"name\":\"Productos\",\"item\":\"https:\/\/compuviper.mx\/tienda\/productos\/\"},{\"@type\":\"ListItem\",\"position\":3,\"name\":\"Accesorios\",\"item\":\"https:\/\/compuviper.mx\/tienda\/categoria-producto\/accesorios\/\"},{\"@type\":\"ListItem\",\"position\":4,\"name\":\"Camaras\",\"item\":\"https:\/\/compuviper.mx\/tienda\/categoria-producto\/accesorios\/camaras\/\"},{\"@type\":\"ListItem\",\"position\":5,\"name\":\"Dahua Dh-pfm800-n Transceptor Par De Transceptores Pasivos Hdcvi 4k \/ 1 Canal De Transmision De Video \/ 720p Hasta 400m (1312.34ft) 1080phasta 250m(820.21ft) \/ Utp Cat 5e And Cat6 \/ Anti Intertferencia\"}]},{\"@type\":\"WebSite\",\"@id\":\"https:\/\/compuviper.mx\/tienda\/#website\",\"url\":\"https:\/\/compuviper.mx\/tienda\/\",\"name\":\"Compuviper\",\"description\":\"Proveedor de Computadoras, Laptops, Servidores, Monitores, Puntos de Venta, Teclados,   Impresoras, T\u00f3ner, C\u00e1maras de Seguridad y m\u00e1s en tu tienda en l\u00ednea\",\"publisher\":{\"@id\":\"https:\/\/compuviper.mx\/tienda\/#organization\"},\"potentialAction\":[{\"@type\":\"SearchAction\",\"target\":{\"@type\":\"EntryPoint\",\"urlTemplate\":\"https:\/\/compuviper.mx\/tienda\/?s={search_term_string}\"},\"query-input\":\"required name=search_term_string\"}],\"inLanguage\":\"es-MX\"},{\"@type\":\"Organization\",\"@id\":\"https:\/\/compuviper.mx\/tienda\/#organization\",\"name\":\"Compuviper\",\"url\":\"https:\/\/compuviper.mx\/tienda\/\",\"logo\":{\"@type\":\"ImageObject\",\"inLanguage\":\"es-MX\",\"@id\":\"https:\/\/compuviper.mx\/tienda\/#\/schema\/logo\/image\/\",\"url\":\"https:\/\/compuviper.mx\/tienda\/wp-content\/uploads\/2021\/08\/Logo-Compuviper-10.png\",\"contentUrl\":\"https:\/\/compuviper.mx\/tienda\/wp-content\/uploads\/2021\/08\/Logo-Compuviper-10.png\",\"width\":1000,\"height\":500,\"caption\":\"Compuviper\"},\"image\":{\"@id\":\"https:\/\/compuviper.mx\/tienda\/#\/schema\/logo\/image\/\"},\"sameAs\":[\"https:\/\/www.facebook.com\/compuviper\",\"https:\/\/www.youtube.com\/channel\/UCf73dERp9Y3cfOq7q8BhLjA?view_as=subscriber\"]}]}<\/script>\n<meta property=\"product:brand\" content=\"DAHUA\" \/>\n<meta property=\"product:price:amount\" content=\"43\" \/>\n<meta property=\"product:price:currency\" content=\"MXN\" \/>\n<meta property=\"og:availability\" content=\"out of stock\" \/>\n<meta property=\"product:availability\" content=\"out of stock\" \/>\n<meta property=\"product:retailer_item_id\" content=\"DH-PFM800-N\" \/>\n<meta property=\"product:condition\" content=\"new\" \/>\n<!-- \/ Yoast SEO plugin. -->","yoast_head_json":{"title":"[ Dahua ] &#129351; Dh-pfm800-n Transceptor Par De Transceptores Pasivos Hdcvi 4k \/ 1 Canal De Transmision De Video \/ 720p Hasta 400m (1312.34ft) 1080phasta 250m(820.21ft) \/ Utp Cat 5e And Cat6 \/ Anti Intertferencia","description":"Compra Dh-pfm800-n Transceptor Par De Transceptores Pasivos Hdcvi 4k \/ 1 Canal De Transmision De Video \/ 720p Hasta 400m (1312.34ft) 1080phasta 250m(820.21ft) \/ Utp Cat 5e And Cat6 \/ Anti Intertferencia + Env\u00edo a domicilio + Pago seguro + Garant\u00eda","robots":{"index":"index","follow":"follow","max-snippet":"max-snippet:-1","max-image-preview":"max-image-preview:large","max-video-preview":"max-video-preview:-1"},"canonical":"https:\/\/compuviper.mx\/tienda\/producto\/dahua-dh-pfm800-n-transceptor-par-de-transceptores-pasivos-hdcvi-4k-1-canal-de-transmision-de-video-720p-hasta-400m-1312-34ft-1080phasta-250m820-21ft-utp-cat-5e-and-cat6-anti-intertfer\/","og_locale":"es_MX","og_type":"article","og_title":"[ Dahua ] &#129351; Dh-pfm800-n Transceptor Par De Transceptores Pasivos Hdcvi 4k \/ 1 Canal De Transmision De Video \/ 720p Hasta 400m (1312.34ft) 1080phasta 250m(820.21ft) \/ Utp Cat 5e And Cat6 \/ Anti Intertferencia","og_description":"Compra Dh-pfm800-n Transceptor Par De Transceptores Pasivos Hdcvi 4k \/ 1 Canal De Transmision De Video \/ 720p Hasta 400m (1312.34ft) 1080phasta 250m(820.21ft) \/ Utp Cat 5e And Cat6 \/ Anti Intertferencia + Env\u00edo a domicilio + Pago seguro + Garant\u00eda","og_url":"https:\/\/compuviper.mx\/tienda\/producto\/dahua-dh-pfm800-n-transceptor-par-de-transceptores-pasivos-hdcvi-4k-1-canal-de-transmision-de-video-720p-hasta-400m-1312-34ft-1080phasta-250m820-21ft-utp-cat-5e-and-cat6-anti-intertfer\/","og_site_name":"Compuviper","article_publisher":"https:\/\/www.facebook.com\/compuviper","article_modified_time":"2026-04-28T05:23:31+00:00","twitter_card":"summary_large_image","twitter_misc":{"Precio":"&#36;43 con IVA","Availability":"Out of stock"},"schema":{"@context":"https:\/\/schema.org","@graph":[{"@type":"WebPage","@id":"https:\/\/compuviper.mx\/tienda\/producto\/dahua-dh-pfm800-n-transceptor-par-de-transceptores-pasivos-hdcvi-4k-1-canal-de-transmision-de-video-720p-hasta-400m-1312-34ft-1080phasta-250m820-21ft-utp-cat-5e-and-cat6-anti-intertfer\/","url":"https:\/\/compuviper.mx\/tienda\/producto\/dahua-dh-pfm800-n-transceptor-par-de-transceptores-pasivos-hdcvi-4k-1-canal-de-transmision-de-video-720p-hasta-400m-1312-34ft-1080phasta-250m820-21ft-utp-cat-5e-and-cat6-anti-intertfer\/","name":"[ Dahua ] &#129351; Dh-pfm800-n Transceptor Par De Transceptores Pasivos Hdcvi 4k \/ 1 Canal De Transmision De Video \/ 720p Hasta 400m (1312.34ft) 1080phasta 250m(820.21ft) \/ Utp Cat 5e And Cat6 \/ Anti Intertferencia","isPartOf":{"@id":"https:\/\/compuviper.mx\/tienda\/#website"},"datePublished":"2026-04-28T05:23:30+00:00","dateModified":"2026-04-28T05:23:31+00:00","description":"Compra Dh-pfm800-n Transceptor Par De Transceptores Pasivos Hdcvi 4k \/ 1 Canal De Transmision De Video \/ 720p Hasta 400m (1312.34ft) 1080phasta 250m(820.21ft) \/ Utp Cat 5e And Cat6 \/ Anti Intertferencia + Env\u00edo a domicilio + Pago seguro + Garant\u00eda","breadcrumb":{"@id":"https:\/\/compuviper.mx\/tienda\/producto\/dahua-dh-pfm800-n-transceptor-par-de-transceptores-pasivos-hdcvi-4k-1-canal-de-transmision-de-video-720p-hasta-400m-1312-34ft-1080phasta-250m820-21ft-utp-cat-5e-and-cat6-anti-intertfer\/#breadcrumb"},"inLanguage":"es-MX","potentialAction":[{"@type":"ReadAction","target":["https:\/\/compuviper.mx\/tienda\/producto\/dahua-dh-pfm800-n-transceptor-par-de-transceptores-pasivos-hdcvi-4k-1-canal-de-transmision-de-video-720p-hasta-400m-1312-34ft-1080phasta-250m820-21ft-utp-cat-5e-and-cat6-anti-intertfer\/"]}]},{"@type":"BreadcrumbList","@id":"https:\/\/compuviper.mx\/tienda\/producto\/dahua-dh-pfm800-n-transceptor-par-de-transceptores-pasivos-hdcvi-4k-1-canal-de-transmision-de-video-720p-hasta-400m-1312-34ft-1080phasta-250m820-21ft-utp-cat-5e-and-cat6-anti-intertfer\/#breadcrumb","itemListElement":[{"@type":"ListItem","position":1,"name":"Inicio","item":"https:\/\/compuviper.mx\/tienda\/"},{"@type":"ListItem","position":2,"name":"Productos","item":"https:\/\/compuviper.mx\/tienda\/productos\/"},{"@type":"ListItem","position":3,"name":"Accesorios","item":"https:\/\/compuviper.mx\/tienda\/categoria-producto\/accesorios\/"},{"@type":"ListItem","position":4,"name":"Camaras","item":"https:\/\/compuviper.mx\/tienda\/categoria-producto\/accesorios\/camaras\/"},{"@type":"ListItem","position":5,"name":"Dahua Dh-pfm800-n Transceptor Par De Transceptores Pasivos Hdcvi 4k \/ 1 Canal De Transmision De Video \/ 720p Hasta 400m (1312.34ft) 1080phasta 250m(820.21ft) \/ Utp Cat 5e And Cat6 \/ Anti Intertferencia"}]},{"@type":"WebSite","@id":"https:\/\/compuviper.mx\/tienda\/#website","url":"https:\/\/compuviper.mx\/tienda\/","name":"Compuviper","description":"Proveedor de Computadoras, Laptops, Servidores, Monitores, Puntos de Venta, Teclados,   Impresoras, T\u00f3ner, C\u00e1maras de Seguridad y m\u00e1s en tu tienda en l\u00ednea","publisher":{"@id":"https:\/\/compuviper.mx\/tienda\/#organization"},"potentialAction":[{"@type":"SearchAction","target":{"@type":"EntryPoint","urlTemplate":"https:\/\/compuviper.mx\/tienda\/?s={search_term_string}"},"query-input":"required name=search_term_string"}],"inLanguage":"es-MX"},{"@type":"Organization","@id":"https:\/\/compuviper.mx\/tienda\/#organization","name":"Compuviper","url":"https:\/\/compuviper.mx\/tienda\/","logo":{"@type":"ImageObject","inLanguage":"es-MX","@id":"https:\/\/compuviper.mx\/tienda\/#\/schema\/logo\/image\/","url":"https:\/\/compuviper.mx\/tienda\/wp-content\/uploads\/2021\/08\/Logo-Compuviper-10.png","contentUrl":"https:\/\/compuviper.mx\/tienda\/wp-content\/uploads\/2021\/08\/Logo-Compuviper-10.png","width":1000,"height":500,"caption":"Compuviper"},"image":{"@id":"https:\/\/compuviper.mx\/tienda\/#\/schema\/logo\/image\/"},"sameAs":["https:\/\/www.facebook.com\/compuviper","https:\/\/www.youtube.com\/channel\/UCf73dERp9Y3cfOq7q8BhLjA?view_as=subscriber"]}]},"product_brand":"DAHUA","product_price_amount":"43","product_price_currency":"MXN","og_availability":"out of stock","product_availability":"out of stock","product_retailer_item_id":"DH-PFM800-N","product_condition":"new"},"_links":{"self":[{"href":"https:\/\/compuviper.mx\/tienda\/wp-json\/wp\/v2\/product\/267872"}],"collection":[{"href":"https:\/\/compuviper.mx\/tienda\/wp-json\/wp\/v2\/product"}],"about":[{"href":"https:\/\/compuviper.mx\/tienda\/wp-json\/wp\/v2\/types\/product"}],"replies":[{"embeddable":true,"href":"https:\/\/compuviper.mx\/tienda\/wp-json\/wp\/v2\/comments?post=267872"}],"wp:attachment":[{"href":"https:\/\/compuviper.mx\/tienda\/wp-json\/wp\/v2\/media?parent=267872"}],"wp:term":[{"taxonomy":"product_cat","embeddable":true,"href":"https:\/\/compuviper.mx\/tienda\/wp-json\/wp\/v2\/product_cat?post=267872"},{"taxonomy":"product_tag","embeddable":true,"href":"https:\/\/compuviper.mx\/tienda\/wp-json\/wp\/v2\/product_tag?post=267872"}],"curies":[{"name":"wp","href":"https:\/\/api.w.org\/{rel}","templated":true}]}}