{"id":267868,"date":"2026-04-06T23:23:03","date_gmt":"2026-04-07T05:23:03","guid":{"rendered":"https:\/\/compuviper.mx\/tienda\/producto\/dahua-sax-fc06-lector-enrolador-saxxon-fc06-enrolador-usb-y-encriptacion-de-tarjetas-uhf-902-mhz-and-8210-928-mhz-compatible-con-lectoras-saxxon-saxr2656-saxr2657\/"},"modified":"2026-04-06T23:23:04","modified_gmt":"2026-04-07T05:23:04","slug":"dahua-sax-fc06-lector-enrolador-saxxon-fc06-enrolador-usb-y-encriptacion-de-tarjetas-uhf-902-mhz-and-8210-928-mhz-compatible-con-lectoras-saxxon-saxr2656-saxr2657","status":"publish","type":"product","link":"https:\/\/compuviper.mx\/tienda\/producto\/dahua-sax-fc06-lector-enrolador-saxxon-fc06-enrolador-usb-y-encriptacion-de-tarjetas-uhf-902-mhz-and-8210-928-mhz-compatible-con-lectoras-saxxon-saxr2656-saxr2657\/","title":{"rendered":"Dahua Sax-fc06 Lector Enrolador Saxxon Fc06 Enrolador Usb Y Encriptacion De Tarjetas Uhf 902 Mhz  And #8210; 928 Mhz \/ Compatible Con Lectoras Saxxon Saxr2656, Saxr2657"},"content":{"rendered":"<table class=\"descripcion\">\n<tr>\n<td>Especificaciones<\/td>\n<\/tr>\n<tr>\n<td>\u0095frecuencia de trabajo: 902 mhz  and 8210; 928 mhz<\/td>\n<\/tr>\n<tr>\n<td>\u0095protocolo de tarjetas: epc global uhf clase 1 gen 2<\/td>\n<\/tr>\n<tr>\n<td>\u0095antena: antena de polarizacion circular 2dbiantena pcb incorporada and 65289;<\/td>\n<\/tr>\n<tr>\n<td>\u0095potencia de transmision: 0 ~ 13dbm ajustable<\/td>\n<\/tr>\n<tr>\n<td>\u0095distancia de lectura: distancia maxima de lectura de etiquetas: 1 m relacionado con<\/td>\n<\/tr>\n<tr>\n<td>Factores como potencia de transmision, tipo de antena, tipo de etiqueta y entorno de aplicacion0 \u0096 180 mm, escritura de 0 \u0096 80 mm dependiendo del entorno. &#8211; distancia maxima para escribir etiquetas: 0,1 m segun factores como la potencia de transmision, el tipo de antena, el<\/td>\n<\/tr>\n<tr>\n<td>Tipo de etiqueta y el entorno de la aplicacion.<\/td>\n<\/tr>\n<tr>\n<td>\u0095modo de operacion: modo activo<\/td>\n<\/tr>\n<tr>\n<td>Parametros electricos<\/td>\n<\/tr>\n<tr>\n<td>\u0095corriente continua: 5v<\/td>\n<\/tr>\n<tr>\n<td>\u0095corriente de espera:  80ma<\/td>\n<\/tr>\n<tr>\n<td>Interfaz externa<\/td>\n<\/tr>\n<tr>\n<td>\u0095comunicacion: teclado virtual usb<\/td>\n<\/tr>\n<tr>\n<td>Ambiente de trabajo<\/td>\n<\/tr>\n<tr>\n<td>\u0095temperatura de funcionamiento:- 20 and 8451; and 12316;70 and 8451;<\/td>\n<\/tr>\n<tr>\n<td>\u0095temperatura de almacenamiento: &#8211; 20 and 8451; and 12316;85 and 8451;<\/td>\n<\/tr>\n<tr>\n<td>Apendice<\/td>\n<\/tr>\n<tr>\n<td>\u0095cable de energia: equipado<\/td>\n<\/tr>\n<tr>\n<td>\u0095seal rs232 linea: no<\/td>\n<\/tr>\n<tr>\n<td>\u0095kit de desarrollo: proporcionado ve android sdk<\/td>\n<\/tr>\n<tr>\n<td>Solicita el sw<\/td>\n<\/tr>\n<tr>\n<td>Rfid reader demo ver 3.4.0.2<\/td>\n<\/tr>\n<\/table>\n","protected":false},"excerpt":{"rendered":"<p>Descripcion. El enrolador fc06 es un lector de escritorio para enrolar y encryptar los tag uhf con las lectoras saxxon de largo alcance saxr2656 y saxr2657 con version de firmware qt0a v1.25 y rfid reader demo ver3.4.0.2. Cuando encryptamos nuestra lectora con los tags evitamos que lea el chip del repuve e interfiera con la lectura de los tags. \u0095el canal de radiofrecuencia se basa en el chip rfid uhf. \u0095la distancia de lectura de la etiqueta tiene un amplio rango, ajustable de 10 cm a 1 m para adaptarse a diferentes aplicaciones. \u0095la mayor tasa de exito de la industria en la escritura de etiquetas. \u0095capacidad de reconocimiento de multiples etiquetas:  20 etiquetas. \u0095velocidad de reconocimiento de etiquetas:  20 hojas\/seg. \u0095compatible con modelos saxr2656 y saxr2657. Contenido. \u0095enrolador. \u0095cable usb<\/p>\n","protected":false},"featured_media":0,"comment_status":"open","ping_status":"open","template":"","meta":[],"product_cat":[1485,2263],"product_tag":[1555],"acf":[],"yoast_head":"<!-- This site is optimized with the Yoast SEO plugin v21.7 - https:\/\/yoast.com\/wordpress\/plugins\/seo\/ -->\n<title>[ Dahua ] &#129351; Sax-fc06 Lector Enrolador Saxxon Fc06 Enrolador Usb Y Encriptacion De Tarjetas Uhf 902 Mhz And #8210; 928 Mhz \/ Compatible Con Lectoras Saxxon Saxr2656, Saxr2657<\/title>\n<meta name=\"description\" content=\"Compra Sax-fc06 Lector Enrolador Saxxon Fc06 Enrolador Usb Y Encriptacion De Tarjetas Uhf 902 Mhz And #8210; 928 Mhz \/ Compatible Con Lectoras Saxxon Saxr2656, Saxr2657 + Env\u00edo a domicilio + Pago seguro + Garant\u00eda\" \/>\n<meta name=\"robots\" content=\"index, follow, max-snippet:-1, max-image-preview:large, max-video-preview:-1\" \/>\n<link rel=\"canonical\" href=\"https:\/\/compuviper.mx\/tienda\/producto\/dahua-sax-fc06-lector-enrolador-saxxon-fc06-enrolador-usb-y-encriptacion-de-tarjetas-uhf-902-mhz-and-8210-928-mhz-compatible-con-lectoras-saxxon-saxr2656-saxr2657\/\" \/>\n<meta property=\"og:locale\" content=\"es_MX\" \/>\n<meta property=\"og:type\" content=\"article\" \/>\n<meta property=\"og:title\" content=\"[ Dahua ] &#129351; Sax-fc06 Lector Enrolador Saxxon Fc06 Enrolador Usb Y Encriptacion De Tarjetas Uhf 902 Mhz And #8210; 928 Mhz \/ Compatible Con Lectoras Saxxon Saxr2656, Saxr2657\" \/>\n<meta property=\"og:description\" content=\"Compra Sax-fc06 Lector Enrolador Saxxon Fc06 Enrolador Usb Y Encriptacion De Tarjetas Uhf 902 Mhz And #8210; 928 Mhz \/ Compatible Con Lectoras Saxxon Saxr2656, Saxr2657 + Env\u00edo a domicilio + Pago seguro + Garant\u00eda\" \/>\n<meta property=\"og:url\" content=\"https:\/\/compuviper.mx\/tienda\/producto\/dahua-sax-fc06-lector-enrolador-saxxon-fc06-enrolador-usb-y-encriptacion-de-tarjetas-uhf-902-mhz-and-8210-928-mhz-compatible-con-lectoras-saxxon-saxr2656-saxr2657\/\" \/>\n<meta property=\"og:site_name\" content=\"Compuviper\" \/>\n<meta property=\"article:publisher\" content=\"https:\/\/www.facebook.com\/compuviper\" \/>\n<meta property=\"article:modified_time\" content=\"2026-04-07T05:23:04+00:00\" \/>\n<meta name=\"twitter:card\" content=\"summary_large_image\" \/>\n<meta name=\"twitter:label1\" content=\"Precio\" \/>\n\t<meta name=\"twitter:data1\" content=\"&#36;1,270 con IVA\" \/>\n\t<meta name=\"twitter:label2\" content=\"Availability\" \/>\n\t<meta name=\"twitter:data2\" content=\"Out of stock\" \/>\n<script type=\"application\/ld+json\" class=\"yoast-schema-graph\">{\"@context\":\"https:\/\/schema.org\",\"@graph\":[{\"@type\":\"WebPage\",\"@id\":\"https:\/\/compuviper.mx\/tienda\/producto\/dahua-sax-fc06-lector-enrolador-saxxon-fc06-enrolador-usb-y-encriptacion-de-tarjetas-uhf-902-mhz-and-8210-928-mhz-compatible-con-lectoras-saxxon-saxr2656-saxr2657\/\",\"url\":\"https:\/\/compuviper.mx\/tienda\/producto\/dahua-sax-fc06-lector-enrolador-saxxon-fc06-enrolador-usb-y-encriptacion-de-tarjetas-uhf-902-mhz-and-8210-928-mhz-compatible-con-lectoras-saxxon-saxr2656-saxr2657\/\",\"name\":\"[ Dahua ] &#129351; Sax-fc06 Lector Enrolador Saxxon Fc06 Enrolador Usb Y Encriptacion De Tarjetas Uhf 902 Mhz And #8210; 928 Mhz \/ Compatible Con Lectoras Saxxon Saxr2656, Saxr2657\",\"isPartOf\":{\"@id\":\"https:\/\/compuviper.mx\/tienda\/#website\"},\"datePublished\":\"2026-04-07T05:23:03+00:00\",\"dateModified\":\"2026-04-07T05:23:04+00:00\",\"description\":\"Compra Sax-fc06 Lector Enrolador Saxxon Fc06 Enrolador Usb Y Encriptacion De Tarjetas Uhf 902 Mhz And #8210; 928 Mhz \/ Compatible Con Lectoras Saxxon Saxr2656, Saxr2657 + Env\u00edo a domicilio + Pago seguro + Garant\u00eda\",\"breadcrumb\":{\"@id\":\"https:\/\/compuviper.mx\/tienda\/producto\/dahua-sax-fc06-lector-enrolador-saxxon-fc06-enrolador-usb-y-encriptacion-de-tarjetas-uhf-902-mhz-and-8210-928-mhz-compatible-con-lectoras-saxxon-saxr2656-saxr2657\/#breadcrumb\"},\"inLanguage\":\"es-MX\",\"potentialAction\":[{\"@type\":\"ReadAction\",\"target\":[\"https:\/\/compuviper.mx\/tienda\/producto\/dahua-sax-fc06-lector-enrolador-saxxon-fc06-enrolador-usb-y-encriptacion-de-tarjetas-uhf-902-mhz-and-8210-928-mhz-compatible-con-lectoras-saxxon-saxr2656-saxr2657\/\"]}]},{\"@type\":\"BreadcrumbList\",\"@id\":\"https:\/\/compuviper.mx\/tienda\/producto\/dahua-sax-fc06-lector-enrolador-saxxon-fc06-enrolador-usb-y-encriptacion-de-tarjetas-uhf-902-mhz-and-8210-928-mhz-compatible-con-lectoras-saxxon-saxr2656-saxr2657\/#breadcrumb\",\"itemListElement\":[{\"@type\":\"ListItem\",\"position\":1,\"name\":\"Inicio\",\"item\":\"https:\/\/compuviper.mx\/tienda\/\"},{\"@type\":\"ListItem\",\"position\":2,\"name\":\"Productos\",\"item\":\"https:\/\/compuviper.mx\/tienda\/productos\/\"},{\"@type\":\"ListItem\",\"position\":3,\"name\":\"Accesorios\",\"item\":\"https:\/\/compuviper.mx\/tienda\/categoria-producto\/accesorios\/\"},{\"@type\":\"ListItem\",\"position\":4,\"name\":\"Lector De Proximidad\",\"item\":\"https:\/\/compuviper.mx\/tienda\/categoria-producto\/accesorios\/lector-de-proximidad\/\"},{\"@type\":\"ListItem\",\"position\":5,\"name\":\"Dahua Sax-fc06 Lector Enrolador Saxxon Fc06 Enrolador Usb Y Encriptacion De Tarjetas Uhf 902 Mhz And #8210; 928 Mhz \/ Compatible Con Lectoras Saxxon Saxr2656, Saxr2657\"}]},{\"@type\":\"WebSite\",\"@id\":\"https:\/\/compuviper.mx\/tienda\/#website\",\"url\":\"https:\/\/compuviper.mx\/tienda\/\",\"name\":\"Compuviper\",\"description\":\"Proveedor de Computadoras, Laptops, Servidores, Monitores, Puntos de Venta, Teclados,   Impresoras, T\u00f3ner, C\u00e1maras de Seguridad y m\u00e1s en tu tienda en l\u00ednea\",\"publisher\":{\"@id\":\"https:\/\/compuviper.mx\/tienda\/#organization\"},\"potentialAction\":[{\"@type\":\"SearchAction\",\"target\":{\"@type\":\"EntryPoint\",\"urlTemplate\":\"https:\/\/compuviper.mx\/tienda\/?s={search_term_string}\"},\"query-input\":\"required name=search_term_string\"}],\"inLanguage\":\"es-MX\"},{\"@type\":\"Organization\",\"@id\":\"https:\/\/compuviper.mx\/tienda\/#organization\",\"name\":\"Compuviper\",\"url\":\"https:\/\/compuviper.mx\/tienda\/\",\"logo\":{\"@type\":\"ImageObject\",\"inLanguage\":\"es-MX\",\"@id\":\"https:\/\/compuviper.mx\/tienda\/#\/schema\/logo\/image\/\",\"url\":\"https:\/\/compuviper.mx\/tienda\/wp-content\/uploads\/2021\/08\/Logo-Compuviper-10.png\",\"contentUrl\":\"https:\/\/compuviper.mx\/tienda\/wp-content\/uploads\/2021\/08\/Logo-Compuviper-10.png\",\"width\":1000,\"height\":500,\"caption\":\"Compuviper\"},\"image\":{\"@id\":\"https:\/\/compuviper.mx\/tienda\/#\/schema\/logo\/image\/\"},\"sameAs\":[\"https:\/\/www.facebook.com\/compuviper\",\"https:\/\/www.youtube.com\/channel\/UCf73dERp9Y3cfOq7q8BhLjA?view_as=subscriber\"]}]}<\/script>\n<meta property=\"product:brand\" content=\"DAHUA\" \/>\n<meta property=\"product:price:amount\" content=\"1270\" \/>\n<meta property=\"product:price:currency\" content=\"MXN\" \/>\n<meta property=\"og:availability\" content=\"out of stock\" \/>\n<meta property=\"product:availability\" content=\"out of stock\" \/>\n<meta property=\"product:retailer_item_id\" content=\"SAX-FC06\" \/>\n<meta property=\"product:condition\" content=\"new\" \/>\n<!-- \/ Yoast SEO plugin. -->","yoast_head_json":{"title":"[ Dahua ] &#129351; Sax-fc06 Lector Enrolador Saxxon Fc06 Enrolador Usb Y Encriptacion De Tarjetas Uhf 902 Mhz And #8210; 928 Mhz \/ Compatible Con Lectoras Saxxon Saxr2656, Saxr2657","description":"Compra Sax-fc06 Lector Enrolador Saxxon Fc06 Enrolador Usb Y Encriptacion De Tarjetas Uhf 902 Mhz And #8210; 928 Mhz \/ Compatible Con Lectoras Saxxon Saxr2656, Saxr2657 + Env\u00edo a domicilio + Pago seguro + Garant\u00eda","robots":{"index":"index","follow":"follow","max-snippet":"max-snippet:-1","max-image-preview":"max-image-preview:large","max-video-preview":"max-video-preview:-1"},"canonical":"https:\/\/compuviper.mx\/tienda\/producto\/dahua-sax-fc06-lector-enrolador-saxxon-fc06-enrolador-usb-y-encriptacion-de-tarjetas-uhf-902-mhz-and-8210-928-mhz-compatible-con-lectoras-saxxon-saxr2656-saxr2657\/","og_locale":"es_MX","og_type":"article","og_title":"[ Dahua ] &#129351; Sax-fc06 Lector Enrolador Saxxon Fc06 Enrolador Usb Y Encriptacion De Tarjetas Uhf 902 Mhz And #8210; 928 Mhz \/ Compatible Con Lectoras Saxxon Saxr2656, Saxr2657","og_description":"Compra Sax-fc06 Lector Enrolador Saxxon Fc06 Enrolador Usb Y Encriptacion De Tarjetas Uhf 902 Mhz And #8210; 928 Mhz \/ Compatible Con Lectoras Saxxon Saxr2656, Saxr2657 + Env\u00edo a domicilio + Pago seguro + Garant\u00eda","og_url":"https:\/\/compuviper.mx\/tienda\/producto\/dahua-sax-fc06-lector-enrolador-saxxon-fc06-enrolador-usb-y-encriptacion-de-tarjetas-uhf-902-mhz-and-8210-928-mhz-compatible-con-lectoras-saxxon-saxr2656-saxr2657\/","og_site_name":"Compuviper","article_publisher":"https:\/\/www.facebook.com\/compuviper","article_modified_time":"2026-04-07T05:23:04+00:00","twitter_card":"summary_large_image","twitter_misc":{"Precio":"&#36;1,270 con IVA","Availability":"Out of stock"},"schema":{"@context":"https:\/\/schema.org","@graph":[{"@type":"WebPage","@id":"https:\/\/compuviper.mx\/tienda\/producto\/dahua-sax-fc06-lector-enrolador-saxxon-fc06-enrolador-usb-y-encriptacion-de-tarjetas-uhf-902-mhz-and-8210-928-mhz-compatible-con-lectoras-saxxon-saxr2656-saxr2657\/","url":"https:\/\/compuviper.mx\/tienda\/producto\/dahua-sax-fc06-lector-enrolador-saxxon-fc06-enrolador-usb-y-encriptacion-de-tarjetas-uhf-902-mhz-and-8210-928-mhz-compatible-con-lectoras-saxxon-saxr2656-saxr2657\/","name":"[ Dahua ] &#129351; Sax-fc06 Lector Enrolador Saxxon Fc06 Enrolador Usb Y Encriptacion De Tarjetas Uhf 902 Mhz And #8210; 928 Mhz \/ Compatible Con Lectoras Saxxon Saxr2656, Saxr2657","isPartOf":{"@id":"https:\/\/compuviper.mx\/tienda\/#website"},"datePublished":"2026-04-07T05:23:03+00:00","dateModified":"2026-04-07T05:23:04+00:00","description":"Compra Sax-fc06 Lector Enrolador Saxxon Fc06 Enrolador Usb Y Encriptacion De Tarjetas Uhf 902 Mhz And #8210; 928 Mhz \/ Compatible Con Lectoras Saxxon Saxr2656, Saxr2657 + Env\u00edo a domicilio + Pago seguro + Garant\u00eda","breadcrumb":{"@id":"https:\/\/compuviper.mx\/tienda\/producto\/dahua-sax-fc06-lector-enrolador-saxxon-fc06-enrolador-usb-y-encriptacion-de-tarjetas-uhf-902-mhz-and-8210-928-mhz-compatible-con-lectoras-saxxon-saxr2656-saxr2657\/#breadcrumb"},"inLanguage":"es-MX","potentialAction":[{"@type":"ReadAction","target":["https:\/\/compuviper.mx\/tienda\/producto\/dahua-sax-fc06-lector-enrolador-saxxon-fc06-enrolador-usb-y-encriptacion-de-tarjetas-uhf-902-mhz-and-8210-928-mhz-compatible-con-lectoras-saxxon-saxr2656-saxr2657\/"]}]},{"@type":"BreadcrumbList","@id":"https:\/\/compuviper.mx\/tienda\/producto\/dahua-sax-fc06-lector-enrolador-saxxon-fc06-enrolador-usb-y-encriptacion-de-tarjetas-uhf-902-mhz-and-8210-928-mhz-compatible-con-lectoras-saxxon-saxr2656-saxr2657\/#breadcrumb","itemListElement":[{"@type":"ListItem","position":1,"name":"Inicio","item":"https:\/\/compuviper.mx\/tienda\/"},{"@type":"ListItem","position":2,"name":"Productos","item":"https:\/\/compuviper.mx\/tienda\/productos\/"},{"@type":"ListItem","position":3,"name":"Accesorios","item":"https:\/\/compuviper.mx\/tienda\/categoria-producto\/accesorios\/"},{"@type":"ListItem","position":4,"name":"Lector De Proximidad","item":"https:\/\/compuviper.mx\/tienda\/categoria-producto\/accesorios\/lector-de-proximidad\/"},{"@type":"ListItem","position":5,"name":"Dahua Sax-fc06 Lector Enrolador Saxxon Fc06 Enrolador Usb Y Encriptacion De Tarjetas Uhf 902 Mhz And #8210; 928 Mhz \/ Compatible Con Lectoras Saxxon Saxr2656, Saxr2657"}]},{"@type":"WebSite","@id":"https:\/\/compuviper.mx\/tienda\/#website","url":"https:\/\/compuviper.mx\/tienda\/","name":"Compuviper","description":"Proveedor de Computadoras, Laptops, Servidores, Monitores, Puntos de Venta, Teclados,   Impresoras, T\u00f3ner, C\u00e1maras de Seguridad y m\u00e1s en tu tienda en l\u00ednea","publisher":{"@id":"https:\/\/compuviper.mx\/tienda\/#organization"},"potentialAction":[{"@type":"SearchAction","target":{"@type":"EntryPoint","urlTemplate":"https:\/\/compuviper.mx\/tienda\/?s={search_term_string}"},"query-input":"required name=search_term_string"}],"inLanguage":"es-MX"},{"@type":"Organization","@id":"https:\/\/compuviper.mx\/tienda\/#organization","name":"Compuviper","url":"https:\/\/compuviper.mx\/tienda\/","logo":{"@type":"ImageObject","inLanguage":"es-MX","@id":"https:\/\/compuviper.mx\/tienda\/#\/schema\/logo\/image\/","url":"https:\/\/compuviper.mx\/tienda\/wp-content\/uploads\/2021\/08\/Logo-Compuviper-10.png","contentUrl":"https:\/\/compuviper.mx\/tienda\/wp-content\/uploads\/2021\/08\/Logo-Compuviper-10.png","width":1000,"height":500,"caption":"Compuviper"},"image":{"@id":"https:\/\/compuviper.mx\/tienda\/#\/schema\/logo\/image\/"},"sameAs":["https:\/\/www.facebook.com\/compuviper","https:\/\/www.youtube.com\/channel\/UCf73dERp9Y3cfOq7q8BhLjA?view_as=subscriber"]}]},"product_brand":"DAHUA","product_price_amount":"1270","product_price_currency":"MXN","og_availability":"out of stock","product_availability":"out of stock","product_retailer_item_id":"SAX-FC06","product_condition":"new"},"_links":{"self":[{"href":"https:\/\/compuviper.mx\/tienda\/wp-json\/wp\/v2\/product\/267868"}],"collection":[{"href":"https:\/\/compuviper.mx\/tienda\/wp-json\/wp\/v2\/product"}],"about":[{"href":"https:\/\/compuviper.mx\/tienda\/wp-json\/wp\/v2\/types\/product"}],"replies":[{"embeddable":true,"href":"https:\/\/compuviper.mx\/tienda\/wp-json\/wp\/v2\/comments?post=267868"}],"wp:attachment":[{"href":"https:\/\/compuviper.mx\/tienda\/wp-json\/wp\/v2\/media?parent=267868"}],"wp:term":[{"taxonomy":"product_cat","embeddable":true,"href":"https:\/\/compuviper.mx\/tienda\/wp-json\/wp\/v2\/product_cat?post=267868"},{"taxonomy":"product_tag","embeddable":true,"href":"https:\/\/compuviper.mx\/tienda\/wp-json\/wp\/v2\/product_tag?post=267868"}],"curies":[{"name":"wp","href":"https:\/\/api.w.org\/{rel}","templated":true}]}}