{"id":267865,"date":"2026-04-01T23:24:44","date_gmt":"2026-04-02T05:24:44","guid":{"rendered":"https:\/\/compuviper.mx\/tienda\/producto\/dahua-dhi-asc2202bt-panel-de-control-de-acceso-para-2-puertas-2-lectoras-compatible-con-torniquetes-tcp-ip-comunicacion-rs-485-y-wiegand-100000-usuarios-y-500000-reg-soporta-interlock-ant\/"},"modified":"2026-04-01T23:24:45","modified_gmt":"2026-04-02T05:24:45","slug":"dahua-dhi-asc2202bt-panel-de-control-de-acceso-para-2-puertas-2-lectoras-compatible-con-torniquetes-tcp-ip-comunicacion-rs-485-y-wiegand-100000-usuarios-y-500000-reg-soporta-interlock-ant","status":"publish","type":"product","link":"https:\/\/compuviper.mx\/tienda\/producto\/dahua-dhi-asc2202bt-panel-de-control-de-acceso-para-2-puertas-2-lectoras-compatible-con-torniquetes-tcp-ip-comunicacion-rs-485-y-wiegand-100000-usuarios-y-500000-reg-soporta-interlock-ant\/","title":{"rendered":"Dahua Dhi-asc2202b(t) Panel De Control De Acceso   &#8211; Para 2 Puertas 2 Lectoras\/compatible Con Torniquetes\/ Tcp\/ip\/ Comunicacion Rs-485 Y Wiegand\/ 100,000 Usuarios Y 500,000 Reg\/ Soporta Interlock, Anti"},"content":{"rendered":"<table class=\"descripcion\">\n<tr>\n<td>Especificaciones tecnicas<\/td>\n<\/tr>\n<tr>\n<td>\u0095 usuarios: 100.000<\/td>\n<\/tr>\n<tr>\n<td>\u0095 huella dactilar: 3.000<\/td>\n<\/tr>\n<tr>\n<td>\u0095 tarjetas: 100.000<\/td>\n<\/tr>\n<tr>\n<td>\u0095 puerto: 3 puertos rs-485 \/ 2 wiegand \/ 1 red<\/td>\n<\/tr>\n<tr>\n<td>\u0095 fuente de alimentacion: poe estandar<\/td>\n<\/tr>\n<tr>\n<td>\u0095 consumo de energia: en espera 1,0 w en funcionamiento 13,0 w<\/td>\n<\/tr>\n<tr>\n<td>\u0095 dimensiones: 155 mm \u00d7 106 mm \u00d7 50 mm<\/td>\n<\/tr>\n<tr>\n<td>\u0095 temperatura de funcionamiento: \u0096 30\u00b0c a +60\u00b0c<\/td>\n<\/tr>\n<tr>\n<td>\u0095 humedad de funcionamiento: 5%rh\u009690%rh (sin condensacion)<\/td>\n<\/tr>\n<tr>\n<td>\u0095 peso: 0,4 kg<\/td>\n<\/tr>\n<tr>\n<td>Incluye<\/td>\n<\/tr>\n<tr>\n<td>\u0095 1 x panel de control de acceso dhi-asc2202b-s<\/td>\n<\/tr>\n<tr>\n<td>\u0095 1 x poliza de garantia.<\/td>\n<\/tr>\n<tr>\n<td>\u0095 1 x manual de usuario<\/td>\n<\/tr>\n<tr>\n<td>Principales caracteristicas<\/td>\n<\/tr>\n<tr>\n<td>\u0095 comunicacion: soporta comunicacion tcp\/ip<\/td>\n<\/tr>\n<tr>\n<td>\u0095 protocolos de comunicacion duales: rs-485 y wiegand (w26 y w34)<\/td>\n<\/tr>\n<tr>\n<td>\u0095 capacidad: 100 000 usuarios y almacena 500 000 registros de pases de tarjetas.<\/td>\n<\/tr>\n<tr>\n<td>\u0095 seguridad: interbloqueo, combinacion de grupos, anti-passback, desbloqueo remoto y mas.<\/td>\n<\/tr>\n<tr>\n<td>\u0095 alarmas: alarma de manipulacion del lector de tarjetas, alarma de intrusion, alarma de tiempo de espera del sensor de puerta, alarma de coaccion, alarma de umbral de superacion de tarjeta ilegal y alarma de contrasena incorrecta<\/td>\n<\/tr>\n<tr>\n<td>\u0095 admite fuente de alimentacion poe<\/td>\n<\/tr>\n<\/table>\n","protected":false},"excerpt":{"rendered":"<p>Informacion general. El dahua dhi-asc2202b(t) es panel de control de acceso disenado para gestionar hasta 2 puertas y 2 lectoras, compatible con torniquetes dahua. Soporta comunicacion tcp\/ip, rs-485 y wiegand, permitiendo una integracion flexible en diversas infraestructuras de seguridad. Este panel maneja hasta 100,000 usuarios y almacena 500,000 registros, ofreciendo caracteristicas avanzadas como interlock, anti-passback y desbloqueo remoto para una mayor seguridad y control de acceso eficiente. Ideal para aplicaciones en entornos empresariales y comerciales, garantiza un control de acceso robusto y confiable.<\/p>\n","protected":false},"featured_media":0,"comment_status":"open","ping_status":"open","template":"","meta":[],"product_cat":[1540,1910],"product_tag":[1555],"acf":[],"yoast_head":"<!-- This site is optimized with the Yoast SEO plugin v21.7 - https:\/\/yoast.com\/wordpress\/plugins\/seo\/ -->\n<title>[ Dahua ] &#129351; Dhi-asc2202b(t) Panel De Control De Acceso - Para 2 Puertas 2 Lectoras\/compatible Con Torniquetes\/ Tcp\/ip\/ Comunicacion Rs-485 Y Wiegand\/ 100,000 Usuarios Y 500,000 Reg\/ Soporta Interlock, Anti<\/title>\n<meta name=\"description\" content=\"Compra Dhi-asc2202b(t) Panel De Control De Acceso - Para 2 Puertas 2 Lectoras\/compatible Con Torniquetes\/ Tcp\/ip\/ Comunicacion Rs-485 Y Wiegand\/ 100,000 Usuarios Y 500,000 Reg\/ Soporta Interlock, Anti + Env\u00edo a domicilio + Pago seguro + Garant\u00eda\" \/>\n<meta name=\"robots\" content=\"index, follow, max-snippet:-1, max-image-preview:large, max-video-preview:-1\" \/>\n<link rel=\"canonical\" href=\"https:\/\/compuviper.mx\/tienda\/producto\/dahua-dhi-asc2202bt-panel-de-control-de-acceso-para-2-puertas-2-lectoras-compatible-con-torniquetes-tcp-ip-comunicacion-rs-485-y-wiegand-100000-usuarios-y-500000-reg-soporta-interlock-ant\/\" \/>\n<meta property=\"og:locale\" content=\"es_MX\" \/>\n<meta property=\"og:type\" content=\"article\" \/>\n<meta property=\"og:title\" content=\"[ Dahua ] &#129351; Dhi-asc2202b(t) Panel De Control De Acceso - Para 2 Puertas 2 Lectoras\/compatible Con Torniquetes\/ Tcp\/ip\/ Comunicacion Rs-485 Y Wiegand\/ 100,000 Usuarios Y 500,000 Reg\/ Soporta Interlock, Anti\" \/>\n<meta property=\"og:description\" content=\"Compra Dhi-asc2202b(t) Panel De Control De Acceso - Para 2 Puertas 2 Lectoras\/compatible Con Torniquetes\/ Tcp\/ip\/ Comunicacion Rs-485 Y Wiegand\/ 100,000 Usuarios Y 500,000 Reg\/ Soporta Interlock, Anti + Env\u00edo a domicilio + Pago seguro + Garant\u00eda\" \/>\n<meta property=\"og:url\" content=\"https:\/\/compuviper.mx\/tienda\/producto\/dahua-dhi-asc2202bt-panel-de-control-de-acceso-para-2-puertas-2-lectoras-compatible-con-torniquetes-tcp-ip-comunicacion-rs-485-y-wiegand-100000-usuarios-y-500000-reg-soporta-interlock-ant\/\" \/>\n<meta property=\"og:site_name\" content=\"Compuviper\" \/>\n<meta property=\"article:publisher\" content=\"https:\/\/www.facebook.com\/compuviper\" \/>\n<meta property=\"article:modified_time\" content=\"2026-04-02T05:24:45+00:00\" \/>\n<meta name=\"twitter:card\" content=\"summary_large_image\" \/>\n<meta name=\"twitter:label1\" content=\"Precio\" \/>\n\t<meta name=\"twitter:data1\" content=\"&#36;1,035 con IVA\" \/>\n\t<meta name=\"twitter:label2\" content=\"Availability\" \/>\n\t<meta name=\"twitter:data2\" content=\"Out of stock\" \/>\n<script type=\"application\/ld+json\" class=\"yoast-schema-graph\">{\"@context\":\"https:\/\/schema.org\",\"@graph\":[{\"@type\":\"WebPage\",\"@id\":\"https:\/\/compuviper.mx\/tienda\/producto\/dahua-dhi-asc2202bt-panel-de-control-de-acceso-para-2-puertas-2-lectoras-compatible-con-torniquetes-tcp-ip-comunicacion-rs-485-y-wiegand-100000-usuarios-y-500000-reg-soporta-interlock-ant\/\",\"url\":\"https:\/\/compuviper.mx\/tienda\/producto\/dahua-dhi-asc2202bt-panel-de-control-de-acceso-para-2-puertas-2-lectoras-compatible-con-torniquetes-tcp-ip-comunicacion-rs-485-y-wiegand-100000-usuarios-y-500000-reg-soporta-interlock-ant\/\",\"name\":\"[ Dahua ] &#129351; Dhi-asc2202b(t) Panel De Control De Acceso - Para 2 Puertas 2 Lectoras\/compatible Con Torniquetes\/ Tcp\/ip\/ Comunicacion Rs-485 Y Wiegand\/ 100,000 Usuarios Y 500,000 Reg\/ Soporta Interlock, Anti\",\"isPartOf\":{\"@id\":\"https:\/\/compuviper.mx\/tienda\/#website\"},\"datePublished\":\"2026-04-02T05:24:44+00:00\",\"dateModified\":\"2026-04-02T05:24:45+00:00\",\"description\":\"Compra Dhi-asc2202b(t) Panel De Control De Acceso - Para 2 Puertas 2 Lectoras\/compatible Con Torniquetes\/ Tcp\/ip\/ Comunicacion Rs-485 Y Wiegand\/ 100,000 Usuarios Y 500,000 Reg\/ Soporta Interlock, Anti + Env\u00edo a domicilio + Pago seguro + Garant\u00eda\",\"breadcrumb\":{\"@id\":\"https:\/\/compuviper.mx\/tienda\/producto\/dahua-dhi-asc2202bt-panel-de-control-de-acceso-para-2-puertas-2-lectoras-compatible-con-torniquetes-tcp-ip-comunicacion-rs-485-y-wiegand-100000-usuarios-y-500000-reg-soporta-interlock-ant\/#breadcrumb\"},\"inLanguage\":\"es-MX\",\"potentialAction\":[{\"@type\":\"ReadAction\",\"target\":[\"https:\/\/compuviper.mx\/tienda\/producto\/dahua-dhi-asc2202bt-panel-de-control-de-acceso-para-2-puertas-2-lectoras-compatible-con-torniquetes-tcp-ip-comunicacion-rs-485-y-wiegand-100000-usuarios-y-500000-reg-soporta-interlock-ant\/\"]}]},{\"@type\":\"BreadcrumbList\",\"@id\":\"https:\/\/compuviper.mx\/tienda\/producto\/dahua-dhi-asc2202bt-panel-de-control-de-acceso-para-2-puertas-2-lectoras-compatible-con-torniquetes-tcp-ip-comunicacion-rs-485-y-wiegand-100000-usuarios-y-500000-reg-soporta-interlock-ant\/#breadcrumb\",\"itemListElement\":[{\"@type\":\"ListItem\",\"position\":1,\"name\":\"Inicio\",\"item\":\"https:\/\/compuviper.mx\/tienda\/\"},{\"@type\":\"ListItem\",\"position\":2,\"name\":\"Productos\",\"item\":\"https:\/\/compuviper.mx\/tienda\/productos\/\"},{\"@type\":\"ListItem\",\"position\":3,\"name\":\"Control De Acceso Y Asistencia\",\"item\":\"https:\/\/compuviper.mx\/tienda\/categoria-producto\/control-de-acceso-y-asistencia\/\"},{\"@type\":\"ListItem\",\"position\":4,\"name\":\"Panel De Control De Acceso\",\"item\":\"https:\/\/compuviper.mx\/tienda\/categoria-producto\/control-de-acceso-y-asistencia\/panel-de-control-de-acceso\/\"},{\"@type\":\"ListItem\",\"position\":5,\"name\":\"Dahua Dhi-asc2202b(t) Panel De Control De Acceso &#8211; Para 2 Puertas 2 Lectoras\/compatible Con Torniquetes\/ Tcp\/ip\/ Comunicacion Rs-485 Y Wiegand\/ 100,000 Usuarios Y 500,000 Reg\/ Soporta Interlock, Anti\"}]},{\"@type\":\"WebSite\",\"@id\":\"https:\/\/compuviper.mx\/tienda\/#website\",\"url\":\"https:\/\/compuviper.mx\/tienda\/\",\"name\":\"Compuviper\",\"description\":\"Proveedor de Computadoras, Laptops, Servidores, Monitores, Puntos de Venta, Teclados,   Impresoras, T\u00f3ner, C\u00e1maras de Seguridad y m\u00e1s en tu tienda en l\u00ednea\",\"publisher\":{\"@id\":\"https:\/\/compuviper.mx\/tienda\/#organization\"},\"potentialAction\":[{\"@type\":\"SearchAction\",\"target\":{\"@type\":\"EntryPoint\",\"urlTemplate\":\"https:\/\/compuviper.mx\/tienda\/?s={search_term_string}\"},\"query-input\":\"required name=search_term_string\"}],\"inLanguage\":\"es-MX\"},{\"@type\":\"Organization\",\"@id\":\"https:\/\/compuviper.mx\/tienda\/#organization\",\"name\":\"Compuviper\",\"url\":\"https:\/\/compuviper.mx\/tienda\/\",\"logo\":{\"@type\":\"ImageObject\",\"inLanguage\":\"es-MX\",\"@id\":\"https:\/\/compuviper.mx\/tienda\/#\/schema\/logo\/image\/\",\"url\":\"https:\/\/compuviper.mx\/tienda\/wp-content\/uploads\/2021\/08\/Logo-Compuviper-10.png\",\"contentUrl\":\"https:\/\/compuviper.mx\/tienda\/wp-content\/uploads\/2021\/08\/Logo-Compuviper-10.png\",\"width\":1000,\"height\":500,\"caption\":\"Compuviper\"},\"image\":{\"@id\":\"https:\/\/compuviper.mx\/tienda\/#\/schema\/logo\/image\/\"},\"sameAs\":[\"https:\/\/www.facebook.com\/compuviper\",\"https:\/\/www.youtube.com\/channel\/UCf73dERp9Y3cfOq7q8BhLjA?view_as=subscriber\"]}]}<\/script>\n<meta property=\"product:brand\" content=\"DAHUA\" \/>\n<meta property=\"product:price:amount\" content=\"1035\" \/>\n<meta property=\"product:price:currency\" content=\"MXN\" \/>\n<meta property=\"og:availability\" content=\"out of stock\" \/>\n<meta property=\"product:availability\" content=\"out of stock\" \/>\n<meta property=\"product:retailer_item_id\" content=\"DHI-ASC2202B(T)\" \/>\n<meta property=\"product:condition\" content=\"new\" \/>\n<!-- \/ Yoast SEO plugin. -->","yoast_head_json":{"title":"[ Dahua ] &#129351; Dhi-asc2202b(t) Panel De Control De Acceso - Para 2 Puertas 2 Lectoras\/compatible Con Torniquetes\/ Tcp\/ip\/ Comunicacion Rs-485 Y Wiegand\/ 100,000 Usuarios Y 500,000 Reg\/ Soporta Interlock, Anti","description":"Compra Dhi-asc2202b(t) Panel De Control De Acceso - Para 2 Puertas 2 Lectoras\/compatible Con Torniquetes\/ Tcp\/ip\/ Comunicacion Rs-485 Y Wiegand\/ 100,000 Usuarios Y 500,000 Reg\/ Soporta Interlock, Anti + Env\u00edo a domicilio + Pago seguro + Garant\u00eda","robots":{"index":"index","follow":"follow","max-snippet":"max-snippet:-1","max-image-preview":"max-image-preview:large","max-video-preview":"max-video-preview:-1"},"canonical":"https:\/\/compuviper.mx\/tienda\/producto\/dahua-dhi-asc2202bt-panel-de-control-de-acceso-para-2-puertas-2-lectoras-compatible-con-torniquetes-tcp-ip-comunicacion-rs-485-y-wiegand-100000-usuarios-y-500000-reg-soporta-interlock-ant\/","og_locale":"es_MX","og_type":"article","og_title":"[ Dahua ] &#129351; Dhi-asc2202b(t) Panel De Control De Acceso - Para 2 Puertas 2 Lectoras\/compatible Con Torniquetes\/ Tcp\/ip\/ Comunicacion Rs-485 Y Wiegand\/ 100,000 Usuarios Y 500,000 Reg\/ Soporta Interlock, Anti","og_description":"Compra Dhi-asc2202b(t) Panel De Control De Acceso - Para 2 Puertas 2 Lectoras\/compatible Con Torniquetes\/ Tcp\/ip\/ Comunicacion Rs-485 Y Wiegand\/ 100,000 Usuarios Y 500,000 Reg\/ Soporta Interlock, Anti + Env\u00edo a domicilio + Pago seguro + Garant\u00eda","og_url":"https:\/\/compuviper.mx\/tienda\/producto\/dahua-dhi-asc2202bt-panel-de-control-de-acceso-para-2-puertas-2-lectoras-compatible-con-torniquetes-tcp-ip-comunicacion-rs-485-y-wiegand-100000-usuarios-y-500000-reg-soporta-interlock-ant\/","og_site_name":"Compuviper","article_publisher":"https:\/\/www.facebook.com\/compuviper","article_modified_time":"2026-04-02T05:24:45+00:00","twitter_card":"summary_large_image","twitter_misc":{"Precio":"&#36;1,035 con IVA","Availability":"Out of stock"},"schema":{"@context":"https:\/\/schema.org","@graph":[{"@type":"WebPage","@id":"https:\/\/compuviper.mx\/tienda\/producto\/dahua-dhi-asc2202bt-panel-de-control-de-acceso-para-2-puertas-2-lectoras-compatible-con-torniquetes-tcp-ip-comunicacion-rs-485-y-wiegand-100000-usuarios-y-500000-reg-soporta-interlock-ant\/","url":"https:\/\/compuviper.mx\/tienda\/producto\/dahua-dhi-asc2202bt-panel-de-control-de-acceso-para-2-puertas-2-lectoras-compatible-con-torniquetes-tcp-ip-comunicacion-rs-485-y-wiegand-100000-usuarios-y-500000-reg-soporta-interlock-ant\/","name":"[ Dahua ] &#129351; Dhi-asc2202b(t) Panel De Control De Acceso - Para 2 Puertas 2 Lectoras\/compatible Con Torniquetes\/ Tcp\/ip\/ Comunicacion Rs-485 Y Wiegand\/ 100,000 Usuarios Y 500,000 Reg\/ Soporta Interlock, Anti","isPartOf":{"@id":"https:\/\/compuviper.mx\/tienda\/#website"},"datePublished":"2026-04-02T05:24:44+00:00","dateModified":"2026-04-02T05:24:45+00:00","description":"Compra Dhi-asc2202b(t) Panel De Control De Acceso - Para 2 Puertas 2 Lectoras\/compatible Con Torniquetes\/ Tcp\/ip\/ Comunicacion Rs-485 Y Wiegand\/ 100,000 Usuarios Y 500,000 Reg\/ Soporta Interlock, Anti + Env\u00edo a domicilio + Pago seguro + Garant\u00eda","breadcrumb":{"@id":"https:\/\/compuviper.mx\/tienda\/producto\/dahua-dhi-asc2202bt-panel-de-control-de-acceso-para-2-puertas-2-lectoras-compatible-con-torniquetes-tcp-ip-comunicacion-rs-485-y-wiegand-100000-usuarios-y-500000-reg-soporta-interlock-ant\/#breadcrumb"},"inLanguage":"es-MX","potentialAction":[{"@type":"ReadAction","target":["https:\/\/compuviper.mx\/tienda\/producto\/dahua-dhi-asc2202bt-panel-de-control-de-acceso-para-2-puertas-2-lectoras-compatible-con-torniquetes-tcp-ip-comunicacion-rs-485-y-wiegand-100000-usuarios-y-500000-reg-soporta-interlock-ant\/"]}]},{"@type":"BreadcrumbList","@id":"https:\/\/compuviper.mx\/tienda\/producto\/dahua-dhi-asc2202bt-panel-de-control-de-acceso-para-2-puertas-2-lectoras-compatible-con-torniquetes-tcp-ip-comunicacion-rs-485-y-wiegand-100000-usuarios-y-500000-reg-soporta-interlock-ant\/#breadcrumb","itemListElement":[{"@type":"ListItem","position":1,"name":"Inicio","item":"https:\/\/compuviper.mx\/tienda\/"},{"@type":"ListItem","position":2,"name":"Productos","item":"https:\/\/compuviper.mx\/tienda\/productos\/"},{"@type":"ListItem","position":3,"name":"Control De Acceso Y Asistencia","item":"https:\/\/compuviper.mx\/tienda\/categoria-producto\/control-de-acceso-y-asistencia\/"},{"@type":"ListItem","position":4,"name":"Panel De Control De Acceso","item":"https:\/\/compuviper.mx\/tienda\/categoria-producto\/control-de-acceso-y-asistencia\/panel-de-control-de-acceso\/"},{"@type":"ListItem","position":5,"name":"Dahua Dhi-asc2202b(t) Panel De Control De Acceso &#8211; Para 2 Puertas 2 Lectoras\/compatible Con Torniquetes\/ Tcp\/ip\/ Comunicacion Rs-485 Y Wiegand\/ 100,000 Usuarios Y 500,000 Reg\/ Soporta Interlock, Anti"}]},{"@type":"WebSite","@id":"https:\/\/compuviper.mx\/tienda\/#website","url":"https:\/\/compuviper.mx\/tienda\/","name":"Compuviper","description":"Proveedor de Computadoras, Laptops, Servidores, Monitores, Puntos de Venta, Teclados,   Impresoras, T\u00f3ner, C\u00e1maras de Seguridad y m\u00e1s en tu tienda en l\u00ednea","publisher":{"@id":"https:\/\/compuviper.mx\/tienda\/#organization"},"potentialAction":[{"@type":"SearchAction","target":{"@type":"EntryPoint","urlTemplate":"https:\/\/compuviper.mx\/tienda\/?s={search_term_string}"},"query-input":"required name=search_term_string"}],"inLanguage":"es-MX"},{"@type":"Organization","@id":"https:\/\/compuviper.mx\/tienda\/#organization","name":"Compuviper","url":"https:\/\/compuviper.mx\/tienda\/","logo":{"@type":"ImageObject","inLanguage":"es-MX","@id":"https:\/\/compuviper.mx\/tienda\/#\/schema\/logo\/image\/","url":"https:\/\/compuviper.mx\/tienda\/wp-content\/uploads\/2021\/08\/Logo-Compuviper-10.png","contentUrl":"https:\/\/compuviper.mx\/tienda\/wp-content\/uploads\/2021\/08\/Logo-Compuviper-10.png","width":1000,"height":500,"caption":"Compuviper"},"image":{"@id":"https:\/\/compuviper.mx\/tienda\/#\/schema\/logo\/image\/"},"sameAs":["https:\/\/www.facebook.com\/compuviper","https:\/\/www.youtube.com\/channel\/UCf73dERp9Y3cfOq7q8BhLjA?view_as=subscriber"]}]},"product_brand":"DAHUA","product_price_amount":"1035","product_price_currency":"MXN","og_availability":"out of stock","product_availability":"out of stock","product_retailer_item_id":"DHI-ASC2202B(T)","product_condition":"new"},"_links":{"self":[{"href":"https:\/\/compuviper.mx\/tienda\/wp-json\/wp\/v2\/product\/267865"}],"collection":[{"href":"https:\/\/compuviper.mx\/tienda\/wp-json\/wp\/v2\/product"}],"about":[{"href":"https:\/\/compuviper.mx\/tienda\/wp-json\/wp\/v2\/types\/product"}],"replies":[{"embeddable":true,"href":"https:\/\/compuviper.mx\/tienda\/wp-json\/wp\/v2\/comments?post=267865"}],"wp:attachment":[{"href":"https:\/\/compuviper.mx\/tienda\/wp-json\/wp\/v2\/media?parent=267865"}],"wp:term":[{"taxonomy":"product_cat","embeddable":true,"href":"https:\/\/compuviper.mx\/tienda\/wp-json\/wp\/v2\/product_cat?post=267865"},{"taxonomy":"product_tag","embeddable":true,"href":"https:\/\/compuviper.mx\/tienda\/wp-json\/wp\/v2\/product_tag?post=267865"}],"curies":[{"name":"wp","href":"https:\/\/api.w.org\/{rel}","templated":true}]}}