{"id":267858,"date":"2026-04-01T23:24:33","date_gmt":"2026-04-02T05:24:33","guid":{"rendered":"https:\/\/compuviper.mx\/tienda\/producto\/tp-link-poe370s-inyector-poe-tp-link-2-puertos-rj45-de-10-mbps-100-mbps-1-gbps-25-gbps-5-gbps-10-gbps\/"},"modified":"2026-04-01T23:24:33","modified_gmt":"2026-04-02T05:24:33","slug":"tp-link-poe370s-inyector-poe-tp-link-2-puertos-rj45-de-10-mbps-100-mbps-1-gbps-25-gbps-5-gbps-10-gbps","status":"publish","type":"product","link":"https:\/\/compuviper.mx\/tienda\/producto\/tp-link-poe370s-inyector-poe-tp-link-2-puertos-rj45-de-10-mbps-100-mbps-1-gbps-25-gbps-5-gbps-10-gbps\/","title":{"rendered":"Tp Link Poe370s Inyector Poe | Tp-link |  | 2 Puertos Rj45 De 10 Mbps\/100 Mbps\/1 Gbps\/2,5 Gbps\/5 Gbps\/10 Gbps"},"content":{"rendered":"<table class=\"descripcion\">\n<tr>\n<td>Caracter\u00edsticas de hardware<\/td>\n<\/tr>\n<tr>\n<td>Est\u00e1ndares y protocolos<\/td>\n<\/tr>\n<tr>\n<td>Ieee 802.3i, ieee 802.3u, ieee 802.3ab, ieee 802.3af, ieee 802.3at, ieee 802.3bt, ieee 802.3bz, ieee 802.3an<\/td>\n<\/tr>\n<tr>\n<td>Interfaz<\/td>\n<\/tr>\n<tr>\n<td>2 \u00d7 10mbps\/100mbps\/1gbps\/2.5gbps\/5gbps\/10gbps rj45 ports<\/td>\n<\/tr>\n<tr>\n<td>Medios de red<\/td>\n<\/tr>\n<tr>\n<td>\u0095 10base-t\/100base-tx: utp category 5 cable or above (maximum 100 m)<\/td>\n<\/tr>\n<tr>\n<td>\u0095 1000base-t\/2.5gbase-t: utp category 5e cable or above (maximum 100 m)<\/td>\n<\/tr>\n<tr>\n<td>\u0095 5gbase-t: utp category 5e cable or above (maximum 100 m)<\/td>\n<\/tr>\n<tr>\n<td>\u0095 10gbase-t: utp category 6 cable or above (maximum 50 m)<\/td>\n<\/tr>\n<tr>\n<td>Stp category 6a cable or above (maximum 90 m)<\/td>\n<\/tr>\n<tr>\n<td>Consumo de potencia<\/td>\n<\/tr>\n<tr>\n<td>60 w<\/td>\n<\/tr>\n<tr>\n<td>Led<\/td>\n<\/tr>\n<tr>\n<td>Pwr, poe<\/td>\n<\/tr>\n<tr>\n<td>Dimensiones<\/td>\n<\/tr>\n<tr>\n<td>154.7 \u00d7 70 \u00d7 42 mm (6.09 \u00d7 2.76 \u00d7 1.65 in)<\/td>\n<\/tr>\n<tr>\n<td>Otros<\/td>\n<\/tr>\n<tr>\n<td>Certificaciones<\/td>\n<\/tr>\n<tr>\n<td>Fcc, ce<\/td>\n<\/tr>\n<tr>\n<td>Contenido del paquete<\/td>\n<\/tr>\n<tr>\n<td>\u0095 poe370s<\/td>\n<\/tr>\n<tr>\n<td>\u0095 power cord<\/td>\n<\/tr>\n<tr>\n<td>\u0095 installation guide<\/td>\n<\/tr>\n<tr>\n<td>Factores ambientales<\/td>\n<\/tr>\n<tr>\n<td>\u0095 operating temperature: -5\u00b0c to 45\u00b0c (23\u00b0f to 113\u00b0f)<\/td>\n<\/tr>\n<tr>\n<td>\u0095 storage temperature: -40\u00b0c to 70\u00b0c (-40\u00b0f to 158\u00b0f)<\/td>\n<\/tr>\n<tr>\n<td>\u0095 operating humidity: 10% to 90%rh non-condensing<\/td>\n<\/tr>\n<tr>\n<td>\u0095 storage humidity: 5% to 90%rh non-condensing<\/td>\n<\/tr>\n<\/table>\n","protected":false},"excerpt":{"rendered":"<p>-2 \u00d7 puertos rj45 10mbps\/100mbps\/1gbps\/2.5gbps\/5gbps\/10gbps para garantizar una. Transmisi\u00f3n m\u00e1s r\u00e1pida. -cumple con los est\u00e1ndares ieee802.3af\/at\/bt, suministra hasta 60 w. -reduce los costes de infraestructura al transmitir datos y energ\u00eda simult\u00e1neamente mediante un cable ethernet. -determina y suministra autom\u00e1ticamente la potencia exacta necesaria para el dispositivo. -dise\u00f1o para montaje en pared y escritorio que se adapta a la mayor\u00eda de escenarios de instalaci\u00f3n. -instalaci\u00f3n plug  and  play, sin necesidad de configuraci\u00f3n. -fuente de alimentaci\u00f3n integrada. -carcasa met\u00e1lica resistente<\/p>\n","protected":false},"featured_media":0,"comment_status":"open","ping_status":"open","template":"","meta":[],"product_cat":[1485,1581],"product_tag":[1562],"acf":[],"yoast_head":"<!-- This site is optimized with the Yoast SEO plugin v21.7 - https:\/\/yoast.com\/wordpress\/plugins\/seo\/ -->\n<title>[ Tp Link ] &#129351; Poe370s Inyector Poe | Tp-link | | 2 Puertos Rj45 De 10 Mbps\/100 Mbps\/1 Gbps\/2,5 Gbps\/5 Gbps\/10 Gbps<\/title>\n<meta name=\"description\" content=\"Compra Poe370s Inyector Poe | Tp-link | | 2 Puertos Rj45 De 10 Mbps\/100 Mbps\/1 Gbps\/2,5 Gbps\/5 Gbps\/10 Gbps + Env\u00edo a domicilio + Pago seguro + Garant\u00eda\" \/>\n<meta name=\"robots\" content=\"index, follow, max-snippet:-1, max-image-preview:large, max-video-preview:-1\" \/>\n<link rel=\"canonical\" href=\"https:\/\/compuviper.mx\/tienda\/producto\/tp-link-poe370s-inyector-poe-tp-link-2-puertos-rj45-de-10-mbps-100-mbps-1-gbps-25-gbps-5-gbps-10-gbps\/\" \/>\n<meta property=\"og:locale\" content=\"es_MX\" \/>\n<meta property=\"og:type\" content=\"article\" \/>\n<meta property=\"og:title\" content=\"[ Tp Link ] &#129351; Poe370s Inyector Poe | Tp-link | | 2 Puertos Rj45 De 10 Mbps\/100 Mbps\/1 Gbps\/2,5 Gbps\/5 Gbps\/10 Gbps\" \/>\n<meta property=\"og:description\" content=\"Compra Poe370s Inyector Poe | Tp-link | | 2 Puertos Rj45 De 10 Mbps\/100 Mbps\/1 Gbps\/2,5 Gbps\/5 Gbps\/10 Gbps + Env\u00edo a domicilio + Pago seguro + Garant\u00eda\" \/>\n<meta property=\"og:url\" content=\"https:\/\/compuviper.mx\/tienda\/producto\/tp-link-poe370s-inyector-poe-tp-link-2-puertos-rj45-de-10-mbps-100-mbps-1-gbps-25-gbps-5-gbps-10-gbps\/\" \/>\n<meta property=\"og:site_name\" content=\"Compuviper\" \/>\n<meta property=\"article:publisher\" content=\"https:\/\/www.facebook.com\/compuviper\" \/>\n<meta name=\"twitter:card\" content=\"summary_large_image\" \/>\n<meta name=\"twitter:label1\" content=\"Precio\" \/>\n\t<meta name=\"twitter:data1\" content=\"&#36;830 con IVA\" \/>\n\t<meta name=\"twitter:label2\" content=\"Availability\" \/>\n\t<meta name=\"twitter:data2\" content=\"On backorder\" \/>\n<script type=\"application\/ld+json\" class=\"yoast-schema-graph\">{\"@context\":\"https:\/\/schema.org\",\"@graph\":[{\"@type\":\"WebPage\",\"@id\":\"https:\/\/compuviper.mx\/tienda\/producto\/tp-link-poe370s-inyector-poe-tp-link-2-puertos-rj45-de-10-mbps-100-mbps-1-gbps-25-gbps-5-gbps-10-gbps\/\",\"url\":\"https:\/\/compuviper.mx\/tienda\/producto\/tp-link-poe370s-inyector-poe-tp-link-2-puertos-rj45-de-10-mbps-100-mbps-1-gbps-25-gbps-5-gbps-10-gbps\/\",\"name\":\"[ Tp Link ] &#129351; Poe370s Inyector Poe | Tp-link | | 2 Puertos Rj45 De 10 Mbps\/100 Mbps\/1 Gbps\/2,5 Gbps\/5 Gbps\/10 Gbps\",\"isPartOf\":{\"@id\":\"https:\/\/compuviper.mx\/tienda\/#website\"},\"datePublished\":\"2026-04-02T05:24:33+00:00\",\"dateModified\":\"2026-04-02T05:24:33+00:00\",\"description\":\"Compra Poe370s Inyector Poe | Tp-link | | 2 Puertos Rj45 De 10 Mbps\/100 Mbps\/1 Gbps\/2,5 Gbps\/5 Gbps\/10 Gbps + Env\u00edo a domicilio + Pago seguro + Garant\u00eda\",\"breadcrumb\":{\"@id\":\"https:\/\/compuviper.mx\/tienda\/producto\/tp-link-poe370s-inyector-poe-tp-link-2-puertos-rj45-de-10-mbps-100-mbps-1-gbps-25-gbps-5-gbps-10-gbps\/#breadcrumb\"},\"inLanguage\":\"es-MX\",\"potentialAction\":[{\"@type\":\"ReadAction\",\"target\":[\"https:\/\/compuviper.mx\/tienda\/producto\/tp-link-poe370s-inyector-poe-tp-link-2-puertos-rj45-de-10-mbps-100-mbps-1-gbps-25-gbps-5-gbps-10-gbps\/\"]}]},{\"@type\":\"BreadcrumbList\",\"@id\":\"https:\/\/compuviper.mx\/tienda\/producto\/tp-link-poe370s-inyector-poe-tp-link-2-puertos-rj45-de-10-mbps-100-mbps-1-gbps-25-gbps-5-gbps-10-gbps\/#breadcrumb\",\"itemListElement\":[{\"@type\":\"ListItem\",\"position\":1,\"name\":\"Inicio\",\"item\":\"https:\/\/compuviper.mx\/tienda\/\"},{\"@type\":\"ListItem\",\"position\":2,\"name\":\"Productos\",\"item\":\"https:\/\/compuviper.mx\/tienda\/productos\/\"},{\"@type\":\"ListItem\",\"position\":3,\"name\":\"Accesorios\",\"item\":\"https:\/\/compuviper.mx\/tienda\/categoria-producto\/accesorios\/\"},{\"@type\":\"ListItem\",\"position\":4,\"name\":\"Redes\",\"item\":\"https:\/\/compuviper.mx\/tienda\/categoria-producto\/accesorios\/redes-accesorios\/\"},{\"@type\":\"ListItem\",\"position\":5,\"name\":\"Tp Link Poe370s Inyector Poe | Tp-link | | 2 Puertos Rj45 De 10 Mbps\/100 Mbps\/1 Gbps\/2,5 Gbps\/5 Gbps\/10 Gbps\"}]},{\"@type\":\"WebSite\",\"@id\":\"https:\/\/compuviper.mx\/tienda\/#website\",\"url\":\"https:\/\/compuviper.mx\/tienda\/\",\"name\":\"Compuviper\",\"description\":\"Proveedor de Computadoras, Laptops, Servidores, Monitores, Puntos de Venta, Teclados,   Impresoras, T\u00f3ner, C\u00e1maras de Seguridad y m\u00e1s en tu tienda en l\u00ednea\",\"publisher\":{\"@id\":\"https:\/\/compuviper.mx\/tienda\/#organization\"},\"potentialAction\":[{\"@type\":\"SearchAction\",\"target\":{\"@type\":\"EntryPoint\",\"urlTemplate\":\"https:\/\/compuviper.mx\/tienda\/?s={search_term_string}\"},\"query-input\":\"required name=search_term_string\"}],\"inLanguage\":\"es-MX\"},{\"@type\":\"Organization\",\"@id\":\"https:\/\/compuviper.mx\/tienda\/#organization\",\"name\":\"Compuviper\",\"url\":\"https:\/\/compuviper.mx\/tienda\/\",\"logo\":{\"@type\":\"ImageObject\",\"inLanguage\":\"es-MX\",\"@id\":\"https:\/\/compuviper.mx\/tienda\/#\/schema\/logo\/image\/\",\"url\":\"https:\/\/compuviper.mx\/tienda\/wp-content\/uploads\/2021\/08\/Logo-Compuviper-10.png\",\"contentUrl\":\"https:\/\/compuviper.mx\/tienda\/wp-content\/uploads\/2021\/08\/Logo-Compuviper-10.png\",\"width\":1000,\"height\":500,\"caption\":\"Compuviper\"},\"image\":{\"@id\":\"https:\/\/compuviper.mx\/tienda\/#\/schema\/logo\/image\/\"},\"sameAs\":[\"https:\/\/www.facebook.com\/compuviper\",\"https:\/\/www.youtube.com\/channel\/UCf73dERp9Y3cfOq7q8BhLjA?view_as=subscriber\"]}]}<\/script>\n<meta property=\"product:brand\" content=\"TP LINK\" \/>\n<meta property=\"product:price:amount\" content=\"830\" \/>\n<meta property=\"product:price:currency\" content=\"MXN\" \/>\n<meta property=\"og:availability\" content=\"backorder\" \/>\n<meta property=\"product:availability\" content=\"available for order\" \/>\n<meta property=\"product:retailer_item_id\" content=\"POE370S\" \/>\n<meta property=\"product:condition\" content=\"new\" \/>\n<!-- \/ Yoast SEO plugin. -->","yoast_head_json":{"title":"[ Tp Link ] &#129351; Poe370s Inyector Poe | Tp-link | | 2 Puertos Rj45 De 10 Mbps\/100 Mbps\/1 Gbps\/2,5 Gbps\/5 Gbps\/10 Gbps","description":"Compra Poe370s Inyector Poe | Tp-link | | 2 Puertos Rj45 De 10 Mbps\/100 Mbps\/1 Gbps\/2,5 Gbps\/5 Gbps\/10 Gbps + Env\u00edo a domicilio + Pago seguro + Garant\u00eda","robots":{"index":"index","follow":"follow","max-snippet":"max-snippet:-1","max-image-preview":"max-image-preview:large","max-video-preview":"max-video-preview:-1"},"canonical":"https:\/\/compuviper.mx\/tienda\/producto\/tp-link-poe370s-inyector-poe-tp-link-2-puertos-rj45-de-10-mbps-100-mbps-1-gbps-25-gbps-5-gbps-10-gbps\/","og_locale":"es_MX","og_type":"article","og_title":"[ Tp Link ] &#129351; Poe370s Inyector Poe | Tp-link | | 2 Puertos Rj45 De 10 Mbps\/100 Mbps\/1 Gbps\/2,5 Gbps\/5 Gbps\/10 Gbps","og_description":"Compra Poe370s Inyector Poe | Tp-link | | 2 Puertos Rj45 De 10 Mbps\/100 Mbps\/1 Gbps\/2,5 Gbps\/5 Gbps\/10 Gbps + Env\u00edo a domicilio + Pago seguro + Garant\u00eda","og_url":"https:\/\/compuviper.mx\/tienda\/producto\/tp-link-poe370s-inyector-poe-tp-link-2-puertos-rj45-de-10-mbps-100-mbps-1-gbps-25-gbps-5-gbps-10-gbps\/","og_site_name":"Compuviper","article_publisher":"https:\/\/www.facebook.com\/compuviper","twitter_card":"summary_large_image","twitter_misc":{"Precio":"&#36;830 con IVA","Availability":"On backorder"},"schema":{"@context":"https:\/\/schema.org","@graph":[{"@type":"WebPage","@id":"https:\/\/compuviper.mx\/tienda\/producto\/tp-link-poe370s-inyector-poe-tp-link-2-puertos-rj45-de-10-mbps-100-mbps-1-gbps-25-gbps-5-gbps-10-gbps\/","url":"https:\/\/compuviper.mx\/tienda\/producto\/tp-link-poe370s-inyector-poe-tp-link-2-puertos-rj45-de-10-mbps-100-mbps-1-gbps-25-gbps-5-gbps-10-gbps\/","name":"[ Tp Link ] &#129351; Poe370s Inyector Poe | Tp-link | | 2 Puertos Rj45 De 10 Mbps\/100 Mbps\/1 Gbps\/2,5 Gbps\/5 Gbps\/10 Gbps","isPartOf":{"@id":"https:\/\/compuviper.mx\/tienda\/#website"},"datePublished":"2026-04-02T05:24:33+00:00","dateModified":"2026-04-02T05:24:33+00:00","description":"Compra Poe370s Inyector Poe | Tp-link | | 2 Puertos Rj45 De 10 Mbps\/100 Mbps\/1 Gbps\/2,5 Gbps\/5 Gbps\/10 Gbps + Env\u00edo a domicilio + Pago seguro + Garant\u00eda","breadcrumb":{"@id":"https:\/\/compuviper.mx\/tienda\/producto\/tp-link-poe370s-inyector-poe-tp-link-2-puertos-rj45-de-10-mbps-100-mbps-1-gbps-25-gbps-5-gbps-10-gbps\/#breadcrumb"},"inLanguage":"es-MX","potentialAction":[{"@type":"ReadAction","target":["https:\/\/compuviper.mx\/tienda\/producto\/tp-link-poe370s-inyector-poe-tp-link-2-puertos-rj45-de-10-mbps-100-mbps-1-gbps-25-gbps-5-gbps-10-gbps\/"]}]},{"@type":"BreadcrumbList","@id":"https:\/\/compuviper.mx\/tienda\/producto\/tp-link-poe370s-inyector-poe-tp-link-2-puertos-rj45-de-10-mbps-100-mbps-1-gbps-25-gbps-5-gbps-10-gbps\/#breadcrumb","itemListElement":[{"@type":"ListItem","position":1,"name":"Inicio","item":"https:\/\/compuviper.mx\/tienda\/"},{"@type":"ListItem","position":2,"name":"Productos","item":"https:\/\/compuviper.mx\/tienda\/productos\/"},{"@type":"ListItem","position":3,"name":"Accesorios","item":"https:\/\/compuviper.mx\/tienda\/categoria-producto\/accesorios\/"},{"@type":"ListItem","position":4,"name":"Redes","item":"https:\/\/compuviper.mx\/tienda\/categoria-producto\/accesorios\/redes-accesorios\/"},{"@type":"ListItem","position":5,"name":"Tp Link Poe370s Inyector Poe | Tp-link | | 2 Puertos Rj45 De 10 Mbps\/100 Mbps\/1 Gbps\/2,5 Gbps\/5 Gbps\/10 Gbps"}]},{"@type":"WebSite","@id":"https:\/\/compuviper.mx\/tienda\/#website","url":"https:\/\/compuviper.mx\/tienda\/","name":"Compuviper","description":"Proveedor de Computadoras, Laptops, Servidores, Monitores, Puntos de Venta, Teclados,   Impresoras, T\u00f3ner, C\u00e1maras de Seguridad y m\u00e1s en tu tienda en l\u00ednea","publisher":{"@id":"https:\/\/compuviper.mx\/tienda\/#organization"},"potentialAction":[{"@type":"SearchAction","target":{"@type":"EntryPoint","urlTemplate":"https:\/\/compuviper.mx\/tienda\/?s={search_term_string}"},"query-input":"required name=search_term_string"}],"inLanguage":"es-MX"},{"@type":"Organization","@id":"https:\/\/compuviper.mx\/tienda\/#organization","name":"Compuviper","url":"https:\/\/compuviper.mx\/tienda\/","logo":{"@type":"ImageObject","inLanguage":"es-MX","@id":"https:\/\/compuviper.mx\/tienda\/#\/schema\/logo\/image\/","url":"https:\/\/compuviper.mx\/tienda\/wp-content\/uploads\/2021\/08\/Logo-Compuviper-10.png","contentUrl":"https:\/\/compuviper.mx\/tienda\/wp-content\/uploads\/2021\/08\/Logo-Compuviper-10.png","width":1000,"height":500,"caption":"Compuviper"},"image":{"@id":"https:\/\/compuviper.mx\/tienda\/#\/schema\/logo\/image\/"},"sameAs":["https:\/\/www.facebook.com\/compuviper","https:\/\/www.youtube.com\/channel\/UCf73dERp9Y3cfOq7q8BhLjA?view_as=subscriber"]}]},"product_brand":"TP LINK","product_price_amount":"830","product_price_currency":"MXN","og_availability":"backorder","product_availability":"available for order","product_retailer_item_id":"POE370S","product_condition":"new"},"_links":{"self":[{"href":"https:\/\/compuviper.mx\/tienda\/wp-json\/wp\/v2\/product\/267858"}],"collection":[{"href":"https:\/\/compuviper.mx\/tienda\/wp-json\/wp\/v2\/product"}],"about":[{"href":"https:\/\/compuviper.mx\/tienda\/wp-json\/wp\/v2\/types\/product"}],"replies":[{"embeddable":true,"href":"https:\/\/compuviper.mx\/tienda\/wp-json\/wp\/v2\/comments?post=267858"}],"wp:attachment":[{"href":"https:\/\/compuviper.mx\/tienda\/wp-json\/wp\/v2\/media?parent=267858"}],"wp:term":[{"taxonomy":"product_cat","embeddable":true,"href":"https:\/\/compuviper.mx\/tienda\/wp-json\/wp\/v2\/product_cat?post=267858"},{"taxonomy":"product_tag","embeddable":true,"href":"https:\/\/compuviper.mx\/tienda\/wp-json\/wp\/v2\/product_tag?post=267858"}],"curies":[{"name":"wp","href":"https:\/\/api.w.org\/{rel}","templated":true}]}}