{"id":267856,"date":"2026-04-06T23:22:44","date_gmt":"2026-04-07T05:22:44","guid":{"rendered":"https:\/\/compuviper.mx\/tienda\/producto\/tp-link-eap625gp-wall-access-point-tp-link-wi-fi-6-gpon-ax1800-4-puertos-lan-de-2-5g-doble-banda-2-4ghz-y-5ghz-hasta-1201mbps\/"},"modified":"2026-04-06T23:22:45","modified_gmt":"2026-04-07T05:22:45","slug":"tp-link-eap625gp-wall-access-point-tp-link-wi-fi-6-gpon-ax1800-4-puertos-lan-de-2-5g-doble-banda-2-4ghz-y-5ghz-hasta-1201mbps","status":"publish","type":"product","link":"https:\/\/compuviper.mx\/tienda\/producto\/tp-link-eap625gp-wall-access-point-tp-link-wi-fi-6-gpon-ax1800-4-puertos-lan-de-2-5g-doble-banda-2-4ghz-y-5ghz-hasta-1201mbps\/","title":{"rendered":"Tp Link Eap625gp-wall Access Point Tp-link  | Wi-fi 6 Gpon Ax1800 | 4 Puertos Lan De 2.5g | Doble Banda 2.4ghz Y 5ghz | Hasta 1201mbps."},"content":{"rendered":"<table class=\"descripcion\">\n<tr>\n<td>Caracter\u00edsticas de hardware<\/td>\n<\/tr>\n<tr>\n<td>-interfaz<\/td>\n<\/tr>\n<tr>\n<td>\u0095 1x gpon port<\/td>\n<\/tr>\n<tr>\n<td>\u0095 1x fxs port<\/td>\n<\/tr>\n<tr>\n<td>\u0095 2x gigabit rj45 ports (one supporting 802.3af poe out)<\/td>\n<\/tr>\n<tr>\n<td>-gpon interface<\/td>\n<\/tr>\n<tr>\n<td>\u0095 port type: sc-apc<\/td>\n<\/tr>\n<tr>\n<td>\u0095 standards and protocols: itu-984.x, g.988, class b+<\/td>\n<\/tr>\n<tr>\n<td>\u0095 data rate: 2.488 gbps (downstream); 1.244 gbps (upstream)<\/td>\n<\/tr>\n<tr>\n<td>\u0095 fiber type: 9\/125 um single mode<\/td>\n<\/tr>\n<tr>\n<td>\u0095 max. cable length: 20 km<\/td>\n<\/tr>\n<tr>\n<td>-botones<\/td>\n<\/tr>\n<tr>\n<td>\u0095 reset<\/td>\n<\/tr>\n<tr>\n<td>\u0095 led<\/td>\n<\/tr>\n<tr>\n<td>-fuente de alimentaci\u00f3n:<\/td>\n<\/tr>\n<tr>\n<td>100\u0096240v~ 50\/60hz, 0.5a<\/td>\n<\/tr>\n<tr>\n<td>-consumo de potencia:<\/td>\n<\/tr>\n<tr>\n<td>30.5w (poe out full load 15w)<\/td>\n<\/tr>\n<tr>\n<td>-peso:  350g<\/td>\n<\/tr>\n<tr>\n<td>-dimensiones: 5.6 \u00d7 3.4 \u00d7 1.8 in (143 \u00d7 86 \u00d7 44.6 mm)<\/td>\n<\/tr>\n<tr>\n<td>-antenas:<\/td>\n<\/tr>\n<tr>\n<td>Internal omni<\/td>\n<\/tr>\n<tr>\n<td>\u0095 2.4 ghz: 2\u00d7 4 dbi<\/td>\n<\/tr>\n<tr>\n<td>\u0095 5 ghz: 2\u00d7 6.5 dbi<\/td>\n<\/tr>\n<tr>\n<td>-montaje: wall mounting (kits included)<\/td>\n<\/tr>\n<tr>\n<td>Caracter\u00edsticas inal\u00e1mbricas<\/td>\n<\/tr>\n<tr>\n<td>-coverage: 50 and #13217;(600ft\u00b2)**<\/td>\n<\/tr>\n<tr>\n<td>-clientes concurrentes: 120+*<\/td>\n<\/tr>\n<tr>\n<td>-est\u00e1ndares inal\u00e1mbricos: ieee 802.11 a\/b\/g\/n\/ac\/ax<\/td>\n<\/tr>\n<tr>\n<td>-frecuencia: 2.4 ghz and 5 ghz<\/td>\n<\/tr>\n<tr>\n<td>-tasa de se\u00f1al:<\/td>\n<\/tr>\n<tr>\n<td>\u0095 5 ghz: 1201 mbps<\/td>\n<\/tr>\n<tr>\n<td>\u0095 2.4 ghz: 574 mbps<\/td>\n<\/tr>\n<tr>\n<td>-funciones inal\u00e1mbricas:<\/td>\n<\/tr>\n<tr>\n<td>\u0095 2\u00d72 (2.4g  and  5g) mu-mimo<\/td>\n<\/tr>\n<tr>\n<td>\u0095 he80 (80 mhz bandwidth)<\/td>\n<\/tr>\n<tr>\n<td>\u0095 ofdma<\/td>\n<\/tr>\n<tr>\n<td>\u0095 mesh<\/td>\n<\/tr>\n<tr>\n<td>\u0095 seamless roaming<\/td>\n<\/tr>\n<tr>\n<td>\u0095 multiple ssids (16 ssids, 8 on each band)<\/td>\n<\/tr>\n<tr>\n<td>\u0095 enable\/disable ssid broadcast<\/td>\n<\/tr>\n<tr>\n<td>\u0095 enable\/disable wireless radio<\/td>\n<\/tr>\n<tr>\n<td>\u0095 guest network<\/td>\n<\/tr>\n<tr>\n<td>\u0095 automatic channel assignment<\/td>\n<\/tr>\n<tr>\n<td>\u0095 beamforming<\/td>\n<\/tr>\n<tr>\n<td>\u0095 rate limit<\/td>\n<\/tr>\n<tr>\n<td>\u0095 band steering<\/td>\n<\/tr>\n<tr>\n<td>\u0095 load balance<\/td>\n<\/tr>\n<tr>\n<td>\u0095 airtime fairness<\/td>\n<\/tr>\n<tr>\n<td>\u0095 transmit power control (adjust transmit power on dbm)<\/td>\n<\/tr>\n<tr>\n<td>\u0095 qos (wmm)<\/td>\n<\/tr>\n<tr>\n<td>\u0095 radius accounting<\/td>\n<\/tr>\n<tr>\n<td>\u0095 mac authentication<\/td>\n<\/tr>\n<tr>\n<td>\u0095 reboot schedule<\/td>\n<\/tr>\n<tr>\n<td>\u0095 wireless schedule and statistics<\/td>\n<\/tr>\n<tr>\n<td>\u0095 static ip\/dynamic ip<\/td>\n<\/tr>\n<tr>\n<td>-seguridad inal\u00e1mbrica:<\/td>\n<\/tr>\n<tr>\n<td>\u0095 captive portal authentication\u00a7<\/td>\n<\/tr>\n<tr>\n<td>\u0095 access control<\/td>\n<\/tr>\n<tr>\n<td>\u0095 wireless mac address filtering<\/td>\n<\/tr>\n<tr>\n<td>\u0095 wireless isolation between clients<\/td>\n<\/tr>\n<tr>\n<td>\u0095 vlan<\/td>\n<\/tr>\n<tr>\n<td>\u0095 rogue ap detection<\/td>\n<\/tr>\n<tr>\n<td>\u0095 802.1x support<\/td>\n<\/tr>\n<tr>\n<td>\u0095 wpa-personal\/enterprise, wpa2-personal\/enterprise, wpa3-personal\/enterprise<\/td>\n<\/tr>\n<tr>\n<td>-potencia de transmisi\u00f3n:<\/td>\n<\/tr>\n<tr>\n<td>\u0095 ce:<\/td>\n<\/tr>\n<tr>\n<td> 20 dbm(2.4 ghz, eirp)<\/td>\n<\/tr>\n<tr>\n<td> 23 dbm(5 ghz, band1  and  band2, eirp)<\/td>\n<\/tr>\n<tr>\n<td> 24 dbm(5 ghz, band3, eirp)<\/td>\n<\/tr>\n<tr>\n<td>\u0095 fcc:<\/td>\n<\/tr>\n<tr>\n<td> 21 dbm (2.4 ghz)<\/td>\n<\/tr>\n<tr>\n<td> 21 dbm (5 ghz)<\/td>\n<\/tr>\n<\/table>\n","protected":false},"excerpt":{"rendered":"<p>-velocidad ultrarr\u00e1pida wi-fi 6 ax1800: velocidad de hasta 1201 mbps en la bande de 5ghz y 574 mbps en 2,4ghz. -tecnolog\u00eda avanzada y segura. Roaming (802.11 k\/v\/r), wi-fi mesh, muti-ssid, tx beamforming, mu-mimo, dl\/ul ofdma, airtime fairness, guest network y seguridad wpa2-psk, wpa3-sae\/aes. -conectividad de alto rendimiento. 1 sc\/apc gpon port uplink y 2 puertos gigabit lan ethernet. (uno compatible con salida poe 802.3af. -compatibilidad voip. 1 puerto fxs rj11 compatible con cuentas sip para recibir y realizar llamadas. -f\u00e1cil instalaci\u00f3n. Sencillo montaje en la pared en poco minutos. -alimentaci\u00f3n el\u00e9ctrica. Ac (100\u0096240v~ 50\/60hz). -cobertura y conexi\u00f3n wi-fi garantizada. Acceso a la red en todas las estancias. -wi-fi ia omada. Selecci\u00f3n autom\u00e1tica de canal y ajuste de potencia, ia roaming y antenas inteligentes de alta ganancia. -red de invitados segura. Protege la red principal dando un acceso distinto a visitas y hu\u00e9spedes con diferentes opciones de autentificaci\u00f3n como portal cautivo, 802.1x \/ radius \/ local database. -gesti\u00f3n centralizada. Acceso a trav\u00e9s de la nube con la aplicaci\u00f3n omada o en local, garantizando un control intuitivo y eficiente de la red y modo aut\u00f3nomo.<\/p>\n","protected":false},"featured_media":0,"comment_status":"open","ping_status":"open","template":"","meta":[],"product_cat":[1754,1563],"product_tag":[1562],"acf":[],"yoast_head":"<!-- This site is optimized with the Yoast SEO plugin v21.7 - https:\/\/yoast.com\/wordpress\/plugins\/seo\/ -->\n<title>[ Tp Link ] &#129351; Eap625gp-wall Access Point Tp-link | Wi-fi 6 Gpon Ax1800 | 4 Puertos Lan De 2.5g | Doble Banda 2.4ghz Y 5ghz | Hasta 1201mbps.<\/title>\n<meta name=\"description\" content=\"Compra Eap625gp-wall Access Point Tp-link | Wi-fi 6 Gpon Ax1800 | 4 Puertos Lan De 2.5g | Doble Banda 2.4ghz Y 5ghz | Hasta 1201mbps. + Env\u00edo a domicilio + Pago seguro + Garant\u00eda\" \/>\n<meta name=\"robots\" content=\"index, follow, max-snippet:-1, max-image-preview:large, max-video-preview:-1\" \/>\n<link rel=\"canonical\" href=\"https:\/\/compuviper.mx\/tienda\/producto\/tp-link-eap625gp-wall-access-point-tp-link-wi-fi-6-gpon-ax1800-4-puertos-lan-de-2-5g-doble-banda-2-4ghz-y-5ghz-hasta-1201mbps\/\" \/>\n<meta property=\"og:locale\" content=\"es_MX\" \/>\n<meta property=\"og:type\" content=\"article\" \/>\n<meta property=\"og:title\" content=\"[ Tp Link ] &#129351; Eap625gp-wall Access Point Tp-link | Wi-fi 6 Gpon Ax1800 | 4 Puertos Lan De 2.5g | Doble Banda 2.4ghz Y 5ghz | Hasta 1201mbps.\" \/>\n<meta property=\"og:description\" content=\"Compra Eap625gp-wall Access Point Tp-link | Wi-fi 6 Gpon Ax1800 | 4 Puertos Lan De 2.5g | Doble Banda 2.4ghz Y 5ghz | Hasta 1201mbps. + Env\u00edo a domicilio + Pago seguro + Garant\u00eda\" \/>\n<meta property=\"og:url\" content=\"https:\/\/compuviper.mx\/tienda\/producto\/tp-link-eap625gp-wall-access-point-tp-link-wi-fi-6-gpon-ax1800-4-puertos-lan-de-2-5g-doble-banda-2-4ghz-y-5ghz-hasta-1201mbps\/\" \/>\n<meta property=\"og:site_name\" content=\"Compuviper\" \/>\n<meta property=\"article:publisher\" content=\"https:\/\/www.facebook.com\/compuviper\" \/>\n<meta property=\"article:modified_time\" content=\"2026-04-07T05:22:45+00:00\" \/>\n<meta name=\"twitter:card\" content=\"summary_large_image\" \/>\n<meta name=\"twitter:label1\" content=\"Precio\" \/>\n\t<meta name=\"twitter:data1\" content=\"&#36;1,970 con IVA\" \/>\n\t<meta name=\"twitter:label2\" content=\"Availability\" \/>\n\t<meta name=\"twitter:data2\" content=\"On backorder\" \/>\n<script type=\"application\/ld+json\" class=\"yoast-schema-graph\">{\"@context\":\"https:\/\/schema.org\",\"@graph\":[{\"@type\":\"WebPage\",\"@id\":\"https:\/\/compuviper.mx\/tienda\/producto\/tp-link-eap625gp-wall-access-point-tp-link-wi-fi-6-gpon-ax1800-4-puertos-lan-de-2-5g-doble-banda-2-4ghz-y-5ghz-hasta-1201mbps\/\",\"url\":\"https:\/\/compuviper.mx\/tienda\/producto\/tp-link-eap625gp-wall-access-point-tp-link-wi-fi-6-gpon-ax1800-4-puertos-lan-de-2-5g-doble-banda-2-4ghz-y-5ghz-hasta-1201mbps\/\",\"name\":\"[ Tp Link ] &#129351; Eap625gp-wall Access Point Tp-link | Wi-fi 6 Gpon Ax1800 | 4 Puertos Lan De 2.5g | Doble Banda 2.4ghz Y 5ghz | Hasta 1201mbps.\",\"isPartOf\":{\"@id\":\"https:\/\/compuviper.mx\/tienda\/#website\"},\"datePublished\":\"2026-04-07T05:22:44+00:00\",\"dateModified\":\"2026-04-07T05:22:45+00:00\",\"description\":\"Compra Eap625gp-wall Access Point Tp-link | Wi-fi 6 Gpon Ax1800 | 4 Puertos Lan De 2.5g | Doble Banda 2.4ghz Y 5ghz | Hasta 1201mbps. + Env\u00edo a domicilio + Pago seguro + Garant\u00eda\",\"breadcrumb\":{\"@id\":\"https:\/\/compuviper.mx\/tienda\/producto\/tp-link-eap625gp-wall-access-point-tp-link-wi-fi-6-gpon-ax1800-4-puertos-lan-de-2-5g-doble-banda-2-4ghz-y-5ghz-hasta-1201mbps\/#breadcrumb\"},\"inLanguage\":\"es-MX\",\"potentialAction\":[{\"@type\":\"ReadAction\",\"target\":[\"https:\/\/compuviper.mx\/tienda\/producto\/tp-link-eap625gp-wall-access-point-tp-link-wi-fi-6-gpon-ax1800-4-puertos-lan-de-2-5g-doble-banda-2-4ghz-y-5ghz-hasta-1201mbps\/\"]}]},{\"@type\":\"BreadcrumbList\",\"@id\":\"https:\/\/compuviper.mx\/tienda\/producto\/tp-link-eap625gp-wall-access-point-tp-link-wi-fi-6-gpon-ax1800-4-puertos-lan-de-2-5g-doble-banda-2-4ghz-y-5ghz-hasta-1201mbps\/#breadcrumb\",\"itemListElement\":[{\"@type\":\"ListItem\",\"position\":1,\"name\":\"Inicio\",\"item\":\"https:\/\/compuviper.mx\/tienda\/\"},{\"@type\":\"ListItem\",\"position\":2,\"name\":\"Productos\",\"item\":\"https:\/\/compuviper.mx\/tienda\/productos\/\"},{\"@type\":\"ListItem\",\"position\":3,\"name\":\"Redes\",\"item\":\"https:\/\/compuviper.mx\/tienda\/categoria-producto\/redes\/\"},{\"@type\":\"ListItem\",\"position\":4,\"name\":\"Access Point\",\"item\":\"https:\/\/compuviper.mx\/tienda\/categoria-producto\/redes\/access-point\/\"},{\"@type\":\"ListItem\",\"position\":5,\"name\":\"Tp Link Eap625gp-wall Access Point Tp-link | Wi-fi 6 Gpon Ax1800 | 4 Puertos Lan De 2.5g | Doble Banda 2.4ghz Y 5ghz | Hasta 1201mbps.\"}]},{\"@type\":\"WebSite\",\"@id\":\"https:\/\/compuviper.mx\/tienda\/#website\",\"url\":\"https:\/\/compuviper.mx\/tienda\/\",\"name\":\"Compuviper\",\"description\":\"Proveedor de Computadoras, Laptops, Servidores, Monitores, Puntos de Venta, Teclados,   Impresoras, T\u00f3ner, C\u00e1maras de Seguridad y m\u00e1s en tu tienda en l\u00ednea\",\"publisher\":{\"@id\":\"https:\/\/compuviper.mx\/tienda\/#organization\"},\"potentialAction\":[{\"@type\":\"SearchAction\",\"target\":{\"@type\":\"EntryPoint\",\"urlTemplate\":\"https:\/\/compuviper.mx\/tienda\/?s={search_term_string}\"},\"query-input\":\"required name=search_term_string\"}],\"inLanguage\":\"es-MX\"},{\"@type\":\"Organization\",\"@id\":\"https:\/\/compuviper.mx\/tienda\/#organization\",\"name\":\"Compuviper\",\"url\":\"https:\/\/compuviper.mx\/tienda\/\",\"logo\":{\"@type\":\"ImageObject\",\"inLanguage\":\"es-MX\",\"@id\":\"https:\/\/compuviper.mx\/tienda\/#\/schema\/logo\/image\/\",\"url\":\"https:\/\/compuviper.mx\/tienda\/wp-content\/uploads\/2021\/08\/Logo-Compuviper-10.png\",\"contentUrl\":\"https:\/\/compuviper.mx\/tienda\/wp-content\/uploads\/2021\/08\/Logo-Compuviper-10.png\",\"width\":1000,\"height\":500,\"caption\":\"Compuviper\"},\"image\":{\"@id\":\"https:\/\/compuviper.mx\/tienda\/#\/schema\/logo\/image\/\"},\"sameAs\":[\"https:\/\/www.facebook.com\/compuviper\",\"https:\/\/www.youtube.com\/channel\/UCf73dERp9Y3cfOq7q8BhLjA?view_as=subscriber\"]}]}<\/script>\n<meta property=\"product:brand\" content=\"TP LINK\" \/>\n<meta property=\"product:price:amount\" content=\"1970\" \/>\n<meta property=\"product:price:currency\" content=\"MXN\" \/>\n<meta property=\"og:availability\" content=\"backorder\" \/>\n<meta property=\"product:availability\" content=\"available for order\" \/>\n<meta property=\"product:retailer_item_id\" content=\"EAP625GP-WALL\" \/>\n<meta property=\"product:condition\" content=\"new\" \/>\n<!-- \/ Yoast SEO plugin. -->","yoast_head_json":{"title":"[ Tp Link ] &#129351; Eap625gp-wall Access Point Tp-link | Wi-fi 6 Gpon Ax1800 | 4 Puertos Lan De 2.5g | Doble Banda 2.4ghz Y 5ghz | Hasta 1201mbps.","description":"Compra Eap625gp-wall Access Point Tp-link | Wi-fi 6 Gpon Ax1800 | 4 Puertos Lan De 2.5g | Doble Banda 2.4ghz Y 5ghz | Hasta 1201mbps. + Env\u00edo a domicilio + Pago seguro + Garant\u00eda","robots":{"index":"index","follow":"follow","max-snippet":"max-snippet:-1","max-image-preview":"max-image-preview:large","max-video-preview":"max-video-preview:-1"},"canonical":"https:\/\/compuviper.mx\/tienda\/producto\/tp-link-eap625gp-wall-access-point-tp-link-wi-fi-6-gpon-ax1800-4-puertos-lan-de-2-5g-doble-banda-2-4ghz-y-5ghz-hasta-1201mbps\/","og_locale":"es_MX","og_type":"article","og_title":"[ Tp Link ] &#129351; Eap625gp-wall Access Point Tp-link | Wi-fi 6 Gpon Ax1800 | 4 Puertos Lan De 2.5g | Doble Banda 2.4ghz Y 5ghz | Hasta 1201mbps.","og_description":"Compra Eap625gp-wall Access Point Tp-link | Wi-fi 6 Gpon Ax1800 | 4 Puertos Lan De 2.5g | Doble Banda 2.4ghz Y 5ghz | Hasta 1201mbps. + Env\u00edo a domicilio + Pago seguro + Garant\u00eda","og_url":"https:\/\/compuviper.mx\/tienda\/producto\/tp-link-eap625gp-wall-access-point-tp-link-wi-fi-6-gpon-ax1800-4-puertos-lan-de-2-5g-doble-banda-2-4ghz-y-5ghz-hasta-1201mbps\/","og_site_name":"Compuviper","article_publisher":"https:\/\/www.facebook.com\/compuviper","article_modified_time":"2026-04-07T05:22:45+00:00","twitter_card":"summary_large_image","twitter_misc":{"Precio":"&#36;1,970 con IVA","Availability":"On backorder"},"schema":{"@context":"https:\/\/schema.org","@graph":[{"@type":"WebPage","@id":"https:\/\/compuviper.mx\/tienda\/producto\/tp-link-eap625gp-wall-access-point-tp-link-wi-fi-6-gpon-ax1800-4-puertos-lan-de-2-5g-doble-banda-2-4ghz-y-5ghz-hasta-1201mbps\/","url":"https:\/\/compuviper.mx\/tienda\/producto\/tp-link-eap625gp-wall-access-point-tp-link-wi-fi-6-gpon-ax1800-4-puertos-lan-de-2-5g-doble-banda-2-4ghz-y-5ghz-hasta-1201mbps\/","name":"[ Tp Link ] &#129351; Eap625gp-wall Access Point Tp-link | Wi-fi 6 Gpon Ax1800 | 4 Puertos Lan De 2.5g | Doble Banda 2.4ghz Y 5ghz | Hasta 1201mbps.","isPartOf":{"@id":"https:\/\/compuviper.mx\/tienda\/#website"},"datePublished":"2026-04-07T05:22:44+00:00","dateModified":"2026-04-07T05:22:45+00:00","description":"Compra Eap625gp-wall Access Point Tp-link | Wi-fi 6 Gpon Ax1800 | 4 Puertos Lan De 2.5g | Doble Banda 2.4ghz Y 5ghz | Hasta 1201mbps. + Env\u00edo a domicilio + Pago seguro + Garant\u00eda","breadcrumb":{"@id":"https:\/\/compuviper.mx\/tienda\/producto\/tp-link-eap625gp-wall-access-point-tp-link-wi-fi-6-gpon-ax1800-4-puertos-lan-de-2-5g-doble-banda-2-4ghz-y-5ghz-hasta-1201mbps\/#breadcrumb"},"inLanguage":"es-MX","potentialAction":[{"@type":"ReadAction","target":["https:\/\/compuviper.mx\/tienda\/producto\/tp-link-eap625gp-wall-access-point-tp-link-wi-fi-6-gpon-ax1800-4-puertos-lan-de-2-5g-doble-banda-2-4ghz-y-5ghz-hasta-1201mbps\/"]}]},{"@type":"BreadcrumbList","@id":"https:\/\/compuviper.mx\/tienda\/producto\/tp-link-eap625gp-wall-access-point-tp-link-wi-fi-6-gpon-ax1800-4-puertos-lan-de-2-5g-doble-banda-2-4ghz-y-5ghz-hasta-1201mbps\/#breadcrumb","itemListElement":[{"@type":"ListItem","position":1,"name":"Inicio","item":"https:\/\/compuviper.mx\/tienda\/"},{"@type":"ListItem","position":2,"name":"Productos","item":"https:\/\/compuviper.mx\/tienda\/productos\/"},{"@type":"ListItem","position":3,"name":"Redes","item":"https:\/\/compuviper.mx\/tienda\/categoria-producto\/redes\/"},{"@type":"ListItem","position":4,"name":"Access Point","item":"https:\/\/compuviper.mx\/tienda\/categoria-producto\/redes\/access-point\/"},{"@type":"ListItem","position":5,"name":"Tp Link Eap625gp-wall Access Point Tp-link | Wi-fi 6 Gpon Ax1800 | 4 Puertos Lan De 2.5g | Doble Banda 2.4ghz Y 5ghz | Hasta 1201mbps."}]},{"@type":"WebSite","@id":"https:\/\/compuviper.mx\/tienda\/#website","url":"https:\/\/compuviper.mx\/tienda\/","name":"Compuviper","description":"Proveedor de Computadoras, Laptops, Servidores, Monitores, Puntos de Venta, Teclados,   Impresoras, T\u00f3ner, C\u00e1maras de Seguridad y m\u00e1s en tu tienda en l\u00ednea","publisher":{"@id":"https:\/\/compuviper.mx\/tienda\/#organization"},"potentialAction":[{"@type":"SearchAction","target":{"@type":"EntryPoint","urlTemplate":"https:\/\/compuviper.mx\/tienda\/?s={search_term_string}"},"query-input":"required name=search_term_string"}],"inLanguage":"es-MX"},{"@type":"Organization","@id":"https:\/\/compuviper.mx\/tienda\/#organization","name":"Compuviper","url":"https:\/\/compuviper.mx\/tienda\/","logo":{"@type":"ImageObject","inLanguage":"es-MX","@id":"https:\/\/compuviper.mx\/tienda\/#\/schema\/logo\/image\/","url":"https:\/\/compuviper.mx\/tienda\/wp-content\/uploads\/2021\/08\/Logo-Compuviper-10.png","contentUrl":"https:\/\/compuviper.mx\/tienda\/wp-content\/uploads\/2021\/08\/Logo-Compuviper-10.png","width":1000,"height":500,"caption":"Compuviper"},"image":{"@id":"https:\/\/compuviper.mx\/tienda\/#\/schema\/logo\/image\/"},"sameAs":["https:\/\/www.facebook.com\/compuviper","https:\/\/www.youtube.com\/channel\/UCf73dERp9Y3cfOq7q8BhLjA?view_as=subscriber"]}]},"product_brand":"TP LINK","product_price_amount":"1970","product_price_currency":"MXN","og_availability":"backorder","product_availability":"available for order","product_retailer_item_id":"EAP625GP-WALL","product_condition":"new"},"_links":{"self":[{"href":"https:\/\/compuviper.mx\/tienda\/wp-json\/wp\/v2\/product\/267856"}],"collection":[{"href":"https:\/\/compuviper.mx\/tienda\/wp-json\/wp\/v2\/product"}],"about":[{"href":"https:\/\/compuviper.mx\/tienda\/wp-json\/wp\/v2\/types\/product"}],"replies":[{"embeddable":true,"href":"https:\/\/compuviper.mx\/tienda\/wp-json\/wp\/v2\/comments?post=267856"}],"wp:attachment":[{"href":"https:\/\/compuviper.mx\/tienda\/wp-json\/wp\/v2\/media?parent=267856"}],"wp:term":[{"taxonomy":"product_cat","embeddable":true,"href":"https:\/\/compuviper.mx\/tienda\/wp-json\/wp\/v2\/product_cat?post=267856"},{"taxonomy":"product_tag","embeddable":true,"href":"https:\/\/compuviper.mx\/tienda\/wp-json\/wp\/v2\/product_tag?post=267856"}],"curies":[{"name":"wp","href":"https:\/\/api.w.org\/{rel}","templated":true}]}}