{"id":267854,"date":"2026-04-01T23:10:35","date_gmt":"2026-04-02T05:10:35","guid":{"rendered":"https:\/\/compuviper.mx\/tienda\/producto\/lg-sc-00da-one-quick-share-solucin-inalmbrica-para-compartir-pantalla-disponible-a-travs-de-webos-signage\/"},"modified":"2026-04-01T23:10:35","modified_gmt":"2026-04-02T05:10:35","slug":"lg-sc-00da-one-quick-share-solucin-inalmbrica-para-compartir-pantalla-disponible-a-travs-de-webos-signage","status":"publish","type":"product","link":"https:\/\/compuviper.mx\/tienda\/producto\/lg-sc-00da-one-quick-share-solucin-inalmbrica-para-compartir-pantalla-disponible-a-travs-de-webos-signage\/","title":{"rendered":"Lg Sc-00da  One: Quick Share, Soluci?n Inal?mbrica Para Compartir Pantalla Disponible A Trav?s De  Webos Signage"},"content":{"rendered":"<table class=\"descripcion\">\n<tr>\n<td>Lista de modelos compatibles<\/td>\n<\/tr>\n<tr>\n<td>Se\u00f1alizaci\u00f3n est\u00e1ndar<\/td>\n<\/tr>\n<tr>\n<td> 65 \u0094\/ 55\u0094 \/ 49 \u0094uh7f<\/td>\n<\/tr>\n<tr>\n<td>65\u0094 \/ 55 \u0094\/ 49\u0094 \/ 43 \u0094uh5f (-h)<\/td>\n<\/tr>\n<tr>\n<td>65\u0094 \/ 55 \u0094\/ 49\u0094 \/ 43 \u0094um3d<\/td>\n<\/tr>\n<tr>\n<td>86\u0094 \/ 75 \u0094\/ 65\u0094 \/ 55 \u0094\/ 50 \/ 43 ul3g<\/td>\n<\/tr>\n<tr>\n<td>Uno: quick share<\/td>\n<\/tr>\n<tr>\n<td>Cambio de usuario        s\u00ed<\/td>\n<\/tr>\n<tr>\n<td>Vista dividida                   s\u00ed (m\u00e1x. 4 pantallas)<\/td>\n<\/tr>\n<tr>\n<td>Modo de administrador           s\u00ed<\/td>\n<\/tr>\n<tr>\n<td>Control de se\u00f1alizaci\u00f3n          s\u00ed<\/td>\n<\/tr>\n<tr>\n<td>Sonar                                              solo windows<\/td>\n<\/tr>\n<tr>\n<td>Dongle usb hw(sc-00da)<\/td>\n<\/tr>\n<tr>\n<td>Sistema operativo  integrado   linux<\/td>\n<\/tr>\n<tr>\n<td>Upc          cortex tm de cuatro n\u00facleos -a7<\/td>\n<\/tr>\n<tr>\n<td>Memoria interna         emmc (4 gb), ddr3 (512 mb)<\/td>\n<\/tr>\n<tr>\n<td>Wifi          ieee 802.11 a \/ b \/ g \/ n \/ ac (m\u00e1x.30 m disponible)<\/td>\n<\/tr>\n<tr>\n<td>Video        h.264<\/td>\n<\/tr>\n<tr>\n<td>Conectividad        usb 2.0 tipo a (1)<\/td>\n<\/tr>\n<tr>\n<td>Tama\u00f1o (w \u00d7 h \u00d7 d)        63,8 \u00d7 63,8 \u00d7 13,5 mm \/ cable usb (85,5 mm)<\/td>\n<\/tr>\n<tr>\n<td>Peso        46 grs<\/td>\n<\/tr>\n<tr>\n<td>El consumo de energ\u00eda        2,0 w (t\u00edpico), 2,5 w (m\u00e1x.)<\/td>\n<\/tr>\n<tr>\n<td>Temperatura \/ humedad de funcionamiento        0  and #8451; a 40  and #8451; \/ 0% a 85%<\/td>\n<\/tr>\n<tr>\n<td>Especificaci\u00f3n de pc recomendada<\/td>\n<\/tr>\n<tr>\n<td>Soporte del sistema operativo<\/td>\n<\/tr>\n<tr>\n<td> windows 7 sp1 \/ 8 \/ 8.1 \/ 10 64 bits<\/td>\n<\/tr>\n<tr>\n<td> mac os 10.11 \/ 10.12 \/ 10.13 \/ 10.14 \/ 10.15 64 bits<\/td>\n<\/tr>\n<tr>\n<td>Upc  intel sandy bridge i3 (o versi\u00f3n posterior)<\/td>\n<\/tr>\n<tr>\n<td> skylake i3 \/ i5 \/ i6 (o versi\u00f3n posterior<\/td>\n<\/tr>\n<tr>\n<td>Amd rygen 1st generation (o versi\u00f3n posterior)<\/td>\n<\/tr>\n<tr>\n<td>Memoria        8 gb  and #8593;<\/td>\n<\/tr>\n<\/table>\n","protected":false},"excerpt":{"rendered":"<p>Lg one: quick share es una soluci\u00f3n inal\u00e1mbrica para compartir pantalla disponible a trav\u00e9s de lg webos signage *, unidad de transmisi\u00f3n usb para pc (sc-00da) y su aplicaci\u00f3n. Con one: quick share, simplemente puede compartir la pantalla de su pc personal con lg signage con una configuraci\u00f3n inicial f\u00e1cil de usar, as\u00ed como disponibilidad para administrar las funciones b\u00e1sicas de lg signage*.<\/p>\n","protected":false},"featured_media":267855,"comment_status":"open","ping_status":"open","template":"","meta":[],"product_cat":[1485,1506],"product_tag":[1687],"acf":[],"yoast_head":"<!-- This site is optimized with the Yoast SEO plugin v21.7 - https:\/\/yoast.com\/wordpress\/plugins\/seo\/ -->\n<title>[ Lg ] &#129351; Sc-00da One: Quick Share, Soluci\u00f3n Inal\u00e1mbrica Para Compartir Pantalla Disponible A Trav\u00e9s De Webos Signage<\/title>\n<meta name=\"description\" content=\"Compra Sc-00da One: Quick Share, Soluci\u00f3n Inal\u00e1mbrica Para Compartir Pantalla Disponible A Trav\u00e9s De Webos Signage + Env\u00edo a domicilio + Pago seguro + Garant\u00eda\" \/>\n<meta name=\"robots\" content=\"index, follow, max-snippet:-1, max-image-preview:large, max-video-preview:-1\" \/>\n<link rel=\"canonical\" href=\"https:\/\/compuviper.mx\/tienda\/producto\/lg-sc-00da-one-quick-share-solucin-inalmbrica-para-compartir-pantalla-disponible-a-travs-de-webos-signage\/\" \/>\n<meta property=\"og:locale\" content=\"es_MX\" \/>\n<meta property=\"og:type\" content=\"article\" \/>\n<meta property=\"og:title\" content=\"[ Lg ] &#129351; Sc-00da One: Quick Share, Soluci\u00f3n Inal\u00e1mbrica Para Compartir Pantalla Disponible A Trav\u00e9s De Webos Signage\" \/>\n<meta property=\"og:description\" content=\"Compra Sc-00da One: Quick Share, Soluci\u00f3n Inal\u00e1mbrica Para Compartir Pantalla Disponible A Trav\u00e9s De Webos Signage + Env\u00edo a domicilio + Pago seguro + Garant\u00eda\" \/>\n<meta property=\"og:url\" content=\"https:\/\/compuviper.mx\/tienda\/producto\/lg-sc-00da-one-quick-share-solucin-inalmbrica-para-compartir-pantalla-disponible-a-travs-de-webos-signage\/\" \/>\n<meta property=\"og:site_name\" content=\"Compuviper\" \/>\n<meta property=\"article:publisher\" content=\"https:\/\/www.facebook.com\/compuviper\" \/>\n<meta property=\"og:image\" content=\"https:\/\/compuviper.mx\/tienda\/wp-content\/uploads\/2026\/03\/Lg-one-quick-share-solucion-inalambrica-para-compartir-pantalla-disponible-a-traves-de-lg-webos-signage.jpg\" \/>\n\t<meta property=\"og:image:width\" content=\"200\" \/>\n\t<meta property=\"og:image:height\" content=\"200\" \/>\n\t<meta property=\"og:image:type\" content=\"image\/jpeg\" \/>\n<meta name=\"twitter:card\" content=\"summary_large_image\" \/>\n<meta name=\"twitter:label1\" content=\"Precio\" \/>\n\t<meta name=\"twitter:data1\" content=\"&#36;1,132 con IVA\" \/>\n\t<meta name=\"twitter:label2\" content=\"Availability\" \/>\n\t<meta name=\"twitter:data2\" content=\"Out of stock\" \/>\n<script type=\"application\/ld+json\" class=\"yoast-schema-graph\">{\"@context\":\"https:\/\/schema.org\",\"@graph\":[{\"@type\":\"WebPage\",\"@id\":\"https:\/\/compuviper.mx\/tienda\/producto\/lg-sc-00da-one-quick-share-solucin-inalmbrica-para-compartir-pantalla-disponible-a-travs-de-webos-signage\/\",\"url\":\"https:\/\/compuviper.mx\/tienda\/producto\/lg-sc-00da-one-quick-share-solucin-inalmbrica-para-compartir-pantalla-disponible-a-travs-de-webos-signage\/\",\"name\":\"[ Lg ] &#129351; Sc-00da One: Quick Share, Soluci\u00f3n Inal\u00e1mbrica Para Compartir Pantalla Disponible A Trav\u00e9s De Webos Signage\",\"isPartOf\":{\"@id\":\"https:\/\/compuviper.mx\/tienda\/#website\"},\"datePublished\":\"2026-04-02T05:10:35+00:00\",\"dateModified\":\"2026-04-02T05:10:35+00:00\",\"description\":\"Compra Sc-00da One: Quick Share, Soluci\u00f3n Inal\u00e1mbrica Para Compartir Pantalla Disponible A Trav\u00e9s De Webos Signage + Env\u00edo a domicilio + Pago seguro + Garant\u00eda\",\"breadcrumb\":{\"@id\":\"https:\/\/compuviper.mx\/tienda\/producto\/lg-sc-00da-one-quick-share-solucin-inalmbrica-para-compartir-pantalla-disponible-a-travs-de-webos-signage\/#breadcrumb\"},\"inLanguage\":\"es-MX\",\"potentialAction\":[{\"@type\":\"ReadAction\",\"target\":[\"https:\/\/compuviper.mx\/tienda\/producto\/lg-sc-00da-one-quick-share-solucin-inalmbrica-para-compartir-pantalla-disponible-a-travs-de-webos-signage\/\"]}]},{\"@type\":\"BreadcrumbList\",\"@id\":\"https:\/\/compuviper.mx\/tienda\/producto\/lg-sc-00da-one-quick-share-solucin-inalmbrica-para-compartir-pantalla-disponible-a-travs-de-webos-signage\/#breadcrumb\",\"itemListElement\":[{\"@type\":\"ListItem\",\"position\":1,\"name\":\"Inicio\",\"item\":\"https:\/\/compuviper.mx\/tienda\/\"},{\"@type\":\"ListItem\",\"position\":2,\"name\":\"Productos\",\"item\":\"https:\/\/compuviper.mx\/tienda\/productos\/\"},{\"@type\":\"ListItem\",\"position\":3,\"name\":\"Accesorios\",\"item\":\"https:\/\/compuviper.mx\/tienda\/categoria-producto\/accesorios\/\"},{\"@type\":\"ListItem\",\"position\":4,\"name\":\"Conectividad\",\"item\":\"https:\/\/compuviper.mx\/tienda\/categoria-producto\/accesorios\/conectividad\/\"},{\"@type\":\"ListItem\",\"position\":5,\"name\":\"Lg Sc-00da One: Quick Share, Soluci?n Inal?mbrica Para Compartir Pantalla Disponible A Trav?s De Webos Signage\"}]},{\"@type\":\"WebSite\",\"@id\":\"https:\/\/compuviper.mx\/tienda\/#website\",\"url\":\"https:\/\/compuviper.mx\/tienda\/\",\"name\":\"Compuviper\",\"description\":\"Proveedor de Computadoras, Laptops, Servidores, Monitores, Puntos de Venta, Teclados,   Impresoras, T\u00f3ner, C\u00e1maras de Seguridad y m\u00e1s en tu tienda en l\u00ednea\",\"publisher\":{\"@id\":\"https:\/\/compuviper.mx\/tienda\/#organization\"},\"potentialAction\":[{\"@type\":\"SearchAction\",\"target\":{\"@type\":\"EntryPoint\",\"urlTemplate\":\"https:\/\/compuviper.mx\/tienda\/?s={search_term_string}\"},\"query-input\":\"required name=search_term_string\"}],\"inLanguage\":\"es-MX\"},{\"@type\":\"Organization\",\"@id\":\"https:\/\/compuviper.mx\/tienda\/#organization\",\"name\":\"Compuviper\",\"url\":\"https:\/\/compuviper.mx\/tienda\/\",\"logo\":{\"@type\":\"ImageObject\",\"inLanguage\":\"es-MX\",\"@id\":\"https:\/\/compuviper.mx\/tienda\/#\/schema\/logo\/image\/\",\"url\":\"https:\/\/compuviper.mx\/tienda\/wp-content\/uploads\/2021\/08\/Logo-Compuviper-10.png\",\"contentUrl\":\"https:\/\/compuviper.mx\/tienda\/wp-content\/uploads\/2021\/08\/Logo-Compuviper-10.png\",\"width\":1000,\"height\":500,\"caption\":\"Compuviper\"},\"image\":{\"@id\":\"https:\/\/compuviper.mx\/tienda\/#\/schema\/logo\/image\/\"},\"sameAs\":[\"https:\/\/www.facebook.com\/compuviper\",\"https:\/\/www.youtube.com\/channel\/UCf73dERp9Y3cfOq7q8BhLjA?view_as=subscriber\"]}]}<\/script>\n<meta property=\"product:brand\" content=\"LG\" \/>\n<meta property=\"product:price:amount\" content=\"1132\" \/>\n<meta property=\"product:price:currency\" content=\"MXN\" \/>\n<meta property=\"og:availability\" content=\"out of stock\" \/>\n<meta property=\"product:availability\" content=\"out of stock\" \/>\n<meta property=\"product:retailer_item_id\" content=\"SC-00DA\" \/>\n<meta property=\"product:condition\" content=\"new\" \/>\n<!-- \/ Yoast SEO plugin. -->","yoast_head_json":{"title":"[ Lg ] &#129351; Sc-00da One: Quick Share, Soluci\u00f3n Inal\u00e1mbrica Para Compartir Pantalla Disponible A Trav\u00e9s De Webos Signage","description":"Compra Sc-00da One: Quick Share, Soluci\u00f3n Inal\u00e1mbrica Para Compartir Pantalla Disponible A Trav\u00e9s De Webos Signage + Env\u00edo a domicilio + Pago seguro + Garant\u00eda","robots":{"index":"index","follow":"follow","max-snippet":"max-snippet:-1","max-image-preview":"max-image-preview:large","max-video-preview":"max-video-preview:-1"},"canonical":"https:\/\/compuviper.mx\/tienda\/producto\/lg-sc-00da-one-quick-share-solucin-inalmbrica-para-compartir-pantalla-disponible-a-travs-de-webos-signage\/","og_locale":"es_MX","og_type":"article","og_title":"[ Lg ] &#129351; Sc-00da One: Quick Share, Soluci\u00f3n Inal\u00e1mbrica Para Compartir Pantalla Disponible A Trav\u00e9s De Webos Signage","og_description":"Compra Sc-00da One: Quick Share, Soluci\u00f3n Inal\u00e1mbrica Para Compartir Pantalla Disponible A Trav\u00e9s De Webos Signage + Env\u00edo a domicilio + Pago seguro + Garant\u00eda","og_url":"https:\/\/compuviper.mx\/tienda\/producto\/lg-sc-00da-one-quick-share-solucin-inalmbrica-para-compartir-pantalla-disponible-a-travs-de-webos-signage\/","og_site_name":"Compuviper","article_publisher":"https:\/\/www.facebook.com\/compuviper","og_image":[{"width":200,"height":200,"url":"https:\/\/compuviper.mx\/tienda\/wp-content\/uploads\/2026\/03\/Lg-one-quick-share-solucion-inalambrica-para-compartir-pantalla-disponible-a-traves-de-lg-webos-signage.jpg","type":"image\/jpeg"}],"twitter_card":"summary_large_image","twitter_misc":{"Precio":"&#36;1,132 con IVA","Availability":"Out of stock"},"schema":{"@context":"https:\/\/schema.org","@graph":[{"@type":"WebPage","@id":"https:\/\/compuviper.mx\/tienda\/producto\/lg-sc-00da-one-quick-share-solucin-inalmbrica-para-compartir-pantalla-disponible-a-travs-de-webos-signage\/","url":"https:\/\/compuviper.mx\/tienda\/producto\/lg-sc-00da-one-quick-share-solucin-inalmbrica-para-compartir-pantalla-disponible-a-travs-de-webos-signage\/","name":"[ Lg ] &#129351; Sc-00da One: Quick Share, Soluci\u00f3n Inal\u00e1mbrica Para Compartir Pantalla Disponible A Trav\u00e9s De Webos Signage","isPartOf":{"@id":"https:\/\/compuviper.mx\/tienda\/#website"},"datePublished":"2026-04-02T05:10:35+00:00","dateModified":"2026-04-02T05:10:35+00:00","description":"Compra Sc-00da One: Quick Share, Soluci\u00f3n Inal\u00e1mbrica Para Compartir Pantalla Disponible A Trav\u00e9s De Webos Signage + Env\u00edo a domicilio + Pago seguro + Garant\u00eda","breadcrumb":{"@id":"https:\/\/compuviper.mx\/tienda\/producto\/lg-sc-00da-one-quick-share-solucin-inalmbrica-para-compartir-pantalla-disponible-a-travs-de-webos-signage\/#breadcrumb"},"inLanguage":"es-MX","potentialAction":[{"@type":"ReadAction","target":["https:\/\/compuviper.mx\/tienda\/producto\/lg-sc-00da-one-quick-share-solucin-inalmbrica-para-compartir-pantalla-disponible-a-travs-de-webos-signage\/"]}]},{"@type":"BreadcrumbList","@id":"https:\/\/compuviper.mx\/tienda\/producto\/lg-sc-00da-one-quick-share-solucin-inalmbrica-para-compartir-pantalla-disponible-a-travs-de-webos-signage\/#breadcrumb","itemListElement":[{"@type":"ListItem","position":1,"name":"Inicio","item":"https:\/\/compuviper.mx\/tienda\/"},{"@type":"ListItem","position":2,"name":"Productos","item":"https:\/\/compuviper.mx\/tienda\/productos\/"},{"@type":"ListItem","position":3,"name":"Accesorios","item":"https:\/\/compuviper.mx\/tienda\/categoria-producto\/accesorios\/"},{"@type":"ListItem","position":4,"name":"Conectividad","item":"https:\/\/compuviper.mx\/tienda\/categoria-producto\/accesorios\/conectividad\/"},{"@type":"ListItem","position":5,"name":"Lg Sc-00da One: Quick Share, Soluci?n Inal?mbrica Para Compartir Pantalla Disponible A Trav?s De Webos Signage"}]},{"@type":"WebSite","@id":"https:\/\/compuviper.mx\/tienda\/#website","url":"https:\/\/compuviper.mx\/tienda\/","name":"Compuviper","description":"Proveedor de Computadoras, Laptops, Servidores, Monitores, Puntos de Venta, Teclados,   Impresoras, T\u00f3ner, C\u00e1maras de Seguridad y m\u00e1s en tu tienda en l\u00ednea","publisher":{"@id":"https:\/\/compuviper.mx\/tienda\/#organization"},"potentialAction":[{"@type":"SearchAction","target":{"@type":"EntryPoint","urlTemplate":"https:\/\/compuviper.mx\/tienda\/?s={search_term_string}"},"query-input":"required name=search_term_string"}],"inLanguage":"es-MX"},{"@type":"Organization","@id":"https:\/\/compuviper.mx\/tienda\/#organization","name":"Compuviper","url":"https:\/\/compuviper.mx\/tienda\/","logo":{"@type":"ImageObject","inLanguage":"es-MX","@id":"https:\/\/compuviper.mx\/tienda\/#\/schema\/logo\/image\/","url":"https:\/\/compuviper.mx\/tienda\/wp-content\/uploads\/2021\/08\/Logo-Compuviper-10.png","contentUrl":"https:\/\/compuviper.mx\/tienda\/wp-content\/uploads\/2021\/08\/Logo-Compuviper-10.png","width":1000,"height":500,"caption":"Compuviper"},"image":{"@id":"https:\/\/compuviper.mx\/tienda\/#\/schema\/logo\/image\/"},"sameAs":["https:\/\/www.facebook.com\/compuviper","https:\/\/www.youtube.com\/channel\/UCf73dERp9Y3cfOq7q8BhLjA?view_as=subscriber"]}]},"product_brand":"LG","product_price_amount":"1132","product_price_currency":"MXN","og_availability":"out of stock","product_availability":"out of stock","product_retailer_item_id":"SC-00DA","product_condition":"new"},"_links":{"self":[{"href":"https:\/\/compuviper.mx\/tienda\/wp-json\/wp\/v2\/product\/267854"}],"collection":[{"href":"https:\/\/compuviper.mx\/tienda\/wp-json\/wp\/v2\/product"}],"about":[{"href":"https:\/\/compuviper.mx\/tienda\/wp-json\/wp\/v2\/types\/product"}],"replies":[{"embeddable":true,"href":"https:\/\/compuviper.mx\/tienda\/wp-json\/wp\/v2\/comments?post=267854"}],"wp:featuredmedia":[{"embeddable":true,"href":"https:\/\/compuviper.mx\/tienda\/wp-json\/wp\/v2\/media\/267855"}],"wp:attachment":[{"href":"https:\/\/compuviper.mx\/tienda\/wp-json\/wp\/v2\/media?parent=267854"}],"wp:term":[{"taxonomy":"product_cat","embeddable":true,"href":"https:\/\/compuviper.mx\/tienda\/wp-json\/wp\/v2\/product_cat?post=267854"},{"taxonomy":"product_tag","embeddable":true,"href":"https:\/\/compuviper.mx\/tienda\/wp-json\/wp\/v2\/product_tag?post=267854"}],"curies":[{"name":"wp","href":"https:\/\/api.w.org\/{rel}","templated":true}]}}