{"id":267842,"date":"2026-04-25T02:16:33","date_gmt":"2026-04-25T08:16:33","guid":{"rendered":"https:\/\/compuviper.mx\/tienda\/producto\/msi-oem-geforce-rtx-5060-8g-gaming-oc-tarjeta-de-video-msi-gefiorcertx-5060-8g-gaming-oc-pcie4-x-8-8gb-gddr6-estandar-1hdmi-1xdp-dl-dvi-d-x-1gama-media-gamer\/"},"modified":"2026-04-26T00:00:42","modified_gmt":"2026-04-26T06:00:42","slug":"msi-oem-geforce-rtx-5060-8g-gaming-oc-tarjeta-de-video-msi-gefiorcertx-5060-8g-gaming-oc-pcie4-x-8-8gb-gddr6-estandar-1hdmi-1xdp-dl-dvi-d-x-1gama-media-gamer","status":"publish","type":"product","link":"https:\/\/compuviper.mx\/tienda\/producto\/msi-oem-geforce-rtx-5060-8g-gaming-oc-tarjeta-de-video-msi-gefiorcertx-5060-8g-gaming-oc-pcie4-x-8-8gb-gddr6-estandar-1hdmi-1xdp-dl-dvi-d-x-1gama-media-gamer\/","title":{"rendered":"Msi Oem Geforce Rtx 5060 8g Gaming Oc Tarjeta De Video Msi Gefiorcertx 5060 8g Gaming Oc Pcie4 X 8\/8gb\/gddr6\/estandar\/1hdmi\/1xdp\/dl-dvi-d X 1gama Media \/gamer"},"content":{"rendered":"<table class=\"descripcion\">\n<tr>\n<td>Marketing name<\/td>\n<\/tr>\n<tr>\n<td>Memory<\/td>\n<\/tr>\n<tr>\n<td>Motor de gr\u00e1ficos<\/td>\n<\/tr>\n<tr>\n<td>Norma bus<\/td>\n<\/tr>\n<tr>\n<td>Interfaz de memoria<\/td>\n<\/tr>\n<tr>\n<td>Velocidad clock n\u00facleo (mhz)<\/td>\n<\/tr>\n<tr>\n<td>Velocidad clock memoria (mhz)<\/td>\n<\/tr>\n<tr>\n<td>M\u00e1ximo de pantallas<\/td>\n<\/tr>\n<tr>\n<td>Tecnolog\u00eda g-sync<\/td>\n<\/tr>\n<tr>\n<td>Salida<\/td>\n<\/tr>\n<tr>\n<td>Soporte hdcp<\/td>\n<\/tr>\n<tr>\n<td>Consumo (w)<\/td>\n<\/tr>\n<tr>\n<td>Alimentaci\u00f3n recomendada (w)<\/td>\n<\/tr>\n<tr>\n<td>Resoluci\u00f3n m\u00e1xima digital<\/td>\n<\/tr>\n<tr>\n<td>Conectores de alimentaci\u00f3n<\/td>\n<\/tr>\n<tr>\n<td>Soporte directx versi\u00f3n<\/td>\n<\/tr>\n<tr>\n<td>Soporte opengl versi\u00f3n<\/td>\n<\/tr>\n<tr>\n<td>Dimensiones (mm)<\/td>\n<\/tr>\n<tr>\n<td>Geforce rtx 5060 8g gaming oc<\/td>\n<\/tr>\n<tr>\n<td>8gb gddr7<\/td>\n<\/tr>\n<tr>\n<td>Nvidia geforce rtx 5060<\/td>\n<\/tr>\n<tr>\n<td>Pci express gen 5 x16 pin(uses x8)<\/td>\n<\/tr>\n<tr>\n<td>128-bit<\/td>\n<\/tr>\n<tr>\n<td>Extreme performance: 2640 mhz (msi center)<\/td>\n<\/tr>\n<tr>\n<td>Boost: 2625 mhz<\/td>\n<\/tr>\n<tr>\n<td>28 gbps<\/td>\n<\/tr>\n<tr>\n<td>4<\/td>\n<\/tr>\n<tr>\n<td>Y<\/td>\n<\/tr>\n<tr>\n<td>Displayport x 3 (v2.1b)<\/td>\n<\/tr>\n<tr>\n<td>Hdmi x 1 (supports 4k@480hz hdr, 8k@120hz hdr, and variable refresh rate as specified in hdmi 2.1b)<\/td>\n<\/tr>\n<tr>\n<td>Y<\/td>\n<\/tr>\n<tr>\n<td>155 w<\/td>\n<\/tr>\n<tr>\n<td>550 w<\/td>\n<\/tr>\n<tr>\n<td>7680 x 4320<\/td>\n<\/tr>\n<tr>\n<td>8-pin x 1<\/td>\n<\/tr>\n<tr>\n<td>12 ultimate<\/td>\n<\/tr>\n<tr>\n<td>4.6<\/td>\n<\/tr>\n<tr>\n<td>248 x 135 x 41 mm<\/td>\n<\/tr>\n<\/table>\n","protected":false},"excerpt":{"rendered":"<p>Geforce rtx 5060 8g gaming oc. Sin miedo y audaz, esta gr\u00e1fica ofrece un rendimiento excepcional tanto para juegos como para la creaci\u00f3n de contenido. Combina un dise\u00f1o agresivo con tecnolog\u00edas de refrigeraci\u00f3n avanzadas, lo que lo convierte en un aliado incondicional en el campo de batalla de los videojuegos. Esta gr\u00e1fica es la elecci\u00f3n ideal para los jugadores que se esfuerzan por darlo todo. Fuerza y arte. Inspirado en el legado de msi, gaming representa la pasi\u00f3n de los gamers con un dise\u00f1o elegante que resalta con luces vibrantes, l\u00edneas audaces y bordes definidos. Arquitectura nvidia blackwell. La plataforma definitiva para gamers y creadores. Nvidia rtx 50 chip. Tensor cores de quinta generaci\u00f3n. M\u00e1ximo rendimiento de ia con fp4 y dlss 4. Nuevos multiprocesadores de streaming. Optimizados para sombreadores neuronales. N\u00facleos de ray tracing de cuarta generaci\u00f3n. Dise\u00f1ados para mega geometr\u00eda. Gr\u00e1ficos y rendimiento mejorados por ia. Nvidia dlss 4 con generaci\u00f3n de m\u00faltiples fotogramas. Receptividad para ganar en tus partidas. Nvidia reflex 2 con frame warp. Gr\u00e1ficos realistas. Full ray tracing con renderizado neuronal. Digital humans y ai assistants. Nvidia ace. Acelera tu creatividad. Herramientas y tecnolog\u00eda para creadores nvidia studio. Mejora cualquier video con ia. Nvidia broadcast y novena generaci\u00f3n de codificador nvidia. Rendimiento y fiabilidad. Aplicaci\u00f3n nvidia con drivers game ready y studio. Las tecnolog\u00edas de monitores gaming definitivas. Nvidia g-sync. Twin frozr 10. Disfruta de un enfriamiento superior y un funcionamiento m\u00e1s silencioso con el dise\u00f1o mejorado twin frozr 10 de msi, que incorpora ventiladores optimizados para maximizar la disipaci\u00f3n del calor en toda la tarjeta gr\u00e1fica. *todas las im\u00e1genes y descripciones son solo con fines ilustrativos. La representaci\u00f3n visual de los productos puede no ser completamente precisa. Endureciendo cada detalle. *todas las im\u00e1genes y descripciones son solo con fines ilustrativos. La representaci\u00f3n visual de los productos puede no ser perfectamente precisa. Panel t\u00e9rmico. Efectivo. Los paneles t\u00e9rmicos de arcilla de alta calidad ofrecen una disipaci\u00f3n adicional de calor para los componentes cr\u00edticos de la placa. Fusible. Defensas reforzadas. Fusibles adicionales integrados en la pcb personalizada proporcionan salvaguardias adicionales contra da\u00f1os el\u00e9ctricos. Drmos. Eficiencia mejorada. Las soluciones de etapa de potencia drmos proporcionan una gran eficiencia con baja p\u00e9rdida de energ\u00eda y un control de voltaje mejorado. Pad t\u00e9rmico. Efectivo. Los pads t\u00e9rmicos de arcilla de alta calidad ofrecen una disipaci\u00f3n adicional de calor para los componentes cr\u00edticos de la placa. Fusible. Defensas reforzadas. Fusibles adicionales integrados en la pcb personalizada proporcionan salvaguardias adicionales contra da\u00f1os el\u00e9ctricos. Drmos. Eficiencia mejorada. Las soluciones de etapa de potencia drmos proporcionan una gran eficiencia con baja p\u00e9rdida de energ\u00eda y un control de voltaje mejorado. Msi center. Reuni\u00e9ndolo todo. El exclusivo software msi center de msi le permite maximizar sus productos msi. Supervisa, ajusta y optimiza en tiempo real con s\u00f3lo unos clics. Una de sus funciones m\u00e1s destacadas, ai tuning, ajusta de forma inteligente tu sistema para satisfacer los requisitos orientados a la ia. Saber m\u00e1s. Afterburner. Controles de precisi\u00f3n. Potencia ilimitada. Msi afterburner es el software l\u00edder mundial en overclocking de tarjetas gr\u00e1ficas, ofreciendo control completo monitoreo del sistema en tiempo real. Es gratuito y compatible con la mayor\u00eda de las tarjetas gr\u00e1ficas. Saber m\u00e1s. Msi app player. Experiencia de juego fluida. Desarrollado bajo una asociaci\u00f3n exclusiva con bluestacks, el msi app player proporciona una experiencia de juego sin fisuras entre el juego m\u00f3vil y el pc. Geforce rtx 5060 8g gaming oc. Impulsada por la arquitectura nvidia blackwell y dlss 4. Frecuencias del n\u00facleo. Rendimiento extremo: 2640 mhz (msi center. Boost: 2625 mhz. Twin frozr 10: disfruta de una refrigeraci\u00f3n superior y un funcionamiento m\u00e1s silencioso con el dise\u00f1o mejorado de aspas de ventilador de msi. Ventiladores stormforce: sus siete aspas con textura de garra y arco circular est\u00e1n dise\u00f1adas para maximizar el flujo de aire con el m\u00ednimo ruido. Base de cobre niquelado: el calor del gpu y la memoria es capturado r\u00e1pidamente por una base de cobre niquelado y transferido con eficiencia. Core pipes cuentan con un dise\u00f1o cuadrado que maximiza el contacto con la base del gpu, asegurando una gesti\u00f3n t\u00e9rmica \u00f3ptima. Placa posterior met\u00e1lica: una placa trasera met\u00e1lica reforzada con almohadillas t\u00e9rmicas y ventilaciones de aire mejora la disipaci\u00f3n del calor. Wave-curved 3.0: se gana eficiencia adicional ajustando el tama\u00f1o de los bordes ondulados bajo el motor del ventilador y en \u00e1reas con menor flujo de aire. Msi center: el exclusivo software de msi center te permite monitorear, ajustar y optimizar productos msi en tiempo real. Afterburner el software de overclocking de tarjetas gr\u00e1ficas m\u00e1s reconocido y utilizado del mundo, ahora con control total.<\/p>\n","protected":false},"featured_media":0,"comment_status":"open","ping_status":"open","template":"","meta":[],"product_cat":[1841,1842],"product_tag":[2322],"acf":[],"yoast_head":"<!-- This site is optimized with the Yoast SEO plugin v21.7 - https:\/\/yoast.com\/wordpress\/plugins\/seo\/ -->\n<title>[ Msi Oem ] &#129351; Geforce Rtx 5060 8g Gaming Oc Tarjeta De Video Msi Gefiorcertx 5060 8g Gaming Oc Pcie4 X 8\/8gb\/gddr6\/estandar\/1hdmi\/1xdp\/dl-dvi-d X 1gama Media \/gamer<\/title>\n<meta name=\"description\" content=\"Compra Geforce Rtx 5060 8g Gaming Oc Tarjeta De Video Msi Gefiorcertx 5060 8g Gaming Oc Pcie4 X 8\/8gb\/gddr6\/estandar\/1hdmi\/1xdp\/dl-dvi-d X 1gama Media \/gamer + Env\u00edo a domicilio + Pago seguro + Garant\u00eda\" \/>\n<meta name=\"robots\" content=\"index, follow, max-snippet:-1, max-image-preview:large, max-video-preview:-1\" \/>\n<link rel=\"canonical\" href=\"https:\/\/compuviper.mx\/tienda\/producto\/msi-oem-geforce-rtx-5060-8g-gaming-oc-tarjeta-de-video-msi-gefiorcertx-5060-8g-gaming-oc-pcie4-x-8-8gb-gddr6-estandar-1hdmi-1xdp-dl-dvi-d-x-1gama-media-gamer\/\" \/>\n<meta property=\"og:locale\" content=\"es_MX\" \/>\n<meta property=\"og:type\" content=\"article\" \/>\n<meta property=\"og:title\" content=\"[ Msi Oem ] &#129351; Geforce Rtx 5060 8g Gaming Oc Tarjeta De Video Msi Gefiorcertx 5060 8g Gaming Oc Pcie4 X 8\/8gb\/gddr6\/estandar\/1hdmi\/1xdp\/dl-dvi-d X 1gama Media \/gamer\" \/>\n<meta property=\"og:description\" content=\"Compra Geforce Rtx 5060 8g Gaming Oc Tarjeta De Video Msi Gefiorcertx 5060 8g Gaming Oc Pcie4 X 8\/8gb\/gddr6\/estandar\/1hdmi\/1xdp\/dl-dvi-d X 1gama Media \/gamer + Env\u00edo a domicilio + Pago seguro + Garant\u00eda\" \/>\n<meta property=\"og:url\" content=\"https:\/\/compuviper.mx\/tienda\/producto\/msi-oem-geforce-rtx-5060-8g-gaming-oc-tarjeta-de-video-msi-gefiorcertx-5060-8g-gaming-oc-pcie4-x-8-8gb-gddr6-estandar-1hdmi-1xdp-dl-dvi-d-x-1gama-media-gamer\/\" \/>\n<meta property=\"og:site_name\" content=\"Compuviper\" \/>\n<meta property=\"article:publisher\" content=\"https:\/\/www.facebook.com\/compuviper\" \/>\n<meta property=\"article:modified_time\" content=\"2026-04-26T06:00:42+00:00\" \/>\n<meta name=\"twitter:card\" content=\"summary_large_image\" \/>\n<meta name=\"twitter:label1\" content=\"Precio\" \/>\n\t<meta name=\"twitter:data1\" content=\"&#36;6,804 con IVA\" \/>\n\t<meta name=\"twitter:label2\" content=\"Availability\" \/>\n\t<meta name=\"twitter:data2\" content=\"In stock\" \/>\n<script type=\"application\/ld+json\" class=\"yoast-schema-graph\">{\"@context\":\"https:\/\/schema.org\",\"@graph\":[{\"@type\":\"WebPage\",\"@id\":\"https:\/\/compuviper.mx\/tienda\/producto\/msi-oem-geforce-rtx-5060-8g-gaming-oc-tarjeta-de-video-msi-gefiorcertx-5060-8g-gaming-oc-pcie4-x-8-8gb-gddr6-estandar-1hdmi-1xdp-dl-dvi-d-x-1gama-media-gamer\/\",\"url\":\"https:\/\/compuviper.mx\/tienda\/producto\/msi-oem-geforce-rtx-5060-8g-gaming-oc-tarjeta-de-video-msi-gefiorcertx-5060-8g-gaming-oc-pcie4-x-8-8gb-gddr6-estandar-1hdmi-1xdp-dl-dvi-d-x-1gama-media-gamer\/\",\"name\":\"[ Msi Oem ] &#129351; Geforce Rtx 5060 8g Gaming Oc Tarjeta De Video Msi Gefiorcertx 5060 8g Gaming Oc Pcie4 X 8\/8gb\/gddr6\/estandar\/1hdmi\/1xdp\/dl-dvi-d X 1gama Media \/gamer\",\"isPartOf\":{\"@id\":\"https:\/\/compuviper.mx\/tienda\/#website\"},\"datePublished\":\"2026-04-25T08:16:33+00:00\",\"dateModified\":\"2026-04-26T06:00:42+00:00\",\"description\":\"Compra Geforce Rtx 5060 8g Gaming Oc Tarjeta De Video Msi Gefiorcertx 5060 8g Gaming Oc Pcie4 X 8\/8gb\/gddr6\/estandar\/1hdmi\/1xdp\/dl-dvi-d X 1gama Media \/gamer + Env\u00edo a domicilio + Pago seguro + Garant\u00eda\",\"breadcrumb\":{\"@id\":\"https:\/\/compuviper.mx\/tienda\/producto\/msi-oem-geforce-rtx-5060-8g-gaming-oc-tarjeta-de-video-msi-gefiorcertx-5060-8g-gaming-oc-pcie4-x-8-8gb-gddr6-estandar-1hdmi-1xdp-dl-dvi-d-x-1gama-media-gamer\/#breadcrumb\"},\"inLanguage\":\"es-MX\",\"potentialAction\":[{\"@type\":\"ReadAction\",\"target\":[\"https:\/\/compuviper.mx\/tienda\/producto\/msi-oem-geforce-rtx-5060-8g-gaming-oc-tarjeta-de-video-msi-gefiorcertx-5060-8g-gaming-oc-pcie4-x-8-8gb-gddr6-estandar-1hdmi-1xdp-dl-dvi-d-x-1gama-media-gamer\/\"]}]},{\"@type\":\"BreadcrumbList\",\"@id\":\"https:\/\/compuviper.mx\/tienda\/producto\/msi-oem-geforce-rtx-5060-8g-gaming-oc-tarjeta-de-video-msi-gefiorcertx-5060-8g-gaming-oc-pcie4-x-8-8gb-gddr6-estandar-1hdmi-1xdp-dl-dvi-d-x-1gama-media-gamer\/#breadcrumb\",\"itemListElement\":[{\"@type\":\"ListItem\",\"position\":1,\"name\":\"Inicio\",\"item\":\"https:\/\/compuviper.mx\/tienda\/\"},{\"@type\":\"ListItem\",\"position\":2,\"name\":\"Productos\",\"item\":\"https:\/\/compuviper.mx\/tienda\/productos\/\"},{\"@type\":\"ListItem\",\"position\":3,\"name\":\"Video\",\"item\":\"https:\/\/compuviper.mx\/tienda\/categoria-producto\/video\/\"},{\"@type\":\"ListItem\",\"position\":4,\"name\":\"Video\",\"item\":\"https:\/\/compuviper.mx\/tienda\/categoria-producto\/video\/video-video\/\"},{\"@type\":\"ListItem\",\"position\":5,\"name\":\"Msi Oem Geforce Rtx 5060 8g Gaming Oc Tarjeta De Video Msi Gefiorcertx 5060 8g Gaming Oc Pcie4 X 8\/8gb\/gddr6\/estandar\/1hdmi\/1xdp\/dl-dvi-d X 1gama Media \/gamer\"}]},{\"@type\":\"WebSite\",\"@id\":\"https:\/\/compuviper.mx\/tienda\/#website\",\"url\":\"https:\/\/compuviper.mx\/tienda\/\",\"name\":\"Compuviper\",\"description\":\"Proveedor de Computadoras, Laptops, Servidores, Monitores, Puntos de Venta, Teclados,   Impresoras, T\u00f3ner, C\u00e1maras de Seguridad y m\u00e1s en tu tienda en l\u00ednea\",\"publisher\":{\"@id\":\"https:\/\/compuviper.mx\/tienda\/#organization\"},\"potentialAction\":[{\"@type\":\"SearchAction\",\"target\":{\"@type\":\"EntryPoint\",\"urlTemplate\":\"https:\/\/compuviper.mx\/tienda\/?s={search_term_string}\"},\"query-input\":\"required name=search_term_string\"}],\"inLanguage\":\"es-MX\"},{\"@type\":\"Organization\",\"@id\":\"https:\/\/compuviper.mx\/tienda\/#organization\",\"name\":\"Compuviper\",\"url\":\"https:\/\/compuviper.mx\/tienda\/\",\"logo\":{\"@type\":\"ImageObject\",\"inLanguage\":\"es-MX\",\"@id\":\"https:\/\/compuviper.mx\/tienda\/#\/schema\/logo\/image\/\",\"url\":\"https:\/\/compuviper.mx\/tienda\/wp-content\/uploads\/2021\/08\/Logo-Compuviper-10.png\",\"contentUrl\":\"https:\/\/compuviper.mx\/tienda\/wp-content\/uploads\/2021\/08\/Logo-Compuviper-10.png\",\"width\":1000,\"height\":500,\"caption\":\"Compuviper\"},\"image\":{\"@id\":\"https:\/\/compuviper.mx\/tienda\/#\/schema\/logo\/image\/\"},\"sameAs\":[\"https:\/\/www.facebook.com\/compuviper\",\"https:\/\/www.youtube.com\/channel\/UCf73dERp9Y3cfOq7q8BhLjA?view_as=subscriber\"]}]}<\/script>\n<meta property=\"product:brand\" content=\"Msi Oem\" \/>\n<meta property=\"product:price:amount\" content=\"6804\" \/>\n<meta property=\"product:price:currency\" content=\"MXN\" \/>\n<meta property=\"og:availability\" content=\"instock\" \/>\n<meta property=\"product:availability\" content=\"instock\" \/>\n<meta property=\"product:retailer_item_id\" content=\"GEFORCE RTX 5060 8G GAMING OC\" \/>\n<meta property=\"product:condition\" content=\"new\" \/>\n<!-- \/ Yoast SEO plugin. -->","yoast_head_json":{"title":"[ Msi Oem ] &#129351; Geforce Rtx 5060 8g Gaming Oc Tarjeta De Video Msi Gefiorcertx 5060 8g Gaming Oc Pcie4 X 8\/8gb\/gddr6\/estandar\/1hdmi\/1xdp\/dl-dvi-d X 1gama Media \/gamer","description":"Compra Geforce Rtx 5060 8g Gaming Oc Tarjeta De Video Msi Gefiorcertx 5060 8g Gaming Oc Pcie4 X 8\/8gb\/gddr6\/estandar\/1hdmi\/1xdp\/dl-dvi-d X 1gama Media \/gamer + Env\u00edo a domicilio + Pago seguro + Garant\u00eda","robots":{"index":"index","follow":"follow","max-snippet":"max-snippet:-1","max-image-preview":"max-image-preview:large","max-video-preview":"max-video-preview:-1"},"canonical":"https:\/\/compuviper.mx\/tienda\/producto\/msi-oem-geforce-rtx-5060-8g-gaming-oc-tarjeta-de-video-msi-gefiorcertx-5060-8g-gaming-oc-pcie4-x-8-8gb-gddr6-estandar-1hdmi-1xdp-dl-dvi-d-x-1gama-media-gamer\/","og_locale":"es_MX","og_type":"article","og_title":"[ Msi Oem ] &#129351; Geforce Rtx 5060 8g Gaming Oc Tarjeta De Video Msi Gefiorcertx 5060 8g Gaming Oc Pcie4 X 8\/8gb\/gddr6\/estandar\/1hdmi\/1xdp\/dl-dvi-d X 1gama Media \/gamer","og_description":"Compra Geforce Rtx 5060 8g Gaming Oc Tarjeta De Video Msi Gefiorcertx 5060 8g Gaming Oc Pcie4 X 8\/8gb\/gddr6\/estandar\/1hdmi\/1xdp\/dl-dvi-d X 1gama Media \/gamer + Env\u00edo a domicilio + Pago seguro + Garant\u00eda","og_url":"https:\/\/compuviper.mx\/tienda\/producto\/msi-oem-geforce-rtx-5060-8g-gaming-oc-tarjeta-de-video-msi-gefiorcertx-5060-8g-gaming-oc-pcie4-x-8-8gb-gddr6-estandar-1hdmi-1xdp-dl-dvi-d-x-1gama-media-gamer\/","og_site_name":"Compuviper","article_publisher":"https:\/\/www.facebook.com\/compuviper","article_modified_time":"2026-04-26T06:00:42+00:00","twitter_card":"summary_large_image","twitter_misc":{"Precio":"&#36;6,804 con IVA","Availability":"In stock"},"schema":{"@context":"https:\/\/schema.org","@graph":[{"@type":"WebPage","@id":"https:\/\/compuviper.mx\/tienda\/producto\/msi-oem-geforce-rtx-5060-8g-gaming-oc-tarjeta-de-video-msi-gefiorcertx-5060-8g-gaming-oc-pcie4-x-8-8gb-gddr6-estandar-1hdmi-1xdp-dl-dvi-d-x-1gama-media-gamer\/","url":"https:\/\/compuviper.mx\/tienda\/producto\/msi-oem-geforce-rtx-5060-8g-gaming-oc-tarjeta-de-video-msi-gefiorcertx-5060-8g-gaming-oc-pcie4-x-8-8gb-gddr6-estandar-1hdmi-1xdp-dl-dvi-d-x-1gama-media-gamer\/","name":"[ Msi Oem ] &#129351; Geforce Rtx 5060 8g Gaming Oc Tarjeta De Video Msi Gefiorcertx 5060 8g Gaming Oc Pcie4 X 8\/8gb\/gddr6\/estandar\/1hdmi\/1xdp\/dl-dvi-d X 1gama Media \/gamer","isPartOf":{"@id":"https:\/\/compuviper.mx\/tienda\/#website"},"datePublished":"2026-04-25T08:16:33+00:00","dateModified":"2026-04-26T06:00:42+00:00","description":"Compra Geforce Rtx 5060 8g Gaming Oc Tarjeta De Video Msi Gefiorcertx 5060 8g Gaming Oc Pcie4 X 8\/8gb\/gddr6\/estandar\/1hdmi\/1xdp\/dl-dvi-d X 1gama Media \/gamer + Env\u00edo a domicilio + Pago seguro + Garant\u00eda","breadcrumb":{"@id":"https:\/\/compuviper.mx\/tienda\/producto\/msi-oem-geforce-rtx-5060-8g-gaming-oc-tarjeta-de-video-msi-gefiorcertx-5060-8g-gaming-oc-pcie4-x-8-8gb-gddr6-estandar-1hdmi-1xdp-dl-dvi-d-x-1gama-media-gamer\/#breadcrumb"},"inLanguage":"es-MX","potentialAction":[{"@type":"ReadAction","target":["https:\/\/compuviper.mx\/tienda\/producto\/msi-oem-geforce-rtx-5060-8g-gaming-oc-tarjeta-de-video-msi-gefiorcertx-5060-8g-gaming-oc-pcie4-x-8-8gb-gddr6-estandar-1hdmi-1xdp-dl-dvi-d-x-1gama-media-gamer\/"]}]},{"@type":"BreadcrumbList","@id":"https:\/\/compuviper.mx\/tienda\/producto\/msi-oem-geforce-rtx-5060-8g-gaming-oc-tarjeta-de-video-msi-gefiorcertx-5060-8g-gaming-oc-pcie4-x-8-8gb-gddr6-estandar-1hdmi-1xdp-dl-dvi-d-x-1gama-media-gamer\/#breadcrumb","itemListElement":[{"@type":"ListItem","position":1,"name":"Inicio","item":"https:\/\/compuviper.mx\/tienda\/"},{"@type":"ListItem","position":2,"name":"Productos","item":"https:\/\/compuviper.mx\/tienda\/productos\/"},{"@type":"ListItem","position":3,"name":"Video","item":"https:\/\/compuviper.mx\/tienda\/categoria-producto\/video\/"},{"@type":"ListItem","position":4,"name":"Video","item":"https:\/\/compuviper.mx\/tienda\/categoria-producto\/video\/video-video\/"},{"@type":"ListItem","position":5,"name":"Msi Oem Geforce Rtx 5060 8g Gaming Oc Tarjeta De Video Msi Gefiorcertx 5060 8g Gaming Oc Pcie4 X 8\/8gb\/gddr6\/estandar\/1hdmi\/1xdp\/dl-dvi-d X 1gama Media \/gamer"}]},{"@type":"WebSite","@id":"https:\/\/compuviper.mx\/tienda\/#website","url":"https:\/\/compuviper.mx\/tienda\/","name":"Compuviper","description":"Proveedor de Computadoras, Laptops, Servidores, Monitores, Puntos de Venta, Teclados,   Impresoras, T\u00f3ner, C\u00e1maras de Seguridad y m\u00e1s en tu tienda en l\u00ednea","publisher":{"@id":"https:\/\/compuviper.mx\/tienda\/#organization"},"potentialAction":[{"@type":"SearchAction","target":{"@type":"EntryPoint","urlTemplate":"https:\/\/compuviper.mx\/tienda\/?s={search_term_string}"},"query-input":"required name=search_term_string"}],"inLanguage":"es-MX"},{"@type":"Organization","@id":"https:\/\/compuviper.mx\/tienda\/#organization","name":"Compuviper","url":"https:\/\/compuviper.mx\/tienda\/","logo":{"@type":"ImageObject","inLanguage":"es-MX","@id":"https:\/\/compuviper.mx\/tienda\/#\/schema\/logo\/image\/","url":"https:\/\/compuviper.mx\/tienda\/wp-content\/uploads\/2021\/08\/Logo-Compuviper-10.png","contentUrl":"https:\/\/compuviper.mx\/tienda\/wp-content\/uploads\/2021\/08\/Logo-Compuviper-10.png","width":1000,"height":500,"caption":"Compuviper"},"image":{"@id":"https:\/\/compuviper.mx\/tienda\/#\/schema\/logo\/image\/"},"sameAs":["https:\/\/www.facebook.com\/compuviper","https:\/\/www.youtube.com\/channel\/UCf73dERp9Y3cfOq7q8BhLjA?view_as=subscriber"]}]},"product_brand":"Msi Oem","product_price_amount":"6804","product_price_currency":"MXN","og_availability":"instock","product_availability":"instock","product_retailer_item_id":"GEFORCE RTX 5060 8G GAMING OC","product_condition":"new"},"_links":{"self":[{"href":"https:\/\/compuviper.mx\/tienda\/wp-json\/wp\/v2\/product\/267842"}],"collection":[{"href":"https:\/\/compuviper.mx\/tienda\/wp-json\/wp\/v2\/product"}],"about":[{"href":"https:\/\/compuviper.mx\/tienda\/wp-json\/wp\/v2\/types\/product"}],"replies":[{"embeddable":true,"href":"https:\/\/compuviper.mx\/tienda\/wp-json\/wp\/v2\/comments?post=267842"}],"wp:attachment":[{"href":"https:\/\/compuviper.mx\/tienda\/wp-json\/wp\/v2\/media?parent=267842"}],"wp:term":[{"taxonomy":"product_cat","embeddable":true,"href":"https:\/\/compuviper.mx\/tienda\/wp-json\/wp\/v2\/product_cat?post=267842"},{"taxonomy":"product_tag","embeddable":true,"href":"https:\/\/compuviper.mx\/tienda\/wp-json\/wp\/v2\/product_tag?post=267842"}],"curies":[{"name":"wp","href":"https:\/\/api.w.org\/{rel}","templated":true}]}}