{"id":267841,"date":"2026-04-25T02:16:31","date_gmt":"2026-04-25T08:16:31","guid":{"rendered":"https:\/\/compuviper.mx\/tienda\/producto\/msi-oem-geforce-rtx-5060-8g-ventus-2x-oc-white-tarjeta-de-video-msi-gefiorce-rtx-5060-8g-ventus-2x-oc-white-pcie4-x-8-8gb-gddr6-estandar-1hdmi-1xdp-dl-dvi-d-x-1gama-media-gamer\/"},"modified":"2026-04-26T00:00:42","modified_gmt":"2026-04-26T06:00:42","slug":"msi-oem-geforce-rtx-5060-8g-ventus-2x-oc-white-tarjeta-de-video-msi-gefiorce-rtx-5060-8g-ventus-2x-oc-white-pcie4-x-8-8gb-gddr6-estandar-1hdmi-1xdp-dl-dvi-d-x-1gama-media-gamer","status":"publish","type":"product","link":"https:\/\/compuviper.mx\/tienda\/producto\/msi-oem-geforce-rtx-5060-8g-ventus-2x-oc-white-tarjeta-de-video-msi-gefiorce-rtx-5060-8g-ventus-2x-oc-white-pcie4-x-8-8gb-gddr6-estandar-1hdmi-1xdp-dl-dvi-d-x-1gama-media-gamer\/","title":{"rendered":"Msi Oem Geforce Rtx 5060 8g Ventus 2x Oc White Tarjeta De Video Msi Gefiorce Rtx 5060 8g Ventus 2x Oc White Pcie4 X 8\/8gb\/gddr6\/estandar\/1hdmi\/1xdp\/dl-dvi-d X 1gama Media \/gamer"},"content":{"rendered":"<table class=\"descripcion\">\n<tr>\n<td>Marketing name<\/td>\n<\/tr>\n<tr>\n<td>Model name<\/td>\n<\/tr>\n<tr>\n<td>Cores<\/td>\n<\/tr>\n<tr>\n<td>Memory<\/td>\n<\/tr>\n<tr>\n<td>Memory bus<\/td>\n<\/tr>\n<tr>\n<td>Power connectors<\/td>\n<\/tr>\n<tr>\n<td>Recommended psu<\/td>\n<\/tr>\n<tr>\n<td>Motor gr\u00e1fico<\/td>\n<\/tr>\n<tr>\n<td>Bus standard<\/td>\n<\/tr>\n<tr>\n<td>Card dimension (mm)<\/td>\n<\/tr>\n<tr>\n<td>Directx version support<\/td>\n<\/tr>\n<tr>\n<td>Reloj de n\u00facleo<\/td>\n<\/tr>\n<tr>\n<td>Velocidad de memoria<\/td>\n<\/tr>\n<tr>\n<td>Maximum displays<\/td>\n<\/tr>\n<tr>\n<td>G-sync technology<\/td>\n<\/tr>\n<tr>\n<td>Output<\/td>\n<\/tr>\n<tr>\n<td>Soporte hdcp<\/td>\n<\/tr>\n<tr>\n<td>Power consumption (w)<\/td>\n<\/tr>\n<tr>\n<td>Digital maximum resolution<\/td>\n<\/tr>\n<tr>\n<td>Versi\u00f3n soportada de opengl<\/td>\n<\/tr>\n<tr>\n<td>Peso<\/td>\n<\/tr>\n<tr>\n<td>Geforce rtx 5060 8g ventus 2x white<\/td>\n<\/tr>\n<tr>\n<td>G5060-8v2w<\/td>\n<\/tr>\n<tr>\n<td>3840 units<\/td>\n<\/tr>\n<tr>\n<td>8gb gddr7<\/td>\n<\/tr>\n<tr>\n<td>128-bit<\/td>\n<\/tr>\n<tr>\n<td>8-pin x1<\/td>\n<\/tr>\n<tr>\n<td>550 w<\/td>\n<\/tr>\n<tr>\n<td>Nvidia geforce rtx 5060<\/td>\n<\/tr>\n<tr>\n<td>Pci express gen 5 x16 (uses x8)<\/td>\n<\/tr>\n<tr>\n<td>197 x 120 x 41 mm<\/td>\n<\/tr>\n<tr>\n<td>12 ultimate<\/td>\n<\/tr>\n<tr>\n<td>Extreme performance: 2512 mhz (msi center)<\/td>\n<\/tr>\n<tr>\n<td>Boost: 2497 mhz<\/td>\n<\/tr>\n<tr>\n<td>28 gbps<\/td>\n<\/tr>\n<tr>\n<td>4<\/td>\n<\/tr>\n<tr>\n<td>Y<\/td>\n<\/tr>\n<tr>\n<td>Displayport x 3 (v2.1b)<\/td>\n<\/tr>\n<tr>\n<td>Hdmi x 1 (as specified in hdmi\u0099 2.1b: up to 4k 480hz or 8k 120hz with dsc, gaming vrr, hdr)<\/td>\n<\/tr>\n<tr>\n<td>Y<\/td>\n<\/tr>\n<tr>\n<td>145 w<\/td>\n<\/tr>\n<tr>\n<td>7680 x 4320<\/td>\n<\/tr>\n<tr>\n<td>4.6<\/td>\n<\/tr>\n<tr>\n<td>511 g \/ 829 g<\/td>\n<\/tr>\n<\/table>\n","protected":false},"excerpt":{"rendered":"<p>Geforce rtx 5060 8g ventus 2x white. Msi ventus 2x title white. Msi ventus 2x 8g white. Msi ventues bg. Los esenciales. Ventus se centra en lo esencial para afrontar cualquier reto. Su eficiente soluci\u00f3n t\u00e9rmica est\u00e1 integrada en una caja resistente de est\u00e9tica neutra, lo que permite que esta elegante tarjeta gr\u00e1fica se integre a la perfecci\u00f3n en cualquier dise\u00f1o. Arquitectura nvidia blackwell. La plataforma definitiva para gamers y creadores. Nvidia rtx 50 chip. Tensor cores de quinta generaci\u00f3n. M\u00e1ximo rendimiento de ia con fp4 y dlss 4. Nuevos multiprocesadores de streaming. Optimizados para shaders neuronales. N\u00facleos de trazado de rayos de cuarta generaci\u00f3n. Dise\u00f1ados para mega geometr\u00eda. Gr\u00e1ficos y rendimiento mejorados por ia. Nvidia dlss 4 con generaci\u00f3n de m\u00faltiples fotogramas. Receptividad para ganar en tus partidas. Nvidia reflex 2 con frame warp. Gr\u00e1ficos realistas. Trazado de rayos completo con renderizado neuronal. Digital humans y ai assistants. Nvidia ace. Acelera tu creatividad. Herramientas y tecnolog\u00eda para creadores nvidia studio. Mejora cualquier video con ia. Nvidia broadcast y novena generaci\u00f3n de codificador nvidia. Rendimiento y fiabilidad. Aplicaci\u00f3n nvidia con drivers game ready y studio. Las tecnolog\u00edas de monitores gaming definitivas. Nvidia g-sync. Dise\u00f1o t\u00e9rmico de doble ventilador. Dos ventiladores en un gran disipador t\u00e9rmico garantizan un gran rendimiento de refrigeraci\u00f3n con una experiencia m\u00e1s silenciosa. Torx fan 5.0. Msi torx fan 5.0. Heat pipes. Msi ventus heat pipes. Backplate. Msi ventus backplate. Zero frozr. Msi zero frozr. *all images and descriptions are for illustrative purposes only. Visual representation of the products may not be perfectly accurate. Reforzando cada detalle. *todas las im\u00e1genes y descripciones son meramente ilustrativas. La representaci\u00f3n visual de los productos puede no ser perfectamente exacta. Almohadillas. T\u00e9rmicas eficientes. Las almohadillas t\u00e9rmicas de arcilla de alta calidad ofrecen una disipaci\u00f3n t\u00e9rmica adicional para los componentes cr\u00edticos de la placa. Fusibles. Reforzados. Los fusibles adicionales incorporados en la pcb personalizada proporcionan salvaguardas adicionales contra da\u00f1os el\u00e9ctricos. Drmos. Mayor eficiencia. Las soluciones de etapas de potencia drmos ofrecen una gran eficacia con bajas p\u00e9rdidas de potencia y controles de tensi\u00f3n mejorados. Almohadillas. T\u00e9rmicas eficientes. Las almohadillas t\u00e9rmicas de arcilla de alta calidad ofrecen una disipaci\u00f3n t\u00e9rmica adicional para los componentes cr\u00edticos de la placa. Fusibles. Reforzados. Los fusibles adicionales incorporados en la pcb personalizada proporcionan salvaguardas adicionales contra da\u00f1os el\u00e9ctricos. Drmos. Mayor eficacia. Las soluciones de etapas de potencia drmos proporcionan una gran eficiencia con bajas p\u00e9rdidas de potencia y controles de tensi\u00f3n mejorados. Msi center. Todo en uno. El software exclusivo msi center de msi te permite maximizar tus productos msi. Supervise, ajustar y optimizar en tiempo real con s\u00f3lo unos clics. Una de sus caracter\u00edsticas m\u00e1s destacadas, ai tuning, ajusta de forma inteligente su sistema para satisfacer los requisitos orientados a la ia. Saber m\u00e1s. Afterburner. Controles precisos. Potencia ilimitada. Msi afterburner es el software de overclocking de tarjetas gr\u00e1ficas l\u00edder en el mundo, que ofrece control total y monitorizaci\u00f3n del sistema en tiempo real. Es gratuito y compatible con la mayor\u00eda de tarjetas gr\u00e1ficas. Saber m\u00e1s. Msi app player. Experiencia gaming sin interrupciones. Desarrollado bajo una asociaci\u00f3n exclusiva con bluestacks, el msi app player proporciona una experiencia de juego sin interrupciones entre los juegos de m\u00f3vil y el pc. Saber m\u00e1s. Geforce rtx 5060 8g ventus 2x white. Impulsado por la arquitectura nvidia blackwell y dlss 4. Frecuencias del n\u00facleo. Rendimiento extremo: 2512 mhz (msi center. Boost: 2497 mhz. Torx fan 5.0: las aspas del ventilador unidas por arcos circulares trabajan para estabilizar y mantener un flujo de aire de alta presi\u00f3n. Heat pipes: dise\u00f1adas para una transferencia de calor eficiente, las heat pipes extraen eficazmente la energ\u00eda t\u00e9rmica de la gpu, mejorando el rendimiento general de refrigeraci\u00f3n. Placa trasera reforzada: la placa trasera reforzada cuenta con una rejilla de ventilaci\u00f3n que permite que el aire caliente escape directamente. Msi center: el software exclusivo msi center te permite monitorizar, ajustar y optimizar los productos msi en tiempo real. Afterburner: el software afterburner te da el control total con el software de overclocking de tarjetas gr\u00e1ficas m\u00e1s reconocido y utilizado del mundo<\/p>\n","protected":false},"featured_media":0,"comment_status":"open","ping_status":"open","template":"","meta":[],"product_cat":[1841,1842],"product_tag":[2322],"acf":[],"yoast_head":"<!-- This site is optimized with the Yoast SEO plugin v21.7 - https:\/\/yoast.com\/wordpress\/plugins\/seo\/ -->\n<title>[ Msi Oem ] &#129351; Geforce Rtx 5060 8g Ventus 2x Oc White Tarjeta De Video Msi Gefiorce Rtx 5060 8g Ventus 2x Oc White Pcie4 X 8\/8gb\/gddr6\/estandar\/1hdmi\/1xdp\/dl-dvi-d X 1gama Media \/gamer<\/title>\n<meta name=\"description\" content=\"Compra Geforce Rtx 5060 8g Ventus 2x Oc White Tarjeta De Video Msi Gefiorce Rtx 5060 8g Ventus 2x Oc White Pcie4 X 8\/8gb\/gddr6\/estandar\/1hdmi\/1xdp\/dl-dvi-d X 1gama Media \/gamer + Env\u00edo a domicilio + Pago seguro + Garant\u00eda\" \/>\n<meta name=\"robots\" content=\"index, follow, max-snippet:-1, max-image-preview:large, max-video-preview:-1\" \/>\n<link rel=\"canonical\" href=\"https:\/\/compuviper.mx\/tienda\/producto\/msi-oem-geforce-rtx-5060-8g-ventus-2x-oc-white-tarjeta-de-video-msi-gefiorce-rtx-5060-8g-ventus-2x-oc-white-pcie4-x-8-8gb-gddr6-estandar-1hdmi-1xdp-dl-dvi-d-x-1gama-media-gamer\/\" \/>\n<meta property=\"og:locale\" content=\"es_MX\" \/>\n<meta property=\"og:type\" content=\"article\" \/>\n<meta property=\"og:title\" content=\"[ Msi Oem ] &#129351; Geforce Rtx 5060 8g Ventus 2x Oc White Tarjeta De Video Msi Gefiorce Rtx 5060 8g Ventus 2x Oc White Pcie4 X 8\/8gb\/gddr6\/estandar\/1hdmi\/1xdp\/dl-dvi-d X 1gama Media \/gamer\" \/>\n<meta property=\"og:description\" content=\"Compra Geforce Rtx 5060 8g Ventus 2x Oc White Tarjeta De Video Msi Gefiorce Rtx 5060 8g Ventus 2x Oc White Pcie4 X 8\/8gb\/gddr6\/estandar\/1hdmi\/1xdp\/dl-dvi-d X 1gama Media \/gamer + Env\u00edo a domicilio + Pago seguro + Garant\u00eda\" \/>\n<meta property=\"og:url\" content=\"https:\/\/compuviper.mx\/tienda\/producto\/msi-oem-geforce-rtx-5060-8g-ventus-2x-oc-white-tarjeta-de-video-msi-gefiorce-rtx-5060-8g-ventus-2x-oc-white-pcie4-x-8-8gb-gddr6-estandar-1hdmi-1xdp-dl-dvi-d-x-1gama-media-gamer\/\" \/>\n<meta property=\"og:site_name\" content=\"Compuviper\" \/>\n<meta property=\"article:publisher\" content=\"https:\/\/www.facebook.com\/compuviper\" \/>\n<meta property=\"article:modified_time\" content=\"2026-04-26T06:00:42+00:00\" \/>\n<meta name=\"twitter:card\" content=\"summary_large_image\" \/>\n<meta name=\"twitter:label1\" content=\"Precio\" \/>\n\t<meta name=\"twitter:data1\" content=\"&#36;6,225 con IVA\" \/>\n\t<meta name=\"twitter:label2\" content=\"Availability\" \/>\n\t<meta name=\"twitter:data2\" content=\"In stock\" \/>\n<script type=\"application\/ld+json\" class=\"yoast-schema-graph\">{\"@context\":\"https:\/\/schema.org\",\"@graph\":[{\"@type\":\"WebPage\",\"@id\":\"https:\/\/compuviper.mx\/tienda\/producto\/msi-oem-geforce-rtx-5060-8g-ventus-2x-oc-white-tarjeta-de-video-msi-gefiorce-rtx-5060-8g-ventus-2x-oc-white-pcie4-x-8-8gb-gddr6-estandar-1hdmi-1xdp-dl-dvi-d-x-1gama-media-gamer\/\",\"url\":\"https:\/\/compuviper.mx\/tienda\/producto\/msi-oem-geforce-rtx-5060-8g-ventus-2x-oc-white-tarjeta-de-video-msi-gefiorce-rtx-5060-8g-ventus-2x-oc-white-pcie4-x-8-8gb-gddr6-estandar-1hdmi-1xdp-dl-dvi-d-x-1gama-media-gamer\/\",\"name\":\"[ Msi Oem ] &#129351; Geforce Rtx 5060 8g Ventus 2x Oc White Tarjeta De Video Msi Gefiorce Rtx 5060 8g Ventus 2x Oc White Pcie4 X 8\/8gb\/gddr6\/estandar\/1hdmi\/1xdp\/dl-dvi-d X 1gama Media \/gamer\",\"isPartOf\":{\"@id\":\"https:\/\/compuviper.mx\/tienda\/#website\"},\"datePublished\":\"2026-04-25T08:16:31+00:00\",\"dateModified\":\"2026-04-26T06:00:42+00:00\",\"description\":\"Compra Geforce Rtx 5060 8g Ventus 2x Oc White Tarjeta De Video Msi Gefiorce Rtx 5060 8g Ventus 2x Oc White Pcie4 X 8\/8gb\/gddr6\/estandar\/1hdmi\/1xdp\/dl-dvi-d X 1gama Media \/gamer + Env\u00edo a domicilio + Pago seguro + Garant\u00eda\",\"breadcrumb\":{\"@id\":\"https:\/\/compuviper.mx\/tienda\/producto\/msi-oem-geforce-rtx-5060-8g-ventus-2x-oc-white-tarjeta-de-video-msi-gefiorce-rtx-5060-8g-ventus-2x-oc-white-pcie4-x-8-8gb-gddr6-estandar-1hdmi-1xdp-dl-dvi-d-x-1gama-media-gamer\/#breadcrumb\"},\"inLanguage\":\"es-MX\",\"potentialAction\":[{\"@type\":\"ReadAction\",\"target\":[\"https:\/\/compuviper.mx\/tienda\/producto\/msi-oem-geforce-rtx-5060-8g-ventus-2x-oc-white-tarjeta-de-video-msi-gefiorce-rtx-5060-8g-ventus-2x-oc-white-pcie4-x-8-8gb-gddr6-estandar-1hdmi-1xdp-dl-dvi-d-x-1gama-media-gamer\/\"]}]},{\"@type\":\"BreadcrumbList\",\"@id\":\"https:\/\/compuviper.mx\/tienda\/producto\/msi-oem-geforce-rtx-5060-8g-ventus-2x-oc-white-tarjeta-de-video-msi-gefiorce-rtx-5060-8g-ventus-2x-oc-white-pcie4-x-8-8gb-gddr6-estandar-1hdmi-1xdp-dl-dvi-d-x-1gama-media-gamer\/#breadcrumb\",\"itemListElement\":[{\"@type\":\"ListItem\",\"position\":1,\"name\":\"Inicio\",\"item\":\"https:\/\/compuviper.mx\/tienda\/\"},{\"@type\":\"ListItem\",\"position\":2,\"name\":\"Productos\",\"item\":\"https:\/\/compuviper.mx\/tienda\/productos\/\"},{\"@type\":\"ListItem\",\"position\":3,\"name\":\"Video\",\"item\":\"https:\/\/compuviper.mx\/tienda\/categoria-producto\/video\/\"},{\"@type\":\"ListItem\",\"position\":4,\"name\":\"Video\",\"item\":\"https:\/\/compuviper.mx\/tienda\/categoria-producto\/video\/video-video\/\"},{\"@type\":\"ListItem\",\"position\":5,\"name\":\"Msi Oem Geforce Rtx 5060 8g Ventus 2x Oc White Tarjeta De Video Msi Gefiorce Rtx 5060 8g Ventus 2x Oc White Pcie4 X 8\/8gb\/gddr6\/estandar\/1hdmi\/1xdp\/dl-dvi-d X 1gama Media \/gamer\"}]},{\"@type\":\"WebSite\",\"@id\":\"https:\/\/compuviper.mx\/tienda\/#website\",\"url\":\"https:\/\/compuviper.mx\/tienda\/\",\"name\":\"Compuviper\",\"description\":\"Proveedor de Computadoras, Laptops, Servidores, Monitores, Puntos de Venta, Teclados,   Impresoras, T\u00f3ner, C\u00e1maras de Seguridad y m\u00e1s en tu tienda en l\u00ednea\",\"publisher\":{\"@id\":\"https:\/\/compuviper.mx\/tienda\/#organization\"},\"potentialAction\":[{\"@type\":\"SearchAction\",\"target\":{\"@type\":\"EntryPoint\",\"urlTemplate\":\"https:\/\/compuviper.mx\/tienda\/?s={search_term_string}\"},\"query-input\":\"required name=search_term_string\"}],\"inLanguage\":\"es-MX\"},{\"@type\":\"Organization\",\"@id\":\"https:\/\/compuviper.mx\/tienda\/#organization\",\"name\":\"Compuviper\",\"url\":\"https:\/\/compuviper.mx\/tienda\/\",\"logo\":{\"@type\":\"ImageObject\",\"inLanguage\":\"es-MX\",\"@id\":\"https:\/\/compuviper.mx\/tienda\/#\/schema\/logo\/image\/\",\"url\":\"https:\/\/compuviper.mx\/tienda\/wp-content\/uploads\/2021\/08\/Logo-Compuviper-10.png\",\"contentUrl\":\"https:\/\/compuviper.mx\/tienda\/wp-content\/uploads\/2021\/08\/Logo-Compuviper-10.png\",\"width\":1000,\"height\":500,\"caption\":\"Compuviper\"},\"image\":{\"@id\":\"https:\/\/compuviper.mx\/tienda\/#\/schema\/logo\/image\/\"},\"sameAs\":[\"https:\/\/www.facebook.com\/compuviper\",\"https:\/\/www.youtube.com\/channel\/UCf73dERp9Y3cfOq7q8BhLjA?view_as=subscriber\"]}]}<\/script>\n<meta property=\"product:brand\" content=\"Msi Oem\" \/>\n<meta property=\"product:price:amount\" content=\"6225\" \/>\n<meta property=\"product:price:currency\" content=\"MXN\" \/>\n<meta property=\"og:availability\" content=\"instock\" \/>\n<meta property=\"product:availability\" content=\"instock\" \/>\n<meta property=\"product:retailer_item_id\" content=\"GEFORCE RTX 5060 8G VENTUS 2X OC WHITE\" \/>\n<meta property=\"product:condition\" content=\"new\" \/>\n<!-- \/ Yoast SEO plugin. -->","yoast_head_json":{"title":"[ Msi Oem ] &#129351; Geforce Rtx 5060 8g Ventus 2x Oc White Tarjeta De Video Msi Gefiorce Rtx 5060 8g Ventus 2x Oc White Pcie4 X 8\/8gb\/gddr6\/estandar\/1hdmi\/1xdp\/dl-dvi-d X 1gama Media \/gamer","description":"Compra Geforce Rtx 5060 8g Ventus 2x Oc White Tarjeta De Video Msi Gefiorce Rtx 5060 8g Ventus 2x Oc White Pcie4 X 8\/8gb\/gddr6\/estandar\/1hdmi\/1xdp\/dl-dvi-d X 1gama Media \/gamer + Env\u00edo a domicilio + Pago seguro + Garant\u00eda","robots":{"index":"index","follow":"follow","max-snippet":"max-snippet:-1","max-image-preview":"max-image-preview:large","max-video-preview":"max-video-preview:-1"},"canonical":"https:\/\/compuviper.mx\/tienda\/producto\/msi-oem-geforce-rtx-5060-8g-ventus-2x-oc-white-tarjeta-de-video-msi-gefiorce-rtx-5060-8g-ventus-2x-oc-white-pcie4-x-8-8gb-gddr6-estandar-1hdmi-1xdp-dl-dvi-d-x-1gama-media-gamer\/","og_locale":"es_MX","og_type":"article","og_title":"[ Msi Oem ] &#129351; Geforce Rtx 5060 8g Ventus 2x Oc White Tarjeta De Video Msi Gefiorce Rtx 5060 8g Ventus 2x Oc White Pcie4 X 8\/8gb\/gddr6\/estandar\/1hdmi\/1xdp\/dl-dvi-d X 1gama Media \/gamer","og_description":"Compra Geforce Rtx 5060 8g Ventus 2x Oc White Tarjeta De Video Msi Gefiorce Rtx 5060 8g Ventus 2x Oc White Pcie4 X 8\/8gb\/gddr6\/estandar\/1hdmi\/1xdp\/dl-dvi-d X 1gama Media \/gamer + Env\u00edo a domicilio + Pago seguro + Garant\u00eda","og_url":"https:\/\/compuviper.mx\/tienda\/producto\/msi-oem-geforce-rtx-5060-8g-ventus-2x-oc-white-tarjeta-de-video-msi-gefiorce-rtx-5060-8g-ventus-2x-oc-white-pcie4-x-8-8gb-gddr6-estandar-1hdmi-1xdp-dl-dvi-d-x-1gama-media-gamer\/","og_site_name":"Compuviper","article_publisher":"https:\/\/www.facebook.com\/compuviper","article_modified_time":"2026-04-26T06:00:42+00:00","twitter_card":"summary_large_image","twitter_misc":{"Precio":"&#36;6,225 con IVA","Availability":"In stock"},"schema":{"@context":"https:\/\/schema.org","@graph":[{"@type":"WebPage","@id":"https:\/\/compuviper.mx\/tienda\/producto\/msi-oem-geforce-rtx-5060-8g-ventus-2x-oc-white-tarjeta-de-video-msi-gefiorce-rtx-5060-8g-ventus-2x-oc-white-pcie4-x-8-8gb-gddr6-estandar-1hdmi-1xdp-dl-dvi-d-x-1gama-media-gamer\/","url":"https:\/\/compuviper.mx\/tienda\/producto\/msi-oem-geforce-rtx-5060-8g-ventus-2x-oc-white-tarjeta-de-video-msi-gefiorce-rtx-5060-8g-ventus-2x-oc-white-pcie4-x-8-8gb-gddr6-estandar-1hdmi-1xdp-dl-dvi-d-x-1gama-media-gamer\/","name":"[ Msi Oem ] &#129351; Geforce Rtx 5060 8g Ventus 2x Oc White Tarjeta De Video Msi Gefiorce Rtx 5060 8g Ventus 2x Oc White Pcie4 X 8\/8gb\/gddr6\/estandar\/1hdmi\/1xdp\/dl-dvi-d X 1gama Media \/gamer","isPartOf":{"@id":"https:\/\/compuviper.mx\/tienda\/#website"},"datePublished":"2026-04-25T08:16:31+00:00","dateModified":"2026-04-26T06:00:42+00:00","description":"Compra Geforce Rtx 5060 8g Ventus 2x Oc White Tarjeta De Video Msi Gefiorce Rtx 5060 8g Ventus 2x Oc White Pcie4 X 8\/8gb\/gddr6\/estandar\/1hdmi\/1xdp\/dl-dvi-d X 1gama Media \/gamer + Env\u00edo a domicilio + Pago seguro + Garant\u00eda","breadcrumb":{"@id":"https:\/\/compuviper.mx\/tienda\/producto\/msi-oem-geforce-rtx-5060-8g-ventus-2x-oc-white-tarjeta-de-video-msi-gefiorce-rtx-5060-8g-ventus-2x-oc-white-pcie4-x-8-8gb-gddr6-estandar-1hdmi-1xdp-dl-dvi-d-x-1gama-media-gamer\/#breadcrumb"},"inLanguage":"es-MX","potentialAction":[{"@type":"ReadAction","target":["https:\/\/compuviper.mx\/tienda\/producto\/msi-oem-geforce-rtx-5060-8g-ventus-2x-oc-white-tarjeta-de-video-msi-gefiorce-rtx-5060-8g-ventus-2x-oc-white-pcie4-x-8-8gb-gddr6-estandar-1hdmi-1xdp-dl-dvi-d-x-1gama-media-gamer\/"]}]},{"@type":"BreadcrumbList","@id":"https:\/\/compuviper.mx\/tienda\/producto\/msi-oem-geforce-rtx-5060-8g-ventus-2x-oc-white-tarjeta-de-video-msi-gefiorce-rtx-5060-8g-ventus-2x-oc-white-pcie4-x-8-8gb-gddr6-estandar-1hdmi-1xdp-dl-dvi-d-x-1gama-media-gamer\/#breadcrumb","itemListElement":[{"@type":"ListItem","position":1,"name":"Inicio","item":"https:\/\/compuviper.mx\/tienda\/"},{"@type":"ListItem","position":2,"name":"Productos","item":"https:\/\/compuviper.mx\/tienda\/productos\/"},{"@type":"ListItem","position":3,"name":"Video","item":"https:\/\/compuviper.mx\/tienda\/categoria-producto\/video\/"},{"@type":"ListItem","position":4,"name":"Video","item":"https:\/\/compuviper.mx\/tienda\/categoria-producto\/video\/video-video\/"},{"@type":"ListItem","position":5,"name":"Msi Oem Geforce Rtx 5060 8g Ventus 2x Oc White Tarjeta De Video Msi Gefiorce Rtx 5060 8g Ventus 2x Oc White Pcie4 X 8\/8gb\/gddr6\/estandar\/1hdmi\/1xdp\/dl-dvi-d X 1gama Media \/gamer"}]},{"@type":"WebSite","@id":"https:\/\/compuviper.mx\/tienda\/#website","url":"https:\/\/compuviper.mx\/tienda\/","name":"Compuviper","description":"Proveedor de Computadoras, Laptops, Servidores, Monitores, Puntos de Venta, Teclados,   Impresoras, T\u00f3ner, C\u00e1maras de Seguridad y m\u00e1s en tu tienda en l\u00ednea","publisher":{"@id":"https:\/\/compuviper.mx\/tienda\/#organization"},"potentialAction":[{"@type":"SearchAction","target":{"@type":"EntryPoint","urlTemplate":"https:\/\/compuviper.mx\/tienda\/?s={search_term_string}"},"query-input":"required name=search_term_string"}],"inLanguage":"es-MX"},{"@type":"Organization","@id":"https:\/\/compuviper.mx\/tienda\/#organization","name":"Compuviper","url":"https:\/\/compuviper.mx\/tienda\/","logo":{"@type":"ImageObject","inLanguage":"es-MX","@id":"https:\/\/compuviper.mx\/tienda\/#\/schema\/logo\/image\/","url":"https:\/\/compuviper.mx\/tienda\/wp-content\/uploads\/2021\/08\/Logo-Compuviper-10.png","contentUrl":"https:\/\/compuviper.mx\/tienda\/wp-content\/uploads\/2021\/08\/Logo-Compuviper-10.png","width":1000,"height":500,"caption":"Compuviper"},"image":{"@id":"https:\/\/compuviper.mx\/tienda\/#\/schema\/logo\/image\/"},"sameAs":["https:\/\/www.facebook.com\/compuviper","https:\/\/www.youtube.com\/channel\/UCf73dERp9Y3cfOq7q8BhLjA?view_as=subscriber"]}]},"product_brand":"Msi Oem","product_price_amount":"6225","product_price_currency":"MXN","og_availability":"instock","product_availability":"instock","product_retailer_item_id":"GEFORCE RTX 5060 8G VENTUS 2X OC WHITE","product_condition":"new"},"_links":{"self":[{"href":"https:\/\/compuviper.mx\/tienda\/wp-json\/wp\/v2\/product\/267841"}],"collection":[{"href":"https:\/\/compuviper.mx\/tienda\/wp-json\/wp\/v2\/product"}],"about":[{"href":"https:\/\/compuviper.mx\/tienda\/wp-json\/wp\/v2\/types\/product"}],"replies":[{"embeddable":true,"href":"https:\/\/compuviper.mx\/tienda\/wp-json\/wp\/v2\/comments?post=267841"}],"wp:attachment":[{"href":"https:\/\/compuviper.mx\/tienda\/wp-json\/wp\/v2\/media?parent=267841"}],"wp:term":[{"taxonomy":"product_cat","embeddable":true,"href":"https:\/\/compuviper.mx\/tienda\/wp-json\/wp\/v2\/product_cat?post=267841"},{"taxonomy":"product_tag","embeddable":true,"href":"https:\/\/compuviper.mx\/tienda\/wp-json\/wp\/v2\/product_tag?post=267841"}],"curies":[{"name":"wp","href":"https:\/\/api.w.org\/{rel}","templated":true}]}}